{"id":2411,"date":"2026-04-24T06:30:17","date_gmt":"2026-04-24T06:30:17","guid":{"rendered":"https:\/\/www.zmsh-semitech.com\/?post_type=product&#038;p=2411"},"modified":"2026-04-24T06:30:19","modified_gmt":"2026-04-24T06:30:19","slug":"cvd-silicon-carbide-sic-electrode-for-semiconductor-plasma-systems","status":"publish","type":"product","link":"https:\/\/www.zmsh-semitech.com\/pt\/product\/cvd-silicon-carbide-sic-electrode-for-semiconductor-plasma-systems\/","title":{"rendered":"El\u00e9trodo de carboneto de sil\u00edcio (SiC) CVD para sistemas de plasma de semicondutores"},"content":{"rendered":"<p data-start=\"231\" data-end=\"634\">O el\u00e9trodo de SiC (el\u00e9trodo de carboneto de sil\u00edcio) \u00e9 um componente de elevado desempenho concebido para sistemas avan\u00e7ados de processamento de plasma de semicondutores, incluindo equipamento de grava\u00e7\u00e3o, deposi\u00e7\u00e3o e tratamento de superf\u00edcies. Em compara\u00e7\u00e3o com os el\u00e9ctrodos de sil\u00edcio tradicionais, os el\u00e9ctrodos de SiC o<img fetchpriority=\"high\" decoding=\"async\" class=\"alignright wp-image-2414 size-medium\" src=\"https:\/\/www.zmsh-semitech.com\/wp-content\/uploads\/2026\/04\/CVD-Silicon-Carbide-SiC-Electrode-for-Semiconductor-Plasma-Systems-1-300x300.png\" alt=\"El\u00e9trodo de carboneto de sil\u00edcio (SiC) CVD para sistemas de plasma de semicondutores\" width=\"300\" height=\"300\" srcset=\"https:\/\/www.zmsh-semitech.com\/wp-content\/uploads\/2026\/04\/CVD-Silicon-Carbide-SiC-Electrode-for-Semiconductor-Plasma-Systems-1-300x300.png 300w, https:\/\/www.zmsh-semitech.com\/wp-content\/uploads\/2026\/04\/CVD-Silicon-Carbide-SiC-Electrode-for-Semiconductor-Plasma-Systems-1-150x150.png 150w, https:\/\/www.zmsh-semitech.com\/wp-content\/uploads\/2026\/04\/CVD-Silicon-Carbide-SiC-Electrode-for-Semiconductor-Plasma-Systems-1-768x768.png 768w, https:\/\/www.zmsh-semitech.com\/wp-content\/uploads\/2026\/04\/CVD-Silicon-Carbide-SiC-Electrode-for-Semiconductor-Plasma-Systems-1-12x12.png 12w, https:\/\/www.zmsh-semitech.com\/wp-content\/uploads\/2026\/04\/CVD-Silicon-Carbide-SiC-Electrode-for-Semiconductor-Plasma-Systems-1-600x600.png 600w, https:\/\/www.zmsh-semitech.com\/wp-content\/uploads\/2026\/04\/CVD-Silicon-Carbide-SiC-Electrode-for-Semiconductor-Plasma-Systems-1-100x100.png 100w, https:\/\/www.zmsh-semitech.com\/wp-content\/uploads\/2026\/04\/CVD-Silicon-Carbide-SiC-Electrode-for-Semiconductor-Plasma-Systems-1.png 1000w\" sizes=\"(max-width: 300px) 100vw, 300px\" \/>oferecem uma durabilidade significativamente melhorada, uma resist\u00eancia superior ao plasma e uma vida \u00fatil mais longa em condi\u00e7\u00f5es de processamento extremas.<\/p>\n<p data-start=\"636\" data-end=\"980\">Fabricado com Carboneto de Sil\u00edcio por Deposi\u00e7\u00e3o Qu\u00edmica de Vapor (CVD), o el\u00e9trodo apresenta uma estrutura densa e de elevada pureza com excelente condutividade t\u00e9rmica e estabilidade qu\u00edmica. Isto torna-o particularmente adequado para ambientes que envolvem plasma de alta energia, gases agressivos como CF\u2084, SF\u2086, NF\u2083 e Cl\u2082, e temperaturas elevadas.<\/p>\n<p data-start=\"982\" data-end=\"1287\">Nas c\u00e2maras de plasma, os el\u00e9ctrodos desempenham um papel fundamental no controlo dos campos el\u00e9ctricos, da densidade do plasma e da uniformidade do processo. Os el\u00e9ctrodos de SiC mant\u00eam carater\u00edsticas el\u00e9ctricas est\u00e1veis durante per\u00edodos prolongados, reduzindo a deriva, minimizando a contamina\u00e7\u00e3o por part\u00edculas e assegurando resultados consistentes no processamento de bolachas.<\/p>\n<p data-start=\"1289\" data-end=\"1521\">Devido \u00e0 sua durabilidade e desempenho, os el\u00e9ctrodos de SiC s\u00e3o classificados como consum\u00edveis cr\u00edticos para semicondutores (pe\u00e7as de desgaste de longa dura\u00e7\u00e3o) e s\u00e3o amplamente utilizados em n\u00f3s de semicondutores avan\u00e7ados e em ambientes de produ\u00e7\u00e3o de elevado rendimento.<\/p>\n<hr data-start=\"1523\" data-end=\"1526\" \/>\n<h2 data-section-id=\"1wht24f\" data-start=\"1528\" data-end=\"1548\">Carater\u00edsticas principais<\/h2>\n<p><strong style=\"font-size: 16px; font-style: normal;\" data-start=\"1639\" data-end=\"1669\"><img decoding=\"async\" class=\"alignright wp-image-2412 size-medium\" style=\"font-weight: 400;\" src=\"https:\/\/www.zmsh-semitech.com\/wp-content\/uploads\/2026\/04\/CVD-Silicon-Carbide-SiC-Electrode-for-Semiconductor-Plasma-Systems-2-300x300.png\" alt=\"El\u00e9trodo de carboneto de sil\u00edcio (SiC) CVD para sistemas de plasma de semicondutores\" width=\"300\" height=\"300\" srcset=\"https:\/\/www.zmsh-semitech.com\/wp-content\/uploads\/2026\/04\/CVD-Silicon-Carbide-SiC-Electrode-for-Semiconductor-Plasma-Systems-2-300x300.png 300w, https:\/\/www.zmsh-semitech.com\/wp-content\/uploads\/2026\/04\/CVD-Silicon-Carbide-SiC-Electrode-for-Semiconductor-Plasma-Systems-2-150x150.png 150w, https:\/\/www.zmsh-semitech.com\/wp-content\/uploads\/2026\/04\/CVD-Silicon-Carbide-SiC-Electrode-for-Semiconductor-Plasma-Systems-2-768x768.png 768w, https:\/\/www.zmsh-semitech.com\/wp-content\/uploads\/2026\/04\/CVD-Silicon-Carbide-SiC-Electrode-for-Semiconductor-Plasma-Systems-2-12x12.png 12w, https:\/\/www.zmsh-semitech.com\/wp-content\/uploads\/2026\/04\/CVD-Silicon-Carbide-SiC-Electrode-for-Semiconductor-Plasma-Systems-2-600x600.png 600w, https:\/\/www.zmsh-semitech.com\/wp-content\/uploads\/2026\/04\/CVD-Silicon-Carbide-SiC-Electrode-for-Semiconductor-Plasma-Systems-2-100x100.png 100w, https:\/\/www.zmsh-semitech.com\/wp-content\/uploads\/2026\/04\/CVD-Silicon-Carbide-SiC-Electrode-for-Semiconductor-Plasma-Systems-2.png 1000w\" sizes=\"(max-width: 300px) 100vw, 300px\" \/><\/strong><\/p>\n<ul data-start=\"1549\" data-end=\"2244\">\n<li data-section-id=\"9sfaj1\" data-start=\"1549\" data-end=\"1636\"><strong data-start=\"1551\" data-end=\"1583\">Material CVD SiC de alta pureza<\/strong>: Estrutura densa com excelente in\u00e9rcia qu\u00edmica<\/li>\n<li data-section-id=\"qsf5dr\" data-start=\"1637\" data-end=\"1741\"><strong data-start=\"1639\" data-end=\"1669\">Resist\u00eancia superior ao plasma<\/strong>: Desempenho excecional em ambientes \u00e0 base de fl\u00faor e cloro<\/li>\n<li data-section-id=\"1rcxb8u\" data-start=\"1742\" data-end=\"1821\"><strong data-start=\"1744\" data-end=\"1771\">Vida \u00fatil ultra-longa<\/strong>: Tipicamente 3-10\u00d7 mais longo do que os el\u00e9ctrodos de sil\u00edcio<\/li>\n<li data-section-id=\"pe85cr\" data-start=\"1822\" data-end=\"1900\"><strong data-start=\"1824\" data-end=\"1851\">Baixa produ\u00e7\u00e3o de part\u00edculas<\/strong>: Melhora o rendimento e reduz o risco de contamina\u00e7\u00e3o<\/li>\n<li data-section-id=\"1eryen9\" data-start=\"1901\" data-end=\"1983\"><strong data-start=\"1903\" data-end=\"1932\">Alta condutividade t\u00e9rmica<\/strong>: Melhora a dissipa\u00e7\u00e3o de calor e a estabilidade do processo<\/li>\n<li data-section-id=\"12bf6b0\" data-start=\"1984\" data-end=\"2071\"><strong data-start=\"1986\" data-end=\"2018\">Propriedades el\u00e9ctricas est\u00e1veis<\/strong>: Mant\u00e9m a resistividade constante durante ciclos longos<\/li>\n<li data-section-id=\"183ojww\" data-start=\"2072\" data-end=\"2161\"><strong data-start=\"2074\" data-end=\"2097\">Maquina\u00e7\u00e3o de precis\u00e3o<\/strong>: Toler\u00e2ncia apertada (&lt;10 \u03bcm) para integra\u00e7\u00e3o de grau de semicondutor<\/li>\n<li data-section-id=\"1116895\" data-start=\"2162\" data-end=\"2244\"><strong data-start=\"2164\" data-end=\"2198\">Projeto de distribui\u00e7\u00e3o de g\u00e1s personalizado<\/strong>: Padr\u00f5es de furos optimizados para plasma uniforme<\/li>\n<\/ul>\n<hr data-start=\"2246\" data-end=\"2249\" \/>\n<h2 data-section-id=\"1vgwxle\" data-start=\"2251\" data-end=\"2283\">Especifica\u00e7\u00f5es t\u00e9cnicas<\/h2>\n<div class=\"TyagGW_tableContainer\">\n<div class=\"group TyagGW_tableWrapper flex flex-col-reverse w-fit\" tabindex=\"-1\">\n<table class=\"w-fit min-w-(--thread-content-width)\" data-start=\"2285\" data-end=\"3017\">\n<thead data-start=\"2285\" data-end=\"2314\">\n<tr data-start=\"2285\" data-end=\"2314\">\n<th class=\"\" data-start=\"2285\" data-end=\"2297\" data-col-size=\"sm\">Par\u00e2metro<\/th>\n<th class=\"\" data-start=\"2297\" data-end=\"2314\" data-col-size=\"sm\">Especifica\u00e7\u00e3o<\/th>\n<\/tr>\n<\/thead>\n<tbody data-start=\"2342\" data-end=\"3017\">\n<tr data-start=\"2342\" data-end=\"2382\">\n<td data-start=\"2342\" data-end=\"2353\" data-col-size=\"sm\">Material<\/td>\n<td data-col-size=\"sm\" data-start=\"2353\" data-end=\"2382\">Carboneto de sil\u00edcio (SiC) CVD<\/td>\n<\/tr>\n<tr data-start=\"2383\" data-end=\"2403\">\n<td data-start=\"2383\" data-end=\"2392\" data-col-size=\"sm\">Pureza<\/td>\n<td data-col-size=\"sm\" data-start=\"2392\" data-end=\"2403\">\u2265 99,9%<\/td>\n<\/tr>\n<tr data-start=\"2404\" data-end=\"2429\">\n<td data-start=\"2404\" data-end=\"2414\" data-col-size=\"sm\">Densidade<\/td>\n<td data-col-size=\"sm\" data-start=\"2414\" data-end=\"2429\">\u2265 3,1 g\/cm\u00b3<\/td>\n<\/tr>\n<tr data-start=\"2430\" data-end=\"2463\">\n<td data-start=\"2430\" data-end=\"2447\" data-col-size=\"sm\">Di\u00e2metro (m\u00e1x.)<\/td>\n<td data-col-size=\"sm\" data-start=\"2447\" data-end=\"2463\">At\u00e9 330 mm<\/td>\n<\/tr>\n<tr data-start=\"2464\" data-end=\"2506\">\n<td data-start=\"2464\" data-end=\"2476\" data-col-size=\"sm\">Espessura<\/td>\n<td data-col-size=\"sm\" data-start=\"2476\" data-end=\"2506\">Personalizado (normalmente 5-50 mm)<\/td>\n<\/tr>\n<tr data-start=\"2507\" data-end=\"2542\">\n<td data-start=\"2507\" data-end=\"2527\" data-col-size=\"sm\">Resistividade (baixa)<\/td>\n<td data-start=\"2527\" data-end=\"2542\" data-col-size=\"sm\">&lt; 0,02 \u03a9-cm<\/td>\n<\/tr>\n<tr data-start=\"2543\" data-end=\"2583\">\n<td data-start=\"2543\" data-end=\"2566\" data-col-size=\"sm\">Resistividade (M\u00e9dia)<\/td>\n<td data-start=\"2566\" data-end=\"2583\" data-col-size=\"sm\">0,2 - 25 \u03a9-cm<\/td>\n<\/tr>\n<tr data-start=\"2584\" data-end=\"2619\">\n<td data-start=\"2584\" data-end=\"2605\" data-col-size=\"sm\">Resistividade (alta)<\/td>\n<td data-start=\"2605\" data-end=\"2619\" data-col-size=\"sm\">&gt; 100 \u03a9-cm<\/td>\n<\/tr>\n<tr data-start=\"2620\" data-end=\"2659\">\n<td data-start=\"2620\" data-end=\"2651\" data-col-size=\"sm\">Uniformidade da resistividade (RRG)<\/td>\n<td data-start=\"2651\" data-end=\"2659\" data-col-size=\"sm\">&lt; 5%<\/td>\n<\/tr>\n<tr data-start=\"2660\" data-end=\"2711\">\n<td data-start=\"2660\" data-end=\"2680\" data-col-size=\"sm\">Di\u00e2metro do orif\u00edcio de g\u00e1s<\/td>\n<td data-start=\"2680\" data-end=\"2711\" data-col-size=\"sm\">0,2 - 0,8 mm (personaliz\u00e1vel)<\/td>\n<\/tr>\n<tr data-start=\"2712\" data-end=\"2762\">\n<td data-start=\"2712\" data-end=\"2732\" data-col-size=\"sm\">Estado da superf\u00edcie<\/td>\n<td data-start=\"2732\" data-end=\"2762\" data-col-size=\"sm\">Terra (polido opcional)<\/td>\n<\/tr>\n<tr data-start=\"2763\" data-end=\"2800\">\n<td data-start=\"2763\" data-end=\"2788\" data-col-size=\"sm\">Rugosidade da superf\u00edcie (Ra)<\/td>\n<td data-start=\"2788\" data-end=\"2800\" data-col-size=\"sm\">\u2264 1,6 \u03bcm<\/td>\n<\/tr>\n<tr data-start=\"2801\" data-end=\"2834\">\n<td data-start=\"2801\" data-end=\"2823\" data-col-size=\"sm\">Maquina\u00e7\u00e3o de precis\u00e3o<\/td>\n<td data-start=\"2823\" data-end=\"2834\" data-col-size=\"sm\">&lt; 10 \u03bcm<\/td>\n<\/tr>\n<tr data-start=\"2835\" data-end=\"2877\">\n<td data-start=\"2835\" data-end=\"2858\" data-col-size=\"sm\">Condutividade t\u00e9rmica<\/td>\n<td data-start=\"2858\" data-end=\"2877\" data-col-size=\"sm\">120 - 200 W\/m-K<\/td>\n<\/tr>\n<tr data-start=\"2878\" data-end=\"2902\">\n<td data-start=\"2878\" data-end=\"2889\" data-col-size=\"sm\">Dureza<\/td>\n<td data-start=\"2889\" data-end=\"2902\" data-col-size=\"sm\">~9,2 Mohs<\/td>\n<\/tr>\n<tr data-start=\"2903\" data-end=\"2963\">\n<td data-start=\"2903\" data-end=\"2931\" data-col-size=\"sm\">Temperatura m\u00e1xima de funcionamento<\/td>\n<td data-start=\"2931\" data-end=\"2963\" data-col-size=\"sm\">&gt; 1000\u00b0C (dependente do processo)<\/td>\n<\/tr>\n<tr data-start=\"2964\" data-end=\"3017\">\n<td data-start=\"2964\" data-end=\"2982\" data-col-size=\"sm\">Controlo de qualidade<\/td>\n<td data-start=\"2982\" data-end=\"3017\" data-col-size=\"sm\">Sem fissuras, lascas, contamina\u00e7\u00e3o<\/td>\n<\/tr>\n<\/tbody>\n<\/table>\n<\/div>\n<\/div>\n<hr data-start=\"3019\" data-end=\"3022\" \/>\n<h2 data-section-id=\"1gggyhy\" data-start=\"3024\" data-end=\"3044\">Aplica\u00e7\u00f5es<\/h2>\n<p>&nbsp;<\/p>\n<p data-start=\"3045\" data-end=\"3157\">Os el\u00e9ctrodos de SiC s\u00e3o amplamente utilizados em ambientes de processamento de semicondutores que exigem elevada durabilidade e estabilidade:<\/p>\n<ul data-start=\"3159\" data-end=\"3352\">\n<li data-section-id=\"qzqq98\" data-start=\"3159\" data-end=\"3197\">Sistemas de grava\u00e7\u00e3o por plasma (ICP \/ RIE)\n<p style=\"font-size: 16px; font-style: normal; font-weight: 400;\"><img decoding=\"async\" class=\"size-medium wp-image-2405 alignright\" src=\"https:\/\/www.zmsh-semitech.com\/wp-content\/uploads\/2026\/04\/KYQhvr8H6fiJzv0Gyv0QBbnTGAn0D-jgL0afJ2QhVSsVzaDSfEEx4D1Qc9Qg9IxXDOCUhnYHl82TwzfZ-OQMZzQa5u3KF6R1mE3QPYDfCW4ltwvgZ5uecKGM7VBlj-f5ppfWrANQSR4kHdIoBW-vOxmtu56kJnlmCndnFjtFqasApRq1EpNs3nKzmFQFM9WF-300x225.jpg\" alt=\"\" width=\"300\" height=\"225\" srcset=\"https:\/\/www.zmsh-semitech.com\/wp-content\/uploads\/2026\/04\/KYQhvr8H6fiJzv0Gyv0QBbnTGAn0D-jgL0afJ2QhVSsVzaDSfEEx4D1Qc9Qg9IxXDOCUhnYHl82TwzfZ-OQMZzQa5u3KF6R1mE3QPYDfCW4ltwvgZ5uecKGM7VBlj-f5ppfWrANQSR4kHdIoBW-vOxmtu56kJnlmCndnFjtFqasApRq1EpNs3nKzmFQFM9WF-300x225.jpg 300w, https:\/\/www.zmsh-semitech.com\/wp-content\/uploads\/2026\/04\/KYQhvr8H6fiJzv0Gyv0QBbnTGAn0D-jgL0afJ2QhVSsVzaDSfEEx4D1Qc9Qg9IxXDOCUhnYHl82TwzfZ-OQMZzQa5u3KF6R1mE3QPYDfCW4ltwvgZ5uecKGM7VBlj-f5ppfWrANQSR4kHdIoBW-vOxmtu56kJnlmCndnFjtFqasApRq1EpNs3nKzmFQFM9WF-16x12.jpg 16w, https:\/\/www.zmsh-semitech.com\/wp-content\/uploads\/2026\/04\/KYQhvr8H6fiJzv0Gyv0QBbnTGAn0D-jgL0afJ2QhVSsVzaDSfEEx4D1Qc9Qg9IxXDOCUhnYHl82TwzfZ-OQMZzQa5u3KF6R1mE3QPYDfCW4ltwvgZ5uecKGM7VBlj-f5ppfWrANQSR4kHdIoBW-vOxmtu56kJnlmCndnFjtFqasApRq1EpNs3nKzmFQFM9WF.jpg 600w\" sizes=\"(max-width: 300px) 100vw, 300px\" \/><\/p>\n<\/li>\n<li data-section-id=\"x5dp28\" data-start=\"3198\" data-end=\"3234\">Equipamento de deposi\u00e7\u00e3o CVD \/ PECVD<\/li>\n<li data-section-id=\"i266u8\" data-start=\"3235\" data-end=\"3264\">Sistemas de plasma de alta pot\u00eancia<\/li>\n<li data-section-id=\"12l2f4p\" data-start=\"3265\" data-end=\"3305\">Processos de modifica\u00e7\u00e3o da superf\u00edcie da bolacha<\/li>\n<li data-section-id=\"1aetczy\" data-start=\"3306\" data-end=\"3352\">N\u00f3s avan\u00e7ados de fabrico de semicondutores<\/li>\n<\/ul>\n<p data-start=\"3354\" data-end=\"3517\">S\u00e3o particularmente adequados para <strong data-start=\"3389\" data-end=\"3443\">condi\u00e7\u00f5es de plasma dif\u00edceis e ciclos de produ\u00e7\u00e3o longos<\/strong>, em que os el\u00e9ctrodos de sil\u00edcio convencionais n\u00e3o podem satisfazer os requisitos de dura\u00e7\u00e3o.<\/p>\n<hr data-start=\"3519\" data-end=\"3522\" \/>\n<h2 data-section-id=\"ey806o\" data-start=\"3524\" data-end=\"3566\">Vantagens em rela\u00e7\u00e3o aos el\u00e9ctrodos de sil\u00edcio<\/h2>\n<p data-start=\"3567\" data-end=\"3673\">Em compara\u00e7\u00e3o com os el\u00e9ctrodos de sil\u00edcio tradicionais, os el\u00e9ctrodos de SiC proporcionam melhorias significativas no desempenho:<\/p>\n<ul data-start=\"3675\" data-end=\"4062\">\n<li data-section-id=\"c0wgoq\" data-start=\"3675\" data-end=\"3754\"><strong data-start=\"3677\" data-end=\"3698\">Vida \u00fatil alargada<\/strong>: 3-10 vezes mais tempo em condi\u00e7\u00f5es de plasma agressivas<\/li>\n<li data-section-id=\"vh54cx\" data-start=\"3755\" data-end=\"3832\"><strong data-start=\"3757\" data-end=\"3790\">Resist\u00eancia superior \u00e0 corros\u00e3o<\/strong>: Resiste aos gases fl\u00faor e cloro<\/li>\n<li data-section-id=\"1f80iwa\" data-start=\"3833\" data-end=\"3909\"><strong data-start=\"3835\" data-end=\"3867\">Menor contamina\u00e7\u00e3o por part\u00edculas<\/strong>: Aumenta o rendimento e a limpeza do processo<\/li>\n<li data-section-id=\"bvfjdw\" data-start=\"3910\" data-end=\"3989\"><strong data-start=\"3912\" data-end=\"3942\">Melhoria da estabilidade do processo<\/strong>: Mant\u00e9m as carater\u00edsticas consistentes do plasma<\/li>\n<li data-section-id=\"wemy35\" data-start=\"3990\" data-end=\"4062\"><strong data-start=\"3992\" data-end=\"4020\">Custo de manuten\u00e7\u00e3o reduzido<\/strong>: Substitui\u00e7\u00f5es e tempos de paragem menos frequentes<\/li>\n<\/ul>\n<p data-start=\"4064\" data-end=\"4199\">Embora o custo inicial seja mais elevado, os el\u00e9ctrodos de SiC oferecem um custo total de propriedade (TCO) mais baixo em aplica\u00e7\u00f5es de semicondutores de topo de gama.<\/p>\n<p data-start=\"4064\" data-end=\"4199\"><img loading=\"lazy\" decoding=\"async\" class=\"wp-image-2383 size-large aligncenter\" src=\"https:\/\/www.zmsh-semitech.com\/wp-content\/uploads\/2026\/04\/\u5fae\u4fe1\u56fe\u7247_20260423181006_366_381-1024x486.png\" alt=\"\" width=\"1024\" height=\"486\" srcset=\"\" sizes=\"(max-width: 1024px) 100vw, 1024px\" data-srcset=\"\" \/><\/p>\n<hr data-start=\"4201\" data-end=\"4204\" \/>\n<h2 data-section-id=\"cpu4ih\" data-start=\"4206\" data-end=\"4217\">FAQ<\/h2>\n<p data-start=\"4219\" data-end=\"4384\"><strong data-start=\"4219\" data-end=\"4266\">Q1: O el\u00e9trodo de SiC \u00e9 uma pe\u00e7a consum\u00edvel?<\/strong><br data-start=\"4266\" data-end=\"4269\" \/>Sim, \u00e9 um consum\u00edvel cr\u00edtico para semicondutores, mas com uma vida \u00fatil muito mais longa em compara\u00e7\u00e3o com os el\u00e9ctrodos de sil\u00edcio.<\/p>\n<p data-start=\"4386\" data-end=\"4570\"><strong data-start=\"4386\" data-end=\"4432\">Q2: Porqu\u00ea escolher SiC em vez de el\u00e9trodo de sil\u00edcio?<\/strong><br data-start=\"4432\" data-end=\"4435\" \/>O SiC oferece uma melhor resist\u00eancia ao plasma, uma vida \u00fatil mais longa e uma menor produ\u00e7\u00e3o de part\u00edculas, o que o torna ideal para ambientes de processamento exigentes.<\/p>\n<p data-start=\"4572\" data-end=\"4739\"><strong data-start=\"4572\" data-end=\"4612\">Q3: O el\u00e9trodo pode ser personalizado?<\/strong><br data-start=\"4612\" data-end=\"4615\" \/>Sim. O tamanho, a espessura, a resistividade, o design do orif\u00edcio de g\u00e1s e o acabamento da superf\u00edcie podem ser personalizados de acordo com os seus requisitos.<\/p>\n<p data-start=\"4741\" data-end=\"4878\"><strong data-start=\"4741\" data-end=\"4784\">Q4: Que ind\u00fastrias utilizam el\u00e9ctrodos de SiC?<\/strong><br data-start=\"4784\" data-end=\"4787\" \/>Principalmente no fabrico de semicondutores, especialmente em sistemas de gravura e deposi\u00e7\u00e3o por plasma.<\/p>","protected":false},"excerpt":{"rendered":"<p>O el\u00e9trodo de SiC (el\u00e9trodo de carboneto de sil\u00edcio) \u00e9 um componente de elevado desempenho concebido para sistemas avan\u00e7ados de processamento de plasma de semicondutores, incluindo equipamento de grava\u00e7\u00e3o, deposi\u00e7\u00e3o e tratamento de superf\u00edcies. Em compara\u00e7\u00e3o com os el\u00e9ctrodos de sil\u00edcio tradicionais, os el\u00e9ctrodos de SiC oferecem uma durabilidade significativamente maior, uma resist\u00eancia superior ao plasma e uma vida \u00fatil mais longa em condi\u00e7\u00f5es de processamento extremas. Fabricado com carboneto de sil\u00edcio por deposi\u00e7\u00e3o qu\u00edmica em fase vapor (CVD), o el\u00e9trodo apresenta uma estrutura densa e de elevada pureza com excelente condutividade t\u00e9rmica e estabilidade qu\u00edmica.<\/p>","protected":false},"featured_media":2414,"comment_status":"open","ping_status":"closed","template":"","meta":{"site-sidebar-layout":"default","site-content-layout":"","ast-site-content-layout":"default","site-content-style":"default","site-sidebar-style":"default","ast-global-header-display":"","ast-banner-title-visibility":"","ast-main-header-display":"","ast-hfb-above-header-display":"","ast-hfb-below-header-display":"","ast-hfb-mobile-header-display":"","site-post-title":"","ast-breadcrumbs-content":"","ast-featured-img":"","footer-sml-layout":"","ast-disable-related-posts":"","theme-transparent-header-meta":"default","adv-header-id-meta":"","stick-header-meta":"default","header-above-stick-meta":"","header-main-stick-meta":"","header-below-stick-meta":"","astra-migrate-meta-layouts":"set","ast-page-background-enabled":"default","ast-page-background-meta":{"desktop":{"background-color":"var(--ast-global-color-4)","background-image":"","background-repeat":"repeat","background-position":"center center","background-size":"auto","background-attachment":"scroll","background-type":"","background-media":"","overlay-type":"","overlay-color":"","overlay-opacity":"","overlay-gradient":""},"tablet":{"background-color":"","background-image":"","background-repeat":"repeat","background-position":"center center","background-size":"auto","background-attachment":"scroll","background-type":"","background-media":"","overlay-type":"","overlay-color":"","overlay-opacity":"","overlay-gradient":""},"mobile":{"background-color":"","background-image":"","background-repeat":"repeat","background-position":"center center","background-size":"auto","background-attachment":"scroll","background-type":"","background-media":"","overlay-type":"","overlay-color":"","overlay-opacity":"","overlay-gradient":""}},"ast-content-background-meta":{"desktop":{"background-color":"var(--ast-global-color-5)","background-image":"","background-repeat":"repeat","background-position":"center center","background-size":"auto","background-attachment":"scroll","background-type":"","background-media":"","overlay-type":"","overlay-color":"","overlay-opacity":"","overlay-gradient":""},"tablet":{"background-color":"var(--ast-global-color-5)","background-image":"","background-repeat":"repeat","background-position":"center center","background-size":"auto","background-attachment":"scroll","background-type":"","background-media":"","overlay-type":"","overlay-color":"","overlay-opacity":"","overlay-gradient":""},"mobile":{"background-color":"var(--ast-global-color-5)","background-image":"","background-repeat":"repeat","background-position":"center center","background-size":"auto","background-attachment":"scroll","background-type":"","background-media":"","overlay-type":"","overlay-color":"","overlay-opacity":"","overlay-gradient":""}}},"product_brand":[],"product_cat":[1212],"product_tag":[],"class_list":{"0":"post-2411","1":"product","2":"type-product","3":"status-publish","4":"has-post-thumbnail","6":"product_cat-semiconductor-consumables","7":"desktop-align-left","8":"tablet-align-left","9":"mobile-align-left","10":"ast-product-gallery-layout-horizontal-slider","11":"ast-product-tabs-layout-horizontal","13":"first","14":"instock","15":"shipping-taxable","16":"product-type-simple"},"_links":{"self":[{"href":"https:\/\/www.zmsh-semitech.com\/pt\/wp-json\/wp\/v2\/product\/2411","targetHints":{"allow":["GET"]}}],"collection":[{"href":"https:\/\/www.zmsh-semitech.com\/pt\/wp-json\/wp\/v2\/product"}],"about":[{"href":"https:\/\/www.zmsh-semitech.com\/pt\/wp-json\/wp\/v2\/types\/product"}],"replies":[{"embeddable":true,"href":"https:\/\/www.zmsh-semitech.com\/pt\/wp-json\/wp\/v2\/comments?post=2411"}],"version-history":[{"count":2,"href":"https:\/\/www.zmsh-semitech.com\/pt\/wp-json\/wp\/v2\/product\/2411\/revisions"}],"predecessor-version":[{"id":2416,"href":"https:\/\/www.zmsh-semitech.com\/pt\/wp-json\/wp\/v2\/product\/2411\/revisions\/2416"}],"wp:featuredmedia":[{"embeddable":true,"href":"https:\/\/www.zmsh-semitech.com\/pt\/wp-json\/wp\/v2\/media\/2414"}],"wp:attachment":[{"href":"https:\/\/www.zmsh-semitech.com\/pt\/wp-json\/wp\/v2\/media?parent=2411"}],"wp:term":[{"taxonomy":"product_brand","embeddable":true,"href":"https:\/\/www.zmsh-semitech.com\/pt\/wp-json\/wp\/v2\/product_brand?post=2411"},{"taxonomy":"product_cat","embeddable":true,"href":"https:\/\/www.zmsh-semitech.com\/pt\/wp-json\/wp\/v2\/product_cat?post=2411"},{"taxonomy":"product_tag","embeddable":true,"href":"https:\/\/www.zmsh-semitech.com\/pt\/wp-json\/wp\/v2\/product_tag?post=2411"}],"curies":[{"name":"wp","href":"https:\/\/api.w.org\/{rel}","templated":true}]}}