{"id":2400,"date":"2026-04-24T06:21:19","date_gmt":"2026-04-24T06:21:19","guid":{"rendered":"https:\/\/www.zmsh-semitech.com\/?post_type=product&#038;p=2400"},"modified":"2026-04-24T06:21:22","modified_gmt":"2026-04-24T06:21:22","slug":"precision-silicon-ring-single-crystal-polycrystalline-for-semiconductor-plasma-etching","status":"publish","type":"product","link":"https:\/\/www.zmsh-semitech.com\/pt\/product\/precision-silicon-ring-single-crystal-polycrystalline-for-semiconductor-plasma-etching\/","title":{"rendered":"Anel de sil\u00edcio de precis\u00e3o (monocristalino \/ policristalino) para grava\u00e7\u00e3o a plasma de semicondutores"},"content":{"rendered":"<p data-start=\"228\" data-end=\"558\">\u00a0\u00a0<img fetchpriority=\"high\" decoding=\"async\" class=\"alignright wp-image-2404 size-medium\" src=\"https:\/\/www.zmsh-semitech.com\/wp-content\/uploads\/2026\/04\/Precision-Silicon-Ring-Single-Crystal-Polycrystalline-for-Semiconductor-Plasma-Etching-1-300x300.png\" alt=\"Anel de sil\u00edcio de precis\u00e3o (monocristalino \/ policristalino) para grava\u00e7\u00e3o a plasma de semicondutores\" width=\"300\" height=\"300\" srcset=\"https:\/\/www.zmsh-semitech.com\/wp-content\/uploads\/2026\/04\/Precision-Silicon-Ring-Single-Crystal-Polycrystalline-for-Semiconductor-Plasma-Etching-1-300x300.png 300w, https:\/\/www.zmsh-semitech.com\/wp-content\/uploads\/2026\/04\/Precision-Silicon-Ring-Single-Crystal-Polycrystalline-for-Semiconductor-Plasma-Etching-1-150x150.png 150w, https:\/\/www.zmsh-semitech.com\/wp-content\/uploads\/2026\/04\/Precision-Silicon-Ring-Single-Crystal-Polycrystalline-for-Semiconductor-Plasma-Etching-1-768x768.png 768w, https:\/\/www.zmsh-semitech.com\/wp-content\/uploads\/2026\/04\/Precision-Silicon-Ring-Single-Crystal-Polycrystalline-for-Semiconductor-Plasma-Etching-1-12x12.png 12w, https:\/\/www.zmsh-semitech.com\/wp-content\/uploads\/2026\/04\/Precision-Silicon-Ring-Single-Crystal-Polycrystalline-for-Semiconductor-Plasma-Etching-1-600x600.png 600w, https:\/\/www.zmsh-semitech.com\/wp-content\/uploads\/2026\/04\/Precision-Silicon-Ring-Single-Crystal-Polycrystalline-for-Semiconductor-Plasma-Etching-1-100x100.png 100w, https:\/\/www.zmsh-semitech.com\/wp-content\/uploads\/2026\/04\/Precision-Silicon-Ring-Single-Crystal-Polycrystalline-for-Semiconductor-Plasma-Etching-1.png 1000w\" sizes=\"(max-width: 300px) 100vw, 300px\" \/>O anel de sil\u00edcio (Si Ring) \u00e9 um componente amplamente utilizado em equipamentos de processamento de plasma de semicondutores, servindo como um anel de foco, anel de borda ou revestimento de c\u00e2mara. Desempenha um papel fundamental no controlo da distribui\u00e7\u00e3o do plasma, melhorando a uniformidade da grava\u00e7\u00e3o e protegendo os componentes cr\u00edticos da c\u00e2mara da exposi\u00e7\u00e3o direta ao plasma de alta energia.<\/p>\n<p data-start=\"560\" data-end=\"882\">Fabricados a partir de sil\u00edcio monocristalino ou policristalino de elevada pureza, os an\u00e9is de Si oferecem uma excelente compatibilidade com os processos de bolacha de sil\u00edcio. Esta compatibilidade intr\u00ednseca do material reduz significativamente os riscos de contamina\u00e7\u00e3o, tornando os an\u00e9is de sil\u00edcio uma escolha preferida em muitos ambientes de fabrico de semicondutores.<\/p>\n<p data-start=\"884\" data-end=\"1239\">Durante o funcionamento, os an\u00e9is de sil\u00edcio s\u00e3o expostos a plasma reativo gerado por gases como CF\u2084, SF\u2086, NF\u2083 e Cl\u2082. Estas condi\u00e7\u00f5es causam gradualmente a eros\u00e3o do material e a degrada\u00e7\u00e3o da superf\u00edcie. Como resultado, os an\u00e9is de sil\u00edcio s\u00e3o classificados como consum\u00edveis cr\u00edticos de semicondutores, exigindo substitui\u00e7\u00e3o peri\u00f3dica para manter o desempenho e o rendimento ideais do processo.<\/p>\n<p data-start=\"1241\" data-end=\"1430\">Em compara\u00e7\u00e3o com os an\u00e9is de SiC, os an\u00e9is de sil\u00edcio s\u00e3o mais econ\u00f3micos e mais f\u00e1ceis de maquinar, o que os torna ideais para aplica\u00e7\u00f5es em que os ciclos de substitui\u00e7\u00e3o s\u00e3o aceit\u00e1veis e o controlo dos custos \u00e9 importante.<\/p>\n<hr data-start=\"1432\" data-end=\"1435\" \/>\n<h2 data-section-id=\"1wht24f\" data-start=\"1437\" data-end=\"1457\">Carater\u00edsticas principais<\/h2>\n<ul data-start=\"1458\" data-end=\"2054\">\n<li data-section-id=\"1wvx41j\" data-start=\"1458\" data-end=\"1549\">Material de sil\u00edcio de elevada pureza: Dispon\u00edvel nas formas monocristalina e policristalina<\/li>\n<li data-section-id=\"16rlosp\" data-start=\"1550\" data-end=\"1653\">Excelente compatibilidade de processos: Ideal para o processamento de bolachas de sil\u00edcio com baixo risco de contamina\u00e7\u00e3o<\/li>\n<li data-section-id=\"h5tu82\" data-start=\"1654\" data-end=\"1727\">Propriedades el\u00e9ctricas est\u00e1veis: Suporta um comportamento consistente do plasma<\/li>\n<li data-section-id=\"qwtj7n\" data-start=\"1728\" data-end=\"1814\">Maquina\u00e7\u00e3o de precis\u00e3o: Toler\u00e2ncia apertada (&lt;10 \u03bcm) para ferramentas avan\u00e7adas de semicondutores<\/li>\n<li data-section-id=\"cd4ksl\" data-start=\"1815\" data-end=\"1903\">M\u00faltiplas op\u00e7\u00f5es de resistividade: Adequado para diferentes requisitos de controlo de plasma<\/li>\n<li data-section-id=\"vfz8a3\" data-start=\"1904\" data-end=\"1984\">Solu\u00e7\u00e3o econ\u00f3mica: Custo inicial mais baixo em compara\u00e7\u00e3o com as alternativas de SiC<\/li>\n<li data-section-id=\"1q6rj8k\" data-start=\"1985\" data-end=\"2054\">Suporte de design personalizado: Geometrias e tamanhos complexos dispon\u00edveis<\/li>\n<\/ul>\n<hr data-start=\"2056\" data-end=\"2059\" \/>\n<h2 data-section-id=\"1vgwxle\" data-start=\"2061\" data-end=\"2093\">Especifica\u00e7\u00f5es t\u00e9cnicas<\/h2>\n<div class=\"TyagGW_tableContainer\">\n<div class=\"group TyagGW_tableWrapper flex flex-col-reverse w-fit\" tabindex=\"-1\">\n<table class=\"w-fit min-w-(--thread-content-width)\" data-start=\"2095\" data-end=\"2793\">\n<thead data-start=\"2095\" data-end=\"2124\">\n<tr data-start=\"2095\" data-end=\"2124\">\n<th class=\"\" data-start=\"2095\" data-end=\"2107\" data-col-size=\"sm\">Par\u00e2metro<\/th>\n<th class=\"\" data-start=\"2107\" data-end=\"2124\" data-col-size=\"md\">Especifica\u00e7\u00e3o<\/th>\n<\/tr>\n<\/thead>\n<tbody data-start=\"2152\" data-end=\"2793\">\n<tr data-start=\"2152\" data-end=\"2215\">\n<td data-start=\"2152\" data-end=\"2163\" data-col-size=\"sm\">Material<\/td>\n<td data-col-size=\"md\" data-start=\"2163\" data-end=\"2215\">Sil\u00edcio monocristalino \/ Sil\u00edcio policristalino<\/td>\n<\/tr>\n<tr data-start=\"2216\" data-end=\"2263\">\n<td data-start=\"2216\" data-end=\"2225\" data-col-size=\"sm\">Pureza<\/td>\n<td data-col-size=\"md\" data-start=\"2225\" data-end=\"2263\">\u2265 99,999% (grau de semicondutor 5N)<\/td>\n<\/tr>\n<tr data-start=\"2264\" data-end=\"2297\">\n<td data-start=\"2264\" data-end=\"2281\" data-col-size=\"sm\">Di\u00e2metro (m\u00e1x.)<\/td>\n<td data-col-size=\"md\" data-start=\"2281\" data-end=\"2297\">At\u00e9 480 mm<\/td>\n<\/tr>\n<tr data-start=\"2298\" data-end=\"2340\">\n<td data-start=\"2298\" data-end=\"2310\" data-col-size=\"sm\">Espessura<\/td>\n<td data-col-size=\"md\" data-start=\"2310\" data-end=\"2340\">Personalizado (normalmente 5-30 mm)<\/td>\n<\/tr>\n<tr data-start=\"2341\" data-end=\"2376\">\n<td data-start=\"2341\" data-end=\"2361\" data-col-size=\"sm\">Resistividade (baixa)<\/td>\n<td data-col-size=\"md\" data-start=\"2361\" data-end=\"2376\">&lt; 0,02 \u03a9-cm<\/td>\n<\/tr>\n<tr data-start=\"2377\" data-end=\"2414\">\n<td data-start=\"2377\" data-end=\"2400\" data-col-size=\"sm\">Resistividade (M\u00e9dia)<\/td>\n<td data-col-size=\"md\" data-start=\"2400\" data-end=\"2414\">1 - 4 \u03a9-cm<\/td>\n<\/tr>\n<tr data-start=\"2415\" data-end=\"2452\">\n<td data-start=\"2415\" data-end=\"2436\" data-col-size=\"sm\">Resistividade (alta)<\/td>\n<td data-col-size=\"md\" data-start=\"2436\" data-end=\"2452\">70 - 90 \u03a9-cm<\/td>\n<\/tr>\n<tr data-start=\"2453\" data-end=\"2492\">\n<td data-start=\"2453\" data-end=\"2484\" data-col-size=\"sm\">Uniformidade da resistividade (RRG)<\/td>\n<td data-col-size=\"md\" data-start=\"2484\" data-end=\"2492\">&lt; 5%<\/td>\n<\/tr>\n<tr data-start=\"2493\" data-end=\"2543\">\n<td data-start=\"2493\" data-end=\"2513\" data-col-size=\"sm\">Estado da superf\u00edcie<\/td>\n<td data-col-size=\"md\" data-start=\"2513\" data-end=\"2543\">Polido \/ Lapidado \/ Rectificado<\/td>\n<\/tr>\n<tr data-start=\"2544\" data-end=\"2605\">\n<td data-start=\"2544\" data-end=\"2569\" data-col-size=\"sm\">Rugosidade da superf\u00edcie (Ra)<\/td>\n<td data-col-size=\"md\" data-start=\"2569\" data-end=\"2605\">\u2264 0,8 \u03bcm (polido pode ser inferior)<\/td>\n<\/tr>\n<tr data-start=\"2606\" data-end=\"2639\">\n<td data-start=\"2606\" data-end=\"2628\" data-col-size=\"sm\">Maquina\u00e7\u00e3o de precis\u00e3o<\/td>\n<td data-col-size=\"md\" data-start=\"2628\" data-end=\"2639\">&lt; 10 \u03bcm<\/td>\n<\/tr>\n<tr data-start=\"2640\" data-end=\"2682\">\n<td data-start=\"2640\" data-end=\"2651\" data-col-size=\"sm\">Planicidade<\/td>\n<td data-col-size=\"md\" data-start=\"2651\" data-end=\"2682\">\u2264 30 \u03bcm (consoante o tamanho)<\/td>\n<\/tr>\n<tr data-start=\"2683\" data-end=\"2728\">\n<td data-start=\"2683\" data-end=\"2695\" data-col-size=\"sm\">Tipo de borda<\/td>\n<td data-col-size=\"md\" data-start=\"2695\" data-end=\"2728\">Chanfro \/ Raio personaliz\u00e1vel<\/td>\n<\/tr>\n<tr data-start=\"2729\" data-end=\"2793\">\n<td data-start=\"2729\" data-end=\"2747\" data-col-size=\"sm\">Controlo de qualidade<\/td>\n<td data-col-size=\"md\" data-start=\"2747\" data-end=\"2793\">Sem fissuras, lascas, riscos, contamina\u00e7\u00e3o<\/td>\n<\/tr>\n<\/tbody>\n<\/table>\n<\/div>\n<\/div>\n<hr data-start=\"2795\" data-end=\"2798\" \/>\n<h2 data-section-id=\"1gggyhy\" data-start=\"2800\" data-end=\"2820\">Aplica\u00e7\u00f5es<\/h2>\n<p data-start=\"2821\" data-end=\"2903\">Os an\u00e9is de sil\u00edcio s\u00e3o essenciais numa variedade de ambientes de processamento de semicondutores:<\/p>\n<ul data-start=\"2905\" data-end=\"3108\">\n<li data-section-id=\"qzqq98\" data-start=\"2905\" data-end=\"2943\">Sistemas de grava\u00e7\u00e3o por plasma (ICP \/ RIE)<\/li>\n<li data-section-id=\"1iourx1\" data-start=\"2944\" data-end=\"2987\">Deposi\u00e7\u00e3o de vapor qu\u00edmico (CVD \/ PECVD)<\/li>\n<li data-section-id=\"1hekjdg\" data-start=\"2988\" data-end=\"3025\">Componentes do anel de focagem\/anel de borda<\/li>\n<li data-section-id=\"y1zl6l\" data-start=\"3026\" data-end=\"3065\">Prote\u00e7\u00e3o da c\u00e2mara e pe\u00e7as de revestimento<\/li>\n<li data-section-id=\"83pt8g\" data-start=\"3066\" data-end=\"3108\">Aplica\u00e7\u00f5es de controlo de plasma na extremidade da bolacha<\/li>\n<\/ul>\n<p data-start=\"3110\" data-end=\"3235\">S\u00e3o amplamente utilizados em n\u00f3s de processo maduros e interm\u00e9dios, onde \u00e9 necess\u00e1ria uma boa rela\u00e7\u00e3o custo-efic\u00e1cia e um desempenho est\u00e1vel.<\/p>\n<p data-start=\"3110\" data-end=\"3235\"><img decoding=\"async\" class=\"aligncenter wp-image-2406 size-large\" src=\"https:\/\/www.zmsh-semitech.com\/wp-content\/uploads\/2026\/04\/nqhpoIZB7ZFQ0FgmKSApdpD5LVDKRh2mgeWJ0h_n8YC-oFDqn-Z2JB5pyoBfyG-_oDLzw_pC2C1A3AoLJoKcLErEuU3bYIhN8vq8CwcolHLoXu8EmdfU22zT2CiuFBN0qxhzObBOZwWh-dASuFxcJnit1n-yH8VsKHv8U2e2dzbKmApkzAOkXyVy8SRUL7r0-1024x681.jpg\" alt=\"Anel de sil\u00edcio de precis\u00e3o (monocristalino \/ policristalino) para grava\u00e7\u00e3o a plasma de semicondutores\" width=\"1024\" height=\"681\" srcset=\"https:\/\/www.zmsh-semitech.com\/wp-content\/uploads\/2026\/04\/nqhpoIZB7ZFQ0FgmKSApdpD5LVDKRh2mgeWJ0h_n8YC-oFDqn-Z2JB5pyoBfyG-_oDLzw_pC2C1A3AoLJoKcLErEuU3bYIhN8vq8CwcolHLoXu8EmdfU22zT2CiuFBN0qxhzObBOZwWh-dASuFxcJnit1n-yH8VsKHv8U2e2dzbKmApkzAOkXyVy8SRUL7r0-1024x681.jpg 1024w, https:\/\/www.zmsh-semitech.com\/wp-content\/uploads\/2026\/04\/nqhpoIZB7ZFQ0FgmKSApdpD5LVDKRh2mgeWJ0h_n8YC-oFDqn-Z2JB5pyoBfyG-_oDLzw_pC2C1A3AoLJoKcLErEuU3bYIhN8vq8CwcolHLoXu8EmdfU22zT2CiuFBN0qxhzObBOZwWh-dASuFxcJnit1n-yH8VsKHv8U2e2dzbKmApkzAOkXyVy8SRUL7r0-300x199.jpg 300w, https:\/\/www.zmsh-semitech.com\/wp-content\/uploads\/2026\/04\/nqhpoIZB7ZFQ0FgmKSApdpD5LVDKRh2mgeWJ0h_n8YC-oFDqn-Z2JB5pyoBfyG-_oDLzw_pC2C1A3AoLJoKcLErEuU3bYIhN8vq8CwcolHLoXu8EmdfU22zT2CiuFBN0qxhzObBOZwWh-dASuFxcJnit1n-yH8VsKHv8U2e2dzbKmApkzAOkXyVy8SRUL7r0-768x510.jpg 768w, https:\/\/www.zmsh-semitech.com\/wp-content\/uploads\/2026\/04\/nqhpoIZB7ZFQ0FgmKSApdpD5LVDKRh2mgeWJ0h_n8YC-oFDqn-Z2JB5pyoBfyG-_oDLzw_pC2C1A3AoLJoKcLErEuU3bYIhN8vq8CwcolHLoXu8EmdfU22zT2CiuFBN0qxhzObBOZwWh-dASuFxcJnit1n-yH8VsKHv8U2e2dzbKmApkzAOkXyVy8SRUL7r0-1536x1021.jpg 1536w, https:\/\/www.zmsh-semitech.com\/wp-content\/uploads\/2026\/04\/nqhpoIZB7ZFQ0FgmKSApdpD5LVDKRh2mgeWJ0h_n8YC-oFDqn-Z2JB5pyoBfyG-_oDLzw_pC2C1A3AoLJoKcLErEuU3bYIhN8vq8CwcolHLoXu8EmdfU22zT2CiuFBN0qxhzObBOZwWh-dASuFxcJnit1n-yH8VsKHv8U2e2dzbKmApkzAOkXyVy8SRUL7r0-18x12.jpg 18w, https:\/\/www.zmsh-semitech.com\/wp-content\/uploads\/2026\/04\/nqhpoIZB7ZFQ0FgmKSApdpD5LVDKRh2mgeWJ0h_n8YC-oFDqn-Z2JB5pyoBfyG-_oDLzw_pC2C1A3AoLJoKcLErEuU3bYIhN8vq8CwcolHLoXu8EmdfU22zT2CiuFBN0qxhzObBOZwWh-dASuFxcJnit1n-yH8VsKHv8U2e2dzbKmApkzAOkXyVy8SRUL7r0-600x399.jpg 600w, https:\/\/www.zmsh-semitech.com\/wp-content\/uploads\/2026\/04\/nqhpoIZB7ZFQ0FgmKSApdpD5LVDKRh2mgeWJ0h_n8YC-oFDqn-Z2JB5pyoBfyG-_oDLzw_pC2C1A3AoLJoKcLErEuU3bYIhN8vq8CwcolHLoXu8EmdfU22zT2CiuFBN0qxhzObBOZwWh-dASuFxcJnit1n-yH8VsKHv8U2e2dzbKmApkzAOkXyVy8SRUL7r0.jpg 2048w\" sizes=\"(max-width: 1024px) 100vw, 1024px\" \/><\/p>\n<hr data-start=\"3237\" data-end=\"3240\" \/>\n<h2 data-section-id=\"1misgzs\" data-start=\"3242\" data-end=\"3274\">Vantagens e posicionamento<\/h2>\n<p data-start=\"3275\" data-end=\"3371\">Os an\u00e9is de sil\u00edcio proporcionam uma solu\u00e7\u00e3o equilibrada entre desempenho e custo. Em compara\u00e7\u00e3o com os an\u00e9is de SiC:<\/p>\n<ul data-start=\"3373\" data-end=\"3681\">\n<li data-section-id=\"qgkkrh\" data-start=\"3373\" data-end=\"3449\">Custo mais baixo: Ideal para cen\u00e1rios sens\u00edveis ao or\u00e7amento ou de elevada substitui\u00e7\u00e3o<\/li>\n<li data-section-id=\"fe5ihf\" data-start=\"3450\" data-end=\"3533\">Boa compatibilidade de processos: Especialmente adequado para processos baseados em sil\u00edcio<\/li>\n<li data-section-id=\"1wgvfgt\" data-start=\"3534\" data-end=\"3604\">Fabrico flex\u00edvel: Mais f\u00e1cil de maquinar em designs complexos<\/li>\n<li data-section-id=\"1855g4l\" data-start=\"3605\" data-end=\"3681\">Desempenho fi\u00e1vel: Comprovado na produ\u00e7\u00e3o de semicondutores em grande escala<\/li>\n<\/ul>\n<p data-start=\"3683\" data-end=\"3894\">No entanto, em condi\u00e7\u00f5es de plasma extremamente rigorosas, os an\u00e9is de sil\u00edcio podem desgastar-se mais rapidamente do que os an\u00e9is de SiC. Por conseguinte, a sele\u00e7\u00e3o do material deve basear-se na intensidade do processo, nas expectativas de vida \u00fatil e em considera\u00e7\u00f5es de custo.<\/p>\n<p data-start=\"3683\" data-end=\"3894\"><img decoding=\"async\" class=\"wp-image-2383 size-large aligncenter\" src=\"https:\/\/www.zmsh-semitech.com\/wp-content\/uploads\/2026\/04\/\u5fae\u4fe1\u56fe\u7247_20260423181006_366_381-1024x486.png\" alt=\"\" width=\"1024\" height=\"486\" srcset=\"\" sizes=\"(max-width: 1024px) 100vw, 1024px\" data-srcset=\"\" \/><\/p>\n<hr data-start=\"3896\" data-end=\"3899\" \/>\n<h2 data-section-id=\"cpu4ih\" data-start=\"3901\" data-end=\"3912\">FAQ<\/h2>\n<p data-start=\"3914\" data-end=\"4070\">Q1: O anel de silicone \u00e9 um produto consum\u00edvel?<br data-start=\"3963\" data-end=\"3966\" \/>Sim. \u00c9 considerado um consum\u00edvel cr\u00edtico para semicondutores devido \u00e0 eros\u00e3o gradual em ambientes de plasma.<\/p>\n<p data-start=\"4072\" data-end=\"4291\">Q2: Qual \u00e9 a diferen\u00e7a entre an\u00e9is de sil\u00edcio monocristalino e policristalino?<br data-start=\"4160\" data-end=\"4163\" \/>O sil\u00edcio monocristalino oferece melhor uniformidade e propriedades el\u00e9ctricas, enquanto o sil\u00edcio policristalino \u00e9 mais econ\u00f3mico.<\/p>\n<p data-start=\"4293\" data-end=\"4452\">Q3: O anel de silicone pode ser personalizado?<br data-start=\"4336\" data-end=\"4339\" \/>Sim. O tamanho, a espessura, a resistividade, o acabamento da superf\u00edcie e a geometria podem ser personalizados de acordo com os seus desenhos.<\/p>\n<p data-start=\"4454\" data-end=\"4622\">Q4: Com que frequ\u00eancia \u00e9 necess\u00e1rio substituir um anel de silicone?<br data-start=\"4509\" data-end=\"4512\" \/>Depende das condi\u00e7\u00f5es do processo, mas normalmente \u00e9 mais frequente do que os an\u00e9is de SiC devido \u00e0 menor resist\u00eancia ao plasma.<\/p>\n<p data-start=\"4624\" data-end=\"4743\">Q5: Qual \u00e9 o prazo de entrega t\u00edpico?<br data-start=\"4662\" data-end=\"4665\" \/>A produ\u00e7\u00e3o demora geralmente 3 a 5 semanas, consoante as especifica\u00e7\u00f5es e a quantidade.<\/p>","protected":false},"excerpt":{"rendered":"<p>O anel de sil\u00edcio (Si Ring) \u00e9 um componente amplamente utilizado em equipamentos de processamento de plasma de semicondutores, servindo como um anel de foco, anel de borda ou revestimento de c\u00e2mara. Desempenha um papel fundamental no controlo da distribui\u00e7\u00e3o do plasma, melhorando a uniformidade da grava\u00e7\u00e3o e protegendo os componentes cr\u00edticos da c\u00e2mara da exposi\u00e7\u00e3o direta ao plasma de alta energia.<\/p>","protected":false},"featured_media":2404,"comment_status":"open","ping_status":"closed","template":"","meta":{"site-sidebar-layout":"default","site-content-layout":"","ast-site-content-layout":"default","site-content-style":"default","site-sidebar-style":"default","ast-global-header-display":"","ast-banner-title-visibility":"","ast-main-header-display":"","ast-hfb-above-header-display":"","ast-hfb-below-header-display":"","ast-hfb-mobile-header-display":"","site-post-title":"","ast-breadcrumbs-content":"","ast-featured-img":"","footer-sml-layout":"","ast-disable-related-posts":"","theme-transparent-header-meta":"default","adv-header-id-meta":"","stick-header-meta":"default","header-above-stick-meta":"","header-main-stick-meta":"","header-below-stick-meta":"","astra-migrate-meta-layouts":"set","ast-page-background-enabled":"default","ast-page-background-meta":{"desktop":{"background-color":"var(--ast-global-color-4)","background-image":"","background-repeat":"repeat","background-position":"center center","background-size":"auto","background-attachment":"scroll","background-type":"","background-media":"","overlay-type":"","overlay-color":"","overlay-opacity":"","overlay-gradient":""},"tablet":{"background-color":"","background-image":"","background-repeat":"repeat","background-position":"center center","background-size":"auto","background-attachment":"scroll","background-type":"","background-media":"","overlay-type":"","overlay-color":"","overlay-opacity":"","overlay-gradient":""},"mobile":{"background-color":"","background-image":"","background-repeat":"repeat","background-position":"center center","background-size":"auto","background-attachment":"scroll","background-type":"","background-media":"","overlay-type":"","overlay-color":"","overlay-opacity":"","overlay-gradient":""}},"ast-content-background-meta":{"desktop":{"background-color":"var(--ast-global-color-5)","background-image":"","background-repeat":"repeat","background-position":"center center","background-size":"auto","background-attachment":"scroll","background-type":"","background-media":"","overlay-type":"","overlay-color":"","overlay-opacity":"","overlay-gradient":""},"tablet":{"background-color":"var(--ast-global-color-5)","background-image":"","background-repeat":"repeat","background-position":"center center","background-size":"auto","background-attachment":"scroll","background-type":"","background-media":"","overlay-type":"","overlay-color":"","overlay-opacity":"","overlay-gradient":""},"mobile":{"background-color":"var(--ast-global-color-5)","background-image":"","background-repeat":"repeat","background-position":"center center","background-size":"auto","background-attachment":"scroll","background-type":"","background-media":"","overlay-type":"","overlay-color":"","overlay-opacity":"","overlay-gradient":""}}},"product_brand":[],"product_cat":[1212],"product_tag":[1251,1250,1246,1237,1254,1218,1232,1249,1252,1248,1255,1253,1256],"class_list":{"0":"post-2400","1":"product","2":"type-product","3":"status-publish","4":"has-post-thumbnail","6":"product_cat-semiconductor-consumables","7":"product_tag-edge-ring-semiconductor","8":"product_tag-focus-ring-silicon","9":"product_tag-icp-rie-ring","10":"product_tag-plasma-etching-ring","11":"product_tag-polycrystalline-silicon-ring","12":"product_tag-semiconductor-consumables","13":"product_tag-semiconductor-equipment-parts","14":"product_tag-si-ring-semiconductor","15":"product_tag-silicon-chamber-parts","16":"product_tag-silicon-ring","17":"product_tag-silicon-wear-parts","18":"product_tag-single-crystal-silicon-ring","19":"product_tag-wafer-processing-components","20":"desktop-align-left","21":"tablet-align-left","22":"mobile-align-left","23":"ast-product-gallery-layout-horizontal-slider","24":"ast-product-tabs-layout-horizontal","26":"first","27":"instock","28":"shipping-taxable","29":"product-type-simple"},"_links":{"self":[{"href":"https:\/\/www.zmsh-semitech.com\/pt\/wp-json\/wp\/v2\/product\/2400","targetHints":{"allow":["GET"]}}],"collection":[{"href":"https:\/\/www.zmsh-semitech.com\/pt\/wp-json\/wp\/v2\/product"}],"about":[{"href":"https:\/\/www.zmsh-semitech.com\/pt\/wp-json\/wp\/v2\/types\/product"}],"replies":[{"embeddable":true,"href":"https:\/\/www.zmsh-semitech.com\/pt\/wp-json\/wp\/v2\/comments?post=2400"}],"version-history":[{"count":2,"href":"https:\/\/www.zmsh-semitech.com\/pt\/wp-json\/wp\/v2\/product\/2400\/revisions"}],"predecessor-version":[{"id":2408,"href":"https:\/\/www.zmsh-semitech.com\/pt\/wp-json\/wp\/v2\/product\/2400\/revisions\/2408"}],"wp:featuredmedia":[{"embeddable":true,"href":"https:\/\/www.zmsh-semitech.com\/pt\/wp-json\/wp\/v2\/media\/2404"}],"wp:attachment":[{"href":"https:\/\/www.zmsh-semitech.com\/pt\/wp-json\/wp\/v2\/media?parent=2400"}],"wp:term":[{"taxonomy":"product_brand","embeddable":true,"href":"https:\/\/www.zmsh-semitech.com\/pt\/wp-json\/wp\/v2\/product_brand?post=2400"},{"taxonomy":"product_cat","embeddable":true,"href":"https:\/\/www.zmsh-semitech.com\/pt\/wp-json\/wp\/v2\/product_cat?post=2400"},{"taxonomy":"product_tag","embeddable":true,"href":"https:\/\/www.zmsh-semitech.com\/pt\/wp-json\/wp\/v2\/product_tag?post=2400"}],"curies":[{"name":"wp","href":"https:\/\/api.w.org\/{rel}","templated":true}]}}