{"id":2354,"date":"2026-04-22T06:34:59","date_gmt":"2026-04-22T06:34:59","guid":{"rendered":"https:\/\/www.zmsh-semitech.com\/?post_type=product&#038;p=2354"},"modified":"2026-04-22T07:16:34","modified_gmt":"2026-04-22T07:16:34","slug":"ai300-medium-beam-high-temperature-ion-implantation-system-for-12-inch-wafer-processing","status":"publish","type":"product","link":"https:\/\/www.zmsh-semitech.com\/pt\/product\/ai300-medium-beam-high-temperature-ion-implantation-system-for-12-inch-wafer-processing\/","title":{"rendered":"Sistema de implanta\u00e7\u00e3o de i\u00f5es de alta temperatura Ai300 (feixe m\u00e9dio) para processamento de bolachas de 12 polegadas"},"content":{"rendered":"<p data-start=\"228\" data-end=\"538\"><img fetchpriority=\"high\" decoding=\"async\" class=\"alignright wp-image-2357 size-medium\" src=\"https:\/\/www.zmsh-semitech.com\/wp-content\/uploads\/2026\/04\/AI300-300x300.png\" alt=\"Sistema de implanta\u00e7\u00e3o de i\u00f5es de alta temperatura Ai300 (feixe m\u00e9dio) para processamento de bolachas de 12 polegadas\" width=\"300\" height=\"300\" srcset=\"https:\/\/www.zmsh-semitech.com\/wp-content\/uploads\/2026\/04\/AI300-300x300.png 300w, https:\/\/www.zmsh-semitech.com\/wp-content\/uploads\/2026\/04\/AI300-150x150.png 150w, https:\/\/www.zmsh-semitech.com\/wp-content\/uploads\/2026\/04\/AI300-768x768.png 768w, https:\/\/www.zmsh-semitech.com\/wp-content\/uploads\/2026\/04\/AI300-12x12.png 12w, https:\/\/www.zmsh-semitech.com\/wp-content\/uploads\/2026\/04\/AI300-600x600.png 600w, https:\/\/www.zmsh-semitech.com\/wp-content\/uploads\/2026\/04\/AI300-100x100.png 100w, https:\/\/www.zmsh-semitech.com\/wp-content\/uploads\/2026\/04\/AI300.png 1000w\" sizes=\"(max-width: 300px) 100vw, 300px\" \/>O sistema de implanta\u00e7\u00e3o i\u00f3nica de alta temperatura Ai300 (feixe m\u00e9dio) foi concebido para linhas de fabrico de semicondutores de bolachas de sil\u00edcio de 12 polegadas. \u00c9 um implantador de i\u00f5es de corrente m\u00e9dia desenvolvido para processos avan\u00e7ados de dopagem em aplica\u00e7\u00f5es de semicondutores \u00e0 base de sil\u00edcio e de banda larga, incluindo linhas de processamento de SiC.<\/p>\n<p data-start=\"540\" data-end=\"872\">O sistema suporta uma gama de energia de 5 keV a 300 keV, permitindo uma implanta\u00e7\u00e3o flex\u00edvel desde a forma\u00e7\u00e3o de jun\u00e7\u00f5es pouco profundas at\u00e9 aplica\u00e7\u00f5es de dopagem profunda. Est\u00e1 equipado com uma plataforma de bolacha aquecida a alta temperatura, com uma temperatura m\u00e1xima at\u00e9 400\u00b0C, permitindo uma melhor ativa\u00e7\u00e3o do dopante e uma redu\u00e7\u00e3o dos danos na rede durante a implanta\u00e7\u00e3o.<\/p>\n<p data-start=\"874\" data-end=\"1076\">Com um desempenho est\u00e1vel do feixe, controlo de alta precis\u00e3o e compatibilidade com processos de circuitos integrados em grande escala, o sistema Ai300 \u00e9 adequado para ambientes avan\u00e7ados de fabrico de semicondutores.<\/p>\n<hr data-start=\"1078\" data-end=\"1081\" \/>\n<h2 data-section-id=\"1d7mrtu\" data-start=\"1083\" data-end=\"1094\">Carater\u00edsticas<\/h2>\n<h3 data-section-id=\"1oge1av\" data-start=\"1096\" data-end=\"1135\">Capacidade de implante a alta temperatura<\/h3>\n<p data-start=\"1136\" data-end=\"1272\">Equipado com uma fase de bolacha aquecida que suporta temperaturas at\u00e9 400\u00b0C, melhorando a qualidade da implanta\u00e7\u00e3o e a efici\u00eancia da ativa\u00e7\u00e3o do dopante.<\/p>\n<h3 data-section-id=\"ox5pwk\" data-start=\"1274\" data-end=\"1295\">Vasta gama de energia<\/h3>\n<p data-start=\"1296\" data-end=\"1407\">A gama de energia de 5-300 keV suporta processos de implanta\u00e7\u00e3o superficial e profunda para estruturas de dispositivos avan\u00e7ados.<\/p>\n<h3 data-section-id=\"1czdwpe\" data-start=\"1409\" data-end=\"1440\">Controlo de feixe de alta precis\u00e3o<\/h3>\n<p data-start=\"1441\" data-end=\"1574\">Proporciona uma implanta\u00e7\u00e3o de alta precis\u00e3o com precis\u00e3o angular \u2264 0,1\u00b0, paralelismo do feixe \u2264 0,1\u00b0, uniformidade \u2264 0,5% e repetibilidade \u2264 0,5%.<\/p>\n<h3 data-section-id=\"1q1uyu2\" data-start=\"1576\" data-end=\"1607\">Desempenho de alto rendimento<\/h3>\n<p data-start=\"1608\" data-end=\"1710\">Suporta um rendimento de at\u00e9 \u2265 500 bolachas por hora, adequado para o fabrico de semicondutores de elevado volume.<\/p>\n<h3 data-section-id=\"1h8myql\" data-start=\"1712\" data-end=\"1746\">Capacidade avan\u00e7ada de fontes de i\u00f5es<\/h3>\n<p data-start=\"1747\" data-end=\"1869\">Suporta m\u00faltiplos elementos implantados, incluindo C, B, P, N, He e Ar, satisfazendo diversos requisitos de processos de semicondutores.<\/p>\n<h3 data-section-id=\"1bq068l\" data-start=\"1871\" data-end=\"1900\">Compatibilidade de processos LSI<\/h3>\n<p data-start=\"1901\" data-end=\"2010\">Totalmente compat\u00edvel com os processos de fabrico de circuitos integrados em grande escala e com o fabrico de dispositivos avan\u00e7ados.<\/p>\n<p data-start=\"1901\" data-end=\"2010\"><img decoding=\"async\" class=\"alignnone size-medium wp-image-2368\" src=\"https:\/\/www.zmsh-semitech.com\/wp-content\/uploads\/2026\/04\/Annular-Implantation-1-267x300.webp\" alt=\"\" width=\"267\" height=\"300\" srcset=\"https:\/\/www.zmsh-semitech.com\/wp-content\/uploads\/2026\/04\/Annular-Implantation-1-267x300.webp 267w, https:\/\/www.zmsh-semitech.com\/wp-content\/uploads\/2026\/04\/Annular-Implantation-1-11x12.webp 11w, https:\/\/www.zmsh-semitech.com\/wp-content\/uploads\/2026\/04\/Annular-Implantation-1.webp 462w\" sizes=\"(max-width: 267px) 100vw, 267px\" \/> <img decoding=\"async\" class=\"alignnone size-medium wp-image-2369\" src=\"https:\/\/www.zmsh-semitech.com\/wp-content\/uploads\/2026\/04\/Quadrant-Implantation-1-291x300.webp\" alt=\"\" width=\"291\" height=\"300\" srcset=\"https:\/\/www.zmsh-semitech.com\/wp-content\/uploads\/2026\/04\/Quadrant-Implantation-1-291x300.webp 291w, https:\/\/www.zmsh-semitech.com\/wp-content\/uploads\/2026\/04\/Quadrant-Implantation-1-12x12.webp 12w, https:\/\/www.zmsh-semitech.com\/wp-content\/uploads\/2026\/04\/Quadrant-Implantation-1.webp 499w\" sizes=\"(max-width: 291px) 100vw, 291px\" \/><\/p>\n<hr data-start=\"2012\" data-end=\"2015\" \/>\n<h2 data-section-id=\"rkota4\" data-start=\"2017\" data-end=\"2038\">Especifica\u00e7\u00f5es principais<\/h2>\n<h3 data-section-id=\"rc5knr\" data-start=\"2040\" data-end=\"2062\">Par\u00e2metros do processo<\/h3>\n<div class=\"TyagGW_tableContainer\">\n<div class=\"group TyagGW_tableWrapper flex flex-col-reverse w-fit\" tabindex=\"-1\">\n<table class=\"w-fit min-w-(--thread-content-width)\" data-start=\"2064\" data-end=\"2246\">\n<thead data-start=\"2064\" data-end=\"2088\">\n<tr data-start=\"2064\" data-end=\"2088\">\n<th class=\"\" data-start=\"2064\" data-end=\"2071\" data-col-size=\"sm\">Item<\/th>\n<th class=\"\" data-start=\"2071\" data-end=\"2088\" data-col-size=\"sm\">Especifica\u00e7\u00e3o<\/th>\n<\/tr>\n<\/thead>\n<tbody data-start=\"2113\" data-end=\"2246\">\n<tr data-start=\"2113\" data-end=\"2137\">\n<td data-start=\"2113\" data-end=\"2126\" data-col-size=\"sm\">Tamanho da pastilha<\/td>\n<td data-col-size=\"sm\" data-start=\"2126\" data-end=\"2137\">12 polegadas<\/td>\n<\/tr>\n<tr data-start=\"2138\" data-end=\"2166\">\n<td data-start=\"2138\" data-end=\"2153\" data-col-size=\"sm\">Gama de energia<\/td>\n<td data-col-size=\"sm\" data-start=\"2153\" data-end=\"2166\">5-300 keV<\/td>\n<\/tr>\n<tr data-start=\"2167\" data-end=\"2210\">\n<td data-start=\"2167\" data-end=\"2188\" data-col-size=\"sm\">Elementos Implantados<\/td>\n<td data-col-size=\"sm\" data-start=\"2188\" data-end=\"2210\">C, B, P, N, He, Ar<\/td>\n<\/tr>\n<tr data-start=\"2211\" data-end=\"2246\">\n<td data-start=\"2211\" data-end=\"2224\" data-col-size=\"sm\">Intervalo de dose<\/td>\n<td data-col-size=\"sm\" data-start=\"2224\" data-end=\"2246\">1E11-1E16 i\u00f5es\/cm\u00b2<\/td>\n<\/tr>\n<\/tbody>\n<\/table>\n<\/div>\n<\/div>\n<h3 data-section-id=\"h0mtjp\" data-start=\"2253\" data-end=\"2273\">Desempenho do feixe<\/h3>\n<div class=\"TyagGW_tableContainer\">\n<div class=\"group TyagGW_tableWrapper flex flex-col-reverse w-fit\" tabindex=\"-1\">\n<table class=\"w-fit min-w-(--thread-content-width)\" data-start=\"2275\" data-end=\"2429\">\n<thead data-start=\"2275\" data-end=\"2299\">\n<tr data-start=\"2275\" data-end=\"2299\">\n<th class=\"\" data-start=\"2275\" data-end=\"2282\" data-col-size=\"sm\">Item<\/th>\n<th class=\"\" data-start=\"2282\" data-end=\"2299\" data-col-size=\"md\">Especifica\u00e7\u00e3o<\/th>\n<\/tr>\n<\/thead>\n<tbody data-start=\"2324\" data-end=\"2429\">\n<tr data-start=\"2324\" data-end=\"2399\">\n<td data-start=\"2324\" data-end=\"2341\" data-col-size=\"sm\">Estabilidade da viga<\/td>\n<td data-col-size=\"md\" data-start=\"2341\" data-end=\"2399\">\u2264 10% \/ hora (\u22641 interrup\u00e7\u00e3o do feixe ou forma\u00e7\u00e3o de arco por hora)<\/td>\n<\/tr>\n<tr data-start=\"2400\" data-end=\"2429\">\n<td data-start=\"2400\" data-end=\"2419\" data-col-size=\"sm\">Paralelismo de vigas<\/td>\n<td data-col-size=\"md\" data-start=\"2419\" data-end=\"2429\">\u2264 0.1\u00b0<\/td>\n<\/tr>\n<\/tbody>\n<\/table>\n<\/div>\n<\/div>\n<h3 data-section-id=\"ieoahx\" data-start=\"2436\" data-end=\"2461\">Precis\u00e3o da implanta\u00e7\u00e3o<\/h3>\n<div class=\"TyagGW_tableContainer\">\n<div class=\"group TyagGW_tableWrapper flex flex-col-reverse w-fit\" tabindex=\"-1\">\n<table class=\"w-fit min-w-(--thread-content-width)\" data-start=\"2463\" data-end=\"2653\">\n<thead data-start=\"2463\" data-end=\"2487\">\n<tr data-start=\"2463\" data-end=\"2487\">\n<th class=\"\" data-start=\"2463\" data-end=\"2470\" data-col-size=\"sm\">Item<\/th>\n<th class=\"\" data-start=\"2470\" data-end=\"2487\" data-col-size=\"sm\">Especifica\u00e7\u00e3o<\/th>\n<\/tr>\n<\/thead>\n<tbody data-start=\"2512\" data-end=\"2653\">\n<tr data-start=\"2512\" data-end=\"2544\">\n<td data-start=\"2512\" data-end=\"2534\" data-col-size=\"sm\">Gama de \u00e2ngulos do implante<\/td>\n<td data-col-size=\"sm\" data-start=\"2534\" data-end=\"2544\">0\u00b0-45\u00b0<\/td>\n<\/tr>\n<tr data-start=\"2545\" data-end=\"2572\">\n<td data-start=\"2545\" data-end=\"2562\" data-col-size=\"sm\">Precis\u00e3o do \u00e2ngulo<\/td>\n<td data-col-size=\"sm\" data-start=\"2562\" data-end=\"2572\">\u2264 0.1\u00b0<\/td>\n<\/tr>\n<tr data-start=\"2573\" data-end=\"2621\">\n<td data-start=\"2573\" data-end=\"2591\" data-col-size=\"sm\">Uniformidade (1\u03c3)<\/td>\n<td data-col-size=\"sm\" data-start=\"2591\" data-end=\"2621\">\u2264 0,5% (P+, 1E14, 100 keV)<\/td>\n<\/tr>\n<tr data-start=\"2622\" data-end=\"2653\">\n<td data-start=\"2622\" data-end=\"2643\" data-col-size=\"sm\">Repetibilidade (1\u03c3)<\/td>\n<td data-col-size=\"sm\" data-start=\"2643\" data-end=\"2653\">\u2264 0,5%<\/td>\n<\/tr>\n<\/tbody>\n<\/table>\n<\/div>\n<\/div>\n<h3 data-section-id=\"1i84h7f\" data-start=\"2660\" data-end=\"2682\">Desempenho do sistema<\/h3>\n<div class=\"TyagGW_tableContainer\">\n<div class=\"group TyagGW_tableWrapper flex flex-col-reverse w-fit\" tabindex=\"-1\">\n<table class=\"w-fit min-w-(--thread-content-width)\" data-start=\"2684\" data-end=\"3000\">\n<thead data-start=\"2684\" data-end=\"2708\">\n<tr data-start=\"2684\" data-end=\"2708\">\n<th class=\"\" data-start=\"2684\" data-end=\"2691\" data-col-size=\"sm\">Item<\/th>\n<th class=\"\" data-start=\"2691\" data-end=\"2708\" data-col-size=\"md\">Especifica\u00e7\u00e3o<\/th>\n<\/tr>\n<\/thead>\n<tbody data-start=\"2733\" data-end=\"3000\">\n<tr data-start=\"2733\" data-end=\"2771\">\n<td data-start=\"2733\" data-end=\"2746\" data-col-size=\"sm\">Rendimento<\/td>\n<td data-col-size=\"md\" data-start=\"2746\" data-end=\"2771\">\u2265 500 bolachas por hora<\/td>\n<\/tr>\n<tr data-start=\"2772\" data-end=\"2811\">\n<td data-start=\"2772\" data-end=\"2802\" data-col-size=\"sm\">Temperatura m\u00e1xima do implante<\/td>\n<td data-col-size=\"md\" data-start=\"2802\" data-end=\"2811\">400\u00b0C<\/td>\n<\/tr>\n<tr data-start=\"2812\" data-end=\"2854\">\n<td data-start=\"2812\" data-end=\"2829\" data-col-size=\"sm\">Tamanho do equipamento<\/td>\n<td data-col-size=\"md\" data-start=\"2829\" data-end=\"2854\">6400 \u00d7 3640 \u00d7 3100 mm<\/td>\n<\/tr>\n<tr data-start=\"2855\" data-end=\"2883\">\n<td data-start=\"2855\" data-end=\"2870\" data-col-size=\"sm\">N\u00edvel de v\u00e1cuo<\/td>\n<td data-col-size=\"md\" data-start=\"2870\" data-end=\"2883\">5E-7 Torr<\/td>\n<\/tr>\n<tr data-start=\"2884\" data-end=\"2915\">\n<td data-start=\"2884\" data-end=\"2900\" data-col-size=\"sm\">Fuga de raios X<\/td>\n<td data-col-size=\"md\" data-start=\"2900\" data-end=\"2915\">\u2264 0,3 \u03bcSv\/h<\/td>\n<\/tr>\n<tr data-start=\"2916\" data-end=\"3000\">\n<td data-start=\"2916\" data-end=\"2932\" data-col-size=\"sm\">Modo de digitaliza\u00e7\u00e3o<\/td>\n<td data-col-size=\"md\" data-start=\"2932\" data-end=\"3000\">Varrimento eletrost\u00e1tico horizontal + varrimento mec\u00e2nico vertical<\/td>\n<\/tr>\n<\/tbody>\n<\/table>\n<\/div>\n<\/div>\n<hr data-start=\"3002\" data-end=\"3005\" \/>\n<h2 data-section-id=\"1nd7jny\" data-start=\"3007\" data-end=\"3028\">Campos de aplica\u00e7\u00e3o<\/h2>\n<h3 data-section-id=\"1xxdh4v\" data-start=\"3030\" data-end=\"3062\">Processamento de semicondutores SiC<\/h3>\n<p data-start=\"3063\" data-end=\"3194\">Utilizado no fabrico de dispositivos de carboneto de sil\u00edcio, suportando processos de implanta\u00e7\u00e3o a alta temperatura necess\u00e1rios para materiais de grande intervalo de banda.<\/p>\n<h3 data-section-id=\"kkfbvw\" data-start=\"3196\" data-end=\"3241\">Fabrico de semicondutores \u00e0 base de sil\u00edcio<\/h3>\n<p data-start=\"3242\" data-end=\"3348\">Aplic\u00e1vel a linhas de produ\u00e7\u00e3o de bolachas de sil\u00edcio de 12 polegadas para fabrico de CMOS e de circuitos integrados avan\u00e7ados.<\/p>\n<h3 data-section-id=\"c3blgn\" data-start=\"3350\" data-end=\"3393\">Processos de implanta\u00e7\u00e3o a alta temperatura<\/h3>\n<p data-start=\"3394\" data-end=\"3511\">Suporta processos de implanta\u00e7\u00e3o que requerem uma temperatura elevada da bolacha para reduzir os defeitos e melhorar a ativa\u00e7\u00e3o do dopante.<\/p>\n<h3 data-section-id=\"2m28ht\" data-start=\"3513\" data-end=\"3541\">Fabrico de dispositivos de pot\u00eancia<\/h3>\n<p data-start=\"3542\" data-end=\"3646\">Adequado para dispositivos semicondutores de pot\u00eancia em que \u00e9 necess\u00e1ria uma dopagem precisa e uma implanta\u00e7\u00e3o de alta energia.<\/p>\n<h3 data-section-id=\"10yv1en\" data-start=\"3648\" data-end=\"3690\">Produ\u00e7\u00e3o avan\u00e7ada de circuitos integrados<\/h3>\n<p data-start=\"3691\" data-end=\"3777\">Suporta a integra\u00e7\u00e3o de processos LSI com requisitos de alta precis\u00e3o e alto rendimento.<\/p>\n<hr data-start=\"3779\" data-end=\"3782\" \/>\n<h2 data-section-id=\"1r8frcv\" data-start=\"3784\" data-end=\"3813\">Perguntas mais frequentes<\/h2>\n<h3 data-section-id=\"hl3b9g\" data-start=\"3815\" data-end=\"3867\">1. Que tamanho de bolacha \u00e9 suportado pelo sistema Ai300?<\/h3>\n<p data-start=\"3868\" data-end=\"3981\">O sistema foi concebido para bolachas de sil\u00edcio de 12 polegadas e \u00e9 adequado para linhas avan\u00e7adas de fabrico de semicondutores.<\/p>\n<h3 data-section-id=\"gygi37\" data-start=\"3983\" data-end=\"4063\">2. Qual \u00e9 a principal vantagem da capacidade de implanta\u00e7\u00e3o a alta temperatura<\/h3>\n<p data-start=\"4064\" data-end=\"4211\">O sistema suporta a implanta\u00e7\u00e3o at\u00e9 400\u00b0C, o que ajuda a reduzir os danos na rede, a melhorar a ativa\u00e7\u00e3o dos dopantes e a melhorar o desempenho geral do dispositivo.<\/p>\n<h3 data-section-id=\"13ypcut\" data-start=\"4213\" data-end=\"4293\">3. Qual o n\u00edvel de precis\u00e3o e efici\u00eancia de produ\u00e7\u00e3o do sistema?<\/h3>\n<p data-start=\"4294\" data-end=\"4481\">O sistema fornece uma precis\u00e3o angular de 0,1 graus, um paralelismo de feixe de 0,1 graus e uniformidade e repetibilidade de 0,5 por cento, com um rendimento de at\u00e9 500 bolachas por hora.<\/p>","protected":false},"excerpt":{"rendered":"<p>O sistema de implanta\u00e7\u00e3o i\u00f3nica de alta temperatura Ai300 (feixe m\u00e9dio) foi concebido para linhas de fabrico de semicondutores de bolachas de sil\u00edcio de 12 polegadas. \u00c9 um implantador de i\u00f5es de corrente m\u00e9dia desenvolvido para processos avan\u00e7ados de dopagem em aplica\u00e7\u00f5es de semicondutores \u00e0 base de sil\u00edcio e de banda larga, incluindo linhas de processamento de SiC.<\/p>","protected":false},"featured_media":2357,"comment_status":"open","ping_status":"closed","template":"","meta":{"site-sidebar-layout":"default","site-content-layout":"","ast-site-content-layout":"default","site-content-style":"default","site-sidebar-style":"default","ast-global-header-display":"","ast-banner-title-visibility":"","ast-main-header-display":"","ast-hfb-above-header-display":"","ast-hfb-below-header-display":"","ast-hfb-mobile-header-display":"","site-post-title":"","ast-breadcrumbs-content":"","ast-featured-img":"","footer-sml-layout":"","ast-disable-related-posts":"","theme-transparent-header-meta":"default","adv-header-id-meta":"","stick-header-meta":"default","header-above-stick-meta":"","header-main-stick-meta":"","header-below-stick-meta":"","astra-migrate-meta-layouts":"set","ast-page-background-enabled":"default","ast-page-background-meta":{"desktop":{"background-color":"var(--ast-global-color-4)","background-image":"","background-repeat":"repeat","background-position":"center center","background-size":"auto","background-attachment":"scroll","background-type":"","background-media":"","overlay-type":"","overlay-color":"","overlay-opacity":"","overlay-gradient":""},"tablet":{"background-color":"","background-image":"","background-repeat":"repeat","background-position":"center center","background-size":"auto","background-attachment":"scroll","background-type":"","background-media":"","overlay-type":"","overlay-color":"","overlay-opacity":"","overlay-gradient":""},"mobile":{"background-color":"","background-image":"","background-repeat":"repeat","background-position":"center center","background-size":"auto","background-attachment":"scroll","background-type":"","background-media":"","overlay-type":"","overlay-color":"","overlay-opacity":"","overlay-gradient":""}},"ast-content-background-meta":{"desktop":{"background-color":"var(--ast-global-color-5)","background-image":"","background-repeat":"repeat","background-position":"center center","background-size":"auto","background-attachment":"scroll","background-type":"","background-media":"","overlay-type":"","overlay-color":"","overlay-opacity":"","overlay-gradient":""},"tablet":{"background-color":"var(--ast-global-color-5)","background-image":"","background-repeat":"repeat","background-position":"center center","background-size":"auto","background-attachment":"scroll","background-type":"","background-media":"","overlay-type":"","overlay-color":"","overlay-opacity":"","overlay-gradient":""},"mobile":{"background-color":"var(--ast-global-color-5)","background-image":"","background-repeat":"repeat","background-position":"center center","background-size":"auto","background-attachment":"scroll","background-type":"","background-media":"","overlay-type":"","overlay-color":"","overlay-opacity":"","overlay-gradient":""}}},"product_brand":[],"product_cat":[1177],"product_tag":[1160,1194,1178,1181,1186,1197,1196,1185,1195,1198],"class_list":{"0":"post-2354","1":"product","2":"type-product","3":"status-publish","4":"has-post-thumbnail","6":"product_cat-ion-implantation-equipment","7":"product_tag-12-inch-wafer-equipment","8":"product_tag-high-temperature-ion-implantation","9":"product_tag-ion-implantation-system","10":"product_tag-lsi-manufacturing-equipment","11":"product_tag-medium-beam-ion-implanter","12":"product_tag-power-semiconductor-processing","13":"product_tag-semiconductor-doping-machine","14":"product_tag-semiconductor-fabrication-equipment","15":"product_tag-sic-implantation-equipment","16":"product_tag-wide-bandgap-semiconductor-equipment","17":"desktop-align-left","18":"tablet-align-left","19":"mobile-align-left","20":"ast-product-gallery-layout-horizontal-slider","21":"ast-product-gallery-with-no-image","22":"ast-product-tabs-layout-horizontal","24":"first","25":"instock","26":"shipping-taxable","27":"product-type-simple"},"_links":{"self":[{"href":"https:\/\/www.zmsh-semitech.com\/pt\/wp-json\/wp\/v2\/product\/2354","targetHints":{"allow":["GET"]}}],"collection":[{"href":"https:\/\/www.zmsh-semitech.com\/pt\/wp-json\/wp\/v2\/product"}],"about":[{"href":"https:\/\/www.zmsh-semitech.com\/pt\/wp-json\/wp\/v2\/types\/product"}],"replies":[{"embeddable":true,"href":"https:\/\/www.zmsh-semitech.com\/pt\/wp-json\/wp\/v2\/comments?post=2354"}],"version-history":[{"count":5,"href":"https:\/\/www.zmsh-semitech.com\/pt\/wp-json\/wp\/v2\/product\/2354\/revisions"}],"predecessor-version":[{"id":2370,"href":"https:\/\/www.zmsh-semitech.com\/pt\/wp-json\/wp\/v2\/product\/2354\/revisions\/2370"}],"wp:featuredmedia":[{"embeddable":true,"href":"https:\/\/www.zmsh-semitech.com\/pt\/wp-json\/wp\/v2\/media\/2357"}],"wp:attachment":[{"href":"https:\/\/www.zmsh-semitech.com\/pt\/wp-json\/wp\/v2\/media?parent=2354"}],"wp:term":[{"taxonomy":"product_brand","embeddable":true,"href":"https:\/\/www.zmsh-semitech.com\/pt\/wp-json\/wp\/v2\/product_brand?post=2354"},{"taxonomy":"product_cat","embeddable":true,"href":"https:\/\/www.zmsh-semitech.com\/pt\/wp-json\/wp\/v2\/product_cat?post=2354"},{"taxonomy":"product_tag","embeddable":true,"href":"https:\/\/www.zmsh-semitech.com\/pt\/wp-json\/wp\/v2\/product_tag?post=2354"}],"curies":[{"name":"wp","href":"https:\/\/api.w.org\/{rel}","templated":true}]}}