{"id":2346,"date":"2026-04-22T05:56:29","date_gmt":"2026-04-22T05:56:29","guid":{"rendered":"https:\/\/www.zmsh-semitech.com\/?post_type=product&#038;p=2346"},"modified":"2026-04-22T07:25:08","modified_gmt":"2026-04-22T07:25:08","slug":"ai250-medium-beam-room-temperature-ion-implantation-system-for-6-8-inch-silicon-wafer-processing","status":"publish","type":"product","link":"https:\/\/www.zmsh-semitech.com\/pt\/product\/ai250-medium-beam-room-temperature-ion-implantation-system-for-6-8-inch-silicon-wafer-processing\/","title":{"rendered":"Sistema de implanta\u00e7\u00e3o de i\u00f5es Ai250 (feixe m\u00e9dio) \u00e0 temperatura ambiente para processamento de bolachas de sil\u00edcio de 6-8 polegadas"},"content":{"rendered":"<p data-start=\"190\" data-end=\"506\"><img decoding=\"async\" class=\"wp-image-2347 alignright\" src=\"https:\/\/www.zmsh-semitech.com\/wp-content\/uploads\/2026\/04\/Ai250-Medium-Beam-Room-Temperature-Ion-Implantation-System-for-6-8-Inch-Silicon-Wafer-Processing-300x300.png\" alt=\"\" width=\"217\" height=\"217\" srcset=\"\" sizes=\"(max-width: 217px) 100vw, 217px\" data-srcset=\"\" \/>O sistema de implanta\u00e7\u00e3o de i\u00f5es Ai250 (feixe m\u00e9dio) foi concebido para linhas de fabrico de semicondutores de bolachas de sil\u00edcio de 6 e 8 polegadas. \u00c9 um implantador de i\u00f5es de corrente m\u00e9dia utilizado em processos avan\u00e7ados de fabrico de circuitos integrados, proporcionando um desempenho est\u00e1vel do feixe, uma elevada precis\u00e3o de implanta\u00e7\u00e3o e um controlo fi\u00e1vel da dose.<\/p>\n<p data-start=\"508\" data-end=\"755\">O sistema suporta uma gama de energia de 5 keV a 250 keV, permitindo aplica\u00e7\u00f5es de implanta\u00e7\u00e3o de i\u00f5es superficiais e profundas. \u00c9 adequado para uma vasta gama de processos de dopagem de semicondutores e \u00e9 totalmente compat\u00edvel com os requisitos de fabrico de LSI.<\/p>\n<hr data-start=\"757\" data-end=\"760\" \/>\n<h2 data-section-id=\"1d7mrtu\" data-start=\"762\" data-end=\"773\">Carater\u00edsticas<\/h2>\n<h3 data-section-id=\"cu05id\" data-start=\"775\" data-end=\"809\">Desempenho est\u00e1vel do feixe m\u00e9dio<\/h3>\n<p data-start=\"810\" data-end=\"927\">Assegura uma sa\u00edda est\u00e1vel do feixe de i\u00f5es durante longos ciclos de produ\u00e7\u00e3o, melhorando a consist\u00eancia do processo e reduzindo a variabilidade.<\/p>\n<h3 data-section-id=\"14z8c7o\" data-start=\"929\" data-end=\"961\">Capacidade para uma vasta gama de energia<\/h3>\n<p data-start=\"962\" data-end=\"1082\">A gama de energia de 5-250 keV permite requisitos de implanta\u00e7\u00e3o flex\u00edveis para diferentes estruturas de dispositivos e n\u00f3s de processo.<\/p>\n<h3 data-section-id=\"1hi8i36\" data-start=\"1084\" data-end=\"1118\">Controlo de processos de alta precis\u00e3o<\/h3>\n<p data-start=\"1119\" data-end=\"1264\">Proporciona um desempenho de implanta\u00e7\u00e3o de elevada precis\u00e3o com precis\u00e3o angular \u2264 0,2\u00b0, paralelismo do feixe \u2264 0,2\u00b0, uniformidade \u2264 0,5% e repetibilidade \u2264 0,5%.<\/p>\n<h3 data-section-id=\"8aw6q\" data-start=\"1266\" data-end=\"1296\">Elevada capacidade de produ\u00e7\u00e3o<\/h3>\n<p data-start=\"1297\" data-end=\"1389\">Suporta \u2265 200 bolachas por hora, adequado para produ\u00e7\u00e3o de semicondutores de volume m\u00e9dio a elevado.<\/p>\n<h3 data-section-id=\"oms7zj\" data-start=\"1391\" data-end=\"1419\">Fun\u00e7\u00e3o do implante de padr\u00e3o<\/h3>\n<p data-start=\"1420\" data-end=\"1545\">Suporta a implanta\u00e7\u00e3o de v\u00e1rias zonas e quadrantes numa \u00fanica bolacha, melhorando a flexibilidade do processo e reduzindo o custo de desenvolvimento.<\/p>\n<h3 data-section-id=\"1bq068l\" data-start=\"1547\" data-end=\"1576\">Compatibilidade de processos LSI<\/h3>\n<p data-start=\"1577\" data-end=\"1641\">Totalmente compat\u00edvel com os processos de fabrico de semicondutores LSI.<\/p>\n<p data-start=\"1577\" data-end=\"1641\"><img fetchpriority=\"high\" decoding=\"async\" class=\"wp-image-2371 size-large aligncenter\" src=\"https:\/\/www.zmsh-semitech.com\/wp-content\/uploads\/2026\/04\/rs-1024x388.png\" alt=\"\" width=\"1024\" height=\"388\" srcset=\"https:\/\/www.zmsh-semitech.com\/wp-content\/uploads\/2026\/04\/rs-1024x388.png 1024w, https:\/\/www.zmsh-semitech.com\/wp-content\/uploads\/2026\/04\/rs-300x114.png 300w, https:\/\/www.zmsh-semitech.com\/wp-content\/uploads\/2026\/04\/rs-768x291.png 768w, https:\/\/www.zmsh-semitech.com\/wp-content\/uploads\/2026\/04\/rs-18x7.png 18w, https:\/\/www.zmsh-semitech.com\/wp-content\/uploads\/2026\/04\/rs-600x227.png 600w, https:\/\/www.zmsh-semitech.com\/wp-content\/uploads\/2026\/04\/rs.png 1216w\" sizes=\"(max-width: 1024px) 100vw, 1024px\" \/><\/p>\n<hr data-start=\"1643\" data-end=\"1646\" \/>\n<h2 data-section-id=\"rkota4\" data-start=\"1648\" data-end=\"1669\">Especifica\u00e7\u00f5es principais<\/h2>\n<h3 data-section-id=\"rc5knr\" data-start=\"1671\" data-end=\"1693\">Par\u00e2metros do processo<\/h3>\n<div class=\"TyagGW_tableContainer\">\n<div class=\"group TyagGW_tableWrapper flex flex-col-reverse w-fit\" tabindex=\"-1\">\n<table class=\"w-fit min-w-(--thread-content-width)\" data-start=\"1695\" data-end=\"1899\">\n<thead data-start=\"1695\" data-end=\"1719\">\n<tr data-start=\"1695\" data-end=\"1719\">\n<th class=\"\" data-start=\"1695\" data-end=\"1702\" data-col-size=\"sm\">Item<\/th>\n<th class=\"\" data-start=\"1702\" data-end=\"1719\" data-col-size=\"sm\">Especifica\u00e7\u00e3o<\/th>\n<\/tr>\n<\/thead>\n<tbody data-start=\"1744\" data-end=\"1899\">\n<tr data-start=\"1744\" data-end=\"1784\">\n<td data-start=\"1744\" data-end=\"1757\" data-col-size=\"sm\">Tamanho da pastilha<\/td>\n<td data-col-size=\"sm\" data-start=\"1757\" data-end=\"1784\">Bolachas de silicone de 6-8 polegadas<\/td>\n<\/tr>\n<tr data-start=\"1785\" data-end=\"1813\">\n<td data-start=\"1785\" data-end=\"1800\" data-col-size=\"sm\">Gama de energia<\/td>\n<td data-col-size=\"sm\" data-start=\"1800\" data-end=\"1813\">5-250 keV<\/td>\n<\/tr>\n<tr data-start=\"1814\" data-end=\"1863\">\n<td data-start=\"1814\" data-end=\"1835\" data-col-size=\"sm\">Elementos Implantados<\/td>\n<td data-col-size=\"sm\" data-start=\"1835\" data-end=\"1863\">B+, P+, As+, Ar+, N+, H+<\/td>\n<\/tr>\n<tr data-start=\"1864\" data-end=\"1899\">\n<td data-start=\"1864\" data-end=\"1877\" data-col-size=\"sm\">Intervalo de dose<\/td>\n<td data-col-size=\"sm\" data-start=\"1877\" data-end=\"1899\">5E11-1E16 i\u00f5es\/cm\u00b2<\/td>\n<\/tr>\n<\/tbody>\n<\/table>\n<\/div>\n<\/div>\n<h3 data-section-id=\"h0mtjp\" data-start=\"1901\" data-end=\"1921\">Desempenho do feixe<\/h3>\n<div class=\"TyagGW_tableContainer\">\n<div class=\"group TyagGW_tableWrapper flex flex-col-reverse w-fit\" tabindex=\"-1\">\n<table class=\"w-fit min-w-(--thread-content-width)\" data-start=\"1923\" data-end=\"2217\">\n<thead data-start=\"1923\" data-end=\"1947\">\n<tr data-start=\"1923\" data-end=\"1947\">\n<th class=\"\" data-start=\"1923\" data-end=\"1930\" data-col-size=\"sm\">Item<\/th>\n<th class=\"\" data-start=\"1930\" data-end=\"1947\" data-col-size=\"md\">Especifica\u00e7\u00e3o<\/th>\n<\/tr>\n<\/thead>\n<tbody data-start=\"1972\" data-end=\"2217\">\n<tr data-start=\"1972\" data-end=\"2104\">\n<td data-start=\"1972\" data-end=\"1995\" data-col-size=\"sm\">Corrente m\u00e1xima do feixe<\/td>\n<td data-col-size=\"md\" data-start=\"1995\" data-end=\"2104\">Ar+ \u2265 1300 \u03bcA @ \u2265220 keV<br \/>\nB+ \u2265 1000 \u03bcA @ \u2265220 keV<br \/>\nP+ \u2265 1300 \u03bcA @ \u2265220 keV<br \/>\nN+ \u2265 1000 \u03bcA @ \u2265220 keV<\/td>\n<\/tr>\n<tr data-start=\"2105\" data-end=\"2187\">\n<td data-start=\"2105\" data-end=\"2122\" data-col-size=\"sm\">Estabilidade da viga<\/td>\n<td data-col-size=\"md\" data-start=\"2122\" data-end=\"2187\">\u2264 15% \/ hora (interrup\u00e7\u00e3o do feixe e forma\u00e7\u00e3o de arcos \u2264 1 vez por hora)<\/td>\n<\/tr>\n<tr data-start=\"2188\" data-end=\"2217\">\n<td data-start=\"2188\" data-end=\"2207\" data-col-size=\"sm\">Paralelismo de vigas<\/td>\n<td data-col-size=\"md\" data-start=\"2207\" data-end=\"2217\">\u2264 0.2\u00b0<\/td>\n<\/tr>\n<\/tbody>\n<\/table>\n<\/div>\n<\/div>\n<h3 data-section-id=\"ieoahx\" data-start=\"2219\" data-end=\"2244\">Precis\u00e3o da implanta\u00e7\u00e3o<\/h3>\n<div class=\"TyagGW_tableContainer\">\n<div class=\"group TyagGW_tableWrapper flex flex-col-reverse w-fit\" tabindex=\"-1\">\n<table class=\"w-fit min-w-(--thread-content-width)\" data-start=\"2246\" data-end=\"2436\">\n<thead data-start=\"2246\" data-end=\"2270\">\n<tr data-start=\"2246\" data-end=\"2270\">\n<th class=\"\" data-start=\"2246\" data-end=\"2253\" data-col-size=\"sm\">Item<\/th>\n<th class=\"\" data-start=\"2253\" data-end=\"2270\" data-col-size=\"sm\">Especifica\u00e7\u00e3o<\/th>\n<\/tr>\n<\/thead>\n<tbody data-start=\"2295\" data-end=\"2436\">\n<tr data-start=\"2295\" data-end=\"2327\">\n<td data-start=\"2295\" data-end=\"2317\" data-col-size=\"sm\">Gama de \u00e2ngulos do implante<\/td>\n<td data-col-size=\"sm\" data-start=\"2317\" data-end=\"2327\">0\u00b0-45\u00b0<\/td>\n<\/tr>\n<tr data-start=\"2328\" data-end=\"2355\">\n<td data-start=\"2328\" data-end=\"2345\" data-col-size=\"sm\">Precis\u00e3o do \u00e2ngulo<\/td>\n<td data-col-size=\"sm\" data-start=\"2345\" data-end=\"2355\">\u2264 0.2\u00b0<\/td>\n<\/tr>\n<tr data-start=\"2356\" data-end=\"2404\">\n<td data-start=\"2356\" data-end=\"2374\" data-col-size=\"sm\">Uniformidade (1\u03c3)<\/td>\n<td data-col-size=\"sm\" data-start=\"2374\" data-end=\"2404\">\u2264 0,5% (B+, 2E14, 150 keV)<\/td>\n<\/tr>\n<tr data-start=\"2405\" data-end=\"2436\">\n<td data-start=\"2405\" data-end=\"2426\" data-col-size=\"sm\">Repetibilidade (1\u03c3)<\/td>\n<td data-col-size=\"sm\" data-start=\"2426\" data-end=\"2436\">\u2264 0,5%<\/td>\n<\/tr>\n<\/tbody>\n<\/table>\n<\/div>\n<\/div>\n<h3 data-section-id=\"1i84h7f\" data-start=\"2438\" data-end=\"2460\">Desempenho do sistema<\/h3>\n<div class=\"TyagGW_tableContainer\">\n<div class=\"group TyagGW_tableWrapper flex flex-col-reverse w-fit\" tabindex=\"-1\">\n<table class=\"w-fit min-w-(--thread-content-width)\" data-start=\"2462\" data-end=\"2740\">\n<thead data-start=\"2462\" data-end=\"2486\">\n<tr data-start=\"2462\" data-end=\"2486\">\n<th class=\"\" data-start=\"2462\" data-end=\"2469\" data-col-size=\"sm\">Item<\/th>\n<th class=\"\" data-start=\"2469\" data-end=\"2486\" data-col-size=\"md\">Especifica\u00e7\u00e3o<\/th>\n<\/tr>\n<\/thead>\n<tbody data-start=\"2511\" data-end=\"2740\">\n<tr data-start=\"2511\" data-end=\"2549\">\n<td data-start=\"2511\" data-end=\"2524\" data-col-size=\"sm\">Rendimento<\/td>\n<td data-col-size=\"md\" data-start=\"2524\" data-end=\"2549\">\u2265 200 bolachas por hora<\/td>\n<\/tr>\n<tr data-start=\"2550\" data-end=\"2580\">\n<td data-start=\"2550\" data-end=\"2565\" data-col-size=\"sm\">N\u00edvel de v\u00e1cuo<\/td>\n<td data-col-size=\"md\" data-start=\"2565\" data-end=\"2580\">&lt; 5E-7 Torr<\/td>\n<\/tr>\n<tr data-start=\"2581\" data-end=\"2612\">\n<td data-start=\"2581\" data-end=\"2597\" data-col-size=\"sm\">Fuga de raios X<\/td>\n<td data-col-size=\"md\" data-start=\"2597\" data-end=\"2612\">\u2264 0,6 \u03bcSv\/h<\/td>\n<\/tr>\n<tr data-start=\"2613\" data-end=\"2697\">\n<td data-start=\"2613\" data-end=\"2629\" data-col-size=\"sm\">Modo de digitaliza\u00e7\u00e3o<\/td>\n<td data-col-size=\"md\" data-start=\"2629\" data-end=\"2697\">Varrimento eletrost\u00e1tico horizontal + varrimento mec\u00e2nico vertical<\/td>\n<\/tr>\n<tr data-start=\"2698\" data-end=\"2740\">\n<td data-start=\"2698\" data-end=\"2715\" data-col-size=\"sm\">Tamanho do equipamento<\/td>\n<td data-col-size=\"md\" data-start=\"2715\" data-end=\"2740\">5600 \u00d7 3300 \u00d7 2600 mm<\/td>\n<\/tr>\n<\/tbody>\n<\/table>\n<\/div>\n<\/div>\n<hr data-start=\"2742\" data-end=\"2745\" \/>\n<h2 data-section-id=\"1nd7jny\" data-start=\"2747\" data-end=\"2768\">Campos de aplica\u00e7\u00e3o<\/h2>\n<h3 data-section-id=\"y2e8l1\" data-start=\"2770\" data-end=\"2808\">Fabrico de dispositivos de semicondutores<\/h3>\n<p data-start=\"2809\" data-end=\"2910\">Utilizado na produ\u00e7\u00e3o de dispositivos l\u00f3gicos CMOS, proporcionando uma implanta\u00e7\u00e3o precisa de dopantes para a forma\u00e7\u00e3o de trans\u00edstores.<\/p>\n<h3 data-section-id=\"184zlsy\" data-start=\"2912\" data-end=\"2946\">Fabrico de circuitos integrados<\/h3>\n<p data-start=\"2947\" data-end=\"3042\">Aplicado em LSI e em processos avan\u00e7ados de fabrico de circuitos integrados que exigem um controlo de dopagem de alta precis\u00e3o.<\/p>\n<h3 data-section-id=\"l748la\" data-start=\"3044\" data-end=\"3083\">Forma\u00e7\u00e3o de jun\u00e7\u00e3o rasa e profunda<\/h3>\n<p data-start=\"3084\" data-end=\"3172\">Apoia os processos de implanta\u00e7\u00e3o para engenharia de fonte\/dreno e controlo da profundidade da jun\u00e7\u00e3o.<\/p>\n<h3 data-section-id=\"oja97j\" data-start=\"3174\" data-end=\"3196\">Engenharia de Dopantes<\/h3>\n<p data-start=\"3197\" data-end=\"3292\">Utilizado para controlar as propriedades el\u00e9ctricas de bolachas de sil\u00edcio atrav\u00e9s de uma implanta\u00e7\u00e3o i\u00f3nica precisa.<\/p>\n<h3 data-section-id=\"dpf9id\" data-start=\"3294\" data-end=\"3325\">Desenvolvimento de processos e I&amp;D<\/h3>\n<p data-start=\"3326\" data-end=\"3428\">Adequado para o desenvolvimento de processos de semicondutores, produ\u00e7\u00e3o piloto e fabrico experimental de dispositivos.<\/p>\n<hr data-start=\"3430\" data-end=\"3433\" \/>\n<h2 data-section-id=\"1r8frcv\" data-start=\"3435\" data-end=\"3464\">Perguntas mais frequentes<\/h2>\n<h3 data-section-id=\"kw7yja\" data-start=\"3466\" data-end=\"3512\">1. Que tamanhos de bolacha s\u00e3o suportados pelo Ai250<\/h3>\n<p data-start=\"3513\" data-end=\"3631\">O sistema suporta wafers de sil\u00edcio de 6 e 8 polegadas e \u00e9 adequado para as principais linhas de fabrico de semicondutores.<\/p>\n<h3 data-section-id=\"1ufru2j\" data-start=\"3633\" data-end=\"3678\">2. Qual \u00e9 a gama de energia do sistema<\/h3>\n<p data-start=\"3679\" data-end=\"3810\">A gama de energia \u00e9 de 5 keV a 250 keV, suportando processos de implanta\u00e7\u00e3o superficial e profunda para o fabrico de dispositivos semicondutores.<\/p>\n<h3 data-section-id=\"ce5nbe\" data-start=\"3812\" data-end=\"3873\">3. Qual o n\u00edvel de exatid\u00e3o do processo que o sistema proporciona<\/h3>\n<p data-start=\"3874\" data-end=\"4052\">O sistema proporciona uma precis\u00e3o angular de 0,2\u00b0, um paralelismo de feixe de 0,2\u00b0 e uma uniformidade e repetibilidade de 0,5%, garantindo um desempenho de produ\u00e7\u00e3o est\u00e1vel e de elevado rendimento.<\/p>","protected":false},"excerpt":{"rendered":"<p>O sistema de implanta\u00e7\u00e3o de i\u00f5es Ai250 (feixe m\u00e9dio) foi concebido para linhas de fabrico de semicondutores de bolachas de sil\u00edcio de 6 e 8 polegadas. \u00c9 um implantador de i\u00f5es de corrente m\u00e9dia utilizado em processos avan\u00e7ados de fabrico de circuitos integrados, proporcionando um desempenho est\u00e1vel do feixe, uma elevada precis\u00e3o de implanta\u00e7\u00e3o e um controlo fi\u00e1vel da dose.<\/p>","protected":false},"featured_media":2347,"comment_status":"open","ping_status":"closed","template":"","meta":{"site-sidebar-layout":"default","site-content-layout":"","ast-site-content-layout":"default","site-content-style":"default","site-sidebar-style":"default","ast-global-header-display":"","ast-banner-title-visibility":"","ast-main-header-display":"","ast-hfb-above-header-display":"","ast-hfb-below-header-display":"","ast-hfb-mobile-header-display":"","site-post-title":"","ast-breadcrumbs-content":"","ast-featured-img":"","footer-sml-layout":"","ast-disable-related-posts":"","theme-transparent-header-meta":"default","adv-header-id-meta":"","stick-header-meta":"default","header-above-stick-meta":"","header-main-stick-meta":"","header-below-stick-meta":"","astra-migrate-meta-layouts":"set","ast-page-background-enabled":"default","ast-page-background-meta":{"desktop":{"background-color":"var(--ast-global-color-4)","background-image":"","background-repeat":"repeat","background-position":"center center","background-size":"auto","background-attachment":"scroll","background-type":"","background-media":"","overlay-type":"","overlay-color":"","overlay-opacity":"","overlay-gradient":""},"tablet":{"background-color":"","background-image":"","background-repeat":"repeat","background-position":"center center","background-size":"auto","background-attachment":"scroll","background-type":"","background-media":"","overlay-type":"","overlay-color":"","overlay-opacity":"","overlay-gradient":""},"mobile":{"background-color":"","background-image":"","background-repeat":"repeat","background-position":"center center","background-size":"auto","background-attachment":"scroll","background-type":"","background-media":"","overlay-type":"","overlay-color":"","overlay-opacity":"","overlay-gradient":""}},"ast-content-background-meta":{"desktop":{"background-color":"var(--ast-global-color-5)","background-image":"","background-repeat":"repeat","background-position":"center center","background-size":"auto","background-attachment":"scroll","background-type":"","background-media":"","overlay-type":"","overlay-color":"","overlay-opacity":"","overlay-gradient":""},"tablet":{"background-color":"var(--ast-global-color-5)","background-image":"","background-repeat":"repeat","background-position":"center center","background-size":"auto","background-attachment":"scroll","background-type":"","background-media":"","overlay-type":"","overlay-color":"","overlay-opacity":"","overlay-gradient":""},"mobile":{"background-color":"var(--ast-global-color-5)","background-image":"","background-repeat":"repeat","background-position":"center center","background-size":"auto","background-attachment":"scroll","background-type":"","background-media":"","overlay-type":"","overlay-color":"","overlay-opacity":"","overlay-gradient":""}}},"product_brand":[],"product_cat":[1177],"product_tag":[1189,1190,1191,1193,1178,1192,1186,1185,1188,1187],"class_list":{"0":"post-2346","1":"product","2":"type-product","3":"status-publish","4":"has-post-thumbnail","6":"product_cat-ion-implantation-equipment","7":"product_tag-6-inch-wafer-equipment","8":"product_tag-8-inch-wafer-processing","9":"product_tag-cmos-manufacturing-equipment","10":"product_tag-high-current-ion-implantation","11":"product_tag-ion-implantation-system","12":"product_tag-lsi-process-equipment","13":"product_tag-medium-beam-ion-implanter","14":"product_tag-semiconductor-fabrication-equipment","15":"product_tag-semiconductor-implantation-machine","16":"product_tag-silicon-wafer-doping-equipment","17":"desktop-align-left","18":"tablet-align-left","19":"mobile-align-left","20":"ast-product-gallery-layout-horizontal-slider","21":"ast-product-gallery-with-no-image","22":"ast-product-tabs-layout-horizontal","24":"first","25":"instock","26":"shipping-taxable","27":"product-type-simple"},"_links":{"self":[{"href":"https:\/\/www.zmsh-semitech.com\/pt\/wp-json\/wp\/v2\/product\/2346","targetHints":{"allow":["GET"]}}],"collection":[{"href":"https:\/\/www.zmsh-semitech.com\/pt\/wp-json\/wp\/v2\/product"}],"about":[{"href":"https:\/\/www.zmsh-semitech.com\/pt\/wp-json\/wp\/v2\/types\/product"}],"replies":[{"embeddable":true,"href":"https:\/\/www.zmsh-semitech.com\/pt\/wp-json\/wp\/v2\/comments?post=2346"}],"version-history":[{"count":2,"href":"https:\/\/www.zmsh-semitech.com\/pt\/wp-json\/wp\/v2\/product\/2346\/revisions"}],"predecessor-version":[{"id":2374,"href":"https:\/\/www.zmsh-semitech.com\/pt\/wp-json\/wp\/v2\/product\/2346\/revisions\/2374"}],"wp:featuredmedia":[{"embeddable":true,"href":"https:\/\/www.zmsh-semitech.com\/pt\/wp-json\/wp\/v2\/media\/2347"}],"wp:attachment":[{"href":"https:\/\/www.zmsh-semitech.com\/pt\/wp-json\/wp\/v2\/media?parent=2346"}],"wp:term":[{"taxonomy":"product_brand","embeddable":true,"href":"https:\/\/www.zmsh-semitech.com\/pt\/wp-json\/wp\/v2\/product_brand?post=2346"},{"taxonomy":"product_cat","embeddable":true,"href":"https:\/\/www.zmsh-semitech.com\/pt\/wp-json\/wp\/v2\/product_cat?post=2346"},{"taxonomy":"product_tag","embeddable":true,"href":"https:\/\/www.zmsh-semitech.com\/pt\/wp-json\/wp\/v2\/product_tag?post=2346"}],"curies":[{"name":"wp","href":"https:\/\/api.w.org\/{rel}","templated":true}]}}