{"id":2327,"date":"2026-04-21T06:21:20","date_gmt":"2026-04-21T06:21:20","guid":{"rendered":"https:\/\/www.zmsh-semitech.com\/?post_type=product&#038;p=2327"},"modified":"2026-04-21T06:21:21","modified_gmt":"2026-04-21T06:21:21","slug":"wafer-thinning-system-precision-back-grinding-equipment-for-si-sic-and-4-to-12-inch-semiconductor-wafers","status":"publish","type":"product","link":"https:\/\/www.zmsh-semitech.com\/pt\/product\/wafer-thinning-system-precision-back-grinding-equipment-for-si-sic-and-4-to-12-inch-semiconductor-wafers\/","title":{"rendered":"Sistema de desbaste de bolachas Equipamento de retifica\u00e7\u00e3o posterior de precis\u00e3o para bolachas de semicondutores de Si SiC e 4 a 12 polegadas"},"content":{"rendered":"<p data-start=\"294\" data-end=\"629\"><img fetchpriority=\"high\" decoding=\"async\" class=\"alignright wp-image-2329 size-medium\" src=\"https:\/\/www.zmsh-semitech.com\/wp-content\/uploads\/2026\/04\/wafer_thinning_system_precision_thinning_equipment_sic_si_wafer_compatible_4_12inch_wafer_capacity2-300x300.webp\" alt=\"Sistema de desbaste de bolachas Equipamento de retifica\u00e7\u00e3o posterior de precis\u00e3o para bolachas de semicondutores de Si SiC e 4 a 12 polegadas\" width=\"300\" height=\"300\" srcset=\"https:\/\/www.zmsh-semitech.com\/wp-content\/uploads\/2026\/04\/wafer_thinning_system_precision_thinning_equipment_sic_si_wafer_compatible_4_12inch_wafer_capacity2-300x300.webp 300w, https:\/\/www.zmsh-semitech.com\/wp-content\/uploads\/2026\/04\/wafer_thinning_system_precision_thinning_equipment_sic_si_wafer_compatible_4_12inch_wafer_capacity2-150x150.webp 150w, https:\/\/www.zmsh-semitech.com\/wp-content\/uploads\/2026\/04\/wafer_thinning_system_precision_thinning_equipment_sic_si_wafer_compatible_4_12inch_wafer_capacity2-12x12.webp 12w, https:\/\/www.zmsh-semitech.com\/wp-content\/uploads\/2026\/04\/wafer_thinning_system_precision_thinning_equipment_sic_si_wafer_compatible_4_12inch_wafer_capacity2-600x600.webp 600w, https:\/\/www.zmsh-semitech.com\/wp-content\/uploads\/2026\/04\/wafer_thinning_system_precision_thinning_equipment_sic_si_wafer_compatible_4_12inch_wafer_capacity2-100x100.webp 100w, https:\/\/www.zmsh-semitech.com\/wp-content\/uploads\/2026\/04\/wafer_thinning_system_precision_thinning_equipment_sic_si_wafer_compatible_4_12inch_wafer_capacity2.webp 750w\" sizes=\"(max-width: 300px) 100vw, 300px\" \/>O equipamento de retifica\u00e7\u00e3o posterior de precis\u00e3o do sistema de desbaste de bolachas \u00e9 uma solu\u00e7\u00e3o de processamento de bolachas de alta precis\u00e3o concebida para o fabrico avan\u00e7ado de semicondutores. Suporta bolachas de 4 a 12 polegadas, incluindo sil\u00edcio (Si), carboneto de sil\u00edcio (SiC), arsenieto de g\u00e1lio (GaAs), safira e outros materiais semicondutores compostos fr\u00e1geis.<\/p>\n<p data-start=\"631\" data-end=\"924\">Este sistema foi concebido para um desbaste ultra-preciso da face posterior da bolacha, permitindo a redu\u00e7\u00e3o da espessura para n\u00edveis micr\u00f3nicos e submicr\u00f3nicos, mantendo uma excelente integridade da superf\u00edcie. Desempenha um papel cr\u00edtico na embalagem avan\u00e7ada, dispositivos de pot\u00eancia, MEMS e fabrico de semicondutores compostos.<\/p>\n<p data-start=\"926\" data-end=\"1135\">Ao integrar um design mec\u00e2nico de elevada rigidez, controlo preciso do eixo Z e monitoriza\u00e7\u00e3o da espessura em tempo real, o equipamento assegura um desempenho de processamento est\u00e1vel e repet\u00edvel para a produ\u00e7\u00e3o \u00e0 escala industrial.<\/p>\n<hr data-start=\"1137\" data-end=\"1140\" \/>\n<h2 data-section-id=\"17sw59i\" data-start=\"1142\" data-end=\"1171\"><span role=\"text\">Principais carater\u00edsticas t\u00e9cnicas<\/span><\/h2>\n<h3 data-section-id=\"kcynyn\" data-start=\"1173\" data-end=\"1213\"><span role=\"text\">Controlo de espessura de alta precis\u00e3o<\/span><\/h3>\n<ul data-start=\"1214\" data-end=\"1353\">\n<li data-section-id=\"qvz3ew\" data-start=\"1214\" data-end=\"1245\">Precis\u00e3o da espessura: \u00b11 \u03bcm<\/li>\n<li data-section-id=\"vbuidj\" data-start=\"1246\" data-end=\"1290\">Varia\u00e7\u00e3o da espessura total (TTV): \u22642 \u03bcm<\/li>\n<li data-section-id=\"rxazu8\" data-start=\"1291\" data-end=\"1353\">Os modelos avan\u00e7ados alcan\u00e7am um controlo submicr\u00f3nico at\u00e9 \u00b10,5 \u03bcm<\/li>\n<\/ul>\n<h3 data-section-id=\"15s8v24\" data-start=\"1355\" data-end=\"1390\"><span role=\"text\"><img decoding=\"async\" class=\"size-medium wp-image-2330 alignright\" src=\"https:\/\/www.zmsh-semitech.com\/wp-content\/uploads\/2026\/04\/wafer_thinning_system_precision_thinning_equipment_sic_si_wafer_compatible_4_12inch_wafer_capacity-300x300.webp\" alt=\"\" width=\"300\" height=\"300\" srcset=\"https:\/\/www.zmsh-semitech.com\/wp-content\/uploads\/2026\/04\/wafer_thinning_system_precision_thinning_equipment_sic_si_wafer_compatible_4_12inch_wafer_capacity-300x300.webp 300w, https:\/\/www.zmsh-semitech.com\/wp-content\/uploads\/2026\/04\/wafer_thinning_system_precision_thinning_equipment_sic_si_wafer_compatible_4_12inch_wafer_capacity-150x150.webp 150w, https:\/\/www.zmsh-semitech.com\/wp-content\/uploads\/2026\/04\/wafer_thinning_system_precision_thinning_equipment_sic_si_wafer_compatible_4_12inch_wafer_capacity-12x12.webp 12w, https:\/\/www.zmsh-semitech.com\/wp-content\/uploads\/2026\/04\/wafer_thinning_system_precision_thinning_equipment_sic_si_wafer_compatible_4_12inch_wafer_capacity-600x600.webp 600w, https:\/\/www.zmsh-semitech.com\/wp-content\/uploads\/2026\/04\/wafer_thinning_system_precision_thinning_equipment_sic_si_wafer_compatible_4_12inch_wafer_capacity-100x100.webp 100w, https:\/\/www.zmsh-semitech.com\/wp-content\/uploads\/2026\/04\/wafer_thinning_system_precision_thinning_equipment_sic_si_wafer_compatible_4_12inch_wafer_capacity.webp 750w\" sizes=\"(max-width: 300px) 100vw, 300px\" \/>Ampla compatibilidade de materiais<\/span><\/h3>\n<p data-start=\"1391\" data-end=\"1452\">Suporta uma vasta gama de semicondutores e materiais fr\u00e1geis:<\/p>\n<ul data-start=\"1453\" data-end=\"1574\">\n<li data-section-id=\"1mmq8pa\" data-start=\"1453\" data-end=\"1467\">Sil\u00edcio (Si)<\/li>\n<li data-section-id=\"1ah49cn\" data-start=\"1468\" data-end=\"1491\">Carboneto de sil\u00edcio (SiC)<\/li>\n<li data-section-id=\"6pubop\" data-start=\"1492\" data-end=\"1517\">Arsenieto de g\u00e1lio (GaAs)<\/li>\n<li data-section-id=\"pz60z2\" data-start=\"1518\" data-end=\"1536\">Safira (Al\u2082O\u2083)<\/li>\n<li data-section-id=\"1x0u20i\" data-start=\"1537\" data-end=\"1574\">Outros wafers de semicondutores compostos<\/li>\n<\/ul>\n<h3 data-section-id=\"1k27fm2\" data-start=\"1576\" data-end=\"1608\"><span role=\"text\">Compatibilidade de tamanho de wafer<\/span><\/h3>\n<ul data-start=\"1609\" data-end=\"1726\">\n<li data-section-id=\"fhdptx\" data-start=\"1609\" data-end=\"1662\">Bolachas de 4 polegadas \/ 6 polegadas \/ 8 polegadas \/ 10 polegadas \/ 12 polegadas<\/li>\n<li data-section-id=\"5k0pa3\" data-start=\"1663\" data-end=\"1726\">Manuseamento flex\u00edvel para substratos padr\u00e3o e personalizados<\/li>\n<\/ul>\n<h3 data-section-id=\"rmjxfn\" data-start=\"1728\" data-end=\"1768\"><span role=\"text\">Sistema mec\u00e2nico de alta estabilidade<\/span><\/h3>\n<ul data-start=\"1769\" data-end=\"1949\">\n<li data-section-id=\"1wor6l0\" data-start=\"1769\" data-end=\"1804\">Eixo de rolamento de ar de alta rigidez<\/li>\n<li data-section-id=\"7gqyrg\" data-start=\"1805\" data-end=\"1848\">Plataforma de retifica\u00e7\u00e3o de precis\u00e3o com baixa vibra\u00e7\u00e3o<\/li>\n<li data-section-id=\"wf9b1q\" data-start=\"1849\" data-end=\"1892\">Fuso de esferas importado + sistema de guia linear<\/li>\n<li data-section-id=\"fj2519\" data-start=\"1893\" data-end=\"1949\">Controlo de servomotores de alta precis\u00e3o (resolu\u00e7\u00e3o de 0,1 \u03bcm)<\/li>\n<\/ul>\n<h3 data-section-id=\"1e5oiya\" data-start=\"1951\" data-end=\"1982\"><span role=\"text\">Sistema de arrefecimento avan\u00e7ado<\/span><\/h3>\n<ul data-start=\"1983\" data-end=\"2088\">\n<li data-section-id=\"1u6gyvp\" data-start=\"1983\" data-end=\"2038\">O sistema de fuso arrefecido a \u00e1gua assegura a estabilidade t\u00e9rmica<\/li>\n<li data-section-id=\"1927cdq\" data-start=\"2039\" data-end=\"2088\">Evita a deforma\u00e7\u00e3o durante a retifica\u00e7\u00e3o a alta velocidade<\/li>\n<\/ul>\n<hr data-start=\"2090\" data-end=\"2093\" \/>\n<h2 data-section-id=\"1ftdxrk\" data-start=\"2095\" data-end=\"2122\"><span role=\"text\">Configura\u00e7\u00e3o do sistema<\/span><\/h2>\n<p data-start=\"2124\" data-end=\"2189\">O sistema de desbaste de bolachas integra v\u00e1rios m\u00f3dulos funcionais:<\/p>\n<h3 data-section-id=\"djoygz\" data-start=\"2191\" data-end=\"2227\"><span role=\"text\">1. M\u00f3dulo de retifica\u00e7\u00e3o de precis\u00e3o<\/span><\/h3>\n<p data-start=\"2228\" data-end=\"2294\">Efectua uma remo\u00e7\u00e3o controlada de material com elevada uniformidade de superf\u00edcie.<\/p>\n<h3 data-section-id=\"gytvay\" data-start=\"2296\" data-end=\"2338\"><span role=\"text\">2. Sistema de controlo de precis\u00e3o do eixo Z<\/span><\/h3>\n<p data-start=\"2339\" data-end=\"2409\">Permite um ajuste vertical ultra-fino para uma espessura consistente da bolacha.<\/p>\n<h3 data-section-id=\"i93eki\" data-start=\"2411\" data-end=\"2450\"><span role=\"text\">3. Sistema de medi\u00e7\u00e3o da espessura<\/span><\/h3>\n<p data-start=\"2451\" data-end=\"2519\">A medi\u00e7\u00e3o em tempo real com ou sem contacto garante a estabilidade do processo.<\/p>\n<h3 data-section-id=\"ycd038\" data-start=\"2521\" data-end=\"2550\"><span role=\"text\">4. Mandril para wafer a v\u00e1cuo<\/span><\/h3>\n<p data-start=\"2551\" data-end=\"2626\">Fixa\u00e7\u00e3o segura da bolacha, incluindo solu\u00e7\u00f5es personalizadas para bolachas irregulares.<\/p>\n<h3 data-section-id=\"1xwcykg\" data-start=\"2628\" data-end=\"2664\"><span role=\"text\">5. Sistema de controlo de automa\u00e7\u00e3o<\/span><\/h3>\n<ul data-start=\"2665\" data-end=\"2767\">\n<li data-section-id=\"mbtl4z\" data-start=\"2665\" data-end=\"2706\">Modos de funcionamento totalmente autom\u00e1tico \/ semi-autom\u00e1tico<\/li>\n<li data-section-id=\"1tpxb04\" data-start=\"2707\" data-end=\"2734\">Grava\u00e7\u00e3o do registo de opera\u00e7\u00f5es<\/li>\n<li data-section-id=\"1chqk9c\" data-start=\"2735\" data-end=\"2767\">Controlo de processos baseado em receitas<\/li>\n<\/ul>\n<hr data-start=\"2769\" data-end=\"2772\" \/>\n<h2 data-section-id=\"gimyd4\" data-start=\"2774\" data-end=\"2804\"><span role=\"text\"><img decoding=\"async\" class=\"wp-image-2331 alignright\" src=\"https:\/\/www.zmsh-semitech.com\/wp-content\/uploads\/2026\/04\/Wafer-Thinning-System-Precision-Back-Grinding-Equipment-for-Si-SiC-and-4-to-12-Inch-Semiconductor-Wafers2-300x81.png\" alt=\"\" width=\"393\" height=\"106\" srcset=\"https:\/\/www.zmsh-semitech.com\/wp-content\/uploads\/2026\/04\/Wafer-Thinning-System-Precision-Back-Grinding-Equipment-for-Si-SiC-and-4-to-12-Inch-Semiconductor-Wafers2-300x81.png 300w, https:\/\/www.zmsh-semitech.com\/wp-content\/uploads\/2026\/04\/Wafer-Thinning-System-Precision-Back-Grinding-Equipment-for-Si-SiC-and-4-to-12-Inch-Semiconductor-Wafers2-18x5.png 18w, https:\/\/www.zmsh-semitech.com\/wp-content\/uploads\/2026\/04\/Wafer-Thinning-System-Precision-Back-Grinding-Equipment-for-Si-SiC-and-4-to-12-Inch-Semiconductor-Wafers2-600x162.png 600w, https:\/\/www.zmsh-semitech.com\/wp-content\/uploads\/2026\/04\/Wafer-Thinning-System-Precision-Back-Grinding-Equipment-for-Si-SiC-and-4-to-12-Inch-Semiconductor-Wafers2.png 680w\" sizes=\"(max-width: 393px) 100vw, 393px\" \/> Capacidades de processamento<\/span><\/h2>\n<p data-start=\"2806\" data-end=\"2876\">O sistema foi concebido para o processamento de alto desempenho da face posterior da bolacha:<\/p>\n<ul data-start=\"2878\" data-end=\"3074\">\n<li data-section-id=\"xh3w3z\" data-start=\"2878\" data-end=\"2909\">Retifica\u00e7\u00e3o posterior de bolachas de sil\u00edcio<\/li>\n<li data-section-id=\"xar9m4\" data-start=\"2910\" data-end=\"2950\">Desbaste de pastilhas de SiC para dispositivos de pot\u00eancia<\/li>\n<li data-section-id=\"198a8mj\" data-start=\"2951\" data-end=\"2986\">Afinamento do substrato de GaN e GaAs<\/li>\n<li data-section-id=\"2lf608\" data-start=\"2987\" data-end=\"3024\">Desbaste de precis\u00e3o de bolachas de safira<\/li>\n<li data-section-id=\"1kfyhfx\" data-start=\"3025\" data-end=\"3074\">Prepara\u00e7\u00e3o de bolachas ultra-finas para embalagem 3D<\/li>\n<\/ul>\n<hr data-start=\"3076\" data-end=\"3079\" \/>\n<h2 data-section-id=\"k0zlak\" data-start=\"3081\" data-end=\"3100\"><span role=\"text\">Aplica\u00e7\u00f5es<\/span><\/h2>\n<h3 data-section-id=\"1jqwtfq\" data-start=\"3102\" data-end=\"3140\"><span role=\"text\">1. Dispositivos semicondutores de pot\u00eancia<\/span><\/h3>\n<p data-start=\"3141\" data-end=\"3222\">Utilizado em MOSFETs de SiC, IGBTs e dispositivos de alta tens\u00e3o que requerem wafers ultra-finos.<\/p>\n<h3 data-section-id=\"1a6priz\" data-start=\"3224\" data-end=\"3253\"><span role=\"text\"><img loading=\"lazy\" decoding=\"async\" class=\"wp-image-2332 alignright\" src=\"https:\/\/www.zmsh-semitech.com\/wp-content\/uploads\/2026\/04\/application3-300x188.png\" alt=\"\" width=\"421\" height=\"264\" srcset=\"https:\/\/www.zmsh-semitech.com\/wp-content\/uploads\/2026\/04\/application3-300x188.png 300w, https:\/\/www.zmsh-semitech.com\/wp-content\/uploads\/2026\/04\/application3-18x12.png 18w, https:\/\/www.zmsh-semitech.com\/wp-content\/uploads\/2026\/04\/application3-600x376.png 600w, https:\/\/www.zmsh-semitech.com\/wp-content\/uploads\/2026\/04\/application3.png 680w\" sizes=\"(max-width: 421px) 100vw, 421px\" \/>2. Embalagem avan\u00e7ada<\/span><\/h3>\n<p data-start=\"3254\" data-end=\"3282\">Suporta o desbaste de bolachas para:<\/p>\n<ul data-start=\"3283\" data-end=\"3375\">\n<li data-section-id=\"18hyzkr\" data-start=\"3283\" data-end=\"3306\">Embalagem de flip-chips<\/li>\n<li data-section-id=\"16lrd61\" data-start=\"3307\" data-end=\"3335\">Integra\u00e7\u00e3o de CI 2,5D \/ 3D<\/li>\n<li data-section-id=\"1s3z3q5\" data-start=\"3336\" data-end=\"3375\">Processos TSV (Through Silicon Via)<\/li>\n<\/ul>\n<h3 data-section-id=\"m46f4y\" data-start=\"3377\" data-end=\"3411\"><span role=\"text\">3. Semicondutores compostos<\/span><\/h3>\n<p data-start=\"3412\" data-end=\"3464\">Aplic\u00e1vel ao fabrico de dispositivos GaN, GaAs e InP.<\/p>\n<h3 data-section-id=\"kz928f\" data-start=\"3466\" data-end=\"3500\"><span role=\"text\">4. LED e optoelectr\u00f3nica<\/span><\/h3>\n<p data-start=\"3501\" data-end=\"3572\">Desbaste de pastilhas de safira e compostos para pastilhas de LED e dispositivos \u00f3pticos.<\/p>\n<hr data-start=\"3574\" data-end=\"3577\" \/>\n<h2 data-section-id=\"d8omv1\" data-start=\"3579\" data-end=\"3596\"><span role=\"text\">Vantagens<\/span><\/h2>\n<ul data-start=\"3598\" data-end=\"3893\">\n<li data-section-id=\"u42zog\" data-start=\"3598\" data-end=\"3645\">Tecnologia de desbaste de bolachas madura e est\u00e1vel<\/li>\n<li data-section-id=\"1pb253f\" data-start=\"3646\" data-end=\"3688\">Sistema de retifica\u00e7\u00e3o de alimenta\u00e7\u00e3o de alta precis\u00e3o<\/li>\n<li data-section-id=\"1b2hrea\" data-start=\"3689\" data-end=\"3728\">Excelente controlo da rugosidade da superf\u00edcie<\/li>\n<li data-section-id=\"swoy5t\" data-start=\"3729\" data-end=\"3787\">UPH elevado (at\u00e9 30 wafers\/hora para processos padr\u00e3o)<\/li>\n<li data-section-id=\"folyym\" data-start=\"3788\" data-end=\"3842\">Forte adaptabilidade para materiais fr\u00e1geis e duros<\/li>\n<li data-section-id=\"kkjwmp\" data-start=\"3843\" data-end=\"3893\">Capacidade de integra\u00e7\u00e3o de processos totalmente automatizada<\/li>\n<\/ul>\n<hr data-start=\"3895\" data-end=\"3898\" \/>\n<h2 data-section-id=\"1nn32qm\" data-start=\"3900\" data-end=\"3929\"><span role=\"text\">Destaques do desempenho<\/span><\/h2>\n<ul data-start=\"3931\" data-end=\"4171\">\n<li data-section-id=\"ndqugr\" data-start=\"3931\" data-end=\"3980\">Resolu\u00e7\u00e3o m\u00ednima: 0,1 \u03bcm\/s Controlo do eixo Z<\/li>\n<li data-section-id=\"1sfyown\" data-start=\"3981\" data-end=\"4020\">Uniformidade da espessura: \u22641-2 \u03bcm TTV<\/li>\n<li data-section-id=\"2ioyhe\" data-start=\"4021\" data-end=\"4066\">Fuso de alta velocidade com vibra\u00e7\u00e3o ultra-baixa<\/li>\n<li data-section-id=\"1svxu2t\" data-start=\"4067\" data-end=\"4109\">Monitoriza\u00e7\u00e3o e registo de processos em tempo real<\/li>\n<li data-section-id=\"kjsadr\" data-start=\"4110\" data-end=\"4171\">Compat\u00edvel com ambientes de I&amp;D e de produ\u00e7\u00e3o em massa<\/li>\n<\/ul>\n<hr data-start=\"4173\" data-end=\"4176\" \/>\n<h2 data-section-id=\"lalgo8\" data-start=\"4178\" data-end=\"4206\"><span role=\"text\">Op\u00e7\u00f5es de personaliza\u00e7\u00e3o<\/span><\/h2>\n<p data-start=\"4208\" data-end=\"4273\">Fornecemos personaliza\u00e7\u00e3o flex\u00edvel para diferentes necessidades industriais:<\/p>\n<ul data-start=\"4275\" data-end=\"4459\">\n<li data-section-id=\"kmxap1\" data-start=\"4275\" data-end=\"4315\">Mandris de wafer personalizados (formas irregulares)<\/li>\n<li data-section-id=\"1om94rb\" data-start=\"4316\" data-end=\"4368\">Gama de medi\u00e7\u00e3o de espessura alargada (at\u00e9 40 mm)<\/li>\n<li data-section-id=\"1gmsugm\" data-start=\"4369\" data-end=\"4399\">Personaliza\u00e7\u00e3o da receita do processo<\/li>\n<li data-section-id=\"enumxl\" data-start=\"4400\" data-end=\"4459\">Integra\u00e7\u00e3o de automa\u00e7\u00e3o com equipamento a montante\/jusante<\/li>\n<\/ul>\n<hr data-start=\"4461\" data-end=\"4464\" \/>\n<h2 data-section-id=\"elc90z\" data-start=\"4466\" data-end=\"4476\"><span role=\"text\">FAQ<\/span><\/h2>\n<h3 data-section-id=\"97umay\" data-start=\"4478\" data-end=\"4525\"><span role=\"text\">Q1: Este sistema pode processar bolachas de SiC?<\/span><\/h3>\n<p data-start=\"4526\" data-end=\"4649\">Sim, est\u00e1 especificamente optimizado para o desbaste de pastilhas de SiC e para o desbaste do lado posterior, adequado para aplica\u00e7\u00f5es em dispositivos de pot\u00eancia.<\/p>\n<h3 data-section-id=\"pwbsig\" data-start=\"4651\" data-end=\"4705\"><span role=\"text\">Q2: Qual \u00e9 a precis\u00e3o de espessura que se pode obter?<\/span><\/h3>\n<p data-start=\"4706\" data-end=\"4802\">Os modelos padr\u00e3o atingem \u00b11 \u03bcm, e as configura\u00e7\u00f5es topo de gama podem atingir \u00b10,5 \u03bcm com TTV \u22641 \u03bcm.<\/p>\n<h3 data-section-id=\"4mq81u\" data-start=\"4804\" data-end=\"4848\"><span role=\"text\">Q3: \u00c9 compat\u00edvel com a automatiza\u00e7\u00e3o total?<\/span><\/h3>\n<p data-start=\"4849\" data-end=\"4944\">Sim, est\u00e3o dispon\u00edveis os modos totalmente autom\u00e1tico e semi-autom\u00e1tico, dependendo dos requisitos de produ\u00e7\u00e3o.<\/p>","protected":false},"excerpt":{"rendered":"<p>O equipamento de retifica\u00e7\u00e3o posterior de precis\u00e3o do sistema de desbaste de bolachas \u00e9 uma solu\u00e7\u00e3o de processamento de bolachas de alta precis\u00e3o concebida para o fabrico avan\u00e7ado de semicondutores. Suporta bolachas de 4 a 12 polegadas, incluindo sil\u00edcio (Si), carboneto de sil\u00edcio (SiC), arsenieto de g\u00e1lio (GaAs), safira e outros materiais semicondutores compostos fr\u00e1geis. Este sistema foi concebido para o desbaste ultra-preciso da face posterior da bolacha, permitindo a redu\u00e7\u00e3o da espessura para n\u00edveis micr\u00f3nicos e submicr\u00f3nicos, mantendo uma excelente integridade da superf\u00edcie.<\/p>","protected":false},"featured_media":2330,"comment_status":"open","ping_status":"closed","template":"","meta":{"site-sidebar-layout":"default","site-content-layout":"","ast-site-content-layout":"default","site-content-style":"default","site-sidebar-style":"default","ast-global-header-display":"","ast-banner-title-visibility":"","ast-main-header-display":"","ast-hfb-above-header-display":"","ast-hfb-below-header-display":"","ast-hfb-mobile-header-display":"","site-post-title":"","ast-breadcrumbs-content":"","ast-featured-img":"","footer-sml-layout":"","ast-disable-related-posts":"","theme-transparent-header-meta":"default","adv-header-id-meta":"","stick-header-meta":"default","header-above-stick-meta":"","header-main-stick-meta":"","header-below-stick-meta":"","astra-migrate-meta-layouts":"set","ast-page-background-enabled":"default","ast-page-background-meta":{"desktop":{"background-color":"var(--ast-global-color-4)","background-image":"","background-repeat":"repeat","background-position":"center center","background-size":"auto","background-attachment":"scroll","background-type":"","background-media":"","overlay-type":"","overlay-color":"","overlay-opacity":"","overlay-gradient":""},"tablet":{"background-color":"","background-image":"","background-repeat":"repeat","background-position":"center center","background-size":"auto","background-attachment":"scroll","background-type":"","background-media":"","overlay-type":"","overlay-color":"","overlay-opacity":"","overlay-gradient":""},"mobile":{"background-color":"","background-image":"","background-repeat":"repeat","background-position":"center center","background-size":"auto","background-attachment":"scroll","background-type":"","background-media":"","overlay-type":"","overlay-color":"","overlay-opacity":"","overlay-gradient":""}},"ast-content-background-meta":{"desktop":{"background-color":"var(--ast-global-color-5)","background-image":"","background-repeat":"repeat","background-position":"center center","background-size":"auto","background-attachment":"scroll","background-type":"","background-media":"","overlay-type":"","overlay-color":"","overlay-opacity":"","overlay-gradient":""},"tablet":{"background-color":"var(--ast-global-color-5)","background-image":"","background-repeat":"repeat","background-position":"center center","background-size":"auto","background-attachment":"scroll","background-type":"","background-media":"","overlay-type":"","overlay-color":"","overlay-opacity":"","overlay-gradient":""},"mobile":{"background-color":"var(--ast-global-color-5)","background-image":"","background-repeat":"repeat","background-position":"center center","background-size":"auto","background-attachment":"scroll","background-type":"","background-media":"","overlay-type":"","overlay-color":"","overlay-opacity":"","overlay-gradient":""}}},"product_brand":[],"product_cat":[724],"product_tag":[1160,1000,1163,1165,1162,1164,804,1158,1159,1161,547,801,1157,1156],"class_list":{"0":"post-2327","1":"product","2":"type-product","3":"status-publish","4":"has-post-thumbnail","6":"product_cat-grinding-machine","7":"product_tag-12-inch-wafer-equipment","8":"product_tag-advanced-packaging-equipment","9":"product_tag-compound-semiconductor-thinning","10":"product_tag-power-device-wafer-equipment","11":"product_tag-precision-wafer-grinder","12":"product_tag-sapphire-wafer-processing","13":"product_tag-semiconductor-grinding-machine","14":"product_tag-si-wafer-thinning","15":"product_tag-sic-wafer-thinning-equipment","16":"product_tag-ttv-control-system","17":"product_tag-ultra-thin-wafer-processing","18":"product_tag-wafer-back-grinding-machine","19":"product_tag-wafer-thinning-equipment","20":"product_tag-wafer-thinning-system","21":"desktop-align-left","22":"tablet-align-left","23":"mobile-align-left","24":"ast-product-gallery-layout-horizontal-slider","25":"ast-product-tabs-layout-horizontal","27":"first","28":"instock","29":"shipping-taxable","30":"product-type-simple"},"_links":{"self":[{"href":"https:\/\/www.zmsh-semitech.com\/pt\/wp-json\/wp\/v2\/product\/2327","targetHints":{"allow":["GET"]}}],"collection":[{"href":"https:\/\/www.zmsh-semitech.com\/pt\/wp-json\/wp\/v2\/product"}],"about":[{"href":"https:\/\/www.zmsh-semitech.com\/pt\/wp-json\/wp\/v2\/types\/product"}],"replies":[{"embeddable":true,"href":"https:\/\/www.zmsh-semitech.com\/pt\/wp-json\/wp\/v2\/comments?post=2327"}],"version-history":[{"count":2,"href":"https:\/\/www.zmsh-semitech.com\/pt\/wp-json\/wp\/v2\/product\/2327\/revisions"}],"predecessor-version":[{"id":2334,"href":"https:\/\/www.zmsh-semitech.com\/pt\/wp-json\/wp\/v2\/product\/2327\/revisions\/2334"}],"wp:featuredmedia":[{"embeddable":true,"href":"https:\/\/www.zmsh-semitech.com\/pt\/wp-json\/wp\/v2\/media\/2330"}],"wp:attachment":[{"href":"https:\/\/www.zmsh-semitech.com\/pt\/wp-json\/wp\/v2\/media?parent=2327"}],"wp:term":[{"taxonomy":"product_brand","embeddable":true,"href":"https:\/\/www.zmsh-semitech.com\/pt\/wp-json\/wp\/v2\/product_brand?post=2327"},{"taxonomy":"product_cat","embeddable":true,"href":"https:\/\/www.zmsh-semitech.com\/pt\/wp-json\/wp\/v2\/product_cat?post=2327"},{"taxonomy":"product_tag","embeddable":true,"href":"https:\/\/www.zmsh-semitech.com\/pt\/wp-json\/wp\/v2\/product_tag?post=2327"}],"curies":[{"name":"wp","href":"https:\/\/api.w.org\/{rel}","templated":true}]}}