{"id":2254,"date":"2026-04-15T05:46:39","date_gmt":"2026-04-15T05:46:39","guid":{"rendered":"https:\/\/www.zmsh-semitech.com\/?post_type=product&#038;p=2254"},"modified":"2026-04-15T06:50:20","modified_gmt":"2026-04-15T06:50:20","slug":"8-inch-high-purity-fused-quartz-wafer-200mm-for-precision-sensors-and-optical-applications","status":"publish","type":"product","link":"https:\/\/www.zmsh-semitech.com\/pt\/product\/8-inch-high-purity-fused-quartz-wafer-200mm-for-precision-sensors-and-optical-applications\/","title":{"rendered":"Pastilha de quartzo fundido de alta pureza de 8 polegadas (200 mm) para sensores de precis\u00e3o e aplica\u00e7\u00f5es \u00f3pticas"},"content":{"rendered":"<p data-start=\"363\" data-end=\"808\"><img fetchpriority=\"high\" decoding=\"async\" class=\"size-medium wp-image-2491 alignleft\" src=\"https:\/\/www.fuyao-quartz.com\/wp-content\/uploads\/2026\/03\/8inch_quartz_wafer_diameter_200mm_ttv_10_m_ra_1_0_nm_for_high_precision_sensors2-300x300.jpg\" alt=\"\" width=\"300\" height=\"300\" \/>A pastilha de quartzo fundido de 8 polegadas \u00e9 um substrato de quartzo sint\u00e9tico de alta pureza premium (SiO\u2082 \u226599,99%) projetado para aplica\u00e7\u00f5es de alta precis\u00e3o em sistemas de semicondutores, MEMS, \u00f3pticos e laser. A sua expans\u00e3o t\u00e9rmica ultra baixa, a excecional transmit\u00e2ncia UV-IR e a excelente resist\u00eancia qu\u00edmica tornam-no ideal para ambientes exigentes como a fotolitografia, a grava\u00e7\u00e3o, a deposi\u00e7\u00e3o de pel\u00edcula fina e o fabrico de sensores de alta precis\u00e3o.<\/p>\n<p data-start=\"810\" data-end=\"1058\">Cada bolacha \u00e9 cuidadosamente produzida sob um rigoroso controlo de qualidade num ambiente de sala limpa para garantir uma planicidade, um acabamento de superf\u00edcie e uma pureza superiores. Isto garante um desempenho fi\u00e1vel para aplica\u00e7\u00f5es industriais, de investiga\u00e7\u00e3o e aeroespaciais cr\u00edticas.<\/p>\n<h3 data-start=\"1065\" data-end=\"1096\">Principais carater\u00edsticas e vantagens<\/h3>\n<ul data-start=\"1098\" data-end=\"2065\">\n<li data-section-id=\"kgj1c0\" data-start=\"1098\" data-end=\"1198\">\n<p data-start=\"1100\" data-end=\"1198\"><strong data-start=\"1100\" data-end=\"1131\">Pureza ultra-elevada (\u226599,99%)<\/strong>: Minimiza a contamina\u00e7\u00e3o em processos de semicondutores e \u00f3pticos.<\/p>\n<\/li>\n<li data-section-id=\"7e6lqo\" data-start=\"1199\" data-end=\"1328\">\n<p data-start=\"1201\" data-end=\"1328\"><strong data-start=\"1201\" data-end=\"1234\">Estabilidade t\u00e9rmica excecional<\/strong>: Ponto de amolecimento ~1683\u00b0C, toler\u00e2ncia a curto prazo at\u00e9 1450\u00b0C para processos a alta temperatura.<img decoding=\"async\" class=\"size-medium wp-image-2488 alignright\" src=\"https:\/\/www.fuyao-quartz.com\/wp-content\/uploads\/2026\/03\/8inch_quartz_wafer_diameter_200mm_ttv_10_m_ra_1_0_nm_for_high_precision_sensors4-300x300.jpg\" alt=\"\" width=\"300\" height=\"300\" \/><\/p>\n<\/li>\n<li data-section-id=\"pxp023\" data-start=\"1329\" data-end=\"1433\">\n<p data-start=\"1331\" data-end=\"1433\"><strong data-start=\"1331\" data-end=\"1378\">Expans\u00e3o t\u00e9rmica ultra-baixa (0,55 \u00d7 10-\u2076\/K)<\/strong>: Assegura a estabilidade dimensional sob tens\u00e3o t\u00e9rmica.<\/p>\n<\/li>\n<li data-section-id=\"14xwsrz\" data-start=\"1434\" data-end=\"1557\">\n<p data-start=\"1436\" data-end=\"1557\"><strong data-start=\"1436\" data-end=\"1469\">Transmiss\u00e3o \u00f3tica superior<\/strong>: Gama UV-IR 185 nm-2,5 \u00b5m, ideal para fotolitografia, \u00f3tica laser e sensores UV.<\/p>\n<\/li>\n<li data-section-id=\"yw53fa\" data-start=\"1558\" data-end=\"1678\">\n<p data-start=\"1560\" data-end=\"1678\"><strong data-start=\"1560\" data-end=\"1584\">Elevada qualidade da superf\u00edcie<\/strong>: Ra \u22641,0 nm e TTV \u226410 \u00b5m para uma deposi\u00e7\u00e3o uniforme de pel\u00edcula fina e uma integra\u00e7\u00e3o precisa do sensor.<\/p>\n<\/li>\n<li data-section-id=\"w93pn9\" data-start=\"1679\" data-end=\"1805\">\n<p data-start=\"1681\" data-end=\"1805\"><strong data-start=\"1681\" data-end=\"1704\">Resist\u00eancia qu\u00edmica<\/strong>: Resistente \u00e0 maioria dos \u00e1cidos (exceto HF) e \u00e1lcalis, adequado para grava\u00e7\u00e3o h\u00famida e ambientes agressivos.<\/p>\n<\/li>\n<li data-section-id=\"1n1qt20\" data-start=\"1806\" data-end=\"1915\">\n<p data-start=\"1808\" data-end=\"1915\"><strong data-start=\"1808\" data-end=\"1855\">Resist\u00eancia \u00e0 radia\u00e7\u00e3o e estabilidade diel\u00e9ctrica<\/strong>: Suporta aplica\u00e7\u00f5es aeroespaciais e de f\u00edsica de alta energia.<\/p>\n<\/li>\n<li data-section-id=\"dgvd7c\" data-start=\"1916\" data-end=\"2065\">\n<p data-start=\"1918\" data-end=\"2065\"><strong data-start=\"1918\" data-end=\"1949\">Formas e tamanhos personaliz\u00e1veis<\/strong>: Bolachas redondas, quadradas, anulares ou em forma de sector com polimento opcional, revestimentos AR\/IR\/DLC e microfabrica\u00e7\u00e3o.<\/p>\n<\/li>\n<\/ul>\n<h3 data-start=\"2072\" data-end=\"2090\"><strong data-start=\"2072\" data-end=\"2088\">Aplica\u00e7\u00f5es<\/strong><\/h3>\n<div class=\"TyagGW_tableContainer\">\n<div class=\"group TyagGW_tableWrapper flex flex-col-reverse w-fit\" tabindex=\"-1\">\n<table class=\"w-fit min-w-(--thread-content-width)\" data-start=\"2092\" data-end=\"3021\">\n<thead data-start=\"2092\" data-end=\"2128\">\n<tr data-start=\"2092\" data-end=\"2128\">\n<th class=\"\" data-start=\"2092\" data-end=\"2103\" data-col-size=\"sm\">Ind\u00fastria<\/th>\n<th class=\"\" data-start=\"2103\" data-end=\"2117\" data-col-size=\"md\">Aplica\u00e7\u00e3o<\/th>\n<th class=\"\" data-start=\"2117\" data-end=\"2128\" data-col-size=\"md\">Benef\u00edcio<\/th>\n<\/tr>\n<\/thead>\n<tbody data-start=\"2165\" data-end=\"3021\">\n<tr data-start=\"2165\" data-end=\"2329\">\n<td data-start=\"2165\" data-end=\"2181\" data-col-size=\"sm\">Semicondutores<\/td>\n<td data-start=\"2181\" data-end=\"2242\" data-col-size=\"md\">Substratos de fotom\u00e1scaras, suportes de grava\u00e7\u00e3o, almofadas de polimento CMP<\/td>\n<td data-col-size=\"md\" data-start=\"2242\" data-end=\"2329\">Estabilidade a altas temperaturas, defeitos ultra-baixos, garante a precis\u00e3o do fabrico de chips<\/td>\n<\/tr>\n<tr data-start=\"2330\" data-end=\"2462\">\n<td data-start=\"2330\" data-end=\"2346\" data-col-size=\"sm\">Fotovoltaica<\/td>\n<td data-col-size=\"md\" data-start=\"2346\" data-end=\"2402\">Bolachas de processo PECVD, substratos de deposi\u00e7\u00e3o de pel\u00edcula fina<\/td>\n<td data-col-size=\"md\" data-start=\"2402\" data-end=\"2462\">Resist\u00eancia ao choque t\u00e9rmico, melhora a efici\u00eancia das c\u00e9lulas solares<\/td>\n<\/tr>\n<tr data-start=\"2463\" data-end=\"2611\">\n<td data-start=\"2463\" data-end=\"2481\" data-col-size=\"sm\">Optoelectr\u00f3nica<\/td>\n<td data-col-size=\"md\" data-start=\"2481\" data-end=\"2533\">Substratos LED\/LD, janelas laser, sensores \u00f3pticos<\/td>\n<td data-col-size=\"md\" data-start=\"2533\" data-end=\"2611\">Elevada transmiss\u00e3o UV-IR, baixa autofluoresc\u00eancia, melhora o desempenho do dispositivo<\/td>\n<\/tr>\n<tr data-start=\"2612\" data-end=\"2755\">\n<td data-start=\"2612\" data-end=\"2631\" data-col-size=\"sm\">\u00d3tica de precis\u00e3o<\/td>\n<td data-col-size=\"md\" data-start=\"2631\" data-end=\"2685\">Substratos de lentes, prismas, divisores de feixe, janelas IR<\/td>\n<td data-col-size=\"md\" data-start=\"2685\" data-end=\"2755\">Baixa expans\u00e3o t\u00e9rmica, elevada homogeneidade, garante estabilidade \u00f3tica<\/td>\n<\/tr>\n<tr data-start=\"2756\" data-end=\"2891\">\n<td data-start=\"2756\" data-end=\"2773\" data-col-size=\"sm\">Investiga\u00e7\u00e3o e laborat\u00f3rio<\/td>\n<td data-col-size=\"md\" data-start=\"2773\" data-end=\"2837\">Radia\u00e7\u00e3o sincrotr\u00f3nica, experi\u00eancias VUV, detectores de alta energia<\/td>\n<td data-col-size=\"md\" data-start=\"2837\" data-end=\"2891\">Resistente \u00e0 radia\u00e7\u00e3o, resiste a condi\u00e7\u00f5es extremas<\/td>\n<\/tr>\n<tr data-start=\"2892\" data-end=\"3021\">\n<td data-start=\"2892\" data-end=\"2904\" data-col-size=\"sm\">Aeroespacial<\/td>\n<td data-col-size=\"md\" data-start=\"2904\" data-end=\"2969\">Janelas \u00f3pticas de sat\u00e9lite, pain\u00e9is de observa\u00e7\u00e3o de alta temperatura<\/td>\n<td data-col-size=\"md\" data-start=\"2969\" data-end=\"3021\">Resist\u00eancia a choques t\u00e9rmicos, fiabilidade de n\u00edvel espacial<\/td>\n<\/tr>\n<\/tbody>\n<\/table>\n<\/div>\n<\/div>\n<h3 data-start=\"3028\" data-end=\"3058\"><strong data-start=\"3028\" data-end=\"3056\">Especifica\u00e7\u00f5es t\u00e9cnicas<\/strong><\/h3>\n<div class=\"TyagGW_tableContainer\">\n<div class=\"group TyagGW_tableWrapper flex flex-col-reverse w-fit\" tabindex=\"-1\">\n<table class=\"w-fit min-w-(--thread-content-width)\" data-start=\"3060\" data-end=\"3704\">\n<thead data-start=\"3060\" data-end=\"3089\">\n<tr data-start=\"3060\" data-end=\"3089\">\n<th class=\"\" data-start=\"3060\" data-end=\"3072\" data-col-size=\"sm\">Par\u00e2metro<\/th>\n<th class=\"\" data-start=\"3072\" data-end=\"3089\" data-col-size=\"md\">Especifica\u00e7\u00e3o<\/th>\n<\/tr>\n<\/thead>\n<tbody data-start=\"3120\" data-end=\"3704\">\n<tr data-start=\"3120\" data-end=\"3172\">\n<td data-start=\"3120\" data-end=\"3131\" data-col-size=\"sm\">Material<\/td>\n<td data-col-size=\"md\" data-start=\"3131\" data-end=\"3172\">Quartzo sint\u00e9tico fundido (SiO\u2082 \u226599,99%)<\/td>\n<\/tr>\n<tr data-start=\"3173\" data-end=\"3203\">\n<td data-start=\"3173\" data-end=\"3184\" data-col-size=\"sm\">Di\u00e2metro<\/td>\n<td data-col-size=\"md\" data-start=\"3184\" data-end=\"3203\">200 mm (8 polegadas)<\/td>\n<\/tr>\n<tr data-start=\"3204\" data-end=\"3257\">\n<td data-start=\"3204\" data-end=\"3222\" data-col-size=\"sm\">Gama de espessuras<\/td>\n<td data-col-size=\"md\" data-start=\"3222\" data-end=\"3257\">100 \u00b5m - 3000 \u00b5m (personaliz\u00e1vel)<\/td>\n<\/tr>\n<tr data-start=\"3258\" data-end=\"3302\">\n<td data-start=\"3258\" data-end=\"3292\" data-col-size=\"sm\">Varia\u00e7\u00e3o da espessura total (TTV)<\/td>\n<td data-col-size=\"md\" data-start=\"3292\" data-end=\"3302\">\u226410 \u00b5m<\/td>\n<\/tr>\n<tr data-start=\"3303\" data-end=\"3339\">\n<td data-start=\"3303\" data-end=\"3328\" data-col-size=\"sm\">Rugosidade da superf\u00edcie (Ra)<\/td>\n<td data-col-size=\"md\" data-start=\"3328\" data-end=\"3339\">\u22641,0 nm<\/td>\n<\/tr>\n<tr data-start=\"3340\" data-end=\"3378\">\n<td data-start=\"3340\" data-end=\"3365\" data-col-size=\"sm\">Teor total de impurezas<\/td>\n<td data-col-size=\"md\" data-start=\"3365\" data-end=\"3378\">\u22642,0 \u00b5g\/g<\/td>\n<\/tr>\n<tr data-start=\"3379\" data-end=\"3439\">\n<td data-start=\"3379\" data-end=\"3411\" data-col-size=\"sm\">Coeficiente de expans\u00e3o t\u00e9rmica<\/td>\n<td data-col-size=\"md\" data-start=\"3411\" data-end=\"3439\">0,55 \u00d7 10-\u2076\/K (20-300\u00b0C)<\/td>\n<\/tr>\n<tr data-start=\"3440\" data-end=\"3516\">\n<td data-start=\"3440\" data-end=\"3465\" data-col-size=\"sm\">Resist\u00eancia \u00e0 temperatura<\/td>\n<td data-col-size=\"md\" data-start=\"3465\" data-end=\"3516\">Ponto de amolecimento 1683\u00b0C, curto prazo at\u00e9 1450\u00b0C<\/td>\n<\/tr>\n<tr data-start=\"3517\" data-end=\"3557\">\n<td data-start=\"3517\" data-end=\"3536\" data-col-size=\"sm\">Transmit\u00e2ncia UV<\/td>\n<td data-start=\"3536\" data-end=\"3557\" data-col-size=\"md\">&gt;90% (200-260 nm)<\/td>\n<\/tr>\n<tr data-start=\"3558\" data-end=\"3607\">\n<td data-start=\"3558\" data-end=\"3577\" data-col-size=\"sm\">Nivelamento da superf\u00edcie<\/td>\n<td data-start=\"3577\" data-end=\"3607\" data-col-size=\"md\">Alta precis\u00e3o, TTV \u226410 \u00b5m<\/td>\n<\/tr>\n<tr data-start=\"3608\" data-end=\"3669\">\n<td data-start=\"3608\" data-end=\"3624\" data-col-size=\"sm\">Op\u00e7\u00f5es de forma<\/td>\n<td data-start=\"3624\" data-end=\"3669\" data-col-size=\"md\">Redondo (padr\u00e3o), formas personalizadas dispon\u00edveis<\/td>\n<\/tr>\n<tr data-start=\"3670\" data-end=\"3704\">\n<td data-start=\"3670\" data-end=\"3687\" data-col-size=\"sm\">Certifica\u00e7\u00f5es<\/td>\n<td data-start=\"3687\" data-end=\"3704\" data-col-size=\"md\">RoHS, ISO9001<\/td>\n<\/tr>\n<\/tbody>\n<\/table>\n<\/div>\n<\/div>\n<h3 data-start=\"3711\" data-end=\"3720\"><strong data-start=\"3711\" data-end=\"3718\"><img decoding=\"async\" class=\"size-medium wp-image-2487 alignleft\" src=\"https:\/\/www.fuyao-quartz.com\/wp-content\/uploads\/2026\/03\/8inch_quartz_wafer_diameter_200mm_ttv_10_m_ra_1_0_nm_for_high_precision_sensors3-300x300.jpg\" alt=\"\" width=\"300\" height=\"300\" \/>FAQ<\/strong><\/h3>\n<ol data-start=\"3722\" data-end=\"4461\">\n<li data-section-id=\"1p6zuwb\" data-start=\"3722\" data-end=\"3925\">\n<p data-start=\"3725\" data-end=\"3925\"><strong data-start=\"3725\" data-end=\"3789\">P: Qual \u00e9 a espessura padr\u00e3o de uma pastilha de quartzo de 8 polegadas?<\/strong><br data-start=\"3789\" data-end=\"3792\" \/><strong data-start=\"3795\" data-end=\"3801\">A:<\/strong> A espessura padr\u00e3o \u00e9 de 0,5-1,0 mm, com op\u00e7\u00f5es personalizadas at\u00e9 10 mm para aplica\u00e7\u00f5es especializadas de semicondutores e \u00f3pticas.<\/p>\n<\/li>\n<li data-section-id=\"douphg\" data-start=\"3927\" data-end=\"4215\">\n<p data-start=\"3930\" data-end=\"4215\"><strong data-start=\"3930\" data-end=\"3988\">P: Porqu\u00ea escolher bolachas de quartzo fundido em vez de bolachas de sil\u00edcio?<\/strong><br data-start=\"3988\" data-end=\"3991\" \/><strong data-start=\"3994\" data-end=\"4000\">A:<\/strong> As bolachas de quartzo fundido proporcionam uma transpar\u00eancia UV superior, uma maior estabilidade t\u00e9rmica (at\u00e9 1730\u00b0C), resist\u00eancia qu\u00edmica e estabilidade dimensional, tornando-as ideais para litografia de alta precis\u00e3o e processos exigentes.<\/p>\n<\/li>\n<li data-section-id=\"1mys3u\" data-start=\"4217\" data-end=\"4461\">\n<p data-start=\"4220\" data-end=\"4461\"><strong data-start=\"4220\" data-end=\"4287\">P: A FUYAO pode fornecer formas de bolacha e tratamentos de superf\u00edcie personalizados?<\/strong><br data-start=\"4287\" data-end=\"4290\" \/><strong data-start=\"4293\" data-end=\"4299\">A:<\/strong> Sim. As op\u00e7\u00f5es incluem bolachas redondas, quadradas, anulares e sectoriais, com tratamentos de superf\u00edcie como polimento \u00f3tico, revestimentos AR\/IR\/DLC, perfura\u00e7\u00e3o e ranhuras.<\/p>\n<\/li>\n<\/ol>","protected":false},"excerpt":{"rendered":"<p>A pastilha de quartzo fundido de 8 polegadas \u00e9 um substrato de quartzo sint\u00e9tico de alta pureza premium (SiO\u2082 \u226599,99%) projetado para aplica\u00e7\u00f5es de alta precis\u00e3o em sistemas de semicondutores, MEMS, \u00f3pticos e laser. A sua expans\u00e3o t\u00e9rmica ultra baixa, a excecional transmit\u00e2ncia UV-IR e a excelente resist\u00eancia qu\u00edmica tornam-no ideal para ambientes exigentes como a fotolitografia, a grava\u00e7\u00e3o, a deposi\u00e7\u00e3o de pel\u00edcula fina e o fabrico de sensores de alta precis\u00e3o.<\/p>","protected":false},"featured_media":2265,"comment_status":"open","ping_status":"closed","template":"","meta":{"site-sidebar-layout":"default","site-content-layout":"","ast-site-content-layout":"default","site-content-style":"default","site-sidebar-style":"default","ast-global-header-display":"","ast-banner-title-visibility":"","ast-main-header-display":"","ast-hfb-above-header-display":"","ast-hfb-below-header-display":"","ast-hfb-mobile-header-display":"","site-post-title":"","ast-breadcrumbs-content":"","ast-featured-img":"","footer-sml-layout":"","ast-disable-related-posts":"","theme-transparent-header-meta":"default","adv-header-id-meta":"","stick-header-meta":"default","header-above-stick-meta":"","header-main-stick-meta":"","header-below-stick-meta":"","astra-migrate-meta-layouts":"set","ast-page-background-enabled":"default","ast-page-background-meta":{"desktop":{"background-color":"var(--ast-global-color-4)","background-image":"","background-repeat":"repeat","background-position":"center center","background-size":"auto","background-attachment":"scroll","background-type":"","background-media":"","overlay-type":"","overlay-color":"","overlay-opacity":"","overlay-gradient":""},"tablet":{"background-color":"","background-image":"","background-repeat":"repeat","background-position":"center center","background-size":"auto","background-attachment":"scroll","background-type":"","background-media":"","overlay-type":"","overlay-color":"","overlay-opacity":"","overlay-gradient":""},"mobile":{"background-color":"","background-image":"","background-repeat":"repeat","background-position":"center center","background-size":"auto","background-attachment":"scroll","background-type":"","background-media":"","overlay-type":"","overlay-color":"","overlay-opacity":"","overlay-gradient":""}},"ast-content-background-meta":{"desktop":{"background-color":"var(--ast-global-color-5)","background-image":"","background-repeat":"repeat","background-position":"center center","background-size":"auto","background-attachment":"scroll","background-type":"","background-media":"","overlay-type":"","overlay-color":"","overlay-opacity":"","overlay-gradient":""},"tablet":{"background-color":"var(--ast-global-color-5)","background-image":"","background-repeat":"repeat","background-position":"center center","background-size":"auto","background-attachment":"scroll","background-type":"","background-media":"","overlay-type":"","overlay-color":"","overlay-opacity":"","overlay-gradient":""},"mobile":{"background-color":"var(--ast-global-color-5)","background-image":"","background-repeat":"repeat","background-position":"center center","background-size":"auto","background-attachment":"scroll","background-type":"","background-media":"","overlay-type":"","overlay-color":"","overlay-opacity":"","overlay-gradient":""}}},"product_brand":[],"product_cat":[729],"product_tag":[1070,1071,1072,1073,1054,1074,1075,1058,1076,1077,1078,1079,1080,1081,1082,1083,1084,1085,1086,1087],"class_list":{"0":"post-2254","1":"product","2":"type-product","3":"status-publish","4":"has-post-thumbnail","6":"product_cat-wafer","7":"product_tag-200mm-quartz-wafer","8":"product_tag-8-inch-quartz-wafer","9":"product_tag-aerospace-quartz-wafer","10":"product_tag-chemical-resistant-quartz","11":"product_tag-custom-quartz-wafer","12":"product_tag-fused-quartz-plate","13":"product_tag-high-purity-fused-quartz","14":"product_tag-high-temperature-quartz-wafer","15":"product_tag-laser-system-wafer","16":"product_tag-low-thermal-expansion-quartz","17":"product_tag-mems-wafer","18":"product_tag-optical-grade-quartz-wafer","19":"product_tag-precision-sensors-wafer","20":"product_tag-ra-1-0nm","21":"product_tag-semiconductor-wafer-substrate","22":"product_tag-sio2-wafer","23":"product_tag-synthetic-quartz-wafer","24":"product_tag-thin-film-deposition-substrate","25":"product_tag-ttv-10m","26":"product_tag-uv-optical-device-wafer","27":"desktop-align-left","28":"tablet-align-left","29":"mobile-align-left","30":"ast-product-gallery-layout-horizontal-slider","31":"ast-product-tabs-layout-horizontal","33":"first","34":"instock","35":"shipping-taxable","36":"product-type-simple"},"_links":{"self":[{"href":"https:\/\/www.zmsh-semitech.com\/pt\/wp-json\/wp\/v2\/product\/2254","targetHints":{"allow":["GET"]}}],"collection":[{"href":"https:\/\/www.zmsh-semitech.com\/pt\/wp-json\/wp\/v2\/product"}],"about":[{"href":"https:\/\/www.zmsh-semitech.com\/pt\/wp-json\/wp\/v2\/types\/product"}],"replies":[{"embeddable":true,"href":"https:\/\/www.zmsh-semitech.com\/pt\/wp-json\/wp\/v2\/comments?post=2254"}],"version-history":[{"count":4,"href":"https:\/\/www.zmsh-semitech.com\/pt\/wp-json\/wp\/v2\/product\/2254\/revisions"}],"predecessor-version":[{"id":2269,"href":"https:\/\/www.zmsh-semitech.com\/pt\/wp-json\/wp\/v2\/product\/2254\/revisions\/2269"}],"wp:featuredmedia":[{"embeddable":true,"href":"https:\/\/www.zmsh-semitech.com\/pt\/wp-json\/wp\/v2\/media\/2265"}],"wp:attachment":[{"href":"https:\/\/www.zmsh-semitech.com\/pt\/wp-json\/wp\/v2\/media?parent=2254"}],"wp:term":[{"taxonomy":"product_brand","embeddable":true,"href":"https:\/\/www.zmsh-semitech.com\/pt\/wp-json\/wp\/v2\/product_brand?post=2254"},{"taxonomy":"product_cat","embeddable":true,"href":"https:\/\/www.zmsh-semitech.com\/pt\/wp-json\/wp\/v2\/product_cat?post=2254"},{"taxonomy":"product_tag","embeddable":true,"href":"https:\/\/www.zmsh-semitech.com\/pt\/wp-json\/wp\/v2\/product_tag?post=2254"}],"curies":[{"name":"wp","href":"https:\/\/api.w.org\/{rel}","templated":true}]}}