{"id":2215,"date":"2026-04-15T02:54:20","date_gmt":"2026-04-15T02:54:20","guid":{"rendered":"https:\/\/www.zmsh-semitech.com\/?post_type=product&#038;p=2215"},"modified":"2026-04-15T02:57:45","modified_gmt":"2026-04-15T02:57:45","slug":"wdp-1240-series-dry-polishing-machine","status":"publish","type":"product","link":"https:\/\/www.zmsh-semitech.com\/pt\/product\/wdp-1240-series-dry-polishing-machine\/","title":{"rendered":"M\u00e1quina de polimento a seco da s\u00e9rie WDP-1240 para al\u00edvio de tens\u00f5es e processamento do verso de bolachas de 300 mm"},"content":{"rendered":"<p data-start=\"281\" data-end=\"650\"><img fetchpriority=\"high\" decoding=\"async\" class=\"alignright wp-image-2217\" src=\"https:\/\/www.zmsh-semitech.com\/wp-content\/uploads\/2026\/04\/WDP-1240-Series-Dry-Polishing-Machine-for-300mm-Wafer-Stress-Relief-and-Backside-Processing-300x300.png\" alt=\"M\u00e1quina de polimento a seco da s\u00e9rie WDP-1240 para al\u00edvio de tens\u00f5es e processamento do verso de bolachas de 300 mm\" width=\"290\" height=\"290\" srcset=\"https:\/\/www.zmsh-semitech.com\/wp-content\/uploads\/2026\/04\/WDP-1240-Series-Dry-Polishing-Machine-for-300mm-Wafer-Stress-Relief-and-Backside-Processing-300x300.png 300w, https:\/\/www.zmsh-semitech.com\/wp-content\/uploads\/2026\/04\/WDP-1240-Series-Dry-Polishing-Machine-for-300mm-Wafer-Stress-Relief-and-Backside-Processing-150x150.png 150w, https:\/\/www.zmsh-semitech.com\/wp-content\/uploads\/2026\/04\/WDP-1240-Series-Dry-Polishing-Machine-for-300mm-Wafer-Stress-Relief-and-Backside-Processing-768x768.png 768w, https:\/\/www.zmsh-semitech.com\/wp-content\/uploads\/2026\/04\/WDP-1240-Series-Dry-Polishing-Machine-for-300mm-Wafer-Stress-Relief-and-Backside-Processing-12x12.png 12w, https:\/\/www.zmsh-semitech.com\/wp-content\/uploads\/2026\/04\/WDP-1240-Series-Dry-Polishing-Machine-for-300mm-Wafer-Stress-Relief-and-Backside-Processing-600x600.png 600w, https:\/\/www.zmsh-semitech.com\/wp-content\/uploads\/2026\/04\/WDP-1240-Series-Dry-Polishing-Machine-for-300mm-Wafer-Stress-Relief-and-Backside-Processing-100x100.png 100w, https:\/\/www.zmsh-semitech.com\/wp-content\/uploads\/2026\/04\/WDP-1240-Series-Dry-Polishing-Machine-for-300mm-Wafer-Stress-Relief-and-Backside-Processing.png 1000w\" sizes=\"(max-width: 290px) 100vw, 290px\" \/>A m\u00e1quina de polimento a seco da s\u00e9rie WDP-1240 \u00e9 um sistema avan\u00e7ado de precis\u00e3o desenvolvido para o al\u00edvio de tens\u00f5es na parte posterior da bolacha e para a remo\u00e7\u00e3o de camadas danificadas no fabrico de semicondutores. Especificamente concebido para o processamento de bolachas de 300 mm, este equipamento utiliza um processo de polimento a seco para obter um acabamento superficial de alta qualidade, minimizando o impacto ambiental.<\/p>\n<p data-start=\"652\" data-end=\"959\">Este sistema \u00e9 particularmente adequado para aplica\u00e7\u00f5es de embalagem avan\u00e7adas, onde o desbaste da bolacha e o controlo da tens\u00e3o s\u00e3o cr\u00edticos. Ao remover eficazmente as camadas de danos subsuperficiais causados durante os processos de retifica\u00e7\u00e3o, o WDP-1240 ajuda a melhorar a integridade da bolacha, a reduzir o empeno e a aumentar a resist\u00eancia mec\u00e2nica.<\/p>\n<p data-start=\"961\" data-end=\"1182\">Em compara\u00e7\u00e3o com os sistemas tradicionais de polimento h\u00famido, o processo seco elimina a contamina\u00e7\u00e3o relacionada com a lama e reduz os requisitos de tratamento de res\u00edduos, tornando-o uma solu\u00e7\u00e3o mais ecol\u00f3gica e econ\u00f3mica.<\/p>\n<hr data-start=\"1184\" data-end=\"1187\" \/>\n<h2 data-section-id=\"m7ukan\" data-start=\"1189\" data-end=\"1232\">Principais carater\u00edsticas e vantagens t\u00e9cnicas<\/h2>\n<h3 data-section-id=\"capa5r\" data-start=\"1234\" data-end=\"1295\">Tecnologia de polimento a seco para um baixo impacto ambiental<\/h3>\n<p data-start=\"1296\" data-end=\"1491\">A WDP-1240 adopta um processo de polimento totalmente a seco, eliminando a necessidade de lama qu\u00edmica. Isto reduz significativamente a carga ambiental, simplifica a manuten\u00e7\u00e3o e reduz os custos operacionais.<\/p>\n<h3 data-section-id=\"1awlizo\" data-start=\"1493\" data-end=\"1543\">Al\u00edvio eficaz do stress e remo\u00e7\u00e3o de danos<\/h3>\n<p data-start=\"1544\" data-end=\"1722\">Concebido para remover a camada de danos na parte posterior ap\u00f3s a retifica\u00e7\u00e3o da bolacha, o sistema liberta eficazmente as tens\u00f5es internas, garantindo uma melhor planicidade e estabilidade estrutural da bolacha.<\/p>\n<h3 data-section-id=\"90fwyd\" data-start=\"1724\" data-end=\"1762\">Rendimento melhorado para bolachas finas<\/h3>\n<p data-start=\"1763\" data-end=\"1827\">Ao minimizar a concentra\u00e7\u00e3o de tens\u00f5es, a m\u00e1quina ajuda a prevenir:<\/p>\n<ul data-start=\"1828\" data-end=\"1876\">\n<li data-section-id=\"pus2hj\" data-start=\"1828\" data-end=\"1846\">Fissura\u00e7\u00e3o da pastilha<\/li>\n<li data-section-id=\"wcbb49\" data-start=\"1847\" data-end=\"1864\">Lascagem de arestas<\/li>\n<li data-section-id=\"bpnlvj\" data-start=\"1865\" data-end=\"1876\">P\u00e1gina de guerra<\/li>\n<\/ul>\n<p data-start=\"1878\" data-end=\"1965\">Isto conduz a uma taxa de rendimento mais elevada, especialmente para bolachas de grandes dimens\u00f5es e ultra-finas.<\/p>\n<h3 data-section-id=\"98a0im\" data-start=\"1967\" data-end=\"2017\">Integra\u00e7\u00e3o perfeita com sistemas de desbaste<\/h3>\n<p data-start=\"2018\" data-end=\"2217\">O WDP-1240 pode ser integrado com equipamentos a montante, como o moinho autom\u00e1tico de wafer WG1251, permitindo linhas de produ\u00e7\u00e3o totalmente automatizadas com transfer\u00eancia segura e est\u00e1vel de wafer entre processos.<\/p>\n<h3 data-section-id=\"1pvq7tz\" data-start=\"2219\" data-end=\"2265\">Estrutura mec\u00e2nica est\u00e1vel e robusta<\/h3>\n<p data-start=\"2266\" data-end=\"2435\">O equipamento apresenta uma configura\u00e7\u00e3o de eixo \u00fanico, mandril \u00fanico e unidade de dressador, garantindo um desempenho de polimento consistente e estabilidade operacional a longo prazo.<\/p>\n<hr data-start=\"2437\" data-end=\"2440\" \/>\n<h2 data-section-id=\"8lu2ky\" data-start=\"2442\" data-end=\"2472\">\u00a0Especifica\u00e7\u00f5es t\u00e9cnicas<\/h2>\n<div class=\"TyagGW_tableContainer\">\n<div class=\"group TyagGW_tableWrapper flex flex-col-reverse w-fit\" tabindex=\"-1\">\n<table class=\"w-fit min-w-(--thread-content-width)\" data-start=\"2474\" data-end=\"2738\">\n<thead data-start=\"2474\" data-end=\"2498\">\n<tr data-start=\"2474\" data-end=\"2498\">\n<th class=\"\" data-start=\"2474\" data-end=\"2481\" data-col-size=\"sm\">Item<\/th>\n<th class=\"\" data-start=\"2481\" data-end=\"2498\" data-col-size=\"md\">Especifica\u00e7\u00e3o<\/th>\n<\/tr>\n<\/thead>\n<tbody data-start=\"2522\" data-end=\"2738\">\n<tr data-start=\"2522\" data-end=\"2583\">\n<td data-start=\"2522\" data-end=\"2534\" data-col-size=\"sm\">Estrutura<\/td>\n<td data-start=\"2534\" data-end=\"2583\" data-col-size=\"md\">Fuso \u00d71 \/ Mesa de mandril \u00d71 \/ Unidade de c\u00f3moda \u00d71<\/td>\n<\/tr>\n<tr data-start=\"2584\" data-end=\"2618\">\n<td data-start=\"2584\" data-end=\"2600\" data-col-size=\"sm\">Pot\u00eancia do fuso<\/td>\n<td data-start=\"2600\" data-end=\"2618\" data-col-size=\"md\">7,5 kW \/ 11 kW<\/td>\n<\/tr>\n<tr data-start=\"2619\" data-end=\"2658\">\n<td data-start=\"2619\" data-end=\"2632\" data-col-size=\"sm\">Tamanho da pastilha<\/td>\n<td data-start=\"2632\" data-end=\"2658\" data-col-size=\"md\">At\u00e9 12 polegadas (300 mm)<\/td>\n<\/tr>\n<tr data-start=\"2659\" data-end=\"2691\">\n<td data-start=\"2659\" data-end=\"2674\" data-col-size=\"sm\">Tipo de processo<\/td>\n<td data-start=\"2674\" data-end=\"2691\" data-col-size=\"md\">Polimento a seco<\/td>\n<\/tr>\n<tr data-start=\"2692\" data-end=\"2738\">\n<td data-start=\"2692\" data-end=\"2713\" data-col-size=\"sm\">Dimens\u00f5es da m\u00e1quina<\/td>\n<td data-start=\"2713\" data-end=\"2738\" data-col-size=\"md\">1450 \u00d7 3380 \u00d7 1900 mm<\/td>\n<\/tr>\n<\/tbody>\n<\/table>\n<\/div>\n<\/div>\n<hr data-start=\"2740\" data-end=\"2743\" \/>\n<h2 data-section-id=\"13yq5fc\" data-start=\"2745\" data-end=\"2768\">Princ\u00edpio de funcionamento<\/h2>\n<p data-start=\"2812\" data-end=\"2954\">O WDP-1240 funciona atrav\u00e9s da aplica\u00e7\u00e3o de polimento mec\u00e2nico controlado na parte posterior da bolacha, utilizando um fuso de alta velocidade e um sistema de mandril de precis\u00e3o.<\/p>\n<p data-start=\"2956\" data-end=\"3193\">Ap\u00f3s o desbaste da bolacha, uma camada danificada permanece frequentemente sob a superf\u00edcie, introduzindo tens\u00f5es internas. O processo de polimento a seco remove esta camada, mantendo um controlo rigoroso da press\u00e3o e da taxa de remo\u00e7\u00e3o de material. Isto resulta em:<\/p>\n<ul data-start=\"3195\" data-end=\"3278\">\n<li data-section-id=\"1r1ex1w\" data-start=\"3195\" data-end=\"3222\">Qualidade uniforme da superf\u00edcie<\/li>\n<li data-section-id=\"bhqqr1\" data-start=\"3223\" data-end=\"3250\">Redu\u00e7\u00e3o da tens\u00e3o residual<\/li>\n<li data-section-id=\"1iz8bdx\" data-start=\"3251\" data-end=\"3278\">Melhoria da planicidade da bolacha<\/li>\n<\/ul>\n<p data-start=\"3280\" data-end=\"3392\">A unidade de dressagem integrada assegura que as ferramentas de polimento mant\u00eam um desempenho consistente durante todo o processo.<\/p>\n<hr data-start=\"3394\" data-end=\"3397\" \/>\n<h2 data-section-id=\"1mpxdoq\" data-start=\"3399\" data-end=\"3422\"><img decoding=\"async\" class=\"size-medium wp-image-2171 alignright\" src=\"https:\/\/www.zmsh-semitech.com\/wp-content\/uploads\/2026\/04\/4inch_silicon_carbide_wafers-300x300.webp\" alt=\"\" width=\"300\" height=\"300\" srcset=\"https:\/\/www.zmsh-semitech.com\/wp-content\/uploads\/2026\/04\/4inch_silicon_carbide_wafers-300x300.webp 300w, https:\/\/www.zmsh-semitech.com\/wp-content\/uploads\/2026\/04\/4inch_silicon_carbide_wafers-150x150.webp 150w, https:\/\/www.zmsh-semitech.com\/wp-content\/uploads\/2026\/04\/4inch_silicon_carbide_wafers-768x768.webp 768w, https:\/\/www.zmsh-semitech.com\/wp-content\/uploads\/2026\/04\/4inch_silicon_carbide_wafers-12x12.webp 12w, https:\/\/www.zmsh-semitech.com\/wp-content\/uploads\/2026\/04\/4inch_silicon_carbide_wafers-600x600.webp 600w, https:\/\/www.zmsh-semitech.com\/wp-content\/uploads\/2026\/04\/4inch_silicon_carbide_wafers-100x100.webp 100w, https:\/\/www.zmsh-semitech.com\/wp-content\/uploads\/2026\/04\/4inch_silicon_carbide_wafers.webp 800w\" sizes=\"(max-width: 300px) 100vw, 300px\" \/>Gama de aplica\u00e7\u00f5es<\/h2>\n<p data-start=\"3424\" data-end=\"3462\">A s\u00e9rie WDP-1240 \u00e9 amplamente utilizada em:<\/p>\n<ul data-start=\"3464\" data-end=\"3675\">\n<li data-section-id=\"thioxr\" data-start=\"3464\" data-end=\"3507\">Processamento da face posterior de bolachas semicondutoras<\/li>\n<li data-section-id=\"1b52adm\" data-start=\"3508\" data-end=\"3557\">Embalagem avan\u00e7ada (WLCSP, embalagem fan-out)<\/li>\n<li data-section-id=\"1lhtczs\" data-start=\"3558\" data-end=\"3590\">Polimento de bolachas de sil\u00edcio (Si)<\/li>\n<li data-section-id=\"zqmbwb\" data-start=\"3591\" data-end=\"3633\">Processamento de pastilhas de carboneto de sil\u00edcio (SiC)<\/li>\n<li data-section-id=\"1xtbjfg\" data-start=\"3634\" data-end=\"3675\">Aplica\u00e7\u00f5es de al\u00edvio de tens\u00f5es em bolachas finas<\/li>\n<\/ul>\n<p data-start=\"3677\" data-end=\"3828\">Suporta wafers de 12 polegadas e inferiores, o que o torna adequado tanto para a produ\u00e7\u00e3o de semicondutores convencionais como para as tecnologias de embalagem avan\u00e7adas emergentes.<\/p>\n<hr data-start=\"3830\" data-end=\"3833\" \/>\n<h2 data-section-id=\"1116wfg\" data-start=\"3835\" data-end=\"3856\"><img decoding=\"async\" class=\"size-medium wp-image-2122 alignright\" src=\"https:\/\/www.zmsh-semitech.com\/wp-content\/uploads\/2026\/04\/Wafer-Back-Grinding-Machine-300x300.png\" alt=\"\" width=\"300\" height=\"300\" srcset=\"https:\/\/www.zmsh-semitech.com\/wp-content\/uploads\/2026\/04\/Wafer-Back-Grinding-Machine-300x300.png 300w, https:\/\/www.zmsh-semitech.com\/wp-content\/uploads\/2026\/04\/Wafer-Back-Grinding-Machine-150x150.png 150w, https:\/\/www.zmsh-semitech.com\/wp-content\/uploads\/2026\/04\/Wafer-Back-Grinding-Machine-768x768.png 768w, https:\/\/www.zmsh-semitech.com\/wp-content\/uploads\/2026\/04\/Wafer-Back-Grinding-Machine-12x12.png 12w, https:\/\/www.zmsh-semitech.com\/wp-content\/uploads\/2026\/04\/Wafer-Back-Grinding-Machine-600x600.png 600w, https:\/\/www.zmsh-semitech.com\/wp-content\/uploads\/2026\/04\/Wafer-Back-Grinding-Machine-100x100.png 100w, https:\/\/www.zmsh-semitech.com\/wp-content\/uploads\/2026\/04\/Wafer-Back-Grinding-Machine.png 1000w\" sizes=\"(max-width: 300px) 100vw, 300px\" \/>Vantagens principais<\/h2>\n<ul data-start=\"3858\" data-end=\"4293\">\n<li data-section-id=\"6czk3i\" data-start=\"3858\" data-end=\"3942\">Baixo impacto ambiental<br data-start=\"3888\" data-end=\"3891\" \/>O processo seco elimina a lama e reduz os res\u00edduos<\/li>\n<li data-section-id=\"7ceake\" data-start=\"3944\" data-end=\"4024\">Melhoria do rendimento elevado<br data-start=\"3972\" data-end=\"3975\" \/>Minimiza a fissura\u00e7\u00e3o e a deforma\u00e7\u00e3o em bolachas finas<\/li>\n<li data-section-id=\"aztc7d\" data-start=\"4026\" data-end=\"4104\">Alta estabilidade do processo<br data-start=\"4054\" data-end=\"4057\" \/>A estrutura robusta garante resultados consistentes<\/li>\n<li data-section-id=\"1viz6br\" data-start=\"4106\" data-end=\"4194\">Integra\u00e7\u00e3o da linha de produ\u00e7\u00e3o<br data-start=\"4139\" data-end=\"4142\" \/>Compat\u00edvel com sistemas automatizados de desbaste de bolachas<\/li>\n<li data-section-id=\"vz1nvb\" data-start=\"4196\" data-end=\"4293\">Optimizado para embalagens avan\u00e7adas<br data-start=\"4234\" data-end=\"4237\" \/>Concebida para processos de semicondutores da pr\u00f3xima gera\u00e7\u00e3o<\/li>\n<\/ul>\n<hr data-start=\"4295\" data-end=\"4298\" \/>\n<h2 data-section-id=\"w1cnyx\" data-start=\"4300\" data-end=\"4309\">FAQ<\/h2>\n<p data-start=\"4311\" data-end=\"4563\">Q1: Qual \u00e9 a principal vantagem do polimento a seco em compara\u00e7\u00e3o com o polimento h\u00famido?<br data-start=\"4389\" data-end=\"4392\" \/>R: O polimento a seco elimina a utiliza\u00e7\u00e3o de lama, reduzindo o impacto ambiental, simplificando a manuten\u00e7\u00e3o e diminuindo os custos de funcionamento, ao mesmo tempo que mant\u00e9m uma elevada qualidade da superf\u00edcie.<\/p>\n<p data-start=\"4565\" data-end=\"4700\">Q2: Que tamanhos de bolacha s\u00e3o suportados?<br data-start=\"4604\" data-end=\"4607\" \/>R: O WDP-1240 suporta wafers de at\u00e9 12 polegadas (300 mm), incluindo materiais de Si e SiC.<\/p>\n<p data-start=\"4702\" data-end=\"4916\">Q3: Esta m\u00e1quina pode ser integrada numa linha de produ\u00e7\u00e3o?<br data-start=\"4764\" data-end=\"4767\" \/>R: Sim. Pode ser ligado sem problemas ao equipamento de desbaste de bolachas, como o WG1251, permitindo a transfer\u00eancia autom\u00e1tica de bolachas e o processamento cont\u00ednuo.<\/p>","protected":false},"excerpt":{"rendered":"<p>A m\u00e1quina de polimento a seco da s\u00e9rie WDP-1240 \u00e9 um sistema avan\u00e7ado de precis\u00e3o desenvolvido para o al\u00edvio de tens\u00f5es na parte posterior da bolacha e para a remo\u00e7\u00e3o de camadas danificadas no fabrico de semicondutores. Especificamente concebido para o processamento de bolachas de 300 mm, este equipamento utiliza um processo de polimento a seco para obter um acabamento superficial de alta qualidade, minimizando o impacto ambiental.<\/p>","protected":false},"featured_media":2217,"comment_status":"open","ping_status":"closed","template":"","meta":{"site-sidebar-layout":"default","site-content-layout":"","ast-site-content-layout":"default","site-content-style":"default","site-sidebar-style":"default","ast-global-header-display":"","ast-banner-title-visibility":"","ast-main-header-display":"","ast-hfb-above-header-display":"","ast-hfb-below-header-display":"","ast-hfb-mobile-header-display":"","site-post-title":"","ast-breadcrumbs-content":"","ast-featured-img":"","footer-sml-layout":"","ast-disable-related-posts":"","theme-transparent-header-meta":"default","adv-header-id-meta":"","stick-header-meta":"default","header-above-stick-meta":"","header-main-stick-meta":"","header-below-stick-meta":"","astra-migrate-meta-layouts":"set","ast-page-background-enabled":"default","ast-page-background-meta":{"desktop":{"background-color":"var(--ast-global-color-4)","background-image":"","background-repeat":"repeat","background-position":"center center","background-size":"auto","background-attachment":"scroll","background-type":"","background-media":"","overlay-type":"","overlay-color":"","overlay-opacity":"","overlay-gradient":""},"tablet":{"background-color":"","background-image":"","background-repeat":"repeat","background-position":"center center","background-size":"auto","background-attachment":"scroll","background-type":"","background-media":"","overlay-type":"","overlay-color":"","overlay-opacity":"","overlay-gradient":""},"mobile":{"background-color":"","background-image":"","background-repeat":"repeat","background-position":"center center","background-size":"auto","background-attachment":"scroll","background-type":"","background-media":"","overlay-type":"","overlay-color":"","overlay-opacity":"","overlay-gradient":""}},"ast-content-background-meta":{"desktop":{"background-color":"var(--ast-global-color-5)","background-image":"","background-repeat":"repeat","background-position":"center center","background-size":"auto","background-attachment":"scroll","background-type":"","background-media":"","overlay-type":"","overlay-color":"","overlay-opacity":"","overlay-gradient":""},"tablet":{"background-color":"var(--ast-global-color-5)","background-image":"","background-repeat":"repeat","background-position":"center center","background-size":"auto","background-attachment":"scroll","background-type":"","background-media":"","overlay-type":"","overlay-color":"","overlay-opacity":"","overlay-gradient":""},"mobile":{"background-color":"var(--ast-global-color-5)","background-image":"","background-repeat":"repeat","background-position":"center center","background-size":"auto","background-attachment":"scroll","background-type":"","background-media":"","overlay-type":"","overlay-color":"","overlay-opacity":"","overlay-gradient":""}}},"product_brand":[],"product_cat":[725],"product_tag":[995,1000,993,1001,996,997,999,998,994,1002],"class_list":{"0":"post-2215","1":"product","2":"type-product","3":"status-publish","4":"has-post-thumbnail","6":"product_cat-polishing-machine","7":"product_tag-300mm-wafer-polishing","8":"product_tag-advanced-packaging-equipment","9":"product_tag-dry-polishing-machine","10":"product_tag-dry-wafer-processing","11":"product_tag-semiconductor-polishing-machine","12":"product_tag-sic-wafer-polishing","13":"product_tag-stress-relief-polishing-machine","14":"product_tag-wafer-backside-polishing","15":"product_tag-wafer-polishing-equipment","16":"product_tag-wafer-thinning-line-equipment","17":"desktop-align-left","18":"tablet-align-left","19":"mobile-align-left","20":"ast-product-gallery-layout-horizontal-slider","21":"ast-product-gallery-with-no-image","22":"ast-product-tabs-layout-horizontal","24":"first","25":"instock","26":"shipping-taxable","27":"product-type-simple"},"_links":{"self":[{"href":"https:\/\/www.zmsh-semitech.com\/pt\/wp-json\/wp\/v2\/product\/2215","targetHints":{"allow":["GET"]}}],"collection":[{"href":"https:\/\/www.zmsh-semitech.com\/pt\/wp-json\/wp\/v2\/product"}],"about":[{"href":"https:\/\/www.zmsh-semitech.com\/pt\/wp-json\/wp\/v2\/types\/product"}],"replies":[{"embeddable":true,"href":"https:\/\/www.zmsh-semitech.com\/pt\/wp-json\/wp\/v2\/comments?post=2215"}],"version-history":[{"count":3,"href":"https:\/\/www.zmsh-semitech.com\/pt\/wp-json\/wp\/v2\/product\/2215\/revisions"}],"predecessor-version":[{"id":2219,"href":"https:\/\/www.zmsh-semitech.com\/pt\/wp-json\/wp\/v2\/product\/2215\/revisions\/2219"}],"wp:featuredmedia":[{"embeddable":true,"href":"https:\/\/www.zmsh-semitech.com\/pt\/wp-json\/wp\/v2\/media\/2217"}],"wp:attachment":[{"href":"https:\/\/www.zmsh-semitech.com\/pt\/wp-json\/wp\/v2\/media?parent=2215"}],"wp:term":[{"taxonomy":"product_brand","embeddable":true,"href":"https:\/\/www.zmsh-semitech.com\/pt\/wp-json\/wp\/v2\/product_brand?post=2215"},{"taxonomy":"product_cat","embeddable":true,"href":"https:\/\/www.zmsh-semitech.com\/pt\/wp-json\/wp\/v2\/product_cat?post=2215"},{"taxonomy":"product_tag","embeddable":true,"href":"https:\/\/www.zmsh-semitech.com\/pt\/wp-json\/wp\/v2\/product_tag?post=2215"}],"curies":[{"name":"wp","href":"https:\/\/api.w.org\/{rel}","templated":true}]}}