{"id":2183,"date":"2026-04-14T05:20:25","date_gmt":"2026-04-14T05:20:25","guid":{"rendered":"https:\/\/www.zmsh-semitech.com\/?post_type=product&#038;p=2183"},"modified":"2026-04-14T05:20:28","modified_gmt":"2026-04-14T05:20:28","slug":"8-inch-sic-epitaxial-wafer","status":"publish","type":"product","link":"https:\/\/www.zmsh-semitech.com\/pt\/product\/8-inch-sic-epitaxial-wafer\/","title":{"rendered":"Pastilha epitaxial de SiC de 8 polegadas e 200 mm"},"content":{"rendered":"<p data-start=\"199\" data-end=\"476\"><img fetchpriority=\"high\" decoding=\"async\" class=\"alignright wp-image-2187 size-medium\" src=\"https:\/\/www.zmsh-semitech.com\/wp-content\/uploads\/2026\/04\/8_inch_sic_epitaxial_wafers_yield_and_efficiency_scalable_power_electronics-1-300x300.webp\" alt=\"Pastilha epitaxial de SiC de 8 polegadas e 200 mm\" width=\"300\" height=\"300\" srcset=\"https:\/\/www.zmsh-semitech.com\/wp-content\/uploads\/2026\/04\/8_inch_sic_epitaxial_wafers_yield_and_efficiency_scalable_power_electronics-1-300x300.webp 300w, https:\/\/www.zmsh-semitech.com\/wp-content\/uploads\/2026\/04\/8_inch_sic_epitaxial_wafers_yield_and_efficiency_scalable_power_electronics-1-150x150.webp 150w, https:\/\/www.zmsh-semitech.com\/wp-content\/uploads\/2026\/04\/8_inch_sic_epitaxial_wafers_yield_and_efficiency_scalable_power_electronics-1-12x12.webp 12w, https:\/\/www.zmsh-semitech.com\/wp-content\/uploads\/2026\/04\/8_inch_sic_epitaxial_wafers_yield_and_efficiency_scalable_power_electronics-1-100x100.webp 100w, https:\/\/www.zmsh-semitech.com\/wp-content\/uploads\/2026\/04\/8_inch_sic_epitaxial_wafers_yield_and_efficiency_scalable_power_electronics-1.webp 593w\" sizes=\"(max-width: 300px) 100vw, 300px\" \/>A pastilha epitaxial SiC de 8 polegadas representa o mais recente avan\u00e7o na tecnologia de semicondutores de banda larga. Constru\u00eddo sobre um substrato de SiC de 200 mm com uma camada epitaxial de alta qualidade, este produto foi concebido para suportar o fabrico de dispositivos de pot\u00eancia escal\u00e1veis e de elevada efici\u00eancia.<\/p>\n<p data-start=\"478\" data-end=\"759\">Em compara\u00e7\u00e3o com bolachas mais pequenas, as bolachas de SiC de 8 polegadas aumentam significativamente a \u00e1rea utiliz\u00e1vel, permitindo uma maior produ\u00e7\u00e3o de dispositivos por bolacha e reduzindo o custo por chip. Isto torna-as uma solu\u00e7\u00e3o essencial para as ind\u00fastrias que est\u00e3o a fazer a transi\u00e7\u00e3o para a produ\u00e7\u00e3o em grande escala de dispositivos de pot\u00eancia de carboneto de sil\u00edcio.<\/p>\n<p data-start=\"761\" data-end=\"1105\">As bolachas epitaxiais de SiC combinam as vantagens intr\u00ednsecas do carboneto de sil\u00edcio, incluindo o amplo intervalo de banda, o elevado campo el\u00e9trico de rutura e a excelente condutividade t\u00e9rmica, com camadas epitaxiais controladas com precis\u00e3o e adaptadas ao fabrico de dispositivos. Estas bolachas s\u00e3o amplamente utilizadas em MOSFETs de nova gera\u00e7\u00e3o, d\u00edodos Schottky e m\u00f3dulos de pot\u00eancia integrados.<\/p>\n<p data-start=\"761\" data-end=\"1105\">\n<h2 data-section-id=\"rkota4\" data-start=\"1112\" data-end=\"1133\">Especifica\u00e7\u00f5es principais<\/h2>\n<div class=\"TyagGW_tableContainer\">\n<div class=\"group TyagGW_tableWrapper flex flex-col-reverse w-fit\" tabindex=\"-1\">\n<table class=\"w-fit min-w-(--thread-content-width)\" data-start=\"1135\" data-end=\"1545\">\n<thead data-start=\"1135\" data-end=\"1156\">\n<tr data-start=\"1135\" data-end=\"1156\">\n<th class=\"\" data-start=\"1135\" data-end=\"1147\" data-col-size=\"sm\">Par\u00e2metro<\/th>\n<th class=\"\" data-start=\"1147\" data-end=\"1156\" data-col-size=\"sm\">Valor<\/th>\n<\/tr>\n<\/thead>\n<tbody data-start=\"1177\" data-end=\"1545\">\n<tr data-start=\"1177\" data-end=\"1204\">\n<td data-start=\"1177\" data-end=\"1188\" data-col-size=\"sm\">Di\u00e2metro<\/td>\n<td data-col-size=\"sm\" data-start=\"1188\" data-end=\"1204\">200 \u00b1 0,5 mm<\/td>\n<\/tr>\n<tr data-start=\"1205\" data-end=\"1226\">\n<td data-start=\"1205\" data-end=\"1216\" data-col-size=\"sm\">Polytype<\/td>\n<td data-col-size=\"sm\" data-start=\"1216\" data-end=\"1226\">4H-SiC<\/td>\n<\/tr>\n<tr data-start=\"1227\" data-end=\"1257\">\n<td data-start=\"1227\" data-end=\"1247\" data-col-size=\"sm\">Tipo de condutividade<\/td>\n<td data-col-size=\"sm\" data-start=\"1247\" data-end=\"1257\">Tipo N<\/td>\n<\/tr>\n<tr data-start=\"1258\" data-end=\"1285\">\n<td data-start=\"1258\" data-end=\"1270\" data-col-size=\"sm\">Espessura<\/td>\n<td data-col-size=\"sm\" data-start=\"1270\" data-end=\"1285\">700 \u00b1 50 \u03bcm<\/td>\n<\/tr>\n<tr data-start=\"1286\" data-end=\"1331\">\n<td data-start=\"1286\" data-end=\"1303\" data-col-size=\"sm\">Acabamento da superf\u00edcie<\/td>\n<td data-col-size=\"sm\" data-start=\"1303\" data-end=\"1331\">Dupla face CMP polida<\/td>\n<\/tr>\n<tr data-start=\"1332\" data-end=\"1369\">\n<td data-start=\"1332\" data-end=\"1346\" data-col-size=\"sm\">Orienta\u00e7\u00e3o<\/td>\n<td data-col-size=\"sm\" data-start=\"1346\" data-end=\"1369\">4,0\u00b0 fora do eixo \u00b10,5\u00b0<\/td>\n<\/tr>\n<tr data-start=\"1370\" data-end=\"1408\">\n<td data-start=\"1370\" data-end=\"1378\" data-col-size=\"sm\">entalhe<\/td>\n<td data-col-size=\"sm\" data-start=\"1378\" data-end=\"1408\">Orienta\u00e7\u00e3o padr\u00e3o do entalhe<\/td>\n<\/tr>\n<tr data-start=\"1409\" data-end=\"1450\">\n<td data-start=\"1409\" data-end=\"1424\" data-col-size=\"sm\">Perfil da borda<\/td>\n<td data-col-size=\"sm\" data-start=\"1424\" data-end=\"1450\">Chanfro \/ Aresta arredondada<\/td>\n<\/tr>\n<tr data-start=\"1451\" data-end=\"1494\">\n<td data-start=\"1451\" data-end=\"1471\" data-col-size=\"sm\">Rugosidade da superf\u00edcie<\/td>\n<td data-col-size=\"sm\" data-start=\"1471\" data-end=\"1494\">N\u00edvel sub-nanom\u00e9trico<\/td>\n<\/tr>\n<tr data-start=\"1495\" data-end=\"1545\">\n<td data-start=\"1495\" data-end=\"1507\" data-col-size=\"sm\">Embalagem<\/td>\n<td data-col-size=\"sm\" data-start=\"1507\" data-end=\"1545\">Cassete ou contentor de bolacha \u00fanica<\/td>\n<\/tr>\n<\/tbody>\n<\/table>\n<\/div>\n<\/div>\n<p data-start=\"1547\" data-end=\"1567\">Resistividade t\u00edpica:<\/p>\n<ul data-start=\"1568\" data-end=\"1627\">\n<li data-section-id=\"c0wp38\" data-start=\"1568\" data-end=\"1596\">Tipo N: 0,015-0,028 \u03a9-cm<\/li>\n<li data-section-id=\"1a616df\" data-start=\"1597\" data-end=\"1627\">Semi-isolante: \u22651E7 \u03a9-cm<\/li>\n<\/ul>\n<p data-start=\"1629\" data-end=\"1646\">Graus dispon\u00edveis:<\/p>\n<ul data-start=\"1647\" data-end=\"1721\">\n<li data-section-id=\"1kj0dd2\" data-start=\"1647\" data-end=\"1665\">Grau zero de MPD<\/li>\n<li data-section-id=\"e77vy6\" data-start=\"1666\" data-end=\"1686\">Grau de produ\u00e7\u00e3o<\/li>\n<li data-section-id=\"7brco4\" data-start=\"1687\" data-end=\"1705\">Grau de investiga\u00e7\u00e3o<\/li>\n<li data-section-id=\"1czp2d1\" data-start=\"1706\" data-end=\"1721\">Grau fict\u00edcio<\/li>\n<\/ul>\n<h2 data-section-id=\"1c4zomd\" data-start=\"1728\" data-end=\"1759\"><img decoding=\"async\" class=\"alignright wp-image-2186 size-medium\" src=\"https:\/\/www.zmsh-semitech.com\/wp-content\/uploads\/2026\/04\/8_inch_sic_epitaxial_wafers_yield_and_efficiency_scalable_power_electronics2-300x300.webp\" alt=\"Pastilha epitaxial de SiC de 8 polegadas e 200 mm\" width=\"300\" height=\"300\" srcset=\"https:\/\/www.zmsh-semitech.com\/wp-content\/uploads\/2026\/04\/8_inch_sic_epitaxial_wafers_yield_and_efficiency_scalable_power_electronics2-300x300.webp 300w, https:\/\/www.zmsh-semitech.com\/wp-content\/uploads\/2026\/04\/8_inch_sic_epitaxial_wafers_yield_and_efficiency_scalable_power_electronics2-150x150.webp 150w, https:\/\/www.zmsh-semitech.com\/wp-content\/uploads\/2026\/04\/8_inch_sic_epitaxial_wafers_yield_and_efficiency_scalable_power_electronics2-768x768.webp 768w, https:\/\/www.zmsh-semitech.com\/wp-content\/uploads\/2026\/04\/8_inch_sic_epitaxial_wafers_yield_and_efficiency_scalable_power_electronics2-12x12.webp 12w, https:\/\/www.zmsh-semitech.com\/wp-content\/uploads\/2026\/04\/8_inch_sic_epitaxial_wafers_yield_and_efficiency_scalable_power_electronics2-600x600.webp 600w, https:\/\/www.zmsh-semitech.com\/wp-content\/uploads\/2026\/04\/8_inch_sic_epitaxial_wafers_yield_and_efficiency_scalable_power_electronics2-100x100.webp 100w, https:\/\/www.zmsh-semitech.com\/wp-content\/uploads\/2026\/04\/8_inch_sic_epitaxial_wafers_yield_and_efficiency_scalable_power_electronics2.webp 800w\" sizes=\"(max-width: 300px) 100vw, 300px\" \/>Capacidades da camada epitaxial<\/h2>\n<p data-start=\"1761\" data-end=\"1925\">A camada epitaxial \u00e9 cultivada utilizando tecnologia avan\u00e7ada de deposi\u00e7\u00e3o de vapor qu\u00edmico (CVD), permitindo um controlo preciso da espessura, da concentra\u00e7\u00e3o de dopagem e da uniformidade.<\/p>\n<p data-start=\"1927\" data-end=\"1960\">A personaliza\u00e7\u00e3o dispon\u00edvel inclui:<\/p>\n<ul data-start=\"1961\" data-end=\"2154\">\n<li data-section-id=\"1czjqdq\" data-start=\"1961\" data-end=\"1998\">Camadas epitaxiais do tipo N ou do tipo P<\/li>\n<li data-section-id=\"m2ekyd\" data-start=\"1999\" data-end=\"2059\">Espessura de epinefrina ajust\u00e1vel para diferentes estruturas de dispositivos<\/li>\n<li data-section-id=\"1n6931\" data-start=\"2060\" data-end=\"2109\">Perfis de dopagem uniformes em toda a bolacha<\/li>\n<li data-section-id=\"14l0kap\" data-start=\"2110\" data-end=\"2154\">Baixa densidade de defeitos para um rendimento elevado do dispositivo<\/li>\n<\/ul>\n<p data-start=\"2156\" data-end=\"2277\">A epitaxia de alta qualidade \u00e9 essencial para obter um desempenho el\u00e9trico est\u00e1vel e uma fiabilidade a longo prazo nos dispositivos de pot\u00eancia.<\/p>\n<h2 data-section-id=\"2gad1q\" data-start=\"2284\" data-end=\"2308\"><img decoding=\"async\" class=\"alignright wp-image-2185 size-medium\" src=\"https:\/\/www.zmsh-semitech.com\/wp-content\/uploads\/2026\/04\/8_inch_sic_epitaxial_wafers_yield_and_efficiency_scalable_power_electronics3-300x300.webp\" alt=\"Pastilha epitaxial de SiC de 8 polegadas e 200 mm\" width=\"300\" height=\"300\" srcset=\"https:\/\/www.zmsh-semitech.com\/wp-content\/uploads\/2026\/04\/8_inch_sic_epitaxial_wafers_yield_and_efficiency_scalable_power_electronics3-300x300.webp 300w, https:\/\/www.zmsh-semitech.com\/wp-content\/uploads\/2026\/04\/8_inch_sic_epitaxial_wafers_yield_and_efficiency_scalable_power_electronics3-150x150.webp 150w, https:\/\/www.zmsh-semitech.com\/wp-content\/uploads\/2026\/04\/8_inch_sic_epitaxial_wafers_yield_and_efficiency_scalable_power_electronics3-768x768.webp 768w, https:\/\/www.zmsh-semitech.com\/wp-content\/uploads\/2026\/04\/8_inch_sic_epitaxial_wafers_yield_and_efficiency_scalable_power_electronics3-12x12.webp 12w, https:\/\/www.zmsh-semitech.com\/wp-content\/uploads\/2026\/04\/8_inch_sic_epitaxial_wafers_yield_and_efficiency_scalable_power_electronics3-600x600.webp 600w, https:\/\/www.zmsh-semitech.com\/wp-content\/uploads\/2026\/04\/8_inch_sic_epitaxial_wafers_yield_and_efficiency_scalable_power_electronics3-100x100.webp 100w, https:\/\/www.zmsh-semitech.com\/wp-content\/uploads\/2026\/04\/8_inch_sic_epitaxial_wafers_yield_and_efficiency_scalable_power_electronics3.webp 800w\" sizes=\"(max-width: 300px) 100vw, 300px\" \/>Processo de fabrico<\/h2>\n<p data-start=\"2310\" data-end=\"2484\"><strong data-start=\"2310\" data-end=\"2335\">Prepara\u00e7\u00e3o do substrato<\/strong><br data-start=\"2335\" data-end=\"2338\" \/>Os substratos de SiC monocristalino de elevada pureza s\u00e3o produzidos utilizando m\u00e9todos de crescimento a alta temperatura e polidos para obter uma rugosidade superficial ultra baixa.<\/p>\n<p data-start=\"2486\" data-end=\"2667\"><strong data-start=\"2486\" data-end=\"2506\">Crescimento epitaxial<\/strong><br data-start=\"2506\" data-end=\"2509\" \/>A camada epitaxial \u00e9 depositada a alta temperatura utilizando sistemas CVD, garantindo uma espessura uniforme e propriedades materiais consistentes em toda a bolacha de 200 mm.<\/p>\n<p data-start=\"2669\" data-end=\"2799\"><strong data-start=\"2669\" data-end=\"2687\">Controlo de Dopagem<\/strong><br data-start=\"2687\" data-end=\"2690\" \/>\u00c9 aplicada uma dopagem precisa durante o crescimento epitaxial para satisfazer os requisitos de diferentes arquitecturas de dispositivos.<\/p>\n<p data-start=\"2801\" data-end=\"2981\"><strong data-start=\"2801\" data-end=\"2829\">Metrologia e Inspe\u00e7\u00e3o<\/strong><br data-start=\"2829\" data-end=\"2832\" \/>Cada bolacha \u00e9 submetida a testes abrangentes, incluindo an\u00e1lise de superf\u00edcie, mapeamento de defeitos e carateriza\u00e7\u00e3o el\u00e9ctrica para garantir uma qualidade consistente.<\/p>\n<h2 data-section-id=\"1344z7h\" data-start=\"2988\" data-end=\"3001\">Vantagens<\/h2>\n<p data-start=\"3003\" data-end=\"3162\"><strong data-start=\"3003\" data-end=\"3029\">Fabrico escal\u00e1vel<\/strong><br data-start=\"3029\" data-end=\"3032\" \/>O tamanho do wafer de 8 polegadas aumenta significativamente a produ\u00e7\u00e3o de chips por wafer, melhorando a efici\u00eancia da produ\u00e7\u00e3o e reduzindo o custo por dispositivo.<\/p>\n<p data-start=\"3164\" data-end=\"3306\"><strong data-start=\"3164\" data-end=\"3195\">Desempenho de alta efici\u00eancia<\/strong><br data-start=\"3195\" data-end=\"3198\" \/>As propriedades do material SiC permitem menores perdas de comuta\u00e7\u00e3o, maior densidade de pot\u00eancia e melhor efici\u00eancia energ\u00e9tica.<\/p>\n<p data-start=\"3308\" data-end=\"3456\"><strong data-start=\"3308\" data-end=\"3340\">Excelente gest\u00e3o t\u00e9rmica<\/strong><br data-start=\"3340\" data-end=\"3343\" \/>A elevada condutividade t\u00e9rmica permite um funcionamento est\u00e1vel em condi\u00e7\u00f5es de elevada pot\u00eancia e reduz os requisitos de arrefecimento.<\/p>\n<p data-start=\"3458\" data-end=\"3581\"><strong data-start=\"3458\" data-end=\"3480\">Baixa densidade de defeitos<\/strong><br data-start=\"3480\" data-end=\"3483\" \/>O crescimento avan\u00e7ado de cristais e os processos epitaxiais garantem um elevado rendimento e um desempenho fi\u00e1vel do dispositivo.<\/p>\n<p data-start=\"3583\" data-end=\"3737\"><strong data-start=\"3583\" data-end=\"3608\">Plataforma preparada para o futuro<\/strong><br data-start=\"3608\" data-end=\"3611\" \/>Os wafers de SiC de 8 polegadas est\u00e3o alinhados com a tend\u00eancia da ind\u00fastria de semicondutores para formatos de wafer maiores e produ\u00e7\u00e3o em massa automatizada.<\/p>\n<p data-start=\"3583\" data-end=\"3737\"><img loading=\"lazy\" decoding=\"async\" class=\"wp-image-2178 size-large aligncenter\" src=\"https:\/\/www.zmsh-semitech.com\/wp-content\/uploads\/2026\/04\/applications-1-1024x683.png\" alt=\"\" width=\"1024\" height=\"683\" srcset=\"https:\/\/www.zmsh-semitech.com\/wp-content\/uploads\/2026\/04\/applications-1-1024x683.png 1024w, https:\/\/www.zmsh-semitech.com\/wp-content\/uploads\/2026\/04\/applications-1-300x200.png 300w, https:\/\/www.zmsh-semitech.com\/wp-content\/uploads\/2026\/04\/applications-1-768x512.png 768w, https:\/\/www.zmsh-semitech.com\/wp-content\/uploads\/2026\/04\/applications-1-18x12.png 18w, https:\/\/www.zmsh-semitech.com\/wp-content\/uploads\/2026\/04\/applications-1-600x400.png 600w, https:\/\/www.zmsh-semitech.com\/wp-content\/uploads\/2026\/04\/applications-1.png 1536w\" sizes=\"(max-width: 1024px) 100vw, 1024px\" \/><\/p>\n<h2 data-section-id=\"mu966k\" data-start=\"3744\" data-end=\"3759\">Aplica\u00e7\u00f5es<\/h2>\n<p data-start=\"3761\" data-end=\"3946\"><strong data-start=\"3761\" data-end=\"3782\">Ve\u00edculos el\u00e9ctricos<\/strong><br data-start=\"3782\" data-end=\"3785\" \/>Utilizados em inversores de tra\u00e7\u00e3o, carregadores de bordo e conversores DC-DC. O tamanho maior da pastilha permite a produ\u00e7\u00e3o em massa de dispositivos de alimenta\u00e7\u00e3o de alta efici\u00eancia para plataformas de ve\u00edculos el\u00e9ctricos.<\/p>\n<p data-start=\"3948\" data-end=\"4103\"><strong data-start=\"3948\" data-end=\"3976\">Sistemas de energia renov\u00e1vel<\/strong><br data-start=\"3976\" data-end=\"3979\" \/>Aplicado em inversores solares e conversores de energia e\u00f3lica, onde a efici\u00eancia e a fiabilidade s\u00e3o fundamentais para o funcionamento a longo prazo.<\/p>\n<p data-start=\"4105\" data-end=\"4257\"><strong data-start=\"4105\" data-end=\"4137\">Eletr\u00f3nica de pot\u00eancia industrial<\/strong><br data-start=\"4137\" data-end=\"4140\" \/>Suporta accionamentos de motores, sistemas de automa\u00e7\u00e3o e equipamento de alta pot\u00eancia que requer uma convers\u00e3o de energia est\u00e1vel e eficiente.<\/p>\n<p data-start=\"4259\" data-end=\"4390\"><strong data-start=\"4259\" data-end=\"4287\">Infraestrutura 5G e RF<\/strong><br data-start=\"4287\" data-end=\"4290\" \/>Permite componentes RF de alta frequ\u00eancia e alta pot\u00eancia utilizados em sistemas de comunica\u00e7\u00e3o e esta\u00e7\u00f5es de base.<\/p>\n<p data-start=\"4392\" data-end=\"4499\"><strong data-start=\"4392\" data-end=\"4422\">Eletr\u00f3nica de consumo<\/strong><br data-start=\"4422\" data-end=\"4425\" \/>Utilizado em fontes de alimenta\u00e7\u00e3o compactas e de elevada efici\u00eancia e em sistemas de carregamento r\u00e1pido.<\/p>\n<h2 data-section-id=\"1hryhf7\" data-start=\"4506\" data-end=\"4512\">FAQ<\/h2>\n<p data-start=\"4514\" data-end=\"4720\">Q1: Qual \u00e9 a principal vantagem dos wafers de SiC de 8 polegadas?<br data-start=\"4565\" data-end=\"4568\" \/>A maior dimens\u00e3o da bolacha aumenta o n\u00famero de chips por bolacha, reduzindo significativamente o custo de fabrico por dispositivo e melhorando a efici\u00eancia da produ\u00e7\u00e3o.<\/p>\n<p data-start=\"4722\" data-end=\"4909\">Q2: A tecnologia SiC de 8 polegadas est\u00e1 madura?<br data-start=\"4757\" data-end=\"4760\" \/>Est\u00e1 atualmente a transitar da produ\u00e7\u00e3o-piloto para a fase inicial da produ\u00e7\u00e3o em massa, com uma ado\u00e7\u00e3o crescente no fabrico de semicondutores avan\u00e7ados.<\/p>\n<p data-start=\"4911\" data-end=\"5060\">Q3: As camadas epitaxiais podem ser personalizadas?<br data-start=\"4949\" data-end=\"4952\" \/>Sim, o tipo de dopagem, a espessura e as propriedades el\u00e9ctricas podem ser adaptados para satisfazer os requisitos espec\u00edficos do dispositivo.<\/p>\n<p data-start=\"5062\" data-end=\"5238\">Q4: As linhas de produ\u00e7\u00e3o existentes s\u00e3o compat\u00edveis com bolachas de 8 polegadas?<br data-start=\"5125\" data-end=\"5128\" \/>Poder\u00e3o ser necess\u00e1rias algumas actualiza\u00e7\u00f5es do equipamento, mas muitas f\u00e1bricas modernas est\u00e3o j\u00e1 a preparar-se para o processamento de SiC de 200 mm.<\/p>","protected":false},"excerpt":{"rendered":"<p>A pastilha epitaxial SiC de 8 polegadas representa o mais recente avan\u00e7o na tecnologia de semicondutores de banda larga. Constru\u00eddo sobre um substrato de SiC de 200 mm com uma camada epitaxial de alta qualidade, este produto foi concebido para suportar o fabrico de dispositivos de pot\u00eancia escal\u00e1veis e de elevada efici\u00eancia.<\/p>","protected":false},"featured_media":2184,"comment_status":"open","ping_status":"closed","template":"","meta":{"site-sidebar-layout":"default","site-content-layout":"","ast-site-content-layout":"default","site-content-style":"default","site-sidebar-style":"default","ast-global-header-display":"","ast-banner-title-visibility":"","ast-main-header-display":"","ast-hfb-above-header-display":"","ast-hfb-below-header-display":"","ast-hfb-mobile-header-display":"","site-post-title":"","ast-breadcrumbs-content":"","ast-featured-img":"","footer-sml-layout":"","ast-disable-related-posts":"","theme-transparent-header-meta":"default","adv-header-id-meta":"","stick-header-meta":"default","header-above-stick-meta":"","header-main-stick-meta":"","header-below-stick-meta":"","astra-migrate-meta-layouts":"set","ast-page-background-enabled":"default","ast-page-background-meta":{"desktop":{"background-color":"var(--ast-global-color-4)","background-image":"","background-repeat":"repeat","background-position":"center center","background-size":"auto","background-attachment":"scroll","background-type":"","background-media":"","overlay-type":"","overlay-color":"","overlay-opacity":"","overlay-gradient":""},"tablet":{"background-color":"","background-image":"","background-repeat":"repeat","background-position":"center center","background-size":"auto","background-attachment":"scroll","background-type":"","background-media":"","overlay-type":"","overlay-color":"","overlay-opacity":"","overlay-gradient":""},"mobile":{"background-color":"","background-image":"","background-repeat":"repeat","background-position":"center center","background-size":"auto","background-attachment":"scroll","background-type":"","background-media":"","overlay-type":"","overlay-color":"","overlay-opacity":"","overlay-gradient":""}},"ast-content-background-meta":{"desktop":{"background-color":"var(--ast-global-color-5)","background-image":"","background-repeat":"repeat","background-position":"center center","background-size":"auto","background-attachment":"scroll","background-type":"","background-media":"","overlay-type":"","overlay-color":"","overlay-opacity":"","overlay-gradient":""},"tablet":{"background-color":"var(--ast-global-color-5)","background-image":"","background-repeat":"repeat","background-position":"center center","background-size":"auto","background-attachment":"scroll","background-type":"","background-media":"","overlay-type":"","overlay-color":"","overlay-opacity":"","overlay-gradient":""},"mobile":{"background-color":"var(--ast-global-color-5)","background-image":"","background-repeat":"repeat","background-position":"center center","background-size":"auto","background-attachment":"scroll","background-type":"","background-media":"","overlay-type":"","overlay-color":"","overlay-opacity":"","overlay-gradient":""}}},"product_brand":[],"product_cat":[729],"product_tag":[944,735,947,945,943,933,946,948,692],"class_list":{"0":"post-2183","1":"product","2":"type-product","3":"status-publish","4":"has-post-thumbnail","6":"product_cat-wafer","7":"product_tag-200mm-silicon-carbide-wafer","8":"product_tag-8-inch-sic-wafer","9":"product_tag-high-efficiency-power-electronics","10":"product_tag-sic-epi-wafer","11":"product_tag-sic-epitaxial-wafer","12":"product_tag-sic-mosfet-wafer","13":"product_tag-sic-power-device-substrate","14":"product_tag-silicon-carbide-epitaxy","15":"product_tag-wide-bandgap-semiconductor","16":"desktop-align-left","17":"tablet-align-left","18":"mobile-align-left","19":"ast-product-gallery-layout-horizontal-slider","20":"ast-product-tabs-layout-horizontal","22":"first","23":"instock","24":"shipping-taxable","25":"product-type-simple"},"_links":{"self":[{"href":"https:\/\/www.zmsh-semitech.com\/pt\/wp-json\/wp\/v2\/product\/2183","targetHints":{"allow":["GET"]}}],"collection":[{"href":"https:\/\/www.zmsh-semitech.com\/pt\/wp-json\/wp\/v2\/product"}],"about":[{"href":"https:\/\/www.zmsh-semitech.com\/pt\/wp-json\/wp\/v2\/types\/product"}],"replies":[{"embeddable":true,"href":"https:\/\/www.zmsh-semitech.com\/pt\/wp-json\/wp\/v2\/comments?post=2183"}],"version-history":[{"count":1,"href":"https:\/\/www.zmsh-semitech.com\/pt\/wp-json\/wp\/v2\/product\/2183\/revisions"}],"predecessor-version":[{"id":2188,"href":"https:\/\/www.zmsh-semitech.com\/pt\/wp-json\/wp\/v2\/product\/2183\/revisions\/2188"}],"wp:featuredmedia":[{"embeddable":true,"href":"https:\/\/www.zmsh-semitech.com\/pt\/wp-json\/wp\/v2\/media\/2184"}],"wp:attachment":[{"href":"https:\/\/www.zmsh-semitech.com\/pt\/wp-json\/wp\/v2\/media?parent=2183"}],"wp:term":[{"taxonomy":"product_brand","embeddable":true,"href":"https:\/\/www.zmsh-semitech.com\/pt\/wp-json\/wp\/v2\/product_brand?post=2183"},{"taxonomy":"product_cat","embeddable":true,"href":"https:\/\/www.zmsh-semitech.com\/pt\/wp-json\/wp\/v2\/product_cat?post=2183"},{"taxonomy":"product_tag","embeddable":true,"href":"https:\/\/www.zmsh-semitech.com\/pt\/wp-json\/wp\/v2\/product_tag?post=2183"}],"curies":[{"name":"wp","href":"https:\/\/api.w.org\/{rel}","templated":true}]}}