{"id":2154,"date":"2026-04-09T07:52:50","date_gmt":"2026-04-09T07:52:50","guid":{"rendered":"https:\/\/www.zmsh-semitech.com\/?post_type=product&#038;p=2154"},"modified":"2026-04-09T09:41:00","modified_gmt":"2026-04-09T09:41:00","slug":"hp-8201-fully-automatic-8-inch-wafer-dicing-machine","status":"publish","type":"product","link":"https:\/\/www.zmsh-semitech.com\/pt\/product\/hp-8201-fully-automatic-8-inch-wafer-dicing-machine\/","title":{"rendered":"HP-8201 M\u00e1quina de corte em cubos de wafer de 8 polegadas totalmente autom\u00e1tica"},"content":{"rendered":"<p data-start=\"203\" data-end=\"763\"><img fetchpriority=\"high\" decoding=\"async\" class=\"size-medium wp-image-2157 alignright\" src=\"https:\/\/www.zmsh-semitech.com\/wp-content\/uploads\/2026\/04\/HP-8201-Fully-Automatic-8-Inch-Wafer-Dicing-Machine-1-300x300.png\" alt=\"\" width=\"300\" height=\"300\" srcset=\"https:\/\/www.zmsh-semitech.com\/wp-content\/uploads\/2026\/04\/HP-8201-Fully-Automatic-8-Inch-Wafer-Dicing-Machine-1-300x300.png 300w, https:\/\/www.zmsh-semitech.com\/wp-content\/uploads\/2026\/04\/HP-8201-Fully-Automatic-8-Inch-Wafer-Dicing-Machine-1-150x150.png 150w, https:\/\/www.zmsh-semitech.com\/wp-content\/uploads\/2026\/04\/HP-8201-Fully-Automatic-8-Inch-Wafer-Dicing-Machine-1-768x768.png 768w, https:\/\/www.zmsh-semitech.com\/wp-content\/uploads\/2026\/04\/HP-8201-Fully-Automatic-8-Inch-Wafer-Dicing-Machine-1-12x12.png 12w, https:\/\/www.zmsh-semitech.com\/wp-content\/uploads\/2026\/04\/HP-8201-Fully-Automatic-8-Inch-Wafer-Dicing-Machine-1-600x600.png 600w, https:\/\/www.zmsh-semitech.com\/wp-content\/uploads\/2026\/04\/HP-8201-Fully-Automatic-8-Inch-Wafer-Dicing-Machine-1-100x100.png 100w, https:\/\/www.zmsh-semitech.com\/wp-content\/uploads\/2026\/04\/HP-8201-Fully-Automatic-8-Inch-Wafer-Dicing-Machine-1.png 1000w\" sizes=\"(max-width: 300px) 100vw, 300px\" \/>A HP-8201 \u00e9 uma m\u00e1quina de corte de bolachas totalmente autom\u00e1tica e de elevada efici\u00eancia, concebida para o corte de precis\u00e3o de materiais semicondutores e cristalinos. Concebida para acomodar bolachas de at\u00e9 8 polegadas de di\u00e2metro, este avan\u00e7ado sistema de corte em cubos suporta uma vasta gama de materiais, incluindo sil\u00edcio (Si), carboneto de sil\u00edcio (SiC), tantalato de l\u00edtio (LT) e niobato de l\u00edtio (LN). O HP-8201 combina velocidade, precis\u00e3o e automa\u00e7\u00e3o numa \u00fanica plataforma, oferecendo uma solu\u00e7\u00e3o completa para ambientes de produ\u00e7\u00e3o de grande volume e necessidades de processamento de bolachas especializadas.<\/p>\n<p data-start=\"765\" data-end=\"1153\">A m\u00e1quina integra todos os passos cr\u00edticos num fluxo de trabalho automatizado: carregamento e descarregamento de bolachas, alinhamento preciso, corte em cubos, limpeza p\u00f3s-corte e secagem. Ao reduzir a interven\u00e7\u00e3o manual, assegura um elevado rendimento, mantendo uma qualidade consistente, tornando-a ideal para ind\u00fastrias como o fabrico de semicondutores, dispositivos MEMS, optoelectr\u00f3nica e produ\u00e7\u00e3o de sensores avan\u00e7ados.<\/p>\n<h3 data-section-id=\"1q9yu5h\" data-start=\"1160\" data-end=\"1197\"><span role=\"text\">Principais carater\u00edsticas e vantagens<\/span><\/h3>\n<ul data-start=\"1199\" data-end=\"2995\">\n<li data-section-id=\"57r6pe\" data-start=\"1199\" data-end=\"1499\">Estrutura de fuso duplo oposto: A HP-8201 adopta um design de fuso duplo com uma dist\u00e2ncia de fuso reduzida, permitindo opera\u00e7\u00f5es de corte simult\u00e2neas. Esta configura\u00e7\u00e3o melhora significativamente a efici\u00eancia e o rendimento da produ\u00e7\u00e3o, tornando-a adequada para ambientes de fabrico de grande volume.<\/li>\n<li data-section-id=\"1qbjmd8\" data-start=\"1501\" data-end=\"1787\">Fluxo de trabalho totalmente automatizado: A m\u00e1quina fornece automa\u00e7\u00e3o de ponta a ponta, incluindo manuseio de wafer, alinhamento, corte em cubos e limpeza\/secagem. Os operadores podem obter uma produ\u00e7\u00e3o cont\u00ednua com um envolvimento manual m\u00ednimo, reduzindo os custos de m\u00e3o de obra e melhorando a efici\u00eancia operacional global.<\/li>\n<li data-section-id=\"499qor\" data-start=\"1789\" data-end=\"2157\">Sistema de microsc\u00f3pio duplo: Equipada com microsc\u00f3pios de alta e baixa amplia\u00e7\u00e3o, a HP-8201 oferece alinhamento autom\u00e1tico preciso da bolacha e dete\u00e7\u00e3o de marcas de l\u00e2mina de alta precis\u00e3o. Al\u00e9m disso, suporta a prepara\u00e7\u00e3o da l\u00e2mina assistida por Sub-C\/T, o que garante um estado consistente da l\u00e2mina e um desempenho de corte \u00f3timo, levando a um melhor rendimento e qualidade da superf\u00edcie.<\/li>\n<li data-section-id=\"1pvlp5f\" data-start=\"2159\" data-end=\"2466\">Bocal duplo \u00e1gua-g\u00e1s opcional: Para wafers que requerem uma limpeza superior ap\u00f3s o corte, pode ser instalado um bocal duplo de \u00e1gua e g\u00e1s opcional. Esta carater\u00edstica remove eficazmente detritos e part\u00edculas, reduzindo o risco de contamina\u00e7\u00e3o e assegurando superf\u00edcies de bolacha de alta qualidade para o processamento a jusante.<\/li>\n<li data-section-id=\"1yt1cve\" data-start=\"2468\" data-end=\"2698\">Capacidades de corte avan\u00e7adas: O sistema pode ser configurado com op\u00e7\u00f5es de corte de anel e corte de borda, proporcionando flexibilidade para geometrias de wafer especializadas ou aplica\u00e7\u00f5es que exigem acabamento de borda de precis\u00e3o.<\/li>\n<li data-section-id=\"14hno35\" data-start=\"2700\" data-end=\"2995\">Versatilidade de materiais: A HP-8201 \u00e9 compat\u00edvel com uma vasta gama de materiais, incluindo substratos fr\u00e1geis como Si, SiC, LT e LN. A sua adaptabilidade garante que os utilizadores podem processar diferentes tipos de bolacha sem mudar de m\u00e1quina, o que \u00e9 essencial para linhas de produ\u00e7\u00e3o diversificadas.<\/li>\n<\/ul>\n<h3 data-section-id=\"1880me3\" data-start=\"3002\" data-end=\"3036\"><span role=\"text\">Especifica\u00e7\u00f5es t\u00e9cnicas<\/span><\/h3>\n<div class=\"TyagGW_tableContainer\">\n<div class=\"group TyagGW_tableWrapper flex flex-col-reverse w-fit\" tabindex=\"-1\">\n<table class=\"w-fit min-w-(--thread-content-width)\" data-start=\"3038\" data-end=\"3378\">\n<thead data-start=\"3038\" data-end=\"3067\">\n<tr data-start=\"3038\" data-end=\"3067\">\n<th class=\"\" data-start=\"3038\" data-end=\"3050\" data-col-size=\"sm\">Par\u00e2metro<\/th>\n<th class=\"\" data-start=\"3050\" data-end=\"3067\" data-col-size=\"md\">Especifica\u00e7\u00e3o<\/th>\n<\/tr>\n<\/thead>\n<tbody data-start=\"3098\" data-end=\"3378\">\n<tr data-start=\"3098\" data-end=\"3167\">\n<td data-start=\"3098\" data-end=\"3122\" data-col-size=\"sm\">Pot\u00eancia \/ Velocidade do fuso<\/td>\n<td data-col-size=\"md\" data-start=\"3122\" data-end=\"3167\">1,8kW \/ 2,2kW (opcional) \/ 6000-60000 rpm<\/td>\n<\/tr>\n<tr data-start=\"3168\" data-end=\"3188\">\n<td data-start=\"3168\" data-end=\"3182\" data-col-size=\"sm\">Tamanho da flange<\/td>\n<td data-col-size=\"md\" data-start=\"3182\" data-end=\"3188\">2\u2033<\/td>\n<\/tr>\n<tr data-start=\"3189\" data-end=\"3235\">\n<td data-start=\"3189\" data-end=\"3214\" data-col-size=\"sm\">Tamanho m\u00e1ximo da pe\u00e7a de trabalho<\/td>\n<td data-col-size=\"md\" data-start=\"3214\" data-end=\"3235\">Circular: \u00f8200 mm<\/td>\n<\/tr>\n<tr data-start=\"3236\" data-end=\"3323\">\n<td data-start=\"3236\" data-end=\"3257\" data-col-size=\"sm\">Configura\u00e7\u00e3o da lente<\/td>\n<td data-col-size=\"md\" data-start=\"3257\" data-end=\"3323\">Grande amplia\u00e7\u00e3o: 7,5\u00d7 \/ Amplia\u00e7\u00e3o baixa: 0,75\u00d7 (opcional)<\/td>\n<\/tr>\n<tr data-start=\"3324\" data-end=\"3378\">\n<td data-start=\"3324\" data-end=\"3353\" data-col-size=\"sm\">Dimens\u00f5es da m\u00e1quina (L\u00d7P\u00d7A)<\/td>\n<td data-col-size=\"md\" data-start=\"3353\" data-end=\"3378\">1190 \u00d7 1150 \u00d7 1850 mm<\/td>\n<\/tr>\n<\/tbody>\n<\/table>\n<\/div>\n<\/div>\n<h3 data-section-id=\"xdxar3\" data-start=\"3385\" data-end=\"3407\"><span role=\"text\">Aplica\u00e7\u00f5es<\/span><\/h3>\n<p data-start=\"3409\" data-end=\"3545\">A HP-8201 foi concebida para satisfazer as necessidades do processamento moderno de semicondutores e de materiais cristalinos. As aplica\u00e7\u00f5es t\u00edpicas incluem:<\/p>\n<ol data-start=\"3547\" data-end=\"4222\">\n<li data-section-id=\"5ewhyp\" data-start=\"3547\" data-end=\"3678\">Corte de bolachas semicondutoras: Corte de wafers de sil\u00edcio e SiC para circuitos integrados, dispositivos de pot\u00eancia e componentes MEMS.<\/li>\n<li data-section-id=\"vngdi7\" data-start=\"3679\" data-end=\"3824\">Dispositivos optoelectr\u00f3nicos: Corte de precis\u00e3o de wafers LT e LN utilizados em moduladores \u00f3pticos, dispositivos ac\u00fasticos e componentes piezoel\u00e9ctricos.<\/li>\n<li data-section-id=\"13045vh\" data-start=\"3825\" data-end=\"3955\">Corte de bordas e corte de an\u00e9is: Processamento especializado para wafers que requerem formas personalizadas ou defeitos de borda reduzidos.<\/li>\n<li data-section-id=\"14a93cw\" data-start=\"3956\" data-end=\"4083\">Fabrico de grandes volumes: Produ\u00e7\u00e3o automatizada e cont\u00ednua com elevada repetibilidade e interven\u00e7\u00e3o m\u00ednima do operador.<\/li>\n<li data-section-id=\"kp3x5v\" data-start=\"4084\" data-end=\"4222\">Investiga\u00e7\u00e3o e desenvolvimento: Processamento flex\u00edvel para wafers experimentais ou aplica\u00e7\u00f5es de baixo volume e alta precis\u00e3o em laborat\u00f3rios avan\u00e7ados.<\/li>\n<\/ol>\n<h3 data-section-id=\"14nwj98\" data-start=\"4229\" data-end=\"4258\"><span role=\"text\"><img decoding=\"async\" class=\"size-medium wp-image-2122 alignright\" src=\"https:\/\/www.zmsh-semitech.com\/wp-content\/uploads\/2026\/04\/Wafer-Back-Grinding-Machine-300x300.png\" alt=\"\" width=\"300\" height=\"300\" srcset=\"https:\/\/www.zmsh-semitech.com\/wp-content\/uploads\/2026\/04\/Wafer-Back-Grinding-Machine-300x300.png 300w, https:\/\/www.zmsh-semitech.com\/wp-content\/uploads\/2026\/04\/Wafer-Back-Grinding-Machine-150x150.png 150w, https:\/\/www.zmsh-semitech.com\/wp-content\/uploads\/2026\/04\/Wafer-Back-Grinding-Machine-768x768.png 768w, https:\/\/www.zmsh-semitech.com\/wp-content\/uploads\/2026\/04\/Wafer-Back-Grinding-Machine-12x12.png 12w, https:\/\/www.zmsh-semitech.com\/wp-content\/uploads\/2026\/04\/Wafer-Back-Grinding-Machine-600x600.png 600w, https:\/\/www.zmsh-semitech.com\/wp-content\/uploads\/2026\/04\/Wafer-Back-Grinding-Machine-100x100.png 100w, https:\/\/www.zmsh-semitech.com\/wp-content\/uploads\/2026\/04\/Wafer-Back-Grinding-Machine.png 1000w\" sizes=\"(max-width: 300px) 100vw, 300px\" \/>Porqu\u00ea escolher a HP-8201?<\/span><\/h3>\n<ul data-start=\"4260\" data-end=\"4941\">\n<li data-section-id=\"9bxm8z\" data-start=\"4260\" data-end=\"4392\">Efici\u00eancia melhorada: Os fusos duplos opostos e a dist\u00e2ncia reduzida do fuso permitem um rendimento mais r\u00e1pido e cortes mais precisos.<\/li>\n<li data-section-id=\"1obg754\" data-start=\"4393\" data-end=\"4533\">Precis\u00e3o superior: O sistema de microsc\u00f3pio duplo assegura a exatid\u00e3o do alinhamento e a dete\u00e7\u00e3o precisa da marca da l\u00e2mina para uma qualidade consistente da bolacha.<\/li>\n<li data-section-id=\"1lrcp5y\" data-start=\"4534\" data-end=\"4659\">Vers\u00e1til e flex\u00edvel: Suporta uma grande variedade de materiais e m\u00f3dulos opcionais para corte de arestas e corte de an\u00e9is.<\/li>\n<li data-section-id=\"i1ymyp\" data-start=\"4660\" data-end=\"4799\">Limpeza e secagem integradas: Reduz as etapas de p\u00f3s-processamento e garante superf\u00edcies de wafer limpas, essenciais para uma produ\u00e7\u00e3o de alto rendimento.<\/li>\n<li data-section-id=\"1baebkj\" data-start=\"4800\" data-end=\"4941\">Automa\u00e7\u00e3o fi\u00e1vel: O carregamento, corte em cubos e limpeza totalmente automatizados minimizam os erros humanos e melhoram a fiabilidade geral da produ\u00e7\u00e3o.<\/li>\n<\/ul>\n<p data-start=\"4943\" data-end=\"5191\">A HP-8201 \u00e9 uma solu\u00e7\u00e3o abrangente para opera\u00e7\u00f5es de corte de bolachas, combinando velocidade, precis\u00e3o e versatilidade. Foi concebida para fabricantes que procuram otimizar a efici\u00eancia da produ\u00e7\u00e3o, mantendo os mais elevados padr\u00f5es de qualidade das bolachas.<\/p>\n<h3 data-section-id=\"1vvukxy\" data-start=\"70\" data-end=\"128\"><span role=\"text\">FAQ\u00a0<\/span><\/h3>\n<p data-start=\"130\" data-end=\"313\">1. Que materiais podem ser processados pela HP-8201?<br data-start=\"176\" data-end=\"179\" \/>Suporta wafers at\u00e9 8 polegadas, incluindo Si, SiC, LT e LN, adequados para semicondutores, MEMS e dispositivos optoelectr\u00f3nicos.<\/p>\n<p data-start=\"315\" data-end=\"494\">2. Como \u00e9 garantida a elevada precis\u00e3o?<br data-start=\"352\" data-end=\"355\" \/>Os fusos duplos, os microsc\u00f3pios duplos e a prepara\u00e7\u00e3o da l\u00e2mina assistida por Sub-C\/T proporcionam um alinhamento exato, um corte preciso e uma qualidade consistente.<\/p>\n<p data-start=\"496\" data-end=\"735\">3. Que funcionalidades de automatiza\u00e7\u00e3o e opcionais est\u00e3o dispon\u00edveis?<br data-start=\"555\" data-end=\"558\" \/>A automatiza\u00e7\u00e3o total abrange o carregamento, alinhamento, corte em cubos, limpeza e secagem. O corte opcional de bordas, o corte de an\u00e9is e a limpeza com bocal duplo aumentam a flexibilidade e a efici\u00eancia.<\/p>","protected":false},"excerpt":{"rendered":"<p>A HP-8201 \u00e9 uma m\u00e1quina de corte de bolachas totalmente autom\u00e1tica e de elevada efici\u00eancia, concebida para o corte de precis\u00e3o de materiais semicondutores e cristalinos. Concebida para acomodar bolachas at\u00e9 8 polegadas de di\u00e2metro, este sistema avan\u00e7ado de corte em cubos suporta uma vasta gama de materiais, incluindo sil\u00edcio (Si), carboneto de sil\u00edcio (SiC), tantalato de l\u00edtio (LT) e niobato de l\u00edtio (LN).<\/p>","protected":false},"featured_media":2155,"comment_status":"open","ping_status":"closed","template":"","meta":{"site-sidebar-layout":"default","site-content-layout":"","ast-site-content-layout":"default","site-content-style":"default","site-sidebar-style":"default","ast-global-header-display":"","ast-banner-title-visibility":"","ast-main-header-display":"","ast-hfb-above-header-display":"","ast-hfb-below-header-display":"","ast-hfb-mobile-header-display":"","site-post-title":"","ast-breadcrumbs-content":"","ast-featured-img":"","footer-sml-layout":"","ast-disable-related-posts":"","theme-transparent-header-meta":"default","adv-header-id-meta":"","stick-header-meta":"default","header-above-stick-meta":"","header-main-stick-meta":"","header-below-stick-meta":"","astra-migrate-meta-layouts":"set","ast-page-background-enabled":"default","ast-page-background-meta":{"desktop":{"background-color":"var(--ast-global-color-4)","background-image":"","background-repeat":"repeat","background-position":"center center","background-size":"auto","background-attachment":"scroll","background-type":"","background-media":"","overlay-type":"","overlay-color":"","overlay-opacity":"","overlay-gradient":""},"tablet":{"background-color":"","background-image":"","background-repeat":"repeat","background-position":"center center","background-size":"auto","background-attachment":"scroll","background-type":"","background-media":"","overlay-type":"","overlay-color":"","overlay-opacity":"","overlay-gradient":""},"mobile":{"background-color":"","background-image":"","background-repeat":"repeat","background-position":"center center","background-size":"auto","background-attachment":"scroll","background-type":"","background-media":"","overlay-type":"","overlay-color":"","overlay-opacity":"","overlay-gradient":""}},"ast-content-background-meta":{"desktop":{"background-color":"var(--ast-global-color-5)","background-image":"","background-repeat":"repeat","background-position":"center center","background-size":"auto","background-attachment":"scroll","background-type":"","background-media":"","overlay-type":"","overlay-color":"","overlay-opacity":"","overlay-gradient":""},"tablet":{"background-color":"var(--ast-global-color-5)","background-image":"","background-repeat":"repeat","background-position":"center center","background-size":"auto","background-attachment":"scroll","background-type":"","background-media":"","overlay-type":"","overlay-color":"","overlay-opacity":"","overlay-gradient":""},"mobile":{"background-color":"var(--ast-global-color-5)","background-image":"","background-repeat":"repeat","background-position":"center center","background-size":"auto","background-attachment":"scroll","background-type":"","background-media":"","overlay-type":"","overlay-color":"","overlay-opacity":"","overlay-gradient":""}}},"product_brand":[],"product_cat":[878],"product_tag":[901,485,907,906,909,900,749,556,899,905,904,913,628,910,912,902,903,908,879,911],"class_list":{"0":"post-2154","1":"product","2":"type-product","3":"status-publish","4":"has-post-thumbnail","6":"product_cat-dicing-equipment","7":"product_tag-8-inch-wafers","8":"product_tag-automated-wafer-handling","9":"product_tag-dual-microscope","10":"product_tag-dual-spindle","11":"product_tag-edge-trimming","12":"product_tag-fully-automatic","13":"product_tag-high-throughput","14":"product_tag-high-precision-cutting","15":"product_tag-hp-8201","16":"product_tag-ln-wafers","17":"product_tag-lt-wafers","18":"product_tag-mems","19":"product_tag-optoelectronics","20":"product_tag-ring-cutting","21":"product_tag-semiconductor-processing","22":"product_tag-si-wafers","23":"product_tag-sic-wafers","24":"product_tag-sub-c-t-blade-dressing","25":"product_tag-wafer-dicing-machine","26":"product_tag-water-gas-dual-nozzle","27":"desktop-align-left","28":"tablet-align-left","29":"mobile-align-left","30":"ast-product-gallery-layout-horizontal-slider","31":"ast-product-gallery-with-no-image","32":"ast-product-tabs-layout-horizontal","34":"first","35":"instock","36":"shipping-taxable","37":"product-type-simple"},"_links":{"self":[{"href":"https:\/\/www.zmsh-semitech.com\/pt\/wp-json\/wp\/v2\/product\/2154","targetHints":{"allow":["GET"]}}],"collection":[{"href":"https:\/\/www.zmsh-semitech.com\/pt\/wp-json\/wp\/v2\/product"}],"about":[{"href":"https:\/\/www.zmsh-semitech.com\/pt\/wp-json\/wp\/v2\/types\/product"}],"replies":[{"embeddable":true,"href":"https:\/\/www.zmsh-semitech.com\/pt\/wp-json\/wp\/v2\/comments?post=2154"}],"version-history":[{"count":4,"href":"https:\/\/www.zmsh-semitech.com\/pt\/wp-json\/wp\/v2\/product\/2154\/revisions"}],"predecessor-version":[{"id":2160,"href":"https:\/\/www.zmsh-semitech.com\/pt\/wp-json\/wp\/v2\/product\/2154\/revisions\/2160"}],"wp:featuredmedia":[{"embeddable":true,"href":"https:\/\/www.zmsh-semitech.com\/pt\/wp-json\/wp\/v2\/media\/2155"}],"wp:attachment":[{"href":"https:\/\/www.zmsh-semitech.com\/pt\/wp-json\/wp\/v2\/media?parent=2154"}],"wp:term":[{"taxonomy":"product_brand","embeddable":true,"href":"https:\/\/www.zmsh-semitech.com\/pt\/wp-json\/wp\/v2\/product_brand?post=2154"},{"taxonomy":"product_cat","embeddable":true,"href":"https:\/\/www.zmsh-semitech.com\/pt\/wp-json\/wp\/v2\/product_cat?post=2154"},{"taxonomy":"product_tag","embeddable":true,"href":"https:\/\/www.zmsh-semitech.com\/pt\/wp-json\/wp\/v2\/product_tag?post=2154"}],"curies":[{"name":"wp","href":"https:\/\/api.w.org\/{rel}","templated":true}]}}