{"id":2149,"date":"2026-04-09T07:24:36","date_gmt":"2026-04-09T07:24:36","guid":{"rendered":"https:\/\/www.zmsh-semitech.com\/?post_type=product&#038;p=2149"},"modified":"2026-04-09T07:24:37","modified_gmt":"2026-04-09T07:24:37","slug":"hp-1201-automatic-wafer-dicing-machine-for-large-format-precision-cutting","status":"publish","type":"product","link":"https:\/\/www.zmsh-semitech.com\/pt\/product\/hp-1201-automatic-wafer-dicing-machine-for-large-format-precision-cutting\/","title":{"rendered":"M\u00e1quina autom\u00e1tica de corte em cubos de bolacha HP-1201 para corte de precis\u00e3o de grandes formatos"},"content":{"rendered":"<p data-start=\"317\" data-end=\"680\"><img fetchpriority=\"high\" decoding=\"async\" class=\"size-medium wp-image-2151 alignright\" src=\"https:\/\/www.zmsh-semitech.com\/wp-content\/uploads\/2026\/04\/HP-1201-Automatic-Wafer-Substrate-Dicing-Machine-for-Large-Format-Precision-Cutting-300x300.png\" alt=\"\" width=\"300\" height=\"300\" srcset=\"https:\/\/www.zmsh-semitech.com\/wp-content\/uploads\/2026\/04\/HP-1201-Automatic-Wafer-Substrate-Dicing-Machine-for-Large-Format-Precision-Cutting-300x300.png 300w, https:\/\/www.zmsh-semitech.com\/wp-content\/uploads\/2026\/04\/HP-1201-Automatic-Wafer-Substrate-Dicing-Machine-for-Large-Format-Precision-Cutting-150x150.png 150w, https:\/\/www.zmsh-semitech.com\/wp-content\/uploads\/2026\/04\/HP-1201-Automatic-Wafer-Substrate-Dicing-Machine-for-Large-Format-Precision-Cutting-768x768.png 768w, https:\/\/www.zmsh-semitech.com\/wp-content\/uploads\/2026\/04\/HP-1201-Automatic-Wafer-Substrate-Dicing-Machine-for-Large-Format-Precision-Cutting-12x12.png 12w, https:\/\/www.zmsh-semitech.com\/wp-content\/uploads\/2026\/04\/HP-1201-Automatic-Wafer-Substrate-Dicing-Machine-for-Large-Format-Precision-Cutting-600x600.png 600w, https:\/\/www.zmsh-semitech.com\/wp-content\/uploads\/2026\/04\/HP-1201-Automatic-Wafer-Substrate-Dicing-Machine-for-Large-Format-Precision-Cutting-100x100.png 100w, https:\/\/www.zmsh-semitech.com\/wp-content\/uploads\/2026\/04\/HP-1201-Automatic-Wafer-Substrate-Dicing-Machine-for-Large-Format-Precision-Cutting.png 1000w\" sizes=\"(max-width: 300px) 100vw, 300px\" \/>A m\u00e1quina de corte em cubos autom\u00e1tica HP-1201 \u00e9 uma solu\u00e7\u00e3o de elevado desempenho especificamente concebida para substratos de grande formato e aplica\u00e7\u00f5es de corte de v\u00e1rias pe\u00e7as. Concebida para satisfazer as crescentes exig\u00eancias do embalamento avan\u00e7ado de semicondutores e do processamento de substratos, o sistema suporta o corte de bolachas (at\u00e9 12 polegadas) e pe\u00e7as de trabalho de grandes dimens\u00f5es at\u00e9 400 \u00d7 400 mm.<\/p>\n<p data-start=\"682\" data-end=\"977\">Com a sua estrutura de p\u00f3rtico robusta, configura\u00e7\u00e3o de fuso duplo oposto e plataforma de trabalho personaliz\u00e1vel, a HP-1201 proporciona uma rigidez, estabilidade e rendimento excepcionais. \u00c9 particularmente adequada para aplica\u00e7\u00f5es que envolvam materiais em tiras, pain\u00e9is de v\u00e1rias matrizes e disposi\u00e7\u00f5es complexas de pe\u00e7as de trabalho.<\/p>\n<p data-start=\"979\" data-end=\"1181\">A m\u00e1quina integra alinhamento de alta precis\u00e3o, inspe\u00e7\u00e3o inteligente e capacidades de processamento flex\u00edveis, tornando-a a escolha ideal para fabricantes que procuram produtividade e precis\u00e3o de corte.<\/p>\n<h2 data-section-id=\"1j5qwet\" data-start=\"1188\" data-end=\"1207\"><span role=\"text\">Carater\u00edsticas principais<\/span><\/h2>\n<h3 data-section-id=\"1lkyyr4\" data-start=\"1209\" data-end=\"1256\"><span role=\"text\">1. Concebida para substratos de grande formato<\/span><\/h3>\n<p data-start=\"1257\" data-end=\"1364\">Ao contr\u00e1rio dos sistemas de corte em cubos convencionais, a HP-1201 est\u00e1 optimizada para pe\u00e7as grandes e substratos de embalagem:<\/p>\n<ul data-start=\"1365\" data-end=\"1528\">\n<li data-section-id=\"122wrc4\" data-start=\"1365\" data-end=\"1420\">Suporta materiais quadrados at\u00e9 400 mm \u00d7 400 mm<\/li>\n<li data-section-id=\"1w2sjk2\" data-start=\"1421\" data-end=\"1469\">Compat\u00edvel com bolachas de 12 polegadas e inferiores<\/li>\n<li data-section-id=\"bo18rw\" data-start=\"1470\" data-end=\"1528\">Ideal para processos de embalagem avan\u00e7ados e ao n\u00edvel dos pain\u00e9is<\/li>\n<\/ul>\n<p data-start=\"1530\" data-end=\"1619\">Isto torna-o altamente adapt\u00e1vel \u00e0s tecnologias de semicondutores e de embalagem emergentes.<\/p>\n<h3 data-section-id=\"1gerb2u\" data-start=\"1626\" data-end=\"1683\"><span role=\"text\">2. Capacidade de corte de v\u00e1rias pe\u00e7as de alta efici\u00eancia<\/span><\/h3>\n<p data-start=\"1684\" data-end=\"1751\">O sistema destaca-se em aplica\u00e7\u00f5es de processamento de v\u00e1rias tiras e lotes:<\/p>\n<ul data-start=\"1752\" data-end=\"1953\">\n<li data-section-id=\"12ne451\" data-start=\"1752\" data-end=\"1810\">Suporta a coloca\u00e7\u00e3o simult\u00e2nea de v\u00e1rias pe\u00e7as de trabalho<\/li>\n<li data-section-id=\"1ahonq2\" data-start=\"1811\" data-end=\"1889\">Exemplo: podem ser processadas at\u00e9 5 tiras (250 mm \u00d7 70 mm) num ciclo<\/li>\n<li data-section-id=\"91yitt\" data-start=\"1890\" data-end=\"1953\">Melhora significativamente o rendimento e reduz o tempo de manuseamento<\/li>\n<\/ul>\n<p data-start=\"1955\" data-end=\"2034\">Esta capacidade \u00e9 especialmente valiosa para ambientes de produ\u00e7\u00e3o de grande volume.<\/p>\n<h3 data-section-id=\"pb7q73\" data-start=\"2041\" data-end=\"2096\"><span role=\"text\">3. Sistema de duplo fuso oposto para produtividade<\/span><\/h3>\n<p data-start=\"2097\" data-end=\"2177\">A HP-1201 possui uma estrutura de fuso duplo com um espa\u00e7amento entre fusos de \u2264 22 mm:<\/p>\n<ul data-start=\"2178\" data-end=\"2320\">\n<li data-section-id=\"126smyd\" data-start=\"2178\" data-end=\"2231\">Permite opera\u00e7\u00f5es de corte paralelas ou sequenciais<\/li>\n<li data-section-id=\"1phn8sk\" data-start=\"2232\" data-end=\"2264\">Reduz a dist\u00e2ncia de marcha em vazio<\/li>\n<li data-section-id=\"101lqcw\" data-start=\"2265\" data-end=\"2320\">Aumenta a efici\u00eancia de corte e o rendimento global<\/li>\n<\/ul>\n<p data-start=\"2322\" data-end=\"2440\">Combinado com a rota\u00e7\u00e3o de alta velocidade do fuso (at\u00e9 60.000 rpm), o sistema garante uma separa\u00e7\u00e3o r\u00e1pida e precisa do material.<\/p>\n<h3 data-section-id=\"w5e11x\" data-start=\"2447\" data-end=\"2497\"><span role=\"text\">4. Estrutura de p\u00f3rtico para maior estabilidade<\/span><\/h3>\n<p data-start=\"2498\" data-end=\"2547\">A m\u00e1quina adopta um design de p\u00f3rtico de alta rigidez:<\/p>\n<ul data-start=\"2548\" data-end=\"2716\">\n<li data-section-id=\"fbik\" data-start=\"2548\" data-end=\"2609\">Maior estabilidade estrutural durante o funcionamento a alta velocidade<\/li>\n<li data-section-id=\"qf4dsg\" data-start=\"2610\" data-end=\"2661\">Vibra\u00e7\u00e3o reduzida para maior precis\u00e3o de corte<\/li>\n<li data-section-id=\"8ypr2z\" data-start=\"2662\" data-end=\"2716\">Adequado para cortar materiais fr\u00e1geis com precis\u00e3o<\/li>\n<\/ul>\n<p data-start=\"2718\" data-end=\"2797\">Isto assegura um desempenho consistente mesmo em condi\u00e7\u00f5es de processamento exigentes.<\/p>\n<h3 data-section-id=\"z6iv4c\" data-start=\"2804\" data-end=\"2855\"><span role=\"text\">5. Sistema avan\u00e7ado de alinhamento e inspe\u00e7\u00e3o<\/span><\/h3>\n<p data-start=\"2856\" data-end=\"2902\">Equipado com uma configura\u00e7\u00e3o de microsc\u00f3pio duplo:<\/p>\n<ul data-start=\"2903\" data-end=\"3050\">\n<li data-section-id=\"1upg1xh\" data-start=\"2903\" data-end=\"2952\">Permite um alinhamento autom\u00e1tico r\u00e1pido e preciso<\/li>\n<li data-section-id=\"7lt55p\" data-start=\"2953\" data-end=\"2997\">Suporta inspe\u00e7\u00e3o de corte de alta resolu\u00e7\u00e3o<\/li>\n<li data-section-id=\"rql893\" data-start=\"2998\" data-end=\"3050\">Melhora a consist\u00eancia do corte e reduz os defeitos<\/li>\n<\/ul>\n<p data-start=\"3052\" data-end=\"3133\">Isto \u00e9 fundamental para manter as toler\u00e2ncias apertadas no fabrico de semicondutores.<\/p>\n<h3 data-section-id=\"ft5041\" data-start=\"3140\" data-end=\"3190\"><span role=\"text\">6. Fun\u00e7\u00e3o opcional de revestimento da l\u00e2mina Sub-CT<\/span><\/h3>\n<p data-start=\"3191\" data-end=\"3283\">A fun\u00e7\u00e3o opcional de prepara\u00e7\u00e3o da l\u00e2mina assistida por Sub-CT ajuda a manter o estado \u00f3timo da l\u00e2mina:<\/p>\n<ul data-start=\"3284\" data-end=\"3397\">\n<li data-section-id=\"1trj5ya\" data-start=\"3284\" data-end=\"3329\">Reduz as lascas nas extremidades e os defeitos de superf\u00edcie<\/li>\n<li data-section-id=\"2vyx60\" data-start=\"3330\" data-end=\"3360\">Prolonga a vida \u00fatil da l\u00e2mina<\/li>\n<li data-section-id=\"1wk3sdx\" data-start=\"3361\" data-end=\"3397\">Melhora a qualidade geral do corte<\/li>\n<\/ul>\n<h3 data-section-id=\"ngjugw\" data-start=\"3404\" data-end=\"3447\"><span role=\"text\">7. Sistema de arrefecimento de corte profundo opcional<\/span><\/h3>\n<p data-start=\"3448\" data-end=\"3503\">Est\u00e1 dispon\u00edvel um sistema opcional de \u00e1gua de arrefecimento de corte profundo:<\/p>\n<ul data-start=\"3504\" data-end=\"3641\">\n<li data-section-id=\"wu3rr0\" data-start=\"3504\" data-end=\"3550\">Aumenta a efici\u00eancia do arrefecimento durante o corte<\/li>\n<li data-section-id=\"1e0lcc8\" data-start=\"3551\" data-end=\"3590\">Reduz os danos t\u00e9rmicos nos materiais<\/li>\n<li data-section-id=\"rjj9u\" data-start=\"3591\" data-end=\"3641\">Melhora a qualidade da superf\u00edcie e a precis\u00e3o do corte<\/li>\n<\/ul>\n<h2 data-section-id=\"id1bjs\" data-start=\"3648\" data-end=\"3679\"><span role=\"text\">Especifica\u00e7\u00f5es t\u00e9cnicas<\/span><\/h2>\n<div class=\"TyagGW_tableContainer\">\n<div class=\"group TyagGW_tableWrapper flex flex-col-reverse w-fit\" tabindex=\"-1\">\n<table class=\"w-fit min-w-(--thread-content-width)\" data-start=\"3681\" data-end=\"4410\">\n<thead data-start=\"3681\" data-end=\"3718\">\n<tr data-start=\"3681\" data-end=\"3718\">\n<th class=\"\" data-start=\"3681\" data-end=\"3697\" data-col-size=\"sm\">Par\u00e2metro<\/th>\n<th class=\"\" data-start=\"3697\" data-end=\"3718\" data-col-size=\"sm\">Especifica\u00e7\u00e3o<\/th>\n<\/tr>\n<\/thead>\n<tbody data-start=\"3755\" data-end=\"4410\">\n<tr data-start=\"3755\" data-end=\"3781\">\n<td data-start=\"3755\" data-end=\"3771\" data-col-size=\"sm\">Pot\u00eancia do fuso<\/td>\n<td data-start=\"3771\" data-end=\"3781\" data-col-size=\"sm\">1,8 kW<\/td>\n<\/tr>\n<tr data-start=\"3782\" data-end=\"3818\">\n<td data-start=\"3782\" data-end=\"3798\" data-col-size=\"sm\">Velocidade do fuso<\/td>\n<td data-start=\"3798\" data-end=\"3818\" data-col-size=\"sm\">6000 - 60000 rpm<\/td>\n<\/tr>\n<tr data-start=\"3819\" data-end=\"3845\">\n<td data-start=\"3819\" data-end=\"3835\" data-col-size=\"sm\">Curso do eixo X<\/td>\n<td data-start=\"3835\" data-end=\"3845\" data-col-size=\"sm\">420 mm<\/td>\n<\/tr>\n<tr data-start=\"3846\" data-end=\"3880\">\n<td data-start=\"3846\" data-end=\"3861\" data-col-size=\"sm\">Velocidade do eixo X<\/td>\n<td data-start=\"3861\" data-end=\"3880\" data-col-size=\"sm\">0,1 - 1000 mm\/s<\/td>\n<\/tr>\n<tr data-start=\"3881\" data-end=\"3913\">\n<td data-start=\"3881\" data-end=\"3901\" data-col-size=\"sm\">Resolu\u00e7\u00e3o do eixo X<\/td>\n<td data-start=\"3901\" data-end=\"3913\" data-col-size=\"sm\">0,001 mm<\/td>\n<\/tr>\n<tr data-start=\"3914\" data-end=\"3939\">\n<td data-start=\"3914\" data-end=\"3929\" data-col-size=\"sm\">Viagens Y1\/Y2<\/td>\n<td data-start=\"3929\" data-end=\"3939\" data-col-size=\"sm\">420 mm<\/td>\n<\/tr>\n<tr data-start=\"3940\" data-end=\"3973\">\n<td data-start=\"3940\" data-end=\"3960\" data-col-size=\"sm\">Resolu\u00e7\u00e3o do eixo Y<\/td>\n<td data-start=\"3960\" data-end=\"3973\" data-col-size=\"sm\">0,0001 mm<\/td>\n<\/tr>\n<tr data-start=\"3974\" data-end=\"4009\">\n<td data-start=\"3974\" data-end=\"3997\" data-col-size=\"sm\">Precis\u00e3o de posicionamento<\/td>\n<td data-start=\"3997\" data-end=\"4009\" data-col-size=\"sm\">0,002 mm<\/td>\n<\/tr>\n<tr data-start=\"4010\" data-end=\"4048\">\n<td data-start=\"4010\" data-end=\"4030\" data-col-size=\"sm\">Erro acumulado<\/td>\n<td data-start=\"4030\" data-end=\"4048\" data-col-size=\"sm\">0,003 \/ 400 mm<\/td>\n<\/tr>\n<tr data-start=\"4049\" data-end=\"4073\">\n<td data-start=\"4049\" data-end=\"4064\" data-col-size=\"sm\">Viagem Z1\/Z2<\/td>\n<td data-start=\"4064\" data-end=\"4073\" data-col-size=\"sm\">13 mm<\/td>\n<\/tr>\n<tr data-start=\"4074\" data-end=\"4102\">\n<td data-start=\"4074\" data-end=\"4090\" data-col-size=\"sm\">Repetibilidade<\/td>\n<td data-start=\"4090\" data-end=\"4102\" data-col-size=\"sm\">0,001 mm<\/td>\n<\/tr>\n<tr data-start=\"4103\" data-end=\"4133\">\n<td data-start=\"4103\" data-end=\"4120\" data-col-size=\"sm\">Rota\u00e7\u00e3o Theta<\/td>\n<td data-start=\"4120\" data-end=\"4133\" data-col-size=\"sm\">380\u00b0 \u00b1 5\u00b0<\/td>\n<\/tr>\n<tr data-start=\"4134\" data-end=\"4166\">\n<td data-start=\"4134\" data-end=\"4153\" data-col-size=\"sm\">Precis\u00e3o angular<\/td>\n<td data-start=\"4153\" data-end=\"4166\" data-col-size=\"sm\">1 arco-segundo<\/td>\n<\/tr>\n<tr data-start=\"4167\" data-end=\"4220\">\n<td data-start=\"4167\" data-end=\"4194\" data-col-size=\"sm\">Amplia\u00e7\u00e3o do microsc\u00f3pio<\/td>\n<td data-start=\"4194\" data-end=\"4220\" data-col-size=\"sm\">1,5\u00d7 (opcional) \/ 0,8\u00d7<\/td>\n<\/tr>\n<tr data-start=\"4221\" data-end=\"4262\">\n<td data-start=\"4221\" data-end=\"4232\" data-col-size=\"sm\">Ilumina\u00e7\u00e3o<\/td>\n<td data-start=\"4232\" data-end=\"4262\" data-col-size=\"sm\">Anel luminoso + Luz coaxial<\/td>\n<\/tr>\n<tr data-start=\"4263\" data-end=\"4298\">\n<td data-start=\"4263\" data-end=\"4287\" data-col-size=\"sm\">Pe\u00e7a de trabalho m\u00e1xima (redonda)<\/td>\n<td data-start=\"4287\" data-end=\"4298\" data-col-size=\"sm\">\u00d8300 mm<\/td>\n<\/tr>\n<tr data-start=\"4299\" data-end=\"4340\">\n<td data-start=\"4299\" data-end=\"4324\" data-col-size=\"sm\">Pe\u00e7a de trabalho m\u00e1xima (quadrada)<\/td>\n<td data-start=\"4324\" data-end=\"4340\" data-col-size=\"sm\">400 \u00d7 400 mm<\/td>\n<\/tr>\n<tr data-start=\"4341\" data-end=\"4389\">\n<td data-start=\"4341\" data-end=\"4364\" data-col-size=\"sm\">Tamanho da m\u00e1quina (L\u00d7P\u00d7A)<\/td>\n<td data-start=\"4364\" data-end=\"4389\" data-col-size=\"sm\">1450 \u00d7 1250 \u00d7 1850 mm<\/td>\n<\/tr>\n<tr data-start=\"4390\" data-end=\"4410\">\n<td data-start=\"4390\" data-end=\"4399\" data-col-size=\"sm\">Peso<\/td>\n<td data-start=\"4399\" data-end=\"4410\" data-col-size=\"sm\">2000 kg<\/td>\n<\/tr>\n<\/tbody>\n<\/table>\n<\/div>\n<\/div>\n<h2 data-section-id=\"k0zlak\" data-start=\"4417\" data-end=\"4436\"><span role=\"text\">Aplica\u00e7\u00f5es<\/span><\/h2>\n<p data-start=\"4438\" data-end=\"4562\">A HP-1201 \u00e9 amplamente utilizada em campos de fabrico avan\u00e7ados que requerem um corte em cubos de alta precis\u00e3o de pe\u00e7as de trabalho grandes ou m\u00faltiplas:<\/p>\n<ul data-start=\"4564\" data-end=\"4795\">\n<li data-section-id=\"5cz68w\" data-start=\"4564\" data-end=\"4606\">Corte de bolachas semicondutoras (\u2264 12 polegadas)<\/li>\n<li data-section-id=\"vc4r2z\" data-start=\"4607\" data-end=\"4640\">Substratos de embalagem avan\u00e7ados<\/li>\n<li data-section-id=\"c44nr\" data-start=\"4641\" data-end=\"4672\">Embalagem a n\u00edvel de painel (PLP)<\/li>\n<li data-section-id=\"ar9gw\" data-start=\"4673\" data-end=\"4709\">LED e materiais optoelectr\u00f3nicos<\/li>\n<li data-section-id=\"1cw4nvq\" data-start=\"4710\" data-end=\"4748\">Cer\u00e2mica e materiais duros e quebradi\u00e7os<\/li>\n<li data-section-id=\"nh0qnc\" data-start=\"4749\" data-end=\"4795\">Aplica\u00e7\u00f5es de corte de v\u00e1rias tiras e lotes<\/li>\n<\/ul>\n<p><img decoding=\"async\" class=\"wp-image-2150 size-large aligncenter\" src=\"https:\/\/www.zmsh-semitech.com\/wp-content\/uploads\/2026\/04\/APPLICATION2-1024x683.png\" alt=\"\" width=\"1024\" height=\"683\" srcset=\"https:\/\/www.zmsh-semitech.com\/wp-content\/uploads\/2026\/04\/APPLICATION2-1024x683.png 1024w, https:\/\/www.zmsh-semitech.com\/wp-content\/uploads\/2026\/04\/APPLICATION2-300x200.png 300w, https:\/\/www.zmsh-semitech.com\/wp-content\/uploads\/2026\/04\/APPLICATION2-768x512.png 768w, https:\/\/www.zmsh-semitech.com\/wp-content\/uploads\/2026\/04\/APPLICATION2-18x12.png 18w, https:\/\/www.zmsh-semitech.com\/wp-content\/uploads\/2026\/04\/APPLICATION2-600x400.png 600w, https:\/\/www.zmsh-semitech.com\/wp-content\/uploads\/2026\/04\/APPLICATION2.png 1536w\" sizes=\"(max-width: 1024px) 100vw, 1024px\" \/><\/p>\n<h2 data-section-id=\"p8uldy\" data-start=\"4802\" data-end=\"4824\"><span role=\"text\">Vantagens principais<\/span><\/h2>\n<h3 data-section-id=\"jjig1u\" data-start=\"4826\" data-end=\"4849\"><span role=\"text\">Alto rendimento<\/span><\/h3>\n<p data-start=\"4850\" data-end=\"4933\">O processamento de v\u00e1rias pe\u00e7as e o design de duplo fuso aumentam significativamente a produtividade.<\/p>\n<h3 data-section-id=\"1lkz33s\" data-start=\"4935\" data-end=\"4962\"><span role=\"text\">Processamento flex\u00edvel<\/span><\/h3>\n<p data-start=\"4963\" data-end=\"5038\">A mesa de trabalho personaliz\u00e1vel permite o processamento de v\u00e1rias formas e disposi\u00e7\u00f5es.<\/p>\n<h3 data-section-id=\"1s6s45v\" data-start=\"5040\" data-end=\"5069\"><span role=\"text\">Precis\u00e3o e estabilidade<\/span><\/h3>\n<p data-start=\"5070\" data-end=\"5156\">A estrutura do p\u00f3rtico e o sistema de alinhamento avan\u00e7ado garantem uma elevada precis\u00e3o e repetibilidade.<\/p>\n<h3 data-section-id=\"kl9wyi\" data-start=\"5158\" data-end=\"5181\"><span role=\"text\">Efici\u00eancia de custos<\/span><\/h3>\n<p data-start=\"5182\" data-end=\"5262\">A redu\u00e7\u00e3o do tempo de processamento e o aumento da vida \u00fatil das l\u00e2minas reduzem os custos operacionais globais.<\/p>\n<h2 data-section-id=\"1nqqsko\" data-start=\"63\" data-end=\"102\"><span role=\"text\">Perguntas frequentes (FAQ)<\/span><\/h2>\n<h3 data-section-id=\"1204f8i\" data-start=\"104\" data-end=\"177\"><span role=\"text\">1. Qual \u00e9 o tamanho m\u00e1ximo de pe\u00e7a de trabalho suportado pela HP-1201?<\/span><\/h3>\n<p data-start=\"178\" data-end=\"431\">A HP-1201 suporta substratos de wafer e de grande formato. Pode processar bolachas redondas de at\u00e9 12 polegadas (\u00d8300 mm) e pe\u00e7as quadradas de at\u00e9 400 \u00d7 400 mm. Isto torna-a particularmente adequada para embalagens avan\u00e7adas e aplica\u00e7\u00f5es ao n\u00edvel do painel.<\/p>\n<h3 data-section-id=\"xmgpor\" data-start=\"438\" data-end=\"521\"><span role=\"text\">2. A HP-1201 \u00e9 adequada para aplica\u00e7\u00f5es de corte de v\u00e1rias pe\u00e7as ou tiras?<\/span><\/h3>\n<p data-start=\"522\" data-end=\"792\">Sim. A HP-1201 \u00e9 especificamente optimizada para o corte de v\u00e1rias pe\u00e7as e tiras. Ela pode processar v\u00e1rias tiras num \u00fanico ciclo - por exemplo, at\u00e9 5 pe\u00e7as de tiras de 250 mm \u00d7 70 mm - melhorando significativamente o rendimento e reduzindo o tempo de manuseio na produ\u00e7\u00e3o em lote.<\/p>\n<h3 data-section-id=\"afviui\" data-start=\"799\" data-end=\"871\"><span role=\"text\">3. Como \u00e9 que a m\u00e1quina garante a precis\u00e3o e a estabilidade do corte?<\/span><\/h3>\n<p data-start=\"872\" data-end=\"932\">A HP-1201 assegura uma elevada precis\u00e3o atrav\u00e9s de uma combina\u00e7\u00e3o de:<\/p>\n<ul data-start=\"933\" data-end=\"1195\">\n<li data-section-id=\"333d9b\" data-start=\"933\" data-end=\"992\">Estrutura de p\u00f3rtico de elevada rigidez para um funcionamento est\u00e1vel<\/li>\n<li data-section-id=\"933urv\" data-start=\"993\" data-end=\"1061\">Sistema de microsc\u00f3pio duplo para alinhamento e inspe\u00e7\u00e3o precisos<\/li>\n<li data-section-id=\"119muuq\" data-start=\"1062\" data-end=\"1129\">Controlo de movimentos de alta resolu\u00e7\u00e3o (resolu\u00e7\u00e3o at\u00e9 0,0001 mm)<\/li>\n<li data-section-id=\"1kcuul9\" data-start=\"1130\" data-end=\"1195\">Configura\u00e7\u00e3o de duplo fuso para um corte equilibrado e eficiente<\/li>\n<\/ul>\n<p data-start=\"1197\" data-end=\"1334\">Estas carater\u00edsticas trabalham em conjunto para proporcionar uma qualidade de corte consistente, um m\u00ednimo de lascas e um desempenho fi\u00e1vel em aplica\u00e7\u00f5es exigentes.<\/p>","protected":false},"excerpt":{"rendered":"<p>A m\u00e1quina de corte em cubos autom\u00e1tica HP-1201 \u00e9 uma solu\u00e7\u00e3o de elevado desempenho especificamente concebida para substratos de grande formato e aplica\u00e7\u00f5es de corte de v\u00e1rias pe\u00e7as. Concebida para satisfazer as crescentes exig\u00eancias do embalamento avan\u00e7ado de semicondutores e do processamento de substratos, o sistema suporta o corte de bolachas (at\u00e9 12 polegadas) e pe\u00e7as de trabalho de grandes dimens\u00f5es at\u00e9 400 \u00d7 400 mm.<\/p>","protected":false},"featured_media":2151,"comment_status":"open","ping_status":"closed","template":"","meta":{"site-sidebar-layout":"default","site-content-layout":"","ast-site-content-layout":"default","site-content-style":"default","site-sidebar-style":"default","ast-global-header-display":"","ast-banner-title-visibility":"","ast-main-header-display":"","ast-hfb-above-header-display":"","ast-hfb-below-header-display":"","ast-hfb-mobile-header-display":"","site-post-title":"","ast-breadcrumbs-content":"","ast-featured-img":"","footer-sml-layout":"","ast-disable-related-posts":"","theme-transparent-header-meta":"default","adv-header-id-meta":"","stick-header-meta":"default","header-above-stick-meta":"","header-main-stick-meta":"","header-below-stick-meta":"","astra-migrate-meta-layouts":"set","ast-page-background-enabled":"default","ast-page-background-meta":{"desktop":{"background-color":"var(--ast-global-color-4)","background-image":"","background-repeat":"repeat","background-position":"center center","background-size":"auto","background-attachment":"scroll","background-type":"","background-media":"","overlay-type":"","overlay-color":"","overlay-opacity":"","overlay-gradient":""},"tablet":{"background-color":"","background-image":"","background-repeat":"repeat","background-position":"center center","background-size":"auto","background-attachment":"scroll","background-type":"","background-media":"","overlay-type":"","overlay-color":"","overlay-opacity":"","overlay-gradient":""},"mobile":{"background-color":"","background-image":"","background-repeat":"repeat","background-position":"center center","background-size":"auto","background-attachment":"scroll","background-type":"","background-media":"","overlay-type":"","overlay-color":"","overlay-opacity":"","overlay-gradient":""}},"ast-content-background-meta":{"desktop":{"background-color":"var(--ast-global-color-5)","background-image":"","background-repeat":"repeat","background-position":"center center","background-size":"auto","background-attachment":"scroll","background-type":"","background-media":"","overlay-type":"","overlay-color":"","overlay-opacity":"","overlay-gradient":""},"tablet":{"background-color":"var(--ast-global-color-5)","background-image":"","background-repeat":"repeat","background-position":"center center","background-size":"auto","background-attachment":"scroll","background-type":"","background-media":"","overlay-type":"","overlay-color":"","overlay-opacity":"","overlay-gradient":""},"mobile":{"background-color":"var(--ast-global-color-5)","background-image":"","background-repeat":"repeat","background-position":"center center","background-size":"auto","background-attachment":"scroll","background-type":"","background-media":"","overlay-type":"","overlay-color":"","overlay-opacity":"","overlay-gradient":""}}},"product_brand":[],"product_cat":[878],"product_tag":[897,898,891,896,895,894,893,694,475,890,892,889],"class_list":{"0":"post-2149","1":"product","2":"type-product","3":"status-publish","4":"has-post-thumbnail","6":"product_cat-dicing-equipment","7":"product_tag-ceramic-substrate-machining","8":"product_tag-dual-spindle-dicing","9":"product_tag-ic-chip-singulation","10":"product_tag-led-chip-processing","11":"product_tag-mems-fabrication","12":"product_tag-multi-strip-cutting","13":"product_tag-panel-level-packaging","14":"product_tag-precision-microfabrication","15":"product_tag-semiconductor-manufacturing","16":"product_tag-silicon-wafer-processing","17":"product_tag-substrate-cutting","18":"product_tag-wafer-dicing","19":"desktop-align-left","20":"tablet-align-left","21":"mobile-align-left","22":"ast-product-gallery-layout-horizontal-slider","23":"ast-product-gallery-with-no-image","24":"ast-product-tabs-layout-horizontal","26":"first","27":"instock","28":"shipping-taxable","29":"product-type-simple"},"_links":{"self":[{"href":"https:\/\/www.zmsh-semitech.com\/pt\/wp-json\/wp\/v2\/product\/2149","targetHints":{"allow":["GET"]}}],"collection":[{"href":"https:\/\/www.zmsh-semitech.com\/pt\/wp-json\/wp\/v2\/product"}],"about":[{"href":"https:\/\/www.zmsh-semitech.com\/pt\/wp-json\/wp\/v2\/types\/product"}],"replies":[{"embeddable":true,"href":"https:\/\/www.zmsh-semitech.com\/pt\/wp-json\/wp\/v2\/comments?post=2149"}],"version-history":[{"count":2,"href":"https:\/\/www.zmsh-semitech.com\/pt\/wp-json\/wp\/v2\/product\/2149\/revisions"}],"predecessor-version":[{"id":2153,"href":"https:\/\/www.zmsh-semitech.com\/pt\/wp-json\/wp\/v2\/product\/2149\/revisions\/2153"}],"wp:featuredmedia":[{"embeddable":true,"href":"https:\/\/www.zmsh-semitech.com\/pt\/wp-json\/wp\/v2\/media\/2151"}],"wp:attachment":[{"href":"https:\/\/www.zmsh-semitech.com\/pt\/wp-json\/wp\/v2\/media?parent=2149"}],"wp:term":[{"taxonomy":"product_brand","embeddable":true,"href":"https:\/\/www.zmsh-semitech.com\/pt\/wp-json\/wp\/v2\/product_brand?post=2149"},{"taxonomy":"product_cat","embeddable":true,"href":"https:\/\/www.zmsh-semitech.com\/pt\/wp-json\/wp\/v2\/product_cat?post=2149"},{"taxonomy":"product_tag","embeddable":true,"href":"https:\/\/www.zmsh-semitech.com\/pt\/wp-json\/wp\/v2\/product_tag?post=2149"}],"curies":[{"name":"wp","href":"https:\/\/api.w.org\/{rel}","templated":true}]}}