{"id":2061,"date":"2026-04-01T06:26:05","date_gmt":"2026-04-01T06:26:05","guid":{"rendered":"https:\/\/www.zmsh-semitech.com\/?post_type=product&#038;p=2061"},"modified":"2026-04-01T06:26:06","modified_gmt":"2026-04-01T06:26:06","slug":"high-precision-diamond-wire-single-line-cutting-machine-for-sic-sapphire-quartz-advanced-ceramics","status":"publish","type":"product","link":"https:\/\/www.zmsh-semitech.com\/pt\/product\/high-precision-diamond-wire-single-line-cutting-machine-for-sic-sapphire-quartz-advanced-ceramics\/","title":{"rendered":"M\u00e1quina de corte de linha \u00fanica de fio diamantado de alta precis\u00e3o para SiC, safira, quartzo e cer\u00e2mica avan\u00e7ada"},"content":{"rendered":"<p data-start=\"257\" data-end=\"534\"><img decoding=\"async\" class=\"size-medium wp-image-2065 alignright\" src=\"https:\/\/www.zmsh-semitech.com\/wp-content\/uploads\/2026\/04\/Diamond-Wire-Single-Line-Cutting-Machine99-300x145.png\" alt=\"\" width=\"300\" height=\"145\" srcset=\"https:\/\/www.zmsh-semitech.com\/wp-content\/uploads\/2026\/04\/Diamond-Wire-Single-Line-Cutting-Machine99-300x145.png 300w, https:\/\/www.zmsh-semitech.com\/wp-content\/uploads\/2026\/04\/Diamond-Wire-Single-Line-Cutting-Machine99-18x9.png 18w, https:\/\/www.zmsh-semitech.com\/wp-content\/uploads\/2026\/04\/Diamond-Wire-Single-Line-Cutting-Machine99-600x290.png 600w, https:\/\/www.zmsh-semitech.com\/wp-content\/uploads\/2026\/04\/Diamond-Wire-Single-Line-Cutting-Machine99.png 680w\" sizes=\"(max-width: 300px) 100vw, 300px\" \/>A m\u00e1quina de corte de linha \u00fanica com fio diamantado \u00e9 uma solu\u00e7\u00e3o de alto desempenho concebida para o corte de precis\u00e3o de materiais duros e fr\u00e1geis. Utilizando um fio revestido a diamante de alta velocidade, o sistema permite um corte eficiente e de baixa perda atrav\u00e9s de um movimento alternativo controlado.<\/p>\n<p data-start=\"536\" data-end=\"769\">\u00c9 amplamente utilizado para processar materiais como carboneto de sil\u00edcio (SiC), safira, quartzo, vidro, cer\u00e2mica e cristais semicondutores, suportando aplica\u00e7\u00f5es como corte, truncagem, fatiamento e seccionamento de precis\u00e3o.<\/p>\n<p data-start=\"771\" data-end=\"1031\">Em compara\u00e7\u00e3o com o corte abrasivo convencional e o processamento a laser, esta m\u00e1quina oferece maior efici\u00eancia, menor perda de corte e qualidade de superf\u00edcie superior, tornando-a a escolha ideal para as ind\u00fastrias de semicondutores, fotovoltaica, \u00f3tica e de materiais avan\u00e7ados.<\/p>\n<h1 data-section-id=\"jotpqu\" data-start=\"1038\" data-end=\"1058\"><span role=\"text\">Carater\u00edsticas principais<\/span><\/h1>\n<h3 data-section-id=\"1rtdqca\" data-start=\"1060\" data-end=\"1108\"><span role=\"text\">1. Alta efici\u00eancia e baixa perda de material<\/span><\/h3>\n<ul data-start=\"1109\" data-end=\"1328\">\n<li data-section-id=\"11sgmis\" data-start=\"1109\" data-end=\"1185\">Velocidade do fio at\u00e9 1500 m\/min para corte r\u00e1pido de materiais ultra-duros<\/li>\n<li data-section-id=\"1minw5g\" data-start=\"1186\" data-end=\"1258\">Espessura da fatia t\u00e3o baixa quanto 0,2 mm, melhorando a utiliza\u00e7\u00e3o do material<\/li>\n<li data-section-id=\"5t3gyn\" data-start=\"1259\" data-end=\"1328\">Efici\u00eancia at\u00e9 50% superior \u00e0 do corte abrasivo tradicional<\/li>\n<\/ul>\n<h3 data-section-id=\"1oi3iek\" data-start=\"1330\" data-end=\"1377\"><span role=\"text\">2. Desempenho de corte de alta precis\u00e3o<\/span><\/h3>\n<ul data-start=\"1378\" data-end=\"1543\">\n<li data-section-id=\"1avlefc\" data-start=\"1378\" data-end=\"1422\">Precis\u00e3o de corte: &lt;3 \u03bcm (SiC de 6 polegadas)<\/li>\n<li data-section-id=\"1uy8t7k\" data-start=\"1423\" data-end=\"1489\">O controlo est\u00e1vel da tens\u00e3o (\u00b10,5 N) garante resultados consistentes<\/li>\n<li data-section-id=\"1psvo4e\" data-start=\"1490\" data-end=\"1543\">Redu\u00e7\u00e3o da lascagem das arestas e melhoria do acabamento da superf\u00edcie<\/li>\n<\/ul>\n<h3 data-section-id=\"19526je\" data-start=\"1545\" data-end=\"1590\"><span role=\"text\">3. Funcionamento inteligente e flex\u00edvel<\/span><\/h3>\n<ul data-start=\"1591\" data-end=\"1733\">\n<li data-section-id=\"1s7ha7z\" data-start=\"1591\" data-end=\"1630\">Interface de ecr\u00e3 t\u00e1til de f\u00e1cil utiliza\u00e7\u00e3o<\/li>\n<li data-section-id=\"1490g7t\" data-start=\"1631\" data-end=\"1696\">V\u00e1rios modos de corte: reto, curvo, corte de v\u00e1rias pe\u00e7as<\/li>\n<li data-section-id=\"15z2aqc\" data-start=\"1697\" data-end=\"1733\">Configura\u00e7\u00e3o e armazenamento r\u00e1pidos de par\u00e2metros<\/li>\n<\/ul>\n<h3 data-section-id=\"x18z0o\" data-start=\"1735\" data-end=\"1775\"><span role=\"text\">4. Design modular e expans\u00edvel<\/span><\/h3>\n<ul data-start=\"1776\" data-end=\"1948\">\n<li data-section-id=\"1inpij0\" data-start=\"1776\" data-end=\"1840\">Mesa de trabalho rotativa opcional para cortes angulares e circulares<\/li>\n<li data-section-id=\"1vitl51\" data-start=\"1841\" data-end=\"1889\">Sistema de alta tens\u00e3o para materiais ultra-duros<\/li>\n<li data-section-id=\"lgqrrm\" data-start=\"1890\" data-end=\"1948\">Suporta alinhamento autom\u00e1tico e posicionamento de precis\u00e3o<\/li>\n<\/ul>\n<h3 data-section-id=\"ttlvza\" data-start=\"1950\" data-end=\"1991\"><span role=\"text\">5. Estrutura industrial duradoura<\/span><\/h3>\n<ul data-start=\"1992\" data-end=\"2151\">\n<li data-section-id=\"5e6js5\" data-start=\"1992\" data-end=\"2044\">Corpo da m\u00e1quina para servi\u00e7o pesado para resist\u00eancia \u00e0 vibra\u00e7\u00e3o<\/li>\n<li data-section-id=\"wugviy\" data-start=\"2045\" data-end=\"2104\">Componentes-chave revestidos com cer\u00e2mica\/carboneto de tungst\u00e9nio<\/li>\n<li data-section-id=\"1h2l4tx\" data-start=\"2105\" data-end=\"2151\">Longa vida \u00fatil superior a 5000 horas<\/li>\n<\/ul>\n<h1 data-section-id=\"wo6xkr\" data-start=\"2158\" data-end=\"2190\"><span role=\"text\">Especifica\u00e7\u00f5es t\u00e9cnicas<\/span><\/h1>\n<div class=\"TyagGW_tableContainer\">\n<div class=\"group TyagGW_tableWrapper flex flex-col-reverse w-fit\" tabindex=\"-1\">\n<table class=\"w-fit min-w-(--thread-content-width)\" data-start=\"2192\" data-end=\"2657\">\n<thead data-start=\"2192\" data-end=\"2212\">\n<tr data-start=\"2192\" data-end=\"2212\">\n<th class=\"\" data-start=\"2192\" data-end=\"2199\" data-col-size=\"sm\">Item<\/th>\n<th class=\"\" data-start=\"2199\" data-end=\"2212\" data-col-size=\"sm\">Par\u00e2metro<\/th>\n<\/tr>\n<\/thead>\n<tbody data-start=\"2233\" data-end=\"2657\">\n<tr data-start=\"2233\" data-end=\"2269\">\n<td data-start=\"2233\" data-end=\"2253\" data-col-size=\"sm\">Tamanho m\u00e1ximo do trabalho<\/td>\n<td data-start=\"2253\" data-end=\"2269\" data-col-size=\"sm\">600 \u00d7 500 mm<\/td>\n<\/tr>\n<tr data-start=\"2270\" data-end=\"2314\">\n<td data-start=\"2270\" data-end=\"2294\" data-col-size=\"sm\">Di\u00e2metro do fio diamantado<\/td>\n<td data-start=\"2294\" data-end=\"2314\" data-col-size=\"sm\">\u03c60.12 - \u03c60.45 mm<\/td>\n<\/tr>\n<tr data-start=\"2315\" data-end=\"2345\">\n<td data-start=\"2315\" data-end=\"2331\" data-col-size=\"sm\">Velocidade de corrida<\/td>\n<td data-start=\"2331\" data-end=\"2345\" data-col-size=\"sm\">1500 m\/min<\/td>\n<\/tr>\n<tr data-start=\"2346\" data-end=\"2387\">\n<td data-start=\"2346\" data-end=\"2365\" data-col-size=\"sm\">Precis\u00e3o de corte<\/td>\n<td data-start=\"2365\" data-end=\"2387\" data-col-size=\"sm\">&lt;3 \u03bcm (SiC de 6 polegadas)<\/td>\n<\/tr>\n<tr data-start=\"2388\" data-end=\"2416\">\n<td data-start=\"2388\" data-end=\"2402\" data-col-size=\"sm\">\u00c2ngulo de oscila\u00e7\u00e3o<\/td>\n<td data-start=\"2402\" data-end=\"2416\" data-col-size=\"sm\">0 ~ \u00b112.5\u00b0<\/td>\n<\/tr>\n<tr data-start=\"2417\" data-end=\"2441\">\n<td data-start=\"2417\" data-end=\"2431\" data-col-size=\"sm\">Curso de eleva\u00e7\u00e3o<\/td>\n<td data-start=\"2431\" data-end=\"2441\" data-col-size=\"sm\">650 mm<\/td>\n<\/tr>\n<tr data-start=\"2442\" data-end=\"2474\">\n<td data-start=\"2442\" data-end=\"2455\" data-col-size=\"sm\">Velocidade de eleva\u00e7\u00e3o<\/td>\n<td data-start=\"2455\" data-end=\"2474\" data-col-size=\"sm\">0 ~ 9,99 mm\/min<\/td>\n<\/tr>\n<tr data-start=\"2475\" data-end=\"2505\">\n<td data-start=\"2475\" data-end=\"2491\" data-col-size=\"sm\">Gama de tens\u00f5es<\/td>\n<td data-start=\"2491\" data-end=\"2505\" data-col-size=\"sm\">15 - 130 N<\/td>\n<\/tr>\n<tr data-start=\"2506\" data-end=\"2535\">\n<td data-start=\"2506\" data-end=\"2525\" data-col-size=\"sm\">Precis\u00e3o da tens\u00e3o<\/td>\n<td data-start=\"2525\" data-end=\"2535\" data-col-size=\"sm\">\u00b10.5 N<\/td>\n<\/tr>\n<tr data-start=\"2536\" data-end=\"2567\">\n<td data-start=\"2536\" data-end=\"2556\" data-col-size=\"sm\">Consumo de energia<\/td>\n<td data-start=\"2556\" data-end=\"2567\" data-col-size=\"sm\">44,4 kW<\/td>\n<\/tr>\n<tr data-start=\"2568\" data-end=\"2608\">\n<td data-start=\"2568\" data-end=\"2583\" data-col-size=\"sm\">Tamanho da m\u00e1quina<\/td>\n<td data-start=\"2583\" data-end=\"2608\" data-col-size=\"sm\">2680 \u00d7 1500 \u00d7 2150 mm<\/td>\n<\/tr>\n<tr data-start=\"2609\" data-end=\"2629\">\n<td data-start=\"2609\" data-end=\"2618\" data-col-size=\"sm\">Peso<\/td>\n<td data-start=\"2618\" data-end=\"2629\" data-col-size=\"sm\">3600 kg<\/td>\n<\/tr>\n<tr data-start=\"2630\" data-end=\"2657\">\n<td data-start=\"2630\" data-end=\"2644\" data-col-size=\"sm\">N\u00edvel de ru\u00eddo<\/td>\n<td data-start=\"2644\" data-end=\"2657\" data-col-size=\"sm\">\u226475 dB(A)<\/td>\n<\/tr>\n<\/tbody>\n<\/table>\n<\/div>\n<\/div>\n<h1 data-section-id=\"1mql435\" data-start=\"2664\" data-end=\"2689\"><span role=\"text\">Princ\u00edpio de funcionamento<\/span><\/h1>\n<p data-start=\"2691\" data-end=\"2879\">A m\u00e1quina funciona com um fio revestido de diamante que se desloca a alta velocidade sobre a pe\u00e7a de trabalho. O processo de corte \u00e9 efectuado atrav\u00e9s de um desbaste abrasivo cont\u00ednuo por part\u00edculas de diamante.<\/p>\n<p data-start=\"2881\" data-end=\"3078\">Um sistema de alimenta\u00e7\u00e3o servo-controlado assegura um posicionamento preciso do material, enquanto um sistema de fluido de refrigera\u00e7\u00e3o reduz o calor e remove os res\u00edduos, minimizando os danos nas arestas e melhorando a qualidade da superf\u00edcie.<\/p>\n<p data-start=\"2881\" data-end=\"3078\"><img fetchpriority=\"high\" decoding=\"async\" class=\"wp-image-2066 size-full aligncenter\" src=\"https:\/\/www.zmsh-semitech.com\/wp-content\/uploads\/2026\/04\/Diamond-Wire-Single-Line-Cutting-Machine100.png\" alt=\"\" width=\"680\" height=\"121\" srcset=\"https:\/\/www.zmsh-semitech.com\/wp-content\/uploads\/2026\/04\/Diamond-Wire-Single-Line-Cutting-Machine100.png 680w, https:\/\/www.zmsh-semitech.com\/wp-content\/uploads\/2026\/04\/Diamond-Wire-Single-Line-Cutting-Machine100-300x53.png 300w, https:\/\/www.zmsh-semitech.com\/wp-content\/uploads\/2026\/04\/Diamond-Wire-Single-Line-Cutting-Machine100-18x3.png 18w, https:\/\/www.zmsh-semitech.com\/wp-content\/uploads\/2026\/04\/Diamond-Wire-Single-Line-Cutting-Machine100-600x107.png 600w\" sizes=\"(max-width: 680px) 100vw, 680px\" \/><\/p>\n<h1 data-section-id=\"fgk3yn\" data-start=\"3085\" data-end=\"3105\"><span role=\"text\">Aplica\u00e7\u00f5es<\/span><\/h1>\n<h3 data-section-id=\"17q599k\" data-start=\"3107\" data-end=\"3142\"><span role=\"text\">1. Ind\u00fastria de semicondutores<\/span><\/h3>\n<ul data-start=\"3143\" data-end=\"3242\">\n<li data-section-id=\"1nf22eo\" data-start=\"3143\" data-end=\"3182\">Corte de lingotes de SiC para dispositivos de pot\u00eancia<\/li>\n<li data-section-id=\"13igyh1\" data-start=\"3183\" data-end=\"3242\">Corte de bolachas de safira para aplica\u00e7\u00f5es \u00f3pticas e de LED<\/li>\n<\/ul>\n<h3 data-section-id=\"1vi8s5i\" data-start=\"3244\" data-end=\"3278\"><span role=\"text\">2. Ind\u00fastria fotovoltaica<\/span><\/h3>\n<ul data-start=\"3279\" data-end=\"3366\">\n<li data-section-id=\"140am8z\" data-start=\"3279\" data-end=\"3320\">Corte de barras de sil\u00edcio e corte de bolachas<\/li>\n<li data-section-id=\"xnpw0v\" data-start=\"3321\" data-end=\"3366\">Processamento de materiais solares de elevada efici\u00eancia<\/li>\n<\/ul>\n<h3 data-section-id=\"fxclnn\" data-start=\"3368\" data-end=\"3407\"><span role=\"text\">3. \u00d3tica de precis\u00e3o e joalharia<\/span><\/h3>\n<ul data-start=\"3408\" data-end=\"3491\">\n<li data-section-id=\"10uj51p\" data-start=\"3408\" data-end=\"3432\">Corte de vidro de quartzo<\/li>\n<li data-section-id=\"1gvn0wq\" data-start=\"3433\" data-end=\"3491\">Processamento de jade e pedras preciosas com elevada qualidade de superf\u00edcie<\/li>\n<\/ul>\n<h3 data-section-id=\"1qah645\" data-start=\"3493\" data-end=\"3529\"><span role=\"text\">4. Cer\u00e2mica avan\u00e7ada e I&amp;D<\/span><\/h3>\n<ul data-start=\"3530\" data-end=\"3619\">\n<li data-section-id=\"1bpgmbu\" data-start=\"3530\" data-end=\"3573\">Nitreto de alum\u00ednio (AlN), zirc\u00f3nio (ZrO\u2082)<\/li>\n<li data-section-id=\"1xdca8d\" data-start=\"3574\" data-end=\"3619\">Componentes aeroespaciais e de alta temperatura<\/li>\n<\/ul>\n<h1 data-section-id=\"e8bo0\" data-start=\"3626\" data-end=\"3637\"><span role=\"text\"><img decoding=\"async\" class=\"size-medium wp-image-2063 alignright\" src=\"https:\/\/www.zmsh-semitech.com\/wp-content\/uploads\/2026\/04\/diamond_wire_single_line_cutting_machine_for_sic_sapphire_quartz_ceramic_material6-300x300.webp\" alt=\"\" width=\"300\" height=\"300\" srcset=\"https:\/\/www.zmsh-semitech.com\/wp-content\/uploads\/2026\/04\/diamond_wire_single_line_cutting_machine_for_sic_sapphire_quartz_ceramic_material6-300x300.webp 300w, https:\/\/www.zmsh-semitech.com\/wp-content\/uploads\/2026\/04\/diamond_wire_single_line_cutting_machine_for_sic_sapphire_quartz_ceramic_material6-150x150.webp 150w, https:\/\/www.zmsh-semitech.com\/wp-content\/uploads\/2026\/04\/diamond_wire_single_line_cutting_machine_for_sic_sapphire_quartz_ceramic_material6-12x12.webp 12w, https:\/\/www.zmsh-semitech.com\/wp-content\/uploads\/2026\/04\/diamond_wire_single_line_cutting_machine_for_sic_sapphire_quartz_ceramic_material6-600x600.webp 600w, https:\/\/www.zmsh-semitech.com\/wp-content\/uploads\/2026\/04\/diamond_wire_single_line_cutting_machine_for_sic_sapphire_quartz_ceramic_material6-100x100.webp 100w, https:\/\/www.zmsh-semitech.com\/wp-content\/uploads\/2026\/04\/diamond_wire_single_line_cutting_machine_for_sic_sapphire_quartz_ceramic_material6.webp 750w\" sizes=\"(max-width: 300px) 100vw, 300px\" \/>FAQ<\/span><\/h1>\n<p data-start=\"3639\" data-end=\"3870\">1. Que materiais podem ser processados por esta m\u00e1quina?<br data-start=\"3686\" data-end=\"3689\" \/>Esta m\u00e1quina foi concebida para materiais duros e fr\u00e1geis, como SiC, safira, quartzo, cer\u00e2mica, vidro e cristais semicondutores, garantindo uma elevada precis\u00e3o e danos m\u00ednimos.<\/p>\n<p data-start=\"3872\" data-end=\"4144\">2. Quais s\u00e3o as vantagens do corte com fio diamantado em rela\u00e7\u00e3o aos m\u00e9todos tradicionais?<br data-start=\"3952\" data-end=\"3955\" \/>O corte com fio diamantado proporciona uma maior efici\u00eancia, menor perda de material e melhor qualidade de superf\u00edcie, reduzindo significativamente a quebra de arestas em compara\u00e7\u00e3o com o corte abrasivo convencional.<\/p>\n<p data-start=\"4146\" data-end=\"4405\">3. A m\u00e1quina \u00e9 adequada para a produ\u00e7\u00e3o industrial em grande escala?<br data-start=\"4215\" data-end=\"4218\" \/>Sim. Com a sua elevada estabilidade, capacidade de automa\u00e7\u00e3o e longa vida \u00fatil, \u00e9 adequado para a produ\u00e7\u00e3o industrial cont\u00ednua em semicondutores e processamento de materiais avan\u00e7ados.<\/p>","protected":false},"excerpt":{"rendered":"<p>A m\u00e1quina de corte de linha \u00fanica com fio diamantado \u00e9 uma solu\u00e7\u00e3o de alto desempenho concebida para o corte de precis\u00e3o de materiais duros e fr\u00e1geis. Utilizando um fio revestido a diamante de alta velocidade, o sistema permite um corte eficiente e de baixa perda atrav\u00e9s de um movimento alternativo controlado.<\/p>","protected":false},"featured_media":2062,"comment_status":"open","ping_status":"closed","template":"","meta":{"site-sidebar-layout":"default","site-content-layout":"","ast-site-content-layout":"default","site-content-style":"default","site-sidebar-style":"default","ast-global-header-display":"","ast-banner-title-visibility":"","ast-main-header-display":"","ast-hfb-above-header-display":"","ast-hfb-below-header-display":"","ast-hfb-mobile-header-display":"","site-post-title":"","ast-breadcrumbs-content":"","ast-featured-img":"","footer-sml-layout":"","ast-disable-related-posts":"","theme-transparent-header-meta":"default","adv-header-id-meta":"","stick-header-meta":"default","header-above-stick-meta":"","header-main-stick-meta":"","header-below-stick-meta":"","astra-migrate-meta-layouts":"set","ast-page-background-enabled":"default","ast-page-background-meta":{"desktop":{"background-color":"var(--ast-global-color-4)","background-image":"","background-repeat":"repeat","background-position":"center center","background-size":"auto","background-attachment":"scroll","background-type":"","background-media":"","overlay-type":"","overlay-color":"","overlay-opacity":"","overlay-gradient":""},"tablet":{"background-color":"","background-image":"","background-repeat":"repeat","background-position":"center center","background-size":"auto","background-attachment":"scroll","background-type":"","background-media":"","overlay-type":"","overlay-color":"","overlay-opacity":"","overlay-gradient":""},"mobile":{"background-color":"","background-image":"","background-repeat":"repeat","background-position":"center center","background-size":"auto","background-attachment":"scroll","background-type":"","background-media":"","overlay-type":"","overlay-color":"","overlay-opacity":"","overlay-gradient":""}},"ast-content-background-meta":{"desktop":{"background-color":"var(--ast-global-color-5)","background-image":"","background-repeat":"repeat","background-position":"center center","background-size":"auto","background-attachment":"scroll","background-type":"","background-media":"","overlay-type":"","overlay-color":"","overlay-opacity":"","overlay-gradient":""},"tablet":{"background-color":"var(--ast-global-color-5)","background-image":"","background-repeat":"repeat","background-position":"center center","background-size":"auto","background-attachment":"scroll","background-type":"","background-media":"","overlay-type":"","overlay-color":"","overlay-opacity":"","overlay-gradient":""},"mobile":{"background-color":"var(--ast-global-color-5)","background-image":"","background-repeat":"repeat","background-position":"center center","background-size":"auto","background-attachment":"scroll","background-type":"","background-media":"","overlay-type":"","overlay-color":"","overlay-opacity":"","overlay-gradient":""}}},"product_brand":[],"product_cat":[21],"product_tag":[701,446,695,415,698,702,703,444,700,443,697,441,422,420,699,696],"class_list":{"0":"post-2061","1":"product","2":"type-product","3":"status-publish","4":"has-post-thumbnail","6":"product_cat-laser-cutting","7":"product_tag-advanced-ceramics-machining","8":"product_tag-ceramic-cutting-machine","9":"product_tag-diamond-wire-cutting-machine","10":"product_tag-diamond-wire-saw","11":"product_tag-hard-brittle-material-processing","12":"product_tag-high-precision-cutting-machine","13":"product_tag-industrial-cutting-equipment","14":"product_tag-optical-material-cutting","15":"product_tag-photovoltaic-silicon-slicing","16":"product_tag-precision-cutting-equipment","17":"product_tag-quartz-cutting-equipment","18":"product_tag-sapphire-cutting-machine","19":"product_tag-semiconductor-wafer-slicing","20":"product_tag-sic-cutting","21":"product_tag-silicon-carbide-ingot-cutting","22":"product_tag-single-line-cutting-machine","23":"desktop-align-left","24":"tablet-align-left","25":"mobile-align-left","26":"ast-product-gallery-layout-horizontal-slider","27":"ast-product-tabs-layout-horizontal","29":"first","30":"instock","31":"shipping-taxable","32":"product-type-simple"},"_links":{"self":[{"href":"https:\/\/www.zmsh-semitech.com\/pt\/wp-json\/wp\/v2\/product\/2061","targetHints":{"allow":["GET"]}}],"collection":[{"href":"https:\/\/www.zmsh-semitech.com\/pt\/wp-json\/wp\/v2\/product"}],"about":[{"href":"https:\/\/www.zmsh-semitech.com\/pt\/wp-json\/wp\/v2\/types\/product"}],"replies":[{"embeddable":true,"href":"https:\/\/www.zmsh-semitech.com\/pt\/wp-json\/wp\/v2\/comments?post=2061"}],"version-history":[{"count":2,"href":"https:\/\/www.zmsh-semitech.com\/pt\/wp-json\/wp\/v2\/product\/2061\/revisions"}],"predecessor-version":[{"id":2068,"href":"https:\/\/www.zmsh-semitech.com\/pt\/wp-json\/wp\/v2\/product\/2061\/revisions\/2068"}],"wp:featuredmedia":[{"embeddable":true,"href":"https:\/\/www.zmsh-semitech.com\/pt\/wp-json\/wp\/v2\/media\/2062"}],"wp:attachment":[{"href":"https:\/\/www.zmsh-semitech.com\/pt\/wp-json\/wp\/v2\/media?parent=2061"}],"wp:term":[{"taxonomy":"product_brand","embeddable":true,"href":"https:\/\/www.zmsh-semitech.com\/pt\/wp-json\/wp\/v2\/product_brand?post=2061"},{"taxonomy":"product_cat","embeddable":true,"href":"https:\/\/www.zmsh-semitech.com\/pt\/wp-json\/wp\/v2\/product_cat?post=2061"},{"taxonomy":"product_tag","embeddable":true,"href":"https:\/\/www.zmsh-semitech.com\/pt\/wp-json\/wp\/v2\/product_tag?post=2061"}],"curies":[{"name":"wp","href":"https:\/\/api.w.org\/{rel}","templated":true}]}}