{"id":1981,"date":"2026-03-23T06:13:43","date_gmt":"2026-03-23T06:13:43","guid":{"rendered":"https:\/\/www.zmsh-semitech.com\/?post_type=product&#038;p=1981"},"modified":"2026-03-23T06:18:04","modified_gmt":"2026-03-23T06:18:04","slug":"sic-raw-material-synthesis-furnace","status":"publish","type":"product","link":"https:\/\/www.zmsh-semitech.com\/pt\/product\/sic-raw-material-synthesis-furnace\/","title":{"rendered":"Forno de s\u00edntese de mat\u00e9ria-prima de SiC de 50 kg Prepara\u00e7\u00e3o de cristais de carboneto de sil\u00edcio de alta pureza"},"content":{"rendered":"<p data-start=\"240\" data-end=\"569\"><img fetchpriority=\"high\" decoding=\"async\" class=\"size-medium wp-image-1989 alignleft\" src=\"https:\/\/www.zmsh-semitech.com\/wp-content\/uploads\/2026\/03\/Sic-raw-material-synthesis-furnace5-300x220.jpg\" alt=\"\" width=\"300\" height=\"220\" srcset=\"https:\/\/www.zmsh-semitech.com\/wp-content\/uploads\/2026\/03\/Sic-raw-material-synthesis-furnace5-300x220.jpg 300w, https:\/\/www.zmsh-semitech.com\/wp-content\/uploads\/2026\/03\/Sic-raw-material-synthesis-furnace5-16x12.jpg 16w, https:\/\/www.zmsh-semitech.com\/wp-content\/uploads\/2026\/03\/Sic-raw-material-synthesis-furnace5-600x439.jpg 600w, https:\/\/www.zmsh-semitech.com\/wp-content\/uploads\/2026\/03\/Sic-raw-material-synthesis-furnace5.jpg 680w\" sizes=\"(max-width: 300px) 100vw, 300px\" \/>O forno de s\u00edntese de mat\u00e9ria-prima SiC de 50 kg \u00e9 um forno especializado de alta temperatura concebido para produzir mat\u00e9rias-primas de carboneto de sil\u00edcio (SiC) de elevada pureza. Como um semicondutor cr\u00edtico e material cer\u00e2mico, o SiC \u00e9 amplamente aplicado em<span style=\"font-size: 16px;\">n eletr\u00f3nica de pot\u00eancia, dispositivos de alta temperatura, materiais resistentes ao desgaste e componentes \u00f3pticos.<\/span><\/p>\n<p data-start=\"571\" data-end=\"987\">Este forno converte mat\u00e9rias-primas de sil\u00edcio (Si) e carbono (C) em SiC atrav\u00e9s de uma rea\u00e7\u00e3o qu\u00edmica controlada a alta temperatura, tornando-o uma pe\u00e7a essencial do equipamento na cadeia de produ\u00e7\u00e3o de carboneto de sil\u00edcio. A sua conce\u00e7\u00e3o assegura uma elevada pureza, um funcionamento est\u00e1vel e um desempenho consistente, permitindo aos fabricantes satisfazer os requisitos rigorosos das aplica\u00e7\u00f5es de semicondutores avan\u00e7ados e de cer\u00e2mica de elevado desempenho.<\/p>\n<h2 data-section-id=\"52xoay\" data-start=\"994\" data-end=\"1017\"><span role=\"text\"><strong data-start=\"997\" data-end=\"1015\">Principais vantagens<\/strong><\/span><\/h2>\n<ul data-start=\"1018\" data-end=\"1891\">\n<li data-section-id=\"wafd1l\" data-start=\"1018\" data-end=\"1134\"><strong data-start=\"1020\" data-end=\"1050\">Capacidade para altas temperaturas:<\/strong> Fornece temperaturas de forno at\u00e9 2400\u00b0C, adequadas para a s\u00edntese eficiente de SiC.<\/li>\n<li data-section-id=\"qvgm69\" data-start=\"1135\" data-end=\"1250\"><strong data-start=\"1137\" data-end=\"1160\">Sa\u00edda de alta pureza:<\/strong> Utiliza mat\u00e9rias-primas de elevada pureza e controlo de atmosfera inerte para produzir SiC ultra-puro.<\/li>\n<li data-section-id=\"11v9t45\" data-start=\"1251\" data-end=\"1360\"><strong data-start=\"1253\" data-end=\"1276\">Desempenho est\u00e1vel:<\/strong> A estrutura robusta garante um funcionamento fi\u00e1vel para uma produ\u00e7\u00e3o cont\u00ednua e a longo prazo.<\/li>\n<li data-section-id=\"caa80i\" data-start=\"1361\" data-end=\"1457\"><strong data-start=\"1363\" data-end=\"1385\">Baixa contamina\u00e7\u00e3o:<\/strong> A atmosfera inerte e os materiais limpos minimizam a incorpora\u00e7\u00e3o de impurezas.<\/li>\n<li data-section-id=\"ka169f\" data-start=\"1458\" data-end=\"1599\"><strong data-start=\"1460\" data-end=\"1487\">Grande capacidade de carga:<\/strong> Suporta at\u00e9 50 kg de mat\u00e9ria-prima, melhorando a produtividade e a compatibilidade com v\u00e1rios fornos de cristal.<\/li>\n<li data-section-id=\"1afhg2w\" data-start=\"1600\" data-end=\"1765\"><strong data-start=\"1602\" data-end=\"1624\">Controlo de precis\u00e3o:<\/strong> Regula\u00e7\u00e3o avan\u00e7ada da temperatura e da press\u00e3o, com medi\u00e7\u00e3o dupla de temperatura opcional e monitoriza\u00e7\u00e3o por infravermelhos para otimiza\u00e7\u00e3o do processo.<\/li>\n<li data-section-id=\"i89isr\" data-start=\"1766\" data-end=\"1891\"><strong data-start=\"1768\" data-end=\"1795\">Configura\u00e7\u00e3o flex\u00edvel:<\/strong> O design modular permite a instala\u00e7\u00e3o lado a lado para poupar espa\u00e7o e otimizar a utiliza\u00e7\u00e3o da f\u00e1brica.<\/li>\n<\/ul>\n<h2 data-section-id=\"10oaxfc\" data-start=\"1898\" data-end=\"1931\"><span role=\"text\"><strong data-start=\"1901\" data-end=\"1929\">Especifica\u00e7\u00f5es t\u00e9cnicas<\/strong><\/span><\/h2>\n<div class=\"TyagGW_tableContainer\">\n<div class=\"group TyagGW_tableWrapper flex flex-col-reverse w-fit\" tabindex=\"-1\">\n<table class=\"w-fit min-w-(--thread-content-width)\" data-start=\"1933\" data-end=\"2723\">\n<thead data-start=\"1933\" data-end=\"1960\">\n<tr data-start=\"1933\" data-end=\"1960\">\n<th class=\"\" data-start=\"1933\" data-end=\"1943\" data-col-size=\"sm\">Carater\u00edstica<\/th>\n<th class=\"\" data-start=\"1943\" data-end=\"1960\" data-col-size=\"md\">Especifica\u00e7\u00e3o<\/th>\n<\/tr>\n<\/thead>\n<tbody data-start=\"1989\" data-end=\"2723\">\n<tr data-start=\"1989\" data-end=\"2046\">\n<td data-start=\"1989\" data-end=\"2010\" data-col-size=\"sm\">Dimens\u00f5es (C\u00d7L\u00d7A)<\/td>\n<td data-col-size=\"md\" data-start=\"2010\" data-end=\"2046\">4000\u00d73400\u00d74300 mm (personaliz\u00e1vel)<\/td>\n<\/tr>\n<tr data-start=\"2047\" data-end=\"2085\">\n<td data-start=\"2047\" data-end=\"2074\" data-col-size=\"sm\">Di\u00e2metro da c\u00e2mara do forno<\/td>\n<td data-col-size=\"md\" data-start=\"2074\" data-end=\"2085\">1100 mm<\/td>\n<\/tr>\n<tr data-start=\"2086\" data-end=\"2114\">\n<td data-start=\"2086\" data-end=\"2105\" data-col-size=\"sm\">Capacidade de carga<\/td>\n<td data-col-size=\"md\" data-start=\"2105\" data-end=\"2114\">50 kg<\/td>\n<\/tr>\n<tr data-start=\"2115\" data-end=\"2183\">\n<td data-start=\"2115\" data-end=\"2133\" data-col-size=\"sm\">Aspira\u00e7\u00e3o m\u00e1xima<\/td>\n<td data-col-size=\"md\" data-start=\"2133\" data-end=\"2183\">10-\u00b2 Pa (2 horas ap\u00f3s o arranque da bomba molecular)<\/td>\n<\/tr>\n<tr data-start=\"2184\" data-end=\"2244\">\n<td data-start=\"2184\" data-end=\"2213\" data-col-size=\"sm\">Taxa de aumento da press\u00e3o da c\u00e2mara<\/td>\n<td data-col-size=\"md\" data-start=\"2213\" data-end=\"2244\">\u226410 Pa\/h (p\u00f3s-calcina\u00e7\u00e3o)<\/td>\n<\/tr>\n<tr data-start=\"2245\" data-end=\"2285\">\n<td data-start=\"2245\" data-end=\"2274\" data-col-size=\"sm\">Curso inferior da tampa do forno<\/td>\n<td data-col-size=\"md\" data-start=\"2274\" data-end=\"2285\">1500 mm<\/td>\n<\/tr>\n<tr data-start=\"2286\" data-end=\"2324\">\n<td data-start=\"2286\" data-end=\"2303\" data-col-size=\"sm\">M\u00e9todo de aquecimento<\/td>\n<td data-start=\"2303\" data-end=\"2324\" data-col-size=\"md\">Aquecimento por indu\u00e7\u00e3o<\/td>\n<\/tr>\n<tr data-start=\"2325\" data-end=\"2357\">\n<td data-start=\"2325\" data-end=\"2347\" data-col-size=\"sm\">Temperatura m\u00e1xima<\/td>\n<td data-start=\"2347\" data-end=\"2357\" data-col-size=\"md\">2400\u00b0C<\/td>\n<\/tr>\n<tr data-start=\"2358\" data-end=\"2392\">\n<td data-start=\"2358\" data-end=\"2381\" data-col-size=\"sm\">Fonte de alimenta\u00e7\u00e3o de aquecimento<\/td>\n<td data-start=\"2381\" data-end=\"2392\" data-col-size=\"md\">2\u00d740 kW<\/td>\n<\/tr>\n<tr data-start=\"2393\" data-end=\"2454\">\n<td data-start=\"2393\" data-end=\"2419\" data-col-size=\"sm\">Medi\u00e7\u00e3o da temperatura<\/td>\n<td data-col-size=\"md\" data-start=\"2419\" data-end=\"2454\">Term\u00f3metro de infravermelhos de duas cores<\/td>\n<\/tr>\n<tr data-start=\"2455\" data-end=\"2489\">\n<td data-start=\"2455\" data-end=\"2475\" data-col-size=\"sm\">Gama de temperaturas<\/td>\n<td data-col-size=\"md\" data-start=\"2475\" data-end=\"2489\">900-3000\u00b0C<\/td>\n<\/tr>\n<tr data-start=\"2490\" data-end=\"2529\">\n<td data-start=\"2490\" data-end=\"2521\" data-col-size=\"sm\">Precis\u00e3o do controlo da temperatura<\/td>\n<td data-col-size=\"md\" data-start=\"2521\" data-end=\"2529\">\u00b11\u00b0C<\/td>\n<\/tr>\n<tr data-start=\"2530\" data-end=\"2569\">\n<td data-start=\"2530\" data-end=\"2555\" data-col-size=\"sm\">Gama de controlo da press\u00e3o<\/td>\n<td data-col-size=\"md\" data-start=\"2555\" data-end=\"2569\">1-700 mbar<\/td>\n<\/tr>\n<tr data-start=\"2570\" data-end=\"2631\">\n<td data-start=\"2570\" data-end=\"2598\" data-col-size=\"sm\">Precis\u00e3o do controlo da press\u00e3o<\/td>\n<td data-col-size=\"md\" data-start=\"2598\" data-end=\"2631\">1-5 mbar (consoante a gama)<\/td>\n<\/tr>\n<tr data-start=\"2632\" data-end=\"2723\">\n<td data-start=\"2632\" data-end=\"2649\" data-col-size=\"sm\">M\u00e9todo de carregamento<\/td>\n<td data-col-size=\"md\" data-start=\"2649\" data-end=\"2723\">Carga inferior; empilhador de descarga opcional e pontos de temperatura duplos<\/td>\n<\/tr>\n<\/tbody>\n<\/table>\n<\/div>\n<\/div>\n<h2 data-section-id=\"13tlhcf\" data-start=\"2730\" data-end=\"2756\"><span role=\"text\"><strong data-start=\"2733\" data-end=\"2754\">Vantagens da conce\u00e7\u00e3o<\/strong><\/span><\/h2>\n<ol data-start=\"2757\" data-end=\"3517\">\n<li data-section-id=\"7ymlfh\" data-start=\"2757\" data-end=\"2882\">O carregamento de alta capacidade permite que um \u00fanico forno alimente v\u00e1rios fornos de cristais longos, melhorando a efici\u00eancia da produ\u00e7\u00e3o.<\/li>\n<li data-section-id=\"y3ubiu\" data-start=\"2883\" data-end=\"2982\">A fonte de alimenta\u00e7\u00e3o dupla com frequ\u00eancia id\u00eantica assegura um controlo preciso do gradiente de temperatura axial.<\/li>\n<li data-section-id=\"7q7579\" data-start=\"2983\" data-end=\"3103\">A medi\u00e7\u00e3o da temperatura por infravermelhos na parte superior e inferior facilita a monitoriza\u00e7\u00e3o da temperatura em tempo real e a depura\u00e7\u00e3o do processo.<\/li>\n<li data-section-id=\"3k74b3\" data-start=\"3104\" data-end=\"3219\">A elevada precis\u00e3o do controlo do v\u00e1cuo, da press\u00e3o e da temperatura garante a s\u00edntese de mat\u00e9rias-primas de SiC ultra-puras.<\/li>\n<li data-section-id=\"1voekay\" data-start=\"3220\" data-end=\"3316\">Sistema de carga\/descarga seguro e fi\u00e1vel, opcionalmente equipado com um empilhador de descarga.<\/li>\n<li data-section-id=\"p45f8k\" data-start=\"3317\" data-end=\"3417\">As v\u00e1lvulas de borboleta de alta precis\u00e3o e os controladores de fluxo de massa mant\u00eam uma atmosfera de processo est\u00e1vel.<\/li>\n<li data-section-id=\"4p07o1\" data-start=\"3418\" data-end=\"3517\">O design modular permite a disposi\u00e7\u00e3o lado a lado, optimizando o espa\u00e7o no ch\u00e3o e a utiliza\u00e7\u00e3o da f\u00e1brica.<\/li>\n<\/ol>\n<p><img decoding=\"async\" class=\"wp-image-1991 size-full aligncenter\" src=\"https:\/\/www.zmsh-semitech.com\/wp-content\/uploads\/2026\/03\/Sic-raw-material-synthesis-furnace6.png\" alt=\"\" width=\"680\" height=\"352\" srcset=\"https:\/\/www.zmsh-semitech.com\/wp-content\/uploads\/2026\/03\/Sic-raw-material-synthesis-furnace6.png 680w, https:\/\/www.zmsh-semitech.com\/wp-content\/uploads\/2026\/03\/Sic-raw-material-synthesis-furnace6-300x155.png 300w, https:\/\/www.zmsh-semitech.com\/wp-content\/uploads\/2026\/03\/Sic-raw-material-synthesis-furnace6-18x9.png 18w, https:\/\/www.zmsh-semitech.com\/wp-content\/uploads\/2026\/03\/Sic-raw-material-synthesis-furnace6-600x311.png 600w\" sizes=\"(max-width: 680px) 100vw, 680px\" \/><\/p>\n<h2 data-section-id=\"1imsgo3\" data-start=\"3524\" data-end=\"3558\"><span role=\"text\"><strong data-start=\"3527\" data-end=\"3556\">Aplica\u00e7\u00f5es e benef\u00edcios<\/strong><\/span><\/h2>\n<p data-start=\"3559\" data-end=\"3737\">O forno de s\u00edntese de mat\u00e9ria-prima de SiC produz eficazmente carboneto de sil\u00edcio de elevada pureza, atingindo purezas de 99,999% ou superiores. A mat\u00e9ria-prima de SiC sintetizada \u00e9 ideal para:<\/p>\n<ul data-start=\"3738\" data-end=\"4228\">\n<li data-section-id=\"1fodfy7\" data-start=\"3738\" data-end=\"3850\"><strong data-start=\"3740\" data-end=\"3766\">Crescimento de um \u00fanico cristal:<\/strong> Produ\u00e7\u00e3o de cristais de SiC de alta qualidade para dispositivos de pot\u00eancia como MOSFETs e d\u00edodos.<\/li>\n<li data-section-id=\"be6ua8\" data-start=\"3851\" data-end=\"3955\"><strong data-start=\"3853\" data-end=\"3875\">Eletr\u00f3nica de pot\u00eancia:<\/strong> Possibilitando dispositivos com alta tens\u00e3o, baixa perda e desempenho de alta frequ\u00eancia.<\/li>\n<li data-section-id=\"2a320o\" data-start=\"3956\" data-end=\"4083\"><strong data-start=\"3958\" data-end=\"3994\">Setor autom\u00f3vel e energias renov\u00e1veis:<\/strong> Melhorar os ve\u00edculos el\u00e9ctricos, os inversores solares e outras aplica\u00e7\u00f5es de elevado desempenho.<\/li>\n<li data-section-id=\"1kgacmz\" data-start=\"4084\" data-end=\"4228\"><strong data-start=\"4086\" data-end=\"4128\">Cer\u00e2mica avan\u00e7ada e dispositivos \u00f3pticos:<\/strong> Alargamento das aplica\u00e7\u00f5es de SiC para al\u00e9m dos semicondutores, passando a incluir cer\u00e2micas industriais e componentes \u00f3pticos.<\/li>\n<\/ul>\n<h2 data-section-id=\"tdegxz\" data-start=\"4235\" data-end=\"4257\"><span role=\"text\"><strong data-start=\"4238\" data-end=\"4255\">Servi\u00e7os ZMSH<\/strong><\/span><\/h2>\n<p data-start=\"4258\" data-end=\"4725\">A ZMSH fornece suporte completo ao processo, desde o projeto e fabrica\u00e7\u00e3o do forno at\u00e9 o servi\u00e7o p\u00f3s-venda. Isto inclui a personaliza\u00e7\u00e3o do equipamento, a otimiza\u00e7\u00e3o do processo e a forma\u00e7\u00e3o t\u00e9cnica. Com tecnologia avan\u00e7ada e uma vasta experi\u00eancia no sector, a ZMSH garante uma opera\u00e7\u00e3o est\u00e1vel e de alta efici\u00eancia com baixo consumo de energia e oferece um apoio t\u00e9cnico r\u00e1pido e permanente para ajudar os clientes a obterem uma produ\u00e7\u00e3o em grande escala de mat\u00e9rias-primas de carboneto de sil\u00edcio de elevada pureza.<\/p>\n<h2 data-section-id=\"1uqg4yw\" data-start=\"4732\" data-end=\"4773\"><span role=\"text\"><strong data-start=\"4735\" data-end=\"4771\">Perguntas frequentes (FAQ)<\/strong><\/span><\/h2>\n<p data-start=\"4774\" data-end=\"5024\"><strong data-start=\"4774\" data-end=\"4842\">Q1: Qual \u00e9 o objetivo de um forno de s\u00edntese de mat\u00e9rias-primas de SiC?<\/strong><br data-start=\"4842\" data-end=\"4845\" \/>R: \u00c9 utilizada para produzir mat\u00e9rias-primas de carboneto de sil\u00edcio (SiC) de elevada pureza atrav\u00e9s de reac\u00e7\u00f5es qu\u00edmicas a alta temperatura, essenciais para semicondutores, cer\u00e2micas e componentes \u00f3pticos.<\/p>\n<p data-start=\"5026\" data-end=\"5265\"><strong data-start=\"5026\" data-end=\"5104\">Q2: Porque \u00e9 que um forno de s\u00edntese de SiC \u00e9 importante para a produ\u00e7\u00e3o de semicondutores?<\/strong><br data-start=\"5104\" data-end=\"5107\" \/>R: Permite a produ\u00e7\u00e3o de SiC ultra-puro, o que \u00e9 crucial para o crescimento de cristais de SiC de alta qualidade utilizados na eletr\u00f3nica de pot\u00eancia e em dispositivos de alta frequ\u00eancia.<\/p>\n<p data-start=\"5267\" data-end=\"5449\"><strong data-start=\"5267\" data-end=\"5327\">Q3: Qual \u00e9 a capacidade m\u00e1xima de carga do forno?<\/strong><br data-start=\"5327\" data-end=\"5330\" \/>R: A capacidade de carga padr\u00e3o \u00e9 de 50 kg, permitindo a produ\u00e7\u00e3o em grande escala e a alimenta\u00e7\u00e3o de v\u00e1rios fornos de cristal.<\/p>\n<p data-start=\"5451\" data-end=\"5708\"><strong data-start=\"5451\" data-end=\"5526\">Q4: Quais s\u00e3o as precis\u00f5es de controlo da temperatura e da press\u00e3o do forno?<\/strong><br data-start=\"5526\" data-end=\"5529\" \/>A: A precis\u00e3o do controlo da temperatura \u00e9 de \u00b11\u00b0C. A precis\u00e3o do controlo da press\u00e3o varia entre \u00b10,1 mbar e \u00b10,5 mbar, dependendo da gama de press\u00e3o, assegurando uma s\u00edntese est\u00e1vel de SiC de elevada pureza.<\/p>","protected":false},"excerpt":{"rendered":"<p>O forno de s\u00edntese de mat\u00e9ria-prima SiC de 50 kg \u00e9 um forno especializado de alta temperatura concebido para produzir mat\u00e9rias-primas de carboneto de sil\u00edcio (SiC) de alta pureza. Como um semicondutor cr\u00edtico e material cer\u00e2mico, o SiC \u00e9 amplamente aplicado em eletr\u00f3nica de pot\u00eancia, dispositivos de alta temperatura, materiais resistentes ao desgaste e componentes \u00f3pticos.<\/p>","protected":false},"featured_media":1984,"comment_status":"open","ping_status":"closed","template":"","meta":{"site-sidebar-layout":"default","site-content-layout":"","ast-site-content-layout":"default","site-content-style":"default","site-sidebar-style":"default","ast-global-header-display":"","ast-banner-title-visibility":"","ast-main-header-display":"","ast-hfb-above-header-display":"","ast-hfb-below-header-display":"","ast-hfb-mobile-header-display":"","site-post-title":"","ast-breadcrumbs-content":"","ast-featured-img":"","footer-sml-layout":"","ast-disable-related-posts":"","theme-transparent-header-meta":"default","adv-header-id-meta":"","stick-header-meta":"default","header-above-stick-meta":"","header-main-stick-meta":"","header-below-stick-meta":"","astra-migrate-meta-layouts":"set","ast-page-background-enabled":"default","ast-page-background-meta":{"desktop":{"background-color":"var(--ast-global-color-4)","background-image":"","background-repeat":"repeat","background-position":"center center","background-size":"auto","background-attachment":"scroll","background-type":"","background-media":"","overlay-type":"","overlay-color":"","overlay-opacity":"","overlay-gradient":""},"tablet":{"background-color":"","background-image":"","background-repeat":"repeat","background-position":"center center","background-size":"auto","background-attachment":"scroll","background-type":"","background-media":"","overlay-type":"","overlay-color":"","overlay-opacity":"","overlay-gradient":""},"mobile":{"background-color":"","background-image":"","background-repeat":"repeat","background-position":"center center","background-size":"auto","background-attachment":"scroll","background-type":"","background-media":"","overlay-type":"","overlay-color":"","overlay-opacity":"","overlay-gradient":""}},"ast-content-background-meta":{"desktop":{"background-color":"var(--ast-global-color-5)","background-image":"","background-repeat":"repeat","background-position":"center center","background-size":"auto","background-attachment":"scroll","background-type":"","background-media":"","overlay-type":"","overlay-color":"","overlay-opacity":"","overlay-gradient":""},"tablet":{"background-color":"var(--ast-global-color-5)","background-image":"","background-repeat":"repeat","background-position":"center center","background-size":"auto","background-attachment":"scroll","background-type":"","background-media":"","overlay-type":"","overlay-color":"","overlay-opacity":"","overlay-gradient":""},"mobile":{"background-color":"var(--ast-global-color-5)","background-image":"","background-repeat":"repeat","background-position":"center center","background-size":"auto","background-attachment":"scroll","background-type":"","background-media":"","overlay-type":"","overlay-color":"","overlay-opacity":"","overlay-gradient":""}}},"product_brand":[],"product_cat":[15],"product_tag":[489,504,506,492,496,500,499,505,498,495,507,494,493,501,490,503,491,486,502,497,508],"class_list":{"0":"post-1981","1":"product","2":"type-product","3":"status-publish","4":"has-post-thumbnail","6":"product_cat-crystal-growth-furnace","7":"product_tag-50kg-sic-raw-material-synthesis-furnace","8":"product_tag-crystal-growth","9":"product_tag-furnace-automation","10":"product_tag-high-purity-sic","11":"product_tag-high-temperature-devices","12":"product_tag-high-temperature-furnace","13":"product_tag-induction-heating-furnace","14":"product_tag-industrial-sic-production","15":"product_tag-optical-devices","16":"product_tag-power-electronics","17":"product_tag-pressure-control","18":"product_tag-semiconductor-materials","19":"product_tag-sic-crystal-preparation","20":"product_tag-sic-powder-production","21":"product_tag-sic-raw-material-furnace","22":"product_tag-sic-single-crystal","23":"product_tag-silicon-carbide-synthesis-furnace","24":"product_tag-temperature-control","25":"product_tag-ultra-pure-sic","26":"product_tag-wear-resistant-materials","27":"product_tag-zmsh-equipment","28":"desktop-align-left","29":"tablet-align-left","30":"mobile-align-left","31":"ast-product-gallery-layout-horizontal-slider","32":"ast-product-tabs-layout-horizontal","34":"first","35":"instock","36":"shipping-taxable","37":"product-type-simple"},"_links":{"self":[{"href":"https:\/\/www.zmsh-semitech.com\/pt\/wp-json\/wp\/v2\/product\/1981","targetHints":{"allow":["GET"]}}],"collection":[{"href":"https:\/\/www.zmsh-semitech.com\/pt\/wp-json\/wp\/v2\/product"}],"about":[{"href":"https:\/\/www.zmsh-semitech.com\/pt\/wp-json\/wp\/v2\/types\/product"}],"replies":[{"embeddable":true,"href":"https:\/\/www.zmsh-semitech.com\/pt\/wp-json\/wp\/v2\/comments?post=1981"}],"version-history":[{"count":3,"href":"https:\/\/www.zmsh-semitech.com\/pt\/wp-json\/wp\/v2\/product\/1981\/revisions"}],"predecessor-version":[{"id":1992,"href":"https:\/\/www.zmsh-semitech.com\/pt\/wp-json\/wp\/v2\/product\/1981\/revisions\/1992"}],"wp:featuredmedia":[{"embeddable":true,"href":"https:\/\/www.zmsh-semitech.com\/pt\/wp-json\/wp\/v2\/media\/1984"}],"wp:attachment":[{"href":"https:\/\/www.zmsh-semitech.com\/pt\/wp-json\/wp\/v2\/media?parent=1981"}],"wp:term":[{"taxonomy":"product_brand","embeddable":true,"href":"https:\/\/www.zmsh-semitech.com\/pt\/wp-json\/wp\/v2\/product_brand?post=1981"},{"taxonomy":"product_cat","embeddable":true,"href":"https:\/\/www.zmsh-semitech.com\/pt\/wp-json\/wp\/v2\/product_cat?post=1981"},{"taxonomy":"product_tag","embeddable":true,"href":"https:\/\/www.zmsh-semitech.com\/pt\/wp-json\/wp\/v2\/product_tag?post=1981"}],"curies":[{"name":"wp","href":"https:\/\/api.w.org\/{rel}","templated":true}]}}