{"id":1753,"date":"2026-01-23T02:18:28","date_gmt":"2026-01-23T02:18:28","guid":{"rendered":"https:\/\/www.zmsh-semitech.com\/?post_type=product&#038;p=1753"},"modified":"2026-01-23T02:18:28","modified_gmt":"2026-01-23T02:18:28","slug":"sapphire-crystal-growth-furnace-for-80-400-kg-crystals-using-the-kyropoulos-ky-method","status":"publish","type":"product","link":"https:\/\/www.zmsh-semitech.com\/pt\/product\/sapphire-crystal-growth-furnace-for-80-400-kg-crystals-using-the-kyropoulos-ky-method\/","title":{"rendered":"Forno de crescimento de cristais de safira para cristais de 80-400 kg utilizando o m\u00e9todo Kyropoulos (KY)"},"content":{"rendered":"<h2 data-start=\"286\" data-end=\"309\">Vis\u00e3o geral do produto<img fetchpriority=\"high\" decoding=\"async\" class=\"size-medium wp-image-1757 alignright\" src=\"https:\/\/www.zmsh-semitech.com\/wp-content\/uploads\/2026\/01\/pl203679978-sapphire_crystal_growth_furnace_80_400kg_by_the_kyropoulos_method_ky5-300x300.jpg\" alt=\"\" width=\"300\" height=\"300\" srcset=\"https:\/\/www.zmsh-semitech.com\/wp-content\/uploads\/2026\/01\/pl203679978-sapphire_crystal_growth_furnace_80_400kg_by_the_kyropoulos_method_ky5-300x300.jpg 300w, https:\/\/www.zmsh-semitech.com\/wp-content\/uploads\/2026\/01\/pl203679978-sapphire_crystal_growth_furnace_80_400kg_by_the_kyropoulos_method_ky5-150x150.jpg 150w, https:\/\/www.zmsh-semitech.com\/wp-content\/uploads\/2026\/01\/pl203679978-sapphire_crystal_growth_furnace_80_400kg_by_the_kyropoulos_method_ky5-100x100.jpg 100w, https:\/\/www.zmsh-semitech.com\/wp-content\/uploads\/2026\/01\/pl203679978-sapphire_crystal_growth_furnace_80_400kg_by_the_kyropoulos_method_ky5.jpg 540w\" sizes=\"(max-width: 300px) 100vw, 300px\" \/><\/h2>\n<p data-start=\"311\" data-end=\"563\">O forno de crescimento de cristais de safira ZMSH KY \u00e9 um sistema de crescimento de cristais a alta temperatura concebido para a produ\u00e7\u00e3o de cristais \u00fanicos de safira de grandes dimens\u00f5es, suportando pesos de cristais de 80 kg a 400 kg utilizando o m\u00e9todo de crescimento Kyropoulos (KY).<\/p>\n<p data-start=\"565\" data-end=\"963\">O forno est\u00e1 optimizado para a solidifica\u00e7\u00e3o controlada da safira em condi\u00e7\u00f5es de baixa tens\u00e3o t\u00e9rmica. Combinando a conce\u00e7\u00e3o de um campo t\u00e9rmico est\u00e1vel, a regula\u00e7\u00e3o precisa da temperatura e o controlo do v\u00e1cuo ultra-elevado e da atmosfera de g\u00e1s, o sistema permite o crescimento de monocristais de safira de alta qualidade e com poucos defeitos, adequados para aplica\u00e7\u00f5es de semicondutores, \u00f3pticas e industriais avan\u00e7adas.<\/p>\n<p data-start=\"965\" data-end=\"1187\">Em compara\u00e7\u00e3o com os sistemas convencionais de crescimento Czochralski (CZ), o m\u00e9todo KY reduz significativamente a tens\u00e3o interna e a densidade de desloca\u00e7\u00e3o, tornando-o mais adequado para a produ\u00e7\u00e3o de cristais de safira de grande di\u00e2metro e espessura.<\/p>\n<h2 data-start=\"1194\" data-end=\"1229\">Tecnologia de crescimento Kyropoulos<\/h2>\n<p data-start=\"1231\" data-end=\"1402\">O m\u00e9todo Kyropoulos permite que os cristais de safira cres\u00e7am lentamente dentro da massa fundida com um m\u00ednimo de tra\u00e7\u00e3o mec\u00e2nica. O cristal permanece largamente suportado pela flutuabilidade, permitindo:<\/p>\n<ul data-start=\"1404\" data-end=\"1504\">\n<li data-start=\"1404\" data-end=\"1431\">\n<p data-start=\"1406\" data-end=\"1431\">Gradientes t\u00e9rmicos mais baixos<\/p>\n<\/li>\n<li data-start=\"1432\" data-end=\"1461\">\n<p data-start=\"1434\" data-end=\"1461\">Redu\u00e7\u00e3o das tens\u00f5es mec\u00e2nicas<\/p>\n<\/li>\n<li data-start=\"1462\" data-end=\"1504\">\n<p data-start=\"1464\" data-end=\"1504\">Melhoria da uniformidade estrutural dos cristais<\/p>\n<\/li>\n<\/ul>\n<p data-start=\"1506\" data-end=\"1646\">Esta abordagem de crescimento \u00e9 particularmente eficaz para produzir boules de safira grandes e espessos com propriedades \u00f3pticas e mec\u00e2nicas est\u00e1veis.<\/p>\n<h2 data-start=\"1653\" data-end=\"1685\">Capacidade de crescimento de cristais<\/h2>\n<ul data-start=\"1687\" data-end=\"1836\">\n<li data-start=\"1687\" data-end=\"1724\">\n<p data-start=\"1689\" data-end=\"1724\">Gama de peso do cristal: 80-400 kg<\/p>\n<\/li>\n<li data-start=\"1725\" data-end=\"1758\">\n<p data-start=\"1727\" data-end=\"1758\">Di\u00e2metro do cristal: 10-500 mm<\/p>\n<\/li>\n<li data-start=\"1759\" data-end=\"1793\">\n<p data-start=\"1761\" data-end=\"1793\">Espessura do cristal: 50-300 mm<\/p>\n<\/li>\n<li data-start=\"1794\" data-end=\"1836\">\n<p data-start=\"1796\" data-end=\"1836\">Taxa de crescimento: 0,1-5 mm\/h (ajust\u00e1vel)<\/p>\n<\/li>\n<\/ul>\n<p data-start=\"1838\" data-end=\"1968\">A configura\u00e7\u00e3o do forno pode ser personalizada para atender a metas espec\u00edficas de tamanho de cristal e requisitos de wafer ou componente a jusante.<\/p>\n<h2 data-start=\"1975\" data-end=\"2006\">Principais vantagens t\u00e9cnicas<\/h2>\n<h3 data-start=\"2008\" data-end=\"2044\">Controlo est\u00e1vel do campo t\u00e9rmico<\/h3>\n<p data-start=\"2045\" data-end=\"2272\"><img decoding=\"async\" class=\"size-medium wp-image-1756 alignleft\" src=\"https:\/\/www.zmsh-semitech.com\/wp-content\/uploads\/2026\/01\/pl203679971-sapphire_crystal_growth_furnace_80_400kg_by_the_kyropoulos_method_ky4-300x300.jpg\" alt=\"\" width=\"300\" height=\"300\" srcset=\"https:\/\/www.zmsh-semitech.com\/wp-content\/uploads\/2026\/01\/pl203679971-sapphire_crystal_growth_furnace_80_400kg_by_the_kyropoulos_method_ky4-300x300.jpg 300w, https:\/\/www.zmsh-semitech.com\/wp-content\/uploads\/2026\/01\/pl203679971-sapphire_crystal_growth_furnace_80_400kg_by_the_kyropoulos_method_ky4-150x150.jpg 150w, https:\/\/www.zmsh-semitech.com\/wp-content\/uploads\/2026\/01\/pl203679971-sapphire_crystal_growth_furnace_80_400kg_by_the_kyropoulos_method_ky4-100x100.jpg 100w, https:\/\/www.zmsh-semitech.com\/wp-content\/uploads\/2026\/01\/pl203679971-sapphire_crystal_growth_furnace_80_400kg_by_the_kyropoulos_method_ky4.jpg 540w\" sizes=\"(max-width: 300px) 100vw, 300px\" \/>O forno emprega um design de campo t\u00e9rmico bem equilibrado com regula\u00e7\u00e3o de temperatura de alta precis\u00e3o. A estabilidade da temperatura na zona de crescimento ajuda a suprimir o stress t\u00e9rmico, a minimizar o risco de fissura\u00e7\u00e3o e a melhorar o rendimento dos cristais.<\/p>\n<h3 data-start=\"2274\" data-end=\"2312\">Ambiente de crescimento de alta pureza<\/h3>\n<p data-start=\"2313\" data-end=\"2505\">O funcionamento sob v\u00e1cuo ultra-elevado (\u22641\u00d710-\u2076 Pa) e uma atmosfera controlada de g\u00e1s \u00e1rgon\/hidrog\u00e9nio garantem baixos n\u00edveis de contamina\u00e7\u00e3o e condi\u00e7\u00f5es de fus\u00e3o est\u00e1veis durante longos ciclos de crescimento.<\/p>\n<h3 data-start=\"2507\" data-end=\"2549\">Processo de crescimento de cristais sem contacto<\/h3>\n<p data-start=\"2550\" data-end=\"2700\">O m\u00e9todo KY minimiza a intera\u00e7\u00e3o mec\u00e2nica entre o cristal de semente e o sistema de tra\u00e7\u00e3o, reduzindo o risco de contamina\u00e7\u00e3o e defeitos estruturais.<\/p>\n<h3 data-start=\"2702\" data-end=\"2736\">Design industrial escal\u00e1vel<\/h3>\n<p data-start=\"2737\" data-end=\"2900\">O sistema suporta o crescimento de cristais de safira em m\u00e9dia e grande escala e pode ser adaptado a diferentes tamanhos de cristais atrav\u00e9s da configura\u00e7\u00e3o modular do forno.<\/p>\n<h2 data-start=\"2907\" data-end=\"2934\">Aplica\u00e7\u00f5es t\u00edpicas<\/h2>\n<ul data-start=\"2936\" data-end=\"3162\">\n<li data-start=\"2936\" data-end=\"2988\">\n<p data-start=\"2938\" data-end=\"2988\">Substratos de safira para processamento de semicondutores<\/p>\n<\/li>\n<li data-start=\"2989\" data-end=\"3029\">\n<p data-start=\"2991\" data-end=\"3029\">Janelas \u00f3pticas e componentes laser<\/p>\n<\/li>\n<li data-start=\"3030\" data-end=\"3066\">\n<p data-start=\"3032\" data-end=\"3066\">LED e materiais optoelectr\u00f3nicos<\/p>\n<\/li>\n<li data-start=\"3067\" data-end=\"3116\">\n<p data-start=\"3069\" data-end=\"3116\">Sistemas \u00f3pticos de infravermelhos e de alta temperatura<\/p>\n<\/li>\n<li data-start=\"3117\" data-end=\"3162\">\n<p data-start=\"3119\" data-end=\"3162\">Janelas de prote\u00e7\u00e3o para ambientes agressivos<\/p>\n<\/li>\n<\/ul>\n<h2 data-start=\"3169\" data-end=\"3200\">Especifica\u00e7\u00f5es t\u00e9cnicas<\/h2>\n<h3 data-start=\"3202\" data-end=\"3236\">Par\u00e2metros gerais do forno<\/h3>\n<div class=\"TyagGW_tableContainer\">\n<div class=\"group TyagGW_tableWrapper flex flex-col-reverse w-fit\" tabindex=\"-1\">\n<table class=\"w-fit min-w-(--thread-content-width)\" data-start=\"3238\" data-end=\"3788\">\n<thead data-start=\"3238\" data-end=\"3262\">\n<tr data-start=\"3238\" data-end=\"3262\">\n<th data-start=\"3238\" data-end=\"3245\" data-col-size=\"sm\">Item<\/th>\n<th data-start=\"3245\" data-end=\"3262\" data-col-size=\"sm\">Especifica\u00e7\u00e3o<\/th>\n<\/tr>\n<\/thead>\n<tbody data-start=\"3288\" data-end=\"3788\">\n<tr data-start=\"3288\" data-end=\"3323\">\n<td data-start=\"3288\" data-end=\"3304\" data-col-size=\"sm\">M\u00e9todo de crescimento<\/td>\n<td data-start=\"3304\" data-end=\"3323\" data-col-size=\"sm\">Kyropoulos (KY)<\/td>\n<\/tr>\n<tr data-start=\"3324\" data-end=\"3360\">\n<td data-start=\"3324\" data-end=\"3347\" data-col-size=\"sm\">Gama de peso do cristal<\/td>\n<td data-start=\"3347\" data-end=\"3360\" data-col-size=\"sm\">80-400 kg<\/td>\n<\/tr>\n<tr data-start=\"3361\" data-end=\"3399\">\n<td data-start=\"3361\" data-end=\"3386\" data-col-size=\"sm\">Gama de di\u00e2metros de cristal<\/td>\n<td data-start=\"3386\" data-end=\"3399\" data-col-size=\"sm\">10-500 mm<\/td>\n<\/tr>\n<tr data-start=\"3400\" data-end=\"3439\">\n<td data-start=\"3400\" data-end=\"3426\" data-col-size=\"sm\">Gama de espessuras de cristal<\/td>\n<td data-start=\"3426\" data-end=\"3439\" data-col-size=\"sm\">50-300 mm<\/td>\n<\/tr>\n<tr data-start=\"3440\" data-end=\"3468\">\n<td data-start=\"3440\" data-end=\"3454\" data-col-size=\"sm\">Taxa de crescimento<\/td>\n<td data-start=\"3454\" data-end=\"3468\" data-col-size=\"sm\">0,1-5 mm\/h<\/td>\n<\/tr>\n<tr data-start=\"3469\" data-end=\"3512\">\n<td data-start=\"3469\" data-end=\"3497\" data-col-size=\"sm\">Gama de temperaturas de aquecimento<\/td>\n<td data-start=\"3497\" data-end=\"3512\" data-col-size=\"sm\">2000-2200\u00b0C<\/td>\n<\/tr>\n<tr data-start=\"3513\" data-end=\"3569\">\n<td data-start=\"3513\" data-end=\"3530\" data-col-size=\"sm\">Sistema de aquecimento<\/td>\n<td data-start=\"3530\" data-end=\"3569\" data-col-size=\"sm\">Aquecimento por resist\u00eancia a alta temperatura<\/td>\n<\/tr>\n<tr data-start=\"3570\" data-end=\"3605\">\n<td data-start=\"3570\" data-end=\"3586\" data-col-size=\"sm\">Tipo de cadinho<\/td>\n<td data-start=\"3586\" data-end=\"3605\" data-col-size=\"sm\">Cadinho de quartzo<\/td>\n<\/tr>\n<tr data-start=\"3606\" data-end=\"3651\">\n<td data-start=\"3606\" data-end=\"3623\" data-col-size=\"sm\">Atmosfera de g\u00e1s<\/td>\n<td data-start=\"3623\" data-end=\"3651\" data-col-size=\"sm\">Mistura de \u00e1rgon \/ hidrog\u00e9nio<\/td>\n<\/tr>\n<tr data-start=\"3652\" data-end=\"3683\">\n<td data-start=\"3652\" data-end=\"3667\" data-col-size=\"sm\">N\u00edvel de v\u00e1cuo<\/td>\n<td data-start=\"3667\" data-end=\"3683\" data-col-size=\"sm\">\u22641 \u00d7 10-\u2076 Pa<\/td>\n<\/tr>\n<tr data-start=\"3684\" data-end=\"3737\">\n<td data-start=\"3684\" data-end=\"3705\" data-col-size=\"sm\">Dimens\u00f5es do forno<\/td>\n<td data-start=\"3705\" data-end=\"3737\" data-col-size=\"sm\">Aprox. 1200 \u00d7 800 \u00d7 1500 mm<\/td>\n<\/tr>\n<tr data-start=\"3738\" data-end=\"3788\">\n<td data-start=\"3738\" data-end=\"3753\" data-col-size=\"sm\">Fonte de alimenta\u00e7\u00e3o<\/td>\n<td data-start=\"3753\" data-end=\"3788\" data-col-size=\"sm\">Sistema AC industrial de alta pot\u00eancia<\/td>\n<\/tr>\n<\/tbody>\n<\/table>\n<\/div>\n<\/div>\n<h2 data-start=\"3795\" data-end=\"3842\">Qualidade do cristal e desempenho do material<\/h2>\n<p data-start=\"3844\" data-end=\"3906\">Os cristais de safira cultivados no forno ZMSH KY apresentam:<\/p>\n<ul data-start=\"3908\" data-end=\"4080\">\n<li data-start=\"3908\" data-end=\"3966\">\n<p data-start=\"3910\" data-end=\"3966\">Elevada transpar\u00eancia \u00f3tica numa vasta gama espetral<\/p>\n<\/li>\n<li data-start=\"3967\" data-end=\"4024\">\n<p data-start=\"3969\" data-end=\"4024\">Baixa densidade de desloca\u00e7\u00e3o e estrutura cristalina uniforme<\/p>\n<\/li>\n<li data-start=\"4025\" data-end=\"4080\">\n<p data-start=\"4027\" data-end=\"4080\">Excelente estabilidade t\u00e9rmica e resist\u00eancia mec\u00e2nica<\/p>\n<\/li>\n<\/ul>\n<p data-start=\"4082\" data-end=\"4215\">Estas propriedades tornam os cristais adequados para aplica\u00e7\u00f5es \u00f3pticas e electr\u00f3nicas de elevado desempenho que exigem fiabilidade a longo prazo.<\/p>\n<h2 data-start=\"4222\" data-end=\"4251\">Fiabilidade industrial<\/h2>\n<p data-start=\"4253\" data-end=\"4502\">O forno foi concebido para ciclos de crescimento de longa dura\u00e7\u00e3o e funcionamento industrial cont\u00ednuo. A estrutura mec\u00e2nica robusta, os sistemas de controlo est\u00e1veis e o manuseamento fi\u00e1vel do v\u00e1cuo e do g\u00e1s garantem um desempenho consistente em v\u00e1rios ciclos de produ\u00e7\u00e3o.<\/p>\n<h2 data-start=\"4509\" data-end=\"4541\">ZMSH Servi\u00e7os de Engenharia<\/h2>\n<p data-start=\"4543\" data-end=\"4600\">A ZMSH fornece suporte t\u00e9cnico abrangente, incluindo:<\/p>\n<ul data-start=\"4602\" data-end=\"4820\">\n<li data-start=\"4602\" data-end=\"4684\">\n<p data-start=\"4604\" data-end=\"4684\">Configura\u00e7\u00e3o personalizada do forno com base no tamanho do cristal e na capacidade de produ\u00e7\u00e3o<\/p>\n<\/li>\n<li data-start=\"4685\" data-end=\"4727\">\n<p data-start=\"4687\" data-end=\"4727\">Instala\u00e7\u00e3o e coloca\u00e7\u00e3o em funcionamento no local<\/p>\n<\/li>\n<li data-start=\"4728\" data-end=\"4770\">\n<p data-start=\"4730\" data-end=\"4770\">Forma\u00e7\u00e3o de operadores e orienta\u00e7\u00e3o de processos<\/p>\n<\/li>\n<li data-start=\"4771\" data-end=\"4820\">\n<p data-start=\"4773\" data-end=\"4820\">Manuten\u00e7\u00e3o a longo prazo e servi\u00e7o p\u00f3s-venda<\/p>\n<\/li>\n<\/ul>\n<p data-start=\"4822\" data-end=\"4963\">A nossa equipa de engenharia trabalha em estreita colabora\u00e7\u00e3o com os clientes para otimizar os processos de crescimento da safira e garantir um desempenho de produ\u00e7\u00e3o est\u00e1vel e repet\u00edvel.<\/p>\n<h2 data-start=\"4970\" data-end=\"4980\">FAQ<img decoding=\"async\" class=\"size-medium wp-image-1755 alignright\" src=\"https:\/\/www.zmsh-semitech.com\/wp-content\/uploads\/2026\/01\/pl203679970-sapphire_crystal_growth_furnace_80_400kg_by_the_kyropoulos_method_ky-300x300.jpg\" alt=\"\" width=\"300\" height=\"300\" srcset=\"https:\/\/www.zmsh-semitech.com\/wp-content\/uploads\/2026\/01\/pl203679970-sapphire_crystal_growth_furnace_80_400kg_by_the_kyropoulos_method_ky-300x300.jpg 300w, https:\/\/www.zmsh-semitech.com\/wp-content\/uploads\/2026\/01\/pl203679970-sapphire_crystal_growth_furnace_80_400kg_by_the_kyropoulos_method_ky-150x150.jpg 150w, https:\/\/www.zmsh-semitech.com\/wp-content\/uploads\/2026\/01\/pl203679970-sapphire_crystal_growth_furnace_80_400kg_by_the_kyropoulos_method_ky-100x100.jpg 100w, https:\/\/www.zmsh-semitech.com\/wp-content\/uploads\/2026\/01\/pl203679970-sapphire_crystal_growth_furnace_80_400kg_by_the_kyropoulos_method_ky.jpg 540w\" sizes=\"(max-width: 300px) 100vw, 300px\" \/><\/h2>\n<p data-start=\"4982\" data-end=\"5259\">Q1: Que vantagens oferece o m\u00e9todo KY em compara\u00e7\u00e3o com o m\u00e9todo CZ?<br data-start=\"5059\" data-end=\"5062\" \/>R: O m\u00e9todo KY produz uma tens\u00e3o t\u00e9rmica mais baixa e uma densidade de desloca\u00e7\u00e3o reduzida, tornando-o mais adequado para o crescimento de cristais de safira de grande di\u00e2metro e espessura, em compara\u00e7\u00e3o com os processos CZ convencionais.<\/p>\n<p data-start=\"5266\" data-end=\"5487\">Q2: Que tamanhos de cristais podem ser produzidos com este forno?<br data-start=\"5327\" data-end=\"5330\" \/>R: O sistema suporta o crescimento de cristais de safira de 80 kg a 400 kg, com di\u00e2metros at\u00e9 500 mm e espessuras at\u00e9 300 mm, dependendo da configura\u00e7\u00e3o.<\/p>\n<p data-start=\"5494\" data-end=\"5746\">Q3: O forno \u00e9 adequado para a produ\u00e7\u00e3o de safira \u00e0 escala industrial?<br data-start=\"5567\" data-end=\"5570\" \/>R: Sim. O forno foi concebido para funcionamento industrial com controlo t\u00e9rmico est\u00e1vel, sistemas de v\u00e1cuo e de g\u00e1s fi\u00e1veis e qualidade de cristal consistente ao longo de ciclos de crescimento prolongados.<\/p>","protected":false},"excerpt":{"rendered":"<p>Forno de crescimento de cristais de safira concebido para a produ\u00e7\u00e3o de boules de grande di\u00e2metro com controlo t\u00e9rmico est\u00e1vel para cristais de safira \u00f3pticos e de grau LED.<\/p>","protected":false},"featured_media":1754,"comment_status":"open","ping_status":"closed","template":"","meta":{"site-sidebar-layout":"default","site-content-layout":"","ast-site-content-layout":"default","site-content-style":"default","site-sidebar-style":"default","ast-global-header-display":"","ast-banner-title-visibility":"","ast-main-header-display":"","ast-hfb-above-header-display":"","ast-hfb-below-header-display":"","ast-hfb-mobile-header-display":"","site-post-title":"","ast-breadcrumbs-content":"","ast-featured-img":"","footer-sml-layout":"","ast-disable-related-posts":"","theme-transparent-header-meta":"default","adv-header-id-meta":"","stick-header-meta":"default","header-above-stick-meta":"","header-main-stick-meta":"","header-below-stick-meta":"","astra-migrate-meta-layouts":"set","ast-page-background-enabled":"default","ast-page-background-meta":{"desktop":{"background-color":"var(--ast-global-color-4)","background-image":"","background-repeat":"repeat","background-position":"center center","background-size":"auto","background-attachment":"scroll","background-type":"","background-media":"","overlay-type":"","overlay-color":"","overlay-opacity":"","overlay-gradient":""},"tablet":{"background-color":"","background-image":"","background-repeat":"repeat","background-position":"center center","background-size":"auto","background-attachment":"scroll","background-type":"","background-media":"","overlay-type":"","overlay-color":"","overlay-opacity":"","overlay-gradient":""},"mobile":{"background-color":"","background-image":"","background-repeat":"repeat","background-position":"center center","background-size":"auto","background-attachment":"scroll","background-type":"","background-media":"","overlay-type":"","overlay-color":"","overlay-opacity":"","overlay-gradient":""}},"ast-content-background-meta":{"desktop":{"background-color":"var(--ast-global-color-5)","background-image":"","background-repeat":"repeat","background-position":"center center","background-size":"auto","background-attachment":"scroll","background-type":"","background-media":"","overlay-type":"","overlay-color":"","overlay-opacity":"","overlay-gradient":""},"tablet":{"background-color":"var(--ast-global-color-5)","background-image":"","background-repeat":"repeat","background-position":"center center","background-size":"auto","background-attachment":"scroll","background-type":"","background-media":"","overlay-type":"","overlay-color":"","overlay-opacity":"","overlay-gradient":""},"mobile":{"background-color":"var(--ast-global-color-5)","background-image":"","background-repeat":"repeat","background-position":"center center","background-size":"auto","background-attachment":"scroll","background-type":"","background-media":"","overlay-type":"","overlay-color":"","overlay-opacity":"","overlay-gradient":""}}},"product_brand":[],"product_cat":[15],"product_tag":[149,150,152,154,153,151],"class_list":{"0":"post-1753","1":"product","2":"type-product","3":"status-publish","4":"has-post-thumbnail","6":"product_cat-crystal-growth-furnace","7":"product_tag-ky-sapphire-growth-furnace","8":"product_tag-kyropoulos-sapphire-furnace","9":"product_tag-large-diameter-sapphire-crystal-furnace","10":"product_tag-optical-grade-sapphire-growth","11":"product_tag-sapphire-boule-growth-furnace","12":"product_tag-sapphire-crystal-growth-equipment","13":"desktop-align-left","14":"tablet-align-left","15":"mobile-align-left","16":"ast-product-gallery-layout-horizontal-slider","17":"ast-product-tabs-layout-horizontal","19":"first","20":"instock","21":"shipping-taxable","22":"product-type-simple"},"_links":{"self":[{"href":"https:\/\/www.zmsh-semitech.com\/pt\/wp-json\/wp\/v2\/product\/1753","targetHints":{"allow":["GET"]}}],"collection":[{"href":"https:\/\/www.zmsh-semitech.com\/pt\/wp-json\/wp\/v2\/product"}],"about":[{"href":"https:\/\/www.zmsh-semitech.com\/pt\/wp-json\/wp\/v2\/types\/product"}],"replies":[{"embeddable":true,"href":"https:\/\/www.zmsh-semitech.com\/pt\/wp-json\/wp\/v2\/comments?post=1753"}],"version-history":[{"count":2,"href":"https:\/\/www.zmsh-semitech.com\/pt\/wp-json\/wp\/v2\/product\/1753\/revisions"}],"predecessor-version":[{"id":1759,"href":"https:\/\/www.zmsh-semitech.com\/pt\/wp-json\/wp\/v2\/product\/1753\/revisions\/1759"}],"wp:featuredmedia":[{"embeddable":true,"href":"https:\/\/www.zmsh-semitech.com\/pt\/wp-json\/wp\/v2\/media\/1754"}],"wp:attachment":[{"href":"https:\/\/www.zmsh-semitech.com\/pt\/wp-json\/wp\/v2\/media?parent=1753"}],"wp:term":[{"taxonomy":"product_brand","embeddable":true,"href":"https:\/\/www.zmsh-semitech.com\/pt\/wp-json\/wp\/v2\/product_brand?post=1753"},{"taxonomy":"product_cat","embeddable":true,"href":"https:\/\/www.zmsh-semitech.com\/pt\/wp-json\/wp\/v2\/product_cat?post=1753"},{"taxonomy":"product_tag","embeddable":true,"href":"https:\/\/www.zmsh-semitech.com\/pt\/wp-json\/wp\/v2\/product_tag?post=1753"}],"curies":[{"name":"wp","href":"https:\/\/api.w.org\/{rel}","templated":true}]}}