{"id":1737,"date":"2026-01-23T01:45:47","date_gmt":"2026-01-23T01:45:47","guid":{"rendered":"https:\/\/www.zmsh-semitech.com\/?post_type=product&#038;p=1737"},"modified":"2026-01-23T01:47:36","modified_gmt":"2026-01-23T01:47:36","slug":"sic-single-crystal-resistance-heating-growth-furnace-for-6-inch-8-inch-and-12-inch-wafer-production-pvt-method","status":"publish","type":"product","link":"https:\/\/www.zmsh-semitech.com\/pt\/product\/sic-single-crystal-resistance-heating-growth-furnace-for-6-inch-8-inch-and-12-inch-wafer-production-pvt-method\/","title":{"rendered":"Forno de crescimento por aquecimento por resist\u00eancia de cristal \u00fanico de SiC para produ\u00e7\u00e3o de bolachas de 6, 8 e 12 polegadas (m\u00e9todo PVT)"},"content":{"rendered":"<h2 data-start=\"477\" data-end=\"500\">Vis\u00e3o geral do produto<\/h2>\n<p>&nbsp;<\/p>\n<p data-start=\"502\" data-end=\"769\">O forno de crescimento por aquecimento por resist\u00eancia de cristal \u00fanico ZMSH SiC \u00e9 um sistema de crescimento de cristais a alta temperatura especificamente concebido para a produ\u00e7\u00e3o de cristais \u00fanicos de carboneto de sil\u00edcio de grande di\u00e2metro, suportando o fabrico de bolachas de SiC de 6, 8 e 12 polegadas<\/p>\n<p><img fetchpriority=\"high\" decoding=\"async\" class=\"size-medium wp-image-1741 alignright\" src=\"https:\/\/www.zmsh-semitech.com\/wp-content\/uploads\/2026\/01\/pl204262693-sic_single_crystal_resistance_heating_crystal_growth_furnace_for_6inch_8inch_12inch_sic_wafers_manufacture-300x199.webp\" alt=\"\" width=\"300\" height=\"199\" srcset=\"https:\/\/www.zmsh-semitech.com\/wp-content\/uploads\/2026\/01\/pl204262693-sic_single_crystal_resistance_heating_crystal_growth_furnace_for_6inch_8inch_12inch_sic_wafers_manufacture-300x199.webp 300w, https:\/\/www.zmsh-semitech.com\/wp-content\/uploads\/2026\/01\/pl204262693-sic_single_crystal_resistance_heating_crystal_growth_furnace_for_6inch_8inch_12inch_sic_wafers_manufacture.webp 590w\" sizes=\"(max-width: 300px) 100vw, 300px\" \/><\/p>\n<p data-start=\"502\" data-end=\"769\">uring.<\/p>\n<p data-start=\"771\" data-end=\"1198\">O forno foi concebido com base no princ\u00edpio de crescimento de cristais por Transporte F\u00edsico de Vapor (PVT), integrando um controlo preciso do aquecimento por resist\u00eancia, uma distribui\u00e7\u00e3o est\u00e1vel do campo t\u00e9rmico, uma gest\u00e3o do ambiente de alto v\u00e1cuo e uma regula\u00e7\u00e3o precisa da press\u00e3o.<br data-start=\"1021\" data-end=\"1024\" \/>Esta configura\u00e7\u00e3o permite o crescimento de monocristais de SiC de elevada pureza e baixa densidade de defeitos, adequados para aplica\u00e7\u00f5es avan\u00e7adas de semicondutores de pot\u00eancia e dispositivos electr\u00f3nicos.<\/p>\n<p data-start=\"1200\" data-end=\"1400\">O sistema foi desenvolvido para satisfazer os requisitos da produ\u00e7\u00e3o industrial, garantindo a estabilidade do processo, a repetibilidade e a fiabilidade operacional a longo prazo em ambientes de crescimento de cristais de SiC em grande escala.<\/p>\n<p data-start=\"1200\" data-end=\"1400\">\n<h2 data-start=\"1407\" data-end=\"1441\">Principais capacidades t\u00e9cnicas<\/h2>\n<p>&nbsp;<\/p>\n<h3 data-start=\"1443\" data-end=\"1491\">Sistema de aquecimento por resist\u00eancia de alta estabilidade<\/h3>\n<p data-start=\"1492\" data-end=\"1742\">O forno adopta uma estrutura de aquecimento por resist\u00eancia multi-zona para obter uma distribui\u00e7\u00e3o uniforme da temperatura axial e radial. Isto minimiza os gradientes t\u00e9rmicos, reduz a tens\u00e3o interna e melhora a integridade estrutural dos cristais durante o processo de crescimento.<\/p>\n<h3 data-start=\"1744\" data-end=\"1790\">Controlo t\u00e9rmico e de press\u00e3o de precis\u00e3o<\/h3>\n<ul data-start=\"1791\" data-end=\"1929\">\n<li data-start=\"1791\" data-end=\"1839\">\n<p data-start=\"1793\" data-end=\"1839\">Temperatura m\u00e1xima de funcionamento at\u00e9 2500\u00b0C<\/p>\n<\/li>\n<li data-start=\"1840\" data-end=\"1880\">\n<p data-start=\"1842\" data-end=\"1880\">Precis\u00e3o do controlo da temperatura: \u00b11\u00b0C<\/p>\n<\/li>\n<li data-start=\"1881\" data-end=\"1929\">\n<p data-start=\"1883\" data-end=\"1929\">Ampla gama de regula\u00e7\u00e3o de press\u00e3o: 1-700 mbar<\/p>\n<\/li>\n<\/ul>\n<p data-start=\"1931\" data-end=\"2090\">Estes par\u00e2metros proporcionam um ambiente termodin\u00e2mico est\u00e1vel, essencial para a sublima\u00e7\u00e3o controlada, o transporte de vapor e a recristaliza\u00e7\u00e3o de cristais no crescimento do SiC.<\/p>\n<h3 data-start=\"2092\" data-end=\"2138\">Capacidade de crescimento de cristais de grande di\u00e2metro<\/h3>\n<p data-start=\"2139\" data-end=\"2348\">Com um cadinho de 900 mm de di\u00e2metro, o sistema suporta o crescimento de lingotes de SiC de 8 e 12 polegadas da pr\u00f3xima gera\u00e7\u00e3o, permitindo que os fabricantes aumentem a produ\u00e7\u00e3o e melhorem o rendimento e a consist\u00eancia das bolachas.<\/p>\n<h3 data-start=\"2350\" data-end=\"2388\">Ambiente de crescimento de alto v\u00e1cuo<\/h3>\n<p data-start=\"2389\" data-end=\"2551\">O forno mant\u00e9m uma c\u00e2mara de crescimento de baixo vazamento e alto v\u00e1cuo, garantindo menor risco de contamina\u00e7\u00e3o, maior pureza dos cristais e opera\u00e7\u00e3o est\u00e1vel de longa dura\u00e7\u00e3o.<\/p>\n<h2 data-start=\"2558\" data-end=\"2588\"><\/h2>\n<h2 data-start=\"2558\" data-end=\"2588\">Aplica\u00e7\u00f5es industriais<img decoding=\"async\" class=\"size-medium wp-image-1739 alignright\" src=\"https:\/\/www.zmsh-semitech.com\/wp-content\/uploads\/2026\/01\/pl204262670-sic_single_crystal_resistance_heating_crystal_growth_furnace_for_6inch_8inch_12inch_sic_wafers_manufacture-300x300.webp\" alt=\"\" width=\"300\" height=\"300\" srcset=\"https:\/\/www.zmsh-semitech.com\/wp-content\/uploads\/2026\/01\/pl204262670-sic_single_crystal_resistance_heating_crystal_growth_furnace_for_6inch_8inch_12inch_sic_wafers_manufacture-300x300.webp 300w, https:\/\/www.zmsh-semitech.com\/wp-content\/uploads\/2026\/01\/pl204262670-sic_single_crystal_resistance_heating_crystal_growth_furnace_for_6inch_8inch_12inch_sic_wafers_manufacture-150x150.webp 150w, https:\/\/www.zmsh-semitech.com\/wp-content\/uploads\/2026\/01\/pl204262670-sic_single_crystal_resistance_heating_crystal_growth_furnace_for_6inch_8inch_12inch_sic_wafers_manufacture-600x600.webp 600w, https:\/\/www.zmsh-semitech.com\/wp-content\/uploads\/2026\/01\/pl204262670-sic_single_crystal_resistance_heating_crystal_growth_furnace_for_6inch_8inch_12inch_sic_wafers_manufacture-100x100.webp 100w, https:\/\/www.zmsh-semitech.com\/wp-content\/uploads\/2026\/01\/pl204262670-sic_single_crystal_resistance_heating_crystal_growth_furnace_for_6inch_8inch_12inch_sic_wafers_manufacture.webp 607w\" sizes=\"(max-width: 300px) 100vw, 300px\" \/><\/h2>\n<p>&nbsp;<\/p>\n<ul data-start=\"2590\" data-end=\"2828\">\n<li data-start=\"2590\" data-end=\"2624\">\n<p data-start=\"2592\" data-end=\"2624\">Substratos de semicondutores de pot\u00eancia<\/p>\n<\/li>\n<li data-start=\"2625\" data-end=\"2659\">\n<p data-start=\"2627\" data-end=\"2659\">M\u00f3dulos de pot\u00eancia para ve\u00edculos el\u00e9ctricos<\/p>\n<\/li>\n<li data-start=\"2660\" data-end=\"2701\">\n<p data-start=\"2662\" data-end=\"2701\">Dispositivos MOSFET e d\u00edodos de alta tens\u00e3o<\/p>\n<\/li>\n<li data-start=\"2702\" data-end=\"2747\">\n<p data-start=\"2704\" data-end=\"2747\">Sistemas de convers\u00e3o de energia de energias renov\u00e1veis<\/p>\n<\/li>\n<li data-start=\"2748\" data-end=\"2795\">\n<p data-start=\"2750\" data-end=\"2795\">Componentes electr\u00f3nicos de alta frequ\u00eancia e de radiofrequ\u00eancia<\/p>\n<\/li>\n<li data-start=\"2796\" data-end=\"2828\">\n<p data-start=\"2798\" data-end=\"2828\">Eletr\u00f3nica de pot\u00eancia industrial<\/p>\n<\/li>\n<\/ul>\n<p>&nbsp;<\/p>\n<h2 data-start=\"2835\" data-end=\"2866\">Especifica\u00e7\u00f5es t\u00e9cnicas<\/h2>\n<p>&nbsp;<\/p>\n<div class=\"TyagGW_tableContainer\">\n<div class=\"group TyagGW_tableWrapper flex flex-col-reverse w-fit\" tabindex=\"-1\">\n<table class=\"w-fit min-w-(--thread-content-width)\" data-start=\"2868\" data-end=\"3773\">\n<thead data-start=\"2868\" data-end=\"2901\">\n<tr data-start=\"2868\" data-end=\"2901\">\n<th data-start=\"2868\" data-end=\"2874\" data-col-size=\"sm\">N\u00e3o.<\/th>\n<th data-start=\"2874\" data-end=\"2890\" data-col-size=\"sm\">Especifica\u00e7\u00e3o<\/th>\n<th data-start=\"2890\" data-end=\"2901\" data-col-size=\"md\">Detalhes<\/th>\n<\/tr>\n<\/thead>\n<tbody data-start=\"2936\" data-end=\"3773\">\n<tr data-start=\"2936\" data-end=\"2961\">\n<td data-start=\"2936\" data-end=\"2940\" data-col-size=\"sm\">1<\/td>\n<td data-start=\"2940\" data-end=\"2948\" data-col-size=\"sm\">Modelo<\/td>\n<td data-start=\"2948\" data-end=\"2961\" data-col-size=\"md\">PVT-RS-40<\/td>\n<\/tr>\n<tr data-start=\"2962\" data-end=\"3024\">\n<td data-start=\"2962\" data-end=\"2966\" data-col-size=\"sm\">2<\/td>\n<td data-start=\"2966\" data-end=\"2999\" data-col-size=\"sm\">Dimens\u00f5es do forno (C \u00d7 L \u00d7 A)<\/td>\n<td data-start=\"2999\" data-end=\"3024\" data-col-size=\"md\">2500 \u00d7 2400 \u00d7 3456 mm<\/td>\n<\/tr>\n<tr data-start=\"3025\" data-end=\"3059\">\n<td data-start=\"3025\" data-end=\"3029\" data-col-size=\"sm\">3<\/td>\n<td data-start=\"3029\" data-end=\"3049\" data-col-size=\"sm\">Di\u00e2metro do cadinho<\/td>\n<td data-start=\"3049\" data-end=\"3059\" data-col-size=\"md\">900 mm<\/td>\n<\/tr>\n<tr data-start=\"3060\" data-end=\"3127\">\n<td data-start=\"3060\" data-end=\"3064\" data-col-size=\"sm\">4<\/td>\n<td data-start=\"3064\" data-end=\"3091\" data-col-size=\"sm\">Press\u00e3o de v\u00e1cuo m\u00e1xima<\/td>\n<td data-start=\"3091\" data-end=\"3127\" data-col-size=\"md\">6 \u00d7 10-\u2074 Pa (ap\u00f3s 1,5 h de v\u00e1cuo)<\/td>\n<\/tr>\n<tr data-start=\"3128\" data-end=\"3174\">\n<td data-start=\"3128\" data-end=\"3132\" data-col-size=\"sm\">5<\/td>\n<td data-start=\"3132\" data-end=\"3147\" data-col-size=\"sm\">Taxa de fuga<\/td>\n<td data-start=\"3147\" data-end=\"3174\" data-col-size=\"md\">\u22645 Pa \/ 12 h (cozedura)<\/td>\n<\/tr>\n<tr data-start=\"3175\" data-end=\"3214\">\n<td data-start=\"3175\" data-end=\"3179\" data-col-size=\"sm\">6<\/td>\n<td data-start=\"3179\" data-end=\"3205\" data-col-size=\"sm\">Di\u00e2metro do eixo de rota\u00e7\u00e3o<\/td>\n<td data-start=\"3205\" data-end=\"3214\" data-col-size=\"md\">50 mm<\/td>\n<\/tr>\n<tr data-start=\"3215\" data-end=\"3249\">\n<td data-start=\"3215\" data-end=\"3219\" data-col-size=\"sm\">7<\/td>\n<td data-start=\"3219\" data-end=\"3236\" data-col-size=\"sm\">Velocidade de rota\u00e7\u00e3o<\/td>\n<td data-start=\"3236\" data-end=\"3249\" data-col-size=\"md\">0,5-5 rpm<\/td>\n<\/tr>\n<tr data-start=\"3250\" data-end=\"3302\">\n<td data-start=\"3250\" data-end=\"3254\" data-col-size=\"sm\">8<\/td>\n<td data-start=\"3254\" data-end=\"3271\" data-col-size=\"sm\">M\u00e9todo de aquecimento<\/td>\n<td data-start=\"3271\" data-end=\"3302\" data-col-size=\"md\">Aquecimento por resist\u00eancia el\u00e9ctrica<\/td>\n<\/tr>\n<tr data-start=\"3303\" data-end=\"3347\">\n<td data-start=\"3303\" data-end=\"3307\" data-col-size=\"sm\">9<\/td>\n<td data-start=\"3307\" data-end=\"3337\" data-col-size=\"sm\">Temperatura m\u00e1xima do forno<\/td>\n<td data-start=\"3337\" data-end=\"3347\" data-col-size=\"md\">2500\u00b0C<\/td>\n<\/tr>\n<tr data-start=\"3348\" data-end=\"3389\">\n<td data-start=\"3348\" data-end=\"3352\" data-col-size=\"sm\">10<\/td>\n<td data-start=\"3352\" data-end=\"3368\" data-col-size=\"sm\">Pot\u00eancia de aquecimento<\/td>\n<td data-start=\"3368\" data-end=\"3389\" data-col-size=\"md\">40 kW \u00d7 2 + 20 kW<\/td>\n<\/tr>\n<tr data-start=\"3390\" data-end=\"3453\">\n<td data-start=\"3390\" data-end=\"3394\" data-col-size=\"sm\">11<\/td>\n<td data-start=\"3394\" data-end=\"3420\" data-col-size=\"sm\">Medi\u00e7\u00e3o da temperatura<\/td>\n<td data-start=\"3420\" data-end=\"3453\" data-col-size=\"md\">Pir\u00f3metro de infravermelhos de duas cores<\/td>\n<\/tr>\n<tr data-start=\"3454\" data-end=\"3492\">\n<td data-start=\"3454\" data-end=\"3458\" data-col-size=\"sm\">12<\/td>\n<td data-start=\"3458\" data-end=\"3478\" data-col-size=\"sm\">Gama de temperaturas<\/td>\n<td data-start=\"3478\" data-end=\"3492\" data-col-size=\"md\">900-3000\u00b0C<\/td>\n<\/tr>\n<tr data-start=\"3493\" data-end=\"3528\">\n<td data-start=\"3493\" data-end=\"3497\" data-col-size=\"sm\">13<\/td>\n<td data-start=\"3497\" data-end=\"3520\" data-col-size=\"sm\">Precis\u00e3o da temperatura<\/td>\n<td data-start=\"3520\" data-end=\"3528\" data-col-size=\"md\">\u00b11\u00b0C<\/td>\n<\/tr>\n<tr data-start=\"3529\" data-end=\"3564\">\n<td data-start=\"3529\" data-end=\"3533\" data-col-size=\"sm\">14<\/td>\n<td data-start=\"3533\" data-end=\"3550\" data-col-size=\"sm\">Gama de press\u00e3o<\/td>\n<td data-start=\"3550\" data-end=\"3564\" data-col-size=\"md\">1-700 mbar<\/td>\n<\/tr>\n<tr data-start=\"3565\" data-end=\"3617\">\n<td data-start=\"3565\" data-end=\"3569\" data-col-size=\"sm\">15<\/td>\n<td data-start=\"3569\" data-end=\"3597\" data-col-size=\"sm\">Precis\u00e3o do controlo da press\u00e3o<\/td>\n<td data-start=\"3597\" data-end=\"3617\" data-col-size=\"md\">\u00b10,5% escala total<\/td>\n<\/tr>\n<tr data-start=\"3618\" data-end=\"3691\">\n<td data-start=\"3618\" data-end=\"3622\" data-col-size=\"sm\">16<\/td>\n<td data-start=\"3622\" data-end=\"3639\" data-col-size=\"sm\">Tipo de opera\u00e7\u00e3o<\/td>\n<td data-start=\"3639\" data-end=\"3691\" data-col-size=\"md\">Carregamento pelo fundo, modos de seguran\u00e7a manual ou autom\u00e1tico<\/td>\n<\/tr>\n<tr data-start=\"3692\" data-end=\"3773\">\n<td data-start=\"3692\" data-end=\"3696\" data-col-size=\"sm\">17<\/td>\n<td data-start=\"3696\" data-end=\"3722\" data-col-size=\"sm\">Configura\u00e7\u00f5es opcionais<\/td>\n<td data-start=\"3722\" data-end=\"3773\" data-col-size=\"md\">Aquecimento multi-zona, monitoriza\u00e7\u00e3o de temperatura dupla<\/td>\n<\/tr>\n<\/tbody>\n<\/table>\n<\/div>\n<\/div>\n<h2 data-start=\"3780\" data-end=\"3813\"><\/h2>\n<h2 data-start=\"3780\" data-end=\"3813\">Desempenho do crescimento de cristais<\/h2>\n<p>&nbsp;<\/p>\n<p data-start=\"3815\" data-end=\"3894\">O sistema permite a produ\u00e7\u00e3o de monocristais de SiC de alta qualidade com:<\/p>\n<ul data-start=\"3896\" data-end=\"4036\">\n<li data-start=\"3896\" data-end=\"3923\">\n<p data-start=\"3898\" data-end=\"3923\">Baixa densidade de desloca\u00e7\u00e3o<\/p>\n<\/li>\n<li data-start=\"3924\" data-end=\"3954\">\n<p data-start=\"3926\" data-end=\"3954\">Elevada uniformidade estrutural<\/p>\n<\/li>\n<li data-start=\"3955\" data-end=\"3987\">\n<p data-start=\"3957\" data-end=\"3987\">Propriedades el\u00e9ctricas est\u00e1veis<\/p>\n<\/li>\n<li data-start=\"3988\" data-end=\"4036\">\n<p data-start=\"3990\" data-end=\"4036\">Excelente desempenho t\u00e9rmico e mec\u00e2nico<\/p>\n<\/li>\n<\/ul>\n<p data-start=\"4038\" data-end=\"4178\">Estas carater\u00edsticas s\u00e3o cr\u00edticas para os wafers de semicondutores utilizados no fabrico de dispositivos de alta pot\u00eancia, alta tens\u00e3o e alta frequ\u00eancia.<\/p>\n<p data-start=\"4038\" data-end=\"4178\">\n<h2 data-start=\"4185\" data-end=\"4217\">ZMSH Servi\u00e7os de Engenharia<\/h2>\n<p>&nbsp;<\/p>\n<h3 data-start=\"4219\" data-end=\"4254\">Configura\u00e7\u00e3o personalizada do sistema<\/h3>\n<p data-start=\"4255\" data-end=\"4405\">A estrutura do forno, as zonas de aquecimento, os sistemas de controlo e as dimens\u00f5es da c\u00e2mara podem ser personalizados de acordo com a escala de produ\u00e7\u00e3o e os requisitos de tamanho da bolacha.<\/p>\n<h3 data-start=\"4407\" data-end=\"4445\">Instala\u00e7\u00e3o e coloca\u00e7\u00e3o em funcionamento<\/h3>\n<p data-start=\"4446\" data-end=\"4564\">A instala\u00e7\u00e3o, calibra\u00e7\u00e3o e verifica\u00e7\u00e3o operacional do sistema no local s\u00e3o fornecidas por equipas de engenharia profissionais.<\/p>\n<h3 data-start=\"4566\" data-end=\"4592\">Forma\u00e7\u00e3o t\u00e9cnica<\/h3>\n<p data-start=\"4593\" data-end=\"4699\">Os programas de forma\u00e7\u00e3o de operadores incluem o funcionamento do equipamento, o controlo do processo, a manuten\u00e7\u00e3o e o diagn\u00f3stico de falhas.<\/p>\n<h3 data-start=\"4701\" data-end=\"4726\">Apoio a longo prazo<\/h3>\n<p data-start=\"4727\" data-end=\"4835\">O apoio t\u00e9cnico ao longo do ciclo de vida, os servi\u00e7os de manuten\u00e7\u00e3o e o fornecimento de pe\u00e7as sobresselentes garantem um funcionamento est\u00e1vel a longo prazo.<\/p>\n<h2 data-start=\"4842\" data-end=\"4852\"><\/h2>\n<h2 data-start=\"4842\" data-end=\"4852\">FAQ<\/h2>\n<p>&nbsp;<\/p>\n<p data-start=\"4854\" data-end=\"5148\">Q1: Qual \u00e9 o m\u00e9todo de crescimento de cristais utilizado por este forno?<br data-start=\"4911\" data-end=\"4914\" \/>R: O forno funciona com base no m\u00e9todo de Transporte F\u00edsico de Vapor (PVT), que permite a sublima\u00e7\u00e3o controlada e a recristaliza\u00e7\u00e3o do carboneto de sil\u00edcio a altas temperaturas, tornando-o adequado para o crescimento de cristais \u00fanicos de alta qualidade.<\/p>\n<p data-start=\"5150\" data-end=\"5371\">Q2: Que tamanhos de bolacha podem ser suportados pelo forno?<br data-start=\"5199\" data-end=\"5202\" \/>R: O sistema foi concebido para o crescimento de monocristais de carboneto de sil\u00edcio de 6 polegadas, 8 polegadas e 12 polegadas, suportando os requisitos de fabrico de bolachas actuais e da pr\u00f3xima gera\u00e7\u00e3o.<\/p>\n<p data-start=\"5373\" data-end=\"5637\">Q3: O forno \u00e9 adequado para a produ\u00e7\u00e3o \u00e0 escala industrial?<br data-start=\"5437\" data-end=\"5440\" \/>R: Sim. O sistema foi concebido para funcionamento industrial cont\u00ednuo, oferecendo elevada estabilidade t\u00e9rmica, repetibilidade do processo e fiabilidade a longo prazo para linhas de produ\u00e7\u00e3o de cristais de SiC em grande escala.<\/p>","protected":false},"excerpt":{"rendered":"<p>Forno de crescimento de SiC de alta temperatura com aquecimento por resist\u00eancia de cristal \u00fanico para o fabrico de bolachas de 6, 8 e 12 polegadas. Concebido para o crescimento est\u00e1vel de cristais PVT e produ\u00e7\u00e3o industrial.<\/p>","protected":false},"featured_media":1738,"comment_status":"open","ping_status":"closed","template":"","meta":{"site-sidebar-layout":"default","site-content-layout":"","ast-site-content-layout":"default","site-content-style":"default","site-sidebar-style":"default","ast-global-header-display":"","ast-banner-title-visibility":"","ast-main-header-display":"","ast-hfb-above-header-display":"","ast-hfb-below-header-display":"","ast-hfb-mobile-header-display":"","site-post-title":"","ast-breadcrumbs-content":"","ast-featured-img":"","footer-sml-layout":"","ast-disable-related-posts":"","theme-transparent-header-meta":"default","adv-header-id-meta":"","stick-header-meta":"default","header-above-stick-meta":"","header-main-stick-meta":"","header-below-stick-meta":"","astra-migrate-meta-layouts":"set","ast-page-background-enabled":"default","ast-page-background-meta":{"desktop":{"background-color":"var(--ast-global-color-4)","background-image":"","background-repeat":"repeat","background-position":"center center","background-size":"auto","background-attachment":"scroll","background-type":"","background-media":"","overlay-type":"","overlay-color":"","overlay-opacity":"","overlay-gradient":""},"tablet":{"background-color":"","background-image":"","background-repeat":"repeat","background-position":"center center","background-size":"auto","background-attachment":"scroll","background-type":"","background-media":"","overlay-type":"","overlay-color":"","overlay-opacity":"","overlay-gradient":""},"mobile":{"background-color":"","background-image":"","background-repeat":"repeat","background-position":"center center","background-size":"auto","background-attachment":"scroll","background-type":"","background-media":"","overlay-type":"","overlay-color":"","overlay-opacity":"","overlay-gradient":""}},"ast-content-background-meta":{"desktop":{"background-color":"var(--ast-global-color-5)","background-image":"","background-repeat":"repeat","background-position":"center center","background-size":"auto","background-attachment":"scroll","background-type":"","background-media":"","overlay-type":"","overlay-color":"","overlay-opacity":"","overlay-gradient":""},"tablet":{"background-color":"var(--ast-global-color-5)","background-image":"","background-repeat":"repeat","background-position":"center center","background-size":"auto","background-attachment":"scroll","background-type":"","background-media":"","overlay-type":"","overlay-color":"","overlay-opacity":"","overlay-gradient":""},"mobile":{"background-color":"var(--ast-global-color-5)","background-image":"","background-repeat":"repeat","background-position":"center center","background-size":"auto","background-attachment":"scroll","background-type":"","background-media":"","overlay-type":"","overlay-color":"","overlay-opacity":"","overlay-gradient":""}}},"product_brand":[],"product_cat":[15],"product_tag":[141,142,143,139,137,140,138],"class_list":{"0":"post-1737","1":"product","2":"type-product","3":"status-publish","4":"has-post-thumbnail","6":"product_cat-crystal-growth-furnace","7":"product_tag-12-inch-sic-growth-furnace","8":"product_tag-8-inch-sic-crystal-furnace","9":"product_tag-resistance-heating-crystal-growth-furnace","10":"product_tag-sic-pvt-growth-furnace","11":"product_tag-sic-single-crystal-growth-furnace","12":"product_tag-sic-wafer-manufacturing-equipment","13":"product_tag-silicon-carbide-crystal-growth-furnace","14":"desktop-align-left","15":"tablet-align-left","16":"mobile-align-left","17":"ast-product-gallery-layout-horizontal-slider","18":"ast-product-tabs-layout-horizontal","20":"first","21":"instock","22":"shipping-taxable","23":"product-type-simple"},"_links":{"self":[{"href":"https:\/\/www.zmsh-semitech.com\/pt\/wp-json\/wp\/v2\/product\/1737","targetHints":{"allow":["GET"]}}],"collection":[{"href":"https:\/\/www.zmsh-semitech.com\/pt\/wp-json\/wp\/v2\/product"}],"about":[{"href":"https:\/\/www.zmsh-semitech.com\/pt\/wp-json\/wp\/v2\/types\/product"}],"replies":[{"embeddable":true,"href":"https:\/\/www.zmsh-semitech.com\/pt\/wp-json\/wp\/v2\/comments?post=1737"}],"version-history":[{"count":3,"href":"https:\/\/www.zmsh-semitech.com\/pt\/wp-json\/wp\/v2\/product\/1737\/revisions"}],"predecessor-version":[{"id":1744,"href":"https:\/\/www.zmsh-semitech.com\/pt\/wp-json\/wp\/v2\/product\/1737\/revisions\/1744"}],"wp:featuredmedia":[{"embeddable":true,"href":"https:\/\/www.zmsh-semitech.com\/pt\/wp-json\/wp\/v2\/media\/1738"}],"wp:attachment":[{"href":"https:\/\/www.zmsh-semitech.com\/pt\/wp-json\/wp\/v2\/media?parent=1737"}],"wp:term":[{"taxonomy":"product_brand","embeddable":true,"href":"https:\/\/www.zmsh-semitech.com\/pt\/wp-json\/wp\/v2\/product_brand?post=1737"},{"taxonomy":"product_cat","embeddable":true,"href":"https:\/\/www.zmsh-semitech.com\/pt\/wp-json\/wp\/v2\/product_cat?post=1737"},{"taxonomy":"product_tag","embeddable":true,"href":"https:\/\/www.zmsh-semitech.com\/pt\/wp-json\/wp\/v2\/product_tag?post=1737"}],"curies":[{"name":"wp","href":"https:\/\/api.w.org\/{rel}","templated":true}]}}