{"id":2411,"date":"2026-04-24T06:30:17","date_gmt":"2026-04-24T06:30:17","guid":{"rendered":"https:\/\/www.zmsh-semitech.com\/?post_type=product&#038;p=2411"},"modified":"2026-04-24T06:30:19","modified_gmt":"2026-04-24T06:30:19","slug":"cvd-silicon-carbide-sic-electrode-for-semiconductor-plasma-systems","status":"publish","type":"product","link":"https:\/\/www.zmsh-semitech.com\/pl\/product\/cvd-silicon-carbide-sic-electrode-for-semiconductor-plasma-systems\/","title":{"rendered":"Elektroda CVD z w\u0119glika krzemu (SiC) dla system\u00f3w plazmy p\u00f3\u0142przewodnikowej"},"content":{"rendered":"<p data-start=\"231\" data-end=\"634\">Elektroda SiC (elektroda z w\u0119glika krzemu) to wysokowydajny komponent przeznaczony do zaawansowanych system\u00f3w przetwarzania plazmowego p\u00f3\u0142przewodnik\u00f3w, w tym urz\u0105dze\u0144 do trawienia, osadzania i obr\u00f3bki powierzchni. W por\u00f3wnaniu z tradycyjnymi elektrodami krzemowymi, elektrody SiC o<img fetchpriority=\"high\" decoding=\"async\" class=\"alignright wp-image-2414 size-medium\" src=\"https:\/\/www.zmsh-semitech.com\/wp-content\/uploads\/2026\/04\/CVD-Silicon-Carbide-SiC-Electrode-for-Semiconductor-Plasma-Systems-1-300x300.png\" alt=\"Elektroda CVD z w\u0119glika krzemu (SiC) dla system\u00f3w plazmy p\u00f3\u0142przewodnikowej\" width=\"300\" height=\"300\" srcset=\"https:\/\/www.zmsh-semitech.com\/wp-content\/uploads\/2026\/04\/CVD-Silicon-Carbide-SiC-Electrode-for-Semiconductor-Plasma-Systems-1-300x300.png 300w, https:\/\/www.zmsh-semitech.com\/wp-content\/uploads\/2026\/04\/CVD-Silicon-Carbide-SiC-Electrode-for-Semiconductor-Plasma-Systems-1-150x150.png 150w, https:\/\/www.zmsh-semitech.com\/wp-content\/uploads\/2026\/04\/CVD-Silicon-Carbide-SiC-Electrode-for-Semiconductor-Plasma-Systems-1-768x768.png 768w, https:\/\/www.zmsh-semitech.com\/wp-content\/uploads\/2026\/04\/CVD-Silicon-Carbide-SiC-Electrode-for-Semiconductor-Plasma-Systems-1-12x12.png 12w, https:\/\/www.zmsh-semitech.com\/wp-content\/uploads\/2026\/04\/CVD-Silicon-Carbide-SiC-Electrode-for-Semiconductor-Plasma-Systems-1-600x600.png 600w, https:\/\/www.zmsh-semitech.com\/wp-content\/uploads\/2026\/04\/CVD-Silicon-Carbide-SiC-Electrode-for-Semiconductor-Plasma-Systems-1-100x100.png 100w, https:\/\/www.zmsh-semitech.com\/wp-content\/uploads\/2026\/04\/CVD-Silicon-Carbide-SiC-Electrode-for-Semiconductor-Plasma-Systems-1.png 1000w\" sizes=\"(max-width: 300px) 100vw, 300px\" \/>oferuj\u0105 znacznie zwi\u0119kszon\u0105 trwa\u0142o\u015b\u0107, doskona\u0142\u0105 odporno\u015b\u0107 na dzia\u0142anie plazmy i d\u0142u\u017csz\u0105 \u017cywotno\u015b\u0107 w ekstremalnych warunkach przetwarzania.<\/p>\n<p data-start=\"636\" data-end=\"980\">Wyprodukowana przy u\u017cyciu chemicznego osadzania z fazy gazowej (CVD) elektroda z w\u0119glika krzemu charakteryzuje si\u0119 g\u0119st\u0105 struktur\u0105 o wysokiej czysto\u015bci, doskona\u0142ym przewodnictwem cieplnym i stabilno\u015bci\u0105 chemiczn\u0105. Dzi\u0119ki temu nadaje si\u0119 szczeg\u00f3lnie do \u015brodowisk, w kt\u00f3rych wyst\u0119puje wysokoenergetyczna plazma, agresywne gazy, takie jak CF\u2084, SF\u2086, NF\u2083 i Cl\u2082, oraz podwy\u017cszone temperatury.<\/p>\n<p data-start=\"982\" data-end=\"1287\">W komorach plazmowych elektrody odgrywaj\u0105 kluczow\u0105 rol\u0119 w kontrolowaniu p\u00f3l elektrycznych, g\u0119sto\u015bci plazmy i jednorodno\u015bci procesu. Elektrody SiC utrzymuj\u0105 stabiln\u0105 charakterystyk\u0119 elektryczn\u0105 przez d\u0142u\u017cszy czas, zmniejszaj\u0105c dryft, minimalizuj\u0105c zanieczyszczenie cz\u0105stkami i zapewniaj\u0105c sp\u00f3jne wyniki przetwarzania p\u0142ytek.<\/p>\n<p data-start=\"1289\" data-end=\"1521\">Ze wzgl\u0119du na swoj\u0105 trwa\u0142o\u015b\u0107 i wydajno\u015b\u0107, elektrody SiC s\u0105 klasyfikowane jako krytyczne p\u00f3\u0142przewodnikowe materia\u0142y eksploatacyjne (cz\u0119\u015bci zu\u017cywaj\u0105ce si\u0119 o d\u0142ugiej \u017cywotno\u015bci) i s\u0105 szeroko stosowane w zaawansowanych w\u0119z\u0142ach p\u00f3\u0142przewodnikowych i \u015brodowiskach produkcyjnych o wysokiej wydajno\u015bci.<\/p>\n<hr data-start=\"1523\" data-end=\"1526\" \/>\n<h2 data-section-id=\"1wht24f\" data-start=\"1528\" data-end=\"1548\">Kluczowe cechy<\/h2>\n<p><strong style=\"font-size: 16px; font-style: normal;\" data-start=\"1639\" data-end=\"1669\"><img decoding=\"async\" class=\"alignright wp-image-2412 size-medium\" style=\"font-weight: 400;\" src=\"https:\/\/www.zmsh-semitech.com\/wp-content\/uploads\/2026\/04\/CVD-Silicon-Carbide-SiC-Electrode-for-Semiconductor-Plasma-Systems-2-300x300.png\" alt=\"Elektroda CVD z w\u0119glika krzemu (SiC) dla system\u00f3w plazmy p\u00f3\u0142przewodnikowej\" width=\"300\" height=\"300\" srcset=\"https:\/\/www.zmsh-semitech.com\/wp-content\/uploads\/2026\/04\/CVD-Silicon-Carbide-SiC-Electrode-for-Semiconductor-Plasma-Systems-2-300x300.png 300w, https:\/\/www.zmsh-semitech.com\/wp-content\/uploads\/2026\/04\/CVD-Silicon-Carbide-SiC-Electrode-for-Semiconductor-Plasma-Systems-2-150x150.png 150w, https:\/\/www.zmsh-semitech.com\/wp-content\/uploads\/2026\/04\/CVD-Silicon-Carbide-SiC-Electrode-for-Semiconductor-Plasma-Systems-2-768x768.png 768w, https:\/\/www.zmsh-semitech.com\/wp-content\/uploads\/2026\/04\/CVD-Silicon-Carbide-SiC-Electrode-for-Semiconductor-Plasma-Systems-2-12x12.png 12w, https:\/\/www.zmsh-semitech.com\/wp-content\/uploads\/2026\/04\/CVD-Silicon-Carbide-SiC-Electrode-for-Semiconductor-Plasma-Systems-2-600x600.png 600w, https:\/\/www.zmsh-semitech.com\/wp-content\/uploads\/2026\/04\/CVD-Silicon-Carbide-SiC-Electrode-for-Semiconductor-Plasma-Systems-2-100x100.png 100w, https:\/\/www.zmsh-semitech.com\/wp-content\/uploads\/2026\/04\/CVD-Silicon-Carbide-SiC-Electrode-for-Semiconductor-Plasma-Systems-2.png 1000w\" sizes=\"(max-width: 300px) 100vw, 300px\" \/><\/strong><\/p>\n<ul data-start=\"1549\" data-end=\"2244\">\n<li data-section-id=\"9sfaj1\" data-start=\"1549\" data-end=\"1636\"><strong data-start=\"1551\" data-end=\"1583\">Materia\u0142 SiC CVD o wysokiej czysto\u015bci<\/strong>: G\u0119sta struktura o doskona\u0142ej oboj\u0119tno\u015bci chemicznej<\/li>\n<li data-section-id=\"qsf5dr\" data-start=\"1637\" data-end=\"1741\"><strong data-start=\"1639\" data-end=\"1669\">Doskona\u0142a odporno\u015b\u0107 na plazm\u0119<\/strong>: Wyj\u0105tkowa wydajno\u015b\u0107 w \u015brodowiskach zawieraj\u0105cych fluor i chlor<\/li>\n<li data-section-id=\"1rcxb8u\" data-start=\"1742\" data-end=\"1821\"><strong data-start=\"1744\" data-end=\"1771\">Bardzo d\u0142uga \u017cywotno\u015b\u0107<\/strong>: Zazwyczaj 3-10\u00d7 d\u0142u\u017csze ni\u017c elektrody krzemowe<\/li>\n<li data-section-id=\"pe85cr\" data-start=\"1822\" data-end=\"1900\"><strong data-start=\"1824\" data-end=\"1851\">Niski poziom generowanych cz\u0105stek<\/strong>: Poprawia wydajno\u015b\u0107 i zmniejsza ryzyko zanieczyszczenia<\/li>\n<li data-section-id=\"1eryen9\" data-start=\"1901\" data-end=\"1983\"><strong data-start=\"1903\" data-end=\"1932\">Wysoka przewodno\u015b\u0107 cieplna<\/strong>: Zwi\u0119ksza rozpraszanie ciep\u0142a i stabilno\u015b\u0107 procesu<\/li>\n<li data-section-id=\"12bf6b0\" data-start=\"1984\" data-end=\"2071\"><strong data-start=\"1986\" data-end=\"2018\">Stabilne w\u0142a\u015bciwo\u015bci elektryczne<\/strong>: Utrzymuje sta\u0142\u0105 rezystywno\u015b\u0107 podczas d\u0142ugich cykli.<\/li>\n<li data-section-id=\"183ojww\" data-start=\"2072\" data-end=\"2161\"><strong data-start=\"2074\" data-end=\"2097\">Obr\u00f3bka precyzyjna<\/strong>: W\u0105ska tolerancja (&lt;10 \u03bcm) dla integracji p\u00f3\u0142przewodnikowej<\/li>\n<li data-section-id=\"1116895\" data-start=\"2162\" data-end=\"2244\"><strong data-start=\"2164\" data-end=\"2198\">Niestandardowy projekt dystrybucji gazu<\/strong>: Zoptymalizowane wzory otwor\u00f3w dla jednolitej plazmy<\/li>\n<\/ul>\n<hr data-start=\"2246\" data-end=\"2249\" \/>\n<h2 data-section-id=\"1vgwxle\" data-start=\"2251\" data-end=\"2283\">Specyfikacja techniczna<\/h2>\n<div class=\"TyagGW_tableContainer\">\n<div class=\"group TyagGW_tableWrapper flex flex-col-reverse w-fit\" tabindex=\"-1\">\n<table class=\"w-fit min-w-(--thread-content-width)\" data-start=\"2285\" data-end=\"3017\">\n<thead data-start=\"2285\" data-end=\"2314\">\n<tr data-start=\"2285\" data-end=\"2314\">\n<th class=\"\" data-start=\"2285\" data-end=\"2297\" data-col-size=\"sm\">Parametr<\/th>\n<th class=\"\" data-start=\"2297\" data-end=\"2314\" data-col-size=\"sm\">Specyfikacja<\/th>\n<\/tr>\n<\/thead>\n<tbody data-start=\"2342\" data-end=\"3017\">\n<tr data-start=\"2342\" data-end=\"2382\">\n<td data-start=\"2342\" data-end=\"2353\" data-col-size=\"sm\">Materia\u0142<\/td>\n<td data-col-size=\"sm\" data-start=\"2353\" data-end=\"2382\">W\u0119glik krzemu (SiC) CVD<\/td>\n<\/tr>\n<tr data-start=\"2383\" data-end=\"2403\">\n<td data-start=\"2383\" data-end=\"2392\" data-col-size=\"sm\">Czysto\u015b\u0107<\/td>\n<td data-col-size=\"sm\" data-start=\"2392\" data-end=\"2403\">\u2265 99,9%<\/td>\n<\/tr>\n<tr data-start=\"2404\" data-end=\"2429\">\n<td data-start=\"2404\" data-end=\"2414\" data-col-size=\"sm\">G\u0119sto\u015b\u0107<\/td>\n<td data-col-size=\"sm\" data-start=\"2414\" data-end=\"2429\">\u2265 3,1 g\/cm\u00b3<\/td>\n<\/tr>\n<tr data-start=\"2430\" data-end=\"2463\">\n<td data-start=\"2430\" data-end=\"2447\" data-col-size=\"sm\">\u015arednica (maks.)<\/td>\n<td data-col-size=\"sm\" data-start=\"2447\" data-end=\"2463\">Do 330 mm<\/td>\n<\/tr>\n<tr data-start=\"2464\" data-end=\"2506\">\n<td data-start=\"2464\" data-end=\"2476\" data-col-size=\"sm\">Grubo\u015b\u0107<\/td>\n<td data-col-size=\"sm\" data-start=\"2476\" data-end=\"2506\">Niestandardowe (zazwyczaj 5-50 mm)<\/td>\n<\/tr>\n<tr data-start=\"2507\" data-end=\"2542\">\n<td data-start=\"2507\" data-end=\"2527\" data-col-size=\"sm\">Rezystywno\u015b\u0107 (niska)<\/td>\n<td data-start=\"2527\" data-end=\"2542\" data-col-size=\"sm\">&lt; 0,02 \u03a9-cm<\/td>\n<\/tr>\n<tr data-start=\"2543\" data-end=\"2583\">\n<td data-start=\"2543\" data-end=\"2566\" data-col-size=\"sm\">Rezystywno\u015b\u0107 (\u015brednia)<\/td>\n<td data-start=\"2566\" data-end=\"2583\" data-col-size=\"sm\">0,2 - 25 \u03a9-cm<\/td>\n<\/tr>\n<tr data-start=\"2584\" data-end=\"2619\">\n<td data-start=\"2584\" data-end=\"2605\" data-col-size=\"sm\">Rezystywno\u015b\u0107 (wysoka)<\/td>\n<td data-start=\"2605\" data-end=\"2619\" data-col-size=\"sm\">&gt; 100 \u03a9-cm<\/td>\n<\/tr>\n<tr data-start=\"2620\" data-end=\"2659\">\n<td data-start=\"2620\" data-end=\"2651\" data-col-size=\"sm\">Jednorodno\u015b\u0107 rezystywno\u015bci (RRG)<\/td>\n<td data-start=\"2651\" data-end=\"2659\" data-col-size=\"sm\">&lt; 5%<\/td>\n<\/tr>\n<tr data-start=\"2660\" data-end=\"2711\">\n<td data-start=\"2660\" data-end=\"2680\" data-col-size=\"sm\">\u015arednica otworu gazowego<\/td>\n<td data-start=\"2680\" data-end=\"2711\" data-col-size=\"sm\">0,2 - 0,8 mm (z mo\u017cliwo\u015bci\u0105 dostosowania)<\/td>\n<\/tr>\n<tr data-start=\"2712\" data-end=\"2762\">\n<td data-start=\"2712\" data-end=\"2732\" data-col-size=\"sm\">Stan powierzchni<\/td>\n<td data-start=\"2732\" data-end=\"2762\" data-col-size=\"sm\">Szlifowany (opcjonalnie polerowany)<\/td>\n<\/tr>\n<tr data-start=\"2763\" data-end=\"2800\">\n<td data-start=\"2763\" data-end=\"2788\" data-col-size=\"sm\">Chropowato\u015b\u0107 powierzchni (Ra)<\/td>\n<td data-start=\"2788\" data-end=\"2800\" data-col-size=\"sm\">\u2264 1,6 \u03bcm<\/td>\n<\/tr>\n<tr data-start=\"2801\" data-end=\"2834\">\n<td data-start=\"2801\" data-end=\"2823\" data-col-size=\"sm\">Precyzja obr\u00f3bki<\/td>\n<td data-start=\"2823\" data-end=\"2834\" data-col-size=\"sm\">&lt; 10 \u03bcm<\/td>\n<\/tr>\n<tr data-start=\"2835\" data-end=\"2877\">\n<td data-start=\"2835\" data-end=\"2858\" data-col-size=\"sm\">Przewodno\u015b\u0107 cieplna<\/td>\n<td data-start=\"2858\" data-end=\"2877\" data-col-size=\"sm\">120 - 200 W\/m-K<\/td>\n<\/tr>\n<tr data-start=\"2878\" data-end=\"2902\">\n<td data-start=\"2878\" data-end=\"2889\" data-col-size=\"sm\">Twardo\u015b\u0107<\/td>\n<td data-start=\"2889\" data-end=\"2902\" data-col-size=\"sm\">~9,2 w skali Mohsa<\/td>\n<\/tr>\n<tr data-start=\"2903\" data-end=\"2963\">\n<td data-start=\"2903\" data-end=\"2931\" data-col-size=\"sm\">Maksymalna temperatura pracy<\/td>\n<td data-start=\"2931\" data-end=\"2963\" data-col-size=\"sm\">&gt; 1000\u00b0C (w zale\u017cno\u015bci od procesu)<\/td>\n<\/tr>\n<tr data-start=\"2964\" data-end=\"3017\">\n<td data-start=\"2964\" data-end=\"2982\" data-col-size=\"sm\">Kontrola jako\u015bci<\/td>\n<td data-start=\"2982\" data-end=\"3017\" data-col-size=\"sm\">Brak p\u0119kni\u0119\u0107, odprysk\u00f3w, zanieczyszcze\u0144<\/td>\n<\/tr>\n<\/tbody>\n<\/table>\n<\/div>\n<\/div>\n<hr data-start=\"3019\" data-end=\"3022\" \/>\n<h2 data-section-id=\"1gggyhy\" data-start=\"3024\" data-end=\"3044\">Zastosowania<\/h2>\n<p>&nbsp;<\/p>\n<p data-start=\"3045\" data-end=\"3157\">Elektrody SiC s\u0105 szeroko stosowane w \u015brodowiskach przetwarzania p\u00f3\u0142przewodnik\u00f3w wymagaj\u0105cych wysokiej trwa\u0142o\u015bci i stabilno\u015bci:<\/p>\n<ul data-start=\"3159\" data-end=\"3352\">\n<li data-section-id=\"qzqq98\" data-start=\"3159\" data-end=\"3197\">Systemy trawienia plazmowego (ICP \/ RIE)\n<p style=\"font-size: 16px; font-style: normal; font-weight: 400;\"><img decoding=\"async\" class=\"size-medium wp-image-2405 alignright\" src=\"https:\/\/www.zmsh-semitech.com\/wp-content\/uploads\/2026\/04\/KYQhvr8H6fiJzv0Gyv0QBbnTGAn0D-jgL0afJ2QhVSsVzaDSfEEx4D1Qc9Qg9IxXDOCUhnYHl82TwzfZ-OQMZzQa5u3KF6R1mE3QPYDfCW4ltwvgZ5uecKGM7VBlj-f5ppfWrANQSR4kHdIoBW-vOxmtu56kJnlmCndnFjtFqasApRq1EpNs3nKzmFQFM9WF-300x225.jpg\" alt=\"\" width=\"300\" height=\"225\" srcset=\"https:\/\/www.zmsh-semitech.com\/wp-content\/uploads\/2026\/04\/KYQhvr8H6fiJzv0Gyv0QBbnTGAn0D-jgL0afJ2QhVSsVzaDSfEEx4D1Qc9Qg9IxXDOCUhnYHl82TwzfZ-OQMZzQa5u3KF6R1mE3QPYDfCW4ltwvgZ5uecKGM7VBlj-f5ppfWrANQSR4kHdIoBW-vOxmtu56kJnlmCndnFjtFqasApRq1EpNs3nKzmFQFM9WF-300x225.jpg 300w, https:\/\/www.zmsh-semitech.com\/wp-content\/uploads\/2026\/04\/KYQhvr8H6fiJzv0Gyv0QBbnTGAn0D-jgL0afJ2QhVSsVzaDSfEEx4D1Qc9Qg9IxXDOCUhnYHl82TwzfZ-OQMZzQa5u3KF6R1mE3QPYDfCW4ltwvgZ5uecKGM7VBlj-f5ppfWrANQSR4kHdIoBW-vOxmtu56kJnlmCndnFjtFqasApRq1EpNs3nKzmFQFM9WF-16x12.jpg 16w, https:\/\/www.zmsh-semitech.com\/wp-content\/uploads\/2026\/04\/KYQhvr8H6fiJzv0Gyv0QBbnTGAn0D-jgL0afJ2QhVSsVzaDSfEEx4D1Qc9Qg9IxXDOCUhnYHl82TwzfZ-OQMZzQa5u3KF6R1mE3QPYDfCW4ltwvgZ5uecKGM7VBlj-f5ppfWrANQSR4kHdIoBW-vOxmtu56kJnlmCndnFjtFqasApRq1EpNs3nKzmFQFM9WF.jpg 600w\" sizes=\"(max-width: 300px) 100vw, 300px\" \/><\/p>\n<\/li>\n<li data-section-id=\"x5dp28\" data-start=\"3198\" data-end=\"3234\">Sprz\u0119t do osadzania CVD \/ PECVD<\/li>\n<li data-section-id=\"i266u8\" data-start=\"3235\" data-end=\"3264\">Systemy plazmowe du\u017cej mocy<\/li>\n<li data-section-id=\"12l2f4p\" data-start=\"3265\" data-end=\"3305\">Procesy modyfikacji powierzchni wafli<\/li>\n<li data-section-id=\"1aetczy\" data-start=\"3306\" data-end=\"3352\">Zaawansowane w\u0119z\u0142y produkcji p\u00f3\u0142przewodnik\u00f3w<\/li>\n<\/ul>\n<p data-start=\"3354\" data-end=\"3517\">S\u0105 one szczeg\u00f3lnie odpowiednie dla <strong data-start=\"3389\" data-end=\"3443\">trudne warunki plazmowe i d\u0142ugie cykle produkcyjne<\/strong>, gdzie konwencjonalne elektrody krzemowe nie s\u0105 w stanie spe\u0142ni\u0107 wymaga\u0144 dotycz\u0105cych \u017cywotno\u015bci.<\/p>\n<hr data-start=\"3519\" data-end=\"3522\" \/>\n<h2 data-section-id=\"ey806o\" data-start=\"3524\" data-end=\"3566\">Zalety w por\u00f3wnaniu z elektrodami krzemowymi<\/h2>\n<p data-start=\"3567\" data-end=\"3673\">W por\u00f3wnaniu z tradycyjnymi elektrodami krzemowymi, elektrody SiC zapewniaj\u0105 znaczn\u0105 popraw\u0119 wydajno\u015bci:<\/p>\n<ul data-start=\"3675\" data-end=\"4062\">\n<li data-section-id=\"c0wgoq\" data-start=\"3675\" data-end=\"3754\"><strong data-start=\"3677\" data-end=\"3698\">Wyd\u0142u\u017cony okres u\u017cytkowania<\/strong>: 3-10 razy d\u0142u\u017cej w agresywnych warunkach plazmowych<\/li>\n<li data-section-id=\"vh54cx\" data-start=\"3755\" data-end=\"3832\"><strong data-start=\"3757\" data-end=\"3790\">Doskona\u0142a odporno\u015b\u0107 na korozj\u0119<\/strong>: Odporno\u015b\u0107 na gazy fluorowe i chlorowe<\/li>\n<li data-section-id=\"1f80iwa\" data-start=\"3833\" data-end=\"3909\"><strong data-start=\"3835\" data-end=\"3867\">Ni\u017csze zanieczyszczenie cz\u0105steczkami<\/strong>: Zwi\u0119ksza wydajno\u015b\u0107 i czysto\u015b\u0107 procesu<\/li>\n<li data-section-id=\"bvfjdw\" data-start=\"3910\" data-end=\"3989\"><strong data-start=\"3912\" data-end=\"3942\">Poprawiona stabilno\u015b\u0107 procesu<\/strong>: Utrzymuje sta\u0142\u0105 charakterystyk\u0119 plazmy<\/li>\n<li data-section-id=\"wemy35\" data-start=\"3990\" data-end=\"4062\"><strong data-start=\"3992\" data-end=\"4020\">Ni\u017csze koszty utrzymania<\/strong>: Mniejsza cz\u0119stotliwo\u015b\u0107 wymiany i przestoj\u00f3w<\/li>\n<\/ul>\n<p data-start=\"4064\" data-end=\"4199\">Chocia\u017c pocz\u0105tkowy koszt jest wy\u017cszy, elektrody SiC oferuj\u0105 ni\u017cszy ca\u0142kowity koszt posiadania (TCO) w wysokiej klasy zastosowaniach p\u00f3\u0142przewodnikowych.<\/p>\n<p data-start=\"4064\" data-end=\"4199\"><img loading=\"lazy\" decoding=\"async\" class=\"wp-image-2383 size-large aligncenter\" src=\"https:\/\/www.zmsh-semitech.com\/wp-content\/uploads\/2026\/04\/\u5fae\u4fe1\u56fe\u7247_20260423181006_366_381-1024x486.png\" alt=\"\" width=\"1024\" height=\"486\" srcset=\"\" sizes=\"(max-width: 1024px) 100vw, 1024px\" data-srcset=\"\" \/><\/p>\n<hr data-start=\"4201\" data-end=\"4204\" \/>\n<h2 data-section-id=\"cpu4ih\" data-start=\"4206\" data-end=\"4217\">FAQ<\/h2>\n<p data-start=\"4219\" data-end=\"4384\"><strong data-start=\"4219\" data-end=\"4266\">P1: Czy elektroda SiC jest cz\u0119\u015bci\u0105 eksploatacyjn\u0105?<\/strong><br data-start=\"4266\" data-end=\"4269\" \/>Tak. Jest to krytyczny materia\u0142 eksploatacyjny do p\u00f3\u0142przewodnik\u00f3w, ale o znacznie d\u0142u\u017cszej \u017cywotno\u015bci w por\u00f3wnaniu z elektrodami krzemowymi.<\/p>\n<p data-start=\"4386\" data-end=\"4570\"><strong data-start=\"4386\" data-end=\"4432\">P2: Dlaczego warto wybra\u0107 SiC zamiast elektrody krzemowej?<\/strong><br data-start=\"4432\" data-end=\"4435\" \/>SiC oferuje lepsz\u0105 odporno\u015b\u0107 na dzia\u0142anie plazmy, d\u0142u\u017csz\u0105 \u017cywotno\u015b\u0107 i mniejsze wytwarzanie cz\u0105stek, dzi\u0119ki czemu idealnie nadaje si\u0119 do trudnych warunk\u00f3w przetwarzania.<\/p>\n<p data-start=\"4572\" data-end=\"4739\"><strong data-start=\"4572\" data-end=\"4612\">P3: Czy elektrod\u0119 mo\u017cna dostosowa\u0107?<\/strong><br data-start=\"4612\" data-end=\"4615\" \/>Tak. Rozmiar, grubo\u015b\u0107, rezystywno\u015b\u0107, konstrukcja otworu gazowego i wyko\u0144czenie powierzchni mo\u017cna dostosowa\u0107 do w\u0142asnych wymaga\u0144.<\/p>\n<p data-start=\"4741\" data-end=\"4878\"><strong data-start=\"4741\" data-end=\"4784\">P4: Jakie bran\u017ce wykorzystuj\u0105 elektrody SiC?<\/strong><br data-start=\"4784\" data-end=\"4787\" \/>G\u0142\u00f3wnie produkcja p\u00f3\u0142przewodnik\u00f3w, zw\u0142aszcza w systemach trawienia plazmowego i osadzania.<\/p>","protected":false},"excerpt":{"rendered":"<p>Elektroda SiC (elektroda z w\u0119glika krzemu) to wysokowydajny komponent przeznaczony do zaawansowanych system\u00f3w przetwarzania plazmowego p\u00f3\u0142przewodnik\u00f3w, w tym urz\u0105dze\u0144 do trawienia, osadzania i obr\u00f3bki powierzchni. W por\u00f3wnaniu z tradycyjnymi elektrodami krzemowymi, elektrody SiC oferuj\u0105 znacznie zwi\u0119kszon\u0105 trwa\u0142o\u015b\u0107, doskona\u0142\u0105 odporno\u015b\u0107 na plazm\u0119 i d\u0142u\u017csz\u0105 \u017cywotno\u015b\u0107 w ekstremalnych warunkach przetwarzania. Wytwarzana przy u\u017cyciu chemicznego osadzania z fazy gazowej (CVD) elektroda z w\u0119glika krzemu charakteryzuje si\u0119 g\u0119st\u0105 struktur\u0105 o wysokiej czysto\u015bci, doskona\u0142\u0105 przewodno\u015bci\u0105 ciepln\u0105 i stabilno\u015bci\u0105 chemiczn\u0105.<\/p>","protected":false},"featured_media":2414,"comment_status":"open","ping_status":"closed","template":"","meta":{"site-sidebar-layout":"default","site-content-layout":"","ast-site-content-layout":"default","site-content-style":"default","site-sidebar-style":"default","ast-global-header-display":"","ast-banner-title-visibility":"","ast-main-header-display":"","ast-hfb-above-header-display":"","ast-hfb-below-header-display":"","ast-hfb-mobile-header-display":"","site-post-title":"","ast-breadcrumbs-content":"","ast-featured-img":"","footer-sml-layout":"","ast-disable-related-posts":"","theme-transparent-header-meta":"default","adv-header-id-meta":"","stick-header-meta":"default","header-above-stick-meta":"","header-main-stick-meta":"","header-below-stick-meta":"","astra-migrate-meta-layouts":"set","ast-page-background-enabled":"default","ast-page-background-meta":{"desktop":{"background-color":"var(--ast-global-color-4)","background-image":"","background-repeat":"repeat","background-position":"center center","background-size":"auto","background-attachment":"scroll","background-type":"","background-media":"","overlay-type":"","overlay-color":"","overlay-opacity":"","overlay-gradient":""},"tablet":{"background-color":"","background-image":"","background-repeat":"repeat","background-position":"center center","background-size":"auto","background-attachment":"scroll","background-type":"","background-media":"","overlay-type":"","overlay-color":"","overlay-opacity":"","overlay-gradient":""},"mobile":{"background-color":"","background-image":"","background-repeat":"repeat","background-position":"center center","background-size":"auto","background-attachment":"scroll","background-type":"","background-media":"","overlay-type":"","overlay-color":"","overlay-opacity":"","overlay-gradient":""}},"ast-content-background-meta":{"desktop":{"background-color":"var(--ast-global-color-5)","background-image":"","background-repeat":"repeat","background-position":"center center","background-size":"auto","background-attachment":"scroll","background-type":"","background-media":"","overlay-type":"","overlay-color":"","overlay-opacity":"","overlay-gradient":""},"tablet":{"background-color":"var(--ast-global-color-5)","background-image":"","background-repeat":"repeat","background-position":"center center","background-size":"auto","background-attachment":"scroll","background-type":"","background-media":"","overlay-type":"","overlay-color":"","overlay-opacity":"","overlay-gradient":""},"mobile":{"background-color":"var(--ast-global-color-5)","background-image":"","background-repeat":"repeat","background-position":"center center","background-size":"auto","background-attachment":"scroll","background-type":"","background-media":"","overlay-type":"","overlay-color":"","overlay-opacity":"","overlay-gradient":""}}},"product_brand":[],"product_cat":[1212],"product_tag":[],"class_list":{"0":"post-2411","1":"product","2":"type-product","3":"status-publish","4":"has-post-thumbnail","6":"product_cat-semiconductor-consumables","7":"desktop-align-left","8":"tablet-align-left","9":"mobile-align-left","10":"ast-product-gallery-layout-horizontal-slider","11":"ast-product-tabs-layout-horizontal","13":"first","14":"instock","15":"shipping-taxable","16":"product-type-simple"},"_links":{"self":[{"href":"https:\/\/www.zmsh-semitech.com\/pl\/wp-json\/wp\/v2\/product\/2411","targetHints":{"allow":["GET"]}}],"collection":[{"href":"https:\/\/www.zmsh-semitech.com\/pl\/wp-json\/wp\/v2\/product"}],"about":[{"href":"https:\/\/www.zmsh-semitech.com\/pl\/wp-json\/wp\/v2\/types\/product"}],"replies":[{"embeddable":true,"href":"https:\/\/www.zmsh-semitech.com\/pl\/wp-json\/wp\/v2\/comments?post=2411"}],"version-history":[{"count":2,"href":"https:\/\/www.zmsh-semitech.com\/pl\/wp-json\/wp\/v2\/product\/2411\/revisions"}],"predecessor-version":[{"id":2416,"href":"https:\/\/www.zmsh-semitech.com\/pl\/wp-json\/wp\/v2\/product\/2411\/revisions\/2416"}],"wp:featuredmedia":[{"embeddable":true,"href":"https:\/\/www.zmsh-semitech.com\/pl\/wp-json\/wp\/v2\/media\/2414"}],"wp:attachment":[{"href":"https:\/\/www.zmsh-semitech.com\/pl\/wp-json\/wp\/v2\/media?parent=2411"}],"wp:term":[{"taxonomy":"product_brand","embeddable":true,"href":"https:\/\/www.zmsh-semitech.com\/pl\/wp-json\/wp\/v2\/product_brand?post=2411"},{"taxonomy":"product_cat","embeddable":true,"href":"https:\/\/www.zmsh-semitech.com\/pl\/wp-json\/wp\/v2\/product_cat?post=2411"},{"taxonomy":"product_tag","embeddable":true,"href":"https:\/\/www.zmsh-semitech.com\/pl\/wp-json\/wp\/v2\/product_tag?post=2411"}],"curies":[{"name":"wp","href":"https:\/\/api.w.org\/{rel}","templated":true}]}}