{"id":2389,"date":"2026-04-24T05:55:23","date_gmt":"2026-04-24T05:55:23","guid":{"rendered":"https:\/\/www.zmsh-semitech.com\/?post_type=product&#038;p=2389"},"modified":"2026-04-24T05:55:25","modified_gmt":"2026-04-24T05:55:25","slug":"cvd-silicon-carbide-sic-ring-for-semiconductor-plasma-etching","status":"publish","type":"product","link":"https:\/\/www.zmsh-semitech.com\/pl\/product\/cvd-silicon-carbide-sic-ring-for-semiconductor-plasma-etching\/","title":{"rendered":"Pier\u015bcie\u0144 CVD z w\u0119glika krzemu SiC do wytrawiania plazmowego p\u00f3\u0142przewodnik\u00f3w"},"content":{"rendered":"<p data-start=\"213\" data-end=\"577\"><img fetchpriority=\"high\" decoding=\"async\" class=\"alignright wp-image-2392 size-medium\" src=\"https:\/\/www.zmsh-semitech.com\/wp-content\/uploads\/2026\/04\/CVD-Silicon-Carbide-SiC-Ring-for-Semiconductor-Plasma-Etching-1-300x300.png\" alt=\"Pier\u015bcie\u0144 CVD z w\u0119glika krzemu SiC do wytrawiania plazmowego p\u00f3\u0142przewodnik\u00f3w\" width=\"300\" height=\"300\" srcset=\"https:\/\/www.zmsh-semitech.com\/wp-content\/uploads\/2026\/04\/CVD-Silicon-Carbide-SiC-Ring-for-Semiconductor-Plasma-Etching-1-300x300.png 300w, https:\/\/www.zmsh-semitech.com\/wp-content\/uploads\/2026\/04\/CVD-Silicon-Carbide-SiC-Ring-for-Semiconductor-Plasma-Etching-1-150x150.png 150w, https:\/\/www.zmsh-semitech.com\/wp-content\/uploads\/2026\/04\/CVD-Silicon-Carbide-SiC-Ring-for-Semiconductor-Plasma-Etching-1-768x768.png 768w, https:\/\/www.zmsh-semitech.com\/wp-content\/uploads\/2026\/04\/CVD-Silicon-Carbide-SiC-Ring-for-Semiconductor-Plasma-Etching-1-12x12.png 12w, https:\/\/www.zmsh-semitech.com\/wp-content\/uploads\/2026\/04\/CVD-Silicon-Carbide-SiC-Ring-for-Semiconductor-Plasma-Etching-1-600x600.png 600w, https:\/\/www.zmsh-semitech.com\/wp-content\/uploads\/2026\/04\/CVD-Silicon-Carbide-SiC-Ring-for-Semiconductor-Plasma-Etching-1-100x100.png 100w, https:\/\/www.zmsh-semitech.com\/wp-content\/uploads\/2026\/04\/CVD-Silicon-Carbide-SiC-Ring-for-Semiconductor-Plasma-Etching-1.png 1000w\" sizes=\"(max-width: 300px) 100vw, 300px\" \/>Pier\u015bcie\u0144 SiC (pier\u015bcie\u0144 z w\u0119glika krzemu) jest wysokowydajnym komponentem szeroko stosowanym w p\u00f3\u0142przewodnikowych urz\u0105dzeniach do przetwarzania plazmowego, w szczeg\u00f3lno\u015bci w komorach trawienia i osadzania. Wyprodukowany przy u\u017cyciu chemicznego osadzania z fazy gazowej (CVD) w\u0119glika krzemu, produkt ten oferuje wyj\u0105tkow\u0105 odporno\u015b\u0107 na erozj\u0119 plazmow\u0105, wysok\u0105 temperatur\u0119 i agresywne \u015brodowiska chemiczne.<\/p>\n<p data-start=\"579\" data-end=\"989\">W produkcji p\u00f3\u0142przewodnik\u00f3w elementy komory s\u0105 stale nara\u017cone na dzia\u0142anie gaz\u00f3w reaktywnych, takich jak chemikalia na bazie fluoru i chloru (CF\u2084, SF\u2086, Cl\u2082), a tak\u017ce bombardowanie jonami o wysokiej energii. W takich warunkach tradycyjne komponenty krzemowe ulegaj\u0105 szybszej degradacji. Z kolei pier\u015bcienie SiC zapewniaj\u0105 znacznie wi\u0119ksz\u0105 trwa\u0142o\u015b\u0107, mniejsze wytwarzanie cz\u0105stek i lepsz\u0105 stabilno\u015b\u0107 procesu.<\/p>\n<p data-start=\"991\" data-end=\"1355\">Dzi\u0119ki wyj\u0105tkowej wytrzyma\u0142o\u015bci mechanicznej, przewodno\u015bci cieplnej i oboj\u0119tno\u015bci chemicznej, CVD SiC jest uwa\u017cany za jeden z najbardziej niezawodnych materia\u0142\u00f3w do urz\u0105dze\u0144 p\u00f3\u0142przewodnikowych nowej generacji. Pier\u015bcienie SiC s\u0105 zwykle instalowane jako pier\u015bcienie ogniskuj\u0105ce, pier\u015bcienie kraw\u0119dziowe lub pier\u015bcienie ochronne komory, pomagaj\u0105c kontrolowa\u0107 dystrybucj\u0119 plazmy i chroni\u0107 krytyczne cz\u0119\u015bci komory.<\/p>\n<p data-start=\"1357\" data-end=\"1595\">Pier\u015bcienie te s\u0105 klasyfikowane jako krytyczne p\u00f3\u0142przewodnikowe materia\u0142y eksploatacyjne, oferuj\u0105c znacznie d\u0142u\u017csz\u0105 \u017cywotno\u015b\u0107 w por\u00f3wnaniu do konwencjonalnych pier\u015bcieni krzemowych, co czyni je idealnymi do zaawansowanych w\u0119z\u0142\u00f3w procesowych i \u015brodowisk produkcyjnych o wysokiej wydajno\u015bci.<\/p>\n<hr data-start=\"1597\" data-end=\"1600\" \/>\n<h2 data-section-id=\"1wht24f\" data-start=\"1602\" data-end=\"1622\">Kluczowe cechy<\/h2>\n<p><img decoding=\"async\" class=\"size-medium wp-image-2390 alignright\" src=\"https:\/\/www.zmsh-semitech.com\/wp-content\/uploads\/2026\/04\/CVD-Silicon-Carbide-SiC-Ring-for-Semiconductor-Plasma-Etching-2-300x300.png\" alt=\"\" width=\"300\" height=\"300\" srcset=\"https:\/\/www.zmsh-semitech.com\/wp-content\/uploads\/2026\/04\/CVD-Silicon-Carbide-SiC-Ring-for-Semiconductor-Plasma-Etching-2-300x300.png 300w, https:\/\/www.zmsh-semitech.com\/wp-content\/uploads\/2026\/04\/CVD-Silicon-Carbide-SiC-Ring-for-Semiconductor-Plasma-Etching-2-150x150.png 150w, https:\/\/www.zmsh-semitech.com\/wp-content\/uploads\/2026\/04\/CVD-Silicon-Carbide-SiC-Ring-for-Semiconductor-Plasma-Etching-2-768x768.png 768w, https:\/\/www.zmsh-semitech.com\/wp-content\/uploads\/2026\/04\/CVD-Silicon-Carbide-SiC-Ring-for-Semiconductor-Plasma-Etching-2-12x12.png 12w, https:\/\/www.zmsh-semitech.com\/wp-content\/uploads\/2026\/04\/CVD-Silicon-Carbide-SiC-Ring-for-Semiconductor-Plasma-Etching-2-600x600.png 600w, https:\/\/www.zmsh-semitech.com\/wp-content\/uploads\/2026\/04\/CVD-Silicon-Carbide-SiC-Ring-for-Semiconductor-Plasma-Etching-2-100x100.png 100w, https:\/\/www.zmsh-semitech.com\/wp-content\/uploads\/2026\/04\/CVD-Silicon-Carbide-SiC-Ring-for-Semiconductor-Plasma-Etching-2.png 1000w\" sizes=\"(max-width: 300px) 100vw, 300px\" \/><\/p>\n<ul data-start=\"1623\" data-end=\"2189\">\n<li data-section-id=\"185xteb\" data-start=\"1623\" data-end=\"1725\">Materia\u0142 CVD SiC o wysokiej czysto\u015bci: Zapewnia doskona\u0142\u0105 integralno\u015b\u0107 strukturaln\u0105 i minimalne zanieczyszczenie.<\/li>\n<li data-section-id=\"103qh1t\" data-start=\"1726\" data-end=\"1822\">Wyj\u0105tkowa odporno\u015b\u0107 na dzia\u0142anie plazmy: Doskona\u0142a odporno\u015b\u0107 na dzia\u0142anie plazmy na bazie fluoru i chloru.<\/li>\n<li data-section-id=\"19jl5gi\" data-start=\"1823\" data-end=\"1924\">Stabilno\u015b\u0107 w wysokich temperaturach: Utrzymuje wydajno\u015b\u0107 w \u015brodowiskach przetwarzania w wysokich temperaturach.<\/li>\n<li data-section-id=\"ixqmoc\" data-start=\"1925\" data-end=\"2002\">Niski poziom generowanych cz\u0105stek: Poprawia wydajno\u015b\u0107 wafli i czysto\u015b\u0107 procesu<\/li>\n<li data-section-id=\"nx34my\" data-start=\"2003\" data-end=\"2084\">Wyd\u0142u\u017cona \u017cywotno\u015b\u0107: Zazwyczaj kilkukrotnie d\u0142u\u017csza ni\u017c w przypadku komponent\u00f3w krzemowych<\/li>\n<li data-section-id=\"14jsdwf\" data-start=\"2085\" data-end=\"2189\">Precyzyjna obr\u00f3bka: W\u0105skie tolerancje (&lt;10 \u03bcm) dla bezproblemowej integracji z narz\u0119dziami p\u00f3\u0142przewodnikowymi<\/li>\n<\/ul>\n<hr data-start=\"2191\" data-end=\"2194\" \/>\n<h2 data-section-id=\"1vgwxle\" data-start=\"2196\" data-end=\"2228\">Specyfikacja techniczna<\/h2>\n<div class=\"TyagGW_tableContainer\">\n<div class=\"group TyagGW_tableWrapper flex flex-col-reverse w-fit\" tabindex=\"-1\">\n<table class=\"w-fit min-w-(--thread-content-width)\" data-start=\"2230\" data-end=\"2883\">\n<thead data-start=\"2230\" data-end=\"2259\">\n<tr data-start=\"2230\" data-end=\"2259\">\n<th class=\"\" data-start=\"2230\" data-end=\"2242\" data-col-size=\"sm\">Parametr<\/th>\n<th class=\"\" data-start=\"2242\" data-end=\"2259\" data-col-size=\"md\">Specyfikacja<\/th>\n<\/tr>\n<\/thead>\n<tbody data-start=\"2287\" data-end=\"2883\">\n<tr data-start=\"2287\" data-end=\"2327\">\n<td data-start=\"2287\" data-end=\"2298\" data-col-size=\"sm\">Materia\u0142<\/td>\n<td data-col-size=\"md\" data-start=\"2298\" data-end=\"2327\">W\u0119glik krzemu (SiC) CVD<\/td>\n<\/tr>\n<tr data-start=\"2328\" data-end=\"2348\">\n<td data-start=\"2328\" data-end=\"2337\" data-col-size=\"sm\">Czysto\u015b\u0107<\/td>\n<td data-col-size=\"md\" data-start=\"2337\" data-end=\"2348\">\u2265 99,9%<\/td>\n<\/tr>\n<tr data-start=\"2349\" data-end=\"2374\">\n<td data-start=\"2349\" data-end=\"2359\" data-col-size=\"sm\">G\u0119sto\u015b\u0107<\/td>\n<td data-col-size=\"md\" data-start=\"2359\" data-end=\"2374\">\u2265 3,1 g\/cm\u00b3<\/td>\n<\/tr>\n<tr data-start=\"2375\" data-end=\"2408\">\n<td data-start=\"2375\" data-end=\"2392\" data-col-size=\"sm\">\u015arednica (maks.)<\/td>\n<td data-col-size=\"md\" data-start=\"2392\" data-end=\"2408\">Do 370 mm<\/td>\n<\/tr>\n<tr data-start=\"2409\" data-end=\"2451\">\n<td data-start=\"2409\" data-end=\"2421\" data-col-size=\"sm\">Grubo\u015b\u0107<\/td>\n<td data-col-size=\"md\" data-start=\"2421\" data-end=\"2451\">Niestandardowe (zazwyczaj 5-30 mm)<\/td>\n<\/tr>\n<tr data-start=\"2452\" data-end=\"2487\">\n<td data-start=\"2452\" data-end=\"2472\" data-col-size=\"sm\">Rezystywno\u015b\u0107 (niska)<\/td>\n<td data-col-size=\"md\" data-start=\"2472\" data-end=\"2487\">&lt; 0,02 \u03a9-cm<\/td>\n<\/tr>\n<tr data-start=\"2488\" data-end=\"2528\">\n<td data-start=\"2488\" data-end=\"2511\" data-col-size=\"sm\">Rezystywno\u015b\u0107 (\u015brednia)<\/td>\n<td data-col-size=\"md\" data-start=\"2511\" data-end=\"2528\">0,2 - 25 \u03a9-cm<\/td>\n<\/tr>\n<tr data-start=\"2529\" data-end=\"2564\">\n<td data-start=\"2529\" data-end=\"2550\" data-col-size=\"sm\">Rezystywno\u015b\u0107 (wysoka)<\/td>\n<td data-col-size=\"md\" data-start=\"2550\" data-end=\"2564\">&gt; 100 \u03a9-cm<\/td>\n<\/tr>\n<tr data-start=\"2565\" data-end=\"2604\">\n<td data-start=\"2565\" data-end=\"2596\" data-col-size=\"sm\">Jednorodno\u015b\u0107 rezystywno\u015bci (RRG)<\/td>\n<td data-col-size=\"md\" data-start=\"2596\" data-end=\"2604\">&lt; 5%<\/td>\n<\/tr>\n<tr data-start=\"2605\" data-end=\"2670\">\n<td data-start=\"2605\" data-end=\"2625\" data-col-size=\"sm\">Stan powierzchni<\/td>\n<td data-col-size=\"md\" data-start=\"2625\" data-end=\"2670\">Szlifowany (polerowanie dost\u0119pne na \u017cyczenie)<\/td>\n<\/tr>\n<tr data-start=\"2671\" data-end=\"2723\">\n<td data-start=\"2671\" data-end=\"2696\" data-col-size=\"sm\">Chropowato\u015b\u0107 powierzchni (Ra)<\/td>\n<td data-col-size=\"md\" data-start=\"2696\" data-end=\"2723\">\u2264 1,6 \u03bcm (z mo\u017cliwo\u015bci\u0105 dostosowania)<\/td>\n<\/tr>\n<tr data-start=\"2724\" data-end=\"2757\">\n<td data-start=\"2724\" data-end=\"2746\" data-col-size=\"sm\">Precyzja obr\u00f3bki<\/td>\n<td data-col-size=\"md\" data-start=\"2746\" data-end=\"2757\">&lt; 10 \u03bcm<\/td>\n<\/tr>\n<tr data-start=\"2758\" data-end=\"2799\">\n<td data-start=\"2758\" data-end=\"2781\" data-col-size=\"sm\">Przewodno\u015b\u0107 cieplna<\/td>\n<td data-col-size=\"md\" data-start=\"2781\" data-end=\"2799\">~120-200 W\/m-K<\/td>\n<\/tr>\n<tr data-start=\"2800\" data-end=\"2824\">\n<td data-start=\"2800\" data-end=\"2811\" data-col-size=\"sm\">Twardo\u015b\u0107<\/td>\n<td data-col-size=\"md\" data-start=\"2811\" data-end=\"2824\">~9,2 w skali Mohsa<\/td>\n<\/tr>\n<tr data-start=\"2825\" data-end=\"2883\">\n<td data-start=\"2825\" data-end=\"2843\" data-col-size=\"sm\">Kontrola jako\u015bci<\/td>\n<td data-col-size=\"md\" data-start=\"2843\" data-end=\"2883\">Bez p\u0119kni\u0119\u0107, odprysk\u00f3w, zanieczyszcze\u0144<\/td>\n<\/tr>\n<\/tbody>\n<\/table>\n<\/div>\n<\/div>\n<hr data-start=\"2885\" data-end=\"2888\" \/>\n<h2 data-section-id=\"1gggyhy\" data-start=\"2890\" data-end=\"2910\">Zastosowania<\/h2>\n<p data-start=\"2911\" data-end=\"3025\">Pier\u015bcienie SiC s\u0105 niezb\u0119dnymi komponentami w sprz\u0119cie p\u00f3\u0142przewodnikowym, gdzie trwa\u0142o\u015b\u0107 i odporno\u015b\u0107 na plazm\u0119 maj\u0105 kluczowe znaczenie:<\/p>\n<ul data-start=\"3027\" data-end=\"3241\">\n<li data-section-id=\"qzqq98\" data-start=\"3027\" data-end=\"3065\">Systemy trawienia plazmowego (ICP \/ RIE)<\/li>\n<li data-section-id=\"1iourx1\" data-start=\"3066\" data-end=\"3109\">Chemiczne osadzanie z fazy gazowej (CVD \/ PECVD)<\/li>\n<li data-section-id=\"yfc3l\" data-start=\"3110\" data-end=\"3149\">Zastosowania pier\u015bcienia ostro\u015bci \/ pier\u015bcienia kraw\u0119dziowego<\/li>\n<li data-section-id=\"14j8f1u\" data-start=\"3150\" data-end=\"3193\">Wyk\u0142adzina komory i elementy zabezpieczaj\u0105ce<\/li>\n<li data-section-id=\"1l8pbfg\" data-start=\"3194\" data-end=\"3241\">\u015arodowiska przetwarzania plazmowego o wysokiej g\u0119sto\u015bci<\/li>\n<\/ul>\n<p data-start=\"3243\" data-end=\"3383\">S\u0105 one szczeg\u00f3lnie odpowiednie dla zaawansowanych w\u0119z\u0142\u00f3w i trudnych proces\u00f3w wytrawiania, w kt\u00f3rych komponenty krzemowe nie mog\u0105 spe\u0142ni\u0107 wymaga\u0144 dotycz\u0105cych \u017cywotno\u015bci.<\/p>\n<p data-start=\"3243\" data-end=\"3383\"><img decoding=\"async\" class=\"aligncenter wp-image-2393 size-large\" src=\"https:\/\/www.zmsh-semitech.com\/wp-content\/uploads\/2026\/04\/V-XNjEkVLOxdQ3vNkqwRlwTnQIJEWLvn8yKCuqVOt3LGwjYhcj9HcJSqdlRSxOCdMdZ33IUySbpwQnVceltXtWhkg6VNrYi_ptiSJF92Api4RpFrek_-pbJFl5pgNytSMfwNYWSx43dQ6jT4QYV9yjBEYcR61Je4jzErkENr5eeHHxdHesqnUnHvdt1ORiva-1024x511.jpg\" alt=\"\" width=\"1024\" height=\"511\" srcset=\"https:\/\/www.zmsh-semitech.com\/wp-content\/uploads\/2026\/04\/V-XNjEkVLOxdQ3vNkqwRlwTnQIJEWLvn8yKCuqVOt3LGwjYhcj9HcJSqdlRSxOCdMdZ33IUySbpwQnVceltXtWhkg6VNrYi_ptiSJF92Api4RpFrek_-pbJFl5pgNytSMfwNYWSx43dQ6jT4QYV9yjBEYcR61Je4jzErkENr5eeHHxdHesqnUnHvdt1ORiva-1024x511.jpg 1024w, https:\/\/www.zmsh-semitech.com\/wp-content\/uploads\/2026\/04\/V-XNjEkVLOxdQ3vNkqwRlwTnQIJEWLvn8yKCuqVOt3LGwjYhcj9HcJSqdlRSxOCdMdZ33IUySbpwQnVceltXtWhkg6VNrYi_ptiSJF92Api4RpFrek_-pbJFl5pgNytSMfwNYWSx43dQ6jT4QYV9yjBEYcR61Je4jzErkENr5eeHHxdHesqnUnHvdt1ORiva-300x150.jpg 300w, https:\/\/www.zmsh-semitech.com\/wp-content\/uploads\/2026\/04\/V-XNjEkVLOxdQ3vNkqwRlwTnQIJEWLvn8yKCuqVOt3LGwjYhcj9HcJSqdlRSxOCdMdZ33IUySbpwQnVceltXtWhkg6VNrYi_ptiSJF92Api4RpFrek_-pbJFl5pgNytSMfwNYWSx43dQ6jT4QYV9yjBEYcR61Je4jzErkENr5eeHHxdHesqnUnHvdt1ORiva-768x383.jpg 768w, https:\/\/www.zmsh-semitech.com\/wp-content\/uploads\/2026\/04\/V-XNjEkVLOxdQ3vNkqwRlwTnQIJEWLvn8yKCuqVOt3LGwjYhcj9HcJSqdlRSxOCdMdZ33IUySbpwQnVceltXtWhkg6VNrYi_ptiSJF92Api4RpFrek_-pbJFl5pgNytSMfwNYWSx43dQ6jT4QYV9yjBEYcR61Je4jzErkENr5eeHHxdHesqnUnHvdt1ORiva-18x9.jpg 18w, https:\/\/www.zmsh-semitech.com\/wp-content\/uploads\/2026\/04\/V-XNjEkVLOxdQ3vNkqwRlwTnQIJEWLvn8yKCuqVOt3LGwjYhcj9HcJSqdlRSxOCdMdZ33IUySbpwQnVceltXtWhkg6VNrYi_ptiSJF92Api4RpFrek_-pbJFl5pgNytSMfwNYWSx43dQ6jT4QYV9yjBEYcR61Je4jzErkENr5eeHHxdHesqnUnHvdt1ORiva-600x299.jpg 600w, https:\/\/www.zmsh-semitech.com\/wp-content\/uploads\/2026\/04\/V-XNjEkVLOxdQ3vNkqwRlwTnQIJEWLvn8yKCuqVOt3LGwjYhcj9HcJSqdlRSxOCdMdZ33IUySbpwQnVceltXtWhkg6VNrYi_ptiSJF92Api4RpFrek_-pbJFl5pgNytSMfwNYWSx43dQ6jT4QYV9yjBEYcR61Je4jzErkENr5eeHHxdHesqnUnHvdt1ORiva.jpg 1080w\" sizes=\"(max-width: 1024px) 100vw, 1024px\" \/><\/p>\n<hr data-start=\"3385\" data-end=\"3388\" \/>\n<h2 data-section-id=\"j4gip\" data-start=\"3390\" data-end=\"3436\">Dlaczego warto wybra\u0107 pier\u015bcie\u0144 SiC zamiast pier\u015bcienia krzemowego?<\/h2>\n<p data-start=\"3437\" data-end=\"3702\">W por\u00f3wnaniu do tradycyjnych pier\u015bcieni krzemowych, pier\u015bcienie SiC oferuj\u0105 znaczn\u0105 popraw\u0119 \u017cywotno\u015bci i stabilno\u015bci procesu. Podczas gdy pier\u015bcienie krzemowe s\u0105 pocz\u0105tkowo bardziej op\u0142acalne, zu\u017cywaj\u0105 si\u0119 szybciej w agresywnych warunkach plazmowych i wymagaj\u0105 cz\u0119stszej wymiany.<\/p>\n<p data-start=\"3704\" data-end=\"3742\">Z drugiej strony pier\u015bcienie SiC zapewniaj\u0105:<\/p>\n<ul data-start=\"3743\" data-end=\"3903\">\n<li data-section-id=\"17mv8nk\" data-start=\"3743\" data-end=\"3772\">3-10\u00d7 d\u0142u\u017csza \u017cywotno\u015b\u0107<\/li>\n<li data-section-id=\"16lo0t8\" data-start=\"3773\" data-end=\"3820\">Lepsza odporno\u015b\u0107 na korozj\u0119 chemiczn\u0105<\/li>\n<li data-section-id=\"19uuz0f\" data-start=\"3821\" data-end=\"3857\">Mniejsze zanieczyszczenie cz\u0105steczkami<\/li>\n<li data-section-id=\"uhpkja\" data-start=\"3858\" data-end=\"3903\">Kr\u00f3tszy czas przestoju i ni\u017csze koszty konserwacji<\/li>\n<\/ul>\n<p data-start=\"3905\" data-end=\"4056\">W przypadku produkcji wysokiej klasy p\u00f3\u0142przewodnik\u00f3w, ca\u0142kowity koszt posiadania (TCO) jest cz\u0119sto ni\u017cszy w przypadku korzystania z komponent\u00f3w SiC, pomimo ich wy\u017cszych koszt\u00f3w pocz\u0105tkowych.<\/p>\n<p data-start=\"3905\" data-end=\"4056\"><img loading=\"lazy\" decoding=\"async\" class=\"wp-image-2383 size-large aligncenter\" src=\"https:\/\/www.zmsh-semitech.com\/wp-content\/uploads\/2026\/04\/\u5fae\u4fe1\u56fe\u7247_20260423181006_366_381-1024x486.png\" alt=\"\" width=\"1024\" height=\"486\" srcset=\"\" sizes=\"(max-width: 1024px) 100vw, 1024px\" data-srcset=\"\" \/><\/p>\n<hr data-start=\"4058\" data-end=\"4061\" \/>\n<h2 data-section-id=\"cpu4ih\" data-start=\"4063\" data-end=\"4074\">FAQ<\/h2>\n<p data-start=\"4076\" data-end=\"4283\">P1: Czy pier\u015bcie\u0144 SiC jest produktem eksploatacyjnym?<br data-start=\"4121\" data-end=\"4124\" \/>Tak, jest uwa\u017cany za krytyczny p\u00f3\u0142przewodnikowy materia\u0142 eksploatacyjny. Chocia\u017c ma d\u0142u\u017csz\u0105 \u017cywotno\u015b\u0107 ni\u017c cz\u0119\u015bci krzemowe, w ko\u0144cu zu\u017cyje si\u0119 pod wp\u0142ywem ekspozycji na plazm\u0119.<\/p>\n<p data-start=\"4285\" data-end=\"4492\">P2: Jaka jest zaleta materia\u0142u CVD SiC?<br data-start=\"4335\" data-end=\"4338\" \/>SiC CVD zapewnia niezwykle wysok\u0105 czysto\u015b\u0107, g\u0119st\u0105 struktur\u0119 i doskona\u0142\u0105 odporno\u015b\u0107 na plazm\u0119 i chemikalia, dzi\u0119ki czemu idealnie nadaje si\u0119 do zastosowa\u0144 p\u00f3\u0142przewodnikowych.<\/p>\n<p data-start=\"4494\" data-end=\"4668\">P3: Czy pier\u015bcie\u0144 SiC mo\u017cna dostosowa\u0107?<br data-start=\"4533\" data-end=\"4536\" \/>Tak. \u015arednica, grubo\u015b\u0107, rezystywno\u015b\u0107 i wyko\u0144czenie powierzchni mo\u017cna dostosowa\u0107 na podstawie rysunk\u00f3w lub wymaga\u0144 sprz\u0119towych.<\/p>\n<p data-start=\"4670\" data-end=\"4814\">P4: Jak d\u0142ugo wytrzymuje pier\u015bcie\u0144 SiC w por\u00f3wnaniu do pier\u015bcienia krzemowego?<br data-start=\"4735\" data-end=\"4738\" \/>Zazwyczaj pier\u015bcienie SiC wytrzymuj\u0105 3-10 razy d\u0142u\u017cej w zale\u017cno\u015bci od warunk\u00f3w procesu.<\/p>\n<p data-start=\"4816\" data-end=\"4928\">P5: Jaki jest czas realizacji zam\u00f3wienia?<br data-start=\"4846\" data-end=\"4849\" \/>Produkcja trwa zwykle od 4 do 8 tygodni w zale\u017cno\u015bci od z\u0142o\u017cono\u015bci projektu i ilo\u015bci.<\/p>","protected":false},"excerpt":{"rendered":"<p>Pier\u015bcie\u0144 SiC (pier\u015bcie\u0144 z w\u0119glika krzemu) jest wysokowydajnym komponentem szeroko stosowanym w p\u00f3\u0142przewodnikowych urz\u0105dzeniach do przetwarzania plazmowego, w szczeg\u00f3lno\u015bci w komorach trawienia i osadzania. Wyprodukowany przy u\u017cyciu chemicznego osadzania z fazy gazowej (CVD) w\u0119glika krzemu, produkt ten oferuje wyj\u0105tkow\u0105 odporno\u015b\u0107 na erozj\u0119 plazmow\u0105, wysok\u0105 temperatur\u0119 i agresywne \u015brodowiska chemiczne.<\/p>","protected":false},"featured_media":2392,"comment_status":"open","ping_status":"closed","template":"","meta":{"site-sidebar-layout":"default","site-content-layout":"","ast-site-content-layout":"default","site-content-style":"default","site-sidebar-style":"default","ast-global-header-display":"","ast-banner-title-visibility":"","ast-main-header-display":"","ast-hfb-above-header-display":"","ast-hfb-below-header-display":"","ast-hfb-mobile-header-display":"","site-post-title":"","ast-breadcrumbs-content":"","ast-featured-img":"","footer-sml-layout":"","ast-disable-related-posts":"","theme-transparent-header-meta":"default","adv-header-id-meta":"","stick-header-meta":"default","header-above-stick-meta":"","header-main-stick-meta":"","header-below-stick-meta":"","astra-migrate-meta-layouts":"set","ast-page-background-enabled":"default","ast-page-background-meta":{"desktop":{"background-color":"var(--ast-global-color-4)","background-image":"","background-repeat":"repeat","background-position":"center center","background-size":"auto","background-attachment":"scroll","background-type":"","background-media":"","overlay-type":"","overlay-color":"","overlay-opacity":"","overlay-gradient":""},"tablet":{"background-color":"","background-image":"","background-repeat":"repeat","background-position":"center center","background-size":"auto","background-attachment":"scroll","background-type":"","background-media":"","overlay-type":"","overlay-color":"","overlay-opacity":"","overlay-gradient":""},"mobile":{"background-color":"","background-image":"","background-repeat":"repeat","background-position":"center center","background-size":"auto","background-attachment":"scroll","background-type":"","background-media":"","overlay-type":"","overlay-color":"","overlay-opacity":"","overlay-gradient":""}},"ast-content-background-meta":{"desktop":{"background-color":"var(--ast-global-color-5)","background-image":"","background-repeat":"repeat","background-position":"center center","background-size":"auto","background-attachment":"scroll","background-type":"","background-media":"","overlay-type":"","overlay-color":"","overlay-opacity":"","overlay-gradient":""},"tablet":{"background-color":"var(--ast-global-color-5)","background-image":"","background-repeat":"repeat","background-position":"center center","background-size":"auto","background-attachment":"scroll","background-type":"","background-media":"","overlay-type":"","overlay-color":"","overlay-opacity":"","overlay-gradient":""},"mobile":{"background-color":"var(--ast-global-color-5)","background-image":"","background-repeat":"repeat","background-position":"center center","background-size":"auto","background-attachment":"scroll","background-type":"","background-media":"","overlay-type":"","overlay-color":"","overlay-opacity":"","overlay-gradient":""}}},"product_brand":[],"product_cat":[1212],"product_tag":[1247,1235,1239,1238,1243,1246,1237,1242,1241,1236,1245,1240,1244,1233,1234],"class_list":{"0":"post-2389","1":"product","2":"type-product","3":"status-publish","4":"has-post-thumbnail","6":"product_cat-semiconductor-consumables","7":"product_tag-cvd-sic-components","8":"product_tag-cvd-sic-ring","9":"product_tag-edge-ring-sic","10":"product_tag-focus-ring-semiconductor","11":"product_tag-high-temperature-ceramic-ring","12":"product_tag-icp-rie-ring","13":"product_tag-plasma-etching-ring","14":"product_tag-plasma-resistant-materials","15":"product_tag-semiconductor-chamber-parts","16":"product_tag-semiconductor-sic-component","17":"product_tag-semiconductor-wear-parts","18":"product_tag-sic-consumables-semiconductor","19":"product_tag-sic-liner-ring","20":"product_tag-sic-ring","21":"product_tag-silicon-carbide-ring","22":"desktop-align-left","23":"tablet-align-left","24":"mobile-align-left","25":"ast-product-gallery-layout-horizontal-slider","26":"ast-product-gallery-with-no-image","27":"ast-product-tabs-layout-horizontal","29":"first","30":"instock","31":"shipping-taxable","32":"product-type-simple"},"_links":{"self":[{"href":"https:\/\/www.zmsh-semitech.com\/pl\/wp-json\/wp\/v2\/product\/2389","targetHints":{"allow":["GET"]}}],"collection":[{"href":"https:\/\/www.zmsh-semitech.com\/pl\/wp-json\/wp\/v2\/product"}],"about":[{"href":"https:\/\/www.zmsh-semitech.com\/pl\/wp-json\/wp\/v2\/types\/product"}],"replies":[{"embeddable":true,"href":"https:\/\/www.zmsh-semitech.com\/pl\/wp-json\/wp\/v2\/comments?post=2389"}],"version-history":[{"count":2,"href":"https:\/\/www.zmsh-semitech.com\/pl\/wp-json\/wp\/v2\/product\/2389\/revisions"}],"predecessor-version":[{"id":2395,"href":"https:\/\/www.zmsh-semitech.com\/pl\/wp-json\/wp\/v2\/product\/2389\/revisions\/2395"}],"wp:featuredmedia":[{"embeddable":true,"href":"https:\/\/www.zmsh-semitech.com\/pl\/wp-json\/wp\/v2\/media\/2392"}],"wp:attachment":[{"href":"https:\/\/www.zmsh-semitech.com\/pl\/wp-json\/wp\/v2\/media?parent=2389"}],"wp:term":[{"taxonomy":"product_brand","embeddable":true,"href":"https:\/\/www.zmsh-semitech.com\/pl\/wp-json\/wp\/v2\/product_brand?post=2389"},{"taxonomy":"product_cat","embeddable":true,"href":"https:\/\/www.zmsh-semitech.com\/pl\/wp-json\/wp\/v2\/product_cat?post=2389"},{"taxonomy":"product_tag","embeddable":true,"href":"https:\/\/www.zmsh-semitech.com\/pl\/wp-json\/wp\/v2\/product_tag?post=2389"}],"curies":[{"name":"wp","href":"https:\/\/api.w.org\/{rel}","templated":true}]}}