{"id":2360,"date":"2026-04-22T07:08:49","date_gmt":"2026-04-22T07:08:49","guid":{"rendered":"https:\/\/www.zmsh-semitech.com\/?post_type=product&#038;p=2360"},"modified":"2026-04-22T07:13:29","modified_gmt":"2026-04-22T07:13:29","slug":"ai350ht-medium-beam-high-temperature-ion-implantation-system-for-6-8-inch-sic-and-silicon-wafer-processing","status":"publish","type":"product","link":"https:\/\/www.zmsh-semitech.com\/pl\/product\/ai350ht-medium-beam-high-temperature-ion-implantation-system-for-6-8-inch-sic-and-silicon-wafer-processing\/","title":{"rendered":"System implantacji jonowej Ai350HT o \u015bredniej wi\u0105zce i wysokiej temperaturze do przetwarzania wafli SiC i krzemowych 6\/8 cala"},"content":{"rendered":"<p data-start=\"193\" data-end=\"519\"><img fetchpriority=\"high\" decoding=\"async\" class=\"alignright wp-image-2361 size-medium\" src=\"https:\/\/www.zmsh-semitech.com\/wp-content\/uploads\/2026\/04\/AI350t-300x300.png\" alt=\"System implantacji jonowej Ai350HT o \u015bredniej wi\u0105zce i wysokiej temperaturze do przetwarzania wafli SiC i krzemowych 6\/8 cala\" width=\"300\" height=\"300\" srcset=\"https:\/\/www.zmsh-semitech.com\/wp-content\/uploads\/2026\/04\/AI350t-300x300.png 300w, https:\/\/www.zmsh-semitech.com\/wp-content\/uploads\/2026\/04\/AI350t-150x150.png 150w, https:\/\/www.zmsh-semitech.com\/wp-content\/uploads\/2026\/04\/AI350t-768x768.png 768w, https:\/\/www.zmsh-semitech.com\/wp-content\/uploads\/2026\/04\/AI350t-12x12.png 12w, https:\/\/www.zmsh-semitech.com\/wp-content\/uploads\/2026\/04\/AI350t-600x600.png 600w, https:\/\/www.zmsh-semitech.com\/wp-content\/uploads\/2026\/04\/AI350t-100x100.png 100w, https:\/\/www.zmsh-semitech.com\/wp-content\/uploads\/2026\/04\/AI350t.png 1000w\" sizes=\"(max-width: 300px) 100vw, 300px\" \/>Wysokotemperaturowy system implantacji jon\u00f3w Ai350HT (Medium Beam) jest przeznaczony do 6-calowych i 8-calowych linii produkcyjnych p\u00f3\u0142przewodnikowych p\u0142ytek krzemowych, a tak\u017ce do zastosowa\u0144 w procesach SiC. Jest to \u015bredniopr\u0105dowy implantator jon\u00f3w opracowany do wysokoenergetycznych i wysokotemperaturowych proces\u00f3w domieszkowania w zaawansowanej produkcji p\u00f3\u0142przewodnik\u00f3w.<\/p>\n<p data-start=\"521\" data-end=\"969\">System obs\u0142uguje zakres energii od 5 keV do 350 keV, umo\u017cliwiaj\u0105c zar\u00f3wno p\u0142ytk\u0105, jak i g\u0142\u0119bok\u0105 implantacj\u0119. Jest on wyposa\u017cony w wysokotemperaturowy uchwyt elektrostatyczny zdolny do pracy w temperaturze do 500\u00b0C, co pozwala na lepsz\u0105 aktywacj\u0119 domieszek i zmniejszenie uszkodze\u0144 siatki podczas implantacji. W po\u0142\u0105czeniu ze stabiln\u0105 wydajno\u015bci\u0105 wi\u0105zki i wysok\u0105 precyzj\u0105 sterowania, system nadaje si\u0119 zar\u00f3wno do produkcji p\u00f3\u0142przewodnik\u00f3w na bazie krzemu, jak i p\u00f3\u0142przewodnik\u00f3w z szerokim pasmem wzbronionym.<\/p>\n<hr data-start=\"971\" data-end=\"974\" \/>\n<h2 data-section-id=\"1d7mrtu\" data-start=\"976\" data-end=\"987\">Cechy<\/h2>\n<h3 data-section-id=\"1b6a5ze\" data-start=\"989\" data-end=\"1033\">Mo\u017cliwo\u015b\u0107 implantacji w wysokiej temperaturze<\/h3>\n<p data-start=\"1034\" data-end=\"1198\">Wyposa\u017cony w wysokotemperaturowy uchwyt elektrostatyczny obs\u0142uguj\u0105cy temperatur\u0119 do 500\u00b0C, umo\u017cliwiaj\u0105cy lepsz\u0105 wydajno\u015b\u0107 implantacji i aktywacj\u0119 domieszek w zaawansowanych procesach.<\/p>\n<h3 data-section-id=\"ox5pwk\" data-start=\"1200\" data-end=\"1221\">Szeroki zakres energii<\/h3>\n<p data-start=\"1222\" data-end=\"1355\">Zakres energii od 5 do 350 keV pozwala na elastyczn\u0105 implantacj\u0119, od tworzenia p\u0142ytkich po\u0142\u0105cze\u0144 po procesy g\u0142\u0119bokiej implantacji.<\/p>\n<h3 data-section-id=\"1czdwpe\" data-start=\"1357\" data-end=\"1388\">Precyzyjna kontrola wi\u0105zki<\/h3>\n<p data-start=\"1389\" data-end=\"1529\">Zapewnia dok\u0142adn\u0105 wydajno\u015b\u0107 implantacji z dok\u0142adno\u015bci\u0105 k\u0105ta \u2264 0,2\u00b0, r\u00f3wnoleg\u0142o\u015bci\u0105 wi\u0105zki \u2264 0,2\u00b0, jednorodno\u015bci\u0105 \u2264 0,5% i powtarzalno\u015bci\u0105 \u2264 0,5%.<\/p>\n<h3 data-section-id=\"173z83c\" data-start=\"1531\" data-end=\"1558\">Stabilna wydajno\u015b\u0107 wi\u0105zki<\/h3>\n<p data-start=\"1559\" data-end=\"1675\">Stabilno\u015b\u0107 wi\u0105zki jest kontrolowana w zakresie 10% na godzin\u0119, zapewniaj\u0105c sta\u0142\u0105 jako\u015b\u0107 procesu podczas d\u0142ugich cykli produkcyjnych.<\/p>\n<h3 data-section-id=\"199k9bm\" data-start=\"1677\" data-end=\"1701\">\u0179r\u00f3d\u0142o jon\u00f3w o d\u0142ugiej \u017cywotno\u015bci<\/h3>\n<p data-start=\"1702\" data-end=\"1825\">Wyposa\u017cony w \u017ar\u00f3d\u0142o jon\u00f3w metalu Al o \u017cywotno\u015bci \u2265150 godzin, co zmniejsza cz\u0119stotliwo\u015b\u0107 konserwacji i poprawia czas pracy.<\/p>\n<h3 data-section-id=\"8aw6q\" data-start=\"1827\" data-end=\"1857\">Wysoka przepustowo\u015b\u0107<\/h3>\n<p data-start=\"1858\" data-end=\"1955\">Obs\u0142uguje przepustowo\u015b\u0107 \u2265 200 p\u0142ytek na godzin\u0119, odpowiedni\u0105 dla \u015brodowisk produkcji p\u00f3\u0142przewodnik\u00f3w.<\/p>\n<h3 data-section-id=\"1alost9\" data-start=\"1957\" data-end=\"1991\">Zaawansowana kompatybilno\u015b\u0107 z procesami<\/h3>\n<p data-start=\"1992\" data-end=\"2081\">Kompatybilny z procesami SiC i konwencjonaln\u0105 produkcj\u0105 p\u00f3\u0142przewodnik\u00f3w na bazie krzemu.<\/p>\n<p data-start=\"1992\" data-end=\"2081\"><img decoding=\"async\" class=\"alignnone size-medium wp-image-2365 alignleft\" src=\"https:\/\/www.zmsh-semitech.com\/wp-content\/uploads\/2026\/04\/Quadrant-Implantation-291x300.webp\" alt=\"\" width=\"291\" height=\"300\" srcset=\"https:\/\/www.zmsh-semitech.com\/wp-content\/uploads\/2026\/04\/Quadrant-Implantation-291x300.webp 291w, https:\/\/www.zmsh-semitech.com\/wp-content\/uploads\/2026\/04\/Quadrant-Implantation-12x12.webp 12w, https:\/\/www.zmsh-semitech.com\/wp-content\/uploads\/2026\/04\/Quadrant-Implantation.webp 499w\" sizes=\"(max-width: 291px) 100vw, 291px\" \/><img decoding=\"async\" class=\"alignnone size-medium wp-image-2364 alignleft\" src=\"https:\/\/www.zmsh-semitech.com\/wp-content\/uploads\/2026\/04\/Annular-Implantation-267x300.webp\" alt=\"\" width=\"267\" height=\"300\" srcset=\"https:\/\/www.zmsh-semitech.com\/wp-content\/uploads\/2026\/04\/Annular-Implantation-267x300.webp 267w, https:\/\/www.zmsh-semitech.com\/wp-content\/uploads\/2026\/04\/Annular-Implantation-11x12.webp 11w, https:\/\/www.zmsh-semitech.com\/wp-content\/uploads\/2026\/04\/Annular-Implantation.webp 462w\" sizes=\"(max-width: 267px) 100vw, 267px\" \/><\/p>\n<hr data-start=\"2083\" data-end=\"2086\" \/>\n<h2 data-section-id=\"rkota4\" data-start=\"2088\" data-end=\"2109\">Kluczowe specyfikacje<\/h2>\n<h3 data-section-id=\"rc5knr\" data-start=\"2111\" data-end=\"2133\">Parametry procesu<\/h3>\n<div class=\"TyagGW_tableContainer\">\n<div class=\"group TyagGW_tableWrapper flex flex-col-reverse w-fit\" tabindex=\"-1\">\n<table class=\"w-fit min-w-(--thread-content-width)\" data-start=\"2135\" data-end=\"2322\">\n<thead data-start=\"2135\" data-end=\"2159\">\n<tr data-start=\"2135\" data-end=\"2159\">\n<th class=\"\" data-start=\"2135\" data-end=\"2142\" data-col-size=\"sm\">Pozycja<\/th>\n<th class=\"\" data-start=\"2142\" data-end=\"2159\" data-col-size=\"sm\">Specyfikacja<\/th>\n<\/tr>\n<\/thead>\n<tbody data-start=\"2184\" data-end=\"2322\">\n<tr data-start=\"2184\" data-end=\"2209\">\n<td data-start=\"2184\" data-end=\"2197\" data-col-size=\"sm\">Rozmiar wafla<\/td>\n<td data-col-size=\"sm\" data-start=\"2197\" data-end=\"2209\">6-8 cali<\/td>\n<\/tr>\n<tr data-start=\"2210\" data-end=\"2238\">\n<td data-start=\"2210\" data-end=\"2225\" data-col-size=\"sm\">Zakres energii<\/td>\n<td data-col-size=\"sm\" data-start=\"2225\" data-end=\"2238\">5-350 keV<\/td>\n<\/tr>\n<tr data-start=\"2239\" data-end=\"2286\">\n<td data-start=\"2239\" data-end=\"2260\" data-col-size=\"sm\">Wszczepione elementy<\/td>\n<td data-col-size=\"sm\" data-start=\"2260\" data-end=\"2286\">C, Al, B, P, N, He, Ar<\/td>\n<\/tr>\n<tr data-start=\"2287\" data-end=\"2322\">\n<td data-start=\"2287\" data-end=\"2300\" data-col-size=\"sm\">Zakres dawek<\/td>\n<td data-start=\"2300\" data-end=\"2322\" data-col-size=\"sm\">1E11-1E17 jon\u00f3w\/cm\u00b2<\/td>\n<\/tr>\n<\/tbody>\n<\/table>\n<\/div>\n<\/div>\n<h3 data-section-id=\"h0mtjp\" data-start=\"2329\" data-end=\"2349\">Wydajno\u015b\u0107 wi\u0105zki<\/h3>\n<div class=\"TyagGW_tableContainer\">\n<div class=\"group TyagGW_tableWrapper flex flex-col-reverse w-fit\" tabindex=\"-1\">\n<table class=\"w-fit min-w-(--thread-content-width)\" data-start=\"2351\" data-end=\"2505\">\n<thead data-start=\"2351\" data-end=\"2375\">\n<tr data-start=\"2351\" data-end=\"2375\">\n<th class=\"\" data-start=\"2351\" data-end=\"2358\" data-col-size=\"sm\">Pozycja<\/th>\n<th class=\"\" data-start=\"2358\" data-end=\"2375\" data-col-size=\"md\">Specyfikacja<\/th>\n<\/tr>\n<\/thead>\n<tbody data-start=\"2400\" data-end=\"2505\">\n<tr data-start=\"2400\" data-end=\"2475\">\n<td data-start=\"2400\" data-end=\"2417\" data-col-size=\"sm\">Stabilno\u015b\u0107 wi\u0105zki<\/td>\n<td data-col-size=\"md\" data-start=\"2417\" data-end=\"2475\">\u2264 10% \/ godzin\u0119 (\u22641 przerwanie wi\u0105zki lub wy\u0142adowanie \u0142ukowe na godzin\u0119)<\/td>\n<\/tr>\n<tr data-start=\"2476\" data-end=\"2505\">\n<td data-start=\"2476\" data-end=\"2495\" data-col-size=\"sm\">R\u00f3wnoleg\u0142o\u015b\u0107 wi\u0105zki<\/td>\n<td data-col-size=\"md\" data-start=\"2495\" data-end=\"2505\">\u2264 0.2\u00b0<\/td>\n<\/tr>\n<\/tbody>\n<\/table>\n<\/div>\n<\/div>\n<h3 data-section-id=\"ieoahx\" data-start=\"2512\" data-end=\"2537\">Dok\u0142adno\u015b\u0107 implantacji<\/h3>\n<div class=\"TyagGW_tableContainer\">\n<div class=\"group TyagGW_tableWrapper flex flex-col-reverse w-fit\" tabindex=\"-1\">\n<table class=\"w-fit min-w-(--thread-content-width)\" data-start=\"2539\" data-end=\"2729\">\n<thead data-start=\"2539\" data-end=\"2563\">\n<tr data-start=\"2539\" data-end=\"2563\">\n<th class=\"\" data-start=\"2539\" data-end=\"2546\" data-col-size=\"sm\">Pozycja<\/th>\n<th class=\"\" data-start=\"2546\" data-end=\"2563\" data-col-size=\"sm\">Specyfikacja<\/th>\n<\/tr>\n<\/thead>\n<tbody data-start=\"2588\" data-end=\"2729\">\n<tr data-start=\"2588\" data-end=\"2620\">\n<td data-start=\"2588\" data-end=\"2610\" data-col-size=\"sm\">Zakres k\u0105ta implantu<\/td>\n<td data-col-size=\"sm\" data-start=\"2610\" data-end=\"2620\">0\u00b0-45\u00b0<\/td>\n<\/tr>\n<tr data-start=\"2621\" data-end=\"2648\">\n<td data-start=\"2621\" data-end=\"2638\" data-col-size=\"sm\">Dok\u0142adno\u015b\u0107 k\u0105ta<\/td>\n<td data-col-size=\"sm\" data-start=\"2638\" data-end=\"2648\">\u2264 0.2\u00b0<\/td>\n<\/tr>\n<tr data-start=\"2649\" data-end=\"2697\">\n<td data-start=\"2649\" data-end=\"2667\" data-col-size=\"sm\">Jednorodno\u015b\u0107 (1\u03c3)<\/td>\n<td data-col-size=\"sm\" data-start=\"2667\" data-end=\"2697\">\u2264 0,5% (P+, 1E14, 100 keV)<\/td>\n<\/tr>\n<tr data-start=\"2698\" data-end=\"2729\">\n<td data-start=\"2698\" data-end=\"2719\" data-col-size=\"sm\">Powtarzalno\u015b\u0107 (1\u03c3)<\/td>\n<td data-col-size=\"sm\" data-start=\"2719\" data-end=\"2729\">\u2264 0,5%<\/td>\n<\/tr>\n<\/tbody>\n<\/table>\n<\/div>\n<\/div>\n<h3 data-section-id=\"1i84h7f\" data-start=\"2736\" data-end=\"2758\">Wydajno\u015b\u0107 systemu<\/h3>\n<div class=\"TyagGW_tableContainer\">\n<div class=\"group TyagGW_tableWrapper flex flex-col-reverse w-fit\" tabindex=\"-1\">\n<table class=\"w-fit min-w-(--thread-content-width)\" data-start=\"2760\" data-end=\"3074\">\n<thead data-start=\"2760\" data-end=\"2784\">\n<tr data-start=\"2760\" data-end=\"2784\">\n<th class=\"\" data-start=\"2760\" data-end=\"2767\" data-col-size=\"sm\">Pozycja<\/th>\n<th class=\"\" data-start=\"2767\" data-end=\"2784\" data-col-size=\"md\">Specyfikacja<\/th>\n<\/tr>\n<\/thead>\n<tbody data-start=\"2809\" data-end=\"3074\">\n<tr data-start=\"2809\" data-end=\"2847\">\n<td data-start=\"2809\" data-end=\"2822\" data-col-size=\"sm\">Przepustowo\u015b\u0107<\/td>\n<td data-col-size=\"md\" data-start=\"2822\" data-end=\"2847\">\u2265 200 wafli na godzin\u0119<\/td>\n<\/tr>\n<tr data-start=\"2848\" data-end=\"2885\">\n<td data-start=\"2848\" data-end=\"2876\" data-col-size=\"sm\">Maksymalna temperatura uchwytu<\/td>\n<td data-col-size=\"md\" data-start=\"2876\" data-end=\"2885\">500\u00b0C<\/td>\n<\/tr>\n<tr data-start=\"2886\" data-end=\"2928\">\n<td data-start=\"2886\" data-end=\"2903\" data-col-size=\"sm\">Rozmiar sprz\u0119tu<\/td>\n<td data-col-size=\"md\" data-start=\"2903\" data-end=\"2928\">6270 \u00d7 3500 \u00d7 3000 mm<\/td>\n<\/tr>\n<tr data-start=\"2929\" data-end=\"2957\">\n<td data-start=\"2929\" data-end=\"2944\" data-col-size=\"sm\">Poziom pr\u00f3\u017cni<\/td>\n<td data-col-size=\"md\" data-start=\"2944\" data-end=\"2957\">5E-7 Torr<\/td>\n<\/tr>\n<tr data-start=\"2958\" data-end=\"2989\">\n<td data-start=\"2958\" data-end=\"2974\" data-col-size=\"sm\">Wyciek promieniowania rentgenowskiego<\/td>\n<td data-col-size=\"md\" data-start=\"2974\" data-end=\"2989\">\u2264 0,3 \u03bcSv\/h<\/td>\n<\/tr>\n<tr data-start=\"2990\" data-end=\"3074\">\n<td data-start=\"2990\" data-end=\"3006\" data-col-size=\"sm\">Tryb skanowania<\/td>\n<td data-col-size=\"md\" data-start=\"3006\" data-end=\"3074\">Poziome skanowanie elektrostatyczne + pionowe skanowanie mechaniczne<\/td>\n<\/tr>\n<\/tbody>\n<\/table>\n<\/div>\n<\/div>\n<hr data-start=\"3076\" data-end=\"3079\" \/>\n<h2 data-section-id=\"1nd7jny\" data-start=\"3081\" data-end=\"3102\">Pola aplikacji<\/h2>\n<h3 data-section-id=\"gije38\" data-start=\"3104\" data-end=\"3141\">Produkcja p\u00f3\u0142przewodnik\u00f3w SiC<\/h3>\n<p data-start=\"3142\" data-end=\"3239\">Stosowany w produkcji urz\u0105dze\u0144 z w\u0119glika krzemu wymagaj\u0105cych wysokotemperaturowych proces\u00f3w implantacji jon\u00f3w.<\/p>\n<h3 data-section-id=\"k65407\" data-start=\"3241\" data-end=\"3285\">Przetwarzanie p\u00f3\u0142przewodnik\u00f3w na bazie krzemu<\/h3>\n<p data-start=\"3286\" data-end=\"3370\">Ma zastosowanie do produkcji uk\u0142ad\u00f3w CMOS i uk\u0142ad\u00f3w scalonych na 6- i 8-calowych waflach.<\/p>\n<h3 data-section-id=\"rry3qf\" data-start=\"3372\" data-end=\"3417\">Wysokotemperaturowe procesy implantacji<\/h3>\n<p data-start=\"3418\" data-end=\"3527\">Nadaje si\u0119 do proces\u00f3w wymagaj\u0105cych podwy\u017cszonej temperatury w celu zmniejszenia uszkodze\u0144 kryszta\u0142\u00f3w i poprawy aktywacji domieszek.<\/p>\n<h3 data-section-id=\"454qrl\" data-start=\"3529\" data-end=\"3559\">Produkcja urz\u0105dze\u0144 zasilaj\u0105cych<\/h3>\n<p data-start=\"3560\" data-end=\"3650\">Stosowany w p\u00f3\u0142przewodnikowych urz\u0105dzeniach mocy wymagaj\u0105cych g\u0142\u0119bokiej implantacji i proces\u00f3w wysokoenergetycznych.<\/p>\n<h3 data-section-id=\"amjxl6\" data-start=\"3652\" data-end=\"3687\">Zaawansowana in\u017cynieria materia\u0142owa<\/h3>\n<p data-start=\"3688\" data-end=\"3787\">Wspiera implantacj\u0119 jon\u00f3w w zaawansowanych materia\u0142ach p\u00f3\u0142przewodnikowych i \u015brodowiskach rozwoju proces\u00f3w.<\/p>\n<hr data-start=\"3789\" data-end=\"3792\" \/>\n<h2 data-section-id=\"1r8frcv\" data-start=\"3794\" data-end=\"3823\">Cz\u0119sto zadawane pytania<\/h2>\n<h3 data-section-id=\"v0ng97\" data-start=\"3825\" data-end=\"3875\">1. Jakie rozmiary p\u0142ytek obs\u0142uguje Ai350HT?<\/h3>\n<p data-start=\"3876\" data-end=\"4002\">System obs\u0142uguje 6-calowe i 8-calowe wafle i nadaje si\u0119 zar\u00f3wno do linii produkcyjnych p\u00f3\u0142przewodnik\u00f3w na bazie krzemu, jak i SiC.<\/p>\n<h3 data-section-id=\"1fcyssk\" data-start=\"4004\" data-end=\"4074\">2. Jaka jest maksymalna temperatura utrzymywana podczas implantacji?<\/h3>\n<p data-start=\"4075\" data-end=\"4197\">System obs\u0142uguje implantacj\u0119 w wysokiej temperaturze do 500\u00b0C przy u\u017cyciu podgrzewanego uchwytu elektrostatycznego z mechanicznym zaciskiem.<\/p>\n<h3 data-section-id=\"1pcs3bs\" data-start=\"4199\" data-end=\"4269\">3. Jakie s\u0105 g\u0142\u00f3wne zalety tego systemu dla proces\u00f3w SiC?<\/h3>\n<p data-start=\"4270\" data-end=\"4445\">System \u0142\u0105czy w sobie mo\u017cliwo\u015b\u0107 pracy w wysokich temperaturach, stabiln\u0105 wydajno\u015b\u0107 wi\u0105zki i kompatybilno\u015b\u0107 z procesami SiC, dzi\u0119ki czemu nadaje si\u0119 do zastosowa\u0144 p\u00f3\u0142przewodnikowych o szerokim pa\u015bmie przenoszenia.<\/p>","protected":false},"excerpt":{"rendered":"<p>Wysokotemperaturowy system implantacji jon\u00f3w Ai350HT (Medium Beam) jest przeznaczony do 6-calowych i 8-calowych linii produkcyjnych p\u00f3\u0142przewodnikowych p\u0142ytek krzemowych, a tak\u017ce do zastosowa\u0144 w procesach SiC. Jest to \u015bredniopr\u0105dowy implantator jon\u00f3w opracowany do wysokoenergetycznych i wysokotemperaturowych proces\u00f3w domieszkowania w zaawansowanej produkcji p\u00f3\u0142przewodnik\u00f3w.<\/p>","protected":false},"featured_media":2361,"comment_status":"open","ping_status":"closed","template":"","meta":{"site-sidebar-layout":"default","site-content-layout":"","ast-site-content-layout":"default","site-content-style":"default","site-sidebar-style":"default","ast-global-header-display":"","ast-banner-title-visibility":"","ast-main-header-display":"","ast-hfb-above-header-display":"","ast-hfb-below-header-display":"","ast-hfb-mobile-header-display":"","site-post-title":"","ast-breadcrumbs-content":"","ast-featured-img":"","footer-sml-layout":"","ast-disable-related-posts":"","theme-transparent-header-meta":"default","adv-header-id-meta":"","stick-header-meta":"default","header-above-stick-meta":"","header-main-stick-meta":"","header-below-stick-meta":"","astra-migrate-meta-layouts":"set","ast-page-background-enabled":"default","ast-page-background-meta":{"desktop":{"background-color":"var(--ast-global-color-4)","background-image":"","background-repeat":"repeat","background-position":"center center","background-size":"auto","background-attachment":"scroll","background-type":"","background-media":"","overlay-type":"","overlay-color":"","overlay-opacity":"","overlay-gradient":""},"tablet":{"background-color":"","background-image":"","background-repeat":"repeat","background-position":"center center","background-size":"auto","background-attachment":"scroll","background-type":"","background-media":"","overlay-type":"","overlay-color":"","overlay-opacity":"","overlay-gradient":""},"mobile":{"background-color":"","background-image":"","background-repeat":"repeat","background-position":"center center","background-size":"auto","background-attachment":"scroll","background-type":"","background-media":"","overlay-type":"","overlay-color":"","overlay-opacity":"","overlay-gradient":""}},"ast-content-background-meta":{"desktop":{"background-color":"var(--ast-global-color-5)","background-image":"","background-repeat":"repeat","background-position":"center center","background-size":"auto","background-attachment":"scroll","background-type":"","background-media":"","overlay-type":"","overlay-color":"","overlay-opacity":"","overlay-gradient":""},"tablet":{"background-color":"var(--ast-global-color-5)","background-image":"","background-repeat":"repeat","background-position":"center center","background-size":"auto","background-attachment":"scroll","background-type":"","background-media":"","overlay-type":"","overlay-color":"","overlay-opacity":"","overlay-gradient":""},"mobile":{"background-color":"var(--ast-global-color-5)","background-image":"","background-repeat":"repeat","background-position":"center center","background-size":"auto","background-attachment":"scroll","background-type":"","background-media":"","overlay-type":"","overlay-color":"","overlay-opacity":"","overlay-gradient":""}}},"product_brand":[],"product_cat":[1177],"product_tag":[1189,1190,1194,1178,1181,1186,1199,1196,1195,1198],"class_list":{"0":"post-2360","1":"product","2":"type-product","3":"status-publish","4":"has-post-thumbnail","6":"product_cat-ion-implantation-equipment","7":"product_tag-6-inch-wafer-equipment","8":"product_tag-8-inch-wafer-processing","9":"product_tag-high-temperature-ion-implantation","10":"product_tag-ion-implantation-system","11":"product_tag-lsi-manufacturing-equipment","12":"product_tag-medium-beam-ion-implanter","13":"product_tag-power-device-fabrication-equipment","14":"product_tag-semiconductor-doping-machine","15":"product_tag-sic-implantation-equipment","16":"product_tag-wide-bandgap-semiconductor-equipment","17":"desktop-align-left","18":"tablet-align-left","19":"mobile-align-left","20":"ast-product-gallery-layout-horizontal-slider","21":"ast-product-gallery-with-no-image","22":"ast-product-tabs-layout-horizontal","24":"first","25":"instock","26":"shipping-taxable","27":"product-type-simple"},"_links":{"self":[{"href":"https:\/\/www.zmsh-semitech.com\/pl\/wp-json\/wp\/v2\/product\/2360","targetHints":{"allow":["GET"]}}],"collection":[{"href":"https:\/\/www.zmsh-semitech.com\/pl\/wp-json\/wp\/v2\/product"}],"about":[{"href":"https:\/\/www.zmsh-semitech.com\/pl\/wp-json\/wp\/v2\/types\/product"}],"replies":[{"embeddable":true,"href":"https:\/\/www.zmsh-semitech.com\/pl\/wp-json\/wp\/v2\/comments?post=2360"}],"version-history":[{"count":4,"href":"https:\/\/www.zmsh-semitech.com\/pl\/wp-json\/wp\/v2\/product\/2360\/revisions"}],"predecessor-version":[{"id":2367,"href":"https:\/\/www.zmsh-semitech.com\/pl\/wp-json\/wp\/v2\/product\/2360\/revisions\/2367"}],"wp:featuredmedia":[{"embeddable":true,"href":"https:\/\/www.zmsh-semitech.com\/pl\/wp-json\/wp\/v2\/media\/2361"}],"wp:attachment":[{"href":"https:\/\/www.zmsh-semitech.com\/pl\/wp-json\/wp\/v2\/media?parent=2360"}],"wp:term":[{"taxonomy":"product_brand","embeddable":true,"href":"https:\/\/www.zmsh-semitech.com\/pl\/wp-json\/wp\/v2\/product_brand?post=2360"},{"taxonomy":"product_cat","embeddable":true,"href":"https:\/\/www.zmsh-semitech.com\/pl\/wp-json\/wp\/v2\/product_cat?post=2360"},{"taxonomy":"product_tag","embeddable":true,"href":"https:\/\/www.zmsh-semitech.com\/pl\/wp-json\/wp\/v2\/product_tag?post=2360"}],"curies":[{"name":"wp","href":"https:\/\/api.w.org\/{rel}","templated":true}]}}