{"id":2354,"date":"2026-04-22T06:34:59","date_gmt":"2026-04-22T06:34:59","guid":{"rendered":"https:\/\/www.zmsh-semitech.com\/?post_type=product&#038;p=2354"},"modified":"2026-04-22T07:16:34","modified_gmt":"2026-04-22T07:16:34","slug":"ai300-medium-beam-high-temperature-ion-implantation-system-for-12-inch-wafer-processing","status":"publish","type":"product","link":"https:\/\/www.zmsh-semitech.com\/pl\/product\/ai300-medium-beam-high-temperature-ion-implantation-system-for-12-inch-wafer-processing\/","title":{"rendered":"Wysokotemperaturowy system implantacji jonowej Ai300 (\u015brednia wi\u0105zka) do przetwarzania 12-calowych wafli"},"content":{"rendered":"<p data-start=\"228\" data-end=\"538\"><img fetchpriority=\"high\" decoding=\"async\" class=\"alignright wp-image-2357 size-medium\" src=\"https:\/\/www.zmsh-semitech.com\/wp-content\/uploads\/2026\/04\/AI300-300x300.png\" alt=\"Wysokotemperaturowy system implantacji jonowej Ai300 (\u015brednia wi\u0105zka) do przetwarzania 12-calowych wafli\" width=\"300\" height=\"300\" srcset=\"https:\/\/www.zmsh-semitech.com\/wp-content\/uploads\/2026\/04\/AI300-300x300.png 300w, https:\/\/www.zmsh-semitech.com\/wp-content\/uploads\/2026\/04\/AI300-150x150.png 150w, https:\/\/www.zmsh-semitech.com\/wp-content\/uploads\/2026\/04\/AI300-768x768.png 768w, https:\/\/www.zmsh-semitech.com\/wp-content\/uploads\/2026\/04\/AI300-12x12.png 12w, https:\/\/www.zmsh-semitech.com\/wp-content\/uploads\/2026\/04\/AI300-600x600.png 600w, https:\/\/www.zmsh-semitech.com\/wp-content\/uploads\/2026\/04\/AI300-100x100.png 100w, https:\/\/www.zmsh-semitech.com\/wp-content\/uploads\/2026\/04\/AI300.png 1000w\" sizes=\"(max-width: 300px) 100vw, 300px\" \/>Wysokotemperaturowy system implantacji jon\u00f3w Ai300 (Medium Beam) jest przeznaczony do 12-calowych linii produkcyjnych p\u00f3\u0142przewodnik\u00f3w z wafli krzemowych. Jest to \u015bredniopr\u0105dowy implantator jon\u00f3w opracowany do zaawansowanych proces\u00f3w domieszkowania zar\u00f3wno w zastosowaniach p\u00f3\u0142przewodnikowych opartych na krzemie, jak i szerokim pa\u015bmie, w tym liniach procesowych SiC.<\/p>\n<p data-start=\"540\" data-end=\"872\">System obs\u0142uguje zakres energii od 5 keV do 300 keV, umo\u017cliwiaj\u0105c elastyczn\u0105 implantacj\u0119 od p\u0142ytkiego tworzenia po\u0142\u0105cze\u0144 do g\u0142\u0119bokiego domieszkowania. Jest on wyposa\u017cony w wysokotemperaturowy podgrzewany stopie\u0144 waflowy o maksymalnej temperaturze do 400\u00b0C, co pozwala na lepsz\u0105 aktywacj\u0119 domieszek i zmniejszenie uszkodze\u0144 sieci podczas implantacji.<\/p>\n<p data-start=\"874\" data-end=\"1076\">Dzi\u0119ki stabilnej wydajno\u015bci wi\u0105zki, wysokiej precyzji sterowania i kompatybilno\u015bci z procesami uk\u0142ad\u00f3w scalonych na du\u017c\u0105 skal\u0119, system Ai300 jest odpowiedni dla zaawansowanych \u015brodowisk produkcji p\u00f3\u0142przewodnik\u00f3w.<\/p>\n<hr data-start=\"1078\" data-end=\"1081\" \/>\n<h2 data-section-id=\"1d7mrtu\" data-start=\"1083\" data-end=\"1094\">Cechy<\/h2>\n<h3 data-section-id=\"1oge1av\" data-start=\"1096\" data-end=\"1135\">Zdolno\u015b\u0107 implantu do pracy w wysokich temperaturach<\/h3>\n<p data-start=\"1136\" data-end=\"1272\">Wyposa\u017cony w podgrzewany stopie\u0144 waflowy obs\u0142uguj\u0105cy temperatury do 400\u00b0C, poprawiaj\u0105cy jako\u015b\u0107 implantacji i wydajno\u015b\u0107 aktywacji domieszek.<\/p>\n<h3 data-section-id=\"ox5pwk\" data-start=\"1274\" data-end=\"1295\">Szeroki zakres energii<\/h3>\n<p data-start=\"1296\" data-end=\"1407\">Zakres energii 5-300 keV obs\u0142uguje zar\u00f3wno p\u0142ytkie, jak i g\u0142\u0119bokie procesy implantacji dla zaawansowanych struktur urz\u0105dze\u0144.<\/p>\n<h3 data-section-id=\"1czdwpe\" data-start=\"1409\" data-end=\"1440\">Precyzyjna kontrola wi\u0105zki<\/h3>\n<p data-start=\"1441\" data-end=\"1574\">Zapewnia wysok\u0105 dok\u0142adno\u015b\u0107 implantacji z dok\u0142adno\u015bci\u0105 k\u0105ta \u2264 0,1\u00b0, r\u00f3wnoleg\u0142o\u015bci\u0105 wi\u0105zki \u2264 0,1\u00b0, jednorodno\u015bci\u0105 \u2264 0,5% i powtarzalno\u015bci\u0105 \u2264 0,5%.<\/p>\n<h3 data-section-id=\"1q1uyu2\" data-start=\"1576\" data-end=\"1607\">Wysoka wydajno\u015b\u0107<\/h3>\n<p data-start=\"1608\" data-end=\"1710\">Obs\u0142uguje przepustowo\u015b\u0107 do \u2265 500 p\u0142ytek na godzin\u0119, odpowiedni\u0105 do produkcji p\u00f3\u0142przewodnik\u00f3w na du\u017c\u0105 skal\u0119.<\/p>\n<h3 data-section-id=\"1h8myql\" data-start=\"1712\" data-end=\"1746\">Mo\u017cliwo\u015bci zaawansowanego \u017ar\u00f3d\u0142a jon\u00f3w<\/h3>\n<p data-start=\"1747\" data-end=\"1869\">Obs\u0142uguje wiele implantowanych pierwiastk\u00f3w, w tym C, B, P, N, He i Ar, spe\u0142niaj\u0105c r\u00f3\u017cnorodne wymagania procesu p\u00f3\u0142przewodnikowego.<\/p>\n<h3 data-section-id=\"1bq068l\" data-start=\"1871\" data-end=\"1900\">Zgodno\u015b\u0107 z procesami LSI<\/h3>\n<p data-start=\"1901\" data-end=\"2010\">W pe\u0142ni kompatybilny z procesami produkcji uk\u0142ad\u00f3w scalonych na du\u017c\u0105 skal\u0119 i zaawansowan\u0105 produkcj\u0105 urz\u0105dze\u0144.<\/p>\n<p data-start=\"1901\" data-end=\"2010\"><img decoding=\"async\" class=\"alignnone size-medium wp-image-2368\" src=\"https:\/\/www.zmsh-semitech.com\/wp-content\/uploads\/2026\/04\/Annular-Implantation-1-267x300.webp\" alt=\"\" width=\"267\" height=\"300\" srcset=\"https:\/\/www.zmsh-semitech.com\/wp-content\/uploads\/2026\/04\/Annular-Implantation-1-267x300.webp 267w, https:\/\/www.zmsh-semitech.com\/wp-content\/uploads\/2026\/04\/Annular-Implantation-1-11x12.webp 11w, https:\/\/www.zmsh-semitech.com\/wp-content\/uploads\/2026\/04\/Annular-Implantation-1.webp 462w\" sizes=\"(max-width: 267px) 100vw, 267px\" \/> <img decoding=\"async\" class=\"alignnone size-medium wp-image-2369\" src=\"https:\/\/www.zmsh-semitech.com\/wp-content\/uploads\/2026\/04\/Quadrant-Implantation-1-291x300.webp\" alt=\"\" width=\"291\" height=\"300\" srcset=\"https:\/\/www.zmsh-semitech.com\/wp-content\/uploads\/2026\/04\/Quadrant-Implantation-1-291x300.webp 291w, https:\/\/www.zmsh-semitech.com\/wp-content\/uploads\/2026\/04\/Quadrant-Implantation-1-12x12.webp 12w, https:\/\/www.zmsh-semitech.com\/wp-content\/uploads\/2026\/04\/Quadrant-Implantation-1.webp 499w\" sizes=\"(max-width: 291px) 100vw, 291px\" \/><\/p>\n<hr data-start=\"2012\" data-end=\"2015\" \/>\n<h2 data-section-id=\"rkota4\" data-start=\"2017\" data-end=\"2038\">Kluczowe specyfikacje<\/h2>\n<h3 data-section-id=\"rc5knr\" data-start=\"2040\" data-end=\"2062\">Parametry procesu<\/h3>\n<div class=\"TyagGW_tableContainer\">\n<div class=\"group TyagGW_tableWrapper flex flex-col-reverse w-fit\" tabindex=\"-1\">\n<table class=\"w-fit min-w-(--thread-content-width)\" data-start=\"2064\" data-end=\"2246\">\n<thead data-start=\"2064\" data-end=\"2088\">\n<tr data-start=\"2064\" data-end=\"2088\">\n<th class=\"\" data-start=\"2064\" data-end=\"2071\" data-col-size=\"sm\">Pozycja<\/th>\n<th class=\"\" data-start=\"2071\" data-end=\"2088\" data-col-size=\"sm\">Specyfikacja<\/th>\n<\/tr>\n<\/thead>\n<tbody data-start=\"2113\" data-end=\"2246\">\n<tr data-start=\"2113\" data-end=\"2137\">\n<td data-start=\"2113\" data-end=\"2126\" data-col-size=\"sm\">Rozmiar wafla<\/td>\n<td data-col-size=\"sm\" data-start=\"2126\" data-end=\"2137\">12 cali<\/td>\n<\/tr>\n<tr data-start=\"2138\" data-end=\"2166\">\n<td data-start=\"2138\" data-end=\"2153\" data-col-size=\"sm\">Zakres energii<\/td>\n<td data-col-size=\"sm\" data-start=\"2153\" data-end=\"2166\">5-300 keV<\/td>\n<\/tr>\n<tr data-start=\"2167\" data-end=\"2210\">\n<td data-start=\"2167\" data-end=\"2188\" data-col-size=\"sm\">Wszczepione elementy<\/td>\n<td data-col-size=\"sm\" data-start=\"2188\" data-end=\"2210\">C, B, P, N, He, Ar<\/td>\n<\/tr>\n<tr data-start=\"2211\" data-end=\"2246\">\n<td data-start=\"2211\" data-end=\"2224\" data-col-size=\"sm\">Zakres dawek<\/td>\n<td data-col-size=\"sm\" data-start=\"2224\" data-end=\"2246\">1E11-1E16 jon\u00f3w\/cm\u00b2<\/td>\n<\/tr>\n<\/tbody>\n<\/table>\n<\/div>\n<\/div>\n<h3 data-section-id=\"h0mtjp\" data-start=\"2253\" data-end=\"2273\">Wydajno\u015b\u0107 wi\u0105zki<\/h3>\n<div class=\"TyagGW_tableContainer\">\n<div class=\"group TyagGW_tableWrapper flex flex-col-reverse w-fit\" tabindex=\"-1\">\n<table class=\"w-fit min-w-(--thread-content-width)\" data-start=\"2275\" data-end=\"2429\">\n<thead data-start=\"2275\" data-end=\"2299\">\n<tr data-start=\"2275\" data-end=\"2299\">\n<th class=\"\" data-start=\"2275\" data-end=\"2282\" data-col-size=\"sm\">Pozycja<\/th>\n<th class=\"\" data-start=\"2282\" data-end=\"2299\" data-col-size=\"md\">Specyfikacja<\/th>\n<\/tr>\n<\/thead>\n<tbody data-start=\"2324\" data-end=\"2429\">\n<tr data-start=\"2324\" data-end=\"2399\">\n<td data-start=\"2324\" data-end=\"2341\" data-col-size=\"sm\">Stabilno\u015b\u0107 wi\u0105zki<\/td>\n<td data-col-size=\"md\" data-start=\"2341\" data-end=\"2399\">\u2264 10% \/ godzin\u0119 (\u22641 przerwanie wi\u0105zki lub wy\u0142adowanie \u0142ukowe na godzin\u0119)<\/td>\n<\/tr>\n<tr data-start=\"2400\" data-end=\"2429\">\n<td data-start=\"2400\" data-end=\"2419\" data-col-size=\"sm\">R\u00f3wnoleg\u0142o\u015b\u0107 wi\u0105zki<\/td>\n<td data-col-size=\"md\" data-start=\"2419\" data-end=\"2429\">\u2264 0.1\u00b0<\/td>\n<\/tr>\n<\/tbody>\n<\/table>\n<\/div>\n<\/div>\n<h3 data-section-id=\"ieoahx\" data-start=\"2436\" data-end=\"2461\">Dok\u0142adno\u015b\u0107 implantacji<\/h3>\n<div class=\"TyagGW_tableContainer\">\n<div class=\"group TyagGW_tableWrapper flex flex-col-reverse w-fit\" tabindex=\"-1\">\n<table class=\"w-fit min-w-(--thread-content-width)\" data-start=\"2463\" data-end=\"2653\">\n<thead data-start=\"2463\" data-end=\"2487\">\n<tr data-start=\"2463\" data-end=\"2487\">\n<th class=\"\" data-start=\"2463\" data-end=\"2470\" data-col-size=\"sm\">Pozycja<\/th>\n<th class=\"\" data-start=\"2470\" data-end=\"2487\" data-col-size=\"sm\">Specyfikacja<\/th>\n<\/tr>\n<\/thead>\n<tbody data-start=\"2512\" data-end=\"2653\">\n<tr data-start=\"2512\" data-end=\"2544\">\n<td data-start=\"2512\" data-end=\"2534\" data-col-size=\"sm\">Zakres k\u0105ta implantu<\/td>\n<td data-col-size=\"sm\" data-start=\"2534\" data-end=\"2544\">0\u00b0-45\u00b0<\/td>\n<\/tr>\n<tr data-start=\"2545\" data-end=\"2572\">\n<td data-start=\"2545\" data-end=\"2562\" data-col-size=\"sm\">Dok\u0142adno\u015b\u0107 k\u0105ta<\/td>\n<td data-col-size=\"sm\" data-start=\"2562\" data-end=\"2572\">\u2264 0.1\u00b0<\/td>\n<\/tr>\n<tr data-start=\"2573\" data-end=\"2621\">\n<td data-start=\"2573\" data-end=\"2591\" data-col-size=\"sm\">Jednorodno\u015b\u0107 (1\u03c3)<\/td>\n<td data-col-size=\"sm\" data-start=\"2591\" data-end=\"2621\">\u2264 0,5% (P+, 1E14, 100 keV)<\/td>\n<\/tr>\n<tr data-start=\"2622\" data-end=\"2653\">\n<td data-start=\"2622\" data-end=\"2643\" data-col-size=\"sm\">Powtarzalno\u015b\u0107 (1\u03c3)<\/td>\n<td data-col-size=\"sm\" data-start=\"2643\" data-end=\"2653\">\u2264 0,5%<\/td>\n<\/tr>\n<\/tbody>\n<\/table>\n<\/div>\n<\/div>\n<h3 data-section-id=\"1i84h7f\" data-start=\"2660\" data-end=\"2682\">Wydajno\u015b\u0107 systemu<\/h3>\n<div class=\"TyagGW_tableContainer\">\n<div class=\"group TyagGW_tableWrapper flex flex-col-reverse w-fit\" tabindex=\"-1\">\n<table class=\"w-fit min-w-(--thread-content-width)\" data-start=\"2684\" data-end=\"3000\">\n<thead data-start=\"2684\" data-end=\"2708\">\n<tr data-start=\"2684\" data-end=\"2708\">\n<th class=\"\" data-start=\"2684\" data-end=\"2691\" data-col-size=\"sm\">Pozycja<\/th>\n<th class=\"\" data-start=\"2691\" data-end=\"2708\" data-col-size=\"md\">Specyfikacja<\/th>\n<\/tr>\n<\/thead>\n<tbody data-start=\"2733\" data-end=\"3000\">\n<tr data-start=\"2733\" data-end=\"2771\">\n<td data-start=\"2733\" data-end=\"2746\" data-col-size=\"sm\">Przepustowo\u015b\u0107<\/td>\n<td data-col-size=\"md\" data-start=\"2746\" data-end=\"2771\">\u2265 500 wafli na godzin\u0119<\/td>\n<\/tr>\n<tr data-start=\"2772\" data-end=\"2811\">\n<td data-start=\"2772\" data-end=\"2802\" data-col-size=\"sm\">Maksymalna temperatura implantu<\/td>\n<td data-col-size=\"md\" data-start=\"2802\" data-end=\"2811\">400\u00b0C<\/td>\n<\/tr>\n<tr data-start=\"2812\" data-end=\"2854\">\n<td data-start=\"2812\" data-end=\"2829\" data-col-size=\"sm\">Rozmiar sprz\u0119tu<\/td>\n<td data-col-size=\"md\" data-start=\"2829\" data-end=\"2854\">6400 \u00d7 3640 \u00d7 3100 mm<\/td>\n<\/tr>\n<tr data-start=\"2855\" data-end=\"2883\">\n<td data-start=\"2855\" data-end=\"2870\" data-col-size=\"sm\">Poziom pr\u00f3\u017cni<\/td>\n<td data-col-size=\"md\" data-start=\"2870\" data-end=\"2883\">5E-7 Torr<\/td>\n<\/tr>\n<tr data-start=\"2884\" data-end=\"2915\">\n<td data-start=\"2884\" data-end=\"2900\" data-col-size=\"sm\">Wyciek promieniowania rentgenowskiego<\/td>\n<td data-col-size=\"md\" data-start=\"2900\" data-end=\"2915\">\u2264 0,3 \u03bcSv\/h<\/td>\n<\/tr>\n<tr data-start=\"2916\" data-end=\"3000\">\n<td data-start=\"2916\" data-end=\"2932\" data-col-size=\"sm\">Tryb skanowania<\/td>\n<td data-col-size=\"md\" data-start=\"2932\" data-end=\"3000\">Poziome skanowanie elektrostatyczne + pionowe skanowanie mechaniczne<\/td>\n<\/tr>\n<\/tbody>\n<\/table>\n<\/div>\n<\/div>\n<hr data-start=\"3002\" data-end=\"3005\" \/>\n<h2 data-section-id=\"1nd7jny\" data-start=\"3007\" data-end=\"3028\">Pola aplikacji<\/h2>\n<h3 data-section-id=\"1xxdh4v\" data-start=\"3030\" data-end=\"3062\">Przetwarzanie p\u00f3\u0142przewodnik\u00f3w SiC<\/h3>\n<p data-start=\"3063\" data-end=\"3194\">Stosowany w produkcji urz\u0105dze\u0144 z w\u0119glika krzemu, wspieraj\u0105c procesy implantacji w wysokiej temperaturze wymagane dla materia\u0142\u00f3w o szerokim pa\u015bmie przenoszenia.<\/p>\n<h3 data-section-id=\"kkfbvw\" data-start=\"3196\" data-end=\"3241\">Produkcja p\u00f3\u0142przewodnik\u00f3w na bazie krzemu<\/h3>\n<p data-start=\"3242\" data-end=\"3348\">Ma zastosowanie do 12-calowych linii produkcyjnych wafli krzemowych do produkcji CMOS i zaawansowanych uk\u0142ad\u00f3w scalonych.<\/p>\n<h3 data-section-id=\"c3blgn\" data-start=\"3350\" data-end=\"3393\">Wysokotemperaturowe procesy implantacji<\/h3>\n<p data-start=\"3394\" data-end=\"3511\">Obs\u0142uguje procesy implantacji wymagaj\u0105ce podwy\u017cszonej temperatury wafla w celu zmniejszenia defekt\u00f3w i poprawy aktywacji domieszek.<\/p>\n<h3 data-section-id=\"2m28ht\" data-start=\"3513\" data-end=\"3541\">Produkcja urz\u0105dze\u0144 zasilaj\u0105cych<\/h3>\n<p data-start=\"3542\" data-end=\"3646\">Nadaje si\u0119 do urz\u0105dze\u0144 p\u00f3\u0142przewodnikowych mocy, w kt\u00f3rych wymagane jest precyzyjne domieszkowanie i implantacja wysokiej energii.<\/p>\n<h3 data-section-id=\"10yv1en\" data-start=\"3648\" data-end=\"3690\">Zaawansowana produkcja uk\u0142ad\u00f3w scalonych<\/h3>\n<p data-start=\"3691\" data-end=\"3777\">Obs\u0142uguje integracj\u0119 proces\u00f3w LSI z wysok\u0105 precyzj\u0105 i wysok\u0105 przepustowo\u015bci\u0105.<\/p>\n<hr data-start=\"3779\" data-end=\"3782\" \/>\n<h2 data-section-id=\"1r8frcv\" data-start=\"3784\" data-end=\"3813\">Cz\u0119sto zadawane pytania<\/h2>\n<h3 data-section-id=\"hl3b9g\" data-start=\"3815\" data-end=\"3867\">1. Jaki rozmiar p\u0142ytek obs\u0142uguje system Ai300?<\/h3>\n<p data-start=\"3868\" data-end=\"3981\">System zosta\u0142 zaprojektowany dla 12-calowych wafli krzemowych i jest odpowiedni dla zaawansowanych linii produkcyjnych p\u00f3\u0142przewodnik\u00f3w.<\/p>\n<h3 data-section-id=\"gygi37\" data-start=\"3983\" data-end=\"4063\">2. Jaka jest kluczowa zaleta mo\u017cliwo\u015bci implantacji w wysokiej temperaturze?<\/h3>\n<p data-start=\"4064\" data-end=\"4211\">System obs\u0142uguje implantacj\u0119 do 400\u00b0C, co pomaga zmniejszy\u0107 uszkodzenia sieci, poprawi\u0107 aktywacj\u0119 domieszek i zwi\u0119kszy\u0107 og\u00f3ln\u0105 wydajno\u015b\u0107 urz\u0105dzenia.<\/p>\n<h3 data-section-id=\"13ypcut\" data-start=\"4213\" data-end=\"4293\">3. Jaki poziom precyzji i wydajno\u015bci produkcji zapewnia system?<\/h3>\n<p data-start=\"4294\" data-end=\"4481\">System zapewnia dok\u0142adno\u015b\u0107 k\u0105ta w zakresie 0,1 stopnia, r\u00f3wnoleg\u0142o\u015b\u0107 wi\u0105zki w zakresie 0,1 stopnia oraz jednorodno\u015b\u0107 i powtarzalno\u015b\u0107 w zakresie 0,5 procent, przy przepustowo\u015bci do 500 p\u0142ytek na godzin\u0119.<\/p>","protected":false},"excerpt":{"rendered":"<p>Wysokotemperaturowy system implantacji jon\u00f3w Ai300 (Medium Beam) jest przeznaczony do 12-calowych linii produkcyjnych p\u00f3\u0142przewodnik\u00f3w z wafli krzemowych. Jest to \u015bredniopr\u0105dowy implantator jon\u00f3w opracowany do zaawansowanych proces\u00f3w domieszkowania zar\u00f3wno w zastosowaniach p\u00f3\u0142przewodnikowych opartych na krzemie, jak i szerokim pa\u015bmie, w tym liniach procesowych SiC.<\/p>","protected":false},"featured_media":2357,"comment_status":"open","ping_status":"closed","template":"","meta":{"site-sidebar-layout":"default","site-content-layout":"","ast-site-content-layout":"default","site-content-style":"default","site-sidebar-style":"default","ast-global-header-display":"","ast-banner-title-visibility":"","ast-main-header-display":"","ast-hfb-above-header-display":"","ast-hfb-below-header-display":"","ast-hfb-mobile-header-display":"","site-post-title":"","ast-breadcrumbs-content":"","ast-featured-img":"","footer-sml-layout":"","ast-disable-related-posts":"","theme-transparent-header-meta":"default","adv-header-id-meta":"","stick-header-meta":"default","header-above-stick-meta":"","header-main-stick-meta":"","header-below-stick-meta":"","astra-migrate-meta-layouts":"set","ast-page-background-enabled":"default","ast-page-background-meta":{"desktop":{"background-color":"var(--ast-global-color-4)","background-image":"","background-repeat":"repeat","background-position":"center center","background-size":"auto","background-attachment":"scroll","background-type":"","background-media":"","overlay-type":"","overlay-color":"","overlay-opacity":"","overlay-gradient":""},"tablet":{"background-color":"","background-image":"","background-repeat":"repeat","background-position":"center center","background-size":"auto","background-attachment":"scroll","background-type":"","background-media":"","overlay-type":"","overlay-color":"","overlay-opacity":"","overlay-gradient":""},"mobile":{"background-color":"","background-image":"","background-repeat":"repeat","background-position":"center center","background-size":"auto","background-attachment":"scroll","background-type":"","background-media":"","overlay-type":"","overlay-color":"","overlay-opacity":"","overlay-gradient":""}},"ast-content-background-meta":{"desktop":{"background-color":"var(--ast-global-color-5)","background-image":"","background-repeat":"repeat","background-position":"center center","background-size":"auto","background-attachment":"scroll","background-type":"","background-media":"","overlay-type":"","overlay-color":"","overlay-opacity":"","overlay-gradient":""},"tablet":{"background-color":"var(--ast-global-color-5)","background-image":"","background-repeat":"repeat","background-position":"center center","background-size":"auto","background-attachment":"scroll","background-type":"","background-media":"","overlay-type":"","overlay-color":"","overlay-opacity":"","overlay-gradient":""},"mobile":{"background-color":"var(--ast-global-color-5)","background-image":"","background-repeat":"repeat","background-position":"center center","background-size":"auto","background-attachment":"scroll","background-type":"","background-media":"","overlay-type":"","overlay-color":"","overlay-opacity":"","overlay-gradient":""}}},"product_brand":[],"product_cat":[1177],"product_tag":[1160,1194,1178,1181,1186,1197,1196,1185,1195,1198],"class_list":{"0":"post-2354","1":"product","2":"type-product","3":"status-publish","4":"has-post-thumbnail","6":"product_cat-ion-implantation-equipment","7":"product_tag-12-inch-wafer-equipment","8":"product_tag-high-temperature-ion-implantation","9":"product_tag-ion-implantation-system","10":"product_tag-lsi-manufacturing-equipment","11":"product_tag-medium-beam-ion-implanter","12":"product_tag-power-semiconductor-processing","13":"product_tag-semiconductor-doping-machine","14":"product_tag-semiconductor-fabrication-equipment","15":"product_tag-sic-implantation-equipment","16":"product_tag-wide-bandgap-semiconductor-equipment","17":"desktop-align-left","18":"tablet-align-left","19":"mobile-align-left","20":"ast-product-gallery-layout-horizontal-slider","21":"ast-product-gallery-with-no-image","22":"ast-product-tabs-layout-horizontal","24":"first","25":"instock","26":"shipping-taxable","27":"product-type-simple"},"_links":{"self":[{"href":"https:\/\/www.zmsh-semitech.com\/pl\/wp-json\/wp\/v2\/product\/2354","targetHints":{"allow":["GET"]}}],"collection":[{"href":"https:\/\/www.zmsh-semitech.com\/pl\/wp-json\/wp\/v2\/product"}],"about":[{"href":"https:\/\/www.zmsh-semitech.com\/pl\/wp-json\/wp\/v2\/types\/product"}],"replies":[{"embeddable":true,"href":"https:\/\/www.zmsh-semitech.com\/pl\/wp-json\/wp\/v2\/comments?post=2354"}],"version-history":[{"count":5,"href":"https:\/\/www.zmsh-semitech.com\/pl\/wp-json\/wp\/v2\/product\/2354\/revisions"}],"predecessor-version":[{"id":2370,"href":"https:\/\/www.zmsh-semitech.com\/pl\/wp-json\/wp\/v2\/product\/2354\/revisions\/2370"}],"wp:featuredmedia":[{"embeddable":true,"href":"https:\/\/www.zmsh-semitech.com\/pl\/wp-json\/wp\/v2\/media\/2357"}],"wp:attachment":[{"href":"https:\/\/www.zmsh-semitech.com\/pl\/wp-json\/wp\/v2\/media?parent=2354"}],"wp:term":[{"taxonomy":"product_brand","embeddable":true,"href":"https:\/\/www.zmsh-semitech.com\/pl\/wp-json\/wp\/v2\/product_brand?post=2354"},{"taxonomy":"product_cat","embeddable":true,"href":"https:\/\/www.zmsh-semitech.com\/pl\/wp-json\/wp\/v2\/product_cat?post=2354"},{"taxonomy":"product_tag","embeddable":true,"href":"https:\/\/www.zmsh-semitech.com\/pl\/wp-json\/wp\/v2\/product_tag?post=2354"}],"curies":[{"name":"wp","href":"https:\/\/api.w.org\/{rel}","templated":true}]}}