{"id":2346,"date":"2026-04-22T05:56:29","date_gmt":"2026-04-22T05:56:29","guid":{"rendered":"https:\/\/www.zmsh-semitech.com\/?post_type=product&#038;p=2346"},"modified":"2026-04-22T07:25:08","modified_gmt":"2026-04-22T07:25:08","slug":"ai250-medium-beam-room-temperature-ion-implantation-system-for-6-8-inch-silicon-wafer-processing","status":"publish","type":"product","link":"https:\/\/www.zmsh-semitech.com\/pl\/product\/ai250-medium-beam-room-temperature-ion-implantation-system-for-6-8-inch-silicon-wafer-processing\/","title":{"rendered":"System implantacji jonowej Ai250 (\u015brednia wi\u0105zka) w temperaturze pokojowej do przetwarzania 6-8-calowych p\u0142ytek krzemowych"},"content":{"rendered":"<p data-start=\"190\" data-end=\"506\"><img decoding=\"async\" class=\"wp-image-2347 alignright\" src=\"https:\/\/www.zmsh-semitech.com\/wp-content\/uploads\/2026\/04\/Ai250-Medium-Beam-Room-Temperature-Ion-Implantation-System-for-6-8-Inch-Silicon-Wafer-Processing-300x300.png\" alt=\"\" width=\"217\" height=\"217\" srcset=\"\" sizes=\"(max-width: 217px) 100vw, 217px\" data-srcset=\"\" \/>System implantacji jon\u00f3w Ai250 (Medium Beam) jest przeznaczony do 6-calowych i 8-calowych linii do produkcji p\u00f3\u0142przewodnik\u00f3w z p\u0142ytek krzemowych. Jest to \u015bredniopr\u0105dowy implantator jon\u00f3w wykorzystywany w zaawansowanych procesach produkcji uk\u0142ad\u00f3w scalonych, zapewniaj\u0105cy stabiln\u0105 wydajno\u015b\u0107 wi\u0105zki, wysok\u0105 dok\u0142adno\u015b\u0107 implantacji i niezawodn\u0105 kontrol\u0119 dawki.<\/p>\n<p data-start=\"508\" data-end=\"755\">System obs\u0142uguje zakres energii od 5 keV do 250 keV, umo\u017cliwiaj\u0105c zar\u00f3wno p\u0142ytk\u0105, jak i g\u0142\u0119bok\u0105 implantacj\u0119 jon\u00f3w. Nadaje si\u0119 do szerokiego zakresu proces\u00f3w domieszkowania p\u00f3\u0142przewodnik\u00f3w i jest w pe\u0142ni kompatybilny z wymaganiami produkcyjnymi LSI.<\/p>\n<hr data-start=\"757\" data-end=\"760\" \/>\n<h2 data-section-id=\"1d7mrtu\" data-start=\"762\" data-end=\"773\">Cechy<\/h2>\n<h3 data-section-id=\"cu05id\" data-start=\"775\" data-end=\"809\">Stabilna wydajno\u015b\u0107 \u015bredniej wi\u0105zki<\/h3>\n<p data-start=\"810\" data-end=\"927\">Zapewnia stabiln\u0105 moc wi\u0105zki jon\u00f3w podczas d\u0142ugich cykli produkcyjnych, poprawiaj\u0105c sp\u00f3jno\u015b\u0107 procesu i zmniejszaj\u0105c zmienno\u015b\u0107.<\/p>\n<h3 data-section-id=\"14z8c7o\" data-start=\"929\" data-end=\"961\">Szeroki zakres energii<\/h3>\n<p data-start=\"962\" data-end=\"1082\">Zakres energii od 5 do 250 keV zapewnia elastyczne wymagania implantacji dla r\u00f3\u017cnych struktur urz\u0105dze\u0144 i w\u0119z\u0142\u00f3w procesowych.<\/p>\n<h3 data-section-id=\"1hi8i36\" data-start=\"1084\" data-end=\"1118\">Precyzyjna kontrola procesu<\/h3>\n<p data-start=\"1119\" data-end=\"1264\">Zapewnia wysok\u0105 dok\u0142adno\u015b\u0107 implantacji z dok\u0142adno\u015bci\u0105 k\u0105ta \u2264 0,2\u00b0, r\u00f3wnoleg\u0142o\u015bci\u0105 wi\u0105zki \u2264 0,2\u00b0, jednorodno\u015bci\u0105 \u2264 0,5% i powtarzalno\u015bci\u0105 \u2264 0,5%.<\/p>\n<h3 data-section-id=\"8aw6q\" data-start=\"1266\" data-end=\"1296\">Wysoka przepustowo\u015b\u0107<\/h3>\n<p data-start=\"1297\" data-end=\"1389\">Obs\u0142uguje \u2265 200 wafli na godzin\u0119, nadaje si\u0119 do \u015bredniej i du\u017cej produkcji p\u00f3\u0142przewodnik\u00f3w.<\/p>\n<h3 data-section-id=\"oms7zj\" data-start=\"1391\" data-end=\"1419\">Funkcja implantu wzorcowego<\/h3>\n<p data-start=\"1420\" data-end=\"1545\">Obs\u0142uguje implantacj\u0119 wielostrefow\u0105 i kwadrantow\u0105 na pojedynczym waflu, poprawiaj\u0105c elastyczno\u015b\u0107 procesu i zmniejszaj\u0105c koszty rozwoju.<\/p>\n<h3 data-section-id=\"1bq068l\" data-start=\"1547\" data-end=\"1576\">Zgodno\u015b\u0107 z procesami LSI<\/h3>\n<p data-start=\"1577\" data-end=\"1641\">Pe\u0142na kompatybilno\u015b\u0107 z procesami produkcji p\u00f3\u0142przewodnik\u00f3w LSI.<\/p>\n<p data-start=\"1577\" data-end=\"1641\"><img fetchpriority=\"high\" decoding=\"async\" class=\"wp-image-2371 size-large aligncenter\" src=\"https:\/\/www.zmsh-semitech.com\/wp-content\/uploads\/2026\/04\/rs-1024x388.png\" alt=\"\" width=\"1024\" height=\"388\" srcset=\"https:\/\/www.zmsh-semitech.com\/wp-content\/uploads\/2026\/04\/rs-1024x388.png 1024w, https:\/\/www.zmsh-semitech.com\/wp-content\/uploads\/2026\/04\/rs-300x114.png 300w, https:\/\/www.zmsh-semitech.com\/wp-content\/uploads\/2026\/04\/rs-768x291.png 768w, https:\/\/www.zmsh-semitech.com\/wp-content\/uploads\/2026\/04\/rs-18x7.png 18w, https:\/\/www.zmsh-semitech.com\/wp-content\/uploads\/2026\/04\/rs-600x227.png 600w, https:\/\/www.zmsh-semitech.com\/wp-content\/uploads\/2026\/04\/rs.png 1216w\" sizes=\"(max-width: 1024px) 100vw, 1024px\" \/><\/p>\n<hr data-start=\"1643\" data-end=\"1646\" \/>\n<h2 data-section-id=\"rkota4\" data-start=\"1648\" data-end=\"1669\">Kluczowe specyfikacje<\/h2>\n<h3 data-section-id=\"rc5knr\" data-start=\"1671\" data-end=\"1693\">Parametry procesu<\/h3>\n<div class=\"TyagGW_tableContainer\">\n<div class=\"group TyagGW_tableWrapper flex flex-col-reverse w-fit\" tabindex=\"-1\">\n<table class=\"w-fit min-w-(--thread-content-width)\" data-start=\"1695\" data-end=\"1899\">\n<thead data-start=\"1695\" data-end=\"1719\">\n<tr data-start=\"1695\" data-end=\"1719\">\n<th class=\"\" data-start=\"1695\" data-end=\"1702\" data-col-size=\"sm\">Pozycja<\/th>\n<th class=\"\" data-start=\"1702\" data-end=\"1719\" data-col-size=\"sm\">Specyfikacja<\/th>\n<\/tr>\n<\/thead>\n<tbody data-start=\"1744\" data-end=\"1899\">\n<tr data-start=\"1744\" data-end=\"1784\">\n<td data-start=\"1744\" data-end=\"1757\" data-col-size=\"sm\">Rozmiar wafla<\/td>\n<td data-col-size=\"sm\" data-start=\"1757\" data-end=\"1784\">Wafle krzemowe 6-8 cali<\/td>\n<\/tr>\n<tr data-start=\"1785\" data-end=\"1813\">\n<td data-start=\"1785\" data-end=\"1800\" data-col-size=\"sm\">Zakres energii<\/td>\n<td data-col-size=\"sm\" data-start=\"1800\" data-end=\"1813\">5-250 keV<\/td>\n<\/tr>\n<tr data-start=\"1814\" data-end=\"1863\">\n<td data-start=\"1814\" data-end=\"1835\" data-col-size=\"sm\">Wszczepione elementy<\/td>\n<td data-col-size=\"sm\" data-start=\"1835\" data-end=\"1863\">B+, P+, As+, Ar+, N+, H+<\/td>\n<\/tr>\n<tr data-start=\"1864\" data-end=\"1899\">\n<td data-start=\"1864\" data-end=\"1877\" data-col-size=\"sm\">Zakres dawek<\/td>\n<td data-col-size=\"sm\" data-start=\"1877\" data-end=\"1899\">5E11-1E16 jon\u00f3w\/cm\u00b2<\/td>\n<\/tr>\n<\/tbody>\n<\/table>\n<\/div>\n<\/div>\n<h3 data-section-id=\"h0mtjp\" data-start=\"1901\" data-end=\"1921\">Wydajno\u015b\u0107 wi\u0105zki<\/h3>\n<div class=\"TyagGW_tableContainer\">\n<div class=\"group TyagGW_tableWrapper flex flex-col-reverse w-fit\" tabindex=\"-1\">\n<table class=\"w-fit min-w-(--thread-content-width)\" data-start=\"1923\" data-end=\"2217\">\n<thead data-start=\"1923\" data-end=\"1947\">\n<tr data-start=\"1923\" data-end=\"1947\">\n<th class=\"\" data-start=\"1923\" data-end=\"1930\" data-col-size=\"sm\">Pozycja<\/th>\n<th class=\"\" data-start=\"1930\" data-end=\"1947\" data-col-size=\"md\">Specyfikacja<\/th>\n<\/tr>\n<\/thead>\n<tbody data-start=\"1972\" data-end=\"2217\">\n<tr data-start=\"1972\" data-end=\"2104\">\n<td data-start=\"1972\" data-end=\"1995\" data-col-size=\"sm\">Maksymalny pr\u0105d wi\u0105zki<\/td>\n<td data-col-size=\"md\" data-start=\"1995\" data-end=\"2104\">Ar+ \u2265 1300 \u03bcA @ \u2265220 keV<br \/>\nB+ \u2265 1000 \u03bcA @ \u2265220 keV<br \/>\nP+ \u2265 1300 \u03bcA @ \u2265220 keV<br \/>\nN+ \u2265 1000 \u03bcA @ \u2265220 keV<\/td>\n<\/tr>\n<tr data-start=\"2105\" data-end=\"2187\">\n<td data-start=\"2105\" data-end=\"2122\" data-col-size=\"sm\">Stabilno\u015b\u0107 wi\u0105zki<\/td>\n<td data-col-size=\"md\" data-start=\"2122\" data-end=\"2187\">\u2264 15% \/ godzin\u0119 (przerwanie wi\u0105zki i wy\u0142adowanie \u0142ukowe \u2264 1 raz na godzin\u0119)<\/td>\n<\/tr>\n<tr data-start=\"2188\" data-end=\"2217\">\n<td data-start=\"2188\" data-end=\"2207\" data-col-size=\"sm\">R\u00f3wnoleg\u0142o\u015b\u0107 wi\u0105zki<\/td>\n<td data-col-size=\"md\" data-start=\"2207\" data-end=\"2217\">\u2264 0.2\u00b0<\/td>\n<\/tr>\n<\/tbody>\n<\/table>\n<\/div>\n<\/div>\n<h3 data-section-id=\"ieoahx\" data-start=\"2219\" data-end=\"2244\">Dok\u0142adno\u015b\u0107 implantacji<\/h3>\n<div class=\"TyagGW_tableContainer\">\n<div class=\"group TyagGW_tableWrapper flex flex-col-reverse w-fit\" tabindex=\"-1\">\n<table class=\"w-fit min-w-(--thread-content-width)\" data-start=\"2246\" data-end=\"2436\">\n<thead data-start=\"2246\" data-end=\"2270\">\n<tr data-start=\"2246\" data-end=\"2270\">\n<th class=\"\" data-start=\"2246\" data-end=\"2253\" data-col-size=\"sm\">Pozycja<\/th>\n<th class=\"\" data-start=\"2253\" data-end=\"2270\" data-col-size=\"sm\">Specyfikacja<\/th>\n<\/tr>\n<\/thead>\n<tbody data-start=\"2295\" data-end=\"2436\">\n<tr data-start=\"2295\" data-end=\"2327\">\n<td data-start=\"2295\" data-end=\"2317\" data-col-size=\"sm\">Zakres k\u0105ta implantu<\/td>\n<td data-col-size=\"sm\" data-start=\"2317\" data-end=\"2327\">0\u00b0-45\u00b0<\/td>\n<\/tr>\n<tr data-start=\"2328\" data-end=\"2355\">\n<td data-start=\"2328\" data-end=\"2345\" data-col-size=\"sm\">Dok\u0142adno\u015b\u0107 k\u0105ta<\/td>\n<td data-col-size=\"sm\" data-start=\"2345\" data-end=\"2355\">\u2264 0.2\u00b0<\/td>\n<\/tr>\n<tr data-start=\"2356\" data-end=\"2404\">\n<td data-start=\"2356\" data-end=\"2374\" data-col-size=\"sm\">Jednorodno\u015b\u0107 (1\u03c3)<\/td>\n<td data-col-size=\"sm\" data-start=\"2374\" data-end=\"2404\">\u2264 0,5% (B+, 2E14, 150 keV)<\/td>\n<\/tr>\n<tr data-start=\"2405\" data-end=\"2436\">\n<td data-start=\"2405\" data-end=\"2426\" data-col-size=\"sm\">Powtarzalno\u015b\u0107 (1\u03c3)<\/td>\n<td data-col-size=\"sm\" data-start=\"2426\" data-end=\"2436\">\u2264 0,5%<\/td>\n<\/tr>\n<\/tbody>\n<\/table>\n<\/div>\n<\/div>\n<h3 data-section-id=\"1i84h7f\" data-start=\"2438\" data-end=\"2460\">Wydajno\u015b\u0107 systemu<\/h3>\n<div class=\"TyagGW_tableContainer\">\n<div class=\"group TyagGW_tableWrapper flex flex-col-reverse w-fit\" tabindex=\"-1\">\n<table class=\"w-fit min-w-(--thread-content-width)\" data-start=\"2462\" data-end=\"2740\">\n<thead data-start=\"2462\" data-end=\"2486\">\n<tr data-start=\"2462\" data-end=\"2486\">\n<th class=\"\" data-start=\"2462\" data-end=\"2469\" data-col-size=\"sm\">Pozycja<\/th>\n<th class=\"\" data-start=\"2469\" data-end=\"2486\" data-col-size=\"md\">Specyfikacja<\/th>\n<\/tr>\n<\/thead>\n<tbody data-start=\"2511\" data-end=\"2740\">\n<tr data-start=\"2511\" data-end=\"2549\">\n<td data-start=\"2511\" data-end=\"2524\" data-col-size=\"sm\">Przepustowo\u015b\u0107<\/td>\n<td data-col-size=\"md\" data-start=\"2524\" data-end=\"2549\">\u2265 200 wafli na godzin\u0119<\/td>\n<\/tr>\n<tr data-start=\"2550\" data-end=\"2580\">\n<td data-start=\"2550\" data-end=\"2565\" data-col-size=\"sm\">Poziom pr\u00f3\u017cni<\/td>\n<td data-col-size=\"md\" data-start=\"2565\" data-end=\"2580\">&lt; 5E-7 Torr<\/td>\n<\/tr>\n<tr data-start=\"2581\" data-end=\"2612\">\n<td data-start=\"2581\" data-end=\"2597\" data-col-size=\"sm\">Wyciek promieniowania rentgenowskiego<\/td>\n<td data-col-size=\"md\" data-start=\"2597\" data-end=\"2612\">\u2264 0,6 \u03bcSv\/h<\/td>\n<\/tr>\n<tr data-start=\"2613\" data-end=\"2697\">\n<td data-start=\"2613\" data-end=\"2629\" data-col-size=\"sm\">Tryb skanowania<\/td>\n<td data-col-size=\"md\" data-start=\"2629\" data-end=\"2697\">Poziome skanowanie elektrostatyczne + pionowe skanowanie mechaniczne<\/td>\n<\/tr>\n<tr data-start=\"2698\" data-end=\"2740\">\n<td data-start=\"2698\" data-end=\"2715\" data-col-size=\"sm\">Rozmiar sprz\u0119tu<\/td>\n<td data-col-size=\"md\" data-start=\"2715\" data-end=\"2740\">5600 \u00d7 3300 \u00d7 2600 mm<\/td>\n<\/tr>\n<\/tbody>\n<\/table>\n<\/div>\n<\/div>\n<hr data-start=\"2742\" data-end=\"2745\" \/>\n<h2 data-section-id=\"1nd7jny\" data-start=\"2747\" data-end=\"2768\">Pola aplikacji<\/h2>\n<h3 data-section-id=\"y2e8l1\" data-start=\"2770\" data-end=\"2808\">Produkcja urz\u0105dze\u0144 p\u00f3\u0142przewodnikowych<\/h3>\n<p data-start=\"2809\" data-end=\"2910\">Stosowany w produkcji urz\u0105dze\u0144 logicznych CMOS, zapewniaj\u0105c precyzyjn\u0105 implantacj\u0119 domieszek do tworzenia tranzystor\u00f3w.<\/p>\n<h3 data-section-id=\"184zlsy\" data-start=\"2912\" data-end=\"2946\">Produkcja uk\u0142ad\u00f3w scalonych<\/h3>\n<p data-start=\"2947\" data-end=\"3042\">Stosowany w LSI i zaawansowanych procesach produkcji uk\u0142ad\u00f3w scalonych wymagaj\u0105cych wysokiej precyzji kontroli domieszkowania.<\/p>\n<h3 data-section-id=\"l748la\" data-start=\"3044\" data-end=\"3083\">Formacja p\u0142ytkiego i g\u0142\u0119bokiego z\u0142\u0105cza<\/h3>\n<p data-start=\"3084\" data-end=\"3172\">Obs\u0142uguje procesy implantacji dla in\u017cynierii \u017ar\u00f3d\u0142a\/drenu i kontroli g\u0142\u0119boko\u015bci z\u0142\u0105cza.<\/p>\n<h3 data-section-id=\"oja97j\" data-start=\"3174\" data-end=\"3196\">In\u017cynieria domieszek<\/h3>\n<p data-start=\"3197\" data-end=\"3292\">S\u0142u\u017cy do kontrolowania w\u0142a\u015bciwo\u015bci elektrycznych p\u0142ytek krzemowych poprzez dok\u0142adn\u0105 implantacj\u0119 jon\u00f3w.<\/p>\n<h3 data-section-id=\"dpf9id\" data-start=\"3294\" data-end=\"3325\">Rozw\u00f3j proces\u00f3w i prace badawczo-rozwojowe<\/h3>\n<p data-start=\"3326\" data-end=\"3428\">Nadaje si\u0119 do opracowywania proces\u00f3w p\u00f3\u0142przewodnikowych, produkcji pilota\u017cowej i eksperymentalnej produkcji urz\u0105dze\u0144.<\/p>\n<hr data-start=\"3430\" data-end=\"3433\" \/>\n<h2 data-section-id=\"1r8frcv\" data-start=\"3435\" data-end=\"3464\">Cz\u0119sto zadawane pytania<\/h2>\n<h3 data-section-id=\"kw7yja\" data-start=\"3466\" data-end=\"3512\">1. Jakie rozmiary p\u0142ytek obs\u0142uguje Ai250?<\/h3>\n<p data-start=\"3513\" data-end=\"3631\">System obs\u0142uguje 6-calowe i 8-calowe wafle krzemowe i jest odpowiedni dla g\u0142\u00f3wnych linii produkcyjnych p\u00f3\u0142przewodnik\u00f3w.<\/p>\n<h3 data-section-id=\"1ufru2j\" data-start=\"3633\" data-end=\"3678\">2. Jaki jest zakres energii systemu?<\/h3>\n<p data-start=\"3679\" data-end=\"3810\">Zakres energii wynosi od 5 keV do 250 keV, wspieraj\u0105c zar\u00f3wno p\u0142ytkie, jak i g\u0142\u0119bokie procesy implantacji do produkcji urz\u0105dze\u0144 p\u00f3\u0142przewodnikowych.<\/p>\n<h3 data-section-id=\"ce5nbe\" data-start=\"3812\" data-end=\"3873\">3. Jaki poziom dok\u0142adno\u015bci procesu zapewnia system?<\/h3>\n<p data-start=\"3874\" data-end=\"4052\">System zapewnia dok\u0142adno\u015b\u0107 k\u0105ta w zakresie 0,2\u00b0, r\u00f3wnoleg\u0142o\u015b\u0107 wi\u0105zki w zakresie 0,2\u00b0 oraz jednorodno\u015b\u0107 i powtarzalno\u015b\u0107 w zakresie 0,5%, zapewniaj\u0105c stabiln\u0105 i wysok\u0105 wydajno\u015b\u0107 produkcji.<\/p>","protected":false},"excerpt":{"rendered":"<p>System implantacji jon\u00f3w Ai250 (Medium Beam) jest przeznaczony do 6-calowych i 8-calowych linii do produkcji p\u00f3\u0142przewodnik\u00f3w z p\u0142ytek krzemowych. Jest to \u015bredniopr\u0105dowy implantator jon\u00f3w wykorzystywany w zaawansowanych procesach produkcji uk\u0142ad\u00f3w scalonych, zapewniaj\u0105cy stabiln\u0105 wydajno\u015b\u0107 wi\u0105zki, wysok\u0105 dok\u0142adno\u015b\u0107 implantacji i niezawodn\u0105 kontrol\u0119 dawki.<\/p>","protected":false},"featured_media":2347,"comment_status":"open","ping_status":"closed","template":"","meta":{"site-sidebar-layout":"default","site-content-layout":"","ast-site-content-layout":"default","site-content-style":"default","site-sidebar-style":"default","ast-global-header-display":"","ast-banner-title-visibility":"","ast-main-header-display":"","ast-hfb-above-header-display":"","ast-hfb-below-header-display":"","ast-hfb-mobile-header-display":"","site-post-title":"","ast-breadcrumbs-content":"","ast-featured-img":"","footer-sml-layout":"","ast-disable-related-posts":"","theme-transparent-header-meta":"default","adv-header-id-meta":"","stick-header-meta":"default","header-above-stick-meta":"","header-main-stick-meta":"","header-below-stick-meta":"","astra-migrate-meta-layouts":"set","ast-page-background-enabled":"default","ast-page-background-meta":{"desktop":{"background-color":"var(--ast-global-color-4)","background-image":"","background-repeat":"repeat","background-position":"center center","background-size":"auto","background-attachment":"scroll","background-type":"","background-media":"","overlay-type":"","overlay-color":"","overlay-opacity":"","overlay-gradient":""},"tablet":{"background-color":"","background-image":"","background-repeat":"repeat","background-position":"center center","background-size":"auto","background-attachment":"scroll","background-type":"","background-media":"","overlay-type":"","overlay-color":"","overlay-opacity":"","overlay-gradient":""},"mobile":{"background-color":"","background-image":"","background-repeat":"repeat","background-position":"center center","background-size":"auto","background-attachment":"scroll","background-type":"","background-media":"","overlay-type":"","overlay-color":"","overlay-opacity":"","overlay-gradient":""}},"ast-content-background-meta":{"desktop":{"background-color":"var(--ast-global-color-5)","background-image":"","background-repeat":"repeat","background-position":"center center","background-size":"auto","background-attachment":"scroll","background-type":"","background-media":"","overlay-type":"","overlay-color":"","overlay-opacity":"","overlay-gradient":""},"tablet":{"background-color":"var(--ast-global-color-5)","background-image":"","background-repeat":"repeat","background-position":"center center","background-size":"auto","background-attachment":"scroll","background-type":"","background-media":"","overlay-type":"","overlay-color":"","overlay-opacity":"","overlay-gradient":""},"mobile":{"background-color":"var(--ast-global-color-5)","background-image":"","background-repeat":"repeat","background-position":"center center","background-size":"auto","background-attachment":"scroll","background-type":"","background-media":"","overlay-type":"","overlay-color":"","overlay-opacity":"","overlay-gradient":""}}},"product_brand":[],"product_cat":[1177],"product_tag":[1189,1190,1191,1193,1178,1192,1186,1185,1188,1187],"class_list":{"0":"post-2346","1":"product","2":"type-product","3":"status-publish","4":"has-post-thumbnail","6":"product_cat-ion-implantation-equipment","7":"product_tag-6-inch-wafer-equipment","8":"product_tag-8-inch-wafer-processing","9":"product_tag-cmos-manufacturing-equipment","10":"product_tag-high-current-ion-implantation","11":"product_tag-ion-implantation-system","12":"product_tag-lsi-process-equipment","13":"product_tag-medium-beam-ion-implanter","14":"product_tag-semiconductor-fabrication-equipment","15":"product_tag-semiconductor-implantation-machine","16":"product_tag-silicon-wafer-doping-equipment","17":"desktop-align-left","18":"tablet-align-left","19":"mobile-align-left","20":"ast-product-gallery-layout-horizontal-slider","21":"ast-product-gallery-with-no-image","22":"ast-product-tabs-layout-horizontal","24":"first","25":"instock","26":"shipping-taxable","27":"product-type-simple"},"_links":{"self":[{"href":"https:\/\/www.zmsh-semitech.com\/pl\/wp-json\/wp\/v2\/product\/2346","targetHints":{"allow":["GET"]}}],"collection":[{"href":"https:\/\/www.zmsh-semitech.com\/pl\/wp-json\/wp\/v2\/product"}],"about":[{"href":"https:\/\/www.zmsh-semitech.com\/pl\/wp-json\/wp\/v2\/types\/product"}],"replies":[{"embeddable":true,"href":"https:\/\/www.zmsh-semitech.com\/pl\/wp-json\/wp\/v2\/comments?post=2346"}],"version-history":[{"count":2,"href":"https:\/\/www.zmsh-semitech.com\/pl\/wp-json\/wp\/v2\/product\/2346\/revisions"}],"predecessor-version":[{"id":2374,"href":"https:\/\/www.zmsh-semitech.com\/pl\/wp-json\/wp\/v2\/product\/2346\/revisions\/2374"}],"wp:featuredmedia":[{"embeddable":true,"href":"https:\/\/www.zmsh-semitech.com\/pl\/wp-json\/wp\/v2\/media\/2347"}],"wp:attachment":[{"href":"https:\/\/www.zmsh-semitech.com\/pl\/wp-json\/wp\/v2\/media?parent=2346"}],"wp:term":[{"taxonomy":"product_brand","embeddable":true,"href":"https:\/\/www.zmsh-semitech.com\/pl\/wp-json\/wp\/v2\/product_brand?post=2346"},{"taxonomy":"product_cat","embeddable":true,"href":"https:\/\/www.zmsh-semitech.com\/pl\/wp-json\/wp\/v2\/product_cat?post=2346"},{"taxonomy":"product_tag","embeddable":true,"href":"https:\/\/www.zmsh-semitech.com\/pl\/wp-json\/wp\/v2\/product_tag?post=2346"}],"curies":[{"name":"wp","href":"https:\/\/api.w.org\/{rel}","templated":true}]}}