{"id":2327,"date":"2026-04-21T06:21:20","date_gmt":"2026-04-21T06:21:20","guid":{"rendered":"https:\/\/www.zmsh-semitech.com\/?post_type=product&#038;p=2327"},"modified":"2026-04-21T06:21:21","modified_gmt":"2026-04-21T06:21:21","slug":"wafer-thinning-system-precision-back-grinding-equipment-for-si-sic-and-4-to-12-inch-semiconductor-wafers","status":"publish","type":"product","link":"https:\/\/www.zmsh-semitech.com\/pl\/product\/wafer-thinning-system-precision-back-grinding-equipment-for-si-sic-and-4-to-12-inch-semiconductor-wafers\/","title":{"rendered":"System przerzedzania wafli Precyzyjny sprz\u0119t do szlifowania wstecznego wafli p\u00f3\u0142przewodnikowych Si SiC i 4 do 12 cali"},"content":{"rendered":"<p data-start=\"294\" data-end=\"629\"><img fetchpriority=\"high\" decoding=\"async\" class=\"alignright wp-image-2329 size-medium\" src=\"https:\/\/www.zmsh-semitech.com\/wp-content\/uploads\/2026\/04\/wafer_thinning_system_precision_thinning_equipment_sic_si_wafer_compatible_4_12inch_wafer_capacity2-300x300.webp\" alt=\"System przerzedzania wafli Precyzyjny sprz\u0119t do szlifowania wstecznego wafli p\u00f3\u0142przewodnikowych Si SiC i 4 do 12 cali\" width=\"300\" height=\"300\" srcset=\"https:\/\/www.zmsh-semitech.com\/wp-content\/uploads\/2026\/04\/wafer_thinning_system_precision_thinning_equipment_sic_si_wafer_compatible_4_12inch_wafer_capacity2-300x300.webp 300w, https:\/\/www.zmsh-semitech.com\/wp-content\/uploads\/2026\/04\/wafer_thinning_system_precision_thinning_equipment_sic_si_wafer_compatible_4_12inch_wafer_capacity2-150x150.webp 150w, https:\/\/www.zmsh-semitech.com\/wp-content\/uploads\/2026\/04\/wafer_thinning_system_precision_thinning_equipment_sic_si_wafer_compatible_4_12inch_wafer_capacity2-12x12.webp 12w, https:\/\/www.zmsh-semitech.com\/wp-content\/uploads\/2026\/04\/wafer_thinning_system_precision_thinning_equipment_sic_si_wafer_compatible_4_12inch_wafer_capacity2-600x600.webp 600w, https:\/\/www.zmsh-semitech.com\/wp-content\/uploads\/2026\/04\/wafer_thinning_system_precision_thinning_equipment_sic_si_wafer_compatible_4_12inch_wafer_capacity2-100x100.webp 100w, https:\/\/www.zmsh-semitech.com\/wp-content\/uploads\/2026\/04\/wafer_thinning_system_precision_thinning_equipment_sic_si_wafer_compatible_4_12inch_wafer_capacity2.webp 750w\" sizes=\"(max-width: 300px) 100vw, 300px\" \/>Precyzyjny sprz\u0119t do szlifowania wstecznego Wafer Thinning System to wysoce precyzyjne rozwi\u0105zanie do przetwarzania wafli zaprojektowane z my\u015bl\u0105 o zaawansowanej produkcji p\u00f3\u0142przewodnik\u00f3w. Obs\u0142uguje wafle od 4 do 12 cali, w tym krzem (Si), w\u0119glik krzemu (SiC), arsenek galu (GaAs), szafir i inne kruche z\u0142o\u017cone materia\u0142y p\u00f3\u0142przewodnikowe.<\/p>\n<p data-start=\"631\" data-end=\"924\">System ten zosta\u0142 zaprojektowany z my\u015bl\u0105 o ultraprecyzyjnym przerzedzaniu tylnej strony wafla, umo\u017cliwiaj\u0105c redukcj\u0119 grubo\u015bci do poziomu mikron\u00f3w i submikron\u00f3w przy jednoczesnym zachowaniu doskona\u0142ej integralno\u015bci powierzchni. Odgrywa kluczow\u0105 rol\u0119 w zaawansowanych opakowaniach, urz\u0105dzeniach zasilaj\u0105cych, MEMS i produkcji p\u00f3\u0142przewodnik\u00f3w z\u0142o\u017conych.<\/p>\n<p data-start=\"926\" data-end=\"1135\">Dzi\u0119ki zintegrowaniu konstrukcji mechanicznej o wysokiej sztywno\u015bci, precyzyjnej kontroli osi Z i monitorowaniu grubo\u015bci w czasie rzeczywistym, sprz\u0119t zapewnia stabiln\u0105 i powtarzaln\u0105 wydajno\u015b\u0107 przetwarzania w produkcji na skal\u0119 przemys\u0142ow\u0105.<\/p>\n<hr data-start=\"1137\" data-end=\"1140\" \/>\n<h2 data-section-id=\"17sw59i\" data-start=\"1142\" data-end=\"1171\"><span role=\"text\">Kluczowe cechy techniczne<\/span><\/h2>\n<h3 data-section-id=\"kcynyn\" data-start=\"1173\" data-end=\"1213\"><span role=\"text\">Precyzyjna kontrola grubo\u015bci<\/span><\/h3>\n<ul data-start=\"1214\" data-end=\"1353\">\n<li data-section-id=\"qvz3ew\" data-start=\"1214\" data-end=\"1245\">Dok\u0142adno\u015b\u0107 grubo\u015bci: \u00b11 \u03bcm<\/li>\n<li data-section-id=\"vbuidj\" data-start=\"1246\" data-end=\"1290\">Ca\u0142kowita wariacja grubo\u015bci (TTV): \u22642 \u03bcm<\/li>\n<li data-section-id=\"rxazu8\" data-start=\"1291\" data-end=\"1353\">Zaawansowane modele zapewniaj\u0105 kontrol\u0119 submikronow\u0105 do \u00b10,5 \u03bcm<\/li>\n<\/ul>\n<h3 data-section-id=\"15s8v24\" data-start=\"1355\" data-end=\"1390\"><span role=\"text\"><img decoding=\"async\" class=\"size-medium wp-image-2330 alignright\" src=\"https:\/\/www.zmsh-semitech.com\/wp-content\/uploads\/2026\/04\/wafer_thinning_system_precision_thinning_equipment_sic_si_wafer_compatible_4_12inch_wafer_capacity-300x300.webp\" alt=\"\" width=\"300\" height=\"300\" srcset=\"https:\/\/www.zmsh-semitech.com\/wp-content\/uploads\/2026\/04\/wafer_thinning_system_precision_thinning_equipment_sic_si_wafer_compatible_4_12inch_wafer_capacity-300x300.webp 300w, https:\/\/www.zmsh-semitech.com\/wp-content\/uploads\/2026\/04\/wafer_thinning_system_precision_thinning_equipment_sic_si_wafer_compatible_4_12inch_wafer_capacity-150x150.webp 150w, https:\/\/www.zmsh-semitech.com\/wp-content\/uploads\/2026\/04\/wafer_thinning_system_precision_thinning_equipment_sic_si_wafer_compatible_4_12inch_wafer_capacity-12x12.webp 12w, https:\/\/www.zmsh-semitech.com\/wp-content\/uploads\/2026\/04\/wafer_thinning_system_precision_thinning_equipment_sic_si_wafer_compatible_4_12inch_wafer_capacity-600x600.webp 600w, https:\/\/www.zmsh-semitech.com\/wp-content\/uploads\/2026\/04\/wafer_thinning_system_precision_thinning_equipment_sic_si_wafer_compatible_4_12inch_wafer_capacity-100x100.webp 100w, https:\/\/www.zmsh-semitech.com\/wp-content\/uploads\/2026\/04\/wafer_thinning_system_precision_thinning_equipment_sic_si_wafer_compatible_4_12inch_wafer_capacity.webp 750w\" sizes=\"(max-width: 300px) 100vw, 300px\" \/>Szeroka kompatybilno\u015b\u0107 materia\u0142owa<\/span><\/h3>\n<p data-start=\"1391\" data-end=\"1452\">Obs\u0142uguje szeroki zakres materia\u0142\u00f3w p\u00f3\u0142przewodnikowych i kruchych:<\/p>\n<ul data-start=\"1453\" data-end=\"1574\">\n<li data-section-id=\"1mmq8pa\" data-start=\"1453\" data-end=\"1467\">Krzem (Si)<\/li>\n<li data-section-id=\"1ah49cn\" data-start=\"1468\" data-end=\"1491\">W\u0119glik krzemu (SiC)<\/li>\n<li data-section-id=\"6pubop\" data-start=\"1492\" data-end=\"1517\">Arsenek galu (GaAs)<\/li>\n<li data-section-id=\"pz60z2\" data-start=\"1518\" data-end=\"1536\">Szafir (Al\u2082O\u2083)<\/li>\n<li data-section-id=\"1x0u20i\" data-start=\"1537\" data-end=\"1574\">Inne z\u0142o\u017cone p\u0142ytki p\u00f3\u0142przewodnikowe<\/li>\n<\/ul>\n<h3 data-section-id=\"1k27fm2\" data-start=\"1576\" data-end=\"1608\"><span role=\"text\">Kompatybilno\u015b\u0107 rozmiar\u00f3w p\u0142ytek<\/span><\/h3>\n<ul data-start=\"1609\" data-end=\"1726\">\n<li data-section-id=\"fhdptx\" data-start=\"1609\" data-end=\"1662\">Wafle 4-calowe \/ 6-calowe \/ 8-calowe \/ 10-calowe \/ 12-calowe<\/li>\n<li data-section-id=\"5k0pa3\" data-start=\"1663\" data-end=\"1726\">Elastyczna obs\u0142uga zar\u00f3wno standardowych, jak i niestandardowych pod\u0142o\u017cy<\/li>\n<\/ul>\n<h3 data-section-id=\"rmjxfn\" data-start=\"1728\" data-end=\"1768\"><span role=\"text\">System mechaniczny o wysokiej stabilno\u015bci<\/span><\/h3>\n<ul data-start=\"1769\" data-end=\"1949\">\n<li data-section-id=\"1wor6l0\" data-start=\"1769\" data-end=\"1804\">Wrzeciono z \u0142o\u017cyskiem powietrznym o wysokiej sztywno\u015bci<\/li>\n<li data-section-id=\"7gqyrg\" data-start=\"1805\" data-end=\"1848\">Precyzyjna platforma szlifierska o niskim poziomie wibracji<\/li>\n<li data-section-id=\"wf9b1q\" data-start=\"1849\" data-end=\"1892\">Importowana \u015bruba kulowa + prowadnica liniowa<\/li>\n<li data-section-id=\"fj2519\" data-start=\"1893\" data-end=\"1949\">Precyzyjne sterowanie serwomotorem (rozdzielczo\u015b\u0107 0,1 \u03bcm)<\/li>\n<\/ul>\n<h3 data-section-id=\"1e5oiya\" data-start=\"1951\" data-end=\"1982\"><span role=\"text\">Zaawansowany system ch\u0142odzenia<\/span><\/h3>\n<ul data-start=\"1983\" data-end=\"2088\">\n<li data-section-id=\"1u6gyvp\" data-start=\"1983\" data-end=\"2038\">System wrzeciona ch\u0142odzonego wod\u0105 zapewnia stabilno\u015b\u0107 termiczn\u0105<\/li>\n<li data-section-id=\"1927cdq\" data-start=\"2039\" data-end=\"2088\">Zapobiega odkszta\u0142ceniom podczas szlifowania z du\u017c\u0105 pr\u0119dko\u015bci\u0105<\/li>\n<\/ul>\n<hr data-start=\"2090\" data-end=\"2093\" \/>\n<h2 data-section-id=\"1ftdxrk\" data-start=\"2095\" data-end=\"2122\"><span role=\"text\">Konfiguracja systemu<\/span><\/h2>\n<p data-start=\"2124\" data-end=\"2189\">System przerzedzania wafli integruje wiele funkcjonalnych modu\u0142\u00f3w:<\/p>\n<h3 data-section-id=\"djoygz\" data-start=\"2191\" data-end=\"2227\"><span role=\"text\">1. Modu\u0142 precyzyjnego szlifowania<\/span><\/h3>\n<p data-start=\"2228\" data-end=\"2294\">Wykonuje kontrolowane usuwanie materia\u0142u z wysok\u0105 jednorodno\u015bci\u0105 powierzchni.<\/p>\n<h3 data-section-id=\"gytvay\" data-start=\"2296\" data-end=\"2338\"><span role=\"text\">2. Precyzyjny system sterowania osi\u0105 Z<\/span><\/h3>\n<p data-start=\"2339\" data-end=\"2409\">Umo\u017cliwia bardzo precyzyjn\u0105 regulacj\u0119 pionow\u0105 w celu uzyskania sta\u0142ej grubo\u015bci p\u0142ytki.<\/p>\n<h3 data-section-id=\"i93eki\" data-start=\"2411\" data-end=\"2450\"><span role=\"text\">3. System pomiaru grubo\u015bci<\/span><\/h3>\n<p data-start=\"2451\" data-end=\"2519\">Pomiar kontaktowy\/bezkontaktowy w czasie rzeczywistym zapewnia stabilno\u015b\u0107 procesu.<\/p>\n<h3 data-section-id=\"ycd038\" data-start=\"2521\" data-end=\"2550\"><span role=\"text\">4. Pr\u00f3\u017cniowy uchwyt waflowy<\/span><\/h3>\n<p data-start=\"2551\" data-end=\"2626\">Bezpieczne mocowanie wafli, w tym niestandardowe rozwi\u0105zania dla nieregularnych wafli.<\/p>\n<h3 data-section-id=\"1xwcykg\" data-start=\"2628\" data-end=\"2664\"><span role=\"text\">5. System kontroli automatyki<\/span><\/h3>\n<ul data-start=\"2665\" data-end=\"2767\">\n<li data-section-id=\"mbtl4z\" data-start=\"2665\" data-end=\"2706\">Tryby pracy w pe\u0142ni automatyczny \/ p\u00f3\u0142automatyczny<\/li>\n<li data-section-id=\"1tpxb04\" data-start=\"2707\" data-end=\"2734\">Rejestrowanie dziennika operacji<\/li>\n<li data-section-id=\"1chqk9c\" data-start=\"2735\" data-end=\"2767\">Kontrola procesu oparta na recepturach<\/li>\n<\/ul>\n<hr data-start=\"2769\" data-end=\"2772\" \/>\n<h2 data-section-id=\"gimyd4\" data-start=\"2774\" data-end=\"2804\"><span role=\"text\"><img decoding=\"async\" class=\"wp-image-2331 alignright\" src=\"https:\/\/www.zmsh-semitech.com\/wp-content\/uploads\/2026\/04\/Wafer-Thinning-System-Precision-Back-Grinding-Equipment-for-Si-SiC-and-4-to-12-Inch-Semiconductor-Wafers2-300x81.png\" alt=\"\" width=\"393\" height=\"106\" srcset=\"https:\/\/www.zmsh-semitech.com\/wp-content\/uploads\/2026\/04\/Wafer-Thinning-System-Precision-Back-Grinding-Equipment-for-Si-SiC-and-4-to-12-Inch-Semiconductor-Wafers2-300x81.png 300w, https:\/\/www.zmsh-semitech.com\/wp-content\/uploads\/2026\/04\/Wafer-Thinning-System-Precision-Back-Grinding-Equipment-for-Si-SiC-and-4-to-12-Inch-Semiconductor-Wafers2-18x5.png 18w, https:\/\/www.zmsh-semitech.com\/wp-content\/uploads\/2026\/04\/Wafer-Thinning-System-Precision-Back-Grinding-Equipment-for-Si-SiC-and-4-to-12-Inch-Semiconductor-Wafers2-600x162.png 600w, https:\/\/www.zmsh-semitech.com\/wp-content\/uploads\/2026\/04\/Wafer-Thinning-System-Precision-Back-Grinding-Equipment-for-Si-SiC-and-4-to-12-Inch-Semiconductor-Wafers2.png 680w\" sizes=\"(max-width: 393px) 100vw, 393px\" \/> Mo\u017cliwo\u015bci przetwarzania<\/span><\/h2>\n<p data-start=\"2806\" data-end=\"2876\">System zosta\u0142 zaprojektowany do wysokowydajnego przetwarzania tylnej strony wafla:<\/p>\n<ul data-start=\"2878\" data-end=\"3074\">\n<li data-section-id=\"xh3w3z\" data-start=\"2878\" data-end=\"2909\">Szlifowanie wafli krzemowych<\/li>\n<li data-section-id=\"xar9m4\" data-start=\"2910\" data-end=\"2950\">Cienkie p\u0142ytki SiC dla urz\u0105dze\u0144 zasilaj\u0105cych<\/li>\n<li data-section-id=\"198a8mj\" data-start=\"2951\" data-end=\"2986\">Przerzedzenie pod\u0142o\u017ca GaN i GaAs<\/li>\n<li data-section-id=\"2lf608\" data-start=\"2987\" data-end=\"3024\">Precyzyjne przerzedzanie wafli szafirowych<\/li>\n<li data-section-id=\"1kfyhfx\" data-start=\"3025\" data-end=\"3074\">Przygotowanie ultracienkiej p\u0142ytki do pakowania 3D<\/li>\n<\/ul>\n<hr data-start=\"3076\" data-end=\"3079\" \/>\n<h2 data-section-id=\"k0zlak\" data-start=\"3081\" data-end=\"3100\"><span role=\"text\">Zastosowania<\/span><\/h2>\n<h3 data-section-id=\"1jqwtfq\" data-start=\"3102\" data-end=\"3140\"><span role=\"text\">1. Urz\u0105dzenia p\u00f3\u0142przewodnikowe mocy<\/span><\/h3>\n<p data-start=\"3141\" data-end=\"3222\">Stosowany w tranzystorach SiC MOSFET, tranzystorach IGBT i urz\u0105dzeniach wysokonapi\u0119ciowych wymagaj\u0105cych ultracienkich p\u0142ytek.<\/p>\n<h3 data-section-id=\"1a6priz\" data-start=\"3224\" data-end=\"3253\"><span role=\"text\"><img loading=\"lazy\" decoding=\"async\" class=\"wp-image-2332 alignright\" src=\"https:\/\/www.zmsh-semitech.com\/wp-content\/uploads\/2026\/04\/application3-300x188.png\" alt=\"\" width=\"421\" height=\"264\" srcset=\"https:\/\/www.zmsh-semitech.com\/wp-content\/uploads\/2026\/04\/application3-300x188.png 300w, https:\/\/www.zmsh-semitech.com\/wp-content\/uploads\/2026\/04\/application3-18x12.png 18w, https:\/\/www.zmsh-semitech.com\/wp-content\/uploads\/2026\/04\/application3-600x376.png 600w, https:\/\/www.zmsh-semitech.com\/wp-content\/uploads\/2026\/04\/application3.png 680w\" sizes=\"(max-width: 421px) 100vw, 421px\" \/>2. Zaawansowane pakowanie<\/span><\/h3>\n<p data-start=\"3254\" data-end=\"3282\">Obs\u0142uguje przerzedzanie wafli w celu:<\/p>\n<ul data-start=\"3283\" data-end=\"3375\">\n<li data-section-id=\"18hyzkr\" data-start=\"3283\" data-end=\"3306\">Opakowanie typu flip-chip<\/li>\n<li data-section-id=\"16lrd61\" data-start=\"3307\" data-end=\"3335\">Integracja uk\u0142ad\u00f3w scalonych 2.5D \/ 3D<\/li>\n<li data-section-id=\"1s3z3q5\" data-start=\"3336\" data-end=\"3375\">Procesy TSV (Through Silicon Via)<\/li>\n<\/ul>\n<h3 data-section-id=\"m46f4y\" data-start=\"3377\" data-end=\"3411\"><span role=\"text\">3. P\u00f3\u0142przewodniki z\u0142o\u017cone<\/span><\/h3>\n<p data-start=\"3412\" data-end=\"3464\">Ma zastosowanie do produkcji urz\u0105dze\u0144 GaN, GaAs i InP.<\/p>\n<h3 data-section-id=\"kz928f\" data-start=\"3466\" data-end=\"3500\"><span role=\"text\">4. LED i optoelektronika<\/span><\/h3>\n<p data-start=\"3501\" data-end=\"3572\">Cienkie wafle szafirowe i mieszane do chip\u00f3w LED i urz\u0105dze\u0144 optycznych.<\/p>\n<hr data-start=\"3574\" data-end=\"3577\" \/>\n<h2 data-section-id=\"d8omv1\" data-start=\"3579\" data-end=\"3596\"><span role=\"text\">Zalety<\/span><\/h2>\n<ul data-start=\"3598\" data-end=\"3893\">\n<li data-section-id=\"u42zog\" data-start=\"3598\" data-end=\"3645\">Dojrza\u0142a i stabilna technologia przerzedzania p\u0142ytek<\/li>\n<li data-section-id=\"1pb253f\" data-start=\"3646\" data-end=\"3688\">Precyzyjny system szlifowania na wej\u015bciu<\/li>\n<li data-section-id=\"1b2hrea\" data-start=\"3689\" data-end=\"3728\">Doskona\u0142a kontrola chropowato\u015bci powierzchni<\/li>\n<li data-section-id=\"swoy5t\" data-start=\"3729\" data-end=\"3787\">Wysoka UPH (do 30 wafli\/godzin\u0119 dla standardowych proces\u00f3w)<\/li>\n<li data-section-id=\"folyym\" data-start=\"3788\" data-end=\"3842\">Du\u017ca zdolno\u015b\u0107 adaptacji do kruchych i twardych materia\u0142\u00f3w<\/li>\n<li data-section-id=\"kkjwmp\" data-start=\"3843\" data-end=\"3893\">W pe\u0142ni zautomatyzowane mo\u017cliwo\u015bci integracji proces\u00f3w<\/li>\n<\/ul>\n<hr data-start=\"3895\" data-end=\"3898\" \/>\n<h2 data-section-id=\"1nn32qm\" data-start=\"3900\" data-end=\"3929\"><span role=\"text\">Najwa\u017cniejsze wyniki<\/span><\/h2>\n<ul data-start=\"3931\" data-end=\"4171\">\n<li data-section-id=\"ndqugr\" data-start=\"3931\" data-end=\"3980\">Minimalna rozdzielczo\u015b\u0107: 0,1 \u03bcm\/s Sterowanie osi\u0105 Z<\/li>\n<li data-section-id=\"1sfyown\" data-start=\"3981\" data-end=\"4020\">Jednorodno\u015b\u0107 grubo\u015bci: \u22641-2 \u03bcm TTV<\/li>\n<li data-section-id=\"2ioyhe\" data-start=\"4021\" data-end=\"4066\">Wysokoobrotowe wrzeciono o bardzo niskim poziomie wibracji<\/li>\n<li data-section-id=\"1svxu2t\" data-start=\"4067\" data-end=\"4109\">Monitorowanie i rejestrowanie proces\u00f3w w czasie rzeczywistym<\/li>\n<li data-section-id=\"kjsadr\" data-start=\"4110\" data-end=\"4171\">Kompatybilny zar\u00f3wno ze \u015brodowiskami badawczo-rozwojowymi, jak i produkcji masowej<\/li>\n<\/ul>\n<hr data-start=\"4173\" data-end=\"4176\" \/>\n<h2 data-section-id=\"lalgo8\" data-start=\"4178\" data-end=\"4206\"><span role=\"text\">Opcje dostosowywania<\/span><\/h2>\n<p data-start=\"4208\" data-end=\"4273\">Zapewniamy elastyczne dostosowanie do r\u00f3\u017cnych potrzeb przemys\u0142owych:<\/p>\n<ul data-start=\"4275\" data-end=\"4459\">\n<li data-section-id=\"kmxap1\" data-start=\"4275\" data-end=\"4315\">Niestandardowe uchwyty waflowe (nieregularne kszta\u0142ty)<\/li>\n<li data-section-id=\"1om94rb\" data-start=\"4316\" data-end=\"4368\">Rozszerzony zakres pomiaru grubo\u015bci (do 40 mm)<\/li>\n<li data-section-id=\"1gmsugm\" data-start=\"4369\" data-end=\"4399\">Dostosowanie receptury procesu<\/li>\n<li data-section-id=\"enumxl\" data-start=\"4400\" data-end=\"4459\">Integracja automatyzacji z urz\u0105dzeniami upstream\/downstream<\/li>\n<\/ul>\n<hr data-start=\"4461\" data-end=\"4464\" \/>\n<h2 data-section-id=\"elc90z\" data-start=\"4466\" data-end=\"4476\"><span role=\"text\">FAQ<\/span><\/h2>\n<h3 data-section-id=\"97umay\" data-start=\"4478\" data-end=\"4525\"><span role=\"text\">P1: Czy ten system mo\u017ce przetwarza\u0107 p\u0142ytki SiC?<\/span><\/h3>\n<p data-start=\"4526\" data-end=\"4649\">Tak, jest specjalnie zoptymalizowany do przerzedzania p\u0142ytek SiC i szlifowania tylnej strony, odpowiedni do zastosowa\u0144 w urz\u0105dzeniach zasilaj\u0105cych.<\/p>\n<h3 data-section-id=\"pwbsig\" data-start=\"4651\" data-end=\"4705\"><span role=\"text\">P2: Jaka jest osi\u0105galna dok\u0142adno\u015b\u0107 grubo\u015bci?<\/span><\/h3>\n<p data-start=\"4706\" data-end=\"4802\">Standardowe modele osi\u0105gaj\u0105 \u00b11 \u03bcm, a wysokiej klasy konfiguracje mog\u0105 osi\u0105gn\u0105\u0107 \u00b10,5 \u03bcm przy TTV \u22641 \u03bcm.<\/p>\n<h3 data-section-id=\"4mq81u\" data-start=\"4804\" data-end=\"4848\"><span role=\"text\">P3: Czy obs\u0142uguje pe\u0142n\u0105 automatyzacj\u0119?<\/span><\/h3>\n<p data-start=\"4849\" data-end=\"4944\">Tak, dost\u0119pne s\u0105 zar\u00f3wno tryby pe\u0142nego automatu, jak i p\u00f3\u0142automatyczne, w zale\u017cno\u015bci od wymaga\u0144 produkcyjnych.<\/p>","protected":false},"excerpt":{"rendered":"<p>Precyzyjny sprz\u0119t do szlifowania wstecznego Wafer Thinning System to wysoce precyzyjne rozwi\u0105zanie do przetwarzania wafli zaprojektowane z my\u015bl\u0105 o zaawansowanej produkcji p\u00f3\u0142przewodnik\u00f3w. Obs\u0142uguje wafle od 4 cali do 12 cali, w tym krzem (Si), w\u0119glik krzemu (SiC), arsenek galu (GaAs), szafir i inne kruche z\u0142o\u017cone materia\u0142y p\u00f3\u0142przewodnikowe. System ten zosta\u0142 zaprojektowany z my\u015bl\u0105 o ultraprecyzyjnym przerzedzaniu tylnej strony wafla, umo\u017cliwiaj\u0105c redukcj\u0119 grubo\u015bci do poziomu mikron\u00f3w i submikron\u00f3w przy jednoczesnym zachowaniu doskona\u0142ej integralno\u015bci powierzchni.<\/p>","protected":false},"featured_media":2330,"comment_status":"open","ping_status":"closed","template":"","meta":{"site-sidebar-layout":"default","site-content-layout":"","ast-site-content-layout":"default","site-content-style":"default","site-sidebar-style":"default","ast-global-header-display":"","ast-banner-title-visibility":"","ast-main-header-display":"","ast-hfb-above-header-display":"","ast-hfb-below-header-display":"","ast-hfb-mobile-header-display":"","site-post-title":"","ast-breadcrumbs-content":"","ast-featured-img":"","footer-sml-layout":"","ast-disable-related-posts":"","theme-transparent-header-meta":"default","adv-header-id-meta":"","stick-header-meta":"default","header-above-stick-meta":"","header-main-stick-meta":"","header-below-stick-meta":"","astra-migrate-meta-layouts":"set","ast-page-background-enabled":"default","ast-page-background-meta":{"desktop":{"background-color":"var(--ast-global-color-4)","background-image":"","background-repeat":"repeat","background-position":"center center","background-size":"auto","background-attachment":"scroll","background-type":"","background-media":"","overlay-type":"","overlay-color":"","overlay-opacity":"","overlay-gradient":""},"tablet":{"background-color":"","background-image":"","background-repeat":"repeat","background-position":"center center","background-size":"auto","background-attachment":"scroll","background-type":"","background-media":"","overlay-type":"","overlay-color":"","overlay-opacity":"","overlay-gradient":""},"mobile":{"background-color":"","background-image":"","background-repeat":"repeat","background-position":"center center","background-size":"auto","background-attachment":"scroll","background-type":"","background-media":"","overlay-type":"","overlay-color":"","overlay-opacity":"","overlay-gradient":""}},"ast-content-background-meta":{"desktop":{"background-color":"var(--ast-global-color-5)","background-image":"","background-repeat":"repeat","background-position":"center center","background-size":"auto","background-attachment":"scroll","background-type":"","background-media":"","overlay-type":"","overlay-color":"","overlay-opacity":"","overlay-gradient":""},"tablet":{"background-color":"var(--ast-global-color-5)","background-image":"","background-repeat":"repeat","background-position":"center center","background-size":"auto","background-attachment":"scroll","background-type":"","background-media":"","overlay-type":"","overlay-color":"","overlay-opacity":"","overlay-gradient":""},"mobile":{"background-color":"var(--ast-global-color-5)","background-image":"","background-repeat":"repeat","background-position":"center center","background-size":"auto","background-attachment":"scroll","background-type":"","background-media":"","overlay-type":"","overlay-color":"","overlay-opacity":"","overlay-gradient":""}}},"product_brand":[],"product_cat":[724],"product_tag":[1160,1000,1163,1165,1162,1164,804,1158,1159,1161,547,801,1157,1156],"class_list":{"0":"post-2327","1":"product","2":"type-product","3":"status-publish","4":"has-post-thumbnail","6":"product_cat-grinding-machine","7":"product_tag-12-inch-wafer-equipment","8":"product_tag-advanced-packaging-equipment","9":"product_tag-compound-semiconductor-thinning","10":"product_tag-power-device-wafer-equipment","11":"product_tag-precision-wafer-grinder","12":"product_tag-sapphire-wafer-processing","13":"product_tag-semiconductor-grinding-machine","14":"product_tag-si-wafer-thinning","15":"product_tag-sic-wafer-thinning-equipment","16":"product_tag-ttv-control-system","17":"product_tag-ultra-thin-wafer-processing","18":"product_tag-wafer-back-grinding-machine","19":"product_tag-wafer-thinning-equipment","20":"product_tag-wafer-thinning-system","21":"desktop-align-left","22":"tablet-align-left","23":"mobile-align-left","24":"ast-product-gallery-layout-horizontal-slider","25":"ast-product-tabs-layout-horizontal","27":"first","28":"instock","29":"shipping-taxable","30":"product-type-simple"},"_links":{"self":[{"href":"https:\/\/www.zmsh-semitech.com\/pl\/wp-json\/wp\/v2\/product\/2327","targetHints":{"allow":["GET"]}}],"collection":[{"href":"https:\/\/www.zmsh-semitech.com\/pl\/wp-json\/wp\/v2\/product"}],"about":[{"href":"https:\/\/www.zmsh-semitech.com\/pl\/wp-json\/wp\/v2\/types\/product"}],"replies":[{"embeddable":true,"href":"https:\/\/www.zmsh-semitech.com\/pl\/wp-json\/wp\/v2\/comments?post=2327"}],"version-history":[{"count":2,"href":"https:\/\/www.zmsh-semitech.com\/pl\/wp-json\/wp\/v2\/product\/2327\/revisions"}],"predecessor-version":[{"id":2334,"href":"https:\/\/www.zmsh-semitech.com\/pl\/wp-json\/wp\/v2\/product\/2327\/revisions\/2334"}],"wp:featuredmedia":[{"embeddable":true,"href":"https:\/\/www.zmsh-semitech.com\/pl\/wp-json\/wp\/v2\/media\/2330"}],"wp:attachment":[{"href":"https:\/\/www.zmsh-semitech.com\/pl\/wp-json\/wp\/v2\/media?parent=2327"}],"wp:term":[{"taxonomy":"product_brand","embeddable":true,"href":"https:\/\/www.zmsh-semitech.com\/pl\/wp-json\/wp\/v2\/product_brand?post=2327"},{"taxonomy":"product_cat","embeddable":true,"href":"https:\/\/www.zmsh-semitech.com\/pl\/wp-json\/wp\/v2\/product_cat?post=2327"},{"taxonomy":"product_tag","embeddable":true,"href":"https:\/\/www.zmsh-semitech.com\/pl\/wp-json\/wp\/v2\/product_tag?post=2327"}],"curies":[{"name":"wp","href":"https:\/\/api.w.org\/{rel}","templated":true}]}}