{"id":2254,"date":"2026-04-15T05:46:39","date_gmt":"2026-04-15T05:46:39","guid":{"rendered":"https:\/\/www.zmsh-semitech.com\/?post_type=product&#038;p=2254"},"modified":"2026-04-15T06:50:20","modified_gmt":"2026-04-15T06:50:20","slug":"8-inch-high-purity-fused-quartz-wafer-200mm-for-precision-sensors-and-optical-applications","status":"publish","type":"product","link":"https:\/\/www.zmsh-semitech.com\/pl\/product\/8-inch-high-purity-fused-quartz-wafer-200mm-for-precision-sensors-and-optical-applications\/","title":{"rendered":"8-calowy wafel kwarcowy o wysokiej czysto\u015bci (200 mm) do precyzyjnych czujnik\u00f3w i zastosowa\u0144 optycznych"},"content":{"rendered":"<p data-start=\"363\" data-end=\"808\"><img fetchpriority=\"high\" decoding=\"async\" class=\"size-medium wp-image-2491 alignleft\" src=\"https:\/\/www.fuyao-quartz.com\/wp-content\/uploads\/2026\/03\/8inch_quartz_wafer_diameter_200mm_ttv_10_m_ra_1_0_nm_for_high_precision_sensors2-300x300.jpg\" alt=\"\" width=\"300\" height=\"300\" \/>8-calowy wafel z topionego kwarcu to wysokiej jako\u015bci pod\u0142o\u017ce z syntetycznego kwarcu o wysokiej czysto\u015bci (SiO\u2082 \u226599,99%), zaprojektowane do precyzyjnych zastosowa\u0144 w systemach p\u00f3\u0142przewodnikowych, MEMS, optycznych i laserowych. Jego bardzo niska rozszerzalno\u015b\u0107 cieplna, wyj\u0105tkowa przepuszczalno\u015b\u0107 promieniowania UV-IR i doskona\u0142a odporno\u015b\u0107 chemiczna sprawiaj\u0105, \u017ce idealnie nadaje si\u0119 do wymagaj\u0105cych \u015brodowisk, takich jak fotolitografia, trawienie, osadzanie cienkich warstw i precyzyjna produkcja czujnik\u00f3w.<\/p>\n<p data-start=\"810\" data-end=\"1058\">Ka\u017cdy wafel jest starannie produkowany pod rygorystyczn\u0105 kontrol\u0105 jako\u015bci w pomieszczeniach czystych, aby zapewni\u0107 doskona\u0142\u0105 p\u0142asko\u015b\u0107, wyko\u0144czenie powierzchni i czysto\u015b\u0107. Gwarantuje to niezawodne dzia\u0142anie w krytycznych zastosowaniach przemys\u0142owych, badawczych i lotniczych.<\/p>\n<h3 data-start=\"1065\" data-end=\"1096\">Kluczowe cechy i zalety<\/h3>\n<ul data-start=\"1098\" data-end=\"2065\">\n<li data-section-id=\"kgj1c0\" data-start=\"1098\" data-end=\"1198\">\n<p data-start=\"1100\" data-end=\"1198\"><strong data-start=\"1100\" data-end=\"1131\">Bardzo wysoka czysto\u015b\u0107 (\u226599,99%)<\/strong>: Minimalizuje zanieczyszczenia w procesach p\u00f3\u0142przewodnikowych i optycznych.<\/p>\n<\/li>\n<li data-section-id=\"7e6lqo\" data-start=\"1199\" data-end=\"1328\">\n<p data-start=\"1201\" data-end=\"1328\"><strong data-start=\"1201\" data-end=\"1234\">Wyj\u0105tkowa stabilno\u015b\u0107 termiczna<\/strong>: Temperatura mi\u0119knienia ~1683\u00b0C, kr\u00f3tkotrwa\u0142a tolerancja do 1450\u00b0C dla proces\u00f3w wysokotemperaturowych.<img decoding=\"async\" class=\"size-medium wp-image-2488 alignright\" src=\"https:\/\/www.fuyao-quartz.com\/wp-content\/uploads\/2026\/03\/8inch_quartz_wafer_diameter_200mm_ttv_10_m_ra_1_0_nm_for_high_precision_sensors4-300x300.jpg\" alt=\"\" width=\"300\" height=\"300\" \/><\/p>\n<\/li>\n<li data-section-id=\"pxp023\" data-start=\"1329\" data-end=\"1433\">\n<p data-start=\"1331\" data-end=\"1433\"><strong data-start=\"1331\" data-end=\"1378\">Bardzo niska rozszerzalno\u015b\u0107 cieplna (0,55 \u00d7 10-\u2076\/K)<\/strong>: Zapewnia stabilno\u015b\u0107 wymiarow\u0105 pod wp\u0142ywem napr\u0119\u017ce\u0144 termicznych.<\/p>\n<\/li>\n<li data-section-id=\"14xwsrz\" data-start=\"1434\" data-end=\"1557\">\n<p data-start=\"1436\" data-end=\"1557\"><strong data-start=\"1436\" data-end=\"1469\">Doskona\u0142a transmisja optyczna<\/strong>: Zakres UV-IR 185 nm-2,5 \u00b5m, idealny do fotolitografii, optyki laserowej i czujnik\u00f3w UV.<\/p>\n<\/li>\n<li data-section-id=\"yw53fa\" data-start=\"1558\" data-end=\"1678\">\n<p data-start=\"1560\" data-end=\"1678\"><strong data-start=\"1560\" data-end=\"1584\">Wysoka jako\u015b\u0107 powierzchni<\/strong>: Ra \u22641,0 nm i TTV \u226410 \u00b5m dla jednolitego osadzania cienkiej warstwy i precyzyjnej integracji czujnika.<\/p>\n<\/li>\n<li data-section-id=\"w93pn9\" data-start=\"1679\" data-end=\"1805\">\n<p data-start=\"1681\" data-end=\"1805\"><strong data-start=\"1681\" data-end=\"1704\">Odporno\u015b\u0107 chemiczna<\/strong>: Odporny na wi\u0119kszo\u015b\u0107 kwas\u00f3w (z wyj\u0105tkiem HF) i zasad, odpowiedni do wytrawiania na mokro i w trudnych warunkach.<\/p>\n<\/li>\n<li data-section-id=\"1n1qt20\" data-start=\"1806\" data-end=\"1915\">\n<p data-start=\"1808\" data-end=\"1915\"><strong data-start=\"1808\" data-end=\"1855\">Odporno\u015b\u0107 na promieniowanie i stabilno\u015b\u0107 dielektryczna<\/strong>: Obs\u0142uguje zastosowania w lotnictwie i fizyce wysokich energii.<\/p>\n<\/li>\n<li data-section-id=\"dgvd7c\" data-start=\"1916\" data-end=\"2065\">\n<p data-start=\"1918\" data-end=\"2065\"><strong data-start=\"1918\" data-end=\"1949\">Konfigurowalne kszta\u0142ty i rozmiary<\/strong>: Okr\u0105g\u0142e, kwadratowe, pier\u015bcieniowe lub sektorowe wafle z opcjonalnym polerowaniem, pow\u0142okami AR\/IR\/DLC i mikrofabrykacj\u0105.<\/p>\n<\/li>\n<\/ul>\n<h3 data-start=\"2072\" data-end=\"2090\"><strong data-start=\"2072\" data-end=\"2088\">Zastosowania<\/strong><\/h3>\n<div class=\"TyagGW_tableContainer\">\n<div class=\"group TyagGW_tableWrapper flex flex-col-reverse w-fit\" tabindex=\"-1\">\n<table class=\"w-fit min-w-(--thread-content-width)\" data-start=\"2092\" data-end=\"3021\">\n<thead data-start=\"2092\" data-end=\"2128\">\n<tr data-start=\"2092\" data-end=\"2128\">\n<th class=\"\" data-start=\"2092\" data-end=\"2103\" data-col-size=\"sm\">Przemys\u0142<\/th>\n<th class=\"\" data-start=\"2103\" data-end=\"2117\" data-col-size=\"md\">Zastosowanie<\/th>\n<th class=\"\" data-start=\"2117\" data-end=\"2128\" data-col-size=\"md\">Korzy\u015bci<\/th>\n<\/tr>\n<\/thead>\n<tbody data-start=\"2165\" data-end=\"3021\">\n<tr data-start=\"2165\" data-end=\"2329\">\n<td data-start=\"2165\" data-end=\"2181\" data-col-size=\"sm\">P\u00f3\u0142przewodnik<\/td>\n<td data-start=\"2181\" data-end=\"2242\" data-col-size=\"md\">Pod\u0142o\u017ca fotomasek, no\u015bniki do trawienia, podk\u0142adki polerskie CMP<\/td>\n<td data-col-size=\"md\" data-start=\"2242\" data-end=\"2329\">Wysoka stabilno\u015b\u0107 temperaturowa, bardzo niski poziom defekt\u00f3w, zapewnia precyzj\u0119 produkcji chip\u00f3w<\/td>\n<\/tr>\n<tr data-start=\"2330\" data-end=\"2462\">\n<td data-start=\"2330\" data-end=\"2346\" data-col-size=\"sm\">Fotowoltaika<\/td>\n<td data-col-size=\"md\" data-start=\"2346\" data-end=\"2402\">Wafle do procesu PECVD, pod\u0142o\u017ca do osadzania cienkich warstw<\/td>\n<td data-col-size=\"md\" data-start=\"2402\" data-end=\"2462\">Odporno\u015b\u0107 na szok termiczny, poprawia wydajno\u015b\u0107 ogniw s\u0142onecznych<\/td>\n<\/tr>\n<tr data-start=\"2463\" data-end=\"2611\">\n<td data-start=\"2463\" data-end=\"2481\" data-col-size=\"sm\">Optoelektronika<\/td>\n<td data-col-size=\"md\" data-start=\"2481\" data-end=\"2533\">Pod\u0142o\u017ca LED\/LD, okna laserowe, czujniki optyczne<\/td>\n<td data-col-size=\"md\" data-start=\"2533\" data-end=\"2611\">Wysoka transmisja UV-IR, niska autofluorescencja, zwi\u0119ksza wydajno\u015b\u0107 urz\u0105dzenia<\/td>\n<\/tr>\n<tr data-start=\"2612\" data-end=\"2755\">\n<td data-start=\"2612\" data-end=\"2631\" data-col-size=\"sm\">Optyka precyzyjna<\/td>\n<td data-col-size=\"md\" data-start=\"2631\" data-end=\"2685\">Pod\u0142o\u017ca soczewek, pryzmaty, rozga\u0142\u0119\u017aniki wi\u0105zki, okna IR<\/td>\n<td data-col-size=\"md\" data-start=\"2685\" data-end=\"2755\">Niska rozszerzalno\u015b\u0107 cieplna, wysoka jednorodno\u015b\u0107, zapewnia stabilno\u015b\u0107 optyczn\u0105<\/td>\n<\/tr>\n<tr data-start=\"2756\" data-end=\"2891\">\n<td data-start=\"2756\" data-end=\"2773\" data-col-size=\"sm\">Badania i laboratorium<\/td>\n<td data-col-size=\"md\" data-start=\"2773\" data-end=\"2837\">Promieniowanie synchrotronowe, eksperymenty VUV, detektory wysokoenergetyczne<\/td>\n<td data-col-size=\"md\" data-start=\"2837\" data-end=\"2891\">Odporny na promieniowanie, wytrzymuje ekstremalne warunki<\/td>\n<\/tr>\n<tr data-start=\"2892\" data-end=\"3021\">\n<td data-start=\"2892\" data-end=\"2904\" data-col-size=\"sm\">Lotnictwo i kosmonautyka<\/td>\n<td data-col-size=\"md\" data-start=\"2904\" data-end=\"2969\">Satelitarne okna optyczne, wysokotemperaturowe panele obserwacyjne<\/td>\n<td data-col-size=\"md\" data-start=\"2969\" data-end=\"3021\">Wytrzyma\u0142o\u015b\u0107 na szok termiczny, niezawodno\u015b\u0107 klasy kosmicznej<\/td>\n<\/tr>\n<\/tbody>\n<\/table>\n<\/div>\n<\/div>\n<h3 data-start=\"3028\" data-end=\"3058\"><strong data-start=\"3028\" data-end=\"3056\">Specyfikacja techniczna<\/strong><\/h3>\n<div class=\"TyagGW_tableContainer\">\n<div class=\"group TyagGW_tableWrapper flex flex-col-reverse w-fit\" tabindex=\"-1\">\n<table class=\"w-fit min-w-(--thread-content-width)\" data-start=\"3060\" data-end=\"3704\">\n<thead data-start=\"3060\" data-end=\"3089\">\n<tr data-start=\"3060\" data-end=\"3089\">\n<th class=\"\" data-start=\"3060\" data-end=\"3072\" data-col-size=\"sm\">Parametr<\/th>\n<th class=\"\" data-start=\"3072\" data-end=\"3089\" data-col-size=\"md\">Specyfikacja<\/th>\n<\/tr>\n<\/thead>\n<tbody data-start=\"3120\" data-end=\"3704\">\n<tr data-start=\"3120\" data-end=\"3172\">\n<td data-start=\"3120\" data-end=\"3131\" data-col-size=\"sm\">Materia\u0142<\/td>\n<td data-col-size=\"md\" data-start=\"3131\" data-end=\"3172\">Syntetyczny topiony kwarc (SiO\u2082 \u226599.99%)<\/td>\n<\/tr>\n<tr data-start=\"3173\" data-end=\"3203\">\n<td data-start=\"3173\" data-end=\"3184\" data-col-size=\"sm\">\u015arednica<\/td>\n<td data-col-size=\"md\" data-start=\"3184\" data-end=\"3203\">200 mm (8 cali)<\/td>\n<\/tr>\n<tr data-start=\"3204\" data-end=\"3257\">\n<td data-start=\"3204\" data-end=\"3222\" data-col-size=\"sm\">Zakres grubo\u015bci<\/td>\n<td data-col-size=\"md\" data-start=\"3222\" data-end=\"3257\">100 \u00b5m - 3000 \u00b5m (z mo\u017cliwo\u015bci\u0105 dostosowania)<\/td>\n<\/tr>\n<tr data-start=\"3258\" data-end=\"3302\">\n<td data-start=\"3258\" data-end=\"3292\" data-col-size=\"sm\">Ca\u0142kowita zmiana grubo\u015bci (TTV)<\/td>\n<td data-col-size=\"md\" data-start=\"3292\" data-end=\"3302\">\u226410 \u00b5m<\/td>\n<\/tr>\n<tr data-start=\"3303\" data-end=\"3339\">\n<td data-start=\"3303\" data-end=\"3328\" data-col-size=\"sm\">Chropowato\u015b\u0107 powierzchni (Ra)<\/td>\n<td data-col-size=\"md\" data-start=\"3328\" data-end=\"3339\">\u22641,0 nm<\/td>\n<\/tr>\n<tr data-start=\"3340\" data-end=\"3378\">\n<td data-start=\"3340\" data-end=\"3365\" data-col-size=\"sm\">Ca\u0142kowita zawarto\u015b\u0107 zanieczyszcze\u0144<\/td>\n<td data-col-size=\"md\" data-start=\"3365\" data-end=\"3378\">\u22642,0 \u00b5g\/g<\/td>\n<\/tr>\n<tr data-start=\"3379\" data-end=\"3439\">\n<td data-start=\"3379\" data-end=\"3411\" data-col-size=\"sm\">Wsp\u00f3\u0142czynnik rozszerzalno\u015bci cieplnej<\/td>\n<td data-col-size=\"md\" data-start=\"3411\" data-end=\"3439\">0,55 \u00d7 10-\u2076\/K (20-300\u00b0C)<\/td>\n<\/tr>\n<tr data-start=\"3440\" data-end=\"3516\">\n<td data-start=\"3440\" data-end=\"3465\" data-col-size=\"sm\">Odporno\u015b\u0107 na temperatur\u0119<\/td>\n<td data-col-size=\"md\" data-start=\"3465\" data-end=\"3516\">Temperatura mi\u0119knienia 1683\u00b0C, kr\u00f3tkotrwale do 1450\u00b0C<\/td>\n<\/tr>\n<tr data-start=\"3517\" data-end=\"3557\">\n<td data-start=\"3517\" data-end=\"3536\" data-col-size=\"sm\">Przepuszczalno\u015b\u0107 promieniowania UV<\/td>\n<td data-start=\"3536\" data-end=\"3557\" data-col-size=\"md\">&gt;90% (200-260 nm)<\/td>\n<\/tr>\n<tr data-start=\"3558\" data-end=\"3607\">\n<td data-start=\"3558\" data-end=\"3577\" data-col-size=\"sm\">P\u0142asko\u015b\u0107 powierzchni<\/td>\n<td data-start=\"3577\" data-end=\"3607\" data-col-size=\"md\">Wysoka precyzja, TTV \u226410 \u00b5m<\/td>\n<\/tr>\n<tr data-start=\"3608\" data-end=\"3669\">\n<td data-start=\"3608\" data-end=\"3624\" data-col-size=\"sm\">Opcje kszta\u0142tu<\/td>\n<td data-start=\"3624\" data-end=\"3669\" data-col-size=\"md\">Okr\u0105g\u0142y (standard), dost\u0119pne kszta\u0142ty niestandardowe<\/td>\n<\/tr>\n<tr data-start=\"3670\" data-end=\"3704\">\n<td data-start=\"3670\" data-end=\"3687\" data-col-size=\"sm\">Certyfikaty<\/td>\n<td data-start=\"3687\" data-end=\"3704\" data-col-size=\"md\">RoHS, ISO9001<\/td>\n<\/tr>\n<\/tbody>\n<\/table>\n<\/div>\n<\/div>\n<h3 data-start=\"3711\" data-end=\"3720\"><strong data-start=\"3711\" data-end=\"3718\"><img decoding=\"async\" class=\"size-medium wp-image-2487 alignleft\" src=\"https:\/\/www.fuyao-quartz.com\/wp-content\/uploads\/2026\/03\/8inch_quartz_wafer_diameter_200mm_ttv_10_m_ra_1_0_nm_for_high_precision_sensors3-300x300.jpg\" alt=\"\" width=\"300\" height=\"300\" \/>FAQ<\/strong><\/h3>\n<ol data-start=\"3722\" data-end=\"4461\">\n<li data-section-id=\"1p6zuwb\" data-start=\"3722\" data-end=\"3925\">\n<p data-start=\"3725\" data-end=\"3925\"><strong data-start=\"3725\" data-end=\"3789\">P: Jaka jest standardowa grubo\u015b\u0107 8-calowej p\u0142ytki kwarcowej?<\/strong><br data-start=\"3789\" data-end=\"3792\" \/><strong data-start=\"3795\" data-end=\"3801\">A:<\/strong> Standardowa grubo\u015b\u0107 wynosi 0,5-1,0 mm, z niestandardowymi opcjami do 10 mm dla specjalistycznych zastosowa\u0144 p\u00f3\u0142przewodnikowych i optycznych.<\/p>\n<\/li>\n<li data-section-id=\"douphg\" data-start=\"3927\" data-end=\"4215\">\n<p data-start=\"3930\" data-end=\"4215\"><strong data-start=\"3930\" data-end=\"3988\">P: Dlaczego warto wybra\u0107 wafle z topionego kwarcu zamiast wafli krzemowych?<\/strong><br data-start=\"3988\" data-end=\"3991\" \/><strong data-start=\"3994\" data-end=\"4000\">A:<\/strong> Wafle z topionego kwarcu zapewniaj\u0105 doskona\u0142\u0105 przezroczysto\u015b\u0107 UV, wy\u017csz\u0105 stabilno\u015b\u0107 termiczn\u0105 (do 1730\u00b0C), odporno\u015b\u0107 chemiczn\u0105 i stabilno\u015b\u0107 wymiarow\u0105, dzi\u0119ki czemu idealnie nadaj\u0105 si\u0119 do precyzyjnej litografii i trudnych proces\u00f3w.<\/p>\n<\/li>\n<li data-section-id=\"1mys3u\" data-start=\"4217\" data-end=\"4461\">\n<p data-start=\"4220\" data-end=\"4461\"><strong data-start=\"4220\" data-end=\"4287\">P: Czy FUYAO mo\u017ce zapewni\u0107 niestandardowe kszta\u0142ty wafli i obr\u00f3bk\u0119 powierzchni?<\/strong><br data-start=\"4287\" data-end=\"4290\" \/><strong data-start=\"4293\" data-end=\"4299\">A:<\/strong> Tak. Opcje obejmuj\u0105 wafle okr\u0105g\u0142e, kwadratowe, pier\u015bcieniowe, sektorowe, z obr\u00f3bk\u0105 powierzchni, tak\u0105 jak polerowanie optyczne, pow\u0142oki AR\/IR\/DLC, wiercenie i rowkowanie.<\/p>\n<\/li>\n<\/ol>","protected":false},"excerpt":{"rendered":"<p>8-calowy wafel z topionego kwarcu to wysokiej jako\u015bci pod\u0142o\u017ce z syntetycznego kwarcu o wysokiej czysto\u015bci (SiO\u2082 \u226599,99%), zaprojektowane do precyzyjnych zastosowa\u0144 w systemach p\u00f3\u0142przewodnikowych, MEMS, optycznych i laserowych. Jego bardzo niska rozszerzalno\u015b\u0107 cieplna, wyj\u0105tkowa przepuszczalno\u015b\u0107 promieniowania UV-IR i doskona\u0142a odporno\u015b\u0107 chemiczna sprawiaj\u0105, \u017ce idealnie nadaje si\u0119 do wymagaj\u0105cych \u015brodowisk, takich jak fotolitografia, trawienie, osadzanie cienkich warstw i precyzyjna produkcja czujnik\u00f3w.<\/p>","protected":false},"featured_media":2265,"comment_status":"open","ping_status":"closed","template":"","meta":{"site-sidebar-layout":"default","site-content-layout":"","ast-site-content-layout":"default","site-content-style":"default","site-sidebar-style":"default","ast-global-header-display":"","ast-banner-title-visibility":"","ast-main-header-display":"","ast-hfb-above-header-display":"","ast-hfb-below-header-display":"","ast-hfb-mobile-header-display":"","site-post-title":"","ast-breadcrumbs-content":"","ast-featured-img":"","footer-sml-layout":"","ast-disable-related-posts":"","theme-transparent-header-meta":"default","adv-header-id-meta":"","stick-header-meta":"default","header-above-stick-meta":"","header-main-stick-meta":"","header-below-stick-meta":"","astra-migrate-meta-layouts":"set","ast-page-background-enabled":"default","ast-page-background-meta":{"desktop":{"background-color":"var(--ast-global-color-4)","background-image":"","background-repeat":"repeat","background-position":"center center","background-size":"auto","background-attachment":"scroll","background-type":"","background-media":"","overlay-type":"","overlay-color":"","overlay-opacity":"","overlay-gradient":""},"tablet":{"background-color":"","background-image":"","background-repeat":"repeat","background-position":"center center","background-size":"auto","background-attachment":"scroll","background-type":"","background-media":"","overlay-type":"","overlay-color":"","overlay-opacity":"","overlay-gradient":""},"mobile":{"background-color":"","background-image":"","background-repeat":"repeat","background-position":"center center","background-size":"auto","background-attachment":"scroll","background-type":"","background-media":"","overlay-type":"","overlay-color":"","overlay-opacity":"","overlay-gradient":""}},"ast-content-background-meta":{"desktop":{"background-color":"var(--ast-global-color-5)","background-image":"","background-repeat":"repeat","background-position":"center center","background-size":"auto","background-attachment":"scroll","background-type":"","background-media":"","overlay-type":"","overlay-color":"","overlay-opacity":"","overlay-gradient":""},"tablet":{"background-color":"var(--ast-global-color-5)","background-image":"","background-repeat":"repeat","background-position":"center center","background-size":"auto","background-attachment":"scroll","background-type":"","background-media":"","overlay-type":"","overlay-color":"","overlay-opacity":"","overlay-gradient":""},"mobile":{"background-color":"var(--ast-global-color-5)","background-image":"","background-repeat":"repeat","background-position":"center center","background-size":"auto","background-attachment":"scroll","background-type":"","background-media":"","overlay-type":"","overlay-color":"","overlay-opacity":"","overlay-gradient":""}}},"product_brand":[],"product_cat":[729],"product_tag":[1070,1071,1072,1073,1054,1074,1075,1058,1076,1077,1078,1079,1080,1081,1082,1083,1084,1085,1086,1087],"class_list":{"0":"post-2254","1":"product","2":"type-product","3":"status-publish","4":"has-post-thumbnail","6":"product_cat-wafer","7":"product_tag-200mm-quartz-wafer","8":"product_tag-8-inch-quartz-wafer","9":"product_tag-aerospace-quartz-wafer","10":"product_tag-chemical-resistant-quartz","11":"product_tag-custom-quartz-wafer","12":"product_tag-fused-quartz-plate","13":"product_tag-high-purity-fused-quartz","14":"product_tag-high-temperature-quartz-wafer","15":"product_tag-laser-system-wafer","16":"product_tag-low-thermal-expansion-quartz","17":"product_tag-mems-wafer","18":"product_tag-optical-grade-quartz-wafer","19":"product_tag-precision-sensors-wafer","20":"product_tag-ra-1-0nm","21":"product_tag-semiconductor-wafer-substrate","22":"product_tag-sio2-wafer","23":"product_tag-synthetic-quartz-wafer","24":"product_tag-thin-film-deposition-substrate","25":"product_tag-ttv-10m","26":"product_tag-uv-optical-device-wafer","27":"desktop-align-left","28":"tablet-align-left","29":"mobile-align-left","30":"ast-product-gallery-layout-horizontal-slider","31":"ast-product-tabs-layout-horizontal","33":"first","34":"instock","35":"shipping-taxable","36":"product-type-simple"},"_links":{"self":[{"href":"https:\/\/www.zmsh-semitech.com\/pl\/wp-json\/wp\/v2\/product\/2254","targetHints":{"allow":["GET"]}}],"collection":[{"href":"https:\/\/www.zmsh-semitech.com\/pl\/wp-json\/wp\/v2\/product"}],"about":[{"href":"https:\/\/www.zmsh-semitech.com\/pl\/wp-json\/wp\/v2\/types\/product"}],"replies":[{"embeddable":true,"href":"https:\/\/www.zmsh-semitech.com\/pl\/wp-json\/wp\/v2\/comments?post=2254"}],"version-history":[{"count":4,"href":"https:\/\/www.zmsh-semitech.com\/pl\/wp-json\/wp\/v2\/product\/2254\/revisions"}],"predecessor-version":[{"id":2269,"href":"https:\/\/www.zmsh-semitech.com\/pl\/wp-json\/wp\/v2\/product\/2254\/revisions\/2269"}],"wp:featuredmedia":[{"embeddable":true,"href":"https:\/\/www.zmsh-semitech.com\/pl\/wp-json\/wp\/v2\/media\/2265"}],"wp:attachment":[{"href":"https:\/\/www.zmsh-semitech.com\/pl\/wp-json\/wp\/v2\/media?parent=2254"}],"wp:term":[{"taxonomy":"product_brand","embeddable":true,"href":"https:\/\/www.zmsh-semitech.com\/pl\/wp-json\/wp\/v2\/product_brand?post=2254"},{"taxonomy":"product_cat","embeddable":true,"href":"https:\/\/www.zmsh-semitech.com\/pl\/wp-json\/wp\/v2\/product_cat?post=2254"},{"taxonomy":"product_tag","embeddable":true,"href":"https:\/\/www.zmsh-semitech.com\/pl\/wp-json\/wp\/v2\/product_tag?post=2254"}],"curies":[{"name":"wp","href":"https:\/\/api.w.org\/{rel}","templated":true}]}}