{"id":2253,"date":"2026-04-15T05:46:37","date_gmt":"2026-04-15T05:46:37","guid":{"rendered":"https:\/\/www.zmsh-semitech.com\/?post_type=product&#038;p=2253"},"modified":"2026-04-20T01:22:42","modified_gmt":"2026-04-20T01:22:42","slug":"2-inch-quartz-wafer-dsp-ssp-polished-substrate-for-mems-semiconductor-optical-use","status":"publish","type":"product","link":"https:\/\/www.zmsh-semitech.com\/pl\/product\/2-inch-quartz-wafer-dsp-ssp-polished-substrate-for-mems-semiconductor-optical-use\/","title":{"rendered":"2-calowy wafel kwarcowy DSP\/SSP z polerowanym pod\u0142o\u017cem do zastosowa\u0144 MEMS, p\u00f3\u0142przewodnikowych i optycznych"},"content":{"rendered":"<h2 data-section-id=\"1bovg99\" data-start=\"217\" data-end=\"240\"><strong data-start=\"220\" data-end=\"240\">Przegl\u0105d produkt\u00f3w<\/strong><\/h2>\n<p data-start=\"242\" data-end=\"689\"><img fetchpriority=\"high\" decoding=\"async\" class=\"alignleft wp-image-2132 size-medium\" src=\"https:\/\/www.fuyao-quartz.com\/wp-content\/uploads\/2026\/03\/2-Inch-Quartz-Glass-Wafer-DSP-SSP-Diameter-50.8mm22-300x300.jpg\" alt=\"2-calowy wafel kwarcowy DSP\/SSP z polerowanym pod\u0142o\u017cem do zastosowa\u0144 MEMS, p\u00f3\u0142przewodnikowych i optycznych\" width=\"300\" height=\"300\" \/>2-calowy wafel kwarcowy to pod\u0142o\u017ce p\u00f3\u0142przewodnikowe wykonane z dwutlenku krzemu o wysokiej czysto\u015bci (SiO\u2082). Osi\u0105ga on p\u0142asko\u015b\u0107 na poziomie mikron\u00f3w dzi\u0119ki precyzyjnym technikom przetwarzania, takim jak ci\u0119cie CNC i polerowanie laserowe. Wafle te s\u0105 zgodne ze standardami SEMI i umo\u017cliwiaj\u0105 dostosowanie wymiar\u00f3w i grubo\u015bci (tolerancja \u00b10,02 mm), dzi\u0119ki czemu nadaj\u0105 si\u0119 do optoelektroniki, MEMS (Micro-Electro-Mechanical Systems) i pakowania p\u00f3\u0142przewodnik\u00f3w.<\/p>\n<p data-start=\"691\" data-end=\"1119\">Fuyao zapewnia niestandardow\u0105 produkcj\u0119 dla niestandardowych geometrii, w tym dowolnych kszta\u0142t\u00f3w, stopniowanej grubo\u015bci i zaawansowanej obr\u00f3bki powierzchni, takich jak pow\u0142oki antyrefleksyjne (AR) i folie hydrofobowe. Pe\u0142na kontrola jako\u015bci procesu zapewnia ca\u0142kowit\u0105 zmienno\u015b\u0107 grubo\u015bci (TTV) &lt;0,005 mm i chropowato\u015b\u0107 powierzchni Ra &lt;1,5 nm. Prototypowanie ma\u0142ych partii (minimum 10 jednostek) i opcje szybkiej dostawy s\u0105 dost\u0119pne dla projekt\u00f3w, kt\u00f3rym zale\u017cy na czasie.<\/p>\n<h1 data-section-id=\"w7qc3s\" data-start=\"1126\" data-end=\"1146\"><strong data-start=\"1128\" data-end=\"1146\">Specyfikacja<\/strong><\/h1>\n<table class=\"w-fit min-w-(--thread-content-width)\" data-start=\"1148\" data-end=\"1633\">\n<thead data-start=\"1148\" data-end=\"1177\">\n<tr data-start=\"1148\" data-end=\"1177\">\n<th class=\"\" data-start=\"1148\" data-end=\"1160\" data-col-size=\"sm\">Parametr<\/th>\n<th class=\"\" data-start=\"1160\" data-end=\"1177\" data-col-size=\"sm\">Specyfikacja<\/th>\n<\/tr>\n<\/thead>\n<tbody data-start=\"1188\" data-end=\"1633\">\n<tr data-start=\"1188\" data-end=\"1219\">\n<td data-start=\"1188\" data-end=\"1199\" data-col-size=\"sm\">\u015arednica<\/td>\n<td data-col-size=\"sm\" data-start=\"1199\" data-end=\"1219\">2 cale (50,8 mm)<\/td>\n<\/tr>\n<tr data-start=\"1220\" data-end=\"1257\">\n<td data-start=\"1220\" data-end=\"1238\" data-col-size=\"sm\">Zakres grubo\u015bci<\/td>\n<td data-col-size=\"sm\" data-start=\"1238\" data-end=\"1257\">0,1 mm - 1,0 mm<\/td>\n<\/tr>\n<tr data-start=\"1258\" data-end=\"1287\">\n<td data-start=\"1258\" data-end=\"1276\" data-col-size=\"sm\">Czysto\u015b\u0107 materia\u0142u<\/td>\n<td data-col-size=\"sm\" data-start=\"1276\" data-end=\"1287\">\u226599.99%<\/td>\n<\/tr>\n<tr data-start=\"1288\" data-end=\"1322\">\n<td data-start=\"1288\" data-end=\"1313\" data-col-size=\"sm\">Chropowato\u015b\u0107 powierzchni (Ra)<\/td>\n<td data-col-size=\"sm\" data-start=\"1313\" data-end=\"1322\">\u22645 nm<\/td>\n<\/tr>\n<tr data-start=\"1323\" data-end=\"1361\">\n<td data-start=\"1323\" data-end=\"1351\" data-col-size=\"sm\">Ca\u0142kowita zmiana grubo\u015bci<\/td>\n<td data-col-size=\"sm\" data-start=\"1351\" data-end=\"1361\">\u226410 \u03bcm<\/td>\n<\/tr>\n<tr data-start=\"1362\" data-end=\"1396\">\n<td data-start=\"1362\" data-end=\"1388\" data-col-size=\"sm\">Transmitancja (@193 nm)<\/td>\n<td data-col-size=\"sm\" data-start=\"1388\" data-end=\"1396\">&gt;90%<\/td>\n<\/tr>\n<tr data-start=\"1397\" data-end=\"1449\">\n<td data-start=\"1397\" data-end=\"1432\" data-col-size=\"sm\">Wsp\u00f3\u0142czynnik rozszerzalno\u015bci cieplnej<\/td>\n<td data-col-size=\"sm\" data-start=\"1432\" data-end=\"1449\">~0.55\u00d710-\u2076\/\u00b0C<\/td>\n<\/tr>\n<tr data-start=\"1450\" data-end=\"1479\">\n<td data-start=\"1450\" data-end=\"1468\" data-col-size=\"sm\">Punkt zmi\u0119kczania<\/td>\n<td data-col-size=\"sm\" data-start=\"1468\" data-end=\"1479\">~1665\u00b0C<\/td>\n<\/tr>\n<tr data-start=\"1480\" data-end=\"1515\">\n<td data-start=\"1480\" data-end=\"1492\" data-col-size=\"sm\">Opakowanie<\/td>\n<td data-col-size=\"sm\" data-start=\"1492\" data-end=\"1515\">Pomieszczenie czyste na poziomie 100<\/td>\n<\/tr>\n<\/tbody>\n<\/table>\n<div class=\"TyagGW_tableContainer\">\n<div class=\"group TyagGW_tableWrapper flex flex-col-reverse w-fit\" tabindex=\"-1\"><strong style=\"font-size: 2em;\" data-start=\"1642\" data-end=\"1665\">Kluczowe cechy charakterystyczne<\/strong><\/div>\n<\/div>\n<p data-start=\"1667\" data-end=\"1689\">1 Doskona\u0142o\u015b\u0107 optyczna<\/p>\n<ul data-start=\"1690\" data-end=\"1956\">\n<li data-section-id=\"nemsbs\" data-start=\"1690\" data-end=\"1818\">\n<p data-start=\"1692\" data-end=\"1818\">Szerokie spektrum przepuszczalno\u015bci: &gt;90% w zakresie ultrafioletu (185-3500 nm), z doskona\u0142\u0105 wydajno\u015bci\u0105 w zakresie kr\u00f3tkich fal UV (185 nm).<img decoding=\"async\" class=\"size-medium wp-image-2133 alignright\" src=\"https:\/\/www.fuyao-quartz.com\/wp-content\/uploads\/2026\/03\/2-Inch-Quartz-Glass-Wafer-DSP-SSP-Diameter-50.8mm11-300x300.jpg\" alt=\"2-calowa p\u0142ytka ze szk\u0142a kwarcowego dsp ssp o \u015brednicy 50,8 mm\" width=\"300\" height=\"300\" \/><\/p>\n<\/li>\n<li data-section-id=\"1up6lta\" data-start=\"1819\" data-end=\"1956\">\n<p data-start=\"1821\" data-end=\"1956\">Niska rozszerzalno\u015b\u0107 cieplna: CTE ~0,52\u00d710-\u2076\/\u00b0C (5-35\u00b0C), mo\u017ce wytrzyma\u0107 d\u0142ugotrwa\u0142e temperatury do 1100\u00b0C i kr\u00f3tkotrwa\u0142\u0105 ekspozycj\u0119 do 1450\u00b0C.<\/p>\n<\/li>\n<\/ul>\n<p data-start=\"1958\" data-end=\"1995\">2 Stabilno\u015b\u0107 mechaniczna i chemiczna<\/p>\n<ul data-start=\"1996\" data-end=\"2190\">\n<li data-section-id=\"xr75lz\" data-start=\"1996\" data-end=\"2082\">\n<p data-start=\"1998\" data-end=\"2082\">Wysoka wytrzyma\u0142o\u015b\u0107: Wytrzyma\u0142o\u015b\u0107 na zginanie 2-3\u00d7 wy\u017csza ni\u017c standardowego szk\u0142a, twardo\u015b\u0107 w skali Mohsa 7.<\/p>\n<\/li>\n<li data-section-id=\"qdqhw0\" data-start=\"2083\" data-end=\"2190\">\n<p data-start=\"2085\" data-end=\"2190\">Odporno\u015b\u0107 na korozj\u0119: 30\u00d7 wy\u017csza odporno\u015b\u0107 na kwasy ni\u017c ceramika, odpowiednia do trudnych \u015brodowisk chemicznych.<\/p>\n<\/li>\n<\/ul>\n<p data-start=\"2192\" data-end=\"2217\">3 Izolacja elektryczna<\/p>\n<ul data-start=\"2218\" data-end=\"2332\">\n<li data-section-id=\"q09nlj\" data-start=\"2218\" data-end=\"2332\">\n<p data-start=\"2220\" data-end=\"2332\">Rezystywno\u015b\u0107 przekraczaj\u0105ca 10\u00b9\u2078 \u03a9-cm z niskimi stratami dielektrycznymi przy wysokich cz\u0119stotliwo\u015bciach, idealna do obwod\u00f3w RF i czujnik\u00f3w.<\/p>\n<\/li>\n<\/ul>\n<h1 data-section-id=\"1suq60z\" data-start=\"2339\" data-end=\"2365\"><strong data-start=\"2341\" data-end=\"2365\">Aplikacje podstawowe<\/strong><\/h1>\n<p data-start=\"2367\" data-end=\"2398\">1 Produkcja p\u00f3\u0142przewodnik\u00f3w<\/p>\n<ul data-start=\"2399\" data-end=\"2642\">\n<li data-section-id=\"ay8lkm\" data-start=\"2399\" data-end=\"2524\">\n<p data-start=\"2401\" data-end=\"2524\">Pod\u0142o\u017ca dla czujnik\u00f3w obrazu CMOS i opakowa\u0144 chip\u00f3w RFID, wspieraj\u0105ce pakowanie na poziomie wafla (WLP) dla wy\u017cszej integracji.<\/p>\n<\/li>\n<li data-section-id=\"mkidgm\" data-start=\"2525\" data-end=\"2642\">\n<p data-start=\"2527\" data-end=\"2642\">Pod\u0142o\u017ca urz\u0105dze\u0144 MEMS (np. czujniki ci\u015bnienia, akcelerometry) zapewniaj\u0105ce stabilno\u015b\u0107 strukturaln\u0105 mikroelement\u00f3w.<\/p>\n<\/li>\n<\/ul>\n<p data-start=\"2644\" data-end=\"2670\">2 Systemy optoelektroniczne<\/p>\n<ul data-start=\"2671\" data-end=\"2841\">\n<li data-section-id=\"105rzi4\" data-start=\"2671\" data-end=\"2769\">\n<p data-start=\"2673\" data-end=\"2769\">Okna laserowe UV i \u015bwiat\u0142owodowe \u0142\u0105czniki komunikacyjne, wykorzystuj\u0105ce doskona\u0142\u0105 transmisj\u0119 UV.<\/p>\n<\/li>\n<li data-section-id=\"1e9auxg\" data-start=\"2770\" data-end=\"2841\">\n<p data-start=\"2772\" data-end=\"2841\">Okna optyczne dla przemys\u0142u lotniczego odporne na promieniowanie i cykle termiczne.<\/p>\n<\/li>\n<\/ul>\n<p data-start=\"2843\" data-end=\"2867\">3 Medycyna i badania<\/p>\n<ul data-start=\"2868\" data-end=\"3001\">\n<li data-section-id=\"kj96yb\" data-start=\"2868\" data-end=\"2939\">\n<p data-start=\"2870\" data-end=\"2939\">Wysokotemperaturowe komponenty optyczne do system\u00f3w obrazowania endoskopowego.<\/p>\n<\/li>\n<li data-section-id=\"18y49e0\" data-start=\"2940\" data-end=\"3001\">\n<p data-start=\"2942\" data-end=\"3001\">\u017baroodporne okna obserwacyjne do reaktor\u00f3w laboratoryjnych.<\/p>\n<\/li>\n<\/ul>\n<p data-start=\"3003\" data-end=\"3039\">4 specjalistyczne kwarcowe p\u0142yty okienne<\/p>\n<ul data-start=\"3040\" data-end=\"3372\">\n<li data-section-id=\"toaotg\" data-start=\"3040\" data-end=\"3102\">\n<p data-start=\"3042\" data-end=\"3102\">Swobodne powierzchnie, asymetryczne otwory, stopniowana grubo\u015b\u0107.<\/p>\n<\/li>\n<li data-section-id=\"17bkuwy\" data-start=\"3103\" data-end=\"3156\">\n<p data-start=\"3105\" data-end=\"3156\">Uko\u015bnie \u015bci\u0119te okna minimalizuj\u0105 straty spowodowane odbiciami.<\/p>\n<\/li>\n<li data-section-id=\"hue61i\" data-start=\"3157\" data-end=\"3211\">\n<p data-start=\"3159\" data-end=\"3211\">Okna przelotowe do integracji wielu czujnik\u00f3w.<\/p>\n<\/li>\n<li data-section-id=\"hhfdk8\" data-start=\"3212\" data-end=\"3372\">\n<p data-start=\"3214\" data-end=\"3372\">Szybkie prototypowanie: 3-5 dni dla pr\u00f3bek, &lt;500 sztuk ma\u0142ych partii, opcjonalne pow\u0142oki pr\u00f3\u017cniowe (AR lub pow\u0142oki odblaskowe) do zastosowa\u0144 badawczych i wojskowych.<\/p>\n<\/li>\n<\/ul>\n<h1 data-section-id=\"1iusff4\" data-start=\"3379\" data-end=\"3388\"><strong data-start=\"3381\" data-end=\"3388\">FAQ<\/strong><\/h1>\n<p data-start=\"3390\" data-end=\"3791\"><strong>1 Dlaczego warto wybra\u0107 2-calowe p\u0142ytki kwarcowe?<\/strong><br data-start=\"3423\" data-end=\"3426\" \/>2-calowe p\u0142ytki kwarcowe to pod\u0142o\u017ca p\u00f3\u0142przewodnikowe wykonane z dwutlenku krzemu (SiO\u2082) o wysokiej czysto\u015bci. Osi\u0105gaj\u0105 one p\u0142asko\u015b\u0107 na poziomie mikron\u00f3w dzi\u0119ki precyzyjnemu ci\u0119ciu CNC i polerowaniu laserowemu. Wafle te umo\u017cliwiaj\u0105 dostosowanie wymiar\u00f3w i grubo\u015bci (\u00b10,02 mm) i s\u0105 zgodne ze standardami SEMI, dzi\u0119ki czemu idealnie nadaj\u0105 si\u0119 do optoelektroniki, MEMS i opakowa\u0144 p\u00f3\u0142przewodnikowych.<\/p>\n<p data-start=\"3793\" data-end=\"4146\"><strong>2 Jakie s\u0105 g\u0142\u00f3wne zastosowania 2-calowych p\u0142ytek kwarcowych?<\/strong><br data-start=\"3852\" data-end=\"3855\" \/>S\u0105 one stosowane g\u0142\u00f3wnie w produkcji p\u00f3\u0142przewodnik\u00f3w (czujniki obrazu CMOS, opakowania chip\u00f3w RFID), oknach laser\u00f3w UV, \u015bwiat\u0142owodowych \u0142\u0105cznikach komunikacyjnych i elementach optycznych w lotnictwie. Niestandardowe obr\u00f3bki powierzchni, takie jak pow\u0142oki antyrefleksyjne, zwi\u0119kszaj\u0105 wydajno\u015b\u0107 w systemach o wysokiej precyzji.<\/p>","protected":false},"excerpt":{"rendered":"<p>2-calowy wafel kwarcowy to pod\u0142o\u017ce p\u00f3\u0142przewodnikowe wykonane z dwutlenku krzemu o wysokiej czysto\u015bci (SiO\u2082). Osi\u0105ga on p\u0142asko\u015b\u0107 na poziomie mikron\u00f3w dzi\u0119ki precyzyjnym technikom przetwarzania, takim jak ci\u0119cie CNC i polerowanie laserowe. Wafle te s\u0105 zgodne ze standardami SEMI i umo\u017cliwiaj\u0105 dostosowanie wymiar\u00f3w i grubo\u015bci (tolerancja \u00b10,02 mm), dzi\u0119ki czemu nadaj\u0105 si\u0119 do optoelektroniki, MEMS (Micro-Electro-Mechanical Systems) i pakowania p\u00f3\u0142przewodnik\u00f3w.<\/p>","protected":false},"featured_media":2272,"comment_status":"open","ping_status":"closed","template":"","meta":{"site-sidebar-layout":"default","site-content-layout":"","ast-site-content-layout":"default","site-content-style":"default","site-sidebar-style":"default","ast-global-header-display":"","ast-banner-title-visibility":"","ast-main-header-display":"","ast-hfb-above-header-display":"","ast-hfb-below-header-display":"","ast-hfb-mobile-header-display":"","site-post-title":"","ast-breadcrumbs-content":"","ast-featured-img":"","footer-sml-layout":"","ast-disable-related-posts":"","theme-transparent-header-meta":"default","adv-header-id-meta":"","stick-header-meta":"default","header-above-stick-meta":"","header-main-stick-meta":"","header-below-stick-meta":"","astra-migrate-meta-layouts":"set","ast-page-background-enabled":"default","ast-page-background-meta":{"desktop":{"background-color":"var(--ast-global-color-4)","background-image":"","background-repeat":"repeat","background-position":"center center","background-size":"auto","background-attachment":"scroll","background-type":"","background-media":"","overlay-type":"","overlay-color":"","overlay-opacity":"","overlay-gradient":""},"tablet":{"background-color":"","background-image":"","background-repeat":"repeat","background-position":"center center","background-size":"auto","background-attachment":"scroll","background-type":"","background-media":"","overlay-type":"","overlay-color":"","overlay-opacity":"","overlay-gradient":""},"mobile":{"background-color":"","background-image":"","background-repeat":"repeat","background-position":"center center","background-size":"auto","background-attachment":"scroll","background-type":"","background-media":"","overlay-type":"","overlay-color":"","overlay-opacity":"","overlay-gradient":""}},"ast-content-background-meta":{"desktop":{"background-color":"var(--ast-global-color-5)","background-image":"","background-repeat":"repeat","background-position":"center center","background-size":"auto","background-attachment":"scroll","background-type":"","background-media":"","overlay-type":"","overlay-color":"","overlay-opacity":"","overlay-gradient":""},"tablet":{"background-color":"var(--ast-global-color-5)","background-image":"","background-repeat":"repeat","background-position":"center center","background-size":"auto","background-attachment":"scroll","background-type":"","background-media":"","overlay-type":"","overlay-color":"","overlay-opacity":"","overlay-gradient":""},"mobile":{"background-color":"var(--ast-global-color-5)","background-image":"","background-repeat":"repeat","background-position":"center center","background-size":"auto","background-attachment":"scroll","background-type":"","background-media":"","overlay-type":"","overlay-color":"","overlay-opacity":"","overlay-gradient":""}}},"product_brand":[],"product_cat":[729],"product_tag":[1050,1051,1052,1053,1054,1055,1056,1057,1058,1059,1060,1061,1062,1063,1064,1065,1066,1067,1068,1069],"class_list":{"0":"post-2253","1":"product","2":"type-product","3":"status-publish","4":"has-post-thumbnail","6":"product_cat-wafer","7":"product_tag-2-inch-quartz-wafer","8":"product_tag-50-8mm-quartz-wafer","9":"product_tag-anti-reflective-coated-quartz","10":"product_tag-cmos-wafer","11":"product_tag-custom-quartz-wafer","12":"product_tag-dsp-quartz-wafer","13":"product_tag-fused-silica-wafer","14":"product_tag-high-purity-quartz-wafer","15":"product_tag-high-temperature-quartz-wafer","16":"product_tag-laboratory-quartz-window","17":"product_tag-mems-substrate","18":"product_tag-optical-quartz-wafer","19":"product_tag-precision-quartz-substrate","20":"product_tag-quartz-glass-wafer","21":"product_tag-quartz-wafer-for-photolithography","22":"product_tag-rfid-chip-wafer","23":"product_tag-semiconductor-quartz-wafer","24":"product_tag-ssp-quartz-wafer","25":"product_tag-thin-quartz-wafer","26":"product_tag-uv-quartz-wafer","27":"desktop-align-left","28":"tablet-align-left","29":"mobile-align-left","30":"ast-product-gallery-layout-horizontal-slider","31":"ast-product-tabs-layout-horizontal","33":"first","34":"instock","35":"shipping-taxable","36":"product-type-simple"},"_links":{"self":[{"href":"https:\/\/www.zmsh-semitech.com\/pl\/wp-json\/wp\/v2\/product\/2253","targetHints":{"allow":["GET"]}}],"collection":[{"href":"https:\/\/www.zmsh-semitech.com\/pl\/wp-json\/wp\/v2\/product"}],"about":[{"href":"https:\/\/www.zmsh-semitech.com\/pl\/wp-json\/wp\/v2\/types\/product"}],"replies":[{"embeddable":true,"href":"https:\/\/www.zmsh-semitech.com\/pl\/wp-json\/wp\/v2\/comments?post=2253"}],"version-history":[{"count":4,"href":"https:\/\/www.zmsh-semitech.com\/pl\/wp-json\/wp\/v2\/product\/2253\/revisions"}],"predecessor-version":[{"id":2271,"href":"https:\/\/www.zmsh-semitech.com\/pl\/wp-json\/wp\/v2\/product\/2253\/revisions\/2271"}],"wp:featuredmedia":[{"embeddable":true,"href":"https:\/\/www.zmsh-semitech.com\/pl\/wp-json\/wp\/v2\/media\/2272"}],"wp:attachment":[{"href":"https:\/\/www.zmsh-semitech.com\/pl\/wp-json\/wp\/v2\/media?parent=2253"}],"wp:term":[{"taxonomy":"product_brand","embeddable":true,"href":"https:\/\/www.zmsh-semitech.com\/pl\/wp-json\/wp\/v2\/product_brand?post=2253"},{"taxonomy":"product_cat","embeddable":true,"href":"https:\/\/www.zmsh-semitech.com\/pl\/wp-json\/wp\/v2\/product_cat?post=2253"},{"taxonomy":"product_tag","embeddable":true,"href":"https:\/\/www.zmsh-semitech.com\/pl\/wp-json\/wp\/v2\/product_tag?post=2253"}],"curies":[{"name":"wp","href":"https:\/\/api.w.org\/{rel}","templated":true}]}}