{"id":2234,"date":"2026-04-15T05:17:06","date_gmt":"2026-04-15T05:17:06","guid":{"rendered":"https:\/\/www.zmsh-semitech.com\/?post_type=product&#038;p=2234"},"modified":"2026-04-15T05:19:03","modified_gmt":"2026-04-15T05:19:03","slug":"sapphire-wafer-blanks-high-purity-raw-sapphire-substrate-for-precision-processing","status":"publish","type":"product","link":"https:\/\/www.zmsh-semitech.com\/pl\/product\/sapphire-wafer-blanks-high-purity-raw-sapphire-substrate-for-precision-processing\/","title":{"rendered":"Sapphire Wafer Blanks - surowe pod\u0142o\u017ce szafirowe o wysokiej czysto\u015bci do precyzyjnego przetwarzania"},"content":{"rendered":"<p data-start=\"379\" data-end=\"773\"><img fetchpriority=\"high\" decoding=\"async\" class=\"alignright wp-image-2238 size-medium\" src=\"https:\/\/www.zmsh-semitech.com\/wp-content\/uploads\/2026\/04\/sapphire_wafer_blank_high_purity_raw_sapphire_substrate_for_processing1-300x300.webp\" alt=\"Sapphire Wafer Blanks - surowe pod\u0142o\u017ce szafirowe o wysokiej czysto\u015bci do precyzyjnego przetwarzania\" width=\"300\" height=\"300\" srcset=\"https:\/\/www.zmsh-semitech.com\/wp-content\/uploads\/2026\/04\/sapphire_wafer_blank_high_purity_raw_sapphire_substrate_for_processing1-300x300.webp 300w, https:\/\/www.zmsh-semitech.com\/wp-content\/uploads\/2026\/04\/sapphire_wafer_blank_high_purity_raw_sapphire_substrate_for_processing1-150x150.webp 150w, https:\/\/www.zmsh-semitech.com\/wp-content\/uploads\/2026\/04\/sapphire_wafer_blank_high_purity_raw_sapphire_substrate_for_processing1-768x768.webp 768w, https:\/\/www.zmsh-semitech.com\/wp-content\/uploads\/2026\/04\/sapphire_wafer_blank_high_purity_raw_sapphire_substrate_for_processing1-12x12.webp 12w, https:\/\/www.zmsh-semitech.com\/wp-content\/uploads\/2026\/04\/sapphire_wafer_blank_high_purity_raw_sapphire_substrate_for_processing1-600x600.webp 600w, https:\/\/www.zmsh-semitech.com\/wp-content\/uploads\/2026\/04\/sapphire_wafer_blank_high_purity_raw_sapphire_substrate_for_processing1-100x100.webp 100w, https:\/\/www.zmsh-semitech.com\/wp-content\/uploads\/2026\/04\/sapphire_wafer_blank_high_purity_raw_sapphire_substrate_for_processing1.webp 800w\" sizes=\"(max-width: 300px) 100vw, 300px\" \/>Szafirowe p\u00f3\u0142fabrykaty waflowe to wysokiej czysto\u015bci, ci\u0119te monokrystaliczne pod\u0142o\u017ca z tlenku glinu (Al\u2082O\u2083) pochodz\u0105ce bezpo\u015brednio z szafirowych kulek przy u\u017cyciu zaawansowanej technologii ci\u0119cia drutem. W przeciwie\u0144stwie do gotowych wafli, pod\u0142o\u017ca te s\u0105 dostarczane w stanie surowym i nieprzetworzonym, co oznacza, \u017ce powierzchnia zachowuje \u015blady pi\u0142owania i nie zosta\u0142a poddana docieraniu, polerowaniu ani chemicznej planaryzacji mechanicznej (CMP).<\/p>\n<p data-start=\"817\" data-end=\"1087\">Ta forma szafiru jest szeroko stosowana jako materia\u0142 wyj\u015bciowy w przemy\u015ble p\u00f3\u0142przewodnikowym, optycznym i in\u017cynierii wysokotemperaturowej, gdzie dalsi u\u017cytkownicy wymagaj\u0105 pe\u0142nej kontroli nad wyko\u0144czeniem powierzchni, wyr\u00f3wnaniem orientacji krystalograficznej i precyzj\u0105 grubo\u015bci.<\/p>\n<p data-start=\"1089\" data-end=\"1527\">Szafir (\u03b1-Al\u2082O\u2083) jest jednym z najtwardszych znanych materia\u0142\u00f3w technicznych, plasuj\u0105cym si\u0119 na 9 miejscu w skali twardo\u015bci Mohsa, ust\u0119puj\u0105c jedynie diamentowi. Wykazuje doskona\u0142\u0105 odporno\u015b\u0107 na \u015bcieranie, szok termiczny i korozj\u0119 chemiczn\u0105, dzi\u0119ki czemu doskonale nadaje si\u0119 do ekstremalnych \u015brodowisk przetwarzania. W\u0142a\u015bciwo\u015bci te pozwalaj\u0105 szafirowym p\u00f3\u0142fabrykatom waflowym s\u0142u\u017cy\u0107 jako stabilny materia\u0142 bazowy zar\u00f3wno w przemys\u0142owych liniach produkcyjnych, jak i zaawansowanych laboratoriach badawczych.<\/p>\n<hr data-start=\"1529\" data-end=\"1532\" \/>\n<h2 data-section-id=\"ojepy8\" data-start=\"1534\" data-end=\"1565\"><span role=\"text\"><img decoding=\"async\" class=\"alignright wp-image-2237 size-medium\" src=\"https:\/\/www.zmsh-semitech.com\/wp-content\/uploads\/2026\/04\/sapphire_wafer_blank_high_purity_raw_sapphire_substrate_for_processing2-300x300.webp\" alt=\"Sapphire Wafer Blanks - surowe pod\u0142o\u017ce szafirowe o wysokiej czysto\u015bci do precyzyjnego przetwarzania\" width=\"300\" height=\"300\" srcset=\"https:\/\/www.zmsh-semitech.com\/wp-content\/uploads\/2026\/04\/sapphire_wafer_blank_high_purity_raw_sapphire_substrate_for_processing2-300x300.webp 300w, https:\/\/www.zmsh-semitech.com\/wp-content\/uploads\/2026\/04\/sapphire_wafer_blank_high_purity_raw_sapphire_substrate_for_processing2-150x150.webp 150w, https:\/\/www.zmsh-semitech.com\/wp-content\/uploads\/2026\/04\/sapphire_wafer_blank_high_purity_raw_sapphire_substrate_for_processing2-768x768.webp 768w, https:\/\/www.zmsh-semitech.com\/wp-content\/uploads\/2026\/04\/sapphire_wafer_blank_high_purity_raw_sapphire_substrate_for_processing2-12x12.webp 12w, https:\/\/www.zmsh-semitech.com\/wp-content\/uploads\/2026\/04\/sapphire_wafer_blank_high_purity_raw_sapphire_substrate_for_processing2-600x600.webp 600w, https:\/\/www.zmsh-semitech.com\/wp-content\/uploads\/2026\/04\/sapphire_wafer_blank_high_purity_raw_sapphire_substrate_for_processing2-100x100.webp 100w, https:\/\/www.zmsh-semitech.com\/wp-content\/uploads\/2026\/04\/sapphire_wafer_blank_high_purity_raw_sapphire_substrate_for_processing2.webp 800w\" sizes=\"(max-width: 300px) 100vw, 300px\" \/>Charakterystyka materia\u0142u<\/span><\/h2>\n<p data-start=\"1567\" data-end=\"1829\">Wafle szafirowe sk\u0142adaj\u0105 si\u0119 z monokrystalicznego tlenku glinu o czysto\u015bci \u2265 99,99%, zapewniaj\u0105c wysok\u0105 sp\u00f3jno\u015b\u0107 strukturaln\u0105 i minimalne defekty sieci krystalicznej wywo\u0142ane zanieczyszczeniem. Ma to kluczowe znaczenie dla zastosowa\u0144 obejmuj\u0105cych wzrost epitaksjalny lub transmisj\u0119 optyczn\u0105.<\/p>\n<p data-start=\"1831\" data-end=\"1863\">Kluczowe w\u0142a\u015bciwo\u015bci materia\u0142u obejmuj\u0105:<\/p>\n<ul data-start=\"1865\" data-end=\"2170\">\n<li data-section-id=\"1h84phi\" data-start=\"1865\" data-end=\"1905\">Wysoka twardo\u015b\u0107 i odporno\u015b\u0107 na zarysowania<\/li>\n<li data-section-id=\"dzbd9u\" data-start=\"1906\" data-end=\"1975\">Doskona\u0142a przewodno\u015b\u0107 cieplna i stabilno\u015b\u0107 w wysokich temperaturach<\/li>\n<li data-section-id=\"1biq2rl\" data-start=\"1976\" data-end=\"2040\">Wysoka odporno\u015b\u0107 na kwasy, zasady i \u015brodowisko plazmowe<\/li>\n<li data-section-id=\"1m8mtf9\" data-start=\"2041\" data-end=\"2103\">Szeroki zakres transmisji optycznej (od UV do IR po polerowaniu)<\/li>\n<li data-section-id=\"1u7e7u1\" data-start=\"2104\" data-end=\"2170\">Wysoka wytrzyma\u0142o\u015b\u0107 mechaniczna w warunkach napr\u0119\u017ce\u0144 i wibracji<\/li>\n<\/ul>\n<p data-start=\"2172\" data-end=\"2342\">Te cechy sprawiaj\u0105, \u017ce szafirowe p\u00f3\u0142fabrykaty wafli s\u0105 szczeg\u00f3lnie cenne w \u015brodowiskach, w kt\u00f3rych pod\u0142o\u017ca krzemowe lub szklane zawodz\u0105 pod wp\u0142ywem napr\u0119\u017ce\u0144 lub ogranicze\u0144 temperaturowych.<\/p>\n<hr data-start=\"2344\" data-end=\"2347\" \/>\n<h2 data-section-id=\"1alkwpa\" data-start=\"2349\" data-end=\"2377\"><span role=\"text\"><img decoding=\"async\" class=\"size-medium wp-image-2239 alignright\" src=\"https:\/\/www.zmsh-semitech.com\/wp-content\/uploads\/2026\/04\/20240819154539_19680-300x300.jpg\" alt=\"\" width=\"300\" height=\"300\" srcset=\"https:\/\/www.zmsh-semitech.com\/wp-content\/uploads\/2026\/04\/20240819154539_19680-300x300.jpg 300w, https:\/\/www.zmsh-semitech.com\/wp-content\/uploads\/2026\/04\/20240819154539_19680-150x150.jpg 150w, https:\/\/www.zmsh-semitech.com\/wp-content\/uploads\/2026\/04\/20240819154539_19680-12x12.jpg 12w, https:\/\/www.zmsh-semitech.com\/wp-content\/uploads\/2026\/04\/20240819154539_19680-600x600.jpg 600w, https:\/\/www.zmsh-semitech.com\/wp-content\/uploads\/2026\/04\/20240819154539_19680-100x100.jpg 100w, https:\/\/www.zmsh-semitech.com\/wp-content\/uploads\/2026\/04\/20240819154539_19680.jpg 680w\" sizes=\"(max-width: 300px) 100vw, 300px\" \/>Proces produkcji<\/span><\/h2>\n<p data-start=\"2421\" data-end=\"2496\">Wafle szafirowe s\u0105 produkowane w kontrolowanym procesie przemys\u0142owym:<\/p>\n<ol data-start=\"2498\" data-end=\"3060\">\n<li data-section-id=\"dne7b4\" data-start=\"2498\" data-end=\"2680\">Wzrost kryszta\u0142\u00f3w - szafirowe kulki s\u0105 hodowane przy u\u017cyciu metod takich jak Kyropoulos lub techniki wymiany ciep\u0142a, zapewniaj\u0105c du\u017ce wlewki monokrystaliczne o kontrolowanej g\u0119sto\u015bci defekt\u00f3w.<\/li>\n<li data-section-id=\"72bozn\" data-start=\"2681\" data-end=\"2815\">Ci\u0119cie orientacyjne - kostki s\u0105 precyzyjnie wyr\u00f3wnane zgodnie z p\u0142aszczyznami krystalograficznymi (p\u0142aszczyzna C, p\u0142aszczyzna A, p\u0142aszczyzna R, p\u0142aszczyzna M).<\/li>\n<li data-section-id=\"da5a28\" data-start=\"2816\" data-end=\"2943\">Ci\u0119cie pi\u0142\u0105 drutow\u0105 - wlewek jest ci\u0119ty na p\u00f3\u0142fabrykaty w kszta\u0142cie wafli za pomoc\u0105 diamentowych pi\u0142 drutowych, w wyniku czego uzyskuje si\u0119 powierzchnie po ci\u0119ciu.<\/li>\n<li data-section-id=\"1d6frix\" data-start=\"2944\" data-end=\"3060\">Czyszczenie i inspekcja - ka\u017cdy p\u00f3\u0142fabrykat wafla jest sprawdzany pod k\u0105tem p\u0119kni\u0119\u0107, integralno\u015bci kraw\u0119dzi i jednorodno\u015bci grubo\u015bci.<\/li>\n<\/ol>\n<p data-start=\"3062\" data-end=\"3201\">Na tym etapie produkt celowo nie jest polerowany, aby s\u0142u\u017cy\u0142 jako elastyczny surowiec do dalszych proces\u00f3w produkcyjnych.<\/p>\n<hr data-start=\"3203\" data-end=\"3206\" \/>\n<h2 data-section-id=\"1j5qwet\" data-start=\"3208\" data-end=\"3227\"><span role=\"text\">Kluczowe cechy<\/span><\/h2>\n<ul data-start=\"3229\" data-end=\"3708\">\n<li data-section-id=\"bp44jf\" data-start=\"3229\" data-end=\"3290\">Jednokrystaliczny szafir o ultrawysokiej czysto\u015bci (\u226599,99% Al\u2082O\u2083)<\/li>\n<li data-section-id=\"n4zrbf\" data-start=\"3291\" data-end=\"3362\">Dost\u0119pne w standardowych rozmiarach p\u0142ytek p\u00f3\u0142przewodnikowych: 2\u201d, 3\u201d, 4\u201d, 6\u201d, 8\u201d.\u201d<\/li>\n<li data-section-id=\"sd0rj\" data-start=\"3363\" data-end=\"3421\">Niestandardowy zakres grubo\u015bci od 0,5 mm do 3,0 mm lub wi\u0119cej<\/li>\n<li data-section-id=\"yovwq5\" data-start=\"3422\" data-end=\"3505\">Wiele orientacji kryszta\u0142\u00f3w dla r\u00f3\u017cnych zastosowa\u0144 optycznych i elektronicznych<\/li>\n<li data-section-id=\"1vn9hfs\" data-start=\"3506\" data-end=\"3575\">Surowa powierzchnia ci\u0119ta drutem idealna do niestandardowego docierania i obr\u00f3bki CMP<\/li>\n<li data-section-id=\"1g6tkst\" data-start=\"3576\" data-end=\"3641\">Wysoka stabilno\u015b\u0107 strukturalna pod wp\u0142ywem napr\u0119\u017ce\u0144 mechanicznych i termicznych<\/li>\n<li data-section-id=\"19xgigt\" data-start=\"3642\" data-end=\"3708\">Sta\u0142a jako\u015b\u0107 odpowiednia do produkcji na skal\u0119 przemys\u0142ow\u0105<\/li>\n<\/ul>\n<hr data-start=\"3710\" data-end=\"3713\" \/>\n<h2 data-section-id=\"k0zlak\" data-start=\"3715\" data-end=\"3734\"><span role=\"text\">Zastosowania<\/span><\/h2>\n<p data-start=\"3736\" data-end=\"3857\">Szafirowe p\u00f3\u0142fabrykaty waflowe s\u0142u\u017c\u0105 szerokiemu zakresowi zaawansowanych ga\u0142\u0119zi przemys\u0142u ze wzgl\u0119du na ich wytrzyma\u0142o\u015b\u0107 mechaniczn\u0105 i stabilno\u015b\u0107 chemiczn\u0105.<\/p>\n<h3 data-section-id=\"vh2vip\" data-start=\"3859\" data-end=\"3897\"><span role=\"text\">Przemys\u0142 p\u00f3\u0142przewodnik\u00f3w i LED<\/span><\/h3>\n<p data-start=\"3898\" data-end=\"4125\">Szafirowe p\u0142ytki p\u00f3\u0142przewodnikowe s\u0105 powszechnie stosowane jako pod\u0142o\u017ca do epitaksjalnego wzrostu diod LED opartych na GaN. Po wypolerowaniu stanowi\u0105 one wysoce stabiln\u0105 platform\u0119 do produkcji wysokowydajnych urz\u0105dze\u0144 optoelektronicznych, takich jak niebieskie i UV diody LED.<\/p>\n<h3 data-section-id=\"1evn3pb\" data-start=\"4127\" data-end=\"4163\"><span role=\"text\">Systemy optyczne i fotoniczne<\/span><\/h3>\n<p data-start=\"4164\" data-end=\"4354\">Po precyzyjnym wyko\u0144czeniu szafir jest stosowany w oknach optycznych, wn\u0119kach laserowych, systemach obrazowania w podczerwieni i os\u0142onach czujnik\u00f3w, gdzie niezb\u0119dna jest wysoka przezroczysto\u015b\u0107 i odporno\u015b\u0107 na zarysowania.<\/p>\n<h3 data-section-id=\"1maeluv\" data-start=\"4356\" data-end=\"4388\"><span role=\"text\">Badania i rozw\u00f3j<\/span><\/h3>\n<p data-start=\"4389\" data-end=\"4556\">Uniwersytety i laboratoria materia\u0142oznawcze wykorzystuj\u0105 szafirowe p\u00f3\u0142fabrykaty wafli do opracowywania proces\u00f3w CMP, bada\u0144 in\u017cynierii powierzchni i analizy defekt\u00f3w kryszta\u0142\u00f3w.<\/p>\n<h3 data-section-id=\"mrlekr\" data-start=\"4558\" data-end=\"4586\"><span role=\"text\">Osadzanie cienkich warstw<\/span><\/h3>\n<p data-start=\"4587\" data-end=\"4764\">Materia\u0142 ten jest szeroko stosowany jako pod\u0142o\u017ce bazowe do eksperyment\u00f3w osadzania ALD, PVD i CVD, zw\u0142aszcza na wczesnym etapie bada\u0144, gdzie chropowato\u015b\u0107 powierzchni nie jest jeszcze krytyczna.<\/p>\n<h3 data-section-id=\"2enbwe\" data-start=\"4766\" data-end=\"4811\"><span role=\"text\">Zastosowania przemys\u0142owe i lotnicze<\/span><\/h3>\n<p data-start=\"4812\" data-end=\"4982\">Dzi\u0119ki dodatkowej obr\u00f3bce, szafirowe p\u0142ytki mo\u017cna przekszta\u0142ci\u0107 w wysokotemperaturowe elementy konstrukcyjne, ochronne os\u0142ony czujnik\u00f3w i precyzyjne mechaniczne elementy dystansowe.<\/p>\n<hr data-start=\"4984\" data-end=\"4987\" \/>\n<h2 data-section-id=\"id1bjs\" data-start=\"4989\" data-end=\"5020\"><span role=\"text\">Specyfikacja techniczna<\/span><\/h2>\n<div class=\"TyagGW_tableContainer\">\n<div class=\"group TyagGW_tableWrapper flex flex-col-reverse w-fit\" tabindex=\"-1\">\n<table class=\"w-fit min-w-(--thread-content-width)\" data-start=\"5022\" data-end=\"5500\">\n<thead data-start=\"5022\" data-end=\"5051\">\n<tr data-start=\"5022\" data-end=\"5051\">\n<th class=\"\" data-start=\"5022\" data-end=\"5034\" data-col-size=\"sm\">Parametr<\/th>\n<th class=\"\" data-start=\"5034\" data-end=\"5051\" data-col-size=\"md\">Specyfikacja<\/th>\n<\/tr>\n<\/thead>\n<tbody data-start=\"5080\" data-end=\"5500\">\n<tr data-start=\"5080\" data-end=\"5126\">\n<td data-start=\"5080\" data-end=\"5091\" data-col-size=\"sm\">Materia\u0142<\/td>\n<td data-col-size=\"md\" data-start=\"5091\" data-end=\"5126\">Szafir monokrystaliczny (Al\u2082O\u2083)<\/td>\n<\/tr>\n<tr data-start=\"5127\" data-end=\"5148\">\n<td data-start=\"5127\" data-end=\"5136\" data-col-size=\"sm\">Czysto\u015b\u0107<\/td>\n<td data-start=\"5136\" data-end=\"5148\" data-col-size=\"md\">\u2265 99,99%<\/td>\n<\/tr>\n<tr data-start=\"5149\" data-end=\"5193\">\n<td data-start=\"5149\" data-end=\"5169\" data-col-size=\"sm\">Struktura krystaliczna<\/td>\n<td data-col-size=\"md\" data-start=\"5169\" data-end=\"5193\">Szafir w fazie alfa<\/td>\n<\/tr>\n<tr data-start=\"5194\" data-end=\"5226\">\n<td data-start=\"5194\" data-end=\"5202\" data-col-size=\"sm\">Kszta\u0142t<\/td>\n<td data-col-size=\"md\" data-start=\"5202\" data-end=\"5226\">Okr\u0105g\u0142y p\u00f3\u0142fabrykat p\u0142ytki<\/td>\n<\/tr>\n<tr data-start=\"5227\" data-end=\"5279\">\n<td data-start=\"5227\" data-end=\"5238\" data-col-size=\"sm\">\u015arednica<\/td>\n<td data-col-size=\"md\" data-start=\"5238\" data-end=\"5279\">2\u201d, 3\u201d, 4\u201d, 6\u201d, 8\u201d (dost\u0119pne na zam\u00f3wienie)<\/td>\n<\/tr>\n<tr data-start=\"5280\" data-end=\"5323\">\n<td data-start=\"5280\" data-end=\"5292\" data-col-size=\"sm\">Grubo\u015b\u0107<\/td>\n<td data-start=\"5292\" data-end=\"5323\" data-col-size=\"md\">0,5 - 3,0 mm (z mo\u017cliwo\u015bci\u0105 dostosowania)<\/td>\n<\/tr>\n<tr data-start=\"5324\" data-end=\"5383\">\n<td data-start=\"5324\" data-end=\"5338\" data-col-size=\"sm\">Orientacja<\/td>\n<td data-start=\"5338\" data-end=\"5383\" data-col-size=\"md\">P\u0142aszczyzna C (0001), p\u0142aszczyzna A, p\u0142aszczyzna R, p\u0142aszczyzna M<\/td>\n<\/tr>\n<tr data-start=\"5384\" data-end=\"5439\">\n<td data-start=\"5384\" data-end=\"5404\" data-col-size=\"sm\">Stan powierzchni<\/td>\n<td data-start=\"5404\" data-end=\"5439\" data-col-size=\"md\">Ci\u0119te \/ ci\u0119te drutem (niepolerowane)<\/td>\n<\/tr>\n<tr data-start=\"5440\" data-end=\"5500\">\n<td data-start=\"5440\" data-end=\"5457\" data-col-size=\"sm\">Stan kraw\u0119dzi<\/td>\n<td data-start=\"5457\" data-end=\"5500\" data-col-size=\"md\">Szorstka kraw\u0119d\u017a (standard), fazowanie opcjonalne<\/td>\n<\/tr>\n<\/tbody>\n<\/table>\n<\/div>\n<\/div>\n<hr data-start=\"5502\" data-end=\"5505\" \/>\n<h2 data-section-id=\"d8omv1\" data-start=\"5507\" data-end=\"5524\"><span role=\"text\">Zalety<\/span><\/h2>\n<p data-start=\"5526\" data-end=\"5618\">Szafirowe wafle oferuj\u0105 kilka strategicznych korzy\u015bci w por\u00f3wnaniu do w pe\u0142ni przetworzonych wafli:<\/p>\n<p data-start=\"5620\" data-end=\"5904\">Po pierwsze, zapewniaj\u0105 op\u0142acalne rozwi\u0105zanie w zakresie surowc\u00f3w, zmniejszaj\u0105c pocz\u0105tkowe koszty materia\u0142\u00f3w dla producent\u00f3w, kt\u00f3rzy preferuj\u0105 wyko\u0144czenie we w\u0142asnym zakresie. Po drugie, pozwalaj\u0105 na pe\u0142n\u0105 elastyczno\u015b\u0107 w definiowaniu ostatecznych w\u0142a\u015bciwo\u015bci wafli, w tym tolerancji grubo\u015bci, chropowato\u015bci powierzchni i p\u0142asko\u015bci.<\/p>\n<p data-start=\"5948\" data-end=\"6250\">Po trzecie, s\u0105 one idealne do opracowywania proces\u00f3w i pilota\u017cowych linii produkcyjnych, gdzie wymagane s\u0105 eksperymenty i iteracyjna optymalizacja. Wreszcie, szafir zachowuje swoj\u0105 wewn\u0119trzn\u0105 wytrzyma\u0142o\u015b\u0107 mechaniczn\u0105 i odporno\u015b\u0107 termiczn\u0105 nawet w postaci surowej, zapewniaj\u0105c niezawodno\u015b\u0107 podczas dalszego przetwarzania.<\/p>\n<hr data-start=\"6252\" data-end=\"6255\" \/>\n<h2 data-section-id=\"21fx5a\" data-start=\"6257\" data-end=\"6305\"><span role=\"text\">Kontekst bran\u017cowy i wzgl\u0119dy jako\u015bciowe<\/span><\/h2>\n<p data-start=\"6307\" data-end=\"6586\">W produkcji p\u00f3\u0142przewodnik\u00f3w jako\u015b\u0107 ko\u0144cowego wafla jest silnie uzale\u017cniona od pocz\u0105tkowej jako\u015bci kryszta\u0142u i precyzji ci\u0119cia. Szafirowe p\u00f3\u0142fabrykaty wafli stanowi\u0105 stabiln\u0105 podstaw\u0119 do osi\u0105gni\u0119cia wysokowydajnego wzrostu epitaksjalnego, gdy s\u0105 przetwarzane w kontrolowanych warunkach CMP.<\/p>\n<p data-start=\"6588\" data-end=\"6643\">Standardy bran\u017cowe zazwyczaj wymagaj\u0105 \u015bcis\u0142ej kontroli:<\/p>\n<ul data-start=\"6644\" data-end=\"6846\">\n<li data-section-id=\"19nzevg\" data-start=\"6644\" data-end=\"6680\">P\u0142asko\u015b\u0107 powierzchni po polerowaniu<\/li>\n<li data-section-id=\"12yxpam\" data-start=\"6681\" data-end=\"6722\">G\u0142\u0119boko\u015b\u0107 uszkodze\u0144 podpowierzchniowych po ci\u0119ciu<\/li>\n<li data-section-id=\"hzjk4a\" data-start=\"6723\" data-end=\"6787\">Dok\u0142adno\u015b\u0107 orientacji kryszta\u0142\u00f3w w ramach w\u0105skich tolerancji k\u0105towych<\/li>\n<li data-section-id=\"135u3te\" data-start=\"6788\" data-end=\"6846\">G\u0119sto\u015b\u0107 defekt\u00f3w w zastosowaniach optycznych i elektronicznych<\/li>\n<\/ul>\n<p data-start=\"6848\" data-end=\"6953\">Zaczynaj\u0105c od wysokiej jako\u015bci p\u00f3\u0142fabrykatu wafla, producenci mog\u0105 lepiej kontrolowa\u0107 te zmienne.<\/p>\n<hr data-start=\"6955\" data-end=\"6958\" \/>\n<h2 data-section-id=\"elc90z\" data-start=\"6960\" data-end=\"6970\"><span role=\"text\">FAQ<\/span><\/h2>\n<p data-start=\"6972\" data-end=\"7137\">P1: Do czego s\u0142u\u017cy szafirowy p\u00f3\u0142fabrykat waflowy?<br data-start=\"7020\" data-end=\"7023\" \/>Po dalszym przetworzeniu jest stosowany jako surowe pod\u0142o\u017ce do p\u00f3\u0142przewodnik\u00f3w, diod LED, optyki i zastosowa\u0144 badawczych.<\/p>\n<p data-start=\"7139\" data-end=\"7321\">P2: Czym r\u00f3\u017cni si\u0119 od polerowanego wafla szafirowego?<br data-start=\"7198\" data-end=\"7201\" \/>P\u00f3\u0142fabrykat wafla jest niepolerowany i zachowuje powierzchnie ci\u0119te pi\u0142\u0105, podczas gdy wypolerowany wafel jest gotowy do bezpo\u015bredniej produkcji urz\u0105dzenia.<\/p>\n<p data-start=\"7323\" data-end=\"7479\">P3: Czy wymiary mo\u017cna dostosowa\u0107?<br data-start=\"7360\" data-end=\"7363\" \/>Tak, \u015brednica, grubo\u015b\u0107, orientacja i wyko\u0144czenie kraw\u0119dzi mog\u0105 by\u0107 dostosowane do wymaga\u0144 technicznych.<\/p>\n<p data-start=\"7481\" data-end=\"7618\">P4: Czy nadaje si\u0119 do bezpo\u015bredniej produkcji LED?<br data-start=\"7530\" data-end=\"7533\" \/>Nie. Przed u\u017cyciem do epitaksjalnego wzrostu diod LED musi zosta\u0107 poddany docieraniu i polerowaniu.<\/p>\n<p data-start=\"7620\" data-end=\"7816\">P5: Co sprawia, \u017ce szafir jest lepszy ni\u017c szk\u0142o lub kwarc?<br data-start=\"7676\" data-end=\"7679\" \/>Szafir oferuje znacznie wy\u017csz\u0105 twardo\u015b\u0107, odporno\u015b\u0107 na temperatur\u0119 i stabilno\u015b\u0107 chemiczn\u0105 w por\u00f3wnaniu z konwencjonalnymi materia\u0142ami optycznymi.<\/p>\n<p data-start=\"7842\" data-end=\"8166\">","protected":false},"excerpt":{"rendered":"<p>Szafirowe p\u0142ytki p\u00f3\u0142przewodnikowe stanowi\u0105 krytyczny materia\u0142 w zaawansowanych \u0142a\u0144cuchach dostaw, umo\u017cliwiaj\u0105c precyzyjn\u0105 kontrol\u0119 nad ko\u0144cow\u0105 wydajno\u015bci\u0105 p\u0142ytek. Ich po\u0142\u0105czenie wysokiej czysto\u015bci, wytrzyma\u0142o\u015bci mechanicznej i elastyczno\u015bci przetwarzania sprawia, \u017ce s\u0105 one niezb\u0119dne w zastosowaniach p\u00f3\u0142przewodnikowych, optycznych i badawczych.<\/p>","protected":false},"featured_media":2235,"comment_status":"open","ping_status":"closed","template":"","meta":{"site-sidebar-layout":"default","site-content-layout":"","ast-site-content-layout":"default","site-content-style":"default","site-sidebar-style":"default","ast-global-header-display":"","ast-banner-title-visibility":"","ast-main-header-display":"","ast-hfb-above-header-display":"","ast-hfb-below-header-display":"","ast-hfb-mobile-header-display":"","site-post-title":"","ast-breadcrumbs-content":"","ast-featured-img":"","footer-sml-layout":"","ast-disable-related-posts":"","theme-transparent-header-meta":"default","adv-header-id-meta":"","stick-header-meta":"default","header-above-stick-meta":"","header-main-stick-meta":"","header-below-stick-meta":"","astra-migrate-meta-layouts":"set","ast-page-background-enabled":"default","ast-page-background-meta":{"desktop":{"background-color":"var(--ast-global-color-4)","background-image":"","background-repeat":"repeat","background-position":"center center","background-size":"auto","background-attachment":"scroll","background-type":"","background-media":"","overlay-type":"","overlay-color":"","overlay-opacity":"","overlay-gradient":""},"tablet":{"background-color":"","background-image":"","background-repeat":"repeat","background-position":"center center","background-size":"auto","background-attachment":"scroll","background-type":"","background-media":"","overlay-type":"","overlay-color":"","overlay-opacity":"","overlay-gradient":""},"mobile":{"background-color":"","background-image":"","background-repeat":"repeat","background-position":"center center","background-size":"auto","background-attachment":"scroll","background-type":"","background-media":"","overlay-type":"","overlay-color":"","overlay-opacity":"","overlay-gradient":""}},"ast-content-background-meta":{"desktop":{"background-color":"var(--ast-global-color-5)","background-image":"","background-repeat":"repeat","background-position":"center center","background-size":"auto","background-attachment":"scroll","background-type":"","background-media":"","overlay-type":"","overlay-color":"","overlay-opacity":"","overlay-gradient":""},"tablet":{"background-color":"var(--ast-global-color-5)","background-image":"","background-repeat":"repeat","background-position":"center center","background-size":"auto","background-attachment":"scroll","background-type":"","background-media":"","overlay-type":"","overlay-color":"","overlay-opacity":"","overlay-gradient":""},"mobile":{"background-color":"var(--ast-global-color-5)","background-image":"","background-repeat":"repeat","background-position":"center center","background-size":"auto","background-attachment":"scroll","background-type":"","background-media":"","overlay-type":"","overlay-color":"","overlay-opacity":"","overlay-gradient":""}}},"product_brand":[],"product_cat":[729],"product_tag":[1028,1031,1030,1034,1025,1027,1022,1033,1035,1024,1021,1032,1026,1023,1029],"class_list":{"0":"post-2234","1":"product","2":"type-product","3":"status-publish","4":"has-post-thumbnail","6":"product_cat-wafer","7":"product_tag-cmp-sapphire-processing","8":"product_tag-custom-sapphire-wafer","9":"product_tag-high-purity-sapphire-crystal","10":"product_tag-industrial-sapphire-wafer","11":"product_tag-led-sapphire-wafer","12":"product_tag-optical-sapphire-window-material","13":"product_tag-raw-sapphire-substrate","14":"product_tag-sapphire-crystal-substrate","15":"product_tag-sapphire-optical-material","16":"product_tag-sapphire-substrate-material","17":"product_tag-sapphire-wafer-blank","18":"product_tag-sapphire-wafer-for-epitaxy","19":"product_tag-semiconductor-substrate","20":"product_tag-single-crystal-al2o3-wafer","21":"product_tag-wire-sawn-sapphire-wafer","22":"desktop-align-left","23":"tablet-align-left","24":"mobile-align-left","25":"ast-product-gallery-layout-horizontal-slider","26":"ast-product-tabs-layout-horizontal","28":"first","29":"instock","30":"shipping-taxable","31":"product-type-simple"},"_links":{"self":[{"href":"https:\/\/www.zmsh-semitech.com\/pl\/wp-json\/wp\/v2\/product\/2234","targetHints":{"allow":["GET"]}}],"collection":[{"href":"https:\/\/www.zmsh-semitech.com\/pl\/wp-json\/wp\/v2\/product"}],"about":[{"href":"https:\/\/www.zmsh-semitech.com\/pl\/wp-json\/wp\/v2\/types\/product"}],"replies":[{"embeddable":true,"href":"https:\/\/www.zmsh-semitech.com\/pl\/wp-json\/wp\/v2\/comments?post=2234"}],"version-history":[{"count":3,"href":"https:\/\/www.zmsh-semitech.com\/pl\/wp-json\/wp\/v2\/product\/2234\/revisions"}],"predecessor-version":[{"id":2242,"href":"https:\/\/www.zmsh-semitech.com\/pl\/wp-json\/wp\/v2\/product\/2234\/revisions\/2242"}],"wp:featuredmedia":[{"embeddable":true,"href":"https:\/\/www.zmsh-semitech.com\/pl\/wp-json\/wp\/v2\/media\/2235"}],"wp:attachment":[{"href":"https:\/\/www.zmsh-semitech.com\/pl\/wp-json\/wp\/v2\/media?parent=2234"}],"wp:term":[{"taxonomy":"product_brand","embeddable":true,"href":"https:\/\/www.zmsh-semitech.com\/pl\/wp-json\/wp\/v2\/product_brand?post=2234"},{"taxonomy":"product_cat","embeddable":true,"href":"https:\/\/www.zmsh-semitech.com\/pl\/wp-json\/wp\/v2\/product_cat?post=2234"},{"taxonomy":"product_tag","embeddable":true,"href":"https:\/\/www.zmsh-semitech.com\/pl\/wp-json\/wp\/v2\/product_tag?post=2234"}],"curies":[{"name":"wp","href":"https:\/\/api.w.org\/{rel}","templated":true}]}}