{"id":2226,"date":"2026-04-15T03:41:10","date_gmt":"2026-04-15T03:41:10","guid":{"rendered":"https:\/\/www.zmsh-semitech.com\/?post_type=product&#038;p=2226"},"modified":"2026-04-15T04:01:00","modified_gmt":"2026-04-15T04:01:00","slug":"wp-301d-double-side-wafer-grinding-machine-for-6-inch-semiconductor-materials-and-precision-lapping","status":"publish","type":"product","link":"https:\/\/www.zmsh-semitech.com\/pl\/product\/wp-301d-double-side-wafer-grinding-machine-for-6-inch-semiconductor-materials-and-precision-lapping\/","title":{"rendered":"WP-301D Dwustronna szlifierka waflowa do 6-calowych materia\u0142\u00f3w p\u00f3\u0142przewodnikowych i precyzyjnego docierania"},"content":{"rendered":"<p data-start=\"284\" data-end=\"683\"><img fetchpriority=\"high\" decoding=\"async\" class=\"alignright wp-image-2229\" src=\"https:\/\/www.zmsh-semitech.com\/wp-content\/uploads\/2026\/04\/WP-301D-Double-Side-Wafer-Grinding-Machine-for-6-Inch-Semiconductor-Materials-and-Precision-Lapping-1-300x300.png\" alt=\"WP-301D Dwustronna szlifierka waflowa do 6-calowych materia\u0142\u00f3w p\u00f3\u0142przewodnikowych i precyzyjnego docierania\" width=\"283\" height=\"283\" srcset=\"https:\/\/www.zmsh-semitech.com\/wp-content\/uploads\/2026\/04\/WP-301D-Double-Side-Wafer-Grinding-Machine-for-6-Inch-Semiconductor-Materials-and-Precision-Lapping-1-300x300.png 300w, https:\/\/www.zmsh-semitech.com\/wp-content\/uploads\/2026\/04\/WP-301D-Double-Side-Wafer-Grinding-Machine-for-6-Inch-Semiconductor-Materials-and-Precision-Lapping-1-150x150.png 150w, https:\/\/www.zmsh-semitech.com\/wp-content\/uploads\/2026\/04\/WP-301D-Double-Side-Wafer-Grinding-Machine-for-6-Inch-Semiconductor-Materials-and-Precision-Lapping-1-768x768.png 768w, https:\/\/www.zmsh-semitech.com\/wp-content\/uploads\/2026\/04\/WP-301D-Double-Side-Wafer-Grinding-Machine-for-6-Inch-Semiconductor-Materials-and-Precision-Lapping-1-12x12.png 12w, https:\/\/www.zmsh-semitech.com\/wp-content\/uploads\/2026\/04\/WP-301D-Double-Side-Wafer-Grinding-Machine-for-6-Inch-Semiconductor-Materials-and-Precision-Lapping-1-600x600.png 600w, https:\/\/www.zmsh-semitech.com\/wp-content\/uploads\/2026\/04\/WP-301D-Double-Side-Wafer-Grinding-Machine-for-6-Inch-Semiconductor-Materials-and-Precision-Lapping-1-100x100.png 100w, https:\/\/www.zmsh-semitech.com\/wp-content\/uploads\/2026\/04\/WP-301D-Double-Side-Wafer-Grinding-Machine-for-6-Inch-Semiconductor-Materials-and-Precision-Lapping-1.png 1000w\" sizes=\"(max-width: 283px) 100vw, 283px\" \/>Dwustronna szlifierka do p\u0142ytek WP-301D to wysoce precyzyjny system przeznaczony do jednoczesnego dwustronnego szlifowania i polerowania p\u0142ytek p\u00f3\u0142przewodnikowych i delikatnych materia\u0142\u00f3w. Wykorzystuj\u0105c zaawansowany system ruchu nap\u0119dzany przek\u0142adni\u0105 planetarn\u0105, maszyna umo\u017cliwia r\u00f3wnomierne usuwanie materia\u0142u zar\u00f3wno na g\u00f3rnej, jak i dolnej powierzchni p\u0142ytki, znacznie poprawiaj\u0105c p\u0142asko\u015b\u0107 i r\u00f3wnoleg\u0142o\u015b\u0107.<\/p>\n<p data-start=\"685\" data-end=\"996\">Zaprojektowany dla 6-calowych (150 mm) wafli i poni\u017cej, WP-301D jest szeroko stosowany w przetwarzaniu z\u0142o\u017conych materia\u0142\u00f3w p\u00f3\u0142przewodnikowych, takich jak CdZnTe (CZT), HgCdTe (MCT), GaAs, InP i InSb. Materia\u0142y te maj\u0105 kluczowe znaczenie w zastosowaniach obejmuj\u0105cych wykrywanie podczerwieni, optoelektronik\u0119 i urz\u0105dzenia wysokiej cz\u0119stotliwo\u015bci.<\/p>\n<p data-start=\"998\" data-end=\"1200\">Dzi\u0119ki solidnej konstrukcji mechanicznej, precyzyjnemu systemowi sterowania i zoptymalizowanej konstrukcji wrzeciona, WP-301D zapewnia wysok\u0105 wydajno\u015b\u0107, doskona\u0142\u0105 jako\u015b\u0107 powierzchni i stabiln\u0105 wydajno\u015b\u0107 przetwarzania wsadowego.<\/p>\n<hr data-start=\"1202\" data-end=\"1205\" \/>\n<h2 data-section-id=\"m7ukan\" data-start=\"1207\" data-end=\"1250\">Kluczowe cechy i zalety techniczne<\/h2>\n<h3 data-section-id=\"1ggl47b\" data-start=\"1252\" data-end=\"1296\">Dwustronne przetwarzanie jednoczesne<\/h3>\n<p data-start=\"1297\" data-end=\"1372\">Maszyna przetwarza obie strony p\u0142ytki w tym samym czasie, zapewniaj\u0105c:<\/p>\n<ul data-start=\"1373\" data-end=\"1463\">\n<li data-section-id=\"1i7ktds\" data-start=\"1373\" data-end=\"1406\">Poprawiona jednorodno\u015b\u0107 grubo\u015bci<\/li>\n<li data-section-id=\"1da8f9g\" data-start=\"1407\" data-end=\"1429\">Lepsza r\u00f3wnoleg\u0142o\u015b\u0107<\/li>\n<li data-section-id=\"12e74mo\" data-start=\"1430\" data-end=\"1463\">Skr\u00f3cony ca\u0142kowity czas przetwarzania<\/li>\n<\/ul>\n<h3 data-section-id=\"2t7dsg\" data-start=\"1465\" data-end=\"1501\">System ruchu przek\u0142adni planetarnej<\/h3>\n<p data-start=\"1502\" data-end=\"1689\">Zintegrowana przek\u0142adnia s\u0142oneczna i pier\u015bcieniowa mog\u0105 dzia\u0142a\u0107 synchronicznie lub niezale\u017cnie, umo\u017cliwiaj\u0105c elastyczne sterowanie procesem i zoptymalizowane \u015bcie\u017cki szlifowania dla r\u00f3\u017cnych materia\u0142\u00f3w.<\/p>\n<h3 data-section-id=\"dbg2ti\" data-start=\"1691\" data-end=\"1728\">System wrzecion o wysokiej precyzji<\/h3>\n<p data-start=\"1729\" data-end=\"1901\">Wyposa\u017cona w precyzyjne, wbudowane wrzeciono, WP-301D zapewnia stabilne obroty i minimalne wibracje, co jest niezb\u0119dne do osi\u0105gni\u0119cia sta\u0142ej jako\u015bci powierzchni.<\/p>\n<h3 data-section-id=\"bbwmxj\" data-start=\"1903\" data-end=\"1944\">System kontroli ci\u015bnienia w czasie rzeczywistym<\/h3>\n<p data-start=\"1945\" data-end=\"2030\">Maszyna wyposa\u017cona jest w zaawansowany system kontroli ci\u015bnienia w p\u0119tli zamkni\u0119tej, umo\u017cliwiaj\u0105cy..:<\/p>\n<ul data-start=\"2031\" data-end=\"2200\">\n<li data-section-id=\"5pkops\" data-start=\"2031\" data-end=\"2077\">Dok\u0142adna regulacja ci\u015bnienia (0,1 - 50 kg)<\/li>\n<li data-section-id=\"18clroc\" data-start=\"2078\" data-end=\"2200\">Monitorowanie w czasie rzeczywistym i automatyczna korekta<br data-start=\"2125\" data-end=\"2128\" \/>Gwarantuje to r\u00f3wnomierne usuwanie materia\u0142u i zapobiega nadmiernemu polerowaniu.<\/li>\n<\/ul>\n<h3 data-section-id=\"mqy6u6\" data-start=\"2202\" data-end=\"2237\">Konstrukcja z p\u0142ywaj\u0105c\u0105 p\u0142yt\u0105 g\u00f3rn\u0105<\/h3>\n<p data-start=\"2238\" data-end=\"2440\">G\u00f3rna p\u0142yta przyjmuje p\u0142ywaj\u0105c\u0105 struktur\u0119 po\u0142\u0105czenia, zapewniaj\u0105c, \u017ce pozostaje r\u00f3wnoleg\u0142a do dolnej p\u0142yty podczas przetwarzania. Znacz\u0105co poprawia to p\u0142asko\u015b\u0107 wafla i zmniejsza wahania grubo\u015bci.<\/p>\n<h2 data-section-id=\"8lu2ky\" data-start=\"2447\" data-end=\"2477\">Specyfikacja techniczna<\/h2>\n<div class=\"TyagGW_tableContainer\">\n<div class=\"group TyagGW_tableWrapper flex flex-col-reverse w-fit\" tabindex=\"-1\">\n<table class=\"w-fit min-w-(--thread-content-width)\" data-start=\"2479\" data-end=\"2829\">\n<thead data-start=\"2479\" data-end=\"2503\">\n<tr data-start=\"2479\" data-end=\"2503\">\n<th class=\"\" data-start=\"2479\" data-end=\"2486\" data-col-size=\"sm\">Pozycja<\/th>\n<th class=\"\" data-start=\"2486\" data-end=\"2503\" data-col-size=\"sm\">Specyfikacja<\/th>\n<\/tr>\n<\/thead>\n<tbody data-start=\"2527\" data-end=\"2829\">\n<tr data-start=\"2527\" data-end=\"2570\">\n<td data-start=\"2527\" data-end=\"2544\" data-col-size=\"sm\">Rozmiar przedmiotu obrabianego<\/td>\n<td data-start=\"2544\" data-end=\"2570\" data-col-size=\"sm\">Do \u00d8150 mm (6 cali)<\/td>\n<\/tr>\n<tr data-start=\"2571\" data-end=\"2605\">\n<td data-start=\"2571\" data-end=\"2591\" data-col-size=\"sm\">Ni\u017csza pr\u0119dko\u015b\u0107 p\u0142yty<\/td>\n<td data-start=\"2591\" data-end=\"2605\" data-col-size=\"sm\">0 - 30 obr.<\/td>\n<\/tr>\n<tr data-start=\"2606\" data-end=\"2658\">\n<td data-start=\"2606\" data-end=\"2624\" data-col-size=\"sm\">Metoda szlifowania<\/td>\n<td data-start=\"2624\" data-end=\"2658\" data-col-size=\"sm\">Dwustronne szlifowanie planetarne<\/td>\n<\/tr>\n<tr data-start=\"2659\" data-end=\"2683\">\n<td data-start=\"2659\" data-end=\"2678\" data-col-size=\"sm\">Przewo\u017anik Ilo\u015b\u0107<\/td>\n<td data-start=\"2678\" data-end=\"2683\" data-col-size=\"sm\">5<\/td>\n<\/tr>\n<tr data-start=\"2684\" data-end=\"2716\">\n<td data-start=\"2684\" data-end=\"2701\" data-col-size=\"sm\">Zakres ci\u015bnienia<\/td>\n<td data-start=\"2701\" data-end=\"2716\" data-col-size=\"sm\">0,1 - 50 kg<\/td>\n<\/tr>\n<tr data-start=\"2717\" data-end=\"2753\">\n<td data-start=\"2717\" data-end=\"2734\" data-col-size=\"sm\">Materia\u0142 p\u0142yty<\/td>\n<td data-start=\"2734\" data-end=\"2753\" data-col-size=\"sm\">Szk\u0142o \/ ceramika<\/td>\n<\/tr>\n<tr data-start=\"2754\" data-end=\"2800\">\n<td data-start=\"2754\" data-end=\"2775\" data-col-size=\"sm\">Wymiary maszyny<\/td>\n<td data-start=\"2775\" data-end=\"2800\" data-col-size=\"sm\">1572 \u00d7 1053 \u00d7 2533 mm<\/td>\n<\/tr>\n<tr data-start=\"2801\" data-end=\"2829\">\n<td data-start=\"2801\" data-end=\"2810\" data-col-size=\"sm\">Waga<\/td>\n<td data-start=\"2810\" data-end=\"2829\" data-col-size=\"sm\">Oko\u0142o 2300 kg<\/td>\n<\/tr>\n<\/tbody>\n<\/table>\n<\/div>\n<\/div>\n<hr data-start=\"2831\" data-end=\"2834\" \/>\n<h2 data-section-id=\"13yq5fc\" data-start=\"2836\" data-end=\"2859\">Zasada dzia\u0142ania<\/h2>\n<p data-start=\"2903\" data-end=\"3050\">WP-301D dzia\u0142a przy u\u017cyciu mechanizmu ruchu planetarnego, w kt\u00f3rym p\u0142ytki s\u0105 umieszczane wewn\u0105trz no\u015bnik\u00f3w umieszczonych mi\u0119dzy g\u00f3rn\u0105 i doln\u0105 p\u0142yt\u0105.<\/p>\n<p data-start=\"3052\" data-end=\"3069\">Podczas pracy:<\/p>\n<ul data-start=\"3071\" data-end=\"3205\">\n<li data-section-id=\"307xpo\" data-start=\"3071\" data-end=\"3115\">Dolna p\u0142yta obraca si\u0119 w spos\u00f3b ci\u0105g\u0142y<\/li>\n<li data-section-id=\"155dzsx\" data-start=\"3116\" data-end=\"3156\">Przek\u0142adnia s\u0142oneczna nap\u0119dza no\u015bniki<\/li>\n<li data-section-id=\"1h7nv9d\" data-start=\"3157\" data-end=\"3205\">Ko\u0142o koronowe kontroluje ruch obrotowy<\/li>\n<\/ul>\n<p data-start=\"3207\" data-end=\"3357\">Ta kombinacja tworzy z\u0142o\u017cony ruch wzgl\u0119dny mi\u0119dzy p\u0142ytk\u0105 a p\u0142ytkami polerskimi, zapewniaj\u0105c r\u00f3wnomierne usuwanie materia\u0142u na obu powierzchniach.<\/p>\n<p data-start=\"3359\" data-end=\"3527\">Jednocze\u015bnie system kontroli ci\u015bnienia utrzymuje sta\u0142\u0105 si\u0142\u0119, podczas gdy p\u0142ywaj\u0105ca g\u00f3rna p\u0142yta dostosowuje si\u0119 dynamicznie, aby utrzyma\u0107 r\u00f3wnoleg\u0142y kontakt. Skutkuje to:<\/p>\n<ul data-start=\"3529\" data-end=\"3598\">\n<li data-section-id=\"5m7g9e\" data-start=\"3529\" data-end=\"3546\">Wysoka p\u0142asko\u015b\u0107<\/li>\n<li data-section-id=\"1uescvu\" data-start=\"3547\" data-end=\"3568\">Jednolita grubo\u015b\u0107<\/li>\n<li data-section-id=\"19qiivl\" data-start=\"3569\" data-end=\"3598\">Minimalne uszkodzenia podpowierzchniowe<\/li>\n<\/ul>\n<hr data-start=\"3600\" data-end=\"3603\" \/>\n<h2 data-section-id=\"4t5b8m\" data-start=\"3605\" data-end=\"3623\"><img decoding=\"async\" class=\"size-medium wp-image-2176 alignright\" src=\"https:\/\/www.zmsh-semitech.com\/wp-content\/uploads\/2026\/04\/silicon_carbide_wafer_4inch_hpsi_350um_widely_used_for_ar_glasses3-300x300.webp\" alt=\"\" width=\"300\" height=\"300\" srcset=\"https:\/\/www.zmsh-semitech.com\/wp-content\/uploads\/2026\/04\/silicon_carbide_wafer_4inch_hpsi_350um_widely_used_for_ar_glasses3-300x300.webp 300w, https:\/\/www.zmsh-semitech.com\/wp-content\/uploads\/2026\/04\/silicon_carbide_wafer_4inch_hpsi_350um_widely_used_for_ar_glasses3-150x150.webp 150w, https:\/\/www.zmsh-semitech.com\/wp-content\/uploads\/2026\/04\/silicon_carbide_wafer_4inch_hpsi_350um_widely_used_for_ar_glasses3-768x768.webp 768w, https:\/\/www.zmsh-semitech.com\/wp-content\/uploads\/2026\/04\/silicon_carbide_wafer_4inch_hpsi_350um_widely_used_for_ar_glasses3-12x12.webp 12w, https:\/\/www.zmsh-semitech.com\/wp-content\/uploads\/2026\/04\/silicon_carbide_wafer_4inch_hpsi_350um_widely_used_for_ar_glasses3-600x600.webp 600w, https:\/\/www.zmsh-semitech.com\/wp-content\/uploads\/2026\/04\/silicon_carbide_wafer_4inch_hpsi_350um_widely_used_for_ar_glasses3-100x100.webp 100w, https:\/\/www.zmsh-semitech.com\/wp-content\/uploads\/2026\/04\/silicon_carbide_wafer_4inch_hpsi_350um_widely_used_for_ar_glasses3.webp 800w\" sizes=\"(max-width: 300px) 100vw, 300px\" \/>Zastosowania<\/h2>\n<p data-start=\"3625\" data-end=\"3684\">Szlifierka dwustronna WP-301D jest szeroko stosowana w przemy\u015ble:<\/p>\n<ul data-start=\"3686\" data-end=\"3896\">\n<li data-section-id=\"lsdmsu\" data-start=\"3686\" data-end=\"3729\">Przetwarzanie p\u0142ytek p\u00f3\u0142przewodnikowych<\/li>\n<li data-section-id=\"1re9cdn\" data-start=\"3730\" data-end=\"3763\">Materia\u0142y na podczerwie\u0144 (CZT, MCT)<\/li>\n<li data-section-id=\"1kwz9qu\" data-start=\"3764\" data-end=\"3801\">Materia\u0142y III-V (GaAs, InP, InSb)<\/li>\n<li data-section-id=\"qagg2f\" data-start=\"3802\" data-end=\"3849\">Pod\u0142o\u017ca optyczne i elementy precyzyjne<\/li>\n<li data-section-id=\"ir3gdc\" data-start=\"3850\" data-end=\"3896\">Laboratoria badawcze i produkcja seryjna<\/li>\n<\/ul>\n<p data-start=\"3898\" data-end=\"4021\">Jest to szczeg\u00f3lnie przydatne w przypadku kruchych materia\u0142\u00f3w o \u015brednicy 6 cali i mniejszej, gdzie precyzja i integralno\u015b\u0107 powierzchni maj\u0105 kluczowe znaczenie.<\/p>\n<hr data-start=\"4023\" data-end=\"4026\" \/>\n<h2 data-section-id=\"1116wfg\" data-start=\"4028\" data-end=\"4049\"><img decoding=\"async\" class=\"size-medium wp-image-2122 alignright\" src=\"https:\/\/www.zmsh-semitech.com\/wp-content\/uploads\/2026\/04\/Wafer-Back-Grinding-Machine-300x300.png\" alt=\"\" width=\"300\" height=\"300\" srcset=\"https:\/\/www.zmsh-semitech.com\/wp-content\/uploads\/2026\/04\/Wafer-Back-Grinding-Machine-300x300.png 300w, https:\/\/www.zmsh-semitech.com\/wp-content\/uploads\/2026\/04\/Wafer-Back-Grinding-Machine-150x150.png 150w, https:\/\/www.zmsh-semitech.com\/wp-content\/uploads\/2026\/04\/Wafer-Back-Grinding-Machine-768x768.png 768w, https:\/\/www.zmsh-semitech.com\/wp-content\/uploads\/2026\/04\/Wafer-Back-Grinding-Machine-12x12.png 12w, https:\/\/www.zmsh-semitech.com\/wp-content\/uploads\/2026\/04\/Wafer-Back-Grinding-Machine-600x600.png 600w, https:\/\/www.zmsh-semitech.com\/wp-content\/uploads\/2026\/04\/Wafer-Back-Grinding-Machine-100x100.png 100w, https:\/\/www.zmsh-semitech.com\/wp-content\/uploads\/2026\/04\/Wafer-Back-Grinding-Machine.png 1000w\" sizes=\"(max-width: 300px) 100vw, 300px\" \/>Podstawowe zalety<\/h2>\n<ul data-start=\"4051\" data-end=\"4440\">\n<li data-section-id=\"1ar7oz7\" data-start=\"4051\" data-end=\"4131\">Wysoka wydajno\u015b\u0107<br data-start=\"4072\" data-end=\"4075\" \/>Obr\u00f3bka dwustronna skraca ca\u0142kowity czas obr\u00f3bki<\/li>\n<li data-section-id=\"1wr2j5g\" data-start=\"4133\" data-end=\"4202\">Wysoka precyzja<br data-start=\"4153\" data-end=\"4156\" \/>Zapewnia doskona\u0142\u0105 p\u0142asko\u015b\u0107 i r\u00f3wnoleg\u0142o\u015b\u0107<\/li>\n<li data-section-id=\"esn72i\" data-start=\"4204\" data-end=\"4283\">Stabilno\u015b\u0107 procesu<br data-start=\"4227\" data-end=\"4230\" \/>Kontrola ci\u015bnienia w p\u0119tli zamkni\u0119tej poprawia sp\u00f3jno\u015b\u0107<\/li>\n<li data-section-id=\"1crbhdt\" data-start=\"4285\" data-end=\"4356\">Elastyczne dzia\u0142anie<br data-start=\"4309\" data-end=\"4312\" \/>Niezale\u017cne lub zsynchronizowane sterowanie przek\u0142adni\u0105<\/li>\n<li data-section-id=\"1hbjrp7\" data-start=\"4358\" data-end=\"4440\">Zoptymalizowany dla delikatnych materia\u0142\u00f3w<br data-start=\"4395\" data-end=\"4398\" \/>Minimalizuje napr\u0119\u017cenia i zapobiega p\u0119kaniu<\/li>\n<\/ul>\n<hr data-start=\"4442\" data-end=\"4445\" \/>\n<h2 data-section-id=\"w1cnyx\" data-start=\"4447\" data-end=\"4456\">FAQ<\/h2>\n<p data-start=\"4458\" data-end=\"4662\">P1: Jaka jest g\u0142\u00f3wna zaleta szlifowania dwustronnego?<br data-start=\"4517\" data-end=\"4520\" \/>O: Umo\u017cliwia jednoczesn\u0105 obr\u00f3bk\u0119 obu powierzchni wafla, poprawiaj\u0105c p\u0142asko\u015b\u0107, r\u00f3wnoleg\u0142o\u015b\u0107 i wydajno\u015b\u0107 w por\u00f3wnaniu do szlifowania jednostronnego.<\/p>\n<p data-start=\"4664\" data-end=\"4820\">P2: Jakie materia\u0142y mo\u017cna przetwarza\u0107?<br data-start=\"4704\" data-end=\"4707\" \/>Maszyna nadaje si\u0119 do CZT, MCT, GaAs, InP, InSb i innych mi\u0119kkich i kruchych materia\u0142\u00f3w p\u00f3\u0142przewodnikowych.<\/p>\n<p data-start=\"4822\" data-end=\"4924\">P3: Jaki rozmiar p\u0142ytek obs\u0142uguje WP-301D?<br data-start=\"4871\" data-end=\"4874\" \/>O: Obs\u0142uguje p\u0142ytki do 150 mm (6 cali).<\/p>","protected":false},"excerpt":{"rendered":"<p>Dwustronna szlifierka do p\u0142ytek WP-301D to wysoce precyzyjny system przeznaczony do jednoczesnego dwustronnego szlifowania i polerowania p\u0142ytek p\u00f3\u0142przewodnikowych i delikatnych materia\u0142\u00f3w. Wykorzystuj\u0105c zaawansowany system ruchu nap\u0119dzany przek\u0142adni\u0105 planetarn\u0105, maszyna umo\u017cliwia r\u00f3wnomierne usuwanie materia\u0142u zar\u00f3wno na g\u00f3rnej, jak i dolnej powierzchni p\u0142ytki, znacznie poprawiaj\u0105c p\u0142asko\u015b\u0107 i r\u00f3wnoleg\u0142o\u015b\u0107.<\/p>","protected":false},"featured_media":2229,"comment_status":"open","ping_status":"closed","template":"","meta":{"site-sidebar-layout":"default","site-content-layout":"","ast-site-content-layout":"default","site-content-style":"default","site-sidebar-style":"default","ast-global-header-display":"","ast-banner-title-visibility":"","ast-main-header-display":"","ast-hfb-above-header-display":"","ast-hfb-below-header-display":"","ast-hfb-mobile-header-display":"","site-post-title":"","ast-breadcrumbs-content":"","ast-featured-img":"","footer-sml-layout":"","ast-disable-related-posts":"","theme-transparent-header-meta":"default","adv-header-id-meta":"","stick-header-meta":"default","header-above-stick-meta":"","header-main-stick-meta":"","header-below-stick-meta":"","astra-migrate-meta-layouts":"set","ast-page-background-enabled":"default","ast-page-background-meta":{"desktop":{"background-color":"var(--ast-global-color-4)","background-image":"","background-repeat":"repeat","background-position":"center center","background-size":"auto","background-attachment":"scroll","background-type":"","background-media":"","overlay-type":"","overlay-color":"","overlay-opacity":"","overlay-gradient":""},"tablet":{"background-color":"","background-image":"","background-repeat":"repeat","background-position":"center center","background-size":"auto","background-attachment":"scroll","background-type":"","background-media":"","overlay-type":"","overlay-color":"","overlay-opacity":"","overlay-gradient":""},"mobile":{"background-color":"","background-image":"","background-repeat":"repeat","background-position":"center center","background-size":"auto","background-attachment":"scroll","background-type":"","background-media":"","overlay-type":"","overlay-color":"","overlay-opacity":"","overlay-gradient":""}},"ast-content-background-meta":{"desktop":{"background-color":"var(--ast-global-color-5)","background-image":"","background-repeat":"repeat","background-position":"center center","background-size":"auto","background-attachment":"scroll","background-type":"","background-media":"","overlay-type":"","overlay-color":"","overlay-opacity":"","overlay-gradient":""},"tablet":{"background-color":"var(--ast-global-color-5)","background-image":"","background-repeat":"repeat","background-position":"center center","background-size":"auto","background-attachment":"scroll","background-type":"","background-media":"","overlay-type":"","overlay-color":"","overlay-opacity":"","overlay-gradient":""},"mobile":{"background-color":"var(--ast-global-color-5)","background-image":"","background-repeat":"repeat","background-position":"center center","background-size":"auto","background-attachment":"scroll","background-type":"","background-media":"","overlay-type":"","overlay-color":"","overlay-opacity":"","overlay-gradient":""}}},"product_brand":[],"product_cat":[724],"product_tag":[1005,1017,1015,1012,1018,1016,1019,1014,1020,1013],"class_list":{"0":"post-2226","1":"product","2":"type-product","3":"status-publish","4":"has-post-thumbnail","6":"product_cat-grinding-machine","7":"product_tag-6-inch-wafer-grinding","8":"product_tag-czt-grinding-machine","9":"product_tag-double-side-polishing-machine","10":"product_tag-double-side-wafer-grinding-machine","11":"product_tag-gaas-wafer-polishing","12":"product_tag-planetary-lapping-system","13":"product_tag-precision-wafer-lapping","14":"product_tag-semiconductor-grinding-equipment","15":"product_tag-semiconductor-surface-grinding","16":"product_tag-wafer-lapping-machine","17":"desktop-align-left","18":"tablet-align-left","19":"mobile-align-left","20":"ast-product-gallery-layout-horizontal-slider","21":"ast-product-tabs-layout-horizontal","23":"first","24":"instock","25":"shipping-taxable","26":"product-type-simple"},"_links":{"self":[{"href":"https:\/\/www.zmsh-semitech.com\/pl\/wp-json\/wp\/v2\/product\/2226","targetHints":{"allow":["GET"]}}],"collection":[{"href":"https:\/\/www.zmsh-semitech.com\/pl\/wp-json\/wp\/v2\/product"}],"about":[{"href":"https:\/\/www.zmsh-semitech.com\/pl\/wp-json\/wp\/v2\/types\/product"}],"replies":[{"embeddable":true,"href":"https:\/\/www.zmsh-semitech.com\/pl\/wp-json\/wp\/v2\/comments?post=2226"}],"version-history":[{"count":5,"href":"https:\/\/www.zmsh-semitech.com\/pl\/wp-json\/wp\/v2\/product\/2226\/revisions"}],"predecessor-version":[{"id":2233,"href":"https:\/\/www.zmsh-semitech.com\/pl\/wp-json\/wp\/v2\/product\/2226\/revisions\/2233"}],"wp:featuredmedia":[{"embeddable":true,"href":"https:\/\/www.zmsh-semitech.com\/pl\/wp-json\/wp\/v2\/media\/2229"}],"wp:attachment":[{"href":"https:\/\/www.zmsh-semitech.com\/pl\/wp-json\/wp\/v2\/media?parent=2226"}],"wp:term":[{"taxonomy":"product_brand","embeddable":true,"href":"https:\/\/www.zmsh-semitech.com\/pl\/wp-json\/wp\/v2\/product_brand?post=2226"},{"taxonomy":"product_cat","embeddable":true,"href":"https:\/\/www.zmsh-semitech.com\/pl\/wp-json\/wp\/v2\/product_cat?post=2226"},{"taxonomy":"product_tag","embeddable":true,"href":"https:\/\/www.zmsh-semitech.com\/pl\/wp-json\/wp\/v2\/product_tag?post=2226"}],"curies":[{"name":"wp","href":"https:\/\/api.w.org\/{rel}","templated":true}]}}