{"id":2196,"date":"2026-04-14T06:34:45","date_gmt":"2026-04-14T06:34:45","guid":{"rendered":"https:\/\/www.zmsh-semitech.com\/?post_type=product&#038;p=2196"},"modified":"2026-04-14T06:34:48","modified_gmt":"2026-04-14T06:34:48","slug":"2-inch-6h-n-silicon-carbide-wafer","status":"publish","type":"product","link":"https:\/\/www.zmsh-semitech.com\/pl\/product\/2-inch-6h-n-silicon-carbide-wafer\/","title":{"rendered":"2-calowy wafel z w\u0119glika krzemu 6H-N"},"content":{"rendered":"<p data-start=\"963\" data-end=\"1235\"><img fetchpriority=\"high\" decoding=\"async\" class=\"alignright wp-image-2200 size-medium\" src=\"https:\/\/www.zmsh-semitech.com\/wp-content\/uploads\/2026\/04\/2-Inch-6H-N-Silicon-Carbide-Wafer-4-300x300.jpg\" alt=\"2-calowy wafel z w\u0119glika krzemu 6H-N\" width=\"300\" height=\"300\" srcset=\"https:\/\/www.zmsh-semitech.com\/wp-content\/uploads\/2026\/04\/2-Inch-6H-N-Silicon-Carbide-Wafer-4-300x300.jpg 300w, https:\/\/www.zmsh-semitech.com\/wp-content\/uploads\/2026\/04\/2-Inch-6H-N-Silicon-Carbide-Wafer-4-150x150.jpg 150w, https:\/\/www.zmsh-semitech.com\/wp-content\/uploads\/2026\/04\/2-Inch-6H-N-Silicon-Carbide-Wafer-4-12x12.jpg 12w, https:\/\/www.zmsh-semitech.com\/wp-content\/uploads\/2026\/04\/2-Inch-6H-N-Silicon-Carbide-Wafer-4-600x600.jpg 600w, https:\/\/www.zmsh-semitech.com\/wp-content\/uploads\/2026\/04\/2-Inch-6H-N-Silicon-Carbide-Wafer-4-100x100.jpg 100w, https:\/\/www.zmsh-semitech.com\/wp-content\/uploads\/2026\/04\/2-Inch-6H-N-Silicon-Carbide-Wafer-4.jpg 768w\" sizes=\"(max-width: 300px) 100vw, 300px\" \/>2-calowy wafel z w\u0119glika krzemu 6H-N to monokrystaliczne pod\u0142o\u017ce zaprojektowane zar\u00f3wno do bada\u0144, jak i zastosowa\u0144 na poziomie urz\u0105dze\u0144. Polipropylen 6H charakteryzuje si\u0119 heksagonaln\u0105 struktur\u0105 krystaliczn\u0105, kt\u00f3ra zapewnia stabiln\u0105 przewodno\u015b\u0107 elektryczn\u0105 i dobr\u0105 wydajno\u015b\u0107 termiczn\u0105 w wymagaj\u0105cych warunkach.<\/p>\n<p data-start=\"1237\" data-end=\"1566\">Dzi\u0119ki pa\u015bmie przenoszenia wynosz\u0105cemu oko\u0142o 3,02 eV, 6H-SiC umo\u017cliwia prac\u0119 w \u015brodowiskach, w kt\u00f3rych tradycyjne materia\u0142y krzemowe zawodz\u0105, szczeg\u00f3lnie w warunkach wysokiego napi\u0119cia, wysokiej temperatury i wysokiej cz\u0119stotliwo\u015bci. Dzi\u0119ki temu nadaje si\u0119 do prototypowania urz\u0105dze\u0144 na wczesnym etapie, testowania materia\u0142\u00f3w i produkcji specjalistycznych komponent\u00f3w elektronicznych.<\/p>\n<p data-start=\"1568\" data-end=\"1831\">Wafle ZMSH SiC s\u0105 produkowane przy u\u017cyciu kontrolowanych technik wzrostu kryszta\u0142\u00f3w, aby zapewni\u0107 sta\u0142\u0105 rezystywno\u015b\u0107, nisk\u0105 g\u0119sto\u015b\u0107 defekt\u00f3w i wysok\u0105 jako\u015b\u0107 powierzchni. Parametry te maj\u0105 kluczowe znaczenie dla zapewnienia powtarzalnych wynik\u00f3w eksperymentalnych i stabilnej wydajno\u015bci urz\u0105dzenia.<\/p>\n<h2 data-section-id=\"1ma7m6t\" data-start=\"1838\" data-end=\"1853\">Kluczowe cechy<\/h2>\n<h3 data-section-id=\"vnr6ly\" data-start=\"1855\" data-end=\"1886\">Struktura przewodz\u0105ca typu N<\/h3>\n<p data-start=\"1887\" data-end=\"2053\">Wafel jest domieszkowany jako typ N, zapewniaj\u0105c stabilne \u015bcie\u017cki przewodzenia elektron\u00f3w odpowiednie do produkcji urz\u0105dze\u0144 p\u00f3\u0142przewodnikowych i eksperyment\u00f3w z charakterystyk\u0105 elektryczn\u0105.<\/p>\n<h3 data-section-id=\"11p7cxy\" data-start=\"2055\" data-end=\"2094\">Materia\u0142 p\u00f3\u0142przewodnikowy o szerokim pa\u015bmie przenoszenia<\/h3>\n<p data-start=\"2095\" data-end=\"2265\">Z przerw\u0105 pasmow\u0105 ~3,02 eV, SiC obs\u0142uguje znacznie wy\u017csze nat\u0119\u017cenie pola elektrycznego w por\u00f3wnaniu do krzemu, umo\u017cliwiaj\u0105c prac\u0119 przy wysokim napi\u0119ciu i lepsz\u0105 wydajno\u015b\u0107 urz\u0105dzenia.<\/p>\n<h3 data-section-id=\"e3yx30\" data-start=\"2267\" data-end=\"2296\">Wysoka przewodno\u015b\u0107 cieplna<\/h3>\n<p data-start=\"2297\" data-end=\"2499\">SiC wykazuje doskona\u0142\u0105 przewodno\u015b\u0107 ciepln\u0105, umo\u017cliwiaj\u0105c skuteczne odprowadzanie ciep\u0142a z aktywnych obszar\u00f3w urz\u0105dzenia. Poprawia to niezawodno\u015b\u0107 urz\u0105dzenia i wyd\u0142u\u017ca \u017cywotno\u015b\u0107 operacyjn\u0105 w aplikacjach o du\u017cej mocy.<\/p>\n<h3 data-section-id=\"1wy3za\" data-start=\"2501\" data-end=\"2529\">Wysoka wytrzyma\u0142o\u015b\u0107 mechaniczna<\/h3>\n<p data-start=\"2530\" data-end=\"2685\">Dzi\u0119ki twardo\u015bci w skali Mohsa wynosz\u0105cej oko\u0142o 9,2, p\u0142ytki SiC oferuj\u0105 du\u017c\u0105 odporno\u015b\u0107 na uszkodzenia mechaniczne, zu\u017cycie powierzchni i napr\u0119\u017cenia powstaj\u0105ce podczas obr\u00f3bki.<\/p>\n<h3 data-section-id=\"1q1cz8k\" data-start=\"2687\" data-end=\"2720\">Wysokie zanikaj\u0105ce pole elektryczne<\/h3>\n<p data-start=\"2721\" data-end=\"2879\">Wysokie nat\u0119\u017cenie pola przebicia umo\u017cliwia kompaktowe konstrukcje urz\u0105dze\u0144 przy zachowaniu wysokiej tolerancji napi\u0119cia, dzi\u0119ki czemu SiC jest idealny do zaawansowanej elektroniki mocy.<\/p>\n<h2 data-section-id=\"1cgu054\" data-start=\"2886\" data-end=\"2913\">Specyfikacja techniczna<\/h2>\n<div class=\"TyagGW_tableContainer\">\n<div class=\"group TyagGW_tableWrapper flex flex-col-reverse w-fit\" tabindex=\"-1\">\n<table class=\"w-fit min-w-(--thread-content-width)\" data-start=\"2915\" data-end=\"3396\">\n<thead data-start=\"2915\" data-end=\"2944\">\n<tr data-start=\"2915\" data-end=\"2944\">\n<th class=\"\" data-start=\"2915\" data-end=\"2927\" data-col-size=\"sm\">Parametr<\/th>\n<th class=\"\" data-start=\"2927\" data-end=\"2944\" data-col-size=\"sm\">Specyfikacja<\/th>\n<\/tr>\n<\/thead>\n<tbody data-start=\"2974\" data-end=\"3396\">\n<tr data-start=\"2974\" data-end=\"3019\">\n<td data-start=\"2974\" data-end=\"2985\" data-col-size=\"sm\">Materia\u0142<\/td>\n<td data-start=\"2985\" data-end=\"3019\" data-col-size=\"sm\">Pojedynczy kryszta\u0142 w\u0119glika krzemu<\/td>\n<\/tr>\n<tr data-start=\"3020\" data-end=\"3036\">\n<td data-start=\"3020\" data-end=\"3028\" data-col-size=\"sm\">Marka<\/td>\n<td data-col-size=\"sm\" data-start=\"3028\" data-end=\"3036\">ZMSH<\/td>\n<\/tr>\n<tr data-start=\"3037\" data-end=\"3056\">\n<td data-start=\"3037\" data-end=\"3048\" data-col-size=\"sm\">Polytype<\/td>\n<td data-start=\"3048\" data-end=\"3056\" data-col-size=\"sm\">6H-N<\/td>\n<\/tr>\n<tr data-start=\"3057\" data-end=\"3088\">\n<td data-start=\"3057\" data-end=\"3068\" data-col-size=\"sm\">\u015arednica<\/td>\n<td data-start=\"3068\" data-end=\"3088\" data-col-size=\"sm\">2 cale (50,8 mm)<\/td>\n<\/tr>\n<tr data-start=\"3089\" data-end=\"3120\">\n<td data-start=\"3089\" data-end=\"3101\" data-col-size=\"sm\">Grubo\u015b\u0107<\/td>\n<td data-col-size=\"sm\" data-start=\"3101\" data-end=\"3120\">350 \u03bcm \/ 650 \u03bcm<\/td>\n<\/tr>\n<tr data-start=\"3121\" data-end=\"3151\">\n<td data-start=\"3121\" data-end=\"3141\" data-col-size=\"sm\">Typ przewodno\u015bci<\/td>\n<td data-start=\"3141\" data-end=\"3151\" data-col-size=\"sm\">Typ N<\/td>\n<\/tr>\n<tr data-start=\"3152\" data-end=\"3193\">\n<td data-start=\"3152\" data-end=\"3169\" data-col-size=\"sm\">Wyko\u0144czenie powierzchni<\/td>\n<td data-start=\"3169\" data-end=\"3193\" data-col-size=\"sm\">CMP Polerowana powierzchnia Si<\/td>\n<\/tr>\n<tr data-start=\"3194\" data-end=\"3236\">\n<td data-start=\"3194\" data-end=\"3213\" data-col-size=\"sm\">Leczenie twarzy typu C<\/td>\n<td data-col-size=\"sm\" data-start=\"3213\" data-end=\"3236\">Polerowane mechanicznie<\/td>\n<\/tr>\n<tr data-start=\"3237\" data-end=\"3282\">\n<td data-start=\"3237\" data-end=\"3257\" data-col-size=\"sm\">Chropowato\u015b\u0107 powierzchni<\/td>\n<td data-start=\"3257\" data-end=\"3282\" data-col-size=\"sm\">Ra &lt; 0,2 nm (powierzchnia Si)<\/td>\n<\/tr>\n<tr data-start=\"3283\" data-end=\"3319\">\n<td data-start=\"3283\" data-end=\"3297\" data-col-size=\"sm\">Rezystywno\u015b\u0107<\/td>\n<td data-start=\"3297\" data-end=\"3319\" data-col-size=\"sm\">0,015 - 0,028 \u03a9-cm<\/td>\n<\/tr>\n<tr data-start=\"3320\" data-end=\"3357\">\n<td data-start=\"3320\" data-end=\"3328\" data-col-size=\"sm\">Kolor<\/td>\n<td data-start=\"3328\" data-end=\"3357\" data-col-size=\"sm\">Przezroczysty \/ Jasnozielony<\/td>\n<\/tr>\n<tr data-start=\"3358\" data-end=\"3396\">\n<td data-start=\"3358\" data-end=\"3370\" data-col-size=\"sm\">Opakowanie<\/td>\n<td data-col-size=\"sm\" data-start=\"3370\" data-end=\"3396\">Pojedynczy pojemnik na wafle<\/td>\n<\/tr>\n<\/tbody>\n<\/table>\n<\/div>\n<\/div>\n<h2 data-section-id=\"1n7fwp8\" data-start=\"3403\" data-end=\"3435\">W\u0142a\u015bciwo\u015bci materia\u0142u 6H-SiC<\/h2>\n<div class=\"TyagGW_tableContainer\">\n<div class=\"group TyagGW_tableWrapper flex flex-col-reverse w-fit\" tabindex=\"-1\">\n<table class=\"w-fit min-w-(--thread-content-width)\" data-start=\"3437\" data-end=\"3869\">\n<thead data-start=\"3437\" data-end=\"3457\">\n<tr data-start=\"3437\" data-end=\"3457\">\n<th class=\"\" data-start=\"3437\" data-end=\"3448\" data-col-size=\"sm\">Nieruchomo\u015b\u0107<\/th>\n<th class=\"\" data-start=\"3448\" data-end=\"3457\" data-col-size=\"sm\">Warto\u015b\u0107<\/th>\n<\/tr>\n<\/thead>\n<tbody data-start=\"3478\" data-end=\"3869\">\n<tr data-start=\"3478\" data-end=\"3528\">\n<td data-start=\"3478\" data-end=\"3499\" data-col-size=\"sm\">Parametry sieci<\/td>\n<td data-col-size=\"sm\" data-start=\"3499\" data-end=\"3528\">a = 3,073 \u00c5, c = 15,117 \u00c5<\/td>\n<\/tr>\n<tr data-start=\"3529\" data-end=\"3554\">\n<td data-start=\"3529\" data-end=\"3545\" data-col-size=\"sm\">Twardo\u015b\u0107 w skali Mohsa<\/td>\n<td data-start=\"3545\" data-end=\"3554\" data-col-size=\"sm\">\u2248 9.2<\/td>\n<\/tr>\n<tr data-start=\"3555\" data-end=\"3579\">\n<td data-start=\"3555\" data-end=\"3565\" data-col-size=\"sm\">G\u0119sto\u015b\u0107<\/td>\n<td data-start=\"3565\" data-end=\"3579\" data-col-size=\"sm\">3,21 g\/cm\u00b3<\/td>\n<\/tr>\n<tr data-start=\"3580\" data-end=\"3628\">\n<td data-start=\"3580\" data-end=\"3612\" data-col-size=\"sm\">Wsp\u00f3\u0142czynnik rozszerzalno\u015bci cieplnej<\/td>\n<td data-col-size=\"sm\" data-start=\"3612\" data-end=\"3628\">4-5 \u00d710-\u2076 \/K<\/td>\n<\/tr>\n<tr data-start=\"3629\" data-end=\"3681\">\n<td data-start=\"3629\" data-end=\"3657\" data-col-size=\"sm\">Wsp\u00f3\u0142czynnik za\u0142amania \u015bwiat\u0142a (750 nm)<\/td>\n<td data-col-size=\"sm\" data-start=\"3657\" data-end=\"3681\">n\u2080 = 2,60, n\u2091 = 2,65<\/td>\n<\/tr>\n<tr data-start=\"3682\" data-end=\"3714\">\n<td data-start=\"3682\" data-end=\"3704\" data-col-size=\"sm\">Sta\u0142a dielektryczna<\/td>\n<td data-col-size=\"sm\" data-start=\"3704\" data-end=\"3714\">\u2248 9.66<\/td>\n<\/tr>\n<tr data-start=\"3715\" data-end=\"3757\">\n<td data-start=\"3715\" data-end=\"3738\" data-col-size=\"sm\">Przewodno\u015b\u0107 cieplna<\/td>\n<td data-col-size=\"sm\" data-start=\"3738\" data-end=\"3757\">~3,7-3,9 W\/cm-K<\/td>\n<\/tr>\n<tr data-start=\"3758\" data-end=\"3779\">\n<td data-start=\"3758\" data-end=\"3768\" data-col-size=\"sm\">Pasmo przenoszenia<\/td>\n<td data-col-size=\"sm\" data-start=\"3768\" data-end=\"3779\">3,02 eV<\/td>\n<\/tr>\n<tr data-start=\"3780\" data-end=\"3824\">\n<td data-start=\"3780\" data-end=\"3807\" data-col-size=\"sm\">Za\u0142amanie pola elektrycznego<\/td>\n<td data-start=\"3807\" data-end=\"3824\" data-col-size=\"sm\">3-5 \u00d710\u2076 V\/cm<\/td>\n<\/tr>\n<tr data-start=\"3825\" data-end=\"3869\">\n<td data-start=\"3825\" data-end=\"3853\" data-col-size=\"sm\">Pr\u0119dko\u015b\u0107 dryfu nasycenia<\/td>\n<td data-start=\"3853\" data-end=\"3869\" data-col-size=\"sm\">2,0 \u00d710\u2075 m\/s<\/td>\n<\/tr>\n<\/tbody>\n<\/table>\n<\/div>\n<\/div>\n<p data-start=\"3871\" data-end=\"4019\">Te wewn\u0119trzne w\u0142a\u015bciwo\u015bci fizyczne sprawiaj\u0105, \u017ce 6H-SiC nadaje si\u0119 do zastosowa\u0144 wymagaj\u0105cych stabilnej wydajno\u015bci w ekstremalnych warunkach elektrycznych i termicznych.<\/p>\n<h2 data-section-id=\"2gad1q\" data-start=\"4026\" data-end=\"4050\"><img decoding=\"async\" class=\"alignright wp-image-2199 size-medium\" src=\"https:\/\/www.zmsh-semitech.com\/wp-content\/uploads\/2026\/04\/2-Inch-6H-N-Silicon-Carbide-Wafer-3-300x300.jpg\" alt=\"2-calowy wafel z w\u0119glika krzemu 6H-N\" width=\"300\" height=\"300\" srcset=\"https:\/\/www.zmsh-semitech.com\/wp-content\/uploads\/2026\/04\/2-Inch-6H-N-Silicon-Carbide-Wafer-3-300x300.jpg 300w, https:\/\/www.zmsh-semitech.com\/wp-content\/uploads\/2026\/04\/2-Inch-6H-N-Silicon-Carbide-Wafer-3-150x150.jpg 150w, https:\/\/www.zmsh-semitech.com\/wp-content\/uploads\/2026\/04\/2-Inch-6H-N-Silicon-Carbide-Wafer-3-12x12.jpg 12w, https:\/\/www.zmsh-semitech.com\/wp-content\/uploads\/2026\/04\/2-Inch-6H-N-Silicon-Carbide-Wafer-3-600x600.jpg 600w, https:\/\/www.zmsh-semitech.com\/wp-content\/uploads\/2026\/04\/2-Inch-6H-N-Silicon-Carbide-Wafer-3-100x100.jpg 100w, https:\/\/www.zmsh-semitech.com\/wp-content\/uploads\/2026\/04\/2-Inch-6H-N-Silicon-Carbide-Wafer-3.jpg 768w\" sizes=\"(max-width: 300px) 100vw, 300px\" \/>Proces produkcji<\/h2>\n<p data-start=\"4052\" data-end=\"4228\">Wafle monokrystaliczne SiC s\u0105 zazwyczaj produkowane przy u\u017cyciu <strong data-start=\"4111\" data-end=\"4152\">Metoda fizycznego transportu pary (PVT)<\/strong>, Jest to dojrza\u0142y proces przemys\u0142owy do wzrostu kryszta\u0142\u00f3w p\u00f3\u0142przewodnik\u00f3w o szerokim pa\u015bmie wzbronionym.<\/p>\n<p data-start=\"4230\" data-end=\"4588\">W tym procesie materia\u0142 \u017ar\u00f3d\u0142owy SiC o wysokiej czysto\u015bci jest sublimowany w temperaturze powy\u017cej 2000\u00b0C. Pary s\u0105 transportowane przez dok\u0142adnie kontrolowany gradient termiczny i rekrystalizowane na krysztale zal\u0105\u017ckowym, tworz\u0105c wlewk\u0119 monokrystaliczn\u0105 (boule). Po wzro\u015bcie, bulle s\u0105 przetwarzane na wafle poprzez krojenie, docieranie, polerowanie i czyszczenie.<\/p>\n<p data-start=\"4590\" data-end=\"4829\">W przypadku zastosowa\u0144 w urz\u0105dzeniach, wafle mog\u0105 by\u0107 poddawane dodatkowym <strong data-start=\"4645\" data-end=\"4697\">Wzrost epitaksjalny metod\u0105 chemicznego osadzania z fazy gazowej (CVD)<\/strong>, co pozwala na precyzyjn\u0105 kontrol\u0119 koncentracji domieszek i grubo\u015bci warstwy. Ten etap jest niezb\u0119dny do produkcji tranzystor\u00f3w MOSFET i diod.<\/p>\n<h2 data-section-id=\"mu966k\" data-start=\"4836\" data-end=\"4851\">Zastosowania<\/h2>\n<h3 data-section-id=\"179s0bs\" data-start=\"4853\" data-end=\"4874\">Elektronika mocy<\/h3>\n<p data-start=\"4875\" data-end=\"5118\">2-calowe p\u0142ytki SiC 6H-N s\u0105 wykorzystywane do opracowywania i prototypowania urz\u0105dze\u0144 p\u00f3\u0142przewodnikowych mocy, w tym diod, struktur MOSFET i modu\u0142\u00f3w mocy. Urz\u0105dzenia te s\u0105 niezb\u0119dne w systemach konwersji energii i obwodach zarz\u0105dzania energi\u0105.<\/p>\n<h3 data-section-id=\"1nehkbc\" data-start=\"5120\" data-end=\"5152\">Elektronika wysokotemperaturowa<\/h3>\n<p data-start=\"5153\" data-end=\"5350\">Materia\u0142y SiC zachowuj\u0105 stabiln\u0105 wydajno\u015b\u0107 elektryczn\u0105 w podwy\u017cszonych temperaturach, dzi\u0119ki czemu nadaj\u0105 si\u0119 do elektroniki lotniczej, przemys\u0142owych system\u00f3w monitorowania i zastosowa\u0144 w infrastrukturze energetycznej.<\/p>\n<h3 data-section-id=\"1a4n6oc\" data-start=\"5352\" data-end=\"5394\">Badania i rozw\u00f3j p\u00f3\u0142przewodnik\u00f3w<\/h3>\n<p data-start=\"5395\" data-end=\"5606\">Ze wzgl\u0119du na ich dost\u0119pno\u015b\u0107 i op\u0142acalno\u015b\u0107, 2-calowe wafle s\u0105 szeroko stosowane w laboratoriach uniwersyteckich, instytutach badawczych i pilota\u017cowych \u015brodowiskach produkcyjnych do bada\u0144 materia\u0142owych i eksperyment\u00f3w na urz\u0105dzeniach.<\/p>\n<h3 data-section-id=\"ll3d0j\" data-start=\"5608\" data-end=\"5651\">Optoelektronika i zastosowania specjalne<\/h3>\n<p data-start=\"5652\" data-end=\"5803\">SiC wykazuje r\u00f3wnie\u017c przezroczysto\u015b\u0107 optyczn\u0105 w pewnych zakresach d\u0142ugo\u015bci fal, co pozwala na jego wykorzystanie w specjalistycznych badaniach fotonicznych i optoelektronicznych.<\/p>\n<h2 data-section-id=\"1344z7h\" data-start=\"5810\" data-end=\"5823\">Zalety<img decoding=\"async\" class=\"alignright wp-image-2198 size-medium\" src=\"https:\/\/www.zmsh-semitech.com\/wp-content\/uploads\/2026\/04\/2-Inch-6H-N-Silicon-Carbide-Wafer-2-300x300.jpg\" alt=\"2-calowy wafel z w\u0119glika krzemu 6H-N\" width=\"300\" height=\"300\" srcset=\"https:\/\/www.zmsh-semitech.com\/wp-content\/uploads\/2026\/04\/2-Inch-6H-N-Silicon-Carbide-Wafer-2-300x300.jpg 300w, https:\/\/www.zmsh-semitech.com\/wp-content\/uploads\/2026\/04\/2-Inch-6H-N-Silicon-Carbide-Wafer-2-150x150.jpg 150w, https:\/\/www.zmsh-semitech.com\/wp-content\/uploads\/2026\/04\/2-Inch-6H-N-Silicon-Carbide-Wafer-2-12x12.jpg 12w, https:\/\/www.zmsh-semitech.com\/wp-content\/uploads\/2026\/04\/2-Inch-6H-N-Silicon-Carbide-Wafer-2-600x600.jpg 600w, https:\/\/www.zmsh-semitech.com\/wp-content\/uploads\/2026\/04\/2-Inch-6H-N-Silicon-Carbide-Wafer-2-100x100.jpg 100w, https:\/\/www.zmsh-semitech.com\/wp-content\/uploads\/2026\/04\/2-Inch-6H-N-Silicon-Carbide-Wafer-2.jpg 680w\" sizes=\"(max-width: 300px) 100vw, 300px\" \/><\/h2>\n<p data-start=\"5825\" data-end=\"5912\">2-calowa platforma wafli SiC zapewnia szereg korzy\u015bci dla bada\u0144 i rozwoju:<\/p>\n<ul data-start=\"5914\" data-end=\"6173\">\n<li data-section-id=\"1yf7wqu\" data-start=\"5914\" data-end=\"5959\">Ni\u017cszy koszt w por\u00f3wnaniu z wi\u0119kszymi rozmiarami p\u0142ytek<\/li>\n<li data-section-id=\"11d9i41\" data-start=\"5960\" data-end=\"6012\">\u0141atwiejsza obs\u0142uga w eksperymentach laboratoryjnych<\/li>\n<li data-section-id=\"14o6up\" data-start=\"6013\" data-end=\"6067\">Nadaje si\u0119 do szybkiego prototypowania i testowania proces\u00f3w<\/li>\n<li data-section-id=\"hisoip\" data-start=\"6068\" data-end=\"6119\">Stabilna jako\u015b\u0107 kryszta\u0142\u00f3w dla powtarzalnych wynik\u00f3w<\/li>\n<li data-section-id=\"15p5ai3\" data-start=\"6120\" data-end=\"6173\">Elastyczne opcje dostosowywania do potrzeb badawczych<\/li>\n<\/ul>\n<h2 data-section-id=\"1hryhf7\" data-start=\"6180\" data-end=\"6186\">FAQ<\/h2>\n<h3 data-section-id=\"15ecyhq\" data-start=\"6188\" data-end=\"6245\">P1: Jaka jest r\u00f3\u017cnica mi\u0119dzy 6H-SiC a 4H-SiC?<\/h3>\n<p data-start=\"6246\" data-end=\"6513\">6H-SiC i 4H-SiC to r\u00f3\u017cne rodzaje kryszta\u0142\u00f3w. 4H-SiC generalnie oferuje wy\u017csz\u0105 mobilno\u015b\u0107 elektron\u00f3w i jest szeroko stosowany w komercyjnych urz\u0105dzeniach zasilaj\u0105cych, podczas gdy 6H-SiC zapewnia stabilne zachowanie elektryczne i jest powszechnie stosowany w badaniach i specyficznych zastosowaniach elektronicznych.<\/p>\n<h3 data-section-id=\"12y4qe9\" data-start=\"6515\" data-end=\"6570\">P2: Jaka obr\u00f3bka powierzchni jest stosowana na waflu?<\/h3>\n<p data-start=\"6571\" data-end=\"6773\">Powierzchnia Si jest polerowana za pomoc\u0105 chemicznego polerowania mechanicznego (CMP) w celu uzyskania bardzo g\u0142adkiej powierzchni (Ra &lt; 0,2 nm). Powierzchnia C jest polerowana mechanicznie, aby spe\u0142ni\u0107 r\u00f3\u017cne wymagania przetwarzania.<\/p>\n<h3 data-section-id=\"kxekf6\" data-start=\"6775\" data-end=\"6822\">P3: Czy specyfikacje p\u0142ytek mo\u017cna dostosowa\u0107?<\/h3>\n<p data-start=\"6823\" data-end=\"6985\">Tak. ZMSH zapewnia opcje dostosowywania, w tym grubo\u015b\u0107, st\u0119\u017cenie domieszkowania, zakres rezystywno\u015bci i przygotowanie powierzchni zgodnie z wymaganiami klienta.<\/p>","protected":false},"excerpt":{"rendered":"<p>ZMSH dostarcza wysokiej jako\u015bci 2-calowe p\u0142ytki 6H-N z w\u0119glika krzemu (SiC) przeznaczone do bada\u0144 p\u00f3\u0142przewodnikowych, rozwoju elektroniki mocy i produkcji wysokowydajnych urz\u0105dze\u0144 elektronicznych. W\u0119glik krzemu jest materia\u0142em p\u00f3\u0142przewodnikowym o szerokim pa\u015bmie przenoszenia, kt\u00f3ry oferuje doskona\u0142e w\u0142a\u015bciwo\u015bci elektryczne, termiczne i mechaniczne w por\u00f3wnaniu z konwencjonalnymi pod\u0142o\u017cami krzemowymi (Si).<\/p>","protected":false},"featured_media":2197,"comment_status":"open","ping_status":"closed","template":"","meta":{"site-sidebar-layout":"default","site-content-layout":"","ast-site-content-layout":"default","site-content-style":"default","site-sidebar-style":"default","ast-global-header-display":"","ast-banner-title-visibility":"","ast-main-header-display":"","ast-hfb-above-header-display":"","ast-hfb-below-header-display":"","ast-hfb-mobile-header-display":"","site-post-title":"","ast-breadcrumbs-content":"","ast-featured-img":"","footer-sml-layout":"","ast-disable-related-posts":"","theme-transparent-header-meta":"default","adv-header-id-meta":"","stick-header-meta":"default","header-above-stick-meta":"","header-main-stick-meta":"","header-below-stick-meta":"","astra-migrate-meta-layouts":"set","ast-page-background-enabled":"default","ast-page-background-meta":{"desktop":{"background-color":"var(--ast-global-color-4)","background-image":"","background-repeat":"repeat","background-position":"center center","background-size":"auto","background-attachment":"scroll","background-type":"","background-media":"","overlay-type":"","overlay-color":"","overlay-opacity":"","overlay-gradient":""},"tablet":{"background-color":"","background-image":"","background-repeat":"repeat","background-position":"center center","background-size":"auto","background-attachment":"scroll","background-type":"","background-media":"","overlay-type":"","overlay-color":"","overlay-opacity":"","overlay-gradient":""},"mobile":{"background-color":"","background-image":"","background-repeat":"repeat","background-position":"center center","background-size":"auto","background-attachment":"scroll","background-type":"","background-media":"","overlay-type":"","overlay-color":"","overlay-opacity":"","overlay-gradient":""}},"ast-content-background-meta":{"desktop":{"background-color":"var(--ast-global-color-5)","background-image":"","background-repeat":"repeat","background-position":"center center","background-size":"auto","background-attachment":"scroll","background-type":"","background-media":"","overlay-type":"","overlay-color":"","overlay-opacity":"","overlay-gradient":""},"tablet":{"background-color":"var(--ast-global-color-5)","background-image":"","background-repeat":"repeat","background-position":"center center","background-size":"auto","background-attachment":"scroll","background-type":"","background-media":"","overlay-type":"","overlay-color":"","overlay-opacity":"","overlay-gradient":""},"mobile":{"background-color":"var(--ast-global-color-5)","background-image":"","background-repeat":"repeat","background-position":"center center","background-size":"auto","background-attachment":"scroll","background-type":"","background-media":"","overlay-type":"","overlay-color":"","overlay-opacity":"","overlay-gradient":""}}},"product_brand":[],"product_cat":[729],"product_tag":[966,970,971,967,969,931,972,968,951,950,927,692,973],"class_list":{"0":"post-2196","1":"product","2":"type-product","3":"status-publish","4":"has-post-thumbnail","6":"product_cat-wafer","7":"product_tag-2-inch-sic-wafer","8":"product_tag-350m-sic-wafer","9":"product_tag-650m-sic-wafer","10":"product_tag-6h-n-sic-substrate","11":"product_tag-cmp-polished-sic-wafer","12":"product_tag-n-type-sic-wafer","13":"product_tag-power-electronics-substrate","14":"product_tag-sic-single-crystal-wafer","15":"product_tag-sic-wafer-manufacturer","16":"product_tag-sic-wafer-supplier","17":"product_tag-silicon-carbide-wafer","18":"product_tag-wide-bandgap-semiconductor","19":"product_tag-zmsh-sic-wafer","20":"desktop-align-left","21":"tablet-align-left","22":"mobile-align-left","23":"ast-product-gallery-layout-horizontal-slider","24":"ast-product-tabs-layout-horizontal","26":"first","27":"instock","28":"shipping-taxable","29":"product-type-simple"},"_links":{"self":[{"href":"https:\/\/www.zmsh-semitech.com\/pl\/wp-json\/wp\/v2\/product\/2196","targetHints":{"allow":["GET"]}}],"collection":[{"href":"https:\/\/www.zmsh-semitech.com\/pl\/wp-json\/wp\/v2\/product"}],"about":[{"href":"https:\/\/www.zmsh-semitech.com\/pl\/wp-json\/wp\/v2\/types\/product"}],"replies":[{"embeddable":true,"href":"https:\/\/www.zmsh-semitech.com\/pl\/wp-json\/wp\/v2\/comments?post=2196"}],"version-history":[{"count":2,"href":"https:\/\/www.zmsh-semitech.com\/pl\/wp-json\/wp\/v2\/product\/2196\/revisions"}],"predecessor-version":[{"id":2202,"href":"https:\/\/www.zmsh-semitech.com\/pl\/wp-json\/wp\/v2\/product\/2196\/revisions\/2202"}],"wp:featuredmedia":[{"embeddable":true,"href":"https:\/\/www.zmsh-semitech.com\/pl\/wp-json\/wp\/v2\/media\/2197"}],"wp:attachment":[{"href":"https:\/\/www.zmsh-semitech.com\/pl\/wp-json\/wp\/v2\/media?parent=2196"}],"wp:term":[{"taxonomy":"product_brand","embeddable":true,"href":"https:\/\/www.zmsh-semitech.com\/pl\/wp-json\/wp\/v2\/product_brand?post=2196"},{"taxonomy":"product_cat","embeddable":true,"href":"https:\/\/www.zmsh-semitech.com\/pl\/wp-json\/wp\/v2\/product_cat?post=2196"},{"taxonomy":"product_tag","embeddable":true,"href":"https:\/\/www.zmsh-semitech.com\/pl\/wp-json\/wp\/v2\/product_tag?post=2196"}],"curies":[{"name":"wp","href":"https:\/\/api.w.org\/{rel}","templated":true}]}}