{"id":2183,"date":"2026-04-14T05:20:25","date_gmt":"2026-04-14T05:20:25","guid":{"rendered":"https:\/\/www.zmsh-semitech.com\/?post_type=product&#038;p=2183"},"modified":"2026-04-14T05:20:28","modified_gmt":"2026-04-14T05:20:28","slug":"8-inch-sic-epitaxial-wafer","status":"publish","type":"product","link":"https:\/\/www.zmsh-semitech.com\/pl\/product\/8-inch-sic-epitaxial-wafer\/","title":{"rendered":"Wafel epitaksjalny SiC 8 cali 200 mm"},"content":{"rendered":"<p data-start=\"199\" data-end=\"476\"><img fetchpriority=\"high\" decoding=\"async\" class=\"alignright wp-image-2187 size-medium\" src=\"https:\/\/www.zmsh-semitech.com\/wp-content\/uploads\/2026\/04\/8_inch_sic_epitaxial_wafers_yield_and_efficiency_scalable_power_electronics-1-300x300.webp\" alt=\"Wafel epitaksjalny SiC 8 cali 200 mm\" width=\"300\" height=\"300\" srcset=\"https:\/\/www.zmsh-semitech.com\/wp-content\/uploads\/2026\/04\/8_inch_sic_epitaxial_wafers_yield_and_efficiency_scalable_power_electronics-1-300x300.webp 300w, https:\/\/www.zmsh-semitech.com\/wp-content\/uploads\/2026\/04\/8_inch_sic_epitaxial_wafers_yield_and_efficiency_scalable_power_electronics-1-150x150.webp 150w, https:\/\/www.zmsh-semitech.com\/wp-content\/uploads\/2026\/04\/8_inch_sic_epitaxial_wafers_yield_and_efficiency_scalable_power_electronics-1-12x12.webp 12w, https:\/\/www.zmsh-semitech.com\/wp-content\/uploads\/2026\/04\/8_inch_sic_epitaxial_wafers_yield_and_efficiency_scalable_power_electronics-1-100x100.webp 100w, https:\/\/www.zmsh-semitech.com\/wp-content\/uploads\/2026\/04\/8_inch_sic_epitaxial_wafers_yield_and_efficiency_scalable_power_electronics-1.webp 593w\" sizes=\"(max-width: 300px) 100vw, 300px\" \/>8-calowy wafel epitaksjalny SiC reprezentuje najnowszy post\u0119p w technologii p\u00f3\u0142przewodnik\u00f3w o szerokim pa\u015bmie przenoszenia. Zbudowany na 200 mm pod\u0142o\u017cu SiC z wysokiej jako\u015bci warstw\u0105 epitaksjaln\u0105, produkt ten zosta\u0142 zaprojektowany do obs\u0142ugi skalowalnej, wysokowydajnej produkcji urz\u0105dze\u0144 zasilaj\u0105cych.<\/p>\n<p data-start=\"478\" data-end=\"759\">W por\u00f3wnaniu z mniejszymi rozmiarami wafli, 8-calowe wafle SiC znacznie zwi\u0119kszaj\u0105 powierzchni\u0119 u\u017cytkow\u0105, umo\u017cliwiaj\u0105c wy\u017csz\u0105 wydajno\u015b\u0107 urz\u0105dzenia na wafel i zmniejszaj\u0105c koszt na chip. Sprawia to, \u017ce s\u0105 one krytycznym rozwi\u0105zaniem dla bran\u017c przechodz\u0105cych na produkcj\u0119 urz\u0105dze\u0144 zasilaj\u0105cych z w\u0119glika krzemu na du\u017c\u0105 skal\u0119.<\/p>\n<p data-start=\"761\" data-end=\"1105\">Wafle epitaksjalne SiC \u0142\u0105cz\u0105 w sobie wewn\u0119trzne zalety w\u0119glika krzemu, w tym szerokie pasmo przenoszenia, wysokie pole elektryczne przebicia i doskona\u0142\u0105 przewodno\u015b\u0107 ciepln\u0105, z precyzyjnie kontrolowanymi warstwami epitaksjalnymi dostosowanymi do produkcji urz\u0105dze\u0144. Wafle te s\u0105 szeroko stosowane w tranzystorach MOSFET nowej generacji, diodach Schottky'ego i zintegrowanych modu\u0142ach mocy.<\/p>\n<p data-start=\"761\" data-end=\"1105\">\n<h2 data-section-id=\"rkota4\" data-start=\"1112\" data-end=\"1133\">Kluczowe specyfikacje<\/h2>\n<div class=\"TyagGW_tableContainer\">\n<div class=\"group TyagGW_tableWrapper flex flex-col-reverse w-fit\" tabindex=\"-1\">\n<table class=\"w-fit min-w-(--thread-content-width)\" data-start=\"1135\" data-end=\"1545\">\n<thead data-start=\"1135\" data-end=\"1156\">\n<tr data-start=\"1135\" data-end=\"1156\">\n<th class=\"\" data-start=\"1135\" data-end=\"1147\" data-col-size=\"sm\">Parametr<\/th>\n<th class=\"\" data-start=\"1147\" data-end=\"1156\" data-col-size=\"sm\">Warto\u015b\u0107<\/th>\n<\/tr>\n<\/thead>\n<tbody data-start=\"1177\" data-end=\"1545\">\n<tr data-start=\"1177\" data-end=\"1204\">\n<td data-start=\"1177\" data-end=\"1188\" data-col-size=\"sm\">\u015arednica<\/td>\n<td data-col-size=\"sm\" data-start=\"1188\" data-end=\"1204\">200 \u00b1 0,5 mm<\/td>\n<\/tr>\n<tr data-start=\"1205\" data-end=\"1226\">\n<td data-start=\"1205\" data-end=\"1216\" data-col-size=\"sm\">Polytype<\/td>\n<td data-col-size=\"sm\" data-start=\"1216\" data-end=\"1226\">4H-SiC<\/td>\n<\/tr>\n<tr data-start=\"1227\" data-end=\"1257\">\n<td data-start=\"1227\" data-end=\"1247\" data-col-size=\"sm\">Typ przewodno\u015bci<\/td>\n<td data-col-size=\"sm\" data-start=\"1247\" data-end=\"1257\">Typ N<\/td>\n<\/tr>\n<tr data-start=\"1258\" data-end=\"1285\">\n<td data-start=\"1258\" data-end=\"1270\" data-col-size=\"sm\">Grubo\u015b\u0107<\/td>\n<td data-col-size=\"sm\" data-start=\"1270\" data-end=\"1285\">700 \u00b1 50 \u03bcm<\/td>\n<\/tr>\n<tr data-start=\"1286\" data-end=\"1331\">\n<td data-start=\"1286\" data-end=\"1303\" data-col-size=\"sm\">Wyko\u0144czenie powierzchni<\/td>\n<td data-col-size=\"sm\" data-start=\"1303\" data-end=\"1331\">Dwustronnie polerowany CMP<\/td>\n<\/tr>\n<tr data-start=\"1332\" data-end=\"1369\">\n<td data-start=\"1332\" data-end=\"1346\" data-col-size=\"sm\">Orientacja<\/td>\n<td data-col-size=\"sm\" data-start=\"1346\" data-end=\"1369\">4,0\u00b0 poza osi\u0105 \u00b10,5\u00b0<\/td>\n<\/tr>\n<tr data-start=\"1370\" data-end=\"1408\">\n<td data-start=\"1370\" data-end=\"1378\" data-col-size=\"sm\">Wyci\u0119cie<\/td>\n<td data-col-size=\"sm\" data-start=\"1378\" data-end=\"1408\">Standardowa orientacja wyci\u0119cia<\/td>\n<\/tr>\n<tr data-start=\"1409\" data-end=\"1450\">\n<td data-start=\"1409\" data-end=\"1424\" data-col-size=\"sm\">Profil kraw\u0119dzi<\/td>\n<td data-col-size=\"sm\" data-start=\"1424\" data-end=\"1450\">Faza \/ zaokr\u0105glona kraw\u0119d\u017a<\/td>\n<\/tr>\n<tr data-start=\"1451\" data-end=\"1494\">\n<td data-start=\"1451\" data-end=\"1471\" data-col-size=\"sm\">Chropowato\u015b\u0107 powierzchni<\/td>\n<td data-col-size=\"sm\" data-start=\"1471\" data-end=\"1494\">Poziom poni\u017cej nanometra<\/td>\n<\/tr>\n<tr data-start=\"1495\" data-end=\"1545\">\n<td data-start=\"1495\" data-end=\"1507\" data-col-size=\"sm\">Opakowanie<\/td>\n<td data-col-size=\"sm\" data-start=\"1507\" data-end=\"1545\">Kaseta lub pojedynczy pojemnik na wafle<\/td>\n<\/tr>\n<\/tbody>\n<\/table>\n<\/div>\n<\/div>\n<p data-start=\"1547\" data-end=\"1567\">Typowa rezystywno\u015b\u0107:<\/p>\n<ul data-start=\"1568\" data-end=\"1627\">\n<li data-section-id=\"c0wp38\" data-start=\"1568\" data-end=\"1596\">Typ N: 0,015-0,028 \u03a9-cm<\/li>\n<li data-section-id=\"1a616df\" data-start=\"1597\" data-end=\"1627\">P\u00f3\u0142izolacyjne: \u22651E7 \u03a9-cm<\/li>\n<\/ul>\n<p data-start=\"1629\" data-end=\"1646\">Dost\u0119pne stopnie:<\/p>\n<ul data-start=\"1647\" data-end=\"1721\">\n<li data-section-id=\"1kj0dd2\" data-start=\"1647\" data-end=\"1665\">Zerowy stopie\u0144 MPD<\/li>\n<li data-section-id=\"e77vy6\" data-start=\"1666\" data-end=\"1686\">Klasa produkcji<\/li>\n<li data-section-id=\"7brco4\" data-start=\"1687\" data-end=\"1705\">Ocena badawcza<\/li>\n<li data-section-id=\"1czp2d1\" data-start=\"1706\" data-end=\"1721\">Klasa manekina<\/li>\n<\/ul>\n<h2 data-section-id=\"1c4zomd\" data-start=\"1728\" data-end=\"1759\"><img decoding=\"async\" class=\"alignright wp-image-2186 size-medium\" src=\"https:\/\/www.zmsh-semitech.com\/wp-content\/uploads\/2026\/04\/8_inch_sic_epitaxial_wafers_yield_and_efficiency_scalable_power_electronics2-300x300.webp\" alt=\"Wafel epitaksjalny SiC 8 cali 200 mm\" width=\"300\" height=\"300\" srcset=\"https:\/\/www.zmsh-semitech.com\/wp-content\/uploads\/2026\/04\/8_inch_sic_epitaxial_wafers_yield_and_efficiency_scalable_power_electronics2-300x300.webp 300w, https:\/\/www.zmsh-semitech.com\/wp-content\/uploads\/2026\/04\/8_inch_sic_epitaxial_wafers_yield_and_efficiency_scalable_power_electronics2-150x150.webp 150w, https:\/\/www.zmsh-semitech.com\/wp-content\/uploads\/2026\/04\/8_inch_sic_epitaxial_wafers_yield_and_efficiency_scalable_power_electronics2-768x768.webp 768w, https:\/\/www.zmsh-semitech.com\/wp-content\/uploads\/2026\/04\/8_inch_sic_epitaxial_wafers_yield_and_efficiency_scalable_power_electronics2-12x12.webp 12w, https:\/\/www.zmsh-semitech.com\/wp-content\/uploads\/2026\/04\/8_inch_sic_epitaxial_wafers_yield_and_efficiency_scalable_power_electronics2-600x600.webp 600w, https:\/\/www.zmsh-semitech.com\/wp-content\/uploads\/2026\/04\/8_inch_sic_epitaxial_wafers_yield_and_efficiency_scalable_power_electronics2-100x100.webp 100w, https:\/\/www.zmsh-semitech.com\/wp-content\/uploads\/2026\/04\/8_inch_sic_epitaxial_wafers_yield_and_efficiency_scalable_power_electronics2.webp 800w\" sizes=\"(max-width: 300px) 100vw, 300px\" \/>Mo\u017cliwo\u015bci warstwy epitaksjalnej<\/h2>\n<p data-start=\"1761\" data-end=\"1925\">Warstwa epitaksjalna jest wytwarzana przy u\u017cyciu zaawansowanej technologii chemicznego osadzania z fazy gazowej (CVD), umo\u017cliwiaj\u0105cej precyzyjn\u0105 kontrol\u0119 grubo\u015bci, st\u0119\u017cenia domieszek i jednorodno\u015bci.<\/p>\n<p data-start=\"1927\" data-end=\"1960\">Dost\u0119pne opcje personalizacji obejmuj\u0105:<\/p>\n<ul data-start=\"1961\" data-end=\"2154\">\n<li data-section-id=\"1czjqdq\" data-start=\"1961\" data-end=\"1998\">Warstwy epitaksjalne typu N lub P<\/li>\n<li data-section-id=\"m2ekyd\" data-start=\"1999\" data-end=\"2059\">Regulowana grubo\u015b\u0107 nasadki dla r\u00f3\u017cnych struktur urz\u0105dzenia<\/li>\n<li data-section-id=\"1n6931\" data-start=\"2060\" data-end=\"2109\">Jednolite profile domieszkowania na ca\u0142ym waflu<\/li>\n<li data-section-id=\"14l0kap\" data-start=\"2110\" data-end=\"2154\">Niska g\u0119sto\u015b\u0107 defekt\u00f3w dla wysokiej wydajno\u015bci urz\u0105dzenia<\/li>\n<\/ul>\n<p data-start=\"2156\" data-end=\"2277\">Wysokiej jako\u015bci epitaksja jest niezb\u0119dna do osi\u0105gni\u0119cia stabilnej wydajno\u015bci elektrycznej i d\u0142ugoterminowej niezawodno\u015bci urz\u0105dze\u0144 zasilaj\u0105cych.<\/p>\n<h2 data-section-id=\"2gad1q\" data-start=\"2284\" data-end=\"2308\"><img decoding=\"async\" class=\"alignright wp-image-2185 size-medium\" src=\"https:\/\/www.zmsh-semitech.com\/wp-content\/uploads\/2026\/04\/8_inch_sic_epitaxial_wafers_yield_and_efficiency_scalable_power_electronics3-300x300.webp\" alt=\"Wafel epitaksjalny SiC 8 cali 200 mm\" width=\"300\" height=\"300\" srcset=\"https:\/\/www.zmsh-semitech.com\/wp-content\/uploads\/2026\/04\/8_inch_sic_epitaxial_wafers_yield_and_efficiency_scalable_power_electronics3-300x300.webp 300w, https:\/\/www.zmsh-semitech.com\/wp-content\/uploads\/2026\/04\/8_inch_sic_epitaxial_wafers_yield_and_efficiency_scalable_power_electronics3-150x150.webp 150w, https:\/\/www.zmsh-semitech.com\/wp-content\/uploads\/2026\/04\/8_inch_sic_epitaxial_wafers_yield_and_efficiency_scalable_power_electronics3-768x768.webp 768w, https:\/\/www.zmsh-semitech.com\/wp-content\/uploads\/2026\/04\/8_inch_sic_epitaxial_wafers_yield_and_efficiency_scalable_power_electronics3-12x12.webp 12w, https:\/\/www.zmsh-semitech.com\/wp-content\/uploads\/2026\/04\/8_inch_sic_epitaxial_wafers_yield_and_efficiency_scalable_power_electronics3-600x600.webp 600w, https:\/\/www.zmsh-semitech.com\/wp-content\/uploads\/2026\/04\/8_inch_sic_epitaxial_wafers_yield_and_efficiency_scalable_power_electronics3-100x100.webp 100w, https:\/\/www.zmsh-semitech.com\/wp-content\/uploads\/2026\/04\/8_inch_sic_epitaxial_wafers_yield_and_efficiency_scalable_power_electronics3.webp 800w\" sizes=\"(max-width: 300px) 100vw, 300px\" \/>Proces produkcji<\/h2>\n<p data-start=\"2310\" data-end=\"2484\"><strong data-start=\"2310\" data-end=\"2335\">Przygotowanie pod\u0142o\u017ca<\/strong><br data-start=\"2335\" data-end=\"2338\" \/>Monokrystaliczne pod\u0142o\u017ca SiC o wysokiej czysto\u015bci s\u0105 wytwarzane przy u\u017cyciu metod wzrostu w wysokiej temperaturze i polerowane w celu uzyskania bardzo niskiej chropowato\u015bci powierzchni.<\/p>\n<p data-start=\"2486\" data-end=\"2667\"><strong data-start=\"2486\" data-end=\"2506\">Wzrost epitaksjalny<\/strong><br data-start=\"2506\" data-end=\"2509\" \/>Warstwa epitaksjalna jest osadzana w wysokiej temperaturze przy u\u017cyciu system\u00f3w CVD, zapewniaj\u0105c jednolit\u0105 grubo\u015b\u0107 i sp\u00f3jne w\u0142a\u015bciwo\u015bci materia\u0142u na waflu 200 mm.<\/p>\n<p data-start=\"2669\" data-end=\"2799\"><strong data-start=\"2669\" data-end=\"2687\">Kontrola antydopingowa<\/strong><br data-start=\"2687\" data-end=\"2690\" \/>Precyzyjne domieszkowanie jest stosowane podczas wzrostu epitaksjalnego, aby spe\u0142ni\u0107 wymagania r\u00f3\u017cnych architektur urz\u0105dze\u0144.<\/p>\n<p data-start=\"2801\" data-end=\"2981\"><strong data-start=\"2801\" data-end=\"2829\">Metrologia i inspekcja<\/strong><br data-start=\"2829\" data-end=\"2832\" \/>Ka\u017cdy wafel przechodzi kompleksowe testy, w tym analiz\u0119 powierzchni, mapowanie defekt\u00f3w i charakterystyk\u0119 elektryczn\u0105, aby zapewni\u0107 sta\u0142\u0105 jako\u015b\u0107.<\/p>\n<h2 data-section-id=\"1344z7h\" data-start=\"2988\" data-end=\"3001\">Zalety<\/h2>\n<p data-start=\"3003\" data-end=\"3162\"><strong data-start=\"3003\" data-end=\"3029\">Skalowalna produkcja<\/strong><br data-start=\"3029\" data-end=\"3032\" \/>8-calowy rozmiar wafla znacznie zwi\u0119ksza wydajno\u015b\u0107 chipa na wafel, poprawiaj\u0105c wydajno\u015b\u0107 produkcji i zmniejszaj\u0105c koszt urz\u0105dzenia.<\/p>\n<p data-start=\"3164\" data-end=\"3306\"><strong data-start=\"3164\" data-end=\"3195\">Wysoka wydajno\u015b\u0107<\/strong><br data-start=\"3195\" data-end=\"3198\" \/>W\u0142a\u015bciwo\u015bci materia\u0142u SiC umo\u017cliwiaj\u0105 ni\u017csze straty prze\u0142\u0105czania, wy\u017csz\u0105 g\u0119sto\u015b\u0107 mocy i lepsz\u0105 wydajno\u015b\u0107 energetyczn\u0105.<\/p>\n<p data-start=\"3308\" data-end=\"3456\"><strong data-start=\"3308\" data-end=\"3340\">Doskona\u0142e zarz\u0105dzanie temperatur\u0105<\/strong><br data-start=\"3340\" data-end=\"3343\" \/>Wysoka przewodno\u015b\u0107 cieplna zapewnia stabiln\u0105 prac\u0119 w warunkach wysokiej mocy i zmniejsza zapotrzebowanie na ch\u0142odzenie.<\/p>\n<p data-start=\"3458\" data-end=\"3581\"><strong data-start=\"3458\" data-end=\"3480\">Niska g\u0119sto\u015b\u0107 defekt\u00f3w<\/strong><br data-start=\"3480\" data-end=\"3483\" \/>Zaawansowane procesy wzrostu kryszta\u0142\u00f3w i epitaksji zapewniaj\u0105 wysok\u0105 wydajno\u015b\u0107 i niezawodne dzia\u0142anie urz\u0105dzenia.<\/p>\n<p data-start=\"3583\" data-end=\"3737\"><strong data-start=\"3583\" data-end=\"3608\">Platforma gotowa na przysz\u0142o\u015b\u0107<\/strong><br data-start=\"3608\" data-end=\"3611\" \/>8-calowe wafle SiC s\u0105 zgodne z trendem przemys\u0142u p\u00f3\u0142przewodnikowego w kierunku wi\u0119kszych format\u00f3w wafli i zautomatyzowanej produkcji masowej.<\/p>\n<p data-start=\"3583\" data-end=\"3737\"><img loading=\"lazy\" decoding=\"async\" class=\"wp-image-2178 size-large aligncenter\" src=\"https:\/\/www.zmsh-semitech.com\/wp-content\/uploads\/2026\/04\/applications-1-1024x683.png\" alt=\"\" width=\"1024\" height=\"683\" srcset=\"https:\/\/www.zmsh-semitech.com\/wp-content\/uploads\/2026\/04\/applications-1-1024x683.png 1024w, https:\/\/www.zmsh-semitech.com\/wp-content\/uploads\/2026\/04\/applications-1-300x200.png 300w, https:\/\/www.zmsh-semitech.com\/wp-content\/uploads\/2026\/04\/applications-1-768x512.png 768w, https:\/\/www.zmsh-semitech.com\/wp-content\/uploads\/2026\/04\/applications-1-18x12.png 18w, https:\/\/www.zmsh-semitech.com\/wp-content\/uploads\/2026\/04\/applications-1-600x400.png 600w, https:\/\/www.zmsh-semitech.com\/wp-content\/uploads\/2026\/04\/applications-1.png 1536w\" sizes=\"(max-width: 1024px) 100vw, 1024px\" \/><\/p>\n<h2 data-section-id=\"mu966k\" data-start=\"3744\" data-end=\"3759\">Zastosowania<\/h2>\n<p data-start=\"3761\" data-end=\"3946\"><strong data-start=\"3761\" data-end=\"3782\">Pojazdy elektryczne<\/strong><br data-start=\"3782\" data-end=\"3785\" \/>Stosowane w falownikach trakcyjnych, \u0142adowarkach pok\u0142adowych i przetwornicach DC-DC. Wi\u0119kszy rozmiar wafla umo\u017cliwia masow\u0105 produkcj\u0119 wysokowydajnych urz\u0105dze\u0144 zasilaj\u0105cych dla platform EV.<\/p>\n<p data-start=\"3948\" data-end=\"4103\"><strong data-start=\"3948\" data-end=\"3976\">Systemy energii odnawialnej<\/strong><br data-start=\"3976\" data-end=\"3979\" \/>Stosowany w falownikach solarnych i wiatrowych, gdzie wydajno\u015b\u0107 i niezawodno\u015b\u0107 maj\u0105 kluczowe znaczenie dla d\u0142ugotrwa\u0142ej pracy.<\/p>\n<p data-start=\"4105\" data-end=\"4257\"><strong data-start=\"4105\" data-end=\"4137\">Przemys\u0142owa elektronika mocy<\/strong><br data-start=\"4137\" data-end=\"4140\" \/>Obs\u0142uguje nap\u0119dy silnikowe, systemy automatyki i urz\u0105dzenia o du\u017cej mocy wymagaj\u0105ce stabilnej i wydajnej konwersji energii.<\/p>\n<p data-start=\"4259\" data-end=\"4390\"><strong data-start=\"4259\" data-end=\"4287\">5G i infrastruktura radiowa<\/strong><br data-start=\"4287\" data-end=\"4290\" \/>Umo\u017cliwia stosowanie komponent\u00f3w RF o wysokiej cz\u0119stotliwo\u015bci i mocy w systemach komunikacyjnych i stacjach bazowych.<\/p>\n<p data-start=\"4392\" data-end=\"4499\"><strong data-start=\"4392\" data-end=\"4422\">Elektronika u\u017cytkowa<\/strong><br data-start=\"4422\" data-end=\"4425\" \/>Stosowany w kompaktowych, wysokowydajnych zasilaczach i systemach szybkiego \u0142adowania.<\/p>\n<h2 data-section-id=\"1hryhf7\" data-start=\"4506\" data-end=\"4512\">FAQ<\/h2>\n<p data-start=\"4514\" data-end=\"4720\">P1: Jaka jest g\u0142\u00f3wna zaleta 8-calowych wafli SiC?<br data-start=\"4565\" data-end=\"4568\" \/>Wi\u0119kszy rozmiar wafla zwi\u0119ksza liczb\u0119 chip\u00f3w na wafel, znacznie zmniejszaj\u0105c koszt produkcji jednego urz\u0105dzenia i poprawiaj\u0105c wydajno\u015b\u0107 produkcji.<\/p>\n<p data-start=\"4722\" data-end=\"4909\">P2: Czy 8-calowa technologia SiC jest dojrza\u0142a?<br data-start=\"4757\" data-end=\"4760\" \/>Obecnie przechodzi od produkcji pilota\u017cowej do produkcji masowej na wczesnym etapie, z rosn\u0105cym zastosowaniem w zaawansowanej produkcji p\u00f3\u0142przewodnik\u00f3w.<\/p>\n<p data-start=\"4911\" data-end=\"5060\">P3: Czy mo\u017cna dostosowa\u0107 warstwy epitaksjalne?<br data-start=\"4949\" data-end=\"4952\" \/>Tak, rodzaj domieszkowania, grubo\u015b\u0107 i w\u0142a\u015bciwo\u015bci elektryczne mo\u017cna dostosowa\u0107 do konkretnych wymaga\u0144 urz\u0105dzenia.<\/p>\n<p data-start=\"5062\" data-end=\"5238\">P4: Czy istniej\u0105ce linie produkcyjne s\u0105 kompatybilne z 8-calowymi waflami?<br data-start=\"5125\" data-end=\"5128\" \/>Mog\u0105 by\u0107 wymagane pewne modernizacje sprz\u0119tu, ale wiele nowoczesnych fabryk ju\u017c przygotowuje si\u0119 do przetwarzania SiC 200 mm.<\/p>","protected":false},"excerpt":{"rendered":"<p>8-calowy wafel epitaksjalny SiC reprezentuje najnowszy post\u0119p w technologii p\u00f3\u0142przewodnik\u00f3w o szerokim pa\u015bmie przenoszenia. Zbudowany na 200 mm pod\u0142o\u017cu SiC z wysokiej jako\u015bci warstw\u0105 epitaksjaln\u0105, produkt ten zosta\u0142 zaprojektowany do obs\u0142ugi skalowalnej, wysokowydajnej produkcji urz\u0105dze\u0144 zasilaj\u0105cych.<\/p>","protected":false},"featured_media":2184,"comment_status":"open","ping_status":"closed","template":"","meta":{"site-sidebar-layout":"default","site-content-layout":"","ast-site-content-layout":"default","site-content-style":"default","site-sidebar-style":"default","ast-global-header-display":"","ast-banner-title-visibility":"","ast-main-header-display":"","ast-hfb-above-header-display":"","ast-hfb-below-header-display":"","ast-hfb-mobile-header-display":"","site-post-title":"","ast-breadcrumbs-content":"","ast-featured-img":"","footer-sml-layout":"","ast-disable-related-posts":"","theme-transparent-header-meta":"default","adv-header-id-meta":"","stick-header-meta":"default","header-above-stick-meta":"","header-main-stick-meta":"","header-below-stick-meta":"","astra-migrate-meta-layouts":"set","ast-page-background-enabled":"default","ast-page-background-meta":{"desktop":{"background-color":"var(--ast-global-color-4)","background-image":"","background-repeat":"repeat","background-position":"center center","background-size":"auto","background-attachment":"scroll","background-type":"","background-media":"","overlay-type":"","overlay-color":"","overlay-opacity":"","overlay-gradient":""},"tablet":{"background-color":"","background-image":"","background-repeat":"repeat","background-position":"center center","background-size":"auto","background-attachment":"scroll","background-type":"","background-media":"","overlay-type":"","overlay-color":"","overlay-opacity":"","overlay-gradient":""},"mobile":{"background-color":"","background-image":"","background-repeat":"repeat","background-position":"center center","background-size":"auto","background-attachment":"scroll","background-type":"","background-media":"","overlay-type":"","overlay-color":"","overlay-opacity":"","overlay-gradient":""}},"ast-content-background-meta":{"desktop":{"background-color":"var(--ast-global-color-5)","background-image":"","background-repeat":"repeat","background-position":"center center","background-size":"auto","background-attachment":"scroll","background-type":"","background-media":"","overlay-type":"","overlay-color":"","overlay-opacity":"","overlay-gradient":""},"tablet":{"background-color":"var(--ast-global-color-5)","background-image":"","background-repeat":"repeat","background-position":"center center","background-size":"auto","background-attachment":"scroll","background-type":"","background-media":"","overlay-type":"","overlay-color":"","overlay-opacity":"","overlay-gradient":""},"mobile":{"background-color":"var(--ast-global-color-5)","background-image":"","background-repeat":"repeat","background-position":"center center","background-size":"auto","background-attachment":"scroll","background-type":"","background-media":"","overlay-type":"","overlay-color":"","overlay-opacity":"","overlay-gradient":""}}},"product_brand":[],"product_cat":[729],"product_tag":[944,735,947,945,943,933,946,948,692],"class_list":{"0":"post-2183","1":"product","2":"type-product","3":"status-publish","4":"has-post-thumbnail","6":"product_cat-wafer","7":"product_tag-200mm-silicon-carbide-wafer","8":"product_tag-8-inch-sic-wafer","9":"product_tag-high-efficiency-power-electronics","10":"product_tag-sic-epi-wafer","11":"product_tag-sic-epitaxial-wafer","12":"product_tag-sic-mosfet-wafer","13":"product_tag-sic-power-device-substrate","14":"product_tag-silicon-carbide-epitaxy","15":"product_tag-wide-bandgap-semiconductor","16":"desktop-align-left","17":"tablet-align-left","18":"mobile-align-left","19":"ast-product-gallery-layout-horizontal-slider","20":"ast-product-tabs-layout-horizontal","22":"first","23":"instock","24":"shipping-taxable","25":"product-type-simple"},"_links":{"self":[{"href":"https:\/\/www.zmsh-semitech.com\/pl\/wp-json\/wp\/v2\/product\/2183","targetHints":{"allow":["GET"]}}],"collection":[{"href":"https:\/\/www.zmsh-semitech.com\/pl\/wp-json\/wp\/v2\/product"}],"about":[{"href":"https:\/\/www.zmsh-semitech.com\/pl\/wp-json\/wp\/v2\/types\/product"}],"replies":[{"embeddable":true,"href":"https:\/\/www.zmsh-semitech.com\/pl\/wp-json\/wp\/v2\/comments?post=2183"}],"version-history":[{"count":1,"href":"https:\/\/www.zmsh-semitech.com\/pl\/wp-json\/wp\/v2\/product\/2183\/revisions"}],"predecessor-version":[{"id":2188,"href":"https:\/\/www.zmsh-semitech.com\/pl\/wp-json\/wp\/v2\/product\/2183\/revisions\/2188"}],"wp:featuredmedia":[{"embeddable":true,"href":"https:\/\/www.zmsh-semitech.com\/pl\/wp-json\/wp\/v2\/media\/2184"}],"wp:attachment":[{"href":"https:\/\/www.zmsh-semitech.com\/pl\/wp-json\/wp\/v2\/media?parent=2183"}],"wp:term":[{"taxonomy":"product_brand","embeddable":true,"href":"https:\/\/www.zmsh-semitech.com\/pl\/wp-json\/wp\/v2\/product_brand?post=2183"},{"taxonomy":"product_cat","embeddable":true,"href":"https:\/\/www.zmsh-semitech.com\/pl\/wp-json\/wp\/v2\/product_cat?post=2183"},{"taxonomy":"product_tag","embeddable":true,"href":"https:\/\/www.zmsh-semitech.com\/pl\/wp-json\/wp\/v2\/product_tag?post=2183"}],"curies":[{"name":"wp","href":"https:\/\/api.w.org\/{rel}","templated":true}]}}