{"id":2173,"date":"2026-04-14T03:08:56","date_gmt":"2026-04-14T03:08:56","guid":{"rendered":"https:\/\/www.zmsh-semitech.com\/?post_type=product&#038;p=2173"},"modified":"2026-04-14T03:08:59","modified_gmt":"2026-04-14T03:08:59","slug":"4-inch-100mm-hpsi-silicon-carbide-wafer","status":"publish","type":"product","link":"https:\/\/www.zmsh-semitech.com\/pl\/product\/4-inch-100mm-hpsi-silicon-carbide-wafer\/","title":{"rendered":"4-calowy wafel z w\u0119glika krzemu 100 mm HPSI"},"content":{"rendered":"<p data-start=\"202\" data-end=\"487\"><img fetchpriority=\"high\" decoding=\"async\" class=\"alignright wp-image-2177 size-medium\" src=\"https:\/\/www.zmsh-semitech.com\/wp-content\/uploads\/2026\/04\/silicon_carbide_wafer_4inch_hpsi_350um_widely_used_for_ar_glasses2-300x300.webp\" alt=\"4-calowy wafel z w\u0119glika krzemu 100 mm HPSI\" width=\"300\" height=\"300\" srcset=\"https:\/\/www.zmsh-semitech.com\/wp-content\/uploads\/2026\/04\/silicon_carbide_wafer_4inch_hpsi_350um_widely_used_for_ar_glasses2-300x300.webp 300w, https:\/\/www.zmsh-semitech.com\/wp-content\/uploads\/2026\/04\/silicon_carbide_wafer_4inch_hpsi_350um_widely_used_for_ar_glasses2-150x150.webp 150w, https:\/\/www.zmsh-semitech.com\/wp-content\/uploads\/2026\/04\/silicon_carbide_wafer_4inch_hpsi_350um_widely_used_for_ar_glasses2-768x768.webp 768w, https:\/\/www.zmsh-semitech.com\/wp-content\/uploads\/2026\/04\/silicon_carbide_wafer_4inch_hpsi_350um_widely_used_for_ar_glasses2-12x12.webp 12w, https:\/\/www.zmsh-semitech.com\/wp-content\/uploads\/2026\/04\/silicon_carbide_wafer_4inch_hpsi_350um_widely_used_for_ar_glasses2-600x600.webp 600w, https:\/\/www.zmsh-semitech.com\/wp-content\/uploads\/2026\/04\/silicon_carbide_wafer_4inch_hpsi_350um_widely_used_for_ar_glasses2-100x100.webp 100w, https:\/\/www.zmsh-semitech.com\/wp-content\/uploads\/2026\/04\/silicon_carbide_wafer_4inch_hpsi_350um_widely_used_for_ar_glasses2.webp 800w\" sizes=\"(max-width: 300px) 100vw, 300px\" \/>4-calowy wafel HPSI z w\u0119glika krzemu jest p\u00f3\u0142izoluj\u0105cym pod\u0142o\u017cem o wysokiej czysto\u015bci, zaprojektowanym do zaawansowanych zastosowa\u0144 RF, mikrofalowych i optoelektronicznych. HPSI odnosi si\u0119 do materia\u0142u p\u00f3\u0142izolacyjnego o wysokiej czysto\u015bci, charakteryzuj\u0105cego si\u0119 wyj\u0105tkowo wysok\u0105 rezystywno\u015bci\u0105 i doskona\u0142\u0105 izolacj\u0105 elektryczn\u0105.<\/p>\n<p data-start=\"489\" data-end=\"899\">W\u0119glik krzemu to p\u00f3\u0142przewodnik o szerokim pa\u015bmie wzbronionym, sk\u0142adaj\u0105cy si\u0119 z krzemu i w\u0119gla. W por\u00f3wnaniu z konwencjonalnymi waflami krzemowymi, oferuje doskona\u0142\u0105 przewodno\u015b\u0107 ciepln\u0105, wy\u017csze pole elektryczne przebicia i lepsz\u0105 wydajno\u015b\u0107 w ekstremalnych warunkach pracy. W formie p\u00f3\u0142izolacyjnej, SiC znacznie zmniejsza przewodnictwo paso\u017cytnicze, co czyni go idealn\u0105 platform\u0105 dla urz\u0105dze\u0144 elektronicznych o wysokiej cz\u0119stotliwo\u015bci i du\u017cej mocy.<\/p>\n<p data-start=\"901\" data-end=\"1198\">Ten 4-calowy format wafla jest szeroko stosowany zar\u00f3wno w badaniach, jak i produkcji przemys\u0142owej ze wzgl\u0119du na r\u00f3wnowag\u0119 mi\u0119dzy kosztami, dojrza\u0142o\u015bci\u0105 i kompatybilno\u015bci\u0105 procesu. Jest on szczeg\u00f3lnie odpowiedni dla urz\u0105dze\u0144 RF, system\u00f3w komunikacji 5G, modu\u0142\u00f3w radarowych i nowych technologii optycznych, takich jak komponenty falowod\u00f3w AR.<\/p>\n<h2 data-section-id=\"1a3ueyz\" data-start=\"1205\" data-end=\"1222\">Specyfikacja<\/h2>\n<div class=\"TyagGW_tableContainer\">\n<div class=\"group TyagGW_tableWrapper flex flex-col-reverse w-fit\" tabindex=\"-1\">\n<table class=\"w-fit min-w-(--thread-content-width)\" data-start=\"1224\" data-end=\"1626\">\n<thead data-start=\"1224\" data-end=\"1245\">\n<tr data-start=\"1224\" data-end=\"1245\">\n<th class=\"\" data-start=\"1224\" data-end=\"1236\" data-col-size=\"sm\">Parametr<\/th>\n<th class=\"\" data-start=\"1236\" data-end=\"1245\" data-col-size=\"sm\">Warto\u015b\u0107<\/th>\n<\/tr>\n<\/thead>\n<tbody data-start=\"1266\" data-end=\"1626\">\n<tr data-start=\"1266\" data-end=\"1293\">\n<td data-start=\"1266\" data-end=\"1277\" data-col-size=\"sm\">\u015arednica<\/td>\n<td data-col-size=\"sm\" data-start=\"1277\" data-end=\"1293\">100 \u00b1 0,5 mm<\/td>\n<\/tr>\n<tr data-start=\"1294\" data-end=\"1316\">\n<td data-start=\"1294\" data-end=\"1306\" data-col-size=\"sm\">Grubo\u015b\u0107<\/td>\n<td data-col-size=\"sm\" data-start=\"1306\" data-end=\"1316\">350 \u03bcm<\/td>\n<\/tr>\n<tr data-start=\"1317\" data-end=\"1350\">\n<td data-start=\"1317\" data-end=\"1328\" data-col-size=\"sm\">Materia\u0142<\/td>\n<td data-col-size=\"sm\" data-start=\"1328\" data-end=\"1350\">Pojedynczy kryszta\u0142 SiC<\/td>\n<\/tr>\n<tr data-start=\"1351\" data-end=\"1384\">\n<td data-start=\"1351\" data-end=\"1358\" data-col-size=\"sm\">Typ<\/td>\n<td data-col-size=\"sm\" data-start=\"1358\" data-end=\"1384\">HPSI (p\u00f3\u0142izolacyjne)<\/td>\n<\/tr>\n<tr data-start=\"1385\" data-end=\"1423\">\n<td data-start=\"1385\" data-end=\"1399\" data-col-size=\"sm\">Rezystywno\u015b\u0107<\/td>\n<td data-col-size=\"sm\" data-start=\"1399\" data-end=\"1423\">\u22651E5 do \u22651E10 ohm-cm<\/td>\n<\/tr>\n<tr data-start=\"1424\" data-end=\"1463\">\n<td data-start=\"1424\" data-end=\"1444\" data-col-size=\"sm\">Chropowato\u015b\u0107 powierzchni<\/td>\n<td data-col-size=\"sm\" data-start=\"1444\" data-end=\"1463\">CMP Ra \u2264 0,2 nm<\/td>\n<\/tr>\n<tr data-start=\"1464\" data-end=\"1481\">\n<td data-start=\"1464\" data-end=\"1470\" data-col-size=\"sm\">TTV<\/td>\n<td data-col-size=\"sm\" data-start=\"1470\" data-end=\"1481\">\u2264 10 \u03bcm<\/td>\n<\/tr>\n<tr data-start=\"1482\" data-end=\"1500\">\n<td data-start=\"1482\" data-end=\"1489\" data-col-size=\"sm\">Osnowa<\/td>\n<td data-start=\"1489\" data-end=\"1500\" data-col-size=\"sm\">\u2264 30 \u03bcm<\/td>\n<\/tr>\n<tr data-start=\"1501\" data-end=\"1553\">\n<td data-start=\"1501\" data-end=\"1515\" data-col-size=\"sm\">Orientacja<\/td>\n<td data-col-size=\"sm\" data-start=\"1515\" data-end=\"1553\">Opcje w osi  lub poza osi\u0105<\/td>\n<\/tr>\n<tr data-start=\"1554\" data-end=\"1584\">\n<td data-start=\"1554\" data-end=\"1561\" data-col-size=\"sm\">Kraw\u0119d\u017a<\/td>\n<td data-col-size=\"sm\" data-start=\"1561\" data-end=\"1584\">Standardowy skos SEMI<\/td>\n<\/tr>\n<tr data-start=\"1585\" data-end=\"1626\">\n<td data-start=\"1585\" data-end=\"1593\" data-col-size=\"sm\">Klasa<\/td>\n<td data-start=\"1593\" data-end=\"1626\" data-col-size=\"sm\">Produkcja \/ Badania \/ Manekin<\/td>\n<\/tr>\n<\/tbody>\n<\/table>\n<\/div>\n<\/div>\n<p data-start=\"1628\" data-end=\"1790\">Parametry te zapewniaj\u0105 wysok\u0105 jako\u015b\u0107 powierzchni, nisk\u0105 g\u0119sto\u015b\u0107 defekt\u00f3w i stabilne w\u0142a\u015bciwo\u015bci mechaniczne wymagane do wzrostu epitaksjalnego i precyzyjnej produkcji urz\u0105dze\u0144.<\/p>\n<h2 data-section-id=\"1p4die8\" data-start=\"1797\" data-end=\"1824\">Charakterystyka materia\u0142u<img decoding=\"async\" class=\"size-medium wp-image-2176 alignright\" src=\"https:\/\/www.zmsh-semitech.com\/wp-content\/uploads\/2026\/04\/silicon_carbide_wafer_4inch_hpsi_350um_widely_used_for_ar_glasses3-300x300.webp\" alt=\"\" width=\"300\" height=\"300\" srcset=\"https:\/\/www.zmsh-semitech.com\/wp-content\/uploads\/2026\/04\/silicon_carbide_wafer_4inch_hpsi_350um_widely_used_for_ar_glasses3-300x300.webp 300w, https:\/\/www.zmsh-semitech.com\/wp-content\/uploads\/2026\/04\/silicon_carbide_wafer_4inch_hpsi_350um_widely_used_for_ar_glasses3-150x150.webp 150w, https:\/\/www.zmsh-semitech.com\/wp-content\/uploads\/2026\/04\/silicon_carbide_wafer_4inch_hpsi_350um_widely_used_for_ar_glasses3-768x768.webp 768w, https:\/\/www.zmsh-semitech.com\/wp-content\/uploads\/2026\/04\/silicon_carbide_wafer_4inch_hpsi_350um_widely_used_for_ar_glasses3-12x12.webp 12w, https:\/\/www.zmsh-semitech.com\/wp-content\/uploads\/2026\/04\/silicon_carbide_wafer_4inch_hpsi_350um_widely_used_for_ar_glasses3-600x600.webp 600w, https:\/\/www.zmsh-semitech.com\/wp-content\/uploads\/2026\/04\/silicon_carbide_wafer_4inch_hpsi_350um_widely_used_for_ar_glasses3-100x100.webp 100w, https:\/\/www.zmsh-semitech.com\/wp-content\/uploads\/2026\/04\/silicon_carbide_wafer_4inch_hpsi_350um_widely_used_for_ar_glasses3.webp 800w\" sizes=\"(max-width: 300px) 100vw, 300px\" \/><\/h2>\n<p data-start=\"1826\" data-end=\"2024\">W\u0119glik krzemu jest jednym z najwa\u017cniejszych materia\u0142\u00f3w p\u00f3\u0142przewodnikowych trzeciej generacji. Jego szerokie pasmo przenoszenia umo\u017cliwia urz\u0105dzeniom prac\u0119 przy wy\u017cszych napi\u0119ciach i ni\u017cszych pr\u0105dach up\u0142ywu w por\u00f3wnaniu do krzemu.<\/p>\n<p data-start=\"2026\" data-end=\"2253\">Cech\u0105 charakterystyczn\u0105 p\u0142ytek HPSI jest ich wyj\u0105tkowo wysoka rezystywno\u015b\u0107. W\u0142a\u015bciwo\u015b\u0107 ta minimalizuje niepo\u017c\u0105dany przep\u0142yw pr\u0105du w pod\u0142o\u017cu, co ma kluczowe znaczenie dla zachowania integralno\u015bci sygna\u0142u w zastosowaniach RF i mikrofalowych.<\/p>\n<p data-start=\"2255\" data-end=\"2478\">Przewodno\u015b\u0107 cieplna jest znacznie wy\u017csza ni\u017c w przypadku tradycyjnych materia\u0142\u00f3w p\u00f3\u0142przewodnikowych, umo\u017cliwiaj\u0105c wydajne rozpraszanie ciep\u0142a podczas pracy z du\u017c\u0105 moc\u0105. Zmniejsza to napr\u0119\u017cenia termiczne i poprawia d\u0142ugoterminow\u0105 niezawodno\u015b\u0107.<\/p>\n<p data-start=\"2480\" data-end=\"2761\">SiC wykazuje r\u00f3wnie\u017c wysokie przebicie pola elektrycznego, umo\u017cliwiaj\u0105c urz\u0105dzeniom obs\u0142ug\u0119 wysokiego napi\u0119cia bez zwi\u0119kszania rozmiaru. Ponadto, materia\u0142 ten zachowuje stabiln\u0105 wydajno\u015b\u0107 w wysokich temperaturach, wysokich cz\u0119stotliwo\u015bciach i ekspozycji na promieniowanie, dzi\u0119ki czemu nadaje si\u0119 do wymagaj\u0105cych \u015brodowisk.<\/p>\n<h2 data-section-id=\"mu966k\" data-start=\"2768\" data-end=\"2783\">Zastosowania<\/h2>\n<p data-start=\"2785\" data-end=\"3075\"><strong data-start=\"2785\" data-end=\"2813\">Urz\u0105dzenia radiowe i mikrofalowe<\/strong><br data-start=\"2813\" data-end=\"2816\" \/>P\u0142ytki z w\u0119glika krzemu HPSI s\u0105 szeroko stosowane jako pod\u0142o\u017ca dla wzmacniaczy RF i obwod\u00f3w wysokiej cz\u0119stotliwo\u015bci. Ich wysoka rezystywno\u015b\u0107 zmniejsza straty paso\u017cytnicze i poprawia wydajno\u015b\u0107 transmisji sygna\u0142u, co czyni je niezb\u0119dnymi dla zaawansowanej elektroniki komunikacyjnej.<\/p>\n<p data-start=\"3077\" data-end=\"3378\"><strong data-start=\"3077\" data-end=\"3112\">Infrastruktura komunikacyjna 5G<\/strong><br data-start=\"3112\" data-end=\"3115\" \/>W systemach 5G urz\u0105dzenia dzia\u0142aj\u0105 na wy\u017cszych cz\u0119stotliwo\u015bciach i wymagaj\u0105 materia\u0142\u00f3w o doskona\u0142ej izolacji elektrycznej. Wafle SiC HPSI zapewniaj\u0105 stabiln\u0105 wydajno\u015b\u0107 w stacjach bazowych i modu\u0142ach bezprzewodowych, umo\u017cliwiaj\u0105c wy\u017csz\u0105 wydajno\u015b\u0107 transmisji danych i mniejsze straty energii.<\/p>\n<p data-start=\"3380\" data-end=\"3668\"><strong data-start=\"3380\" data-end=\"3414\">Okulary AR i systemy optyczne<\/strong><br data-start=\"3414\" data-end=\"3417\" \/>W urz\u0105dzeniach rozszerzonej rzeczywisto\u015bci p\u0142ytki SiC s\u0105 wykorzystywane w komponentach optycznych i falowodowych. Ich stabilno\u015b\u0107 strukturalna i kompatybilno\u015b\u0107 z technologiami precyzyjnego przetwarzania wspieraj\u0105 rozw\u00f3j kompaktowych i wysokowydajnych system\u00f3w optycznych.<\/p>\n<p data-start=\"3670\" data-end=\"3939\"><strong data-start=\"3670\" data-end=\"3699\">Radar i systemy obronne<\/strong><br data-start=\"3699\" data-end=\"3702\" \/>Pod\u0142o\u017ca SiC HPSI nadaj\u0105 si\u0119 do radar\u00f3w i elektroniki obronnej, kt\u00f3re wymagaj\u0105 du\u017cej mocy, wysokiej cz\u0119stotliwo\u015bci i niezawodno\u015bci. Utrzymuj\u0105 stabiln\u0105 prac\u0119 w ekstremalnych warunkach \u015brodowiskowych, w tym w wysokiej temperaturze i promieniowaniu.<\/p>\n<p data-start=\"3941\" data-end=\"4136\"><strong data-start=\"3941\" data-end=\"3967\">Urz\u0105dzenia optoelektroniczne<\/strong><br data-start=\"3967\" data-end=\"3970\" \/>Wafle te s\u0105 r\u00f3wnie\u017c stosowane w urz\u0105dzeniach optoelektronicznych i fotonicznych, w kt\u00f3rych izolacja elektryczna i wydajno\u015b\u0107 termiczna maj\u0105 kluczowe znaczenie dla wydajno\u015bci i stabilno\u015bci urz\u0105dzenia.<\/p>\n<p data-start=\"3941\" data-end=\"4136\"><img decoding=\"async\" class=\"wp-image-2178 size-large aligncenter\" src=\"https:\/\/www.zmsh-semitech.com\/wp-content\/uploads\/2026\/04\/applications-1-1024x683.png\" alt=\"\" width=\"1024\" height=\"683\" srcset=\"https:\/\/www.zmsh-semitech.com\/wp-content\/uploads\/2026\/04\/applications-1-1024x683.png 1024w, https:\/\/www.zmsh-semitech.com\/wp-content\/uploads\/2026\/04\/applications-1-300x200.png 300w, https:\/\/www.zmsh-semitech.com\/wp-content\/uploads\/2026\/04\/applications-1-768x512.png 768w, https:\/\/www.zmsh-semitech.com\/wp-content\/uploads\/2026\/04\/applications-1-18x12.png 18w, https:\/\/www.zmsh-semitech.com\/wp-content\/uploads\/2026\/04\/applications-1-600x400.png 600w, https:\/\/www.zmsh-semitech.com\/wp-content\/uploads\/2026\/04\/applications-1.png 1536w\" sizes=\"(max-width: 1024px) 100vw, 1024px\" \/><\/p>\n<h2 data-section-id=\"105f916\" data-start=\"4143\" data-end=\"4162\">Dost\u0119pne stopnie<\/h2>\n<p data-start=\"4164\" data-end=\"4275\">Klasa produkcji<br data-start=\"4180\" data-end=\"4183\" \/>U\u017cywany do produkcji urz\u0105dze\u0144 komercyjnych o \u015bcis\u0142ej kontroli jako\u015bci i niskiej g\u0119sto\u015bci defekt\u00f3w.<\/p>\n<p data-start=\"4277\" data-end=\"4365\">Ocena badawcza<br data-start=\"4291\" data-end=\"4294\" \/>Nadaje si\u0119 do bada\u0144 laboratoryjnych, testowania i optymalizacji proces\u00f3w.<\/p>\n<p data-start=\"4367\" data-end=\"4455\">Klasa manekina<br data-start=\"4378\" data-end=\"4381\" \/>Stosowany w kalibracji sprz\u0119tu, testowaniu proces\u00f3w i niefunkcjonalnym u\u017cytkowaniu.<\/p>\n<h2 data-section-id=\"19b7k0q\" data-start=\"4462\" data-end=\"4485\">Por\u00f3wnanie Si vs SiC<\/h2>\n<div class=\"TyagGW_tableContainer\">\n<div class=\"group TyagGW_tableWrapper flex flex-col-reverse w-fit\" tabindex=\"-1\">\n<table class=\"w-fit min-w-(--thread-content-width)\" data-start=\"4487\" data-end=\"4792\">\n<thead data-start=\"4487\" data-end=\"4527\">\n<tr data-start=\"4487\" data-end=\"4527\">\n<th class=\"\" data-start=\"4487\" data-end=\"4498\" data-col-size=\"sm\">Nieruchomo\u015b\u0107<\/th>\n<th class=\"\" data-start=\"4498\" data-end=\"4508\" data-col-size=\"sm\">Krzem<\/th>\n<th class=\"\" data-start=\"4508\" data-end=\"4527\" data-col-size=\"sm\">W\u0119glik krzemu<\/th>\n<\/tr>\n<\/thead>\n<tbody data-start=\"4568\" data-end=\"4792\">\n<tr data-start=\"4568\" data-end=\"4600\">\n<td data-start=\"4568\" data-end=\"4578\" data-col-size=\"sm\">Pasmo przenoszenia<\/td>\n<td data-col-size=\"sm\" data-start=\"4578\" data-end=\"4588\">1,12 eV<\/td>\n<td data-col-size=\"sm\" data-start=\"4588\" data-end=\"4600\">~3,26 eV<\/td>\n<\/tr>\n<tr data-start=\"4601\" data-end=\"4641\">\n<td data-start=\"4601\" data-end=\"4615\" data-col-size=\"sm\">Rezystywno\u015b\u0107<\/td>\n<td data-col-size=\"sm\" data-start=\"4615\" data-end=\"4621\">Niski<\/td>\n<td data-col-size=\"sm\" data-start=\"4621\" data-end=\"4641\">Bardzo wysoki (HPSI)<\/td>\n<\/tr>\n<tr data-start=\"4642\" data-end=\"4684\">\n<td data-start=\"4642\" data-end=\"4665\" data-col-size=\"sm\">Przewodno\u015b\u0107 cieplna<\/td>\n<td data-col-size=\"sm\" data-start=\"4665\" data-end=\"4676\">Umiarkowany<\/td>\n<td data-col-size=\"sm\" data-start=\"4676\" data-end=\"4684\">Wysoki<\/td>\n<\/tr>\n<tr data-start=\"4685\" data-end=\"4731\">\n<td data-start=\"4685\" data-end=\"4708\" data-col-size=\"sm\">Mo\u017cliwo\u015bci cz\u0119stotliwo\u015bci<\/td>\n<td data-col-size=\"sm\" data-start=\"4708\" data-end=\"4718\">Ograniczony<\/td>\n<td data-col-size=\"sm\" data-start=\"4718\" data-end=\"4731\">Doskona\u0142y<\/td>\n<\/tr>\n<tr data-start=\"4732\" data-end=\"4792\">\n<td data-start=\"4732\" data-end=\"4752\" data-col-size=\"sm\">Koncentracja na aplikacji<\/td>\n<td data-col-size=\"sm\" data-start=\"4752\" data-end=\"4767\">Uk\u0142ad logiczny i uk\u0142ad scalony<\/td>\n<td data-col-size=\"sm\" data-start=\"4767\" data-end=\"4792\">RF i wysoka cz\u0119stotliwo\u015b\u0107<\/td>\n<\/tr>\n<\/tbody>\n<\/table>\n<\/div>\n<\/div>\n<p data-start=\"4794\" data-end=\"4938\">Krzem nadal dominuje w konwencjonalnej elektronice, podczas gdy w\u0119glik krzemu jest coraz cz\u0119\u015bciej stosowany w systemach o wysokiej cz\u0119stotliwo\u015bci i wysokiej wydajno\u015bci.<\/p>\n<h2 data-section-id=\"1hryhf7\" data-start=\"4945\" data-end=\"4951\">FAQ<\/h2>\n<p data-start=\"4953\" data-end=\"5169\">P: Co to jest wafel z w\u0119glika krzemu HPSI?<br data-start=\"4994\" data-end=\"4997\" \/>Wafel HPSI to wysokiej czysto\u015bci p\u00f3\u0142izolacyjne pod\u0142o\u017ce z w\u0119glika krzemu o bardzo wysokiej rezystywno\u015bci elektrycznej, przeznaczone do zastosowa\u0144 RF, mikrofalowych i optoelektronicznych.<\/p>\n<p data-start=\"5171\" data-end=\"5374\">P: Dlaczego wysoka rezystywno\u015b\u0107 jest wa\u017cna?<br data-start=\"5208\" data-end=\"5211\" \/>Wysoka rezystywno\u015b\u0107 zmniejsza przewodzenie paso\u017cytnicze i zak\u0142\u00f3cenia sygna\u0142u, co ma kluczowe znaczenie dla utrzymania wydajno\u015bci i integralno\u015bci sygna\u0142u w urz\u0105dzeniach o wysokiej cz\u0119stotliwo\u015bci.<\/p>\n<p data-start=\"5376\" data-end=\"5596\">P: Czy w\u0119glik krzemu nadaje si\u0119 do zastosowa\u0144 optycznych?<br data-start=\"5432\" data-end=\"5435\" \/>Tak, w\u0119glik krzemu mo\u017ce by\u0107 wykorzystywany w niekt\u00f3rych zastosowaniach optycznych i fotonicznych ze wzgl\u0119du na jego stabilno\u015b\u0107 termiczn\u0105 i kompatybilno\u015b\u0107 z zaawansowanymi procesami produkcyjnymi.<\/p>","protected":false},"excerpt":{"rendered":"<p>4-calowy wafel HPSI z w\u0119glika krzemu jest kluczowym materia\u0142em dla system\u00f3w elektronicznych wysokiej cz\u0119stotliwo\u015bci i nowej generacji. Po\u0142\u0105czenie wysokiej rezystywno\u015bci, wydajno\u015bci termicznej i stabilno\u015bci strukturalnej sprawia, \u017ce jest to idealny wyb\u00f3r dla urz\u0105dze\u0144 RF, infrastruktury komunikacyjnej i nowych technologii optycznych. Poniewa\u017c zapotrzebowanie na systemy o wysokiej wydajno\u015bci i wysokiej cz\u0119stotliwo\u015bci stale ro\u015bnie, pod\u0142o\u017ca SiC HPSI staj\u0105 si\u0119 coraz wa\u017cniejsze w zaawansowanych zastosowaniach p\u00f3\u0142przewodnikowych.<\/p>","protected":false},"featured_media":2174,"comment_status":"open","ping_status":"closed","template":"","meta":{"site-sidebar-layout":"default","site-content-layout":"","ast-site-content-layout":"default","site-content-style":"default","site-sidebar-style":"default","ast-global-header-display":"","ast-banner-title-visibility":"","ast-main-header-display":"","ast-hfb-above-header-display":"","ast-hfb-below-header-display":"","ast-hfb-mobile-header-display":"","site-post-title":"","ast-breadcrumbs-content":"","ast-featured-img":"","footer-sml-layout":"","ast-disable-related-posts":"","theme-transparent-header-meta":"default","adv-header-id-meta":"","stick-header-meta":"default","header-above-stick-meta":"","header-main-stick-meta":"","header-below-stick-meta":"","astra-migrate-meta-layouts":"set","ast-page-background-enabled":"default","ast-page-background-meta":{"desktop":{"background-color":"var(--ast-global-color-4)","background-image":"","background-repeat":"repeat","background-position":"center center","background-size":"auto","background-attachment":"scroll","background-type":"","background-media":"","overlay-type":"","overlay-color":"","overlay-opacity":"","overlay-gradient":""},"tablet":{"background-color":"","background-image":"","background-repeat":"repeat","background-position":"center center","background-size":"auto","background-attachment":"scroll","background-type":"","background-media":"","overlay-type":"","overlay-color":"","overlay-opacity":"","overlay-gradient":""},"mobile":{"background-color":"","background-image":"","background-repeat":"repeat","background-position":"center center","background-size":"auto","background-attachment":"scroll","background-type":"","background-media":"","overlay-type":"","overlay-color":"","overlay-opacity":"","overlay-gradient":""}},"ast-content-background-meta":{"desktop":{"background-color":"var(--ast-global-color-5)","background-image":"","background-repeat":"repeat","background-position":"center center","background-size":"auto","background-attachment":"scroll","background-type":"","background-media":"","overlay-type":"","overlay-color":"","overlay-opacity":"","overlay-gradient":""},"tablet":{"background-color":"var(--ast-global-color-5)","background-image":"","background-repeat":"repeat","background-position":"center center","background-size":"auto","background-attachment":"scroll","background-type":"","background-media":"","overlay-type":"","overlay-color":"","overlay-opacity":"","overlay-gradient":""},"mobile":{"background-color":"var(--ast-global-color-5)","background-image":"","background-repeat":"repeat","background-position":"center center","background-size":"auto","background-attachment":"scroll","background-type":"","background-media":"","overlay-type":"","overlay-color":"","overlay-opacity":"","overlay-gradient":""}}},"product_brand":[],"product_cat":[729],"product_tag":[930,938,936,937,940,941,942,939,927,692],"class_list":{"0":"post-2173","1":"product","2":"type-product","3":"status-publish","4":"has-post-thumbnail","6":"product_cat-wafer","7":"product_tag-4-inch-sic-wafer","8":"product_tag-high-resistivity-sic","9":"product_tag-hpsi-silicon-carbide-wafer","10":"product_tag-semi-insulating-sic","11":"product_tag-sic-for-5g","12":"product_tag-sic-for-ar-glasses","13":"product_tag-sic-optical-substrate","14":"product_tag-sic-rf-substrate","15":"product_tag-silicon-carbide-wafer","16":"product_tag-wide-bandgap-semiconductor","17":"desktop-align-left","18":"tablet-align-left","19":"mobile-align-left","20":"ast-product-gallery-layout-horizontal-slider","21":"ast-product-tabs-layout-horizontal","23":"first","24":"instock","25":"shipping-taxable","26":"product-type-simple"},"_links":{"self":[{"href":"https:\/\/www.zmsh-semitech.com\/pl\/wp-json\/wp\/v2\/product\/2173","targetHints":{"allow":["GET"]}}],"collection":[{"href":"https:\/\/www.zmsh-semitech.com\/pl\/wp-json\/wp\/v2\/product"}],"about":[{"href":"https:\/\/www.zmsh-semitech.com\/pl\/wp-json\/wp\/v2\/types\/product"}],"replies":[{"embeddable":true,"href":"https:\/\/www.zmsh-semitech.com\/pl\/wp-json\/wp\/v2\/comments?post=2173"}],"version-history":[{"count":1,"href":"https:\/\/www.zmsh-semitech.com\/pl\/wp-json\/wp\/v2\/product\/2173\/revisions"}],"predecessor-version":[{"id":2179,"href":"https:\/\/www.zmsh-semitech.com\/pl\/wp-json\/wp\/v2\/product\/2173\/revisions\/2179"}],"wp:featuredmedia":[{"embeddable":true,"href":"https:\/\/www.zmsh-semitech.com\/pl\/wp-json\/wp\/v2\/media\/2174"}],"wp:attachment":[{"href":"https:\/\/www.zmsh-semitech.com\/pl\/wp-json\/wp\/v2\/media?parent=2173"}],"wp:term":[{"taxonomy":"product_brand","embeddable":true,"href":"https:\/\/www.zmsh-semitech.com\/pl\/wp-json\/wp\/v2\/product_brand?post=2173"},{"taxonomy":"product_cat","embeddable":true,"href":"https:\/\/www.zmsh-semitech.com\/pl\/wp-json\/wp\/v2\/product_cat?post=2173"},{"taxonomy":"product_tag","embeddable":true,"href":"https:\/\/www.zmsh-semitech.com\/pl\/wp-json\/wp\/v2\/product_tag?post=2173"}],"curies":[{"name":"wp","href":"https:\/\/api.w.org\/{rel}","templated":true}]}}