{"id":2167,"date":"2026-04-14T02:28:42","date_gmt":"2026-04-14T02:28:42","guid":{"rendered":"https:\/\/www.zmsh-semitech.com\/?post_type=product&#038;p=2167"},"modified":"2026-04-14T02:28:45","modified_gmt":"2026-04-14T02:28:45","slug":"4-inch-4h-n-silicon-carbide-wafer","status":"publish","type":"product","link":"https:\/\/www.zmsh-semitech.com\/pl\/product\/4-inch-4h-n-silicon-carbide-wafer\/","title":{"rendered":"Wafel z w\u0119glika krzemu 4 cale 100 mm 4H-N"},"content":{"rendered":"<p data-start=\"161\" data-end=\"420\"><img fetchpriority=\"high\" decoding=\"async\" class=\"alignright wp-image-2171 size-medium\" src=\"https:\/\/www.zmsh-semitech.com\/wp-content\/uploads\/2026\/04\/4inch_silicon_carbide_wafers-300x300.webp\" alt=\"Wafel z w\u0119glika krzemu\" width=\"300\" height=\"300\" srcset=\"https:\/\/www.zmsh-semitech.com\/wp-content\/uploads\/2026\/04\/4inch_silicon_carbide_wafers-300x300.webp 300w, https:\/\/www.zmsh-semitech.com\/wp-content\/uploads\/2026\/04\/4inch_silicon_carbide_wafers-150x150.webp 150w, https:\/\/www.zmsh-semitech.com\/wp-content\/uploads\/2026\/04\/4inch_silicon_carbide_wafers-768x768.webp 768w, https:\/\/www.zmsh-semitech.com\/wp-content\/uploads\/2026\/04\/4inch_silicon_carbide_wafers-12x12.webp 12w, https:\/\/www.zmsh-semitech.com\/wp-content\/uploads\/2026\/04\/4inch_silicon_carbide_wafers-600x600.webp 600w, https:\/\/www.zmsh-semitech.com\/wp-content\/uploads\/2026\/04\/4inch_silicon_carbide_wafers-100x100.webp 100w, https:\/\/www.zmsh-semitech.com\/wp-content\/uploads\/2026\/04\/4inch_silicon_carbide_wafers.webp 800w\" sizes=\"(max-width: 300px) 100vw, 300px\" \/>4-calowy wafel 4H-N z w\u0119glika krzemu to przewodz\u0105ce pod\u0142o\u017ce SiC przeznaczone do zaawansowanych zastosowa\u0144 p\u00f3\u0142przewodnikowych. Jest on oparty na krystalicznym poliplecie 4H, kt\u00f3ry jest powszechnie uznawany w bran\u017cy za doskona\u0142\u0105 wydajno\u015b\u0107 elektryczn\u0105 i termiczn\u0105.<\/p>\n<p data-start=\"422\" data-end=\"752\">W\u0119glik krzemu nale\u017cy do materia\u0142\u00f3w p\u00f3\u0142przewodnikowych trzeciej generacji i oferuje znacz\u0105ce korzy\u015bci w por\u00f3wnaniu z tradycyjnym krzemem. Jego szerokie pasmo wzbronione, wysokie pole elektryczne przebicia i doskona\u0142a przewodno\u015b\u0107 cieplna sprawiaj\u0105, \u017ce doskonale nadaje si\u0119 do urz\u0105dze\u0144 pracuj\u0105cych w warunkach wysokiego napi\u0119cia, wysokiej cz\u0119stotliwo\u015bci i wysokiej temperatury.<\/p>\n<p data-start=\"754\" data-end=\"1163\">Wafel ten jest powszechnie stosowany do produkcji urz\u0105dze\u0144 zasilaj\u0105cych, takich jak tranzystory MOSFET, diody barierowe Schottky'ego, tranzystory JFET i tranzystory IGBT. Urz\u0105dzenia te s\u0105 krytycznymi komponentami w nowoczesnych systemach energetycznych, w kt\u00f3rych wydajno\u015b\u0107, niezawodno\u015b\u0107 i kompaktowa konstrukcja maj\u0105 kluczowe znaczenie. 4-calowy format zapewnia r\u00f3wnowag\u0119 mi\u0119dzy efektywno\u015bci\u0105 kosztow\u0105 a wydajno\u015bci\u0105 urz\u0105dzenia, dzi\u0119ki czemu jest szeroko stosowany zar\u00f3wno w \u015brodowiskach badawczych, jak i przemys\u0142owych.<\/p>\n<h2 data-section-id=\"1a3ueyz\" data-start=\"1170\" data-end=\"1187\">Specyfikacja<\/h2>\n<div class=\"TyagGW_tableContainer\">\n<div class=\"group TyagGW_tableWrapper flex flex-col-reverse w-fit\" tabindex=\"-1\">\n<table class=\"w-fit min-w-(--thread-content-width)\" data-start=\"1189\" data-end=\"1522\">\n<thead data-start=\"1189\" data-end=\"1210\">\n<tr data-start=\"1189\" data-end=\"1210\">\n<th class=\"\" data-start=\"1189\" data-end=\"1201\" data-col-size=\"sm\">Parametr<\/th>\n<th class=\"\" data-start=\"1201\" data-end=\"1210\" data-col-size=\"sm\">Warto\u015b\u0107<\/th>\n<\/tr>\n<\/thead>\n<tbody data-start=\"1231\" data-end=\"1522\">\n<tr data-start=\"1231\" data-end=\"1258\">\n<td data-start=\"1231\" data-end=\"1242\" data-col-size=\"sm\">\u015arednica<\/td>\n<td data-col-size=\"sm\" data-start=\"1242\" data-end=\"1258\">100 \u00b1 0,5 mm<\/td>\n<\/tr>\n<tr data-start=\"1259\" data-end=\"1286\">\n<td data-start=\"1259\" data-end=\"1271\" data-col-size=\"sm\">Grubo\u015b\u0107<\/td>\n<td data-col-size=\"sm\" data-start=\"1271\" data-end=\"1286\">350 \u00b1 25 \u03bcm<\/td>\n<\/tr>\n<tr data-start=\"1287\" data-end=\"1304\">\n<td data-start=\"1287\" data-end=\"1298\" data-col-size=\"sm\">Polytype<\/td>\n<td data-col-size=\"sm\" data-start=\"1298\" data-end=\"1304\">4H<\/td>\n<\/tr>\n<tr data-start=\"1305\" data-end=\"1335\">\n<td data-start=\"1305\" data-end=\"1325\" data-col-size=\"sm\">Typ przewodno\u015bci<\/td>\n<td data-col-size=\"sm\" data-start=\"1325\" data-end=\"1335\">Typ N<\/td>\n<\/tr>\n<tr data-start=\"1336\" data-end=\"1371\">\n<td data-start=\"1336\" data-end=\"1356\" data-col-size=\"sm\">Chropowato\u015b\u0107 powierzchni<\/td>\n<td data-col-size=\"sm\" data-start=\"1356\" data-end=\"1371\">Ra \u2264 0,2 nm<\/td>\n<\/tr>\n<tr data-start=\"1372\" data-end=\"1389\">\n<td data-start=\"1372\" data-end=\"1378\" data-col-size=\"sm\">TTV<\/td>\n<td data-col-size=\"sm\" data-start=\"1378\" data-end=\"1389\">\u2264 10 \u03bcm<\/td>\n<\/tr>\n<tr data-start=\"1390\" data-end=\"1408\">\n<td data-start=\"1390\" data-end=\"1397\" data-col-size=\"sm\">Osnowa<\/td>\n<td data-start=\"1397\" data-end=\"1408\" data-col-size=\"sm\">\u2264 30 \u03bcm<\/td>\n<\/tr>\n<tr data-start=\"1409\" data-end=\"1444\">\n<td data-start=\"1409\" data-end=\"1426\" data-col-size=\"sm\">G\u0119sto\u015b\u0107 defekt\u00f3w<\/td>\n<td data-col-size=\"sm\" data-start=\"1426\" data-end=\"1444\">MPD &lt; 1 ea\/cm\u00b2<\/td>\n<\/tr>\n<tr data-start=\"1445\" data-end=\"1480\">\n<td data-start=\"1445\" data-end=\"1452\" data-col-size=\"sm\">Kraw\u0119d\u017a<\/td>\n<td data-start=\"1452\" data-end=\"1480\" data-col-size=\"sm\">Skos 45\u00b0, standard SEMI<\/td>\n<\/tr>\n<tr data-start=\"1481\" data-end=\"1522\">\n<td data-start=\"1481\" data-end=\"1489\" data-col-size=\"sm\">Klasa<\/td>\n<td data-col-size=\"sm\" data-start=\"1489\" data-end=\"1522\">Produkcja \/ Badania \/ Manekin<\/td>\n<\/tr>\n<\/tbody>\n<\/table>\n<\/div>\n<\/div>\n<p data-start=\"1524\" data-end=\"1670\">Parametry te zapewniaj\u0105 wysok\u0105 jako\u015b\u0107 powierzchni i stabilno\u015b\u0107 wymiarow\u0105, kt\u00f3re s\u0105 niezb\u0119dne dla wzrostu epitaksjalnego i proces\u00f3w wytwarzania urz\u0105dze\u0144.<\/p>\n<h2 data-section-id=\"1p4die8\" data-start=\"1677\" data-end=\"1704\">Charakterystyka materia\u0142u<\/h2>\n<p data-start=\"1706\" data-end=\"1943\">W\u0119glik krzemu wykazuje szerokie pasmo przenoszenia wynosz\u0105ce oko\u0142o 3,26 eV, co pozwala urz\u0105dzeniom pracowa\u0107 przy znacznie wy\u017cszych napi\u0119ciach w por\u00f3wnaniu do krzemu. Skutkuje to lepsz\u0105 zdolno\u015bci\u0105 do obs\u0142ugi mocy i zmniejszonymi stratami przewodzenia.<img decoding=\"async\" class=\"size-medium wp-image-2170 alignright\" src=\"https:\/\/www.zmsh-semitech.com\/wp-content\/uploads\/2026\/04\/4inch_silicon_carbide_wafers2-300x300.webp\" alt=\"\" width=\"300\" height=\"300\" srcset=\"https:\/\/www.zmsh-semitech.com\/wp-content\/uploads\/2026\/04\/4inch_silicon_carbide_wafers2-300x300.webp 300w, https:\/\/www.zmsh-semitech.com\/wp-content\/uploads\/2026\/04\/4inch_silicon_carbide_wafers2-150x150.webp 150w, https:\/\/www.zmsh-semitech.com\/wp-content\/uploads\/2026\/04\/4inch_silicon_carbide_wafers2-768x768.webp 768w, https:\/\/www.zmsh-semitech.com\/wp-content\/uploads\/2026\/04\/4inch_silicon_carbide_wafers2-12x12.webp 12w, https:\/\/www.zmsh-semitech.com\/wp-content\/uploads\/2026\/04\/4inch_silicon_carbide_wafers2-600x600.webp 600w, https:\/\/www.zmsh-semitech.com\/wp-content\/uploads\/2026\/04\/4inch_silicon_carbide_wafers2-100x100.webp 100w, https:\/\/www.zmsh-semitech.com\/wp-content\/uploads\/2026\/04\/4inch_silicon_carbide_wafers2.webp 800w\" sizes=\"(max-width: 300px) 100vw, 300px\" \/><\/p>\n<p data-start=\"1945\" data-end=\"2159\">Inn\u0105 wa\u017cn\u0105 w\u0142a\u015bciwo\u015bci\u0105 jest wysokie przebicie pola elektrycznego, kt\u00f3re mo\u017ce by\u0107 prawie dziesi\u0119ciokrotnie wi\u0119ksze ni\u017c w przypadku krzemu. Umo\u017cliwia to stosowanie cie\u0144szych struktur urz\u0105dze\u0144 i wy\u017cszej wydajno\u015bci w systemach konwersji energii.<\/p>\n<p data-start=\"2161\" data-end=\"2440\">Kluczow\u0105 zalet\u0105 jest r\u00f3wnie\u017c przewodno\u015b\u0107 cieplna. SiC przewodzi ciep\u0142o oko\u0142o trzy razy skuteczniej ni\u017c krzem, umo\u017cliwiaj\u0105c urz\u0105dzeniom utrzymanie stabilnej wydajno\u015bci w warunkach du\u017cego obci\u0105\u017cenia. Zmniejsza to zapotrzebowanie na z\u0142o\u017cone systemy ch\u0142odzenia i poprawia og\u00f3ln\u0105 niezawodno\u015b\u0107 systemu.<\/p>\n<p data-start=\"2442\" data-end=\"2702\">Ponadto w\u0119glik krzemu zachowuje stabilne w\u0142a\u015bciwo\u015bci elektryczne w temperaturach przekraczaj\u0105cych 600\u00b0C. Sprawia to, \u017ce jest on szczeg\u00f3lnie odpowiedni do zastosowa\u0144 w trudnych warunkach, takich jak samochodowe systemy zasilania, nap\u0119dy przemys\u0142owe i elektronika lotnicza.<\/p>\n<p data-start=\"2704\" data-end=\"2856\">Materia\u0142 ten oferuje r\u00f3wnie\u017c wysok\u0105 ruchliwo\u015b\u0107 elektron\u00f3w i nisk\u0105 rezystancj\u0119 w\u0142\u0105czenia, przyczyniaj\u0105c si\u0119 do szybszego prze\u0142\u0105czania pr\u0119dko\u015bci i zmniejszenia strat energii w urz\u0105dzeniach zasilaj\u0105cych.<\/p>\n<h2 data-section-id=\"1m1028d\" data-start=\"2863\" data-end=\"2887\">Dost\u0119pne rozmiary wafli<\/h2>\n<p data-start=\"2889\" data-end=\"2984\">Wafle z w\u0119glika krzemu s\u0105 dost\u0119pne w wielu \u015brednicach, aby spe\u0142ni\u0107 r\u00f3\u017cne potrzeby aplikacji:<\/p>\n<div class=\"TyagGW_tableContainer\">\n<div class=\"group TyagGW_tableWrapper flex flex-col-reverse w-fit\" tabindex=\"-1\">\n<table class=\"w-fit min-w-(--thread-content-width)\" data-start=\"2986\" data-end=\"3227\">\n<thead data-start=\"2986\" data-end=\"3023\">\n<tr data-start=\"2986\" data-end=\"3023\">\n<th class=\"\" data-start=\"2986\" data-end=\"2993\" data-col-size=\"sm\">Rozmiar<\/th>\n<th class=\"\" data-start=\"2993\" data-end=\"3004\" data-col-size=\"sm\">\u015arednica<\/th>\n<th class=\"\" data-start=\"3004\" data-end=\"3023\" data-col-size=\"sm\">Zakres grubo\u015bci<\/th>\n<\/tr>\n<\/thead>\n<tbody data-start=\"3061\" data-end=\"3227\">\n<tr data-start=\"3061\" data-end=\"3094\">\n<td data-start=\"3061\" data-end=\"3070\" data-col-size=\"sm\">2 cale<\/td>\n<td data-col-size=\"sm\" data-start=\"3070\" data-end=\"3080\">50,8 mm<\/td>\n<td data-col-size=\"sm\" data-start=\"3080\" data-end=\"3094\">330-350 \u03bcm<\/td>\n<\/tr>\n<tr data-start=\"3095\" data-end=\"3128\">\n<td data-start=\"3095\" data-end=\"3104\" data-col-size=\"sm\">3 cale<\/td>\n<td data-col-size=\"sm\" data-start=\"3104\" data-end=\"3114\">76,2 mm<\/td>\n<td data-col-size=\"sm\" data-start=\"3114\" data-end=\"3128\">350-500 \u03bcm<\/td>\n<\/tr>\n<tr data-start=\"3129\" data-end=\"3161\">\n<td data-start=\"3129\" data-end=\"3138\" data-col-size=\"sm\">4 cale<\/td>\n<td data-col-size=\"sm\" data-start=\"3138\" data-end=\"3147\">100 mm<\/td>\n<td data-col-size=\"sm\" data-start=\"3147\" data-end=\"3161\">350-500 \u03bcm<\/td>\n<\/tr>\n<tr data-start=\"3162\" data-end=\"3194\">\n<td data-start=\"3162\" data-end=\"3171\" data-col-size=\"sm\">6 cali<\/td>\n<td data-col-size=\"sm\" data-start=\"3171\" data-end=\"3180\">150 mm<\/td>\n<td data-col-size=\"sm\" data-start=\"3180\" data-end=\"3194\">350-500 \u03bcm<\/td>\n<\/tr>\n<tr data-start=\"3195\" data-end=\"3227\">\n<td data-start=\"3195\" data-end=\"3204\" data-col-size=\"sm\">8 cali<\/td>\n<td data-col-size=\"sm\" data-start=\"3204\" data-end=\"3213\">200 mm<\/td>\n<td data-col-size=\"sm\" data-start=\"3213\" data-end=\"3227\">350-500 \u03bcm<\/td>\n<\/tr>\n<\/tbody>\n<\/table>\n<\/div>\n<\/div>\n<p data-start=\"3229\" data-end=\"3350\">Typowe typy obejmuj\u0105 przewodz\u0105ce 4H-N, p\u00f3\u0142izolacyjne HPSI i inne specjalistyczne warianty do zastosowa\u0144 RF i zasilania.<\/p>\n<h2 data-section-id=\"mu966k\" data-start=\"3357\" data-end=\"3372\">Zastosowania<\/h2>\n<p data-start=\"3374\" data-end=\"3574\">W pojazdach elektrycznych p\u0142ytki SiC s\u0105 wykorzystywane w falownikach trakcyjnych, \u0142adowarkach pok\u0142adowych i przetwornicach DC-DC. Poprawiaj\u0105 one wydajno\u015b\u0107 energetyczn\u0105, zmniejszaj\u0105 wytwarzanie ciep\u0142a i umo\u017cliwiaj\u0105 bardziej kompaktowe konstrukcje system\u00f3w.<img decoding=\"async\" class=\"size-medium wp-image-2169 alignright\" src=\"https:\/\/www.zmsh-semitech.com\/wp-content\/uploads\/2026\/04\/4inch_silicon_carbide_wafers4-300x300.webp\" alt=\"\" width=\"300\" height=\"300\" srcset=\"https:\/\/www.zmsh-semitech.com\/wp-content\/uploads\/2026\/04\/4inch_silicon_carbide_wafers4-300x300.webp 300w, https:\/\/www.zmsh-semitech.com\/wp-content\/uploads\/2026\/04\/4inch_silicon_carbide_wafers4-150x150.webp 150w, https:\/\/www.zmsh-semitech.com\/wp-content\/uploads\/2026\/04\/4inch_silicon_carbide_wafers4-768x768.webp 768w, https:\/\/www.zmsh-semitech.com\/wp-content\/uploads\/2026\/04\/4inch_silicon_carbide_wafers4-12x12.webp 12w, https:\/\/www.zmsh-semitech.com\/wp-content\/uploads\/2026\/04\/4inch_silicon_carbide_wafers4-600x600.webp 600w, https:\/\/www.zmsh-semitech.com\/wp-content\/uploads\/2026\/04\/4inch_silicon_carbide_wafers4-100x100.webp 100w, https:\/\/www.zmsh-semitech.com\/wp-content\/uploads\/2026\/04\/4inch_silicon_carbide_wafers4.webp 800w\" sizes=\"(max-width: 300px) 100vw, 300px\" \/><\/p>\n<p data-start=\"3576\" data-end=\"3764\">W systemach energii odnawialnej urz\u0105dzenia SiC s\u0105 stosowane w falownikach s\u0142onecznych i wiatrowych. Ich wysoka sprawno\u015b\u0107 przyczynia si\u0119 do zmniejszenia strat energii i poprawy wydajno\u015bci systemu.<\/p>\n<p data-start=\"3766\" data-end=\"3928\">Systemy przemys\u0142owe r\u00f3wnie\u017c korzystaj\u0105 z technologii SiC, zw\u0142aszcza w nap\u0119dach silnikowych o du\u017cej mocy i urz\u0105dzeniach automatyki, gdzie niezawodno\u015b\u0107 i trwa\u0142o\u015b\u0107 maj\u0105 kluczowe znaczenie.<\/p>\n<p data-start=\"3930\" data-end=\"4111\">W infrastrukturze sieci energetycznej w\u0119glik krzemu jest wykorzystywany w inteligentnych systemach sieciowych i urz\u0105dzeniach przesy\u0142owych wysokiego napi\u0119cia w celu zwi\u0119kszenia wydajno\u015bci konwersji energii i zmniejszenia strat systemowych.<\/p>\n<p data-start=\"4113\" data-end=\"4266\">Zastosowania lotnicze i obronne wykorzystuj\u0105 SiC w elektronice o wysokiej niezawodno\u015bci, kt\u00f3ra musi dzia\u0142a\u0107 w ekstremalnych warunkach temperaturowych i \u015brodowiskowych.<\/p>\n<h2 data-section-id=\"19b7k0q\" data-start=\"4273\" data-end=\"4296\">Por\u00f3wnanie Si vs SiC<\/h2>\n<div class=\"TyagGW_tableContainer\">\n<div class=\"group TyagGW_tableWrapper flex flex-col-reverse w-fit\" tabindex=\"-1\">\n<table class=\"w-fit min-w-(--thread-content-width)\" data-start=\"4298\" data-end=\"4557\">\n<thead data-start=\"4298\" data-end=\"4338\">\n<tr data-start=\"4298\" data-end=\"4338\">\n<th class=\"\" data-start=\"4298\" data-end=\"4309\" data-col-size=\"sm\">Nieruchomo\u015b\u0107<\/th>\n<th class=\"\" data-start=\"4309\" data-end=\"4319\" data-col-size=\"sm\">Krzem<\/th>\n<th class=\"\" data-start=\"4319\" data-end=\"4338\" data-col-size=\"sm\">W\u0119glik krzemu<\/th>\n<\/tr>\n<\/thead>\n<tbody data-start=\"4379\" data-end=\"4557\">\n<tr data-start=\"4379\" data-end=\"4410\">\n<td data-start=\"4379\" data-end=\"4389\" data-col-size=\"sm\">Pasmo przenoszenia<\/td>\n<td data-col-size=\"sm\" data-start=\"4389\" data-end=\"4399\">1,12 eV<\/td>\n<td data-col-size=\"sm\" data-start=\"4399\" data-end=\"4410\">3,26 eV<\/td>\n<\/tr>\n<tr data-start=\"4411\" data-end=\"4443\">\n<td data-start=\"4411\" data-end=\"4429\" data-col-size=\"sm\">Pole podzia\u0142u<\/td>\n<td data-col-size=\"sm\" data-start=\"4429\" data-end=\"4435\">Niski<\/td>\n<td data-col-size=\"sm\" data-start=\"4435\" data-end=\"4443\">Wysoki<\/td>\n<\/tr>\n<tr data-start=\"4444\" data-end=\"4486\">\n<td data-start=\"4444\" data-end=\"4467\" data-col-size=\"sm\">Przewodno\u015b\u0107 cieplna<\/td>\n<td data-col-size=\"sm\" data-start=\"4467\" data-end=\"4478\">Umiarkowany<\/td>\n<td data-col-size=\"sm\" data-start=\"4478\" data-end=\"4486\">Wysoki<\/td>\n<\/tr>\n<tr data-start=\"4487\" data-end=\"4524\">\n<td data-start=\"4487\" data-end=\"4505\" data-col-size=\"sm\">Maksymalna temperatura<\/td>\n<td data-col-size=\"sm\" data-start=\"4505\" data-end=\"4514\">~150\u00b0C<\/td>\n<td data-col-size=\"sm\" data-start=\"4514\" data-end=\"4524\">&gt;600\u00b0C<\/td>\n<\/tr>\n<tr data-start=\"4525\" data-end=\"4557\">\n<td data-start=\"4525\" data-end=\"4538\" data-col-size=\"sm\">Wydajno\u015b\u0107<\/td>\n<td data-col-size=\"sm\" data-start=\"4538\" data-end=\"4549\">Standard<\/td>\n<td data-col-size=\"sm\" data-start=\"4549\" data-end=\"4557\">Wysoki<\/td>\n<\/tr>\n<\/tbody>\n<\/table>\n<\/div>\n<\/div>\n<p data-start=\"4559\" data-end=\"4716\">Krzem nadal nadaje si\u0119 do konwencjonalnej elektroniki o niskim poborze mocy, podczas gdy w\u0119glik krzemu jest coraz bardziej preferowany w systemach o du\u017cej mocy i wysokiej wydajno\u015bci.<\/p>\n<h2 data-section-id=\"1hryhf7\" data-start=\"4723\" data-end=\"4729\">FAQ<\/h2>\n<p data-start=\"4731\" data-end=\"5020\"><strong>P: Jaka jest r\u00f3\u017cnica mi\u0119dzy waflami krzemowymi a waflami z w\u0119glika krzemu?<\/strong><br data-start=\"4800\" data-end=\"4803\" \/>Wafle krzemowe s\u0105 szeroko stosowane w uk\u0142adach scalonych i standardowych urz\u0105dzeniach elektronicznych. Wafle z w\u0119glika krzemu s\u0105 przeznaczone do elektroniki mocy, gdzie wymagane jest wysokie napi\u0119cie, wysoka temperatura i wysoka wydajno\u015b\u0107.<\/p>\n<p data-start=\"5022\" data-end=\"5286\"><strong>P: Jak SiC wypada w por\u00f3wnaniu z GaN?<\/strong><br data-start=\"5055\" data-end=\"5058\" \/>SiC jest zwykle u\u017cywany w aplikacjach o wysokim napi\u0119ciu i du\u017cej mocy, takich jak pojazdy elektryczne i sieci energetyczne. GaN jest bardziej odpowiedni do zastosowa\u0144 o wysokiej cz\u0119stotliwo\u015bci i ni\u017cszym napi\u0119ciu, w tym system\u00f3w RF i urz\u0105dze\u0144 do szybkiego \u0142adowania.<\/p>\n<p data-start=\"5288\" data-end=\"5529\"><strong>P: Czy w\u0119glik krzemu jest ceramik\u0105 czy p\u00f3\u0142przewodnikiem?<\/strong><br data-start=\"5339\" data-end=\"5342\" \/>W\u0119glik krzemu jest zar\u00f3wno ceramik\u0105, jak i p\u00f3\u0142przewodnikiem. \u0141\u0105czy w sobie wysok\u0105 wytrzyma\u0142o\u015b\u0107 mechaniczn\u0105 z doskona\u0142ymi w\u0142a\u015bciwo\u015bciami elektrycznymi, dzi\u0119ki czemu nadaje si\u0119 do wymagaj\u0105cych zastosowa\u0144 elektronicznych.<\/p>\n<p data-start=\"5551\" data-end=\"5953\">","protected":false},"excerpt":{"rendered":"<p>4-calowy wafel 4H-N z w\u0119glika krzemu jest kluczowym materia\u0142em dla nowoczesnej elektroniki mocy. Po\u0142\u0105czenie sprawno\u015bci elektrycznej, wydajno\u015bci termicznej i niezawodno\u015bci sprawia, \u017ce jest to niezb\u0119dne pod\u0142o\u017ce dla urz\u0105dze\u0144 nowej generacji. Poniewa\u017c bran\u017ce nadal wymagaj\u0105 wy\u017cszej wydajno\u015bci energetycznej i wydajno\u015bci systemu, p\u0142ytki SiC staj\u0105 si\u0119 coraz wa\u017cniejsze zar\u00f3wno w zastosowaniach komercyjnych, jak i przemys\u0142owych.<\/p>","protected":false},"featured_media":2168,"comment_status":"open","ping_status":"closed","template":"","meta":{"site-sidebar-layout":"default","site-content-layout":"","ast-site-content-layout":"default","site-content-style":"default","site-sidebar-style":"default","ast-global-header-display":"","ast-banner-title-visibility":"","ast-main-header-display":"","ast-hfb-above-header-display":"","ast-hfb-below-header-display":"","ast-hfb-mobile-header-display":"","site-post-title":"","ast-breadcrumbs-content":"","ast-featured-img":"","footer-sml-layout":"","ast-disable-related-posts":"","theme-transparent-header-meta":"default","adv-header-id-meta":"","stick-header-meta":"default","header-above-stick-meta":"","header-main-stick-meta":"","header-below-stick-meta":"","astra-migrate-meta-layouts":"set","ast-page-background-enabled":"default","ast-page-background-meta":{"desktop":{"background-color":"var(--ast-global-color-4)","background-image":"","background-repeat":"repeat","background-position":"center center","background-size":"auto","background-attachment":"scroll","background-type":"","background-media":"","overlay-type":"","overlay-color":"","overlay-opacity":"","overlay-gradient":""},"tablet":{"background-color":"","background-image":"","background-repeat":"repeat","background-position":"center center","background-size":"auto","background-attachment":"scroll","background-type":"","background-media":"","overlay-type":"","overlay-color":"","overlay-opacity":"","overlay-gradient":""},"mobile":{"background-color":"","background-image":"","background-repeat":"repeat","background-position":"center center","background-size":"auto","background-attachment":"scroll","background-type":"","background-media":"","overlay-type":"","overlay-color":"","overlay-opacity":"","overlay-gradient":""}},"ast-content-background-meta":{"desktop":{"background-color":"var(--ast-global-color-5)","background-image":"","background-repeat":"repeat","background-position":"center center","background-size":"auto","background-attachment":"scroll","background-type":"","background-media":"","overlay-type":"","overlay-color":"","overlay-opacity":"","overlay-gradient":""},"tablet":{"background-color":"var(--ast-global-color-5)","background-image":"","background-repeat":"repeat","background-position":"center center","background-size":"auto","background-attachment":"scroll","background-type":"","background-media":"","overlay-type":"","overlay-color":"","overlay-opacity":"","overlay-gradient":""},"mobile":{"background-color":"var(--ast-global-color-5)","background-image":"","background-repeat":"repeat","background-position":"center center","background-size":"auto","background-attachment":"scroll","background-type":"","background-media":"","overlay-type":"","overlay-color":"","overlay-opacity":"","overlay-gradient":""}}},"product_brand":[],"product_cat":[729],"product_tag":[930,929,935,931,932,934,933,928,927,692],"class_list":{"0":"post-2167","1":"product","2":"type-product","3":"status-publish","4":"has-post-thumbnail","6":"product_cat-wafer","7":"product_tag-4-inch-sic-wafer","8":"product_tag-4h-n-sic","9":"product_tag-ev-power-electronics-material","10":"product_tag-n-type-sic-wafer","11":"product_tag-power-semiconductor-material","12":"product_tag-schottky-diode-substrate","13":"product_tag-sic-mosfet-wafer","14":"product_tag-sic-substrate","15":"product_tag-silicon-carbide-wafer","16":"product_tag-wide-bandgap-semiconductor","17":"desktop-align-left","18":"tablet-align-left","19":"mobile-align-left","20":"ast-product-gallery-layout-horizontal-slider","21":"ast-product-tabs-layout-horizontal","23":"first","24":"instock","25":"shipping-taxable","26":"product-type-simple"},"_links":{"self":[{"href":"https:\/\/www.zmsh-semitech.com\/pl\/wp-json\/wp\/v2\/product\/2167","targetHints":{"allow":["GET"]}}],"collection":[{"href":"https:\/\/www.zmsh-semitech.com\/pl\/wp-json\/wp\/v2\/product"}],"about":[{"href":"https:\/\/www.zmsh-semitech.com\/pl\/wp-json\/wp\/v2\/types\/product"}],"replies":[{"embeddable":true,"href":"https:\/\/www.zmsh-semitech.com\/pl\/wp-json\/wp\/v2\/comments?post=2167"}],"version-history":[{"count":1,"href":"https:\/\/www.zmsh-semitech.com\/pl\/wp-json\/wp\/v2\/product\/2167\/revisions"}],"predecessor-version":[{"id":2172,"href":"https:\/\/www.zmsh-semitech.com\/pl\/wp-json\/wp\/v2\/product\/2167\/revisions\/2172"}],"wp:featuredmedia":[{"embeddable":true,"href":"https:\/\/www.zmsh-semitech.com\/pl\/wp-json\/wp\/v2\/media\/2168"}],"wp:attachment":[{"href":"https:\/\/www.zmsh-semitech.com\/pl\/wp-json\/wp\/v2\/media?parent=2167"}],"wp:term":[{"taxonomy":"product_brand","embeddable":true,"href":"https:\/\/www.zmsh-semitech.com\/pl\/wp-json\/wp\/v2\/product_brand?post=2167"},{"taxonomy":"product_cat","embeddable":true,"href":"https:\/\/www.zmsh-semitech.com\/pl\/wp-json\/wp\/v2\/product_cat?post=2167"},{"taxonomy":"product_tag","embeddable":true,"href":"https:\/\/www.zmsh-semitech.com\/pl\/wp-json\/wp\/v2\/product_tag?post=2167"}],"curies":[{"name":"wp","href":"https:\/\/api.w.org\/{rel}","templated":true}]}}