{"id":2149,"date":"2026-04-09T07:24:36","date_gmt":"2026-04-09T07:24:36","guid":{"rendered":"https:\/\/www.zmsh-semitech.com\/?post_type=product&#038;p=2149"},"modified":"2026-04-09T07:24:37","modified_gmt":"2026-04-09T07:24:37","slug":"hp-1201-automatic-wafer-dicing-machine-for-large-format-precision-cutting","status":"publish","type":"product","link":"https:\/\/www.zmsh-semitech.com\/pl\/product\/hp-1201-automatic-wafer-dicing-machine-for-large-format-precision-cutting\/","title":{"rendered":"HP-1201 Automatyczna kostkarka do wafli do precyzyjnego ci\u0119cia wielkoformatowego"},"content":{"rendered":"<p data-start=\"317\" data-end=\"680\"><img fetchpriority=\"high\" decoding=\"async\" class=\"size-medium wp-image-2151 alignright\" src=\"https:\/\/www.zmsh-semitech.com\/wp-content\/uploads\/2026\/04\/HP-1201-Automatic-Wafer-Substrate-Dicing-Machine-for-Large-Format-Precision-Cutting-300x300.png\" alt=\"\" width=\"300\" height=\"300\" srcset=\"https:\/\/www.zmsh-semitech.com\/wp-content\/uploads\/2026\/04\/HP-1201-Automatic-Wafer-Substrate-Dicing-Machine-for-Large-Format-Precision-Cutting-300x300.png 300w, https:\/\/www.zmsh-semitech.com\/wp-content\/uploads\/2026\/04\/HP-1201-Automatic-Wafer-Substrate-Dicing-Machine-for-Large-Format-Precision-Cutting-150x150.png 150w, https:\/\/www.zmsh-semitech.com\/wp-content\/uploads\/2026\/04\/HP-1201-Automatic-Wafer-Substrate-Dicing-Machine-for-Large-Format-Precision-Cutting-768x768.png 768w, https:\/\/www.zmsh-semitech.com\/wp-content\/uploads\/2026\/04\/HP-1201-Automatic-Wafer-Substrate-Dicing-Machine-for-Large-Format-Precision-Cutting-12x12.png 12w, https:\/\/www.zmsh-semitech.com\/wp-content\/uploads\/2026\/04\/HP-1201-Automatic-Wafer-Substrate-Dicing-Machine-for-Large-Format-Precision-Cutting-600x600.png 600w, https:\/\/www.zmsh-semitech.com\/wp-content\/uploads\/2026\/04\/HP-1201-Automatic-Wafer-Substrate-Dicing-Machine-for-Large-Format-Precision-Cutting-100x100.png 100w, https:\/\/www.zmsh-semitech.com\/wp-content\/uploads\/2026\/04\/HP-1201-Automatic-Wafer-Substrate-Dicing-Machine-for-Large-Format-Precision-Cutting.png 1000w\" sizes=\"(max-width: 300px) 100vw, 300px\" \/>Automatyczna kostkarka HP-1201 to wysokowydajne rozwi\u0105zanie zaprojektowane specjalnie z my\u015bl\u0105 o wielkoformatowych pod\u0142o\u017cach i wielocz\u0119\u015bciowym ci\u0119ciu. Zaprojektowany, aby sprosta\u0107 zmieniaj\u0105cym si\u0119 wymaganiom zaawansowanego pakowania p\u00f3\u0142przewodnik\u00f3w i przetwarzania substrat\u00f3w, system obs\u0142uguje zar\u00f3wno kostkowanie wafli (do 12 cali), jak i elementy o du\u017cej powierzchni do 400 \u00d7 400 mm.<\/p>\n<p data-start=\"682\" data-end=\"977\">Dzi\u0119ki solidnej konstrukcji bramowej, przeciwstawnej konfiguracji podw\u00f3jnego wrzeciona i dostosowywanej platformie roboczej, HP-1201 zapewnia wyj\u0105tkow\u0105 sztywno\u015b\u0107, stabilno\u015b\u0107 i wydajno\u015b\u0107. Jest ona szczeg\u00f3lnie odpowiednia do zastosowa\u0144 obejmuj\u0105cych materia\u0142y ta\u015bmowe, panele z wieloma matrycami i z\u0142o\u017cone uk\u0142ady obrabianych element\u00f3w.<\/p>\n<p data-start=\"979\" data-end=\"1181\">Maszyna \u0142\u0105czy w sobie precyzyjne osiowanie, inteligentn\u0105 inspekcj\u0119 i elastyczne mo\u017cliwo\u015bci obr\u00f3bki, co czyni j\u0105 idealnym wyborem dla producent\u00f3w poszukuj\u0105cych zar\u00f3wno produktywno\u015bci, jak i dok\u0142adno\u015bci ci\u0119cia.<\/p>\n<h2 data-section-id=\"1j5qwet\" data-start=\"1188\" data-end=\"1207\"><span role=\"text\">Kluczowe cechy<\/span><\/h2>\n<h3 data-section-id=\"1lkyyr4\" data-start=\"1209\" data-end=\"1256\"><span role=\"text\">1. Zaprojektowany dla wielkoformatowych pod\u0142o\u017cy<\/span><\/h3>\n<p data-start=\"1257\" data-end=\"1364\">W przeciwie\u0144stwie do konwencjonalnych system\u00f3w do ci\u0119cia w kostk\u0119, HP-1201 jest zoptymalizowany pod k\u0105tem du\u017cych element\u00f3w i pod\u0142o\u017cy opakowaniowych:<\/p>\n<ul data-start=\"1365\" data-end=\"1528\">\n<li data-section-id=\"122wrc4\" data-start=\"1365\" data-end=\"1420\">Obs\u0142uga kwadratowych materia\u0142\u00f3w o wymiarach do 400 mm \u00d7 400 mm<\/li>\n<li data-section-id=\"1w2sjk2\" data-start=\"1421\" data-end=\"1469\">Kompatybilny z waflami 12-calowymi i mniejszymi<\/li>\n<li data-section-id=\"bo18rw\" data-start=\"1470\" data-end=\"1528\">Idealny do zaawansowanych proces\u00f3w pakowania na poziomie panelu<\/li>\n<\/ul>\n<p data-start=\"1530\" data-end=\"1619\">To sprawia, \u017ce jest on wysoce adaptowalny zar\u00f3wno do p\u00f3\u0142przewodnik\u00f3w, jak i nowych technologii pakowania.<\/p>\n<h3 data-section-id=\"1gerb2u\" data-start=\"1626\" data-end=\"1683\"><span role=\"text\">2. Wysoka wydajno\u015b\u0107 ci\u0119cia wielu element\u00f3w<\/span><\/h3>\n<p data-start=\"1684\" data-end=\"1751\">System ten doskonale sprawdza si\u0119 w aplikacjach przetwarzania wielopasmowego i wsadowego:<\/p>\n<ul data-start=\"1752\" data-end=\"1953\">\n<li data-section-id=\"12ne451\" data-start=\"1752\" data-end=\"1810\">Obs\u0142uguje jednoczesne umieszczanie wielu przedmiot\u00f3w obrabianych<\/li>\n<li data-section-id=\"1ahonq2\" data-start=\"1811\" data-end=\"1889\">Przyk\u0142ad: w jednym cyklu mo\u017cna przetworzy\u0107 do 5 pask\u00f3w (250 mm \u00d7 70 mm).<\/li>\n<li data-section-id=\"91yitt\" data-start=\"1890\" data-end=\"1953\">Znacznie poprawia przepustowo\u015b\u0107 i skraca czas obs\u0142ugi<\/li>\n<\/ul>\n<p data-start=\"1955\" data-end=\"2034\">Ta funkcja jest szczeg\u00f3lnie cenna w \u015brodowiskach produkcyjnych o du\u017cej obj\u0119to\u015bci.<\/p>\n<h3 data-section-id=\"pb7q73\" data-start=\"2041\" data-end=\"2096\"><span role=\"text\">3. Przeciwstawny system dwuwrzecionowy zapewniaj\u0105cy produktywno\u015b\u0107<\/span><\/h3>\n<p data-start=\"2097\" data-end=\"2177\">HP-1201 posiada struktur\u0119 dwuwrzecionow\u0105 z rozstawem wrzecion \u2264 22 mm:<\/p>\n<ul data-start=\"2178\" data-end=\"2320\">\n<li data-section-id=\"126smyd\" data-start=\"2178\" data-end=\"2231\">Umo\u017cliwia r\u00f3wnoleg\u0142e lub sekwencyjne operacje ci\u0119cia<\/li>\n<li data-section-id=\"1phn8sk\" data-start=\"2232\" data-end=\"2264\">Zmniejsza dystans podr\u00f3\u017cy na biegu ja\u0142owym<\/li>\n<li data-section-id=\"101lqcw\" data-start=\"2265\" data-end=\"2320\">Zwi\u0119ksza wydajno\u015b\u0107 ci\u0119cia i og\u00f3ln\u0105 przepustowo\u015b\u0107<\/li>\n<\/ul>\n<p data-start=\"2322\" data-end=\"2440\">W po\u0142\u0105czeniu z szybkimi obrotami wrzeciona (do 60 000 obr.\/min), system zapewnia szybkie i precyzyjne oddzielanie materia\u0142u.<\/p>\n<h3 data-section-id=\"w5e11x\" data-start=\"2447\" data-end=\"2497\"><span role=\"text\">4. Konstrukcja bramowa zapewniaj\u0105ca doskona\u0142\u0105 stabilno\u015b\u0107<\/span><\/h3>\n<p data-start=\"2498\" data-end=\"2547\">Maszyna przyjmuje konstrukcj\u0119 bramow\u0105 o wysokiej sztywno\u015bci:<\/p>\n<ul data-start=\"2548\" data-end=\"2716\">\n<li data-section-id=\"fbik\" data-start=\"2548\" data-end=\"2609\">Zwi\u0119kszona stabilno\u015b\u0107 strukturalna podczas pracy z du\u017c\u0105 pr\u0119dko\u015bci\u0105<\/li>\n<li data-section-id=\"qf4dsg\" data-start=\"2610\" data-end=\"2661\">Redukcja wibracji zapewniaj\u0105ca wi\u0119ksz\u0105 dok\u0142adno\u015b\u0107 ci\u0119cia<\/li>\n<li data-section-id=\"8ypr2z\" data-start=\"2662\" data-end=\"2716\">Nadaje si\u0119 do precyzyjnego krojenia w kostk\u0119 kruchych materia\u0142\u00f3w<\/li>\n<\/ul>\n<p data-start=\"2718\" data-end=\"2797\">Zapewnia to sta\u0142\u0105 wydajno\u015b\u0107 nawet w wymagaj\u0105cych warunkach przetwarzania.<\/p>\n<h3 data-section-id=\"z6iv4c\" data-start=\"2804\" data-end=\"2855\"><span role=\"text\">5. Zaawansowany system osiowania i kontroli<\/span><\/h3>\n<p data-start=\"2856\" data-end=\"2902\">Wyposa\u017cony w konfiguracj\u0119 z dwoma mikroskopami:<\/p>\n<ul data-start=\"2903\" data-end=\"3050\">\n<li data-section-id=\"1upg1xh\" data-start=\"2903\" data-end=\"2952\">Umo\u017cliwia szybkie i dok\u0142adne automatyczne wyr\u00f3wnanie<\/li>\n<li data-section-id=\"7lt55p\" data-start=\"2953\" data-end=\"2997\">Obs\u0142uga kontroli rzazu w wysokiej rozdzielczo\u015bci<\/li>\n<li data-section-id=\"rql893\" data-start=\"2998\" data-end=\"3050\">Poprawia sp\u00f3jno\u015b\u0107 ci\u0119cia i redukuje defekty<\/li>\n<\/ul>\n<p data-start=\"3052\" data-end=\"3133\">Ma to kluczowe znaczenie dla utrzymania w\u0105skich tolerancji w produkcji p\u00f3\u0142przewodnik\u00f3w.<\/p>\n<h3 data-section-id=\"ft5041\" data-start=\"3140\" data-end=\"3190\"><span role=\"text\">6. Opcjonalna funkcja obci\u0105gania ostrza Sub-CT<\/span><\/h3>\n<p data-start=\"3191\" data-end=\"3283\">Opcjonalna funkcja obci\u0105gania ostrza ze wspomaganiem Sub-CT pomaga utrzyma\u0107 optymalny stan ostrza:<\/p>\n<ul data-start=\"3284\" data-end=\"3397\">\n<li data-section-id=\"1trj5ya\" data-start=\"3284\" data-end=\"3329\">Redukuje odpryskiwanie kraw\u0119dzi i defekty powierzchni<\/li>\n<li data-section-id=\"2vyx60\" data-start=\"3330\" data-end=\"3360\">Wyd\u0142u\u017ca \u017cywotno\u015b\u0107 ostrza<\/li>\n<li data-section-id=\"1wk3sdx\" data-start=\"3361\" data-end=\"3397\">Poprawia og\u00f3ln\u0105 jako\u015b\u0107 ci\u0119cia<\/li>\n<\/ul>\n<h3 data-section-id=\"ngjugw\" data-start=\"3404\" data-end=\"3447\"><span role=\"text\">7. Opcjonalny system g\u0142\u0119bokiego ch\u0142odzenia<\/span><\/h3>\n<p data-start=\"3448\" data-end=\"3503\">Dost\u0119pny jest opcjonalny system g\u0142\u0119bokiego ci\u0119cia wody ch\u0142odz\u0105cej:<\/p>\n<ul data-start=\"3504\" data-end=\"3641\">\n<li data-section-id=\"wu3rr0\" data-start=\"3504\" data-end=\"3550\">Zwi\u0119ksza wydajno\u015b\u0107 ch\u0142odzenia podczas ci\u0119cia<\/li>\n<li data-section-id=\"1e0lcc8\" data-start=\"3551\" data-end=\"3590\">Zmniejsza uszkodzenia termiczne materia\u0142\u00f3w<\/li>\n<li data-section-id=\"rjj9u\" data-start=\"3591\" data-end=\"3641\">Poprawia jako\u015b\u0107 powierzchni i precyzj\u0119 ci\u0119cia<\/li>\n<\/ul>\n<h2 data-section-id=\"id1bjs\" data-start=\"3648\" data-end=\"3679\"><span role=\"text\">Specyfikacja techniczna<\/span><\/h2>\n<div class=\"TyagGW_tableContainer\">\n<div class=\"group TyagGW_tableWrapper flex flex-col-reverse w-fit\" tabindex=\"-1\">\n<table class=\"w-fit min-w-(--thread-content-width)\" data-start=\"3681\" data-end=\"4410\">\n<thead data-start=\"3681\" data-end=\"3718\">\n<tr data-start=\"3681\" data-end=\"3718\">\n<th class=\"\" data-start=\"3681\" data-end=\"3697\" data-col-size=\"sm\">Parametr<\/th>\n<th class=\"\" data-start=\"3697\" data-end=\"3718\" data-col-size=\"sm\">Specyfikacja<\/th>\n<\/tr>\n<\/thead>\n<tbody data-start=\"3755\" data-end=\"4410\">\n<tr data-start=\"3755\" data-end=\"3781\">\n<td data-start=\"3755\" data-end=\"3771\" data-col-size=\"sm\">Moc wrzeciona<\/td>\n<td data-start=\"3771\" data-end=\"3781\" data-col-size=\"sm\">1,8 kW<\/td>\n<\/tr>\n<tr data-start=\"3782\" data-end=\"3818\">\n<td data-start=\"3782\" data-end=\"3798\" data-col-size=\"sm\">Pr\u0119dko\u015b\u0107 wrzeciona<\/td>\n<td data-start=\"3798\" data-end=\"3818\" data-col-size=\"sm\">6000 - 60000 obr.<\/td>\n<\/tr>\n<tr data-start=\"3819\" data-end=\"3845\">\n<td data-start=\"3819\" data-end=\"3835\" data-col-size=\"sm\">Skok osi X<\/td>\n<td data-start=\"3835\" data-end=\"3845\" data-col-size=\"sm\">420 mm<\/td>\n<\/tr>\n<tr data-start=\"3846\" data-end=\"3880\">\n<td data-start=\"3846\" data-end=\"3861\" data-col-size=\"sm\">Pr\u0119dko\u015b\u0107 osi X<\/td>\n<td data-start=\"3861\" data-end=\"3880\" data-col-size=\"sm\">0,1 - 1000 mm\/s<\/td>\n<\/tr>\n<tr data-start=\"3881\" data-end=\"3913\">\n<td data-start=\"3881\" data-end=\"3901\" data-col-size=\"sm\">Rozdzielczo\u015b\u0107 osi X<\/td>\n<td data-start=\"3901\" data-end=\"3913\" data-col-size=\"sm\">0,001 mm<\/td>\n<\/tr>\n<tr data-start=\"3914\" data-end=\"3939\">\n<td data-start=\"3914\" data-end=\"3929\" data-col-size=\"sm\">Podr\u00f3\u017c Y1\/Y2<\/td>\n<td data-start=\"3929\" data-end=\"3939\" data-col-size=\"sm\">420 mm<\/td>\n<\/tr>\n<tr data-start=\"3940\" data-end=\"3973\">\n<td data-start=\"3940\" data-end=\"3960\" data-col-size=\"sm\">Rozdzielczo\u015b\u0107 osi Y<\/td>\n<td data-start=\"3960\" data-end=\"3973\" data-col-size=\"sm\">0,0001 mm<\/td>\n<\/tr>\n<tr data-start=\"3974\" data-end=\"4009\">\n<td data-start=\"3974\" data-end=\"3997\" data-col-size=\"sm\">Dok\u0142adno\u015b\u0107 pozycjonowania<\/td>\n<td data-start=\"3997\" data-end=\"4009\" data-col-size=\"sm\">0,002 mm<\/td>\n<\/tr>\n<tr data-start=\"4010\" data-end=\"4048\">\n<td data-start=\"4010\" data-end=\"4030\" data-col-size=\"sm\">Skumulowany b\u0142\u0105d<\/td>\n<td data-start=\"4030\" data-end=\"4048\" data-col-size=\"sm\">0,003 \/ 400 mm<\/td>\n<\/tr>\n<tr data-start=\"4049\" data-end=\"4073\">\n<td data-start=\"4049\" data-end=\"4064\" data-col-size=\"sm\">Z1\/Z2 Travel<\/td>\n<td data-start=\"4064\" data-end=\"4073\" data-col-size=\"sm\">13 mm<\/td>\n<\/tr>\n<tr data-start=\"4074\" data-end=\"4102\">\n<td data-start=\"4074\" data-end=\"4090\" data-col-size=\"sm\">Powtarzalno\u015b\u0107<\/td>\n<td data-start=\"4090\" data-end=\"4102\" data-col-size=\"sm\">0,001 mm<\/td>\n<\/tr>\n<tr data-start=\"4103\" data-end=\"4133\">\n<td data-start=\"4103\" data-end=\"4120\" data-col-size=\"sm\">Theta Rotation<\/td>\n<td data-start=\"4120\" data-end=\"4133\" data-col-size=\"sm\">380\u00b0 \u00b1 5\u00b0<\/td>\n<\/tr>\n<tr data-start=\"4134\" data-end=\"4166\">\n<td data-start=\"4134\" data-end=\"4153\" data-col-size=\"sm\">Dok\u0142adno\u015b\u0107 k\u0105towa<\/td>\n<td data-start=\"4153\" data-end=\"4166\" data-col-size=\"sm\">1 sek. \u0142uku<\/td>\n<\/tr>\n<tr data-start=\"4167\" data-end=\"4220\">\n<td data-start=\"4167\" data-end=\"4194\" data-col-size=\"sm\">Powi\u0119kszenie mikroskopu<\/td>\n<td data-start=\"4194\" data-end=\"4220\" data-col-size=\"sm\">1,5\u00d7 (opcjonalnie) \/ 0,8\u00d7<\/td>\n<\/tr>\n<tr data-start=\"4221\" data-end=\"4262\">\n<td data-start=\"4221\" data-end=\"4232\" data-col-size=\"sm\">O\u015bwietlenie<\/td>\n<td data-start=\"4232\" data-end=\"4262\" data-col-size=\"sm\">\u015awiat\u0142o pier\u015bcieniowe + \u015bwiat\u0142o koncentryczne<\/td>\n<\/tr>\n<tr data-start=\"4263\" data-end=\"4298\">\n<td data-start=\"4263\" data-end=\"4287\" data-col-size=\"sm\">Maks. obrabiany przedmiot (okr\u0105g\u0142y)<\/td>\n<td data-start=\"4287\" data-end=\"4298\" data-col-size=\"sm\">\u00d8300 mm<\/td>\n<\/tr>\n<tr data-start=\"4299\" data-end=\"4340\">\n<td data-start=\"4299\" data-end=\"4324\" data-col-size=\"sm\">Maks. obrabiany przedmiot (kwadrat)<\/td>\n<td data-start=\"4324\" data-end=\"4340\" data-col-size=\"sm\">400 \u00d7 400 mm<\/td>\n<\/tr>\n<tr data-start=\"4341\" data-end=\"4389\">\n<td data-start=\"4341\" data-end=\"4364\" data-col-size=\"sm\">Rozmiar maszyny (szer. \u00d7 g\u0142\u0119b. \u00d7 wys.)<\/td>\n<td data-start=\"4364\" data-end=\"4389\" data-col-size=\"sm\">1450 \u00d7 1250 \u00d7 1850 mm<\/td>\n<\/tr>\n<tr data-start=\"4390\" data-end=\"4410\">\n<td data-start=\"4390\" data-end=\"4399\" data-col-size=\"sm\">Waga<\/td>\n<td data-start=\"4399\" data-end=\"4410\" data-col-size=\"sm\">2000 kg<\/td>\n<\/tr>\n<\/tbody>\n<\/table>\n<\/div>\n<\/div>\n<h2 data-section-id=\"k0zlak\" data-start=\"4417\" data-end=\"4436\"><span role=\"text\">Zastosowania<\/span><\/h2>\n<p data-start=\"4438\" data-end=\"4562\">HP-1201 jest szeroko stosowany w zaawansowanych dziedzinach produkcji wymagaj\u0105cych wysokiej precyzji krojenia w kostk\u0119 du\u017cych lub wielu element\u00f3w:<\/p>\n<ul data-start=\"4564\" data-end=\"4795\">\n<li data-section-id=\"5cz68w\" data-start=\"4564\" data-end=\"4606\">Kostkowanie p\u0142ytek p\u00f3\u0142przewodnikowych (\u2264 12 cali)<\/li>\n<li data-section-id=\"vc4r2z\" data-start=\"4607\" data-end=\"4640\">Zaawansowane pod\u0142o\u017ca opakowaniowe<\/li>\n<li data-section-id=\"c44nr\" data-start=\"4641\" data-end=\"4672\">Pakowanie na poziomie panelu (PLP)<\/li>\n<li data-section-id=\"ar9gw\" data-start=\"4673\" data-end=\"4709\">LED i materia\u0142y optoelektroniczne<\/li>\n<li data-section-id=\"1cw4nvq\" data-start=\"4710\" data-end=\"4748\">Ceramika i twarde kruche materia\u0142y<\/li>\n<li data-section-id=\"nh0qnc\" data-start=\"4749\" data-end=\"4795\">Ci\u0119cie wielu ta\u015bm i ci\u0119cie wsadowe<\/li>\n<\/ul>\n<p><img decoding=\"async\" class=\"wp-image-2150 size-large aligncenter\" src=\"https:\/\/www.zmsh-semitech.com\/wp-content\/uploads\/2026\/04\/APPLICATION2-1024x683.png\" alt=\"\" width=\"1024\" height=\"683\" srcset=\"https:\/\/www.zmsh-semitech.com\/wp-content\/uploads\/2026\/04\/APPLICATION2-1024x683.png 1024w, https:\/\/www.zmsh-semitech.com\/wp-content\/uploads\/2026\/04\/APPLICATION2-300x200.png 300w, https:\/\/www.zmsh-semitech.com\/wp-content\/uploads\/2026\/04\/APPLICATION2-768x512.png 768w, https:\/\/www.zmsh-semitech.com\/wp-content\/uploads\/2026\/04\/APPLICATION2-18x12.png 18w, https:\/\/www.zmsh-semitech.com\/wp-content\/uploads\/2026\/04\/APPLICATION2-600x400.png 600w, https:\/\/www.zmsh-semitech.com\/wp-content\/uploads\/2026\/04\/APPLICATION2.png 1536w\" sizes=\"(max-width: 1024px) 100vw, 1024px\" \/><\/p>\n<h2 data-section-id=\"p8uldy\" data-start=\"4802\" data-end=\"4824\"><span role=\"text\">Podstawowe zalety<\/span><\/h2>\n<h3 data-section-id=\"jjig1u\" data-start=\"4826\" data-end=\"4849\"><span role=\"text\">Wysoka wydajno\u015b\u0107<\/span><\/h3>\n<p data-start=\"4850\" data-end=\"4933\">Obr\u00f3bka wielu element\u00f3w i konstrukcja z dwoma wrzecionami znacznie zwi\u0119kszaj\u0105 produktywno\u015b\u0107.<\/p>\n<h3 data-section-id=\"1lkz33s\" data-start=\"4935\" data-end=\"4962\"><span role=\"text\">Elastyczne przetwarzanie<\/span><\/h3>\n<p data-start=\"4963\" data-end=\"5038\">Konfigurowalny st\u00f3\u0142 roboczy umo\u017cliwia przetwarzanie r\u00f3\u017cnych kszta\u0142t\u00f3w i uk\u0142ad\u00f3w.<\/p>\n<h3 data-section-id=\"1s6s45v\" data-start=\"5040\" data-end=\"5069\"><span role=\"text\">Precyzja i stabilno\u015b\u0107<\/span><\/h3>\n<p data-start=\"5070\" data-end=\"5156\">Konstrukcja bramowa i zaawansowany system osiowania zapewniaj\u0105 wysok\u0105 dok\u0142adno\u015b\u0107 i powtarzalno\u015b\u0107.<\/p>\n<h3 data-section-id=\"kl9wyi\" data-start=\"5158\" data-end=\"5181\"><span role=\"text\">Efektywno\u015b\u0107 kosztowa<\/span><\/h3>\n<p data-start=\"5182\" data-end=\"5262\">Kr\u00f3tszy czas obr\u00f3bki i d\u0142u\u017csza \u017cywotno\u015b\u0107 ostrza obni\u017caj\u0105 og\u00f3lne koszty operacyjne.<\/p>\n<h2 data-section-id=\"1nqqsko\" data-start=\"63\" data-end=\"102\"><span role=\"text\">Cz\u0119sto zadawane pytania (FAQ)<\/span><\/h2>\n<h3 data-section-id=\"1204f8i\" data-start=\"104\" data-end=\"177\"><span role=\"text\">1. Jaki jest maksymalny rozmiar obrabianego przedmiotu obs\u0142ugiwany przez HP-1201?<\/span><\/h3>\n<p data-start=\"178\" data-end=\"431\">HP-1201 obs\u0142uguje zar\u00f3wno p\u0142ytki, jak i pod\u0142o\u017ca wielkoformatowe. Mo\u017ce przetwarza\u0107 okr\u0105g\u0142e p\u0142ytki do 12 cali (\u00d8300 mm) i kwadratowe elementy do 400 \u00d7 400 mm. Sprawia to, \u017ce jest ona szczeg\u00f3lnie odpowiednia do zaawansowanych zastosowa\u0144 zwi\u0105zanych z pakowaniem i panelami.<\/p>\n<h3 data-section-id=\"xmgpor\" data-start=\"438\" data-end=\"521\"><span role=\"text\">2. Czy HP-1201 nadaje si\u0119 do ci\u0119cia wielu element\u00f3w lub ta\u015bm?<\/span><\/h3>\n<p data-start=\"522\" data-end=\"792\">Tak. HP-1201 jest specjalnie zoptymalizowany do ci\u0119cia wielu element\u00f3w i ta\u015bm. Mo\u017ce przetwarza\u0107 wiele pask\u00f3w w jednym cyklu - na przyk\u0142ad do 5 sztuk pask\u00f3w o wymiarach 250 mm \u00d7 70 mm - znacznie poprawiaj\u0105c przepustowo\u015b\u0107 i skracaj\u0105c czas obs\u0142ugi w produkcji seryjnej.<\/p>\n<h3 data-section-id=\"afviui\" data-start=\"799\" data-end=\"871\"><span role=\"text\">3. W jaki spos\u00f3b urz\u0105dzenie zapewnia dok\u0142adno\u015b\u0107 i stabilno\u015b\u0107 ci\u0119cia?<\/span><\/h3>\n<p data-start=\"872\" data-end=\"932\">HP-1201 zapewnia wysok\u0105 precyzj\u0119 dzi\u0119ki po\u0142\u0105czeniu<\/p>\n<ul data-start=\"933\" data-end=\"1195\">\n<li data-section-id=\"333d9b\" data-start=\"933\" data-end=\"992\">Konstrukcja bramowa o wysokiej sztywno\u015bci zapewniaj\u0105ca stabiln\u0105 prac\u0119<\/li>\n<li data-section-id=\"933urv\" data-start=\"993\" data-end=\"1061\">System podw\u00f3jnego mikroskopu do dok\u0142adnego ustawiania i kontroli<\/li>\n<li data-section-id=\"119muuq\" data-start=\"1062\" data-end=\"1129\">Sterowanie ruchem w wysokiej rozdzielczo\u015bci (do 0,0001 mm)<\/li>\n<li data-section-id=\"1kcuul9\" data-start=\"1130\" data-end=\"1195\">Konfiguracja z dwoma wrzecionami zapewnia zr\u00f3wnowa\u017cone i wydajne ci\u0119cie<\/li>\n<\/ul>\n<p data-start=\"1197\" data-end=\"1334\">Cechy te wsp\u00f3\u0142pracuj\u0105 ze sob\u0105, aby zapewni\u0107 sta\u0142\u0105 jako\u015b\u0107 ci\u0119cia, minimalne odpryski i niezawodn\u0105 wydajno\u015b\u0107 w wymagaj\u0105cych zastosowaniach.<\/p>","protected":false},"excerpt":{"rendered":"<p>Automatyczna kostkarka HP-1201 to wysokowydajne rozwi\u0105zanie zaprojektowane specjalnie z my\u015bl\u0105 o wielkoformatowych pod\u0142o\u017cach i wielocz\u0119\u015bciowym ci\u0119ciu. Zaprojektowany, aby sprosta\u0107 zmieniaj\u0105cym si\u0119 wymaganiom zaawansowanego pakowania p\u00f3\u0142przewodnik\u00f3w i przetwarzania substrat\u00f3w, system obs\u0142uguje zar\u00f3wno kostkowanie wafli (do 12 cali), jak i elementy o du\u017cej powierzchni do 400 \u00d7 400 mm.<\/p>","protected":false},"featured_media":2151,"comment_status":"open","ping_status":"closed","template":"","meta":{"site-sidebar-layout":"default","site-content-layout":"","ast-site-content-layout":"default","site-content-style":"default","site-sidebar-style":"default","ast-global-header-display":"","ast-banner-title-visibility":"","ast-main-header-display":"","ast-hfb-above-header-display":"","ast-hfb-below-header-display":"","ast-hfb-mobile-header-display":"","site-post-title":"","ast-breadcrumbs-content":"","ast-featured-img":"","footer-sml-layout":"","ast-disable-related-posts":"","theme-transparent-header-meta":"default","adv-header-id-meta":"","stick-header-meta":"default","header-above-stick-meta":"","header-main-stick-meta":"","header-below-stick-meta":"","astra-migrate-meta-layouts":"set","ast-page-background-enabled":"default","ast-page-background-meta":{"desktop":{"background-color":"var(--ast-global-color-4)","background-image":"","background-repeat":"repeat","background-position":"center center","background-size":"auto","background-attachment":"scroll","background-type":"","background-media":"","overlay-type":"","overlay-color":"","overlay-opacity":"","overlay-gradient":""},"tablet":{"background-color":"","background-image":"","background-repeat":"repeat","background-position":"center center","background-size":"auto","background-attachment":"scroll","background-type":"","background-media":"","overlay-type":"","overlay-color":"","overlay-opacity":"","overlay-gradient":""},"mobile":{"background-color":"","background-image":"","background-repeat":"repeat","background-position":"center center","background-size":"auto","background-attachment":"scroll","background-type":"","background-media":"","overlay-type":"","overlay-color":"","overlay-opacity":"","overlay-gradient":""}},"ast-content-background-meta":{"desktop":{"background-color":"var(--ast-global-color-5)","background-image":"","background-repeat":"repeat","background-position":"center center","background-size":"auto","background-attachment":"scroll","background-type":"","background-media":"","overlay-type":"","overlay-color":"","overlay-opacity":"","overlay-gradient":""},"tablet":{"background-color":"var(--ast-global-color-5)","background-image":"","background-repeat":"repeat","background-position":"center center","background-size":"auto","background-attachment":"scroll","background-type":"","background-media":"","overlay-type":"","overlay-color":"","overlay-opacity":"","overlay-gradient":""},"mobile":{"background-color":"var(--ast-global-color-5)","background-image":"","background-repeat":"repeat","background-position":"center center","background-size":"auto","background-attachment":"scroll","background-type":"","background-media":"","overlay-type":"","overlay-color":"","overlay-opacity":"","overlay-gradient":""}}},"product_brand":[],"product_cat":[878],"product_tag":[897,898,891,896,895,894,893,694,475,890,892,889],"class_list":{"0":"post-2149","1":"product","2":"type-product","3":"status-publish","4":"has-post-thumbnail","6":"product_cat-dicing-equipment","7":"product_tag-ceramic-substrate-machining","8":"product_tag-dual-spindle-dicing","9":"product_tag-ic-chip-singulation","10":"product_tag-led-chip-processing","11":"product_tag-mems-fabrication","12":"product_tag-multi-strip-cutting","13":"product_tag-panel-level-packaging","14":"product_tag-precision-microfabrication","15":"product_tag-semiconductor-manufacturing","16":"product_tag-silicon-wafer-processing","17":"product_tag-substrate-cutting","18":"product_tag-wafer-dicing","19":"desktop-align-left","20":"tablet-align-left","21":"mobile-align-left","22":"ast-product-gallery-layout-horizontal-slider","23":"ast-product-gallery-with-no-image","24":"ast-product-tabs-layout-horizontal","26":"first","27":"instock","28":"shipping-taxable","29":"product-type-simple"},"_links":{"self":[{"href":"https:\/\/www.zmsh-semitech.com\/pl\/wp-json\/wp\/v2\/product\/2149","targetHints":{"allow":["GET"]}}],"collection":[{"href":"https:\/\/www.zmsh-semitech.com\/pl\/wp-json\/wp\/v2\/product"}],"about":[{"href":"https:\/\/www.zmsh-semitech.com\/pl\/wp-json\/wp\/v2\/types\/product"}],"replies":[{"embeddable":true,"href":"https:\/\/www.zmsh-semitech.com\/pl\/wp-json\/wp\/v2\/comments?post=2149"}],"version-history":[{"count":2,"href":"https:\/\/www.zmsh-semitech.com\/pl\/wp-json\/wp\/v2\/product\/2149\/revisions"}],"predecessor-version":[{"id":2153,"href":"https:\/\/www.zmsh-semitech.com\/pl\/wp-json\/wp\/v2\/product\/2149\/revisions\/2153"}],"wp:featuredmedia":[{"embeddable":true,"href":"https:\/\/www.zmsh-semitech.com\/pl\/wp-json\/wp\/v2\/media\/2151"}],"wp:attachment":[{"href":"https:\/\/www.zmsh-semitech.com\/pl\/wp-json\/wp\/v2\/media?parent=2149"}],"wp:term":[{"taxonomy":"product_brand","embeddable":true,"href":"https:\/\/www.zmsh-semitech.com\/pl\/wp-json\/wp\/v2\/product_brand?post=2149"},{"taxonomy":"product_cat","embeddable":true,"href":"https:\/\/www.zmsh-semitech.com\/pl\/wp-json\/wp\/v2\/product_cat?post=2149"},{"taxonomy":"product_tag","embeddable":true,"href":"https:\/\/www.zmsh-semitech.com\/pl\/wp-json\/wp\/v2\/product_tag?post=2149"}],"curies":[{"name":"wp","href":"https:\/\/api.w.org\/{rel}","templated":true}]}}