{"id":2061,"date":"2026-04-01T06:26:05","date_gmt":"2026-04-01T06:26:05","guid":{"rendered":"https:\/\/www.zmsh-semitech.com\/?post_type=product&#038;p=2061"},"modified":"2026-04-01T06:26:06","modified_gmt":"2026-04-01T06:26:06","slug":"high-precision-diamond-wire-single-line-cutting-machine-for-sic-sapphire-quartz-advanced-ceramics","status":"publish","type":"product","link":"https:\/\/www.zmsh-semitech.com\/pl\/product\/high-precision-diamond-wire-single-line-cutting-machine-for-sic-sapphire-quartz-advanced-ceramics\/","title":{"rendered":"Precyzyjna, jednoliniowa maszyna do ci\u0119cia drutem diamentowym do SiC, szafiru, kwarcu i zaawansowanej ceramiki"},"content":{"rendered":"<p data-start=\"257\" data-end=\"534\"><img decoding=\"async\" class=\"size-medium wp-image-2065 alignright\" src=\"https:\/\/www.zmsh-semitech.com\/wp-content\/uploads\/2026\/04\/Diamond-Wire-Single-Line-Cutting-Machine99-300x145.png\" alt=\"\" width=\"300\" height=\"145\" srcset=\"https:\/\/www.zmsh-semitech.com\/wp-content\/uploads\/2026\/04\/Diamond-Wire-Single-Line-Cutting-Machine99-300x145.png 300w, https:\/\/www.zmsh-semitech.com\/wp-content\/uploads\/2026\/04\/Diamond-Wire-Single-Line-Cutting-Machine99-18x9.png 18w, https:\/\/www.zmsh-semitech.com\/wp-content\/uploads\/2026\/04\/Diamond-Wire-Single-Line-Cutting-Machine99-600x290.png 600w, https:\/\/www.zmsh-semitech.com\/wp-content\/uploads\/2026\/04\/Diamond-Wire-Single-Line-Cutting-Machine99.png 680w\" sizes=\"(max-width: 300px) 100vw, 300px\" \/>Jednoliniowa przecinarka z lin\u0105 diamentow\u0105 to wysokowydajne rozwi\u0105zanie przeznaczone do precyzyjnego ci\u0119cia twardych i kruchych materia\u0142\u00f3w. Wykorzystuj\u0105c szybk\u0105 lin\u0119 pokryt\u0105 diamentem, system umo\u017cliwia wydajne ci\u0119cie z niskimi stratami dzi\u0119ki kontrolowanemu ruchowi posuwisto-zwrotnemu.<\/p>\n<p data-start=\"536\" data-end=\"769\">Jest szeroko stosowany do obr\u00f3bki materia\u0142\u00f3w takich jak w\u0119glik krzemu (SiC), szafir, kwarc, szk\u0142o, ceramika i kryszta\u0142y p\u00f3\u0142przewodnikowe, wspieraj\u0105c aplikacje takie jak przycinanie, obcinanie, krojenie i precyzyjne ci\u0119cie.<\/p>\n<p data-start=\"771\" data-end=\"1031\">W por\u00f3wnaniu z konwencjonalnym ci\u0119ciem \u015bciernym i obr\u00f3bk\u0105 laserow\u0105, maszyna ta oferuje wy\u017csz\u0105 wydajno\u015b\u0107, mniejsz\u0105 strat\u0119 rzazu i doskona\u0142\u0105 jako\u015b\u0107 powierzchni, co czyni j\u0105 idealnym wyborem dla przemys\u0142u p\u00f3\u0142przewodnikowego, fotowoltaicznego, optycznego i zaawansowanych materia\u0142\u00f3w.<\/p>\n<h1 data-section-id=\"jotpqu\" data-start=\"1038\" data-end=\"1058\"><span role=\"text\">Kluczowe cechy<\/span><\/h1>\n<h3 data-section-id=\"1rtdqca\" data-start=\"1060\" data-end=\"1108\"><span role=\"text\">1. Wysoka wydajno\u015b\u0107 i niskie straty materia\u0142u<\/span><\/h3>\n<ul data-start=\"1109\" data-end=\"1328\">\n<li data-section-id=\"11sgmis\" data-start=\"1109\" data-end=\"1185\">Pr\u0119dko\u015b\u0107 drutu do 1500 m\/min do szybkiego ci\u0119cia bardzo twardych materia\u0142\u00f3w<\/li>\n<li data-section-id=\"1minw5g\" data-start=\"1186\" data-end=\"1258\">Grubo\u015b\u0107 plastra ju\u017c od 0,2 mm, co poprawia wykorzystanie materia\u0142u<\/li>\n<li data-section-id=\"5t3gyn\" data-start=\"1259\" data-end=\"1328\">Do 50% wy\u017csza wydajno\u015b\u0107 ni\u017c w przypadku tradycyjnego ci\u0119cia \u015bciernego<\/li>\n<\/ul>\n<h3 data-section-id=\"1oi3iek\" data-start=\"1330\" data-end=\"1377\"><span role=\"text\">2. Wysoka precyzja ci\u0119cia<\/span><\/h3>\n<ul data-start=\"1378\" data-end=\"1543\">\n<li data-section-id=\"1avlefc\" data-start=\"1378\" data-end=\"1422\">Dok\u0142adno\u015b\u0107 ci\u0119cia: &lt;3 \u03bcm (6-calowy SiC)<\/li>\n<li data-section-id=\"1uy8t7k\" data-start=\"1423\" data-end=\"1489\">Stabilna kontrola napr\u0119\u017cenia (\u00b10,5 N) zapewnia sp\u00f3jne wyniki<\/li>\n<li data-section-id=\"1psvo4e\" data-start=\"1490\" data-end=\"1543\">Mniejsze wykruszanie kraw\u0119dzi i lepsze wyko\u0144czenie powierzchni<\/li>\n<\/ul>\n<h3 data-section-id=\"19526je\" data-start=\"1545\" data-end=\"1590\"><span role=\"text\">3. Inteligentna i elastyczna obs\u0142uga<\/span><\/h3>\n<ul data-start=\"1591\" data-end=\"1733\">\n<li data-section-id=\"1s7ha7z\" data-start=\"1591\" data-end=\"1630\">Przyjazny dla u\u017cytkownika interfejs ekranu dotykowego<\/li>\n<li data-section-id=\"1490g7t\" data-start=\"1631\" data-end=\"1696\">Wiele tryb\u00f3w ci\u0119cia: proste, zakrzywione, wieloelementowe<\/li>\n<li data-section-id=\"15z2aqc\" data-start=\"1697\" data-end=\"1733\">Szybka konfiguracja i przechowywanie parametr\u00f3w<\/li>\n<\/ul>\n<h3 data-section-id=\"x18z0o\" data-start=\"1735\" data-end=\"1775\"><span role=\"text\">4. Modu\u0142owa konstrukcja z mo\u017cliwo\u015bci\u0105 rozbudowy<\/span><\/h3>\n<ul data-start=\"1776\" data-end=\"1948\">\n<li data-section-id=\"1inpij0\" data-start=\"1776\" data-end=\"1840\">Opcjonalny obrotowy st\u00f3\u0142 roboczy do ci\u0119cia k\u0105towego i okr\u0105g\u0142ego<\/li>\n<li data-section-id=\"1vitl51\" data-start=\"1841\" data-end=\"1889\">System wysokiego napi\u0119cia do bardzo twardych materia\u0142\u00f3w<\/li>\n<li data-section-id=\"lgqrrm\" data-start=\"1890\" data-end=\"1948\">Obs\u0142uguje automatyczne wyr\u00f3wnanie i precyzyjne pozycjonowanie<\/li>\n<\/ul>\n<h3 data-section-id=\"ttlvza\" data-start=\"1950\" data-end=\"1991\"><span role=\"text\">5. Trwa\u0142a struktura przemys\u0142owa<\/span><\/h3>\n<ul data-start=\"1992\" data-end=\"2151\">\n<li data-section-id=\"5e6js5\" data-start=\"1992\" data-end=\"2044\">Wytrzyma\u0142y korpus maszyny zapewniaj\u0105cy odporno\u015b\u0107 na wibracje<\/li>\n<li data-section-id=\"wugviy\" data-start=\"2045\" data-end=\"2104\">Kluczowe elementy pokryte ceramik\u0105\/w\u0119glikiem wolframu<\/li>\n<li data-section-id=\"1h2l4tx\" data-start=\"2105\" data-end=\"2151\">D\u0142uga \u017cywotno\u015b\u0107 przekraczaj\u0105ca 5000 godzin<\/li>\n<\/ul>\n<h1 data-section-id=\"wo6xkr\" data-start=\"2158\" data-end=\"2190\"><span role=\"text\">Specyfikacja techniczna<\/span><\/h1>\n<div class=\"TyagGW_tableContainer\">\n<div class=\"group TyagGW_tableWrapper flex flex-col-reverse w-fit\" tabindex=\"-1\">\n<table class=\"w-fit min-w-(--thread-content-width)\" data-start=\"2192\" data-end=\"2657\">\n<thead data-start=\"2192\" data-end=\"2212\">\n<tr data-start=\"2192\" data-end=\"2212\">\n<th class=\"\" data-start=\"2192\" data-end=\"2199\" data-col-size=\"sm\">Pozycja<\/th>\n<th class=\"\" data-start=\"2199\" data-end=\"2212\" data-col-size=\"sm\">Parametr<\/th>\n<\/tr>\n<\/thead>\n<tbody data-start=\"2233\" data-end=\"2657\">\n<tr data-start=\"2233\" data-end=\"2269\">\n<td data-start=\"2233\" data-end=\"2253\" data-col-size=\"sm\">Maksymalny rozmiar pracy<\/td>\n<td data-start=\"2253\" data-end=\"2269\" data-col-size=\"sm\">600 \u00d7 500 mm<\/td>\n<\/tr>\n<tr data-start=\"2270\" data-end=\"2314\">\n<td data-start=\"2270\" data-end=\"2294\" data-col-size=\"sm\">\u015arednica liny diamentowej<\/td>\n<td data-start=\"2294\" data-end=\"2314\" data-col-size=\"sm\">\u03c60,12 - \u03c60,45 mm<\/td>\n<\/tr>\n<tr data-start=\"2315\" data-end=\"2345\">\n<td data-start=\"2315\" data-end=\"2331\" data-col-size=\"sm\">Pr\u0119dko\u015b\u0107 biegu<\/td>\n<td data-start=\"2331\" data-end=\"2345\" data-col-size=\"sm\">1500 m\/min<\/td>\n<\/tr>\n<tr data-start=\"2346\" data-end=\"2387\">\n<td data-start=\"2346\" data-end=\"2365\" data-col-size=\"sm\">Dok\u0142adno\u015b\u0107 ci\u0119cia<\/td>\n<td data-start=\"2365\" data-end=\"2387\" data-col-size=\"sm\">&lt;3 \u03bcm (6-calowy SiC)<\/td>\n<\/tr>\n<tr data-start=\"2388\" data-end=\"2416\">\n<td data-start=\"2388\" data-end=\"2402\" data-col-size=\"sm\">K\u0105t obrotu<\/td>\n<td data-start=\"2402\" data-end=\"2416\" data-col-size=\"sm\">0 ~ \u00b112.5\u00b0<\/td>\n<\/tr>\n<tr data-start=\"2417\" data-end=\"2441\">\n<td data-start=\"2417\" data-end=\"2431\" data-col-size=\"sm\">Uderzenie podnosz\u0105ce<\/td>\n<td data-start=\"2431\" data-end=\"2441\" data-col-size=\"sm\">650 mm<\/td>\n<\/tr>\n<tr data-start=\"2442\" data-end=\"2474\">\n<td data-start=\"2442\" data-end=\"2455\" data-col-size=\"sm\">Pr\u0119dko\u015b\u0107 podnoszenia<\/td>\n<td data-start=\"2455\" data-end=\"2474\" data-col-size=\"sm\">0 ~ 9,99 mm\/min<\/td>\n<\/tr>\n<tr data-start=\"2475\" data-end=\"2505\">\n<td data-start=\"2475\" data-end=\"2491\" data-col-size=\"sm\">Zakres napr\u0119\u017cenia<\/td>\n<td data-start=\"2491\" data-end=\"2505\" data-col-size=\"sm\">15 - 130 N<\/td>\n<\/tr>\n<tr data-start=\"2506\" data-end=\"2535\">\n<td data-start=\"2506\" data-end=\"2525\" data-col-size=\"sm\">Dok\u0142adno\u015b\u0107 napr\u0119\u017cenia<\/td>\n<td data-start=\"2525\" data-end=\"2535\" data-col-size=\"sm\">\u00b10.5 N<\/td>\n<\/tr>\n<tr data-start=\"2536\" data-end=\"2567\">\n<td data-start=\"2536\" data-end=\"2556\" data-col-size=\"sm\">Zu\u017cycie energii<\/td>\n<td data-start=\"2556\" data-end=\"2567\" data-col-size=\"sm\">44,4 kW<\/td>\n<\/tr>\n<tr data-start=\"2568\" data-end=\"2608\">\n<td data-start=\"2568\" data-end=\"2583\" data-col-size=\"sm\">Rozmiar maszyny<\/td>\n<td data-start=\"2583\" data-end=\"2608\" data-col-size=\"sm\">2680 \u00d7 1500 \u00d7 2150 mm<\/td>\n<\/tr>\n<tr data-start=\"2609\" data-end=\"2629\">\n<td data-start=\"2609\" data-end=\"2618\" data-col-size=\"sm\">Waga<\/td>\n<td data-start=\"2618\" data-end=\"2629\" data-col-size=\"sm\">3600 kg<\/td>\n<\/tr>\n<tr data-start=\"2630\" data-end=\"2657\">\n<td data-start=\"2630\" data-end=\"2644\" data-col-size=\"sm\">Poziom ha\u0142asu<\/td>\n<td data-start=\"2644\" data-end=\"2657\" data-col-size=\"sm\">\u226475 dB(A)<\/td>\n<\/tr>\n<\/tbody>\n<\/table>\n<\/div>\n<\/div>\n<h1 data-section-id=\"1mql435\" data-start=\"2664\" data-end=\"2689\"><span role=\"text\">Zasada dzia\u0142ania<\/span><\/h1>\n<p data-start=\"2691\" data-end=\"2879\">Maszyna dzia\u0142a przy u\u017cyciu pokrytego diamentem drutu poruszaj\u0105cego si\u0119 z du\u017c\u0105 pr\u0119dko\u015bci\u0105 po obrabianym przedmiocie. Proces ci\u0119cia odbywa si\u0119 poprzez ci\u0105g\u0142e szlifowanie \u015bcierne cz\u0105steczkami diamentu.<\/p>\n<p data-start=\"2881\" data-end=\"3078\">Sterowany serwomechanizmem system podawania zapewnia precyzyjne pozycjonowanie materia\u0142u, a system ch\u0142odzenia ciecz\u0105 redukuje ciep\u0142o i usuwa zanieczyszczenia, minimalizuj\u0105c uszkodzenia kraw\u0119dzi i poprawiaj\u0105c jako\u015b\u0107 powierzchni.<\/p>\n<p data-start=\"2881\" data-end=\"3078\"><img fetchpriority=\"high\" decoding=\"async\" class=\"wp-image-2066 size-full aligncenter\" src=\"https:\/\/www.zmsh-semitech.com\/wp-content\/uploads\/2026\/04\/Diamond-Wire-Single-Line-Cutting-Machine100.png\" alt=\"\" width=\"680\" height=\"121\" srcset=\"https:\/\/www.zmsh-semitech.com\/wp-content\/uploads\/2026\/04\/Diamond-Wire-Single-Line-Cutting-Machine100.png 680w, https:\/\/www.zmsh-semitech.com\/wp-content\/uploads\/2026\/04\/Diamond-Wire-Single-Line-Cutting-Machine100-300x53.png 300w, https:\/\/www.zmsh-semitech.com\/wp-content\/uploads\/2026\/04\/Diamond-Wire-Single-Line-Cutting-Machine100-18x3.png 18w, https:\/\/www.zmsh-semitech.com\/wp-content\/uploads\/2026\/04\/Diamond-Wire-Single-Line-Cutting-Machine100-600x107.png 600w\" sizes=\"(max-width: 680px) 100vw, 680px\" \/><\/p>\n<h1 data-section-id=\"fgk3yn\" data-start=\"3085\" data-end=\"3105\"><span role=\"text\">Zastosowania<\/span><\/h1>\n<h3 data-section-id=\"17q599k\" data-start=\"3107\" data-end=\"3142\"><span role=\"text\">1. Przemys\u0142 p\u00f3\u0142przewodnik\u00f3w<\/span><\/h3>\n<ul data-start=\"3143\" data-end=\"3242\">\n<li data-section-id=\"1nf22eo\" data-start=\"3143\" data-end=\"3182\">Ci\u0119cie wlewk\u00f3w SiC na potrzeby urz\u0105dze\u0144 zasilaj\u0105cych<\/li>\n<li data-section-id=\"13igyh1\" data-start=\"3183\" data-end=\"3242\">Ci\u0119cie wafli szafirowych do zastosowa\u0144 LED i optycznych<\/li>\n<\/ul>\n<h3 data-section-id=\"1vi8s5i\" data-start=\"3244\" data-end=\"3278\"><span role=\"text\">2. Przemys\u0142 fotowoltaiczny<\/span><\/h3>\n<ul data-start=\"3279\" data-end=\"3366\">\n<li data-section-id=\"140am8z\" data-start=\"3279\" data-end=\"3320\">Ci\u0119cie pr\u0119t\u00f3w krzemowych i krojenie wafli<\/li>\n<li data-section-id=\"xnpw0v\" data-start=\"3321\" data-end=\"3366\">Wysokowydajne przetwarzanie materia\u0142\u00f3w solarnych<\/li>\n<\/ul>\n<h3 data-section-id=\"fxclnn\" data-start=\"3368\" data-end=\"3407\"><span role=\"text\">3. Precyzyjna optyka i bi\u017cuteria<\/span><\/h3>\n<ul data-start=\"3408\" data-end=\"3491\">\n<li data-section-id=\"10uj51p\" data-start=\"3408\" data-end=\"3432\">Ci\u0119cie szk\u0142a kwarcowego<\/li>\n<li data-section-id=\"1gvn0wq\" data-start=\"3433\" data-end=\"3491\">Obr\u00f3bka jadeitu i kamieni szlachetnych o wysokiej jako\u015bci powierzchni<\/li>\n<\/ul>\n<h3 data-section-id=\"1qah645\" data-start=\"3493\" data-end=\"3529\"><span role=\"text\">4. Zaawansowana ceramika i badania i rozw\u00f3j<\/span><\/h3>\n<ul data-start=\"3530\" data-end=\"3619\">\n<li data-section-id=\"1bpgmbu\" data-start=\"3530\" data-end=\"3573\">Azotek glinu (AlN), tlenek cyrkonu (ZrO\u2082)<\/li>\n<li data-section-id=\"1xdca8d\" data-start=\"3574\" data-end=\"3619\">Komponenty lotnicze i wysokotemperaturowe<\/li>\n<\/ul>\n<h1 data-section-id=\"e8bo0\" data-start=\"3626\" data-end=\"3637\"><span role=\"text\"><img decoding=\"async\" class=\"size-medium wp-image-2063 alignright\" src=\"https:\/\/www.zmsh-semitech.com\/wp-content\/uploads\/2026\/04\/diamond_wire_single_line_cutting_machine_for_sic_sapphire_quartz_ceramic_material6-300x300.webp\" alt=\"\" width=\"300\" height=\"300\" srcset=\"https:\/\/www.zmsh-semitech.com\/wp-content\/uploads\/2026\/04\/diamond_wire_single_line_cutting_machine_for_sic_sapphire_quartz_ceramic_material6-300x300.webp 300w, https:\/\/www.zmsh-semitech.com\/wp-content\/uploads\/2026\/04\/diamond_wire_single_line_cutting_machine_for_sic_sapphire_quartz_ceramic_material6-150x150.webp 150w, https:\/\/www.zmsh-semitech.com\/wp-content\/uploads\/2026\/04\/diamond_wire_single_line_cutting_machine_for_sic_sapphire_quartz_ceramic_material6-12x12.webp 12w, https:\/\/www.zmsh-semitech.com\/wp-content\/uploads\/2026\/04\/diamond_wire_single_line_cutting_machine_for_sic_sapphire_quartz_ceramic_material6-600x600.webp 600w, https:\/\/www.zmsh-semitech.com\/wp-content\/uploads\/2026\/04\/diamond_wire_single_line_cutting_machine_for_sic_sapphire_quartz_ceramic_material6-100x100.webp 100w, https:\/\/www.zmsh-semitech.com\/wp-content\/uploads\/2026\/04\/diamond_wire_single_line_cutting_machine_for_sic_sapphire_quartz_ceramic_material6.webp 750w\" sizes=\"(max-width: 300px) 100vw, 300px\" \/>FAQ<\/span><\/h1>\n<p data-start=\"3639\" data-end=\"3870\">1. Jakie materia\u0142y mo\u017ce przetwarza\u0107 to urz\u0105dzenie?<br data-start=\"3686\" data-end=\"3689\" \/>Maszyna ta jest przeznaczona do twardych i kruchych materia\u0142\u00f3w, takich jak SiC, szafir, kwarc, ceramika, szk\u0142o i kryszta\u0142y p\u00f3\u0142przewodnikowe, zapewniaj\u0105c wysok\u0105 precyzj\u0119 i minimalne uszkodzenia.<\/p>\n<p data-start=\"3872\" data-end=\"4144\">2. Jakie s\u0105 zalety ci\u0119cia lin\u0105 diamentow\u0105 w por\u00f3wnaniu z tradycyjnymi metodami?<br data-start=\"3952\" data-end=\"3955\" \/>Ci\u0119cie lin\u0105 diamentow\u0105 zapewnia wy\u017csz\u0105 wydajno\u015b\u0107, mniejsze straty materia\u0142u i lepsz\u0105 jako\u015b\u0107 powierzchni, jednocze\u015bnie znacznie zmniejszaj\u0105c odpryskiwanie kraw\u0119dzi w por\u00f3wnaniu z konwencjonalnym ci\u0119ciem \u015bciernym.<\/p>\n<p data-start=\"4146\" data-end=\"4405\">3. Czy maszyna nadaje si\u0119 do produkcji przemys\u0142owej na du\u017c\u0105 skal\u0119?<br data-start=\"4215\" data-end=\"4218\" \/>Tak. Dzi\u0119ki wysokiej stabilno\u015bci, mo\u017cliwo\u015bci automatyzacji i d\u0142ugiej \u017cywotno\u015bci doskonale nadaje si\u0119 do ci\u0105g\u0142ej produkcji przemys\u0142owej w zakresie p\u00f3\u0142przewodnik\u00f3w i zaawansowanego przetwarzania materia\u0142\u00f3w.<\/p>","protected":false},"excerpt":{"rendered":"<p>Jednoliniowa przecinarka z lin\u0105 diamentow\u0105 to wysokowydajne rozwi\u0105zanie przeznaczone do precyzyjnego ci\u0119cia twardych i kruchych materia\u0142\u00f3w. Wykorzystuj\u0105c szybk\u0105 lin\u0119 pokryt\u0105 diamentem, system umo\u017cliwia wydajne ci\u0119cie z niskimi stratami dzi\u0119ki kontrolowanemu ruchowi posuwisto-zwrotnemu.<\/p>","protected":false},"featured_media":2062,"comment_status":"open","ping_status":"closed","template":"","meta":{"site-sidebar-layout":"default","site-content-layout":"","ast-site-content-layout":"default","site-content-style":"default","site-sidebar-style":"default","ast-global-header-display":"","ast-banner-title-visibility":"","ast-main-header-display":"","ast-hfb-above-header-display":"","ast-hfb-below-header-display":"","ast-hfb-mobile-header-display":"","site-post-title":"","ast-breadcrumbs-content":"","ast-featured-img":"","footer-sml-layout":"","ast-disable-related-posts":"","theme-transparent-header-meta":"default","adv-header-id-meta":"","stick-header-meta":"default","header-above-stick-meta":"","header-main-stick-meta":"","header-below-stick-meta":"","astra-migrate-meta-layouts":"set","ast-page-background-enabled":"default","ast-page-background-meta":{"desktop":{"background-color":"var(--ast-global-color-4)","background-image":"","background-repeat":"repeat","background-position":"center center","background-size":"auto","background-attachment":"scroll","background-type":"","background-media":"","overlay-type":"","overlay-color":"","overlay-opacity":"","overlay-gradient":""},"tablet":{"background-color":"","background-image":"","background-repeat":"repeat","background-position":"center center","background-size":"auto","background-attachment":"scroll","background-type":"","background-media":"","overlay-type":"","overlay-color":"","overlay-opacity":"","overlay-gradient":""},"mobile":{"background-color":"","background-image":"","background-repeat":"repeat","background-position":"center center","background-size":"auto","background-attachment":"scroll","background-type":"","background-media":"","overlay-type":"","overlay-color":"","overlay-opacity":"","overlay-gradient":""}},"ast-content-background-meta":{"desktop":{"background-color":"var(--ast-global-color-5)","background-image":"","background-repeat":"repeat","background-position":"center center","background-size":"auto","background-attachment":"scroll","background-type":"","background-media":"","overlay-type":"","overlay-color":"","overlay-opacity":"","overlay-gradient":""},"tablet":{"background-color":"var(--ast-global-color-5)","background-image":"","background-repeat":"repeat","background-position":"center center","background-size":"auto","background-attachment":"scroll","background-type":"","background-media":"","overlay-type":"","overlay-color":"","overlay-opacity":"","overlay-gradient":""},"mobile":{"background-color":"var(--ast-global-color-5)","background-image":"","background-repeat":"repeat","background-position":"center center","background-size":"auto","background-attachment":"scroll","background-type":"","background-media":"","overlay-type":"","overlay-color":"","overlay-opacity":"","overlay-gradient":""}}},"product_brand":[],"product_cat":[21],"product_tag":[701,446,695,415,698,702,703,444,700,443,697,441,422,420,699,696],"class_list":{"0":"post-2061","1":"product","2":"type-product","3":"status-publish","4":"has-post-thumbnail","6":"product_cat-laser-cutting","7":"product_tag-advanced-ceramics-machining","8":"product_tag-ceramic-cutting-machine","9":"product_tag-diamond-wire-cutting-machine","10":"product_tag-diamond-wire-saw","11":"product_tag-hard-brittle-material-processing","12":"product_tag-high-precision-cutting-machine","13":"product_tag-industrial-cutting-equipment","14":"product_tag-optical-material-cutting","15":"product_tag-photovoltaic-silicon-slicing","16":"product_tag-precision-cutting-equipment","17":"product_tag-quartz-cutting-equipment","18":"product_tag-sapphire-cutting-machine","19":"product_tag-semiconductor-wafer-slicing","20":"product_tag-sic-cutting","21":"product_tag-silicon-carbide-ingot-cutting","22":"product_tag-single-line-cutting-machine","23":"desktop-align-left","24":"tablet-align-left","25":"mobile-align-left","26":"ast-product-gallery-layout-horizontal-slider","27":"ast-product-tabs-layout-horizontal","29":"first","30":"instock","31":"shipping-taxable","32":"product-type-simple"},"_links":{"self":[{"href":"https:\/\/www.zmsh-semitech.com\/pl\/wp-json\/wp\/v2\/product\/2061","targetHints":{"allow":["GET"]}}],"collection":[{"href":"https:\/\/www.zmsh-semitech.com\/pl\/wp-json\/wp\/v2\/product"}],"about":[{"href":"https:\/\/www.zmsh-semitech.com\/pl\/wp-json\/wp\/v2\/types\/product"}],"replies":[{"embeddable":true,"href":"https:\/\/www.zmsh-semitech.com\/pl\/wp-json\/wp\/v2\/comments?post=2061"}],"version-history":[{"count":2,"href":"https:\/\/www.zmsh-semitech.com\/pl\/wp-json\/wp\/v2\/product\/2061\/revisions"}],"predecessor-version":[{"id":2068,"href":"https:\/\/www.zmsh-semitech.com\/pl\/wp-json\/wp\/v2\/product\/2061\/revisions\/2068"}],"wp:featuredmedia":[{"embeddable":true,"href":"https:\/\/www.zmsh-semitech.com\/pl\/wp-json\/wp\/v2\/media\/2062"}],"wp:attachment":[{"href":"https:\/\/www.zmsh-semitech.com\/pl\/wp-json\/wp\/v2\/media?parent=2061"}],"wp:term":[{"taxonomy":"product_brand","embeddable":true,"href":"https:\/\/www.zmsh-semitech.com\/pl\/wp-json\/wp\/v2\/product_brand?post=2061"},{"taxonomy":"product_cat","embeddable":true,"href":"https:\/\/www.zmsh-semitech.com\/pl\/wp-json\/wp\/v2\/product_cat?post=2061"},{"taxonomy":"product_tag","embeddable":true,"href":"https:\/\/www.zmsh-semitech.com\/pl\/wp-json\/wp\/v2\/product_tag?post=2061"}],"curies":[{"name":"wp","href":"https:\/\/api.w.org\/{rel}","templated":true}]}}