{"id":1981,"date":"2026-03-23T06:13:43","date_gmt":"2026-03-23T06:13:43","guid":{"rendered":"https:\/\/www.zmsh-semitech.com\/?post_type=product&#038;p=1981"},"modified":"2026-03-23T06:18:04","modified_gmt":"2026-03-23T06:18:04","slug":"sic-raw-material-synthesis-furnace","status":"publish","type":"product","link":"https:\/\/www.zmsh-semitech.com\/pl\/product\/sic-raw-material-synthesis-furnace\/","title":{"rendered":"50 kg SiC Piec do syntezy surowc\u00f3w Przygotowanie kryszta\u0142\u00f3w w\u0119glika krzemu o wysokiej czysto\u015bci"},"content":{"rendered":"<p data-start=\"240\" data-end=\"569\"><img fetchpriority=\"high\" decoding=\"async\" class=\"size-medium wp-image-1989 alignleft\" src=\"https:\/\/www.zmsh-semitech.com\/wp-content\/uploads\/2026\/03\/Sic-raw-material-synthesis-furnace5-300x220.jpg\" alt=\"\" width=\"300\" height=\"220\" srcset=\"https:\/\/www.zmsh-semitech.com\/wp-content\/uploads\/2026\/03\/Sic-raw-material-synthesis-furnace5-300x220.jpg 300w, https:\/\/www.zmsh-semitech.com\/wp-content\/uploads\/2026\/03\/Sic-raw-material-synthesis-furnace5-16x12.jpg 16w, https:\/\/www.zmsh-semitech.com\/wp-content\/uploads\/2026\/03\/Sic-raw-material-synthesis-furnace5-600x439.jpg 600w, https:\/\/www.zmsh-semitech.com\/wp-content\/uploads\/2026\/03\/Sic-raw-material-synthesis-furnace5.jpg 680w\" sizes=\"(max-width: 300px) 100vw, 300px\" \/>Piec do syntezy surowc\u00f3w SiC o pojemno\u015bci 50 kg to specjalistyczny piec wysokotemperaturowy przeznaczony do produkcji surowc\u00f3w z w\u0119glika krzemu (SiC) o wysokiej czysto\u015bci. Jako krytyczny materia\u0142 p\u00f3\u0142przewodnikowy i ceramiczny, SiC jest szeroko stosowany i<span style=\"font-size: 16px;\">w energoelektronice, urz\u0105dzeniach wysokotemperaturowych, materia\u0142ach odpornych na zu\u017cycie i komponentach optycznych.<\/span><\/p>\n<p data-start=\"571\" data-end=\"987\">Piec ten przekszta\u0142ca surowce krzemowe (Si) i w\u0119glowe (C) w SiC poprzez kontrolowan\u0105 reakcj\u0119 chemiczn\u0105 w wysokiej temperaturze, co czyni go niezb\u0119dnym elementem wyposa\u017cenia w \u0142a\u0144cuchu produkcji w\u0119glika krzemu. Jego konstrukcja zapewnia wysok\u0105 czysto\u015b\u0107, stabiln\u0105 prac\u0119 i sta\u0142\u0105 wydajno\u015b\u0107, umo\u017cliwiaj\u0105c producentom spe\u0142nienie rygorystycznych wymaga\u0144 zaawansowanych p\u00f3\u0142przewodnik\u00f3w i wysokowydajnych zastosowa\u0144 ceramicznych.<\/p>\n<h2 data-section-id=\"52xoay\" data-start=\"994\" data-end=\"1017\"><span role=\"text\"><strong data-start=\"997\" data-end=\"1015\">G\u0142\u00f3wne zalety<\/strong><\/span><\/h2>\n<ul data-start=\"1018\" data-end=\"1891\">\n<li data-section-id=\"wafd1l\" data-start=\"1018\" data-end=\"1134\"><strong data-start=\"1020\" data-end=\"1050\">Wydajno\u015b\u0107 w wysokich temperaturach:<\/strong> Zapewnia temperatury pieca do 2400\u00b0C, odpowiednie do wydajnej syntezy SiC.<\/li>\n<li data-section-id=\"qvgm69\" data-start=\"1135\" data-end=\"1250\"><strong data-start=\"1137\" data-end=\"1160\">Wyj\u015bcie o wysokiej czysto\u015bci:<\/strong> Wykorzystuje surowce o wysokiej czysto\u015bci i kontrol\u0119 atmosfery oboj\u0119tnej do produkcji ultraczystego SiC.<\/li>\n<li data-section-id=\"11v9t45\" data-start=\"1251\" data-end=\"1360\"><strong data-start=\"1253\" data-end=\"1276\">Stabilna wydajno\u015b\u0107:<\/strong> Solidna konstrukcja zapewnia niezawodne dzia\u0142anie w przypadku d\u0142ugotrwa\u0142ej, ci\u0105g\u0142ej produkcji.<\/li>\n<li data-section-id=\"caa80i\" data-start=\"1361\" data-end=\"1457\"><strong data-start=\"1363\" data-end=\"1385\">Niski poziom zanieczyszcze\u0144:<\/strong> Atmosfera oboj\u0119tna i czyste materia\u0142y minimalizuj\u0105 inkorporacj\u0119 zanieczyszcze\u0144.<\/li>\n<li data-section-id=\"ka169f\" data-start=\"1458\" data-end=\"1599\"><strong data-start=\"1460\" data-end=\"1487\">Du\u017ca \u0142adowno\u015b\u0107:<\/strong> Obs\u0142uguje do 50 kg surowca, zwi\u0119kszaj\u0105c wydajno\u015b\u0107 i kompatybilno\u015b\u0107 z wieloma piecami krystalicznymi.<\/li>\n<li data-section-id=\"1afhg2w\" data-start=\"1600\" data-end=\"1765\"><strong data-start=\"1602\" data-end=\"1624\">Precyzyjna kontrola:<\/strong> Zaawansowana regulacja temperatury i ci\u015bnienia, z opcjonalnym podw\u00f3jnym pomiarem temperatury i monitorowaniem w podczerwieni w celu optymalizacji procesu.<\/li>\n<li data-section-id=\"i89isr\" data-start=\"1766\" data-end=\"1891\"><strong data-start=\"1768\" data-end=\"1795\">Elastyczna konfiguracja:<\/strong> Modu\u0142owa konstrukcja umo\u017cliwia instalacj\u0119 obok siebie, aby zaoszcz\u0119dzi\u0107 miejsce i zoptymalizowa\u0107 wykorzystanie instalacji.<\/li>\n<\/ul>\n<h2 data-section-id=\"10oaxfc\" data-start=\"1898\" data-end=\"1931\"><span role=\"text\"><strong data-start=\"1901\" data-end=\"1929\">Specyfikacja techniczna<\/strong><\/span><\/h2>\n<div class=\"TyagGW_tableContainer\">\n<div class=\"group TyagGW_tableWrapper flex flex-col-reverse w-fit\" tabindex=\"-1\">\n<table class=\"w-fit min-w-(--thread-content-width)\" data-start=\"1933\" data-end=\"2723\">\n<thead data-start=\"1933\" data-end=\"1960\">\n<tr data-start=\"1933\" data-end=\"1960\">\n<th class=\"\" data-start=\"1933\" data-end=\"1943\" data-col-size=\"sm\">Cecha<\/th>\n<th class=\"\" data-start=\"1943\" data-end=\"1960\" data-col-size=\"md\">Specyfikacja<\/th>\n<\/tr>\n<\/thead>\n<tbody data-start=\"1989\" data-end=\"2723\">\n<tr data-start=\"1989\" data-end=\"2046\">\n<td data-start=\"1989\" data-end=\"2010\" data-col-size=\"sm\">Wymiary (d\u0142.\u00d7szer.\u00d7wys.)<\/td>\n<td data-col-size=\"md\" data-start=\"2010\" data-end=\"2046\">4000\u00d73400\u00d74300 mm (z mo\u017cliwo\u015bci\u0105 dostosowania)<\/td>\n<\/tr>\n<tr data-start=\"2047\" data-end=\"2085\">\n<td data-start=\"2047\" data-end=\"2074\" data-col-size=\"sm\">\u015arednica komory pieca<\/td>\n<td data-col-size=\"md\" data-start=\"2074\" data-end=\"2085\">1100 mm<\/td>\n<\/tr>\n<tr data-start=\"2086\" data-end=\"2114\">\n<td data-start=\"2086\" data-end=\"2105\" data-col-size=\"sm\">Zdolno\u015b\u0107 \u0142adowania<\/td>\n<td data-col-size=\"md\" data-start=\"2105\" data-end=\"2114\">50 kg<\/td>\n<\/tr>\n<tr data-start=\"2115\" data-end=\"2183\">\n<td data-start=\"2115\" data-end=\"2133\" data-col-size=\"sm\">Ultimate Vacuum<\/td>\n<td data-col-size=\"md\" data-start=\"2133\" data-end=\"2183\">10-\u00b2 Pa (2 godziny po uruchomieniu pompy molekularnej)<\/td>\n<\/tr>\n<tr data-start=\"2184\" data-end=\"2244\">\n<td data-start=\"2184\" data-end=\"2213\" data-col-size=\"sm\">Szybko\u015b\u0107 wzrostu ci\u015bnienia w komorze<\/td>\n<td data-col-size=\"md\" data-start=\"2213\" data-end=\"2244\">\u226410 Pa\/h (po kalcynacji)<\/td>\n<\/tr>\n<tr data-start=\"2245\" data-end=\"2285\">\n<td data-start=\"2245\" data-end=\"2274\" data-col-size=\"sm\">Dolny skok pokrywy pieca<\/td>\n<td data-col-size=\"md\" data-start=\"2274\" data-end=\"2285\">1500 mm<\/td>\n<\/tr>\n<tr data-start=\"2286\" data-end=\"2324\">\n<td data-start=\"2286\" data-end=\"2303\" data-col-size=\"sm\">Metoda ogrzewania<\/td>\n<td data-start=\"2303\" data-end=\"2324\" data-col-size=\"md\">Ogrzewanie indukcyjne<\/td>\n<\/tr>\n<tr data-start=\"2325\" data-end=\"2357\">\n<td data-start=\"2325\" data-end=\"2347\" data-col-size=\"sm\">Maksymalna temperatura<\/td>\n<td data-start=\"2347\" data-end=\"2357\" data-col-size=\"md\">2400\u00b0C<\/td>\n<\/tr>\n<tr data-start=\"2358\" data-end=\"2392\">\n<td data-start=\"2358\" data-end=\"2381\" data-col-size=\"sm\">Zasilanie ogrzewania<\/td>\n<td data-start=\"2381\" data-end=\"2392\" data-col-size=\"md\">2\u00d740 kW<\/td>\n<\/tr>\n<tr data-start=\"2393\" data-end=\"2454\">\n<td data-start=\"2393\" data-end=\"2419\" data-col-size=\"sm\">Pomiar temperatury<\/td>\n<td data-col-size=\"md\" data-start=\"2419\" data-end=\"2454\">Dwukolorowy termometr na podczerwie\u0144<\/td>\n<\/tr>\n<tr data-start=\"2455\" data-end=\"2489\">\n<td data-start=\"2455\" data-end=\"2475\" data-col-size=\"sm\">Zakres temperatur<\/td>\n<td data-col-size=\"md\" data-start=\"2475\" data-end=\"2489\">900-3000\u00b0C<\/td>\n<\/tr>\n<tr data-start=\"2490\" data-end=\"2529\">\n<td data-start=\"2490\" data-end=\"2521\" data-col-size=\"sm\">Dok\u0142adno\u015b\u0107 kontroli temperatury<\/td>\n<td data-col-size=\"md\" data-start=\"2521\" data-end=\"2529\">\u00b11\u00b0C<\/td>\n<\/tr>\n<tr data-start=\"2530\" data-end=\"2569\">\n<td data-start=\"2530\" data-end=\"2555\" data-col-size=\"sm\">Zakres kontroli ci\u015bnienia<\/td>\n<td data-col-size=\"md\" data-start=\"2555\" data-end=\"2569\">1-700 mbar<\/td>\n<\/tr>\n<tr data-start=\"2570\" data-end=\"2631\">\n<td data-start=\"2570\" data-end=\"2598\" data-col-size=\"sm\">Dok\u0142adno\u015b\u0107 kontroli ci\u015bnienia<\/td>\n<td data-col-size=\"md\" data-start=\"2598\" data-end=\"2631\">1-5 mbar (w zale\u017cno\u015bci od zakresu)<\/td>\n<\/tr>\n<tr data-start=\"2632\" data-end=\"2723\">\n<td data-start=\"2632\" data-end=\"2649\" data-col-size=\"sm\">Metoda \u0142adowania<\/td>\n<td data-col-size=\"md\" data-start=\"2649\" data-end=\"2723\">Ni\u017cszy za\u0142adunek; opcjonalny w\u00f3zek wid\u0142owy do roz\u0142adunku i podw\u00f3jne punkty temperatury<\/td>\n<\/tr>\n<\/tbody>\n<\/table>\n<\/div>\n<\/div>\n<h2 data-section-id=\"13tlhcf\" data-start=\"2730\" data-end=\"2756\"><span role=\"text\"><strong data-start=\"2733\" data-end=\"2754\">Zalety konstrukcyjne<\/strong><\/span><\/h2>\n<ol data-start=\"2757\" data-end=\"3517\">\n<li data-section-id=\"7ymlfh\" data-start=\"2757\" data-end=\"2882\">Za\u0142adunek o wysokiej wydajno\u015bci umo\u017cliwia zasilanie wielu piec\u00f3w do produkcji d\u0142ugich kryszta\u0142\u00f3w z jednego pieca, co zwi\u0119ksza wydajno\u015b\u0107 produkcji.<\/li>\n<li data-section-id=\"y3ubiu\" data-start=\"2883\" data-end=\"2982\">Podw\u00f3jne zasilanie o identycznej cz\u0119stotliwo\u015bci zapewnia precyzyjn\u0105 kontrol\u0119 osiowego gradientu temperatury.<\/li>\n<li data-section-id=\"7q7579\" data-start=\"2983\" data-end=\"3103\">G\u00f3rny i dolny pomiar temperatury w podczerwieni u\u0142atwia monitorowanie temperatury w czasie rzeczywistym i debugowanie procesu.<\/li>\n<li data-section-id=\"3k74b3\" data-start=\"3104\" data-end=\"3219\">Wysoka precyzja kontroli pr\u00f3\u017cni, ci\u015bnienia i temperatury zapewnia syntez\u0119 ultraczystych surowc\u00f3w SiC.<\/li>\n<li data-section-id=\"1voekay\" data-start=\"3220\" data-end=\"3316\">Bezpieczny i niezawodny system za\u0142adunku\/roz\u0142adunku, opcjonalnie wyposa\u017cony w w\u00f3zek wid\u0142owy do roz\u0142adunku.<\/li>\n<li data-section-id=\"p45f8k\" data-start=\"3317\" data-end=\"3417\">Precyzyjne zawory motylkowe i regulatory przep\u0142ywu masowego utrzymuj\u0105 stabiln\u0105 atmosfer\u0119 procesu.<\/li>\n<li data-section-id=\"4p07o1\" data-start=\"3418\" data-end=\"3517\">Modu\u0142owa konstrukcja umo\u017cliwia ustawienie obok siebie, optymalizuj\u0105c przestrze\u0144 i wykorzystanie instalacji.<\/li>\n<\/ol>\n<p><img decoding=\"async\" class=\"wp-image-1991 size-full aligncenter\" src=\"https:\/\/www.zmsh-semitech.com\/wp-content\/uploads\/2026\/03\/Sic-raw-material-synthesis-furnace6.png\" alt=\"\" width=\"680\" height=\"352\" srcset=\"https:\/\/www.zmsh-semitech.com\/wp-content\/uploads\/2026\/03\/Sic-raw-material-synthesis-furnace6.png 680w, https:\/\/www.zmsh-semitech.com\/wp-content\/uploads\/2026\/03\/Sic-raw-material-synthesis-furnace6-300x155.png 300w, https:\/\/www.zmsh-semitech.com\/wp-content\/uploads\/2026\/03\/Sic-raw-material-synthesis-furnace6-18x9.png 18w, https:\/\/www.zmsh-semitech.com\/wp-content\/uploads\/2026\/03\/Sic-raw-material-synthesis-furnace6-600x311.png 600w\" sizes=\"(max-width: 680px) 100vw, 680px\" \/><\/p>\n<h2 data-section-id=\"1imsgo3\" data-start=\"3524\" data-end=\"3558\"><span role=\"text\"><strong data-start=\"3527\" data-end=\"3556\">Zastosowania i korzy\u015bci<\/strong><\/span><\/h2>\n<p data-start=\"3559\" data-end=\"3737\">Piec do syntezy surowc\u00f3w SiC skutecznie wytwarza w\u0119glik krzemu o wysokiej czysto\u015bci, osi\u0105gaj\u0105c czysto\u015b\u0107 99,999% lub wy\u017csz\u0105. Zsyntetyzowany surowiec SiC jest idealny do:<\/p>\n<ul data-start=\"3738\" data-end=\"4228\">\n<li data-section-id=\"1fodfy7\" data-start=\"3738\" data-end=\"3850\"><strong data-start=\"3740\" data-end=\"3766\">Wzrost pojedynczych kryszta\u0142\u00f3w:<\/strong> Produkcja wysokiej jako\u015bci kryszta\u0142\u00f3w SiC do urz\u0105dze\u0144 zasilaj\u0105cych, takich jak tranzystory MOSFET i diody.<\/li>\n<li data-section-id=\"be6ua8\" data-start=\"3851\" data-end=\"3955\"><strong data-start=\"3853\" data-end=\"3875\">Elektronika mocy:<\/strong> Urz\u0105dzenia o wysokim napi\u0119ciu, niskich stratach i wysokiej cz\u0119stotliwo\u015bci.<\/li>\n<li data-section-id=\"2a320o\" data-start=\"3956\" data-end=\"4083\"><strong data-start=\"3958\" data-end=\"3994\">Motoryzacja i energia odnawialna:<\/strong> Ulepszanie pojazd\u00f3w elektrycznych, falownik\u00f3w solarnych i innych wysokowydajnych aplikacji.<\/li>\n<li data-section-id=\"1kgacmz\" data-start=\"4084\" data-end=\"4228\"><strong data-start=\"4086\" data-end=\"4128\">Zaawansowana ceramika i urz\u0105dzenia optyczne:<\/strong> Rozszerzenie zastosowa\u0144 SiC poza p\u00f3\u0142przewodniki na ceramik\u0119 przemys\u0142ow\u0105 i komponenty optyczne.<\/li>\n<\/ul>\n<h2 data-section-id=\"tdegxz\" data-start=\"4235\" data-end=\"4257\"><span role=\"text\"><strong data-start=\"4238\" data-end=\"4255\">Us\u0142ugi ZMSH<\/strong><\/span><\/h2>\n<p data-start=\"4258\" data-end=\"4725\">ZMSH zapewnia pe\u0142ne wsparcie procesowe, od projektowania i produkcji piec\u00f3w po obs\u0142ug\u0119 posprzeda\u017cow\u0105. Obejmuje to dostosowanie sprz\u0119tu, optymalizacj\u0119 proces\u00f3w i szkolenia techniczne. Dzi\u0119ki zaawansowanej technologii i bogatemu do\u015bwiadczeniu w bran\u017cy, ZMSH zapewnia wysok\u0105 wydajno\u015b\u0107, stabiln\u0105 prac\u0119 przy niskim zu\u017cyciu energii i oferuje szybkie, ca\u0142odobowe wsparcie techniczne, aby pom\u00f3c klientom w osi\u0105gni\u0119ciu du\u017cej skali produkcji surowc\u00f3w z w\u0119glika krzemu o wysokiej czysto\u015bci.<\/p>\n<h2 data-section-id=\"1uqg4yw\" data-start=\"4732\" data-end=\"4773\"><span role=\"text\"><strong data-start=\"4735\" data-end=\"4771\">Cz\u0119sto zadawane pytania (FAQ)<\/strong><\/span><\/h2>\n<p data-start=\"4774\" data-end=\"5024\"><strong data-start=\"4774\" data-end=\"4842\">P1: Jaki jest cel pieca do syntezy surowc\u00f3w SiC?<\/strong><br data-start=\"4842\" data-end=\"4845\" \/>O: S\u0142u\u017cy do produkcji surowc\u00f3w z w\u0119glika krzemu (SiC) o wysokiej czysto\u015bci za pomoc\u0105 wysokotemperaturowych reakcji chemicznych, niezb\u0119dnych do produkcji p\u00f3\u0142przewodnik\u00f3w, ceramiki i element\u00f3w optycznych.<\/p>\n<p data-start=\"5026\" data-end=\"5265\"><strong data-start=\"5026\" data-end=\"5104\">P2: Dlaczego piec do syntezy SiC jest wa\u017cny dla produkcji p\u00f3\u0142przewodnik\u00f3w?<\/strong><br data-start=\"5104\" data-end=\"5107\" \/>O: Umo\u017cliwia produkcj\u0119 ultraczystego SiC, kt\u00f3ry ma kluczowe znaczenie dla wzrostu wysokiej jako\u015bci kryszta\u0142\u00f3w SiC wykorzystywanych w elektronice mocy i urz\u0105dzeniach o wysokiej cz\u0119stotliwo\u015bci.<\/p>\n<p data-start=\"5267\" data-end=\"5449\"><strong data-start=\"5267\" data-end=\"5327\">P3: Jaka jest maksymalna \u0142adowno\u015b\u0107 pieca?<\/strong><br data-start=\"5327\" data-end=\"5330\" \/>O: Standardowa \u0142adowno\u015b\u0107 wynosi 50 kg, co pozwala na produkcj\u0119 na du\u017c\u0105 skal\u0119 i zasilanie wielu piec\u00f3w kryszta\u0142owych.<\/p>\n<p data-start=\"5451\" data-end=\"5708\"><strong data-start=\"5451\" data-end=\"5526\">P4: Jakie s\u0105 dok\u0142adno\u015bci kontroli temperatury i ci\u015bnienia w piecu?<\/strong><br data-start=\"5526\" data-end=\"5529\" \/>O: Dok\u0142adno\u015b\u0107 kontroli temperatury wynosi \u00b11\u00b0C. Dok\u0142adno\u015b\u0107 kontroli ci\u015bnienia wynosi od \u00b10,1 mbar do \u00b10,5 mbar w zale\u017cno\u015bci od zakresu ci\u015bnienia, zapewniaj\u0105c stabiln\u0105 syntez\u0119 SiC o wysokiej czysto\u015bci.<\/p>","protected":false},"excerpt":{"rendered":"<p>Piec do syntezy surowc\u00f3w SiC o pojemno\u015bci 50 kg to specjalistyczny piec wysokotemperaturowy przeznaczony do produkcji surowc\u00f3w z w\u0119glika krzemu (SiC) o wysokiej czysto\u015bci. Jako krytyczny materia\u0142 p\u00f3\u0142przewodnikowy i ceramiczny, SiC jest szeroko stosowany w energoelektronice, urz\u0105dzeniach wysokotemperaturowych, materia\u0142ach odpornych na zu\u017cycie i elementach optycznych.<\/p>","protected":false},"featured_media":1984,"comment_status":"open","ping_status":"closed","template":"","meta":{"site-sidebar-layout":"default","site-content-layout":"","ast-site-content-layout":"default","site-content-style":"default","site-sidebar-style":"default","ast-global-header-display":"","ast-banner-title-visibility":"","ast-main-header-display":"","ast-hfb-above-header-display":"","ast-hfb-below-header-display":"","ast-hfb-mobile-header-display":"","site-post-title":"","ast-breadcrumbs-content":"","ast-featured-img":"","footer-sml-layout":"","ast-disable-related-posts":"","theme-transparent-header-meta":"default","adv-header-id-meta":"","stick-header-meta":"default","header-above-stick-meta":"","header-main-stick-meta":"","header-below-stick-meta":"","astra-migrate-meta-layouts":"set","ast-page-background-enabled":"default","ast-page-background-meta":{"desktop":{"background-color":"var(--ast-global-color-4)","background-image":"","background-repeat":"repeat","background-position":"center center","background-size":"auto","background-attachment":"scroll","background-type":"","background-media":"","overlay-type":"","overlay-color":"","overlay-opacity":"","overlay-gradient":""},"tablet":{"background-color":"","background-image":"","background-repeat":"repeat","background-position":"center center","background-size":"auto","background-attachment":"scroll","background-type":"","background-media":"","overlay-type":"","overlay-color":"","overlay-opacity":"","overlay-gradient":""},"mobile":{"background-color":"","background-image":"","background-repeat":"repeat","background-position":"center center","background-size":"auto","background-attachment":"scroll","background-type":"","background-media":"","overlay-type":"","overlay-color":"","overlay-opacity":"","overlay-gradient":""}},"ast-content-background-meta":{"desktop":{"background-color":"var(--ast-global-color-5)","background-image":"","background-repeat":"repeat","background-position":"center center","background-size":"auto","background-attachment":"scroll","background-type":"","background-media":"","overlay-type":"","overlay-color":"","overlay-opacity":"","overlay-gradient":""},"tablet":{"background-color":"var(--ast-global-color-5)","background-image":"","background-repeat":"repeat","background-position":"center center","background-size":"auto","background-attachment":"scroll","background-type":"","background-media":"","overlay-type":"","overlay-color":"","overlay-opacity":"","overlay-gradient":""},"mobile":{"background-color":"var(--ast-global-color-5)","background-image":"","background-repeat":"repeat","background-position":"center center","background-size":"auto","background-attachment":"scroll","background-type":"","background-media":"","overlay-type":"","overlay-color":"","overlay-opacity":"","overlay-gradient":""}}},"product_brand":[],"product_cat":[15],"product_tag":[489,504,506,492,496,500,499,505,498,495,507,494,493,501,490,503,491,486,502,497,508],"class_list":{"0":"post-1981","1":"product","2":"type-product","3":"status-publish","4":"has-post-thumbnail","6":"product_cat-crystal-growth-furnace","7":"product_tag-50kg-sic-raw-material-synthesis-furnace","8":"product_tag-crystal-growth","9":"product_tag-furnace-automation","10":"product_tag-high-purity-sic","11":"product_tag-high-temperature-devices","12":"product_tag-high-temperature-furnace","13":"product_tag-induction-heating-furnace","14":"product_tag-industrial-sic-production","15":"product_tag-optical-devices","16":"product_tag-power-electronics","17":"product_tag-pressure-control","18":"product_tag-semiconductor-materials","19":"product_tag-sic-crystal-preparation","20":"product_tag-sic-powder-production","21":"product_tag-sic-raw-material-furnace","22":"product_tag-sic-single-crystal","23":"product_tag-silicon-carbide-synthesis-furnace","24":"product_tag-temperature-control","25":"product_tag-ultra-pure-sic","26":"product_tag-wear-resistant-materials","27":"product_tag-zmsh-equipment","28":"desktop-align-left","29":"tablet-align-left","30":"mobile-align-left","31":"ast-product-gallery-layout-horizontal-slider","32":"ast-product-tabs-layout-horizontal","34":"first","35":"instock","36":"shipping-taxable","37":"product-type-simple"},"_links":{"self":[{"href":"https:\/\/www.zmsh-semitech.com\/pl\/wp-json\/wp\/v2\/product\/1981","targetHints":{"allow":["GET"]}}],"collection":[{"href":"https:\/\/www.zmsh-semitech.com\/pl\/wp-json\/wp\/v2\/product"}],"about":[{"href":"https:\/\/www.zmsh-semitech.com\/pl\/wp-json\/wp\/v2\/types\/product"}],"replies":[{"embeddable":true,"href":"https:\/\/www.zmsh-semitech.com\/pl\/wp-json\/wp\/v2\/comments?post=1981"}],"version-history":[{"count":3,"href":"https:\/\/www.zmsh-semitech.com\/pl\/wp-json\/wp\/v2\/product\/1981\/revisions"}],"predecessor-version":[{"id":1992,"href":"https:\/\/www.zmsh-semitech.com\/pl\/wp-json\/wp\/v2\/product\/1981\/revisions\/1992"}],"wp:featuredmedia":[{"embeddable":true,"href":"https:\/\/www.zmsh-semitech.com\/pl\/wp-json\/wp\/v2\/media\/1984"}],"wp:attachment":[{"href":"https:\/\/www.zmsh-semitech.com\/pl\/wp-json\/wp\/v2\/media?parent=1981"}],"wp:term":[{"taxonomy":"product_brand","embeddable":true,"href":"https:\/\/www.zmsh-semitech.com\/pl\/wp-json\/wp\/v2\/product_brand?post=1981"},{"taxonomy":"product_cat","embeddable":true,"href":"https:\/\/www.zmsh-semitech.com\/pl\/wp-json\/wp\/v2\/product_cat?post=1981"},{"taxonomy":"product_tag","embeddable":true,"href":"https:\/\/www.zmsh-semitech.com\/pl\/wp-json\/wp\/v2\/product_tag?post=1981"}],"curies":[{"name":"wp","href":"https:\/\/api.w.org\/{rel}","templated":true}]}}