{"id":1933,"date":"2026-03-20T05:58:05","date_gmt":"2026-03-20T05:58:05","guid":{"rendered":"https:\/\/www.zmsh-semitech.com\/?post_type=product&#038;p=1933"},"modified":"2026-04-03T05:18:06","modified_gmt":"2026-04-03T05:18:06","slug":"diamond-wire-single-multi-wire-dual-station-cutting-machine-for-sapphire-sic-material-processing","status":"publish","type":"product","link":"https:\/\/www.zmsh-semitech.com\/pl\/product\/diamond-wire-single-multi-wire-dual-station-cutting-machine-for-sapphire-sic-material-processing\/","title":{"rendered":"Wielodrutowa, dwustanowiskowa maszyna tn\u0105ca z drutem diamentowym do obr\u00f3bki materia\u0142\u00f3w Sapphire \/ SiC"},"content":{"rendered":"<p data-start=\"224\" data-end=\"588\"><img fetchpriority=\"high\" decoding=\"async\" class=\"size-medium wp-image-1934 alignright\" src=\"https:\/\/www.zmsh-semitech.com\/wp-content\/uploads\/2026\/03\/diamond_wire_single_multi_wire_dual_station_cutting_machine_for_sapphire_sic_material_processing-300x300.webp\" alt=\"\" width=\"300\" height=\"300\" srcset=\"https:\/\/www.zmsh-semitech.com\/wp-content\/uploads\/2026\/03\/diamond_wire_single_multi_wire_dual_station_cutting_machine_for_sapphire_sic_material_processing-300x300.webp 300w, https:\/\/www.zmsh-semitech.com\/wp-content\/uploads\/2026\/03\/diamond_wire_single_multi_wire_dual_station_cutting_machine_for_sapphire_sic_material_processing-150x150.webp 150w, https:\/\/www.zmsh-semitech.com\/wp-content\/uploads\/2026\/03\/diamond_wire_single_multi_wire_dual_station_cutting_machine_for_sapphire_sic_material_processing-12x12.webp 12w, https:\/\/www.zmsh-semitech.com\/wp-content\/uploads\/2026\/03\/diamond_wire_single_multi_wire_dual_station_cutting_machine_for_sapphire_sic_material_processing-600x600.webp 600w, https:\/\/www.zmsh-semitech.com\/wp-content\/uploads\/2026\/03\/diamond_wire_single_multi_wire_dual_station_cutting_machine_for_sapphire_sic_material_processing-100x100.webp 100w, https:\/\/www.zmsh-semitech.com\/wp-content\/uploads\/2026\/03\/diamond_wire_single_multi_wire_dual_station_cutting_machine_for_sapphire_sic_material_processing.webp 750w\" sizes=\"(max-width: 300px) 100vw, 300px\" \/>The diamond wire multi-wire dual-station cutting machine is a core equipment for precision processing of brittle materials. By using the high-speed reciprocating motion of diamond wire (steel wire coated with silicon carbide or aluminum oxide particles) and relative abrasion with the workpiece, it achieves accurate cutting of hard materials.<\/p>\n<p data-start=\"590\" data-end=\"936\">Dwustanowiskowa konstrukcja umo\u017cliwia jednoczesne mocowanie dw\u00f3ch element\u00f3w obrabianych (lub operacje naprzemienne), co znacznie poprawia wydajno\u015b\u0107 produkcji. Urz\u0105dzenie jest szeroko stosowane do prostowania, krojenia i precyzyjnego kszta\u0142towania materia\u0142\u00f3w, takich jak p\u0142ytki p\u00f3\u0142przewodnikowe, szafir, w\u0119glik krzemu (SiC), ceramika, kwarc i metale szlachetne.<\/p>\n<p data-start=\"938\" data-end=\"1192\">Maszyna ta integruje systemy sterowania serwo, regulacj\u0119 napi\u0119cia i technologie ci\u0119cia oscylacyjnego, r\u00f3wnowa\u017c\u0105c wydajno\u015b\u0107 i precyzj\u0119, i jest krytycznym narz\u0119dziem w bran\u017cach takich jak fotowoltaika, p\u00f3\u0142przewodniki i zaawansowana produkcja.<\/p>\n<h3 data-section-id=\"1880me3\" data-start=\"1199\" data-end=\"1233\"><span role=\"text\">Specyfikacja techniczna<\/span><\/h3>\n<div class=\"TyagGW_tableContainer\">\n<div class=\"group TyagGW_tableWrapper flex flex-col-reverse w-fit\" tabindex=\"-1\">\n<table class=\"w-fit min-w-(--thread-content-width)\" data-start=\"1235\" data-end=\"2401\">\n<thead data-start=\"1235\" data-end=\"1264\">\n<tr data-start=\"1235\" data-end=\"1264\">\n<th class=\"\" data-start=\"1235\" data-end=\"1247\" data-col-size=\"md\">Parametr<\/th>\n<th class=\"\" data-start=\"1247\" data-end=\"1264\" data-col-size=\"md\">Specyfikacja<\/th>\n<\/tr>\n<\/thead>\n<tbody data-start=\"1295\" data-end=\"2401\">\n<tr data-start=\"1295\" data-end=\"1330\">\n<td data-start=\"1295\" data-end=\"1303\" data-col-size=\"md\">Model<\/td>\n<td data-start=\"1303\" data-end=\"1330\" data-col-size=\"md\">Multi-Wire Saw<\/td>\n<\/tr>\n<tr data-start=\"1331\" data-end=\"1370\">\n<td data-start=\"1331\" data-end=\"1356\" data-col-size=\"md\">Maksymalny rozmiar obrabianego przedmiotu<\/td>\n<td data-col-size=\"md\" data-start=\"1356\" data-end=\"1370\">\u00f8320\u00d7430mm<\/td>\n<\/tr>\n<tr data-start=\"1371\" data-end=\"1433\">\n<td data-start=\"1371\" data-end=\"1402\" data-col-size=\"md\">\u015arednica pow\u0142oki wa\u0142ka g\u0142\u00f3wnego<\/td>\n<td data-col-size=\"md\" data-start=\"1402\" data-end=\"1433\">\u00f8210\u00d7450mm (5 g\u0142\u00f3wnych rolek)<\/td>\n<\/tr>\n<tr data-start=\"1434\" data-end=\"1475\">\n<td data-start=\"1434\" data-end=\"1455\" data-col-size=\"md\">Wire Running Speed<\/td>\n<td data-col-size=\"md\" data-start=\"1455\" data-end=\"1475\">1000 (MIX) m\/min<\/td>\n<\/tr>\n<tr data-start=\"1476\" data-end=\"1514\">\n<td data-start=\"1476\" data-end=\"1500\" data-col-size=\"md\">\u015arednica liny diamentowej<\/td>\n<td data-col-size=\"md\" data-start=\"1500\" data-end=\"1514\">0,2-0,37 mm<\/td>\n<\/tr>\n<tr data-start=\"1515\" data-end=\"1586\">\n<td data-start=\"1515\" data-end=\"1554\" data-col-size=\"md\">Pojemno\u015b\u0107 magazynowa linii (ko\u0142o zasilaj\u0105ce)<\/td>\n<td data-col-size=\"md\" data-start=\"1554\" data-end=\"1586\">20 km (\u015brednica przewodu 0,25 mm)<\/td>\n<\/tr>\n<tr data-start=\"1587\" data-end=\"1625\">\n<td data-start=\"1587\" data-end=\"1613\" data-col-size=\"md\">Zakres grubo\u015bci ci\u0119cia<\/td>\n<td data-col-size=\"md\" data-start=\"1613\" data-end=\"1625\">1,5-80 mm<\/td>\n<\/tr>\n<tr data-start=\"1626\" data-end=\"1656\">\n<td data-start=\"1626\" data-end=\"1645\" data-col-size=\"md\">Dok\u0142adno\u015b\u0107 ci\u0119cia<\/td>\n<td data-col-size=\"md\" data-start=\"1645\" data-end=\"1656\">\u00b10,01 mm<\/td>\n<\/tr>\n<tr data-start=\"1657\" data-end=\"1707\">\n<td data-start=\"1657\" data-end=\"1698\" data-col-size=\"md\">Pionowy skok podnoszenia stacji roboczej<\/td>\n<td data-col-size=\"md\" data-start=\"1698\" data-end=\"1707\">350 mm<\/td>\n<\/tr>\n<tr data-start=\"1708\" data-end=\"1778\">\n<td data-start=\"1708\" data-end=\"1725\" data-col-size=\"md\">Metoda ci\u0119cia<\/td>\n<td data-col-size=\"md\" data-start=\"1725\" data-end=\"1778\">St\u00f3\u0142 warsztatowy obraca si\u0119; lina diamentowa pozostaje nieruchoma<\/td>\n<\/tr>\n<tr data-start=\"1779\" data-end=\"1817\">\n<td data-start=\"1779\" data-end=\"1800\" data-col-size=\"md\">Pr\u0119dko\u015b\u0107 posuwu ci\u0119cia<\/td>\n<td data-col-size=\"md\" data-start=\"1800\" data-end=\"1817\">0,01-10 mm\/min<\/td>\n<\/tr>\n<tr data-start=\"1818\" data-end=\"1839\">\n<td data-start=\"1818\" data-end=\"1831\" data-col-size=\"md\">Zbiornik na wod\u0119<\/td>\n<td data-col-size=\"md\" data-start=\"1831\" data-end=\"1839\">300L<\/td>\n<\/tr>\n<tr data-start=\"1840\" data-end=\"1899\">\n<td data-start=\"1840\" data-end=\"1856\" data-col-size=\"md\">P\u0142yn do ci\u0119cia<\/td>\n<td data-col-size=\"md\" data-start=\"1856\" data-end=\"1899\">Antykorozyjny p\u0142yn tn\u0105cy o wysokiej wydajno\u015bci<\/td>\n<\/tr>\n<tr data-start=\"1900\" data-end=\"1921\">\n<td data-start=\"1900\" data-end=\"1914\" data-col-size=\"md\">K\u0105t obrotu<\/td>\n<td data-col-size=\"md\" data-start=\"1914\" data-end=\"1921\">\u00b18\u00b0<\/td>\n<\/tr>\n<tr data-start=\"1922\" data-end=\"1947\">\n<td data-start=\"1922\" data-end=\"1936\" data-col-size=\"md\">Pr\u0119dko\u015b\u0107 obrotu<\/td>\n<td data-col-size=\"md\" data-start=\"1936\" data-end=\"1947\">0.83\u00b0\/s<\/td>\n<\/tr>\n<tr data-start=\"1948\" data-end=\"2002\">\n<td data-start=\"1948\" data-end=\"1974\" data-col-size=\"md\">Maksymalne napr\u0119\u017cenie tn\u0105ce<\/td>\n<td data-col-size=\"md\" data-start=\"1974\" data-end=\"2002\">100N (jednostka minimalna 0,1N)<\/td>\n<\/tr>\n<tr data-start=\"2003\" data-end=\"2028\">\n<td data-start=\"2003\" data-end=\"2019\" data-col-size=\"md\">G\u0142\u0119boko\u015b\u0107 ci\u0119cia<\/td>\n<td data-col-size=\"md\" data-start=\"2019\" data-end=\"2028\">430 mm<\/td>\n<\/tr>\n<tr data-start=\"2029\" data-end=\"2049\">\n<td data-start=\"2029\" data-end=\"2044\" data-col-size=\"md\">Stacje robocze<\/td>\n<td data-col-size=\"md\" data-start=\"2044\" data-end=\"2049\">2<\/td>\n<\/tr>\n<tr data-start=\"2050\" data-end=\"2102\">\n<td data-start=\"2050\" data-end=\"2065\" data-col-size=\"md\">Zasilanie<\/td>\n<td data-col-size=\"md\" data-start=\"2065\" data-end=\"2102\">Tr\u00f3jfazowy pi\u0119cioprzewodowy AC380V\/50Hz<\/td>\n<\/tr>\n<tr data-start=\"2103\" data-end=\"2134\">\n<td data-start=\"2103\" data-end=\"2125\" data-col-size=\"md\">Ca\u0142kowita moc maszyny<\/td>\n<td data-col-size=\"md\" data-start=\"2125\" data-end=\"2134\">\u226452kW<\/td>\n<\/tr>\n<tr data-start=\"2135\" data-end=\"2159\">\n<td data-start=\"2135\" data-end=\"2148\" data-col-size=\"md\">Silnik g\u0142\u00f3wny<\/td>\n<td data-col-size=\"md\" data-start=\"2148\" data-end=\"2159\">7,5\u00d73kW<\/td>\n<\/tr>\n<tr data-start=\"2160\" data-end=\"2187\">\n<td data-start=\"2160\" data-end=\"2175\" data-col-size=\"md\">Okablowanie silnika<\/td>\n<td data-start=\"2175\" data-end=\"2187\" data-col-size=\"md\">0,75\u00d72kW<\/td>\n<\/tr>\n<tr data-start=\"2188\" data-end=\"2223\">\n<td data-start=\"2188\" data-end=\"2212\" data-col-size=\"md\">Silnik obrotu sto\u0142u warsztatowego<\/td>\n<td data-col-size=\"md\" data-start=\"2212\" data-end=\"2223\">1,3\u00d72kW<\/td>\n<\/tr>\n<tr data-start=\"2224\" data-end=\"2259\">\n<td data-start=\"2224\" data-end=\"2248\" data-col-size=\"md\">Silnik kontroli napr\u0119\u017cenia<\/td>\n<td data-start=\"2248\" data-end=\"2259\" data-col-size=\"md\">4.4\u00d72kW<\/td>\n<\/tr>\n<tr data-start=\"2260\" data-end=\"2305\">\n<td data-start=\"2260\" data-end=\"2294\" data-col-size=\"md\">Silnik zwalniaj\u0105cy i zbieraj\u0105cy przew\u00f3d<\/td>\n<td data-start=\"2294\" data-end=\"2305\" data-col-size=\"md\">5,5\u00d72kW<\/td>\n<\/tr>\n<tr data-start=\"2306\" data-end=\"2373\">\n<td data-start=\"2306\" data-end=\"2353\" data-col-size=\"md\">Wymiary zewn\u0119trzne (bez skrzynki wahacza)<\/td>\n<td data-start=\"2353\" data-end=\"2373\" data-col-size=\"md\">2310\u00d72660\u00d72893mm<\/td>\n<\/tr>\n<tr data-start=\"2374\" data-end=\"2401\">\n<td data-start=\"2374\" data-end=\"2391\" data-col-size=\"md\">Waga maszyny<\/td>\n<td data-start=\"2391\" data-end=\"2401\" data-col-size=\"md\">6000 kg<\/td>\n<\/tr>\n<\/tbody>\n<\/table>\n<\/div>\n<\/div>\n<h3 data-section-id=\"2jkvf5\" data-start=\"2408\" data-end=\"2435\"><span role=\"text\">Zasada dzia\u0142ania<\/span><\/h3>\n<p data-start=\"2436\" data-end=\"2513\">Maszyna dzia\u0142a w oparciu o \u201c\u015bcieranie lin\u0105 diamentow\u0105 + posuw przedmiotu obrabianego\u201d:<\/p>\n<ol data-start=\"2515\" data-end=\"3361\">\n<li data-section-id=\"8g8sq1\" data-start=\"2515\" data-end=\"2766\">\n<p data-start=\"2518\" data-end=\"2544\">Diamond Wire Cycling<\/p>\n<ul data-start=\"2548\" data-end=\"2766\">\n<li data-section-id=\"1wzwuw2\" data-start=\"2548\" data-end=\"2662\">\n<p data-start=\"2550\" data-end=\"2662\">Obracaj\u0105cy si\u0119 z du\u017c\u0105 pr\u0119dko\u015bci\u0105 kabestan nap\u0119dza lin\u0119 diamentow\u0105 w ruchu posuwisto-zwrotnym (lub jednokierunkowym).<\/p>\n<\/li>\n<li data-section-id=\"f6lbqh\" data-start=\"2666\" data-end=\"2766\">\n<p data-start=\"2668\" data-end=\"2766\">Napr\u0119\u017cenie drutu jest utrzymywane przez spr\u0119\u017cynowe lub pneumatyczne ko\u0142a napinaj\u0105ce, co zapewnia stabilne ci\u0119cie.<\/p>\n<\/li>\n<\/ul>\n<\/li>\n<li data-section-id=\"10d9jao\" data-start=\"2768\" data-end=\"2944\">\n<p data-start=\"2771\" data-end=\"2791\">Posuw przedmiotu obrabianego<\/p>\n<ul data-start=\"2795\" data-end=\"2944\">\n<li data-section-id=\"18dix1b\" data-start=\"2795\" data-end=\"2944\">\n<p data-start=\"2797\" data-end=\"2944\">Serwomotory steruj\u0105 mocowaniem przedmiotu obrabianego, aby porusza\u0142 si\u0119 w kierunku liny diamentowej ze sta\u0142\u0105 pr\u0119dko\u015bci\u0105, generuj\u0105c wzgl\u0119dne \u015bcieranie podczas ci\u0119cia.<\/p>\n<\/li>\n<\/ul>\n<\/li>\n<li data-section-id=\"1k9qku3\" data-start=\"2946\" data-end=\"3116\">\n<p data-start=\"2949\" data-end=\"2977\">Prze\u0142\u0105czanie dwustanowe<\/p>\n<ul data-start=\"2981\" data-end=\"3116\">\n<li data-section-id=\"4bb19x\" data-start=\"2981\" data-end=\"3116\">\n<p data-start=\"2983\" data-end=\"3116\">Po wyci\u0119ciu jednego elementu maszyna automatycznie prze\u0142\u0105cza si\u0119 na drugi uchwyt, zapewniaj\u0105c ci\u0105g\u0142\u0105 prac\u0119 bez przestoj\u00f3w.<\/p>\n<\/li>\n<\/ul>\n<\/li>\n<li data-section-id=\"15gtvqk\" data-start=\"3118\" data-end=\"3361\">\n<p data-start=\"3121\" data-end=\"3143\">Kluczowe technologie<\/p>\n<ul data-start=\"3147\" data-end=\"3361\">\n<li data-section-id=\"5smzx8\" data-start=\"3147\" data-end=\"3261\">\n<p data-start=\"3149\" data-end=\"3261\">Ci\u0119cie oscylacyjne: oscylacyjny st\u00f3\u0142 roboczy \u00b18\u00b0 zapewnia r\u00f3wnomierny kontakt z drutem i lepsz\u0105 p\u0142asko\u015b\u0107 powierzchni.<\/p>\n<\/li>\n<li data-section-id=\"1numag\" data-start=\"3265\" data-end=\"3361\">\n<p data-start=\"3267\" data-end=\"3361\">Kontrola napr\u0119\u017cenia: Czujniki monitoruj\u0105 napr\u0119\u017cenie linki w czasie rzeczywistym, aby zapobiec po\u015blizgowi lub zerwaniu.<\/p>\n<\/li>\n<\/ul>\n<\/li>\n<\/ol>\n<h3 data-section-id=\"1uq8gka\" data-start=\"3368\" data-end=\"3391\"><span role=\"text\">Podstawowe funkcje<\/span><\/h3>\n<div class=\"TyagGW_tableContainer\">\n<div class=\"group TyagGW_tableWrapper flex flex-col-reverse w-fit\" tabindex=\"-1\">\n<table class=\"w-fit min-w-(--thread-content-width)\" data-start=\"3393\" data-end=\"3938\">\n<thead data-start=\"3393\" data-end=\"3418\">\n<tr data-start=\"3393\" data-end=\"3418\">\n<th class=\"\" data-start=\"3393\" data-end=\"3403\" data-col-size=\"sm\">Cecha<\/th>\n<th class=\"\" data-start=\"3403\" data-end=\"3418\" data-col-size=\"md\">Opis<\/th>\n<\/tr>\n<\/thead>\n<tbody data-start=\"3445\" data-end=\"3938\">\n<tr data-start=\"3445\" data-end=\"3553\">\n<td data-start=\"3445\" data-end=\"3463\" data-col-size=\"sm\">Wysoka wydajno\u015b\u0107<\/td>\n<td data-start=\"3463\" data-end=\"3553\" data-col-size=\"md\">Dwustanowiskowa konstrukcja podwaja wydajno\u015b\u0107 produkcyjn\u0105; wysokie pr\u0119dko\u015bci drutu skracaj\u0105 czas ci\u0119cia.<\/td>\n<\/tr>\n<tr data-start=\"3554\" data-end=\"3668\">\n<td data-start=\"3554\" data-end=\"3571\" data-col-size=\"sm\">Wysoka precyzja<\/td>\n<td data-col-size=\"md\" data-start=\"3571\" data-end=\"3668\">Serwomotory + \u015bruby kulowe zapewniaj\u0105 dok\u0142adno\u015b\u0107 \u00b10,01 mm; tryb oscylacyjny minimalizuje zadziory na powierzchni.<\/td>\n<\/tr>\n<tr data-start=\"3669\" data-end=\"3767\">\n<td data-start=\"3669\" data-end=\"3683\" data-col-size=\"sm\">Elastyczno\u015b\u0107<\/td>\n<td data-col-size=\"md\" data-start=\"3683\" data-end=\"3767\">Obs\u0142uguje prze\u0142\u0105czanie jedno- i wieloprzewodowe oraz regulowane pr\u0119dko\u015bci posuwu (0,01-10 mm\/min).<\/td>\n<\/tr>\n<tr data-start=\"3768\" data-end=\"3836\">\n<td data-start=\"3768\" data-end=\"3783\" data-col-size=\"sm\">Przyjazny dla \u015brodowiska<\/td>\n<td data-start=\"3783\" data-end=\"3836\" data-col-size=\"md\">P\u0142yny do ci\u0119cia na bazie wody zmniejszaj\u0105 zapylenie i ha\u0142as.<\/td>\n<\/tr>\n<tr data-start=\"3837\" data-end=\"3938\">\n<td data-start=\"3837\" data-end=\"3849\" data-col-size=\"sm\">Stabilno\u015b\u0107<\/td>\n<td data-col-size=\"md\" data-start=\"3849\" data-end=\"3938\">Odlewane ramy zwi\u0119kszaj\u0105 sztywno\u015b\u0107; funkcja wznowienia pracy zapobiega odrzuceniu obrabianego przedmiotu.<\/td>\n<\/tr>\n<\/tbody>\n<\/table>\n<\/div>\n<\/div>\n<h3 data-section-id=\"xdxar3\" data-start=\"3945\" data-end=\"3967\"><span role=\"text\">Zastosowania<\/span><\/h3>\n<ol data-start=\"3969\" data-end=\"4689\">\n<li data-section-id=\"e2ca1e\" data-start=\"3969\" data-end=\"4145\">\n<p data-start=\"3972\" data-end=\"4008\">P\u00f3\u0142przewodniki i fotowoltaika<\/p>\n<ul data-start=\"4012\" data-end=\"4145\">\n<li data-section-id=\"c6f6qr\" data-start=\"4012\" data-end=\"4086\">\n<p data-start=\"4014\" data-end=\"4086\">Ci\u0119cie p\u0142ytek krzemowych (mono-\/polikrystalicznych) i ogniw s\u0142onecznych PERC<\/p>\n<\/li>\n<li data-section-id=\"5ocxwg\" data-start=\"4090\" data-end=\"4145\">\n<p data-start=\"4092\" data-end=\"4145\">Profilowanie kraw\u0119dzi pod\u0142o\u017cy LED i modu\u0142\u00f3w solarnych<\/p>\n<\/li>\n<\/ul>\n<\/li>\n<li data-section-id=\"6hrn80\" data-start=\"4147\" data-end=\"4330\">\n<p data-start=\"4150\" data-end=\"4171\">Ceramika i klejnoty<\/p>\n<ul data-start=\"4175\" data-end=\"4330\">\n<li data-section-id=\"5acdkn\" data-start=\"4175\" data-end=\"4235\">\n<p data-start=\"4177\" data-end=\"4235\">Ci\u0119cie szafiru dla wy\u015bwietlaczy LED i ekran\u00f3w smartfon\u00f3w<\/p>\n<\/li>\n<li data-section-id=\"1buqiv9\" data-start=\"4239\" data-end=\"4330\">\n<p data-start=\"4241\" data-end=\"4330\">Precyzyjne ci\u0119cie w\u0119glika krzemu (SiC) dla urz\u0105dze\u0144 zasilaj\u0105cych EV, minimalizuj\u0105ce straty materia\u0142owe<\/p>\n<\/li>\n<\/ul>\n<\/li>\n<li data-section-id=\"10scz4s\" data-start=\"4332\" data-end=\"4517\">\n<p data-start=\"4335\" data-end=\"4363\">Kwarc i szk\u0142o optyczne<\/p>\n<ul data-start=\"4367\" data-end=\"4517\">\n<li data-section-id=\"6ctgdt\" data-start=\"4367\" data-end=\"4438\">\n<p data-start=\"4369\" data-end=\"4438\">Oscylatory kryszta\u0142owe: precyzyjne ci\u0119cie dla czujnik\u00f3w i telekomunikacji<\/p>\n<\/li>\n<li data-section-id=\"w69aek\" data-start=\"4442\" data-end=\"4517\">\n<p data-start=\"4444\" data-end=\"4517\">Elementy optyczne: ci\u0119cie soczewek i pryzmat\u00f3w z minimalnymi wadami powierzchniowymi<\/p>\n<\/li>\n<\/ul>\n<\/li>\n<li data-section-id=\"165zv1\" data-start=\"4519\" data-end=\"4689\">\n<p data-start=\"4522\" data-end=\"4548\">Metale i metale ziem rzadkich<\/p>\n<ul data-start=\"4552\" data-end=\"4689\">\n<li data-section-id=\"10dxe48\" data-start=\"4552\" data-end=\"4624\">\n<p data-start=\"4554\" data-end=\"4624\">Ci\u0119cie metali szlachetnych (z\u0142oto, platyna) na bi\u017cuteri\u0119, redukcja z\u0142omu<\/p>\n<\/li>\n<li data-section-id=\"19im383\" data-start=\"4628\" data-end=\"4689\">\n<p data-start=\"4630\" data-end=\"4689\">Ci\u0119cie magnes\u00f3w ziem rzadkich (NdFeB) do silnik\u00f3w i czujnik\u00f3w<\/p>\n<\/li>\n<\/ul>\n<\/li>\n<\/ol>\n<p><img decoding=\"async\" class=\"wp-image-2099 size-large aligncenter\" src=\"https:\/\/www.zmsh-semitech.com\/wp-content\/uploads\/2026\/03\/35194b37-522c-4034-8dae-1e2b7974059b-1024x248.jpg\" alt=\"\" width=\"1024\" height=\"248\" srcset=\"https:\/\/www.zmsh-semitech.com\/wp-content\/uploads\/2026\/03\/35194b37-522c-4034-8dae-1e2b7974059b-1024x248.jpg 1024w, https:\/\/www.zmsh-semitech.com\/wp-content\/uploads\/2026\/03\/35194b37-522c-4034-8dae-1e2b7974059b-300x73.jpg 300w, https:\/\/www.zmsh-semitech.com\/wp-content\/uploads\/2026\/03\/35194b37-522c-4034-8dae-1e2b7974059b-768x186.jpg 768w, https:\/\/www.zmsh-semitech.com\/wp-content\/uploads\/2026\/03\/35194b37-522c-4034-8dae-1e2b7974059b-18x4.jpg 18w, https:\/\/www.zmsh-semitech.com\/wp-content\/uploads\/2026\/03\/35194b37-522c-4034-8dae-1e2b7974059b-600x145.jpg 600w, https:\/\/www.zmsh-semitech.com\/wp-content\/uploads\/2026\/03\/35194b37-522c-4034-8dae-1e2b7974059b.jpg 1139w\" sizes=\"(max-width: 1024px) 100vw, 1024px\" \/><\/p>\n<h3 data-section-id=\"cr3je8\" data-start=\"4696\" data-end=\"4709\"><span role=\"text\">FAQ<\/span><\/h3>\n<p data-start=\"4711\" data-end=\"4941\">P: Jak dzia\u0142a dwustanowiskowa maszyna do ci\u0119cia lin\u0105 diamentow\u0105?<br data-start=\"4776\" data-end=\"4779\" \/>O: Wykorzystuje diamentow\u0105 lin\u0119 (ruch posuwisto-zwrotny) i dwustanowiskow\u0105 konstrukcj\u0119 do ci\u0105g\u0142ego ci\u0119cia i zmiany materia\u0142u, minimalizuj\u0105c przestoje.<\/p>\n<p data-start=\"4943\" data-end=\"5191\">P: Jakie s\u0105 kluczowe zalety dwustanowiskowych maszyn do ci\u0119cia lin\u0105 diamentow\u0105?<br data-start=\"5024\" data-end=\"5027\" \/>A: Wysoka wydajno\u015b\u0107 (dwustanowiskowe przetwarzanie r\u00f3wnoleg\u0142e) i precyzja (dok\u0142adno\u015b\u0107 \u00b10,01 mm) do ci\u0119cia kruchych materia\u0142\u00f3w, takich jak p\u0142ytki krzemowe i ceramika.<\/p>","protected":false},"excerpt":{"rendered":"<p>Dwustanowiskowa, jedno- i wieloprzewodowa przecinarka diamentowa jest podstawowym urz\u0105dzeniem do precyzyjnej obr\u00f3bki kruchych materia\u0142\u00f3w. Wykorzystuj\u0105c szybki ruch posuwisto-zwrotny liny diamentowej (drut stalowy pokryty w\u0119glikiem krzemu lub cz\u0105stkami tlenku glinu) i wzgl\u0119dne \u015bcieranie przedmiotu obrabianego, osi\u0105ga dok\u0142adne ci\u0119cie twardych materia\u0142\u00f3w.<\/p>","protected":false},"featured_media":1934,"comment_status":"open","ping_status":"closed","template":"","meta":{"site-sidebar-layout":"default","site-content-layout":"","ast-site-content-layout":"default","site-content-style":"default","site-sidebar-style":"default","ast-global-header-display":"","ast-banner-title-visibility":"","ast-main-header-display":"","ast-hfb-above-header-display":"","ast-hfb-below-header-display":"","ast-hfb-mobile-header-display":"","site-post-title":"","ast-breadcrumbs-content":"","ast-featured-img":"","footer-sml-layout":"","ast-disable-related-posts":"","theme-transparent-header-meta":"default","adv-header-id-meta":"","stick-header-meta":"default","header-above-stick-meta":"","header-main-stick-meta":"","header-below-stick-meta":"","astra-migrate-meta-layouts":"set","ast-page-background-enabled":"default","ast-page-background-meta":{"desktop":{"background-color":"var(--ast-global-color-4)","background-image":"","background-repeat":"repeat","background-position":"center center","background-size":"auto","background-attachment":"scroll","background-type":"","background-media":"","overlay-type":"","overlay-color":"","overlay-opacity":"","overlay-gradient":""},"tablet":{"background-color":"","background-image":"","background-repeat":"repeat","background-position":"center center","background-size":"auto","background-attachment":"scroll","background-type":"","background-media":"","overlay-type":"","overlay-color":"","overlay-opacity":"","overlay-gradient":""},"mobile":{"background-color":"","background-image":"","background-repeat":"repeat","background-position":"center center","background-size":"auto","background-attachment":"scroll","background-type":"","background-media":"","overlay-type":"","overlay-color":"","overlay-opacity":"","overlay-gradient":""}},"ast-content-background-meta":{"desktop":{"background-color":"var(--ast-global-color-5)","background-image":"","background-repeat":"repeat","background-position":"center center","background-size":"auto","background-attachment":"scroll","background-type":"","background-media":"","overlay-type":"","overlay-color":"","overlay-opacity":"","overlay-gradient":""},"tablet":{"background-color":"var(--ast-global-color-5)","background-image":"","background-repeat":"repeat","background-position":"center center","background-size":"auto","background-attachment":"scroll","background-type":"","background-media":"","overlay-type":"","overlay-color":"","overlay-opacity":"","overlay-gradient":""},"mobile":{"background-color":"var(--ast-global-color-5)","background-image":"","background-repeat":"repeat","background-position":"center center","background-size":"auto","background-attachment":"scroll","background-type":"","background-media":"","overlay-type":"","overlay-color":"","overlay-opacity":"","overlay-gradient":""}}},"product_brand":[],"product_cat":[22],"product_tag":[434,424,425,415,418,433,429,416,431,427,432,428,430,423,426,419,422,420,421,417],"class_list":{"0":"post-1933","1":"product","2":"type-product","3":"status-publish","4":"has-post-thumbnail","6":"product_cat-wire-saw-machine","7":"product_tag-advanced-manufacturing-equipment","8":"product_tag-brittle-material-processing","9":"product_tag-ceramic-cutting","10":"product_tag-diamond-wire-saw","11":"product_tag-dual-station-cutting-machine","12":"product_tag-high-precision-saw","13":"product_tag-led-substrate-slicing","14":"product_tag-multi-wire-cutting-machine","15":"product_tag-ndfeb-magnet-slicing","16":"product_tag-optical-glass-cutting","17":"product_tag-oscillating-cutting","18":"product_tag-photovoltaic-wafer-cutting","19":"product_tag-precious-metal-cutting","20":"product_tag-precision-cutting","21":"product_tag-quartz-cutting","22":"product_tag-sapphire-cutting","23":"product_tag-semiconductor-wafer-slicing","24":"product_tag-sic-cutting","25":"product_tag-silicon-carbide-saw","26":"product_tag-single-wire-saw","27":"desktop-align-left","28":"tablet-align-left","29":"mobile-align-left","30":"ast-product-gallery-layout-horizontal-slider","31":"ast-product-tabs-layout-horizontal","33":"first","34":"instock","35":"shipping-taxable","36":"product-type-simple"},"_links":{"self":[{"href":"https:\/\/www.zmsh-semitech.com\/pl\/wp-json\/wp\/v2\/product\/1933","targetHints":{"allow":["GET"]}}],"collection":[{"href":"https:\/\/www.zmsh-semitech.com\/pl\/wp-json\/wp\/v2\/product"}],"about":[{"href":"https:\/\/www.zmsh-semitech.com\/pl\/wp-json\/wp\/v2\/types\/product"}],"replies":[{"embeddable":true,"href":"https:\/\/www.zmsh-semitech.com\/pl\/wp-json\/wp\/v2\/comments?post=1933"}],"version-history":[{"count":3,"href":"https:\/\/www.zmsh-semitech.com\/pl\/wp-json\/wp\/v2\/product\/1933\/revisions"}],"predecessor-version":[{"id":2101,"href":"https:\/\/www.zmsh-semitech.com\/pl\/wp-json\/wp\/v2\/product\/1933\/revisions\/2101"}],"wp:featuredmedia":[{"embeddable":true,"href":"https:\/\/www.zmsh-semitech.com\/pl\/wp-json\/wp\/v2\/media\/1934"}],"wp:attachment":[{"href":"https:\/\/www.zmsh-semitech.com\/pl\/wp-json\/wp\/v2\/media?parent=1933"}],"wp:term":[{"taxonomy":"product_brand","embeddable":true,"href":"https:\/\/www.zmsh-semitech.com\/pl\/wp-json\/wp\/v2\/product_brand?post=1933"},{"taxonomy":"product_cat","embeddable":true,"href":"https:\/\/www.zmsh-semitech.com\/pl\/wp-json\/wp\/v2\/product_cat?post=1933"},{"taxonomy":"product_tag","embeddable":true,"href":"https:\/\/www.zmsh-semitech.com\/pl\/wp-json\/wp\/v2\/product_tag?post=1933"}],"curies":[{"name":"wp","href":"https:\/\/api.w.org\/{rel}","templated":true}]}}