{"id":1753,"date":"2026-01-23T02:18:28","date_gmt":"2026-01-23T02:18:28","guid":{"rendered":"https:\/\/www.zmsh-semitech.com\/?post_type=product&#038;p=1753"},"modified":"2026-01-23T02:18:28","modified_gmt":"2026-01-23T02:18:28","slug":"sapphire-crystal-growth-furnace-for-80-400-kg-crystals-using-the-kyropoulos-ky-method","status":"publish","type":"product","link":"https:\/\/www.zmsh-semitech.com\/pl\/product\/sapphire-crystal-growth-furnace-for-80-400-kg-crystals-using-the-kyropoulos-ky-method\/","title":{"rendered":"Piec do wzrostu kryszta\u0142\u00f3w szafiru o masie 80-400 kg przy u\u017cyciu metody Kyropoulosa (KY)"},"content":{"rendered":"<h2 data-start=\"286\" data-end=\"309\">Przegl\u0105d produkt\u00f3w<img fetchpriority=\"high\" decoding=\"async\" class=\"size-medium wp-image-1757 alignright\" src=\"https:\/\/www.zmsh-semitech.com\/wp-content\/uploads\/2026\/01\/pl203679978-sapphire_crystal_growth_furnace_80_400kg_by_the_kyropoulos_method_ky5-300x300.jpg\" alt=\"\" width=\"300\" height=\"300\" srcset=\"https:\/\/www.zmsh-semitech.com\/wp-content\/uploads\/2026\/01\/pl203679978-sapphire_crystal_growth_furnace_80_400kg_by_the_kyropoulos_method_ky5-300x300.jpg 300w, https:\/\/www.zmsh-semitech.com\/wp-content\/uploads\/2026\/01\/pl203679978-sapphire_crystal_growth_furnace_80_400kg_by_the_kyropoulos_method_ky5-150x150.jpg 150w, https:\/\/www.zmsh-semitech.com\/wp-content\/uploads\/2026\/01\/pl203679978-sapphire_crystal_growth_furnace_80_400kg_by_the_kyropoulos_method_ky5-100x100.jpg 100w, https:\/\/www.zmsh-semitech.com\/wp-content\/uploads\/2026\/01\/pl203679978-sapphire_crystal_growth_furnace_80_400kg_by_the_kyropoulos_method_ky5.jpg 540w\" sizes=\"(max-width: 300px) 100vw, 300px\" \/><\/h2>\n<p data-start=\"311\" data-end=\"563\">Piec do wzrostu kryszta\u0142\u00f3w szafiru ZMSH KY to wysokotemperaturowy system wzrostu kryszta\u0142\u00f3w zaprojektowany do produkcji szafirowych monokryszta\u0142\u00f3w o du\u017cych rozmiarach, obs\u0142uguj\u0105cy kryszta\u0142y o wadze od 80 kg do 400 kg przy u\u017cyciu metody wzrostu Kyropoulos (KY).<\/p>\n<p data-start=\"565\" data-end=\"963\">Piec jest zoptymalizowany pod k\u0105tem kontrolowanego krzepni\u0119cia szafiru w warunkach niskiego napr\u0119\u017cenia termicznego. \u0141\u0105cz\u0105c stabiln\u0105 konstrukcj\u0119 pola termicznego, precyzyjn\u0105 regulacj\u0119 temperatury oraz ultrawysok\u0105 pr\u00f3\u017cni\u0119 i kontrol\u0119 atmosfery gazowej, system umo\u017cliwia wzrost wysokiej jako\u015bci szafirowych monokryszta\u0142\u00f3w o niskim poziomie defekt\u00f3w, odpowiednich do zastosowa\u0144 p\u00f3\u0142przewodnikowych, optycznych i zaawansowanych zastosowa\u0144 przemys\u0142owych.<\/p>\n<p data-start=\"965\" data-end=\"1187\">W por\u00f3wnaniu z konwencjonalnymi systemami wzrostu Czochralskiego (CZ), metoda KY znacznie zmniejsza napr\u0119\u017cenia wewn\u0119trzne i g\u0119sto\u015b\u0107 dyslokacji, dzi\u0119ki czemu jest bardziej odpowiednia do produkcji kryszta\u0142\u00f3w szafiru o du\u017cej \u015brednicy i grubo\u015bci.<\/p>\n<h2 data-start=\"1194\" data-end=\"1229\">Kyropoulos Growth Technology<\/h2>\n<p data-start=\"1231\" data-end=\"1402\">Metoda Kyropoulosa umo\u017cliwia powolny wzrost kryszta\u0142\u00f3w szafiru w stopionym materiale przy minimalnym obci\u0105\u017ceniu mechanicznym. Kryszta\u0142 pozostaje w du\u017cej mierze podtrzymywany przez si\u0142\u0119 wyporu, co umo\u017cliwia:<\/p>\n<ul data-start=\"1404\" data-end=\"1504\">\n<li data-start=\"1404\" data-end=\"1431\">\n<p data-start=\"1406\" data-end=\"1431\">Ni\u017csze gradienty termiczne<\/p>\n<\/li>\n<li data-start=\"1432\" data-end=\"1461\">\n<p data-start=\"1434\" data-end=\"1461\">Zmniejszone napr\u0119\u017cenia mechaniczne<\/p>\n<\/li>\n<li data-start=\"1462\" data-end=\"1504\">\n<p data-start=\"1464\" data-end=\"1504\">Poprawiona jednorodno\u015b\u0107 struktury krystalicznej<\/p>\n<\/li>\n<\/ul>\n<p data-start=\"1506\" data-end=\"1646\">Ta metoda wzrostu jest szczeg\u00f3lnie skuteczna w produkcji du\u017cych, grubych szafirowych bulli o stabilnych w\u0142a\u015bciwo\u015bciach optycznych i mechanicznych.<\/p>\n<h2 data-start=\"1653\" data-end=\"1685\">Zdolno\u015b\u0107 wzrostu kryszta\u0142\u00f3w<\/h2>\n<ul data-start=\"1687\" data-end=\"1836\">\n<li data-start=\"1687\" data-end=\"1724\">\n<p data-start=\"1689\" data-end=\"1724\">Zakres wagi kryszta\u0142u: 80-400 kg<\/p>\n<\/li>\n<li data-start=\"1725\" data-end=\"1758\">\n<p data-start=\"1727\" data-end=\"1758\">\u015arednica kryszta\u0142u: 10-500 mm<\/p>\n<\/li>\n<li data-start=\"1759\" data-end=\"1793\">\n<p data-start=\"1761\" data-end=\"1793\">Grubo\u015b\u0107 kryszta\u0142u: 50-300 mm<\/p>\n<\/li>\n<li data-start=\"1794\" data-end=\"1836\">\n<p data-start=\"1796\" data-end=\"1836\">Szybko\u015b\u0107 wzrostu: 0,1-5 mm\/h (regulowana)<\/p>\n<\/li>\n<\/ul>\n<p data-start=\"1838\" data-end=\"1968\">Konfiguracj\u0119 pieca mo\u017cna dostosowa\u0107 do okre\u015blonych docelowych rozmiar\u00f3w kryszta\u0142\u00f3w i wymaga\u0144 dotycz\u0105cych p\u0142ytek lub komponent\u00f3w.<\/p>\n<h2 data-start=\"1975\" data-end=\"2006\">Kluczowe zalety techniczne<\/h2>\n<h3 data-start=\"2008\" data-end=\"2044\">Stabilna kontrola pola termicznego<\/h3>\n<p data-start=\"2045\" data-end=\"2272\"><img decoding=\"async\" class=\"size-medium wp-image-1756 alignleft\" src=\"https:\/\/www.zmsh-semitech.com\/wp-content\/uploads\/2026\/01\/pl203679971-sapphire_crystal_growth_furnace_80_400kg_by_the_kyropoulos_method_ky4-300x300.jpg\" alt=\"\" width=\"300\" height=\"300\" srcset=\"https:\/\/www.zmsh-semitech.com\/wp-content\/uploads\/2026\/01\/pl203679971-sapphire_crystal_growth_furnace_80_400kg_by_the_kyropoulos_method_ky4-300x300.jpg 300w, https:\/\/www.zmsh-semitech.com\/wp-content\/uploads\/2026\/01\/pl203679971-sapphire_crystal_growth_furnace_80_400kg_by_the_kyropoulos_method_ky4-150x150.jpg 150w, https:\/\/www.zmsh-semitech.com\/wp-content\/uploads\/2026\/01\/pl203679971-sapphire_crystal_growth_furnace_80_400kg_by_the_kyropoulos_method_ky4-100x100.jpg 100w, https:\/\/www.zmsh-semitech.com\/wp-content\/uploads\/2026\/01\/pl203679971-sapphire_crystal_growth_furnace_80_400kg_by_the_kyropoulos_method_ky4.jpg 540w\" sizes=\"(max-width: 300px) 100vw, 300px\" \/>Piec wykorzystuje dobrze wywa\u017con\u0105 konstrukcj\u0119 pola termicznego z precyzyjn\u0105 regulacj\u0105 temperatury. Stabilno\u015b\u0107 temperatury w strefie wzrostu pomaga t\u0142umi\u0107 napr\u0119\u017cenia termiczne, minimalizowa\u0107 ryzyko p\u0119kania i poprawia\u0107 wydajno\u015b\u0107 kryszta\u0142\u00f3w.<\/p>\n<h3 data-start=\"2274\" data-end=\"2312\">\u015arodowisko wzrostu o wysokiej czysto\u015bci<\/h3>\n<p data-start=\"2313\" data-end=\"2505\">Praca w ultrawysokiej pr\u00f3\u017cni (\u22641\u00d710-\u2076 Pa) i kontrolowanej atmosferze argonu \/ wodoru zapewnia niski poziom zanieczyszcze\u0144 i stabilne warunki topienia podczas d\u0142ugich cykli wzrostu.<\/p>\n<h3 data-start=\"2507\" data-end=\"2549\">Bezkontaktowy proces wzrostu kryszta\u0142\u00f3w<\/h3>\n<p data-start=\"2550\" data-end=\"2700\">Metoda KY minimalizuje mechaniczn\u0105 interakcj\u0119 mi\u0119dzy kryszta\u0142em nasiennym a systemem ci\u0105gn\u0105cym, zmniejszaj\u0105c ryzyko zanieczyszczenia i wad strukturalnych.<\/p>\n<h3 data-start=\"2702\" data-end=\"2736\">Skalowalne wzornictwo przemys\u0142owe<\/h3>\n<p data-start=\"2737\" data-end=\"2900\">System obs\u0142uguje zar\u00f3wno wzrost kryszta\u0142\u00f3w szafiru na \u015bredni\u0105, jak i du\u017c\u0105 skal\u0119 i mo\u017ce by\u0107 dostosowany do r\u00f3\u017cnych rozmiar\u00f3w kryszta\u0142\u00f3w dzi\u0119ki modu\u0142owej konfiguracji pieca.<\/p>\n<h2 data-start=\"2907\" data-end=\"2934\">Typowe zastosowania<\/h2>\n<ul data-start=\"2936\" data-end=\"3162\">\n<li data-start=\"2936\" data-end=\"2988\">\n<p data-start=\"2938\" data-end=\"2988\">Pod\u0142o\u017ca szafirowe do przetwarzania p\u00f3\u0142przewodnik\u00f3w<\/p>\n<\/li>\n<li data-start=\"2989\" data-end=\"3029\">\n<p data-start=\"2991\" data-end=\"3029\">Okna optyczne i komponenty laserowe<\/p>\n<\/li>\n<li data-start=\"3030\" data-end=\"3066\">\n<p data-start=\"3032\" data-end=\"3066\">LED i materia\u0142y optoelektroniczne<\/p>\n<\/li>\n<li data-start=\"3067\" data-end=\"3116\">\n<p data-start=\"3069\" data-end=\"3116\">Podczerwone i wysokotemperaturowe systemy optyczne<\/p>\n<\/li>\n<li data-start=\"3117\" data-end=\"3162\">\n<p data-start=\"3119\" data-end=\"3162\">Okna ochronne do pracy w trudnych warunkach<\/p>\n<\/li>\n<\/ul>\n<h2 data-start=\"3169\" data-end=\"3200\">Specyfikacja techniczna<\/h2>\n<h3 data-start=\"3202\" data-end=\"3236\">Og\u00f3lne parametry pieca<\/h3>\n<div class=\"TyagGW_tableContainer\">\n<div class=\"group TyagGW_tableWrapper flex flex-col-reverse w-fit\" tabindex=\"-1\">\n<table class=\"w-fit min-w-(--thread-content-width)\" data-start=\"3238\" data-end=\"3788\">\n<thead data-start=\"3238\" data-end=\"3262\">\n<tr data-start=\"3238\" data-end=\"3262\">\n<th data-start=\"3238\" data-end=\"3245\" data-col-size=\"sm\">Pozycja<\/th>\n<th data-start=\"3245\" data-end=\"3262\" data-col-size=\"sm\">Specyfikacja<\/th>\n<\/tr>\n<\/thead>\n<tbody data-start=\"3288\" data-end=\"3788\">\n<tr data-start=\"3288\" data-end=\"3323\">\n<td data-start=\"3288\" data-end=\"3304\" data-col-size=\"sm\">Metoda wzrostu<\/td>\n<td data-start=\"3304\" data-end=\"3323\" data-col-size=\"sm\">Kyropoulos (KY)<\/td>\n<\/tr>\n<tr data-start=\"3324\" data-end=\"3360\">\n<td data-start=\"3324\" data-end=\"3347\" data-col-size=\"sm\">Zakres wagi kryszta\u0142\u00f3w<\/td>\n<td data-start=\"3347\" data-end=\"3360\" data-col-size=\"sm\">80-400 kg<\/td>\n<\/tr>\n<tr data-start=\"3361\" data-end=\"3399\">\n<td data-start=\"3361\" data-end=\"3386\" data-col-size=\"sm\">Zakres \u015brednic kryszta\u0142\u00f3w<\/td>\n<td data-start=\"3386\" data-end=\"3399\" data-col-size=\"sm\">10-500 mm<\/td>\n<\/tr>\n<tr data-start=\"3400\" data-end=\"3439\">\n<td data-start=\"3400\" data-end=\"3426\" data-col-size=\"sm\">Zakres grubo\u015bci kryszta\u0142\u00f3w<\/td>\n<td data-start=\"3426\" data-end=\"3439\" data-col-size=\"sm\">50-300 mm<\/td>\n<\/tr>\n<tr data-start=\"3440\" data-end=\"3468\">\n<td data-start=\"3440\" data-end=\"3454\" data-col-size=\"sm\">Tempo wzrostu<\/td>\n<td data-start=\"3454\" data-end=\"3468\" data-col-size=\"sm\">0,1-5 mm\/h<\/td>\n<\/tr>\n<tr data-start=\"3469\" data-end=\"3512\">\n<td data-start=\"3469\" data-end=\"3497\" data-col-size=\"sm\">Zakres temperatur ogrzewania<\/td>\n<td data-start=\"3497\" data-end=\"3512\" data-col-size=\"sm\">2000-2200\u00b0C<\/td>\n<\/tr>\n<tr data-start=\"3513\" data-end=\"3569\">\n<td data-start=\"3513\" data-end=\"3530\" data-col-size=\"sm\">System ogrzewania<\/td>\n<td data-start=\"3530\" data-end=\"3569\" data-col-size=\"sm\">Wysokotemperaturowe ogrzewanie oporowe<\/td>\n<\/tr>\n<tr data-start=\"3570\" data-end=\"3605\">\n<td data-start=\"3570\" data-end=\"3586\" data-col-size=\"sm\">Typ tygla<\/td>\n<td data-start=\"3586\" data-end=\"3605\" data-col-size=\"sm\">Tygiel kwarcowy<\/td>\n<\/tr>\n<tr data-start=\"3606\" data-end=\"3651\">\n<td data-start=\"3606\" data-end=\"3623\" data-col-size=\"sm\">Atmosfera gazowa<\/td>\n<td data-start=\"3623\" data-end=\"3651\" data-col-size=\"sm\">Mieszanina argonu i wodoru<\/td>\n<\/tr>\n<tr data-start=\"3652\" data-end=\"3683\">\n<td data-start=\"3652\" data-end=\"3667\" data-col-size=\"sm\">Poziom pr\u00f3\u017cni<\/td>\n<td data-start=\"3667\" data-end=\"3683\" data-col-size=\"sm\">\u22641 \u00d7 10-\u2076 Pa<\/td>\n<\/tr>\n<tr data-start=\"3684\" data-end=\"3737\">\n<td data-start=\"3684\" data-end=\"3705\" data-col-size=\"sm\">Wymiary pieca<\/td>\n<td data-start=\"3705\" data-end=\"3737\" data-col-size=\"sm\">Oko\u0142o 1200 \u00d7 800 \u00d7 1500 mm<\/td>\n<\/tr>\n<tr data-start=\"3738\" data-end=\"3788\">\n<td data-start=\"3738\" data-end=\"3753\" data-col-size=\"sm\">Zasilanie<\/td>\n<td data-start=\"3753\" data-end=\"3788\" data-col-size=\"sm\">Przemys\u0142owy system pr\u0105du przemiennego du\u017cej mocy<\/td>\n<\/tr>\n<\/tbody>\n<\/table>\n<\/div>\n<\/div>\n<h2 data-start=\"3795\" data-end=\"3842\">Jako\u015b\u0107 kryszta\u0142\u00f3w i wydajno\u015b\u0107 materia\u0142\u00f3w<\/h2>\n<p data-start=\"3844\" data-end=\"3906\">Kryszta\u0142y szafiru wyhodowane przy u\u017cyciu pieca ZMSH KY wykazuj\u0105:<\/p>\n<ul data-start=\"3908\" data-end=\"4080\">\n<li data-start=\"3908\" data-end=\"3966\">\n<p data-start=\"3910\" data-end=\"3966\">Wysoka przezroczysto\u015b\u0107 optyczna w szerokim zakresie spektralnym<\/p>\n<\/li>\n<li data-start=\"3967\" data-end=\"4024\">\n<p data-start=\"3969\" data-end=\"4024\">Niska g\u0119sto\u015b\u0107 dyslokacji i jednolita struktura krystaliczna<\/p>\n<\/li>\n<li data-start=\"4025\" data-end=\"4080\">\n<p data-start=\"4027\" data-end=\"4080\">Doskona\u0142a stabilno\u015b\u0107 termiczna i wytrzyma\u0142o\u015b\u0107 mechaniczna<\/p>\n<\/li>\n<\/ul>\n<p data-start=\"4082\" data-end=\"4215\">W\u0142a\u015bciwo\u015bci te sprawiaj\u0105, \u017ce kryszta\u0142y nadaj\u0105 si\u0119 do wysokowydajnych zastosowa\u0144 optycznych i elektronicznych wymagaj\u0105cych d\u0142ugotrwa\u0142ej niezawodno\u015bci.<\/p>\n<h2 data-start=\"4222\" data-end=\"4251\">Niezawodno\u015b\u0107 przemys\u0142owa<\/h2>\n<p data-start=\"4253\" data-end=\"4502\">Piec zosta\u0142 zaprojektowany z my\u015bl\u0105 o d\u0142ugotrwa\u0142ych cyklach wzrostu i ci\u0105g\u0142ej pracy przemys\u0142owej. Solidna konstrukcja mechaniczna, stabilne systemy sterowania oraz niezawodna obs\u0142uga pr\u00f3\u017cni i gazu zapewniaj\u0105 sta\u0142\u0105 wydajno\u015b\u0107 w wielu seriach produkcyjnych.<\/p>\n<h2 data-start=\"4509\" data-end=\"4541\">Us\u0142ugi in\u017cynieryjne ZMSH<\/h2>\n<p data-start=\"4543\" data-end=\"4600\">ZMSH zapewnia kompleksowe wsparcie techniczne, w tym:<\/p>\n<ul data-start=\"4602\" data-end=\"4820\">\n<li data-start=\"4602\" data-end=\"4684\">\n<p data-start=\"4604\" data-end=\"4684\">Dostosowana konfiguracja pieca w oparciu o rozmiar kryszta\u0142u i zdolno\u015b\u0107 produkcyjn\u0105<\/p>\n<\/li>\n<li data-start=\"4685\" data-end=\"4727\">\n<p data-start=\"4687\" data-end=\"4727\">Instalacja i uruchomienie na miejscu<\/p>\n<\/li>\n<li data-start=\"4728\" data-end=\"4770\">\n<p data-start=\"4730\" data-end=\"4770\">Szkolenie operator\u00f3w i wskaz\u00f3wki dotycz\u0105ce procesu<\/p>\n<\/li>\n<li data-start=\"4771\" data-end=\"4820\">\n<p data-start=\"4773\" data-end=\"4820\">D\u0142ugoterminowa konserwacja i obs\u0142uga posprzeda\u017cna<\/p>\n<\/li>\n<\/ul>\n<p data-start=\"4822\" data-end=\"4963\">Nasz zesp\u00f3\u0142 in\u017cynier\u00f3w \u015bci\u015ble wsp\u00f3\u0142pracuje z klientami w celu optymalizacji proces\u00f3w wzrostu szafiru i zapewnienia stabilnej, powtarzalnej wydajno\u015bci produkcji.<\/p>\n<h2 data-start=\"4970\" data-end=\"4980\">FAQ<img decoding=\"async\" class=\"size-medium wp-image-1755 alignright\" src=\"https:\/\/www.zmsh-semitech.com\/wp-content\/uploads\/2026\/01\/pl203679970-sapphire_crystal_growth_furnace_80_400kg_by_the_kyropoulos_method_ky-300x300.jpg\" alt=\"\" width=\"300\" height=\"300\" srcset=\"https:\/\/www.zmsh-semitech.com\/wp-content\/uploads\/2026\/01\/pl203679970-sapphire_crystal_growth_furnace_80_400kg_by_the_kyropoulos_method_ky-300x300.jpg 300w, https:\/\/www.zmsh-semitech.com\/wp-content\/uploads\/2026\/01\/pl203679970-sapphire_crystal_growth_furnace_80_400kg_by_the_kyropoulos_method_ky-150x150.jpg 150w, https:\/\/www.zmsh-semitech.com\/wp-content\/uploads\/2026\/01\/pl203679970-sapphire_crystal_growth_furnace_80_400kg_by_the_kyropoulos_method_ky-100x100.jpg 100w, https:\/\/www.zmsh-semitech.com\/wp-content\/uploads\/2026\/01\/pl203679970-sapphire_crystal_growth_furnace_80_400kg_by_the_kyropoulos_method_ky.jpg 540w\" sizes=\"(max-width: 300px) 100vw, 300px\" \/><\/h2>\n<p data-start=\"4982\" data-end=\"5259\">P1: Jakie korzy\u015bci oferuje metoda KY w por\u00f3wnaniu z metod\u0105 CZ?<br data-start=\"5059\" data-end=\"5062\" \/>O: Metoda KY wytwarza ni\u017csze napr\u0119\u017cenia termiczne i mniejsz\u0105 g\u0119sto\u015b\u0107 dyslokacji, dzi\u0119ki czemu jest bardziej odpowiednia do wzrostu kryszta\u0142\u00f3w szafiru o du\u017cej \u015brednicy i grubo\u015bci w por\u00f3wnaniu z konwencjonalnymi procesami CZ.<\/p>\n<p data-start=\"5266\" data-end=\"5487\">P2: Jakie rozmiary kryszta\u0142\u00f3w mo\u017cna produkowa\u0107 w tym piecu?<br data-start=\"5327\" data-end=\"5330\" \/>O: System obs\u0142uguje wzrost kryszta\u0142\u00f3w szafiru od 80 kg do 400 kg, o \u015brednicy do 500 mm i grubo\u015bci do 300 mm, w zale\u017cno\u015bci od konfiguracji.<\/p>\n<p data-start=\"5494\" data-end=\"5746\">P3: Czy piec nadaje si\u0119 do produkcji szafiru na skal\u0119 przemys\u0142ow\u0105?<br data-start=\"5567\" data-end=\"5570\" \/>Tak. Piec zosta\u0142 zaprojektowany do pracy przemys\u0142owej ze stabiln\u0105 kontrol\u0105 termiczn\u0105, niezawodnymi systemami pr\u00f3\u017cniowymi i gazowymi oraz sta\u0142\u0105 jako\u015bci\u0105 kryszta\u0142\u00f3w w d\u0142ugich cyklach wzrostu.<\/p>","protected":false},"excerpt":{"rendered":"<p>Piec do wzrostu kryszta\u0142\u00f3w szafiru zaprojektowany do produkcji kulek o du\u017cej \u015brednicy ze stabiln\u0105 kontrol\u0105 termiczn\u0105 dla kryszta\u0142\u00f3w szafiru optycznego i LED.<\/p>","protected":false},"featured_media":1754,"comment_status":"open","ping_status":"closed","template":"","meta":{"site-sidebar-layout":"default","site-content-layout":"","ast-site-content-layout":"default","site-content-style":"default","site-sidebar-style":"default","ast-global-header-display":"","ast-banner-title-visibility":"","ast-main-header-display":"","ast-hfb-above-header-display":"","ast-hfb-below-header-display":"","ast-hfb-mobile-header-display":"","site-post-title":"","ast-breadcrumbs-content":"","ast-featured-img":"","footer-sml-layout":"","ast-disable-related-posts":"","theme-transparent-header-meta":"default","adv-header-id-meta":"","stick-header-meta":"default","header-above-stick-meta":"","header-main-stick-meta":"","header-below-stick-meta":"","astra-migrate-meta-layouts":"set","ast-page-background-enabled":"default","ast-page-background-meta":{"desktop":{"background-color":"var(--ast-global-color-4)","background-image":"","background-repeat":"repeat","background-position":"center center","background-size":"auto","background-attachment":"scroll","background-type":"","background-media":"","overlay-type":"","overlay-color":"","overlay-opacity":"","overlay-gradient":""},"tablet":{"background-color":"","background-image":"","background-repeat":"repeat","background-position":"center center","background-size":"auto","background-attachment":"scroll","background-type":"","background-media":"","overlay-type":"","overlay-color":"","overlay-opacity":"","overlay-gradient":""},"mobile":{"background-color":"","background-image":"","background-repeat":"repeat","background-position":"center center","background-size":"auto","background-attachment":"scroll","background-type":"","background-media":"","overlay-type":"","overlay-color":"","overlay-opacity":"","overlay-gradient":""}},"ast-content-background-meta":{"desktop":{"background-color":"var(--ast-global-color-5)","background-image":"","background-repeat":"repeat","background-position":"center center","background-size":"auto","background-attachment":"scroll","background-type":"","background-media":"","overlay-type":"","overlay-color":"","overlay-opacity":"","overlay-gradient":""},"tablet":{"background-color":"var(--ast-global-color-5)","background-image":"","background-repeat":"repeat","background-position":"center center","background-size":"auto","background-attachment":"scroll","background-type":"","background-media":"","overlay-type":"","overlay-color":"","overlay-opacity":"","overlay-gradient":""},"mobile":{"background-color":"var(--ast-global-color-5)","background-image":"","background-repeat":"repeat","background-position":"center center","background-size":"auto","background-attachment":"scroll","background-type":"","background-media":"","overlay-type":"","overlay-color":"","overlay-opacity":"","overlay-gradient":""}}},"product_brand":[],"product_cat":[15],"product_tag":[149,150,152,154,153,151],"class_list":{"0":"post-1753","1":"product","2":"type-product","3":"status-publish","4":"has-post-thumbnail","6":"product_cat-crystal-growth-furnace","7":"product_tag-ky-sapphire-growth-furnace","8":"product_tag-kyropoulos-sapphire-furnace","9":"product_tag-large-diameter-sapphire-crystal-furnace","10":"product_tag-optical-grade-sapphire-growth","11":"product_tag-sapphire-boule-growth-furnace","12":"product_tag-sapphire-crystal-growth-equipment","13":"desktop-align-left","14":"tablet-align-left","15":"mobile-align-left","16":"ast-product-gallery-layout-horizontal-slider","17":"ast-product-tabs-layout-horizontal","19":"first","20":"instock","21":"shipping-taxable","22":"product-type-simple"},"_links":{"self":[{"href":"https:\/\/www.zmsh-semitech.com\/pl\/wp-json\/wp\/v2\/product\/1753","targetHints":{"allow":["GET"]}}],"collection":[{"href":"https:\/\/www.zmsh-semitech.com\/pl\/wp-json\/wp\/v2\/product"}],"about":[{"href":"https:\/\/www.zmsh-semitech.com\/pl\/wp-json\/wp\/v2\/types\/product"}],"replies":[{"embeddable":true,"href":"https:\/\/www.zmsh-semitech.com\/pl\/wp-json\/wp\/v2\/comments?post=1753"}],"version-history":[{"count":2,"href":"https:\/\/www.zmsh-semitech.com\/pl\/wp-json\/wp\/v2\/product\/1753\/revisions"}],"predecessor-version":[{"id":1759,"href":"https:\/\/www.zmsh-semitech.com\/pl\/wp-json\/wp\/v2\/product\/1753\/revisions\/1759"}],"wp:featuredmedia":[{"embeddable":true,"href":"https:\/\/www.zmsh-semitech.com\/pl\/wp-json\/wp\/v2\/media\/1754"}],"wp:attachment":[{"href":"https:\/\/www.zmsh-semitech.com\/pl\/wp-json\/wp\/v2\/media?parent=1753"}],"wp:term":[{"taxonomy":"product_brand","embeddable":true,"href":"https:\/\/www.zmsh-semitech.com\/pl\/wp-json\/wp\/v2\/product_brand?post=1753"},{"taxonomy":"product_cat","embeddable":true,"href":"https:\/\/www.zmsh-semitech.com\/pl\/wp-json\/wp\/v2\/product_cat?post=1753"},{"taxonomy":"product_tag","embeddable":true,"href":"https:\/\/www.zmsh-semitech.com\/pl\/wp-json\/wp\/v2\/product_tag?post=1753"}],"curies":[{"name":"wp","href":"https:\/\/api.w.org\/{rel}","templated":true}]}}