{"id":1737,"date":"2026-01-23T01:45:47","date_gmt":"2026-01-23T01:45:47","guid":{"rendered":"https:\/\/www.zmsh-semitech.com\/?post_type=product&#038;p=1737"},"modified":"2026-01-23T01:47:36","modified_gmt":"2026-01-23T01:47:36","slug":"sic-single-crystal-resistance-heating-growth-furnace-for-6-inch-8-inch-and-12-inch-wafer-production-pvt-method","status":"publish","type":"product","link":"https:\/\/www.zmsh-semitech.com\/pl\/product\/sic-single-crystal-resistance-heating-growth-furnace-for-6-inch-8-inch-and-12-inch-wafer-production-pvt-method\/","title":{"rendered":"Piec do wzrostu pojedynczych kryszta\u0142\u00f3w SiC z grzaniem oporowym do produkcji wafli 6-calowych, 8-calowych i 12-calowych (metoda PVT)"},"content":{"rendered":"<h2 data-start=\"477\" data-end=\"500\">Przegl\u0105d produkt\u00f3w<\/h2>\n<p>&nbsp;<\/p>\n<p data-start=\"502\" data-end=\"769\">Piec do wzrostu pojedynczych kryszta\u0142\u00f3w SiC ZMSH to wysokotemperaturowy system wzrostu kryszta\u0142\u00f3w zaprojektowany specjalnie do produkcji monokryszta\u0142\u00f3w w\u0119glika krzemu o du\u017cej \u015brednicy, obs\u0142uguj\u0105cy 6-calowe, 8-calowe i 12-calowe wafle SiC.<\/p>\n<p><img fetchpriority=\"high\" decoding=\"async\" class=\"size-medium wp-image-1741 alignright\" src=\"https:\/\/www.zmsh-semitech.com\/wp-content\/uploads\/2026\/01\/pl204262693-sic_single_crystal_resistance_heating_crystal_growth_furnace_for_6inch_8inch_12inch_sic_wafers_manufacture-300x199.webp\" alt=\"\" width=\"300\" height=\"199\" srcset=\"https:\/\/www.zmsh-semitech.com\/wp-content\/uploads\/2026\/01\/pl204262693-sic_single_crystal_resistance_heating_crystal_growth_furnace_for_6inch_8inch_12inch_sic_wafers_manufacture-300x199.webp 300w, https:\/\/www.zmsh-semitech.com\/wp-content\/uploads\/2026\/01\/pl204262693-sic_single_crystal_resistance_heating_crystal_growth_furnace_for_6inch_8inch_12inch_sic_wafers_manufacture.webp 590w\" sizes=\"(max-width: 300px) 100vw, 300px\" \/><\/p>\n<p data-start=\"502\" data-end=\"769\">uring.<\/p>\n<p data-start=\"771\" data-end=\"1198\">Piec zosta\u0142 zaprojektowany w oparciu o zasad\u0119 fizycznego transportu pary (PVT), integruj\u0105c precyzyjn\u0105 kontrol\u0119 ogrzewania oporowego, stabilny rozk\u0142ad pola termicznego, zarz\u0105dzanie \u015brodowiskiem o wysokiej pr\u00f3\u017cni i dok\u0142adn\u0105 regulacj\u0119 ci\u015bnienia.<br data-start=\"1021\" data-end=\"1024\" \/>Konfiguracja ta umo\u017cliwia wzrost monokryszta\u0142\u00f3w SiC o wysokiej czysto\u015bci i niskiej g\u0119sto\u015bci defekt\u00f3w, odpowiednich do zaawansowanych zastosowa\u0144 w p\u00f3\u0142przewodnikach mocy i urz\u0105dzeniach elektronicznych.<\/p>\n<p data-start=\"1200\" data-end=\"1400\">System zosta\u0142 opracowany w celu spe\u0142nienia wymaga\u0144 produkcji przemys\u0142owej, zapewniaj\u0105c stabilno\u015b\u0107 procesu, powtarzalno\u015b\u0107 i d\u0142ugoterminow\u0105 niezawodno\u015b\u0107 operacyjn\u0105 w \u015brodowiskach wzrostu kryszta\u0142\u00f3w SiC na du\u017c\u0105 skal\u0119.<\/p>\n<p data-start=\"1200\" data-end=\"1400\">\n<h2 data-start=\"1407\" data-end=\"1441\">Podstawowe mo\u017cliwo\u015bci techniczne<\/h2>\n<p>&nbsp;<\/p>\n<h3 data-start=\"1443\" data-end=\"1491\">System ogrzewania oporowego o wysokiej stabilno\u015bci<\/h3>\n<p data-start=\"1492\" data-end=\"1742\">Piec wykorzystuje wielostrefow\u0105 struktur\u0119 ogrzewania oporowego, aby uzyska\u0107 r\u00f3wnomierny osiowy i promieniowy rozk\u0142ad temperatury. Minimalizuje to gradienty termiczne, zmniejsza napr\u0119\u017cenia wewn\u0119trzne i poprawia integralno\u015b\u0107 strukturaln\u0105 kryszta\u0142\u00f3w podczas procesu wzrostu.<\/p>\n<h3 data-start=\"1744\" data-end=\"1790\">Precyzyjna kontrola temperatury i ci\u015bnienia<\/h3>\n<ul data-start=\"1791\" data-end=\"1929\">\n<li data-start=\"1791\" data-end=\"1839\">\n<p data-start=\"1793\" data-end=\"1839\">Maksymalna temperatura pracy do 2500\u00b0C<\/p>\n<\/li>\n<li data-start=\"1840\" data-end=\"1880\">\n<p data-start=\"1842\" data-end=\"1880\">Dok\u0142adno\u015b\u0107 kontroli temperatury: \u00b11\u00b0C<\/p>\n<\/li>\n<li data-start=\"1881\" data-end=\"1929\">\n<p data-start=\"1883\" data-end=\"1929\">Szeroki zakres regulacji ci\u015bnienia: 1-700 mbar<\/p>\n<\/li>\n<\/ul>\n<p data-start=\"1931\" data-end=\"2090\">Parametry te zapewniaj\u0105 stabilne \u015brodowisko termodynamiczne niezb\u0119dne do kontrolowanej sublimacji, transportu pary i rekrystalizacji kryszta\u0142\u00f3w podczas wzrostu SiC.<\/p>\n<h3 data-start=\"2092\" data-end=\"2138\">Zdolno\u015b\u0107 wzrostu kryszta\u0142\u00f3w o du\u017cej \u015brednicy<\/h3>\n<p data-start=\"2139\" data-end=\"2348\">Dzi\u0119ki tyglowi o \u015brednicy 900 mm, system obs\u0142uguje wzrost 8- i 12-calowych wlewk\u00f3w SiC nowej generacji, umo\u017cliwiaj\u0105c producentom skalowanie produkcji przy jednoczesnej poprawie wydajno\u015bci i sp\u00f3jno\u015bci wafli.<\/p>\n<h3 data-start=\"2350\" data-end=\"2388\">\u015arodowisko wzrostu o wysokiej pr\u00f3\u017cni<\/h3>\n<p data-start=\"2389\" data-end=\"2551\">Piec utrzymuje komor\u0119 wzrostu o niskim poziomie wyciek\u00f3w i wysokiej pr\u00f3\u017cni, zapewniaj\u0105c zmniejszone ryzyko zanieczyszczenia, lepsz\u0105 czysto\u015b\u0107 kryszta\u0142\u00f3w i stabiln\u0105 prac\u0119 przez d\u0142ugi czas.<\/p>\n<h2 data-start=\"2558\" data-end=\"2588\"><\/h2>\n<h2 data-start=\"2558\" data-end=\"2588\">Zastosowania przemys\u0142owe<img decoding=\"async\" class=\"size-medium wp-image-1739 alignright\" src=\"https:\/\/www.zmsh-semitech.com\/wp-content\/uploads\/2026\/01\/pl204262670-sic_single_crystal_resistance_heating_crystal_growth_furnace_for_6inch_8inch_12inch_sic_wafers_manufacture-300x300.webp\" alt=\"\" width=\"300\" height=\"300\" srcset=\"https:\/\/www.zmsh-semitech.com\/wp-content\/uploads\/2026\/01\/pl204262670-sic_single_crystal_resistance_heating_crystal_growth_furnace_for_6inch_8inch_12inch_sic_wafers_manufacture-300x300.webp 300w, https:\/\/www.zmsh-semitech.com\/wp-content\/uploads\/2026\/01\/pl204262670-sic_single_crystal_resistance_heating_crystal_growth_furnace_for_6inch_8inch_12inch_sic_wafers_manufacture-150x150.webp 150w, https:\/\/www.zmsh-semitech.com\/wp-content\/uploads\/2026\/01\/pl204262670-sic_single_crystal_resistance_heating_crystal_growth_furnace_for_6inch_8inch_12inch_sic_wafers_manufacture-600x600.webp 600w, https:\/\/www.zmsh-semitech.com\/wp-content\/uploads\/2026\/01\/pl204262670-sic_single_crystal_resistance_heating_crystal_growth_furnace_for_6inch_8inch_12inch_sic_wafers_manufacture-100x100.webp 100w, https:\/\/www.zmsh-semitech.com\/wp-content\/uploads\/2026\/01\/pl204262670-sic_single_crystal_resistance_heating_crystal_growth_furnace_for_6inch_8inch_12inch_sic_wafers_manufacture.webp 607w\" sizes=\"(max-width: 300px) 100vw, 300px\" \/><\/h2>\n<p>&nbsp;<\/p>\n<ul data-start=\"2590\" data-end=\"2828\">\n<li data-start=\"2590\" data-end=\"2624\">\n<p data-start=\"2592\" data-end=\"2624\">Pod\u0142o\u017ca p\u00f3\u0142przewodnikowe mocy<\/p>\n<\/li>\n<li data-start=\"2625\" data-end=\"2659\">\n<p data-start=\"2627\" data-end=\"2659\">Modu\u0142y zasilania pojazd\u00f3w elektrycznych<\/p>\n<\/li>\n<li data-start=\"2660\" data-end=\"2701\">\n<p data-start=\"2662\" data-end=\"2701\">Wysokonapi\u0119ciowe tranzystory MOSFET i urz\u0105dzenia diodowe<\/p>\n<\/li>\n<li data-start=\"2702\" data-end=\"2747\">\n<p data-start=\"2704\" data-end=\"2747\">Systemy konwersji energii odnawialnej<\/p>\n<\/li>\n<li data-start=\"2748\" data-end=\"2795\">\n<p data-start=\"2750\" data-end=\"2795\">Komponenty elektroniczne wysokiej cz\u0119stotliwo\u015bci i RF<\/p>\n<\/li>\n<li data-start=\"2796\" data-end=\"2828\">\n<p data-start=\"2798\" data-end=\"2828\">Przemys\u0142owa elektronika mocy<\/p>\n<\/li>\n<\/ul>\n<p>&nbsp;<\/p>\n<h2 data-start=\"2835\" data-end=\"2866\">Specyfikacja techniczna<\/h2>\n<p>&nbsp;<\/p>\n<div class=\"TyagGW_tableContainer\">\n<div class=\"group TyagGW_tableWrapper flex flex-col-reverse w-fit\" tabindex=\"-1\">\n<table class=\"w-fit min-w-(--thread-content-width)\" data-start=\"2868\" data-end=\"3773\">\n<thead data-start=\"2868\" data-end=\"2901\">\n<tr data-start=\"2868\" data-end=\"2901\">\n<th data-start=\"2868\" data-end=\"2874\" data-col-size=\"sm\">Nie.<\/th>\n<th data-start=\"2874\" data-end=\"2890\" data-col-size=\"sm\">Specyfikacja<\/th>\n<th data-start=\"2890\" data-end=\"2901\" data-col-size=\"md\">Szczeg\u00f3\u0142y<\/th>\n<\/tr>\n<\/thead>\n<tbody data-start=\"2936\" data-end=\"3773\">\n<tr data-start=\"2936\" data-end=\"2961\">\n<td data-start=\"2936\" data-end=\"2940\" data-col-size=\"sm\">1<\/td>\n<td data-start=\"2940\" data-end=\"2948\" data-col-size=\"sm\">Model<\/td>\n<td data-start=\"2948\" data-end=\"2961\" data-col-size=\"md\">PVT-RS-40<\/td>\n<\/tr>\n<tr data-start=\"2962\" data-end=\"3024\">\n<td data-start=\"2962\" data-end=\"2966\" data-col-size=\"sm\">2<\/td>\n<td data-start=\"2966\" data-end=\"2999\" data-col-size=\"sm\">Wymiary pieca (d\u0142. \u00d7 szer. \u00d7 wys.)<\/td>\n<td data-start=\"2999\" data-end=\"3024\" data-col-size=\"md\">2500 \u00d7 2400 \u00d7 3456 mm<\/td>\n<\/tr>\n<tr data-start=\"3025\" data-end=\"3059\">\n<td data-start=\"3025\" data-end=\"3029\" data-col-size=\"sm\">3<\/td>\n<td data-start=\"3029\" data-end=\"3049\" data-col-size=\"sm\">\u015arednica tygla<\/td>\n<td data-start=\"3049\" data-end=\"3059\" data-col-size=\"md\">900 mm<\/td>\n<\/tr>\n<tr data-start=\"3060\" data-end=\"3127\">\n<td data-start=\"3060\" data-end=\"3064\" data-col-size=\"sm\">4<\/td>\n<td data-start=\"3064\" data-end=\"3091\" data-col-size=\"sm\">Najwy\u017csze ci\u015bnienie pr\u00f3\u017cni<\/td>\n<td data-start=\"3091\" data-end=\"3127\" data-col-size=\"md\">6 \u00d7 10-\u2074 Pa (po 1,5 h pr\u00f3\u017cni)<\/td>\n<\/tr>\n<tr data-start=\"3128\" data-end=\"3174\">\n<td data-start=\"3128\" data-end=\"3132\" data-col-size=\"sm\">5<\/td>\n<td data-start=\"3132\" data-end=\"3147\" data-col-size=\"sm\">Wsp\u00f3\u0142czynnik wycieku<\/td>\n<td data-start=\"3147\" data-end=\"3174\" data-col-size=\"md\">\u22645 Pa \/ 12 h (wypalanie)<\/td>\n<\/tr>\n<tr data-start=\"3175\" data-end=\"3214\">\n<td data-start=\"3175\" data-end=\"3179\" data-col-size=\"sm\">6<\/td>\n<td data-start=\"3179\" data-end=\"3205\" data-col-size=\"sm\">\u015arednica wa\u0142u obrotowego<\/td>\n<td data-start=\"3205\" data-end=\"3214\" data-col-size=\"md\">50 mm<\/td>\n<\/tr>\n<tr data-start=\"3215\" data-end=\"3249\">\n<td data-start=\"3215\" data-end=\"3219\" data-col-size=\"sm\">7<\/td>\n<td data-start=\"3219\" data-end=\"3236\" data-col-size=\"sm\">Pr\u0119dko\u015b\u0107 obrotowa<\/td>\n<td data-start=\"3236\" data-end=\"3249\" data-col-size=\"md\">0,5-5 obr.<\/td>\n<\/tr>\n<tr data-start=\"3250\" data-end=\"3302\">\n<td data-start=\"3250\" data-end=\"3254\" data-col-size=\"sm\">8<\/td>\n<td data-start=\"3254\" data-end=\"3271\" data-col-size=\"sm\">Metoda ogrzewania<\/td>\n<td data-start=\"3271\" data-end=\"3302\" data-col-size=\"md\">Elektryczne ogrzewanie oporowe<\/td>\n<\/tr>\n<tr data-start=\"3303\" data-end=\"3347\">\n<td data-start=\"3303\" data-end=\"3307\" data-col-size=\"sm\">9<\/td>\n<td data-start=\"3307\" data-end=\"3337\" data-col-size=\"sm\">Maksymalna temperatura pieca<\/td>\n<td data-start=\"3337\" data-end=\"3347\" data-col-size=\"md\">2500\u00b0C<\/td>\n<\/tr>\n<tr data-start=\"3348\" data-end=\"3389\">\n<td data-start=\"3348\" data-end=\"3352\" data-col-size=\"sm\">10<\/td>\n<td data-start=\"3352\" data-end=\"3368\" data-col-size=\"sm\">Moc grzewcza<\/td>\n<td data-start=\"3368\" data-end=\"3389\" data-col-size=\"md\">40 kW \u00d7 2 + 20 kW<\/td>\n<\/tr>\n<tr data-start=\"3390\" data-end=\"3453\">\n<td data-start=\"3390\" data-end=\"3394\" data-col-size=\"sm\">11<\/td>\n<td data-start=\"3394\" data-end=\"3420\" data-col-size=\"sm\">Pomiar temperatury<\/td>\n<td data-start=\"3420\" data-end=\"3453\" data-col-size=\"md\">Dwukolorowy pirometr na podczerwie\u0144<\/td>\n<\/tr>\n<tr data-start=\"3454\" data-end=\"3492\">\n<td data-start=\"3454\" data-end=\"3458\" data-col-size=\"sm\">12<\/td>\n<td data-start=\"3458\" data-end=\"3478\" data-col-size=\"sm\">Zakres temperatur<\/td>\n<td data-start=\"3478\" data-end=\"3492\" data-col-size=\"md\">900-3000\u00b0C<\/td>\n<\/tr>\n<tr data-start=\"3493\" data-end=\"3528\">\n<td data-start=\"3493\" data-end=\"3497\" data-col-size=\"sm\">13<\/td>\n<td data-start=\"3497\" data-end=\"3520\" data-col-size=\"sm\">Dok\u0142adno\u015b\u0107 temperatury<\/td>\n<td data-start=\"3520\" data-end=\"3528\" data-col-size=\"md\">\u00b11\u00b0C<\/td>\n<\/tr>\n<tr data-start=\"3529\" data-end=\"3564\">\n<td data-start=\"3529\" data-end=\"3533\" data-col-size=\"sm\">14<\/td>\n<td data-start=\"3533\" data-end=\"3550\" data-col-size=\"sm\">Zakres ci\u015bnienia<\/td>\n<td data-start=\"3550\" data-end=\"3564\" data-col-size=\"md\">1-700 mbar<\/td>\n<\/tr>\n<tr data-start=\"3565\" data-end=\"3617\">\n<td data-start=\"3565\" data-end=\"3569\" data-col-size=\"sm\">15<\/td>\n<td data-start=\"3569\" data-end=\"3597\" data-col-size=\"sm\">Dok\u0142adno\u015b\u0107 kontroli ci\u015bnienia<\/td>\n<td data-start=\"3597\" data-end=\"3617\" data-col-size=\"md\">\u00b10,5% pe\u0142nej skali<\/td>\n<\/tr>\n<tr data-start=\"3618\" data-end=\"3691\">\n<td data-start=\"3618\" data-end=\"3622\" data-col-size=\"sm\">16<\/td>\n<td data-start=\"3622\" data-end=\"3639\" data-col-size=\"sm\">Typ operacji<\/td>\n<td data-start=\"3639\" data-end=\"3691\" data-col-size=\"md\">\u0141adowanie od do\u0142u, r\u0119czne lub automatyczne tryby bezpiecze\u0144stwa<\/td>\n<\/tr>\n<tr data-start=\"3692\" data-end=\"3773\">\n<td data-start=\"3692\" data-end=\"3696\" data-col-size=\"sm\">17<\/td>\n<td data-start=\"3696\" data-end=\"3722\" data-col-size=\"sm\">Konfiguracje opcjonalne<\/td>\n<td data-start=\"3722\" data-end=\"3773\" data-col-size=\"md\">Wielostrefowe ogrzewanie, podw\u00f3jne monitorowanie temperatury<\/td>\n<\/tr>\n<\/tbody>\n<\/table>\n<\/div>\n<\/div>\n<h2 data-start=\"3780\" data-end=\"3813\"><\/h2>\n<h2 data-start=\"3780\" data-end=\"3813\">Wydajno\u015b\u0107 wzrostu kryszta\u0142\u00f3w<\/h2>\n<p>&nbsp;<\/p>\n<p data-start=\"3815\" data-end=\"3894\">System umo\u017cliwia produkcj\u0119 wysokiej jako\u015bci monokryszta\u0142\u00f3w SiC:<\/p>\n<ul data-start=\"3896\" data-end=\"4036\">\n<li data-start=\"3896\" data-end=\"3923\">\n<p data-start=\"3898\" data-end=\"3923\">Niska g\u0119sto\u015b\u0107 dyslokacji<\/p>\n<\/li>\n<li data-start=\"3924\" data-end=\"3954\">\n<p data-start=\"3926\" data-end=\"3954\">Wysoka jednorodno\u015b\u0107 strukturalna<\/p>\n<\/li>\n<li data-start=\"3955\" data-end=\"3987\">\n<p data-start=\"3957\" data-end=\"3987\">Stabilne w\u0142a\u015bciwo\u015bci elektryczne<\/p>\n<\/li>\n<li data-start=\"3988\" data-end=\"4036\">\n<p data-start=\"3990\" data-end=\"4036\">Doskona\u0142a wydajno\u015b\u0107 termiczna i mechaniczna<\/p>\n<\/li>\n<\/ul>\n<p data-start=\"4038\" data-end=\"4178\">W\u0142a\u015bciwo\u015bci te maj\u0105 kluczowe znaczenie dla p\u0142ytek p\u00f3\u0142przewodnikowych stosowanych w produkcji urz\u0105dze\u0144 o du\u017cej mocy, wysokim napi\u0119ciu i wysokiej cz\u0119stotliwo\u015bci.<\/p>\n<p data-start=\"4038\" data-end=\"4178\">\n<h2 data-start=\"4185\" data-end=\"4217\">Us\u0142ugi in\u017cynieryjne ZMSH<\/h2>\n<p>&nbsp;<\/p>\n<h3 data-start=\"4219\" data-end=\"4254\">Niestandardowa konfiguracja systemu<\/h3>\n<p data-start=\"4255\" data-end=\"4405\">Konstrukcja pieca, strefy grzewcze, systemy sterowania i wymiary komory mog\u0105 by\u0107 dostosowane do skali produkcji i wymaga\u0144 dotycz\u0105cych wielko\u015bci p\u0142ytek.<\/p>\n<h3 data-start=\"4407\" data-end=\"4445\">Instalacja i uruchomienie<\/h3>\n<p data-start=\"4446\" data-end=\"4564\">Instalacja systemu na miejscu, kalibracja i weryfikacja dzia\u0142ania s\u0105 zapewniane przez profesjonalne zespo\u0142y in\u017cynier\u00f3w.<\/p>\n<h3 data-start=\"4566\" data-end=\"4592\">Szkolenie techniczne<\/h3>\n<p data-start=\"4593\" data-end=\"4699\">Programy szkoleniowe dla operator\u00f3w obejmuj\u0105 obs\u0142ug\u0119 sprz\u0119tu, kontrol\u0119 procesu, konserwacj\u0119 i diagnostyk\u0119 usterek.<\/p>\n<h3 data-start=\"4701\" data-end=\"4726\">D\u0142ugoterminowe wsparcie<\/h3>\n<p data-start=\"4727\" data-end=\"4835\">Wsparcie techniczne przez ca\u0142y okres eksploatacji, us\u0142ugi konserwacyjne i dostawa cz\u0119\u015bci zamiennych zapewniaj\u0105 stabiln\u0105 i d\u0142ugotrwa\u0142\u0105 prac\u0119.<\/p>\n<h2 data-start=\"4842\" data-end=\"4852\"><\/h2>\n<h2 data-start=\"4842\" data-end=\"4852\">FAQ<\/h2>\n<p>&nbsp;<\/p>\n<p data-start=\"4854\" data-end=\"5148\">P1: Jak\u0105 metod\u0119 wzrostu kryszta\u0142\u00f3w wykorzystuje ten piec?<br data-start=\"4911\" data-end=\"4914\" \/>O: Piec dzia\u0142a w oparciu o metod\u0119 fizycznego transportu pary (PVT), kt\u00f3ra umo\u017cliwia kontrolowan\u0105 sublimacj\u0119 i rekrystalizacj\u0119 w\u0119glika krzemu w wysokich temperaturach, dzi\u0119ki czemu nadaje si\u0119 do wysokiej jako\u015bci wzrostu pojedynczych kryszta\u0142\u00f3w.<\/p>\n<p data-start=\"5150\" data-end=\"5371\">P2: Jakie rozmiary p\u0142ytek mo\u017ce obs\u0142ugiwa\u0107 piec?<br data-start=\"5199\" data-end=\"5202\" \/>O: System jest przeznaczony do 6-calowego, 8-calowego i 12-calowego wzrostu monokryszta\u0142\u00f3w w\u0119glika krzemu, wspieraj\u0105c obecne i nowej generacji wymagania dotycz\u0105ce produkcji p\u0142ytek.<\/p>\n<p data-start=\"5373\" data-end=\"5637\">P3: Czy piec nadaje si\u0119 do produkcji na skal\u0119 przemys\u0142ow\u0105?<br data-start=\"5437\" data-end=\"5440\" \/>Tak. System zosta\u0142 zaprojektowany do ci\u0105g\u0142ej pracy przemys\u0142owej, oferuj\u0105c wysok\u0105 stabilno\u015b\u0107 termiczn\u0105, powtarzalno\u015b\u0107 procesu i d\u0142ugoterminow\u0105 niezawodno\u015b\u0107 dla du\u017cych linii produkcyjnych kryszta\u0142\u00f3w SiC.<\/p>","protected":false},"excerpt":{"rendered":"<p>Wysokotemperaturowy piec do wzrostu pojedynczych kryszta\u0142\u00f3w SiC z ogrzewaniem oporowym do produkcji wafli 6-calowych, 8-calowych i 12-calowych. Zaprojektowany do stabilnego wzrostu kryszta\u0142\u00f3w PVT i produkcji przemys\u0142owej.<\/p>","protected":false},"featured_media":1738,"comment_status":"open","ping_status":"closed","template":"","meta":{"site-sidebar-layout":"default","site-content-layout":"","ast-site-content-layout":"default","site-content-style":"default","site-sidebar-style":"default","ast-global-header-display":"","ast-banner-title-visibility":"","ast-main-header-display":"","ast-hfb-above-header-display":"","ast-hfb-below-header-display":"","ast-hfb-mobile-header-display":"","site-post-title":"","ast-breadcrumbs-content":"","ast-featured-img":"","footer-sml-layout":"","ast-disable-related-posts":"","theme-transparent-header-meta":"default","adv-header-id-meta":"","stick-header-meta":"default","header-above-stick-meta":"","header-main-stick-meta":"","header-below-stick-meta":"","astra-migrate-meta-layouts":"set","ast-page-background-enabled":"default","ast-page-background-meta":{"desktop":{"background-color":"var(--ast-global-color-4)","background-image":"","background-repeat":"repeat","background-position":"center center","background-size":"auto","background-attachment":"scroll","background-type":"","background-media":"","overlay-type":"","overlay-color":"","overlay-opacity":"","overlay-gradient":""},"tablet":{"background-color":"","background-image":"","background-repeat":"repeat","background-position":"center center","background-size":"auto","background-attachment":"scroll","background-type":"","background-media":"","overlay-type":"","overlay-color":"","overlay-opacity":"","overlay-gradient":""},"mobile":{"background-color":"","background-image":"","background-repeat":"repeat","background-position":"center center","background-size":"auto","background-attachment":"scroll","background-type":"","background-media":"","overlay-type":"","overlay-color":"","overlay-opacity":"","overlay-gradient":""}},"ast-content-background-meta":{"desktop":{"background-color":"var(--ast-global-color-5)","background-image":"","background-repeat":"repeat","background-position":"center center","background-size":"auto","background-attachment":"scroll","background-type":"","background-media":"","overlay-type":"","overlay-color":"","overlay-opacity":"","overlay-gradient":""},"tablet":{"background-color":"var(--ast-global-color-5)","background-image":"","background-repeat":"repeat","background-position":"center center","background-size":"auto","background-attachment":"scroll","background-type":"","background-media":"","overlay-type":"","overlay-color":"","overlay-opacity":"","overlay-gradient":""},"mobile":{"background-color":"var(--ast-global-color-5)","background-image":"","background-repeat":"repeat","background-position":"center center","background-size":"auto","background-attachment":"scroll","background-type":"","background-media":"","overlay-type":"","overlay-color":"","overlay-opacity":"","overlay-gradient":""}}},"product_brand":[],"product_cat":[15],"product_tag":[141,142,143,139,137,140,138],"class_list":{"0":"post-1737","1":"product","2":"type-product","3":"status-publish","4":"has-post-thumbnail","6":"product_cat-crystal-growth-furnace","7":"product_tag-12-inch-sic-growth-furnace","8":"product_tag-8-inch-sic-crystal-furnace","9":"product_tag-resistance-heating-crystal-growth-furnace","10":"product_tag-sic-pvt-growth-furnace","11":"product_tag-sic-single-crystal-growth-furnace","12":"product_tag-sic-wafer-manufacturing-equipment","13":"product_tag-silicon-carbide-crystal-growth-furnace","14":"desktop-align-left","15":"tablet-align-left","16":"mobile-align-left","17":"ast-product-gallery-layout-horizontal-slider","18":"ast-product-tabs-layout-horizontal","20":"first","21":"instock","22":"shipping-taxable","23":"product-type-simple"},"_links":{"self":[{"href":"https:\/\/www.zmsh-semitech.com\/pl\/wp-json\/wp\/v2\/product\/1737","targetHints":{"allow":["GET"]}}],"collection":[{"href":"https:\/\/www.zmsh-semitech.com\/pl\/wp-json\/wp\/v2\/product"}],"about":[{"href":"https:\/\/www.zmsh-semitech.com\/pl\/wp-json\/wp\/v2\/types\/product"}],"replies":[{"embeddable":true,"href":"https:\/\/www.zmsh-semitech.com\/pl\/wp-json\/wp\/v2\/comments?post=1737"}],"version-history":[{"count":3,"href":"https:\/\/www.zmsh-semitech.com\/pl\/wp-json\/wp\/v2\/product\/1737\/revisions"}],"predecessor-version":[{"id":1744,"href":"https:\/\/www.zmsh-semitech.com\/pl\/wp-json\/wp\/v2\/product\/1737\/revisions\/1744"}],"wp:featuredmedia":[{"embeddable":true,"href":"https:\/\/www.zmsh-semitech.com\/pl\/wp-json\/wp\/v2\/media\/1738"}],"wp:attachment":[{"href":"https:\/\/www.zmsh-semitech.com\/pl\/wp-json\/wp\/v2\/media?parent=1737"}],"wp:term":[{"taxonomy":"product_brand","embeddable":true,"href":"https:\/\/www.zmsh-semitech.com\/pl\/wp-json\/wp\/v2\/product_brand?post=1737"},{"taxonomy":"product_cat","embeddable":true,"href":"https:\/\/www.zmsh-semitech.com\/pl\/wp-json\/wp\/v2\/product_cat?post=1737"},{"taxonomy":"product_tag","embeddable":true,"href":"https:\/\/www.zmsh-semitech.com\/pl\/wp-json\/wp\/v2\/product_tag?post=1737"}],"curies":[{"name":"wp","href":"https:\/\/api.w.org\/{rel}","templated":true}]}}