{"id":1636,"date":"2026-03-17T07:52:18","date_gmt":"2026-03-17T07:52:18","guid":{"rendered":"https:\/\/www.zmsh-semitech.com\/?post_type=product&#038;p=1636"},"modified":"2026-03-20T07:39:36","modified_gmt":"2026-03-20T07:39:36","slug":"6-8-inch-silicon-sic-wafer-quad-polishing-automation-line-with-cleaning-and-re-mounting-loop","status":"publish","type":"product","link":"https:\/\/www.zmsh-semitech.com\/pl\/product\/6-8-inch-silicon-sic-wafer-quad-polishing-automation-line-with-cleaning-and-re-mounting-loop\/","title":{"rendered":"6-8-calowa linia do automatyzacji polerowania p\u0142ytek krzemowych i SiC z p\u0119tl\u0105 czyszczenia i ponownego monta\u017cu"},"content":{"rendered":"<h2 data-start=\"323\" data-end=\"346\">Przegl\u0105d produkt\u00f3w<\/h2>\n<p data-start=\"348\" data-end=\"597\">6-8-calowa linia do poczw\u00f3rnego polerowania wafli krzemowych i SiC z p\u0119tl\u0105 czyszczenia i ponownego monta\u017cu to w pe\u0142ni zintegrowana platforma procesu polerowania ko\u0144cowego zaprojektowana do obs\u0142ugi wysokonak\u0142adowej produkcji wafli krzemowych i z w\u0119glika krzemu.<\/p>\n<p data-start=\"599\" data-end=\"886\">System \u0142\u0105czy polerowanie czterog\u0142owicowe, automatyczny demonta\u017c wafli, obs\u0142ug\u0119 no\u015bnik\u00f3w ceramicznych, czyszczenie no\u015bnik\u00f3w i precyzyjny ponowny monta\u017c wafli w ci\u0105g\u0142y przep\u0142yw w p\u0119tli zamkni\u0119tej, eliminuj\u0105c r\u0119czn\u0105 obs\u0142ug\u0119 i zapewniaj\u0105c maksymaln\u0105 stabilno\u015b\u0107 procesu, powtarzalno\u015b\u0107 i wydajno\u015b\u0107.<\/p>\n<p data-start=\"888\" data-end=\"1066\">Jest zoptymalizowany pod k\u0105tem wafli p\u00f3\u0142przewodnikowych, pod\u0142o\u017cy SiC i zaawansowanych zastosowa\u0144 opakowaniowych, w kt\u00f3rych p\u0142asko\u015b\u0107, integralno\u015b\u0107 powierzchni i kontrola zanieczyszcze\u0144 maj\u0105 kluczowe znaczenie.<\/p>\n<p data-start=\"888\" data-end=\"1066\"><img fetchpriority=\"high\" decoding=\"async\" class=\"aligncenter wp-image-1646 size-full\" src=\"https:\/\/www.zmsh-semitech.com\/wp-content\/uploads\/2026\/01\/1572413524100.jpg\" alt=\"\" width=\"800\" height=\"515\" srcset=\"https:\/\/www.zmsh-semitech.com\/wp-content\/uploads\/2026\/01\/1572413524100.jpg 800w, https:\/\/www.zmsh-semitech.com\/wp-content\/uploads\/2026\/01\/1572413524100-300x193.jpg 300w, https:\/\/www.zmsh-semitech.com\/wp-content\/uploads\/2026\/01\/1572413524100-768x494.jpg 768w, https:\/\/www.zmsh-semitech.com\/wp-content\/uploads\/2026\/01\/1572413524100-600x386.jpg 600w\" sizes=\"(max-width: 800px) 100vw, 800px\" \/><\/p>\n<h2 data-start=\"1073\" data-end=\"1107\">Koncepcja procesu w obiegu zamkni\u0119tym<\/h2>\n<p data-start=\"1109\" data-end=\"1218\">W przeciwie\u0144stwie do tradycyjnych p\u00f3\u0142-r\u0119cznych linii polerskich, system ten dzia\u0142a jako prawdziwy zamkni\u0119ty cykl no\u015bny:<\/p>\n<p data-start=\"1220\" data-end=\"1292\">Polerowanie \u2192 Demonta\u017c \u2192 Czyszczenie no\u015bnika \u2192 Ponowny monta\u017c \u2192 Polerowanie<\/p>\n<p data-start=\"1294\" data-end=\"1508\">Ceramiczne no\u015bniki kr\u0105\u017c\u0105 automatycznie wewn\u0105trz systemu, podczas gdy p\u0142ytki s\u0105 precyzyjnie usuwane i ponownie montowane w \u015bci\u015ble kontrolowanych warunkach.<br data-start=\"1440\" data-end=\"1443\" \/>Architektura ta zapewnia, \u017ce ka\u017cdy cykl polerowania rozpoczyna si\u0119 od:<\/p>\n<ul data-start=\"1509\" data-end=\"1622\">\n<li data-start=\"1509\" data-end=\"1538\">\n<p data-start=\"1511\" data-end=\"1538\">Czysta powierzchnia no\u015bnika<\/p>\n<\/li>\n<li data-start=\"1539\" data-end=\"1573\">\n<p data-start=\"1541\" data-end=\"1573\">Precyzyjnie umieszczony wafel<\/p>\n<\/li>\n<li data-start=\"1574\" data-end=\"1622\">\n<p data-start=\"1576\" data-end=\"1622\">Stabilny i powtarzalny interfejs monta\u017cowy<\/p>\n<\/li>\n<\/ul>\n<p data-start=\"1624\" data-end=\"1733\">Rezultatem jest mniejsze \u0142amanie wafli, lepsza jednorodno\u015b\u0107 grubo\u015bci i wi\u0119ksza sp\u00f3jno\u015b\u0107 mi\u0119dzy partiami.<\/p>\n<p data-start=\"1624\" data-end=\"1733\"><img decoding=\"async\" class=\"aligncenter wp-image-1647 size-large\" src=\"https:\/\/www.zmsh-semitech.com\/wp-content\/uploads\/2026\/01\/6-8-Inch-Silicon-SiC-Wafer-Quad-Polishing-Automation-Line-with-Cleaning-and-Re-Mounting-Loop-1024x1024.jpg\" alt=\"\" width=\"1024\" height=\"1024\" srcset=\"\" sizes=\"(max-width: 1024px) 100vw, 1024px\" data-srcset=\"\" \/><\/p>\n<h2 data-start=\"1740\" data-end=\"1782\">Projektowanie in\u017cynieryjne o krytycznym znaczeniu dla procesu<\/h2>\n<h3 data-start=\"1784\" data-end=\"1817\">Obs\u0142uga wafli przy niskim obci\u0105\u017ceniu<\/h3>\n<p data-start=\"1818\" data-end=\"1951\">Specjalne profile ruchu i trajektorie demonta\u017cu s\u0105 u\u017cywane do kontrolowania przyspieszenia, si\u0142y nacisku i k\u0105ta separacji:<\/p>\n<ul data-start=\"1952\" data-end=\"2019\">\n<li data-start=\"1952\" data-end=\"1969\">\n<p data-start=\"1954\" data-end=\"1969\">Odpryski na kraw\u0119dziach<\/p>\n<\/li>\n<li data-start=\"1970\" data-end=\"1986\">\n<p data-start=\"1972\" data-end=\"1986\">Mikrop\u0119kni\u0119cia<\/p>\n<\/li>\n<li data-start=\"1987\" data-end=\"2019\">\n<p data-start=\"1989\" data-end=\"2019\">Wypaczenie wafla spowodowane napr\u0119\u017ceniami<\/p>\n<\/li>\n<\/ul>\n<p data-start=\"2021\" data-end=\"2136\">Jest to szczeg\u00f3lnie wa\u017cne w przypadku p\u0142ytek SiC, kt\u00f3re s\u0105 twarde, kruche i bardzo wra\u017cliwe na wstrz\u0105sy mechaniczne.<\/p>\n<h3 data-start=\"2143\" data-end=\"2185\">Ultraczysta regeneracja no\u015bnik\u00f3w<\/h3>\n<p data-start=\"2186\" data-end=\"2365\">Przed ka\u017cdym cyklem ponownego monta\u017cu no\u015bniki ceramiczne s\u0105 przywracane do stanu powierzchni gotowej do procesu poprzez usuni\u0119cie pozosta\u0142o\u015bci szlamu, drobnych cz\u0105stek i warstw chemicznych.<br data-start=\"2348\" data-end=\"2351\" \/>Zapobiega to:<\/p>\n<ul data-start=\"2366\" data-end=\"2458\">\n<li data-start=\"2366\" data-end=\"2396\">\n<p data-start=\"2368\" data-end=\"2396\">Zarysowania spowodowane cz\u0105steczkami<\/p>\n<\/li>\n<li data-start=\"2397\" data-end=\"2431\">\n<p data-start=\"2399\" data-end=\"2431\">Lokalna niejednorodno\u015b\u0107 polerowania<\/p>\n<\/li>\n<li data-start=\"2432\" data-end=\"2458\">\n<p data-start=\"2434\" data-end=\"2458\">Losowe defekty powierzchni<\/p>\n<\/li>\n<\/ul>\n<p data-start=\"2460\" data-end=\"2527\">kt\u00f3re s\u0105 g\u0142\u00f3wnymi zab\u00f3jcami wydajno\u015bci w operacjach polerowania CMP i quad.<\/p>\n<h3 data-start=\"2534\" data-end=\"2585\">Precyzyjny ponowny monta\u017c dla jednolitego polerowania<\/h3>\n<p data-start=\"2586\" data-end=\"2616\">Jednostka ponownego monta\u017cu steruje:<\/p>\n<ul data-start=\"2617\" data-end=\"2697\">\n<li data-start=\"2617\" data-end=\"2638\">\n<p data-start=\"2619\" data-end=\"2638\">Ci\u015bnienie monta\u017cowe<\/p>\n<\/li>\n<li data-start=\"2639\" data-end=\"2658\">\n<p data-start=\"2641\" data-end=\"2658\">Wyr\u00f3wnanie p\u0142ytek<\/p>\n<\/li>\n<li data-start=\"2659\" data-end=\"2697\">\n<p data-start=\"2661\" data-end=\"2697\">P\u0142asko\u015b\u0107 na ca\u0142ym no\u015bniku<\/p>\n<\/li>\n<\/ul>\n<p data-start=\"2699\" data-end=\"2822\">Gwarantuje to, \u017ce wszystkie wafle do\u015bwiadczaj\u0105 jednolitego nacisku polerowania podczas nast\u0119pnego cyklu polerowania poczw\u00f3rnego, co prowadzi do:<\/p>\n<ul data-start=\"2823\" data-end=\"2926\">\n<li data-start=\"2823\" data-end=\"2867\">\n<p data-start=\"2825\" data-end=\"2867\">Ulepszony TTV (ca\u0142kowita zmiana grubo\u015bci)<\/p>\n<\/li>\n<li data-start=\"2868\" data-end=\"2896\">\n<p data-start=\"2870\" data-end=\"2896\">Lepsza chropowato\u015b\u0107 powierzchni<\/p>\n<\/li>\n<li data-start=\"2897\" data-end=\"2926\">\n<p data-start=\"2899\" data-end=\"2926\">Wy\u017csza wydajno\u015b\u0107 u\u017cytkowa wafli<\/p>\n<\/li>\n<\/ul>\n<h2 data-start=\"2933\" data-end=\"2962\">Elastyczno\u015b\u0107 produkcji<\/h2>\n<p data-start=\"2964\" data-end=\"3062\">System obs\u0142uguje wiele konfiguracji wafli i no\u015bnik\u00f3w, umo\u017cliwiaj\u0105c fabrykom dostosowanie linii do potrzeb:<\/p>\n<ul data-start=\"3063\" data-end=\"3163\">\n<li data-start=\"3063\" data-end=\"3089\">\n<p data-start=\"3065\" data-end=\"3089\">Maksymalna przepustowo\u015b\u0107<\/p>\n<\/li>\n<li data-start=\"3090\" data-end=\"3122\">\n<p data-start=\"3092\" data-end=\"3122\">Maksymalna kontrola p\u0142asko\u015bci<\/p>\n<\/li>\n<li data-start=\"3123\" data-end=\"3163\">\n<p data-start=\"3125\" data-end=\"3163\">Produkcja mieszana 6- i 8-calowa<\/p>\n<\/li>\n<\/ul>\n<p data-start=\"3165\" data-end=\"3203\">To sprawia, \u017ce linia nadaje si\u0119 do obu zastosowa\u0144:<\/p>\n<ul data-start=\"3204\" data-end=\"3283\">\n<li data-start=\"3204\" data-end=\"3243\">\n<p data-start=\"3206\" data-end=\"3243\">Wysokonak\u0142adowa produkcja urz\u0105dze\u0144 zasilaj\u0105cych<\/p>\n<\/li>\n<li data-start=\"3244\" data-end=\"3283\">\n<p data-start=\"3246\" data-end=\"3283\">Przetwarzanie pod\u0142o\u017cy SiC o wysokiej warto\u015bci<\/p>\n<\/li>\n<\/ul>\n<h2 data-start=\"3290\" data-end=\"3317\">Typowe zastosowania<\/h2>\n<ul data-start=\"3319\" data-end=\"3498\">\n<li data-start=\"3319\" data-end=\"3385\">\n<p data-start=\"3321\" data-end=\"3385\">Wafle p\u00f3\u0142przewodnikowe Si i SiC (MOSFET, IGBT, diody)<\/p>\n<\/li>\n<li data-start=\"3386\" data-end=\"3425\">\n<p data-start=\"3388\" data-end=\"3425\">Pod\u0142o\u017ca SiC i p\u0142ytki epitaksjalne<\/p>\n<\/li>\n<li data-start=\"3426\" data-end=\"3455\">\n<p data-start=\"3428\" data-end=\"3455\">Zaawansowane wafle opakowaniowe<\/p>\n<\/li>\n<li data-start=\"3456\" data-end=\"3498\">\n<p data-start=\"3458\" data-end=\"3498\">Precyzyjnie polerowane p\u0142ytki krzemowe<\/p>\n<\/li>\n<\/ul>\n<h3 data-start=\"58\" data-end=\"102\"><strong data-start=\"62\" data-end=\"102\">FAQ - Dodatkowe pytania techniczne<\/strong><\/h3>\n<p data-start=\"104\" data-end=\"461\"><strong>P1: W jaki spos\u00f3b system minimalizuje p\u0119kanie kruchych p\u0142ytek SiC?<\/strong><br data-start=\"179\" data-end=\"182\" \/>Linia wykorzystuje algorytmy demonta\u017cu o niskim napr\u0119\u017ceniu i kontrolowane profile ruchu, starannie zarz\u0105dzaj\u0105c przyspieszeniem, k\u0105tem separacji i si\u0142\u0105 nacisku. Zapobiega to odpryskiwaniu kraw\u0119dzi, mikrop\u0119kni\u0119ciom i wypaczeniom wafli wywo\u0142anym napr\u0119\u017ceniami, kt\u00f3re s\u0105 cz\u0119stymi problemami w przypadku pod\u0142o\u017cy SiC.<\/p>\n<p data-start=\"468\" data-end=\"792\"><strong>P2: Czy p\u0119tla czyszczenia i ponownego monta\u017cu mo\u017ce obs\u0142ugiwa\u0107 wiele specyfikacji no\u015bnik\u00f3w?<\/strong><br data-start=\"553\" data-end=\"556\" \/>Tak. Bufor no\u015bnika i modu\u0142y czyszcz\u0105ce obs\u0142uguj\u0105 wiele \u015brednic no\u015bnik\u00f3w ceramicznych (np. 485 mm i 576 mm) i liczby p\u0142ytek na no\u015bnik. Pozwala to na produkcj\u0119 wafli o r\u00f3\u017cnych rozmiarach, 6-calowych i 8-calowych, bez przerywania linii produkcyjnej.<\/p>\n<p data-start=\"799\" data-end=\"1201\"><strong>P3: W jaki spos\u00f3b system zapewnia powtarzaln\u0105 jako\u015b\u0107 polerowania we wszystkich partiach?<\/strong><br data-start=\"878\" data-end=\"881\" \/>Dzi\u0119ki po\u0142\u0105czeniu ultra czystych powierzchni no\u015bnika, precyzyjnego wyr\u00f3wnania wafla i kontroli p\u0142asko\u015bci, ka\u017cdy wafel jest montowany w identycznych warunkach. Gwarantuje to sta\u0142y nacisk polerowania, jednolite usuwanie materia\u0142u i minimalny TTV, co skutkuje stabiln\u0105 wydajno\u015bci\u0105 i jako\u015bci\u0105 powierzchni w partiach produkcyjnych.<\/p>","protected":false},"excerpt":{"rendered":"<p>6-8-calowa linia do poczw\u00f3rnego polerowania wafli krzemowych i SiC z p\u0119tl\u0105 czyszczenia i ponownego monta\u017cu to w pe\u0142ni zintegrowana platforma procesu polerowania ko\u0144cowego zaprojektowana do obs\u0142ugi wysokonak\u0142adowej produkcji wafli krzemowych i z w\u0119glika krzemu.<\/p>","protected":false},"featured_media":1642,"comment_status":"open","ping_status":"closed","template":"","meta":{"site-sidebar-layout":"default","site-content-layout":"","ast-site-content-layout":"default","site-content-style":"default","site-sidebar-style":"default","ast-global-header-display":"","ast-banner-title-visibility":"","ast-main-header-display":"","ast-hfb-above-header-display":"","ast-hfb-below-header-display":"","ast-hfb-mobile-header-display":"","site-post-title":"","ast-breadcrumbs-content":"","ast-featured-img":"","footer-sml-layout":"","ast-disable-related-posts":"","theme-transparent-header-meta":"default","adv-header-id-meta":"","stick-header-meta":"default","header-above-stick-meta":"","header-main-stick-meta":"","header-below-stick-meta":"","astra-migrate-meta-layouts":"set","ast-page-background-enabled":"default","ast-page-background-meta":{"desktop":{"background-color":"var(--ast-global-color-4)","background-image":"","background-repeat":"repeat","background-position":"center center","background-size":"auto","background-attachment":"scroll","background-type":"","background-media":"","overlay-type":"","overlay-color":"","overlay-opacity":"","overlay-gradient":""},"tablet":{"background-color":"","background-image":"","background-repeat":"repeat","background-position":"center center","background-size":"auto","background-attachment":"scroll","background-type":"","background-media":"","overlay-type":"","overlay-color":"","overlay-opacity":"","overlay-gradient":""},"mobile":{"background-color":"","background-image":"","background-repeat":"repeat","background-position":"center center","background-size":"auto","background-attachment":"scroll","background-type":"","background-media":"","overlay-type":"","overlay-color":"","overlay-opacity":"","overlay-gradient":""}},"ast-content-background-meta":{"desktop":{"background-color":"var(--ast-global-color-5)","background-image":"","background-repeat":"repeat","background-position":"center center","background-size":"auto","background-attachment":"scroll","background-type":"","background-media":"","overlay-type":"","overlay-color":"","overlay-opacity":"","overlay-gradient":""},"tablet":{"background-color":"var(--ast-global-color-5)","background-image":"","background-repeat":"repeat","background-position":"center center","background-size":"auto","background-attachment":"scroll","background-type":"","background-media":"","overlay-type":"","overlay-color":"","overlay-opacity":"","overlay-gradient":""},"mobile":{"background-color":"var(--ast-global-color-5)","background-image":"","background-repeat":"repeat","background-position":"center center","background-size":"auto","background-attachment":"scroll","background-type":"","background-media":"","overlay-type":"","overlay-color":"","overlay-opacity":"","overlay-gradient":""}}},"product_brand":[],"product_cat":[15],"product_tag":[100,105,104,107,106,109,103,108,110,102,101],"class_list":{"0":"post-1636","1":"product","2":"type-product","3":"status-publish","4":"has-post-thumbnail","6":"product_cat-crystal-growth-furnace","7":"product_tag-6-8-inch","8":"product_tag-automatic-de-mounting","9":"product_tag-automation-line","10":"product_tag-carrier-cleaning","11":"product_tag-ceramic-carrier","12":"product_tag-closed-loop-system","13":"product_tag-quad-polishing","14":"product_tag-re-mounting","15":"product_tag-semiconductor-equipment","16":"product_tag-sic-wafer","17":"product_tag-silicon-wafer","18":"desktop-align-left","19":"tablet-align-left","20":"mobile-align-left","21":"ast-product-gallery-layout-horizontal-slider","22":"ast-product-tabs-layout-horizontal","24":"first","25":"instock","26":"shipping-taxable","27":"product-type-simple"},"_links":{"self":[{"href":"https:\/\/www.zmsh-semitech.com\/pl\/wp-json\/wp\/v2\/product\/1636","targetHints":{"allow":["GET"]}}],"collection":[{"href":"https:\/\/www.zmsh-semitech.com\/pl\/wp-json\/wp\/v2\/product"}],"about":[{"href":"https:\/\/www.zmsh-semitech.com\/pl\/wp-json\/wp\/v2\/types\/product"}],"replies":[{"embeddable":true,"href":"https:\/\/www.zmsh-semitech.com\/pl\/wp-json\/wp\/v2\/comments?post=1636"}],"version-history":[{"count":2,"href":"https:\/\/www.zmsh-semitech.com\/pl\/wp-json\/wp\/v2\/product\/1636\/revisions"}],"predecessor-version":[{"id":1967,"href":"https:\/\/www.zmsh-semitech.com\/pl\/wp-json\/wp\/v2\/product\/1636\/revisions\/1967"}],"wp:featuredmedia":[{"embeddable":true,"href":"https:\/\/www.zmsh-semitech.com\/pl\/wp-json\/wp\/v2\/media\/1642"}],"wp:attachment":[{"href":"https:\/\/www.zmsh-semitech.com\/pl\/wp-json\/wp\/v2\/media?parent=1636"}],"wp:term":[{"taxonomy":"product_brand","embeddable":true,"href":"https:\/\/www.zmsh-semitech.com\/pl\/wp-json\/wp\/v2\/product_brand?post=1636"},{"taxonomy":"product_cat","embeddable":true,"href":"https:\/\/www.zmsh-semitech.com\/pl\/wp-json\/wp\/v2\/product_cat?post=1636"},{"taxonomy":"product_tag","embeddable":true,"href":"https:\/\/www.zmsh-semitech.com\/pl\/wp-json\/wp\/v2\/product_tag?post=1636"}],"curies":[{"name":"wp","href":"https:\/\/api.w.org\/{rel}","templated":true}]}}