{"id":1534,"date":"2025-12-26T05:59:04","date_gmt":"2025-12-26T05:59:04","guid":{"rendered":"https:\/\/www.zmsh-semitech.com\/?post_type=product&#038;p=1534"},"modified":"2025-12-26T06:11:05","modified_gmt":"2025-12-26T06:11:05","slug":"compact-high-precision-laser-micro-drilling-machine-for-ultra-fine-holes-and-multi-material-compatibility","status":"publish","type":"product","link":"https:\/\/www.zmsh-semitech.com\/pl\/product\/compact-high-precision-laser-micro-drilling-machine-for-ultra-fine-holes-and-multi-material-compatibility\/","title":{"rendered":"Kompaktowa, wysoce precyzyjna mikro-wiertarka laserowa do bardzo drobnych otwor\u00f3w i kompatybilno\u015bci z wieloma materia\u0142ami"},"content":{"rendered":"<p data-start=\"257\" data-end=\"610\">Kompaktowa mikrowiertarka laserowa o wysokiej precyzji zosta\u0142a zaprojektowana z my\u015bl\u0105 o \u015brodowiskach o ograniczonej przestrzeni, zapewniaj\u0105c wyj\u0105tkow\u0105 precyzj\u0119 i przyjazn\u0105 dla u\u017cytkownika obs\u0142ug\u0119. Idealny do bardzo dok\u0142adnego wiercenia otwor\u00f3w do 0,005 mm, ten kompaktowy system zapewnia niezawodn\u0105 wydajno\u015b\u0107 przy minimalnym wp\u0142ywie termicznym, co skutkuje czystymi kraw\u0119dziami otwor\u00f3w i zmniejszonym utlenianiem.<\/p>\n<p data-start=\"612\" data-end=\"862\">Ta wszechstronna maszyna obs\u0142uguje wymienne \u017ar\u00f3d\u0142a lasera, aby dostosowa\u0107 si\u0119 do r\u00f3\u017cnych materia\u0142\u00f3w, zwi\u0119kszaj\u0105c kompatybilno\u015b\u0107 i wydajno\u015b\u0107. Intuicyjny interfejs oprogramowania sprawia, \u017ce obs\u0142uga jest prosta zar\u00f3wno dla do\u015bwiadczonych operator\u00f3w, jak i nowicjuszy.<\/p>\n<p data-start=\"612\" data-end=\"862\"><img fetchpriority=\"high\" decoding=\"async\" class=\"wp-image-1536 aligncenter\" src=\"https:\/\/www.zmsh-semitech.com\/wp-content\/uploads\/2025\/12\/22.png\" alt=\"\" width=\"400\" height=\"581\" \/><\/p>\n<h3 data-start=\"869\" data-end=\"892\"><strong data-start=\"873\" data-end=\"890\">Kluczowe cechy:<\/strong><\/h3>\n<ul data-start=\"893\" data-end=\"1260\">\n<li data-start=\"893\" data-end=\"974\">\n<p data-start=\"895\" data-end=\"974\"><strong data-start=\"895\" data-end=\"914\">Kompaktowa konstrukcja:<\/strong> Idealny do ma\u0142ych przestrzeni bez uszczerbku dla wydajno\u015bci<\/p>\n<\/li>\n<li data-start=\"975\" data-end=\"1033\">\n<p data-start=\"977\" data-end=\"1033\"><strong data-start=\"977\" data-end=\"996\">Wysoka precyzja:<\/strong> Uzyskuje otwory o wielko\u015bci zaledwie 0,005 mm<\/p>\n<\/li>\n<li data-start=\"1034\" data-end=\"1099\">\n<p data-start=\"1036\" data-end=\"1099\"><strong data-start=\"1036\" data-end=\"1052\">\u0141atwo\u015b\u0107 u\u017cytkowania:<\/strong> Przyjazny dla u\u017cytkownika interfejs zapewniaj\u0105cy prost\u0105 obs\u0142ug\u0119<\/p>\n<\/li>\n<li data-start=\"1100\" data-end=\"1189\">\n<p data-start=\"1102\" data-end=\"1189\"><strong data-start=\"1102\" data-end=\"1135\">Kompatybilno\u015b\u0107 z wieloma materia\u0142ami:<\/strong> Wymienne \u017ar\u00f3d\u0142a lasera dla r\u00f3\u017cnych materia\u0142\u00f3w<\/p>\n<\/li>\n<li data-start=\"1190\" data-end=\"1260\">\n<p data-start=\"1192\" data-end=\"1260\"><strong data-start=\"1192\" data-end=\"1219\">Minimalny wp\u0142yw termiczny:<\/strong> Zmniejszone utlenianie wok\u00f3\u0142 wywierconych otwor\u00f3w<\/p>\n<\/li>\n<\/ul>\n<h3 data-start=\"1267\" data-end=\"1298\"><strong data-start=\"1271\" data-end=\"1296\">Odpowiednie materia\u0142y:<\/strong><\/h3>\n<p data-start=\"1299\" data-end=\"1351\">Nadaje si\u0119 do szerokiej gamy materia\u0142\u00f3w, w tym:<\/p>\n<ul data-start=\"1352\" data-end=\"1487\">\n<li data-start=\"1352\" data-end=\"1412\">\n<p data-start=\"1354\" data-end=\"1412\">Metale, takie jak stal nierdzewna, stal w\u0119glowa i stopy<\/p>\n<\/li>\n<li data-start=\"1413\" data-end=\"1450\">\n<p data-start=\"1415\" data-end=\"1450\">Ceramika i ultratwarde materia\u0142y<\/p>\n<\/li>\n<li data-start=\"1451\" data-end=\"1487\">\n<p data-start=\"1453\" data-end=\"1487\">Kamienie szlachetne, takie jak szafir<\/p>\n<\/li>\n<\/ul>\n<h3 data-start=\"1494\" data-end=\"1525\"><strong data-start=\"1498\" data-end=\"1523\">Przyk\u0142ady zastosowa\u0144:<\/strong><\/h3>\n<ol data-start=\"1527\" data-end=\"2374\">\n<li data-start=\"1527\" data-end=\"1679\">\n<p data-start=\"1530\" data-end=\"1679\"><strong data-start=\"1530\" data-end=\"1563\">Wiercenie w stali nierdzewnej T301<\/strong><br data-start=\"1563\" data-end=\"1566\" \/>Precyzyjne mikrootwory wiercone w elementach ze stali nierdzewnej T301 do zastosowa\u0144 przemys\u0142owych i mechanicznych.<\/p>\n<\/li>\n<li data-start=\"1681\" data-end=\"1817\">\n<p data-start=\"1684\" data-end=\"1817\"><strong data-start=\"1684\" data-end=\"1711\">Wiercenie w arkuszach szafiru<\/strong><br data-start=\"1711\" data-end=\"1714\" \/>Bardzo dok\u0142adne wiercenie w szafirowych arkuszach, odpowiednie do zastosowa\u0144 optycznych, elektronicznych i p\u00f3\u0142przewodnikowych.<\/p>\n<\/li>\n<li data-start=\"1819\" data-end=\"1956\">\n<p data-start=\"1822\" data-end=\"1956\"><strong data-start=\"1822\" data-end=\"1852\">Dysza dozuj\u0105ca Wiercenie<\/strong><br data-start=\"1852\" data-end=\"1855\" \/>Precyzyjne mikrootwory dla dysz dozuj\u0105cych klej lub p\u0142yn, zapewniaj\u0105ce dok\u0142adn\u0105 kontrol\u0119 przep\u0142ywu.<\/p>\n<\/li>\n<li data-start=\"1958\" data-end=\"2092\">\n<p data-start=\"1961\" data-end=\"2092\"><strong data-start=\"1961\" data-end=\"1993\">Szafirowe wiercenie otwor\u00f3w nieprzelotowych<\/strong><br data-start=\"1993\" data-end=\"1996\" \/>Wiercenie otwor\u00f3w nieprzelotowych w szafirze, idealne do precyzyjnych cz\u0119\u015bci, gdzie kontrola g\u0142\u0119boko\u015bci jest krytyczna.<\/p>\n<\/li>\n<li data-start=\"2094\" data-end=\"2247\">\n<p data-start=\"2097\" data-end=\"2247\"><strong data-start=\"2097\" data-end=\"2139\">Wiercenie otwor\u00f3w w kszta\u0142cie litery T ze stali nierdzewnej<\/strong><br data-start=\"2139\" data-end=\"2142\" \/>Specjalistyczne wiercenie otwor\u00f3w w kszta\u0142cie litery T w stali nierdzewnej do monta\u017cu mechanicznego i niestandardowych komponent\u00f3w.<\/p>\n<\/li>\n<li data-start=\"2249\" data-end=\"2374\">\n<p data-start=\"2252\" data-end=\"2374\"><strong data-start=\"2252\" data-end=\"2276\">Ci\u0119cie blachy miedzianej<\/strong><br data-start=\"2276\" data-end=\"2279\" \/>Precyzyjne ci\u0119cie blach miedzianych do zastosowa\u0144 w elektronice, PCB i mikrokomponentach.<\/p>\n<\/li>\n<\/ol>\n<p><img decoding=\"async\" class=\"wp-image-1538 size-full aligncenter\" src=\"https:\/\/www.zmsh-semitech.com\/wp-content\/uploads\/2025\/12\/drilling-case3.png\" alt=\"\" width=\"800\" height=\"600\" srcset=\"https:\/\/www.zmsh-semitech.com\/wp-content\/uploads\/2025\/12\/drilling-case3.png 800w, https:\/\/www.zmsh-semitech.com\/wp-content\/uploads\/2025\/12\/drilling-case3-300x225.png 300w, https:\/\/www.zmsh-semitech.com\/wp-content\/uploads\/2025\/12\/drilling-case3-768x576.png 768w, https:\/\/www.zmsh-semitech.com\/wp-content\/uploads\/2025\/12\/drilling-case3-600x450.png 600w\" sizes=\"(max-width: 800px) 100vw, 800px\" \/><\/p>","protected":false},"excerpt":{"rendered":"<p>Kompaktowa mikrowiertarka laserowa o wysokiej precyzji zosta\u0142a zaprojektowana z my\u015bl\u0105 o \u015brodowiskach o ograniczonej przestrzeni, zapewniaj\u0105c wyj\u0105tkow\u0105 precyzj\u0119 i przyjazn\u0105 dla u\u017cytkownika obs\u0142ug\u0119. Idealny do bardzo dok\u0142adnego wiercenia otwor\u00f3w do 0,005 mm, ten kompaktowy system zapewnia niezawodn\u0105 wydajno\u015b\u0107 przy minimalnym wp\u0142ywie termicznym, co skutkuje czystymi kraw\u0119dziami otwor\u00f3w i zmniejszonym utlenianiem.<\/p>","protected":false},"featured_media":1535,"comment_status":"open","ping_status":"closed","template":"","meta":{"site-sidebar-layout":"default","site-content-layout":"","ast-site-content-layout":"default","site-content-style":"default","site-sidebar-style":"default","ast-global-header-display":"","ast-banner-title-visibility":"","ast-main-header-display":"","ast-hfb-above-header-display":"","ast-hfb-below-header-display":"","ast-hfb-mobile-header-display":"","site-post-title":"","ast-breadcrumbs-content":"","ast-featured-img":"","footer-sml-layout":"","ast-disable-related-posts":"","theme-transparent-header-meta":"default","adv-header-id-meta":"","stick-header-meta":"default","header-above-stick-meta":"","header-main-stick-meta":"","header-below-stick-meta":"","astra-migrate-meta-layouts":"set","ast-page-background-enabled":"default","ast-page-background-meta":{"desktop":{"background-color":"var(--ast-global-color-4)","background-image":"","background-repeat":"repeat","background-position":"center center","background-size":"auto","background-attachment":"scroll","background-type":"","background-media":"","overlay-type":"","overlay-color":"","overlay-opacity":"","overlay-gradient":""},"tablet":{"background-color":"","background-image":"","background-repeat":"repeat","background-position":"center center","background-size":"auto","background-attachment":"scroll","background-type":"","background-media":"","overlay-type":"","overlay-color":"","overlay-opacity":"","overlay-gradient":""},"mobile":{"background-color":"","background-image":"","background-repeat":"repeat","background-position":"center center","background-size":"auto","background-attachment":"scroll","background-type":"","background-media":"","overlay-type":"","overlay-color":"","overlay-opacity":"","overlay-gradient":""}},"ast-content-background-meta":{"desktop":{"background-color":"var(--ast-global-color-5)","background-image":"","background-repeat":"repeat","background-position":"center center","background-size":"auto","background-attachment":"scroll","background-type":"","background-media":"","overlay-type":"","overlay-color":"","overlay-opacity":"","overlay-gradient":""},"tablet":{"background-color":"var(--ast-global-color-5)","background-image":"","background-repeat":"repeat","background-position":"center center","background-size":"auto","background-attachment":"scroll","background-type":"","background-media":"","overlay-type":"","overlay-color":"","overlay-opacity":"","overlay-gradient":""},"mobile":{"background-color":"var(--ast-global-color-5)","background-image":"","background-repeat":"repeat","background-position":"center center","background-size":"auto","background-attachment":"scroll","background-type":"","background-media":"","overlay-type":"","overlay-color":"","overlay-opacity":"","overlay-gradient":""}}},"product_brand":[],"product_cat":[20],"product_tag":[53,54,49,48,55,46,47,56],"class_list":{"0":"post-1534","1":"product","2":"type-product","3":"status-publish","4":"has-post-thumbnail","6":"product_cat-laser-drilling-machine","7":"product_tag-compact-design","8":"product_tag-high-precision","9":"product_tag-laser-cutting","10":"product_tag-laser-micro-drilling","11":"product_tag-multi-material-compatibility","12":"product_tag-picosecond-laser","13":"product_tag-precision-laser-drilling","14":"product_tag-sapphire-drilling","15":"desktop-align-left","16":"tablet-align-left","17":"mobile-align-left","18":"ast-product-gallery-layout-horizontal-slider","19":"ast-product-gallery-with-no-image","20":"ast-product-tabs-layout-horizontal","22":"first","23":"instock","24":"shipping-taxable","25":"product-type-simple"},"_links":{"self":[{"href":"https:\/\/www.zmsh-semitech.com\/pl\/wp-json\/wp\/v2\/product\/1534","targetHints":{"allow":["GET"]}}],"collection":[{"href":"https:\/\/www.zmsh-semitech.com\/pl\/wp-json\/wp\/v2\/product"}],"about":[{"href":"https:\/\/www.zmsh-semitech.com\/pl\/wp-json\/wp\/v2\/types\/product"}],"replies":[{"embeddable":true,"href":"https:\/\/www.zmsh-semitech.com\/pl\/wp-json\/wp\/v2\/comments?post=1534"}],"version-history":[{"count":1,"href":"https:\/\/www.zmsh-semitech.com\/pl\/wp-json\/wp\/v2\/product\/1534\/revisions"}],"predecessor-version":[{"id":1539,"href":"https:\/\/www.zmsh-semitech.com\/pl\/wp-json\/wp\/v2\/product\/1534\/revisions\/1539"}],"wp:featuredmedia":[{"embeddable":true,"href":"https:\/\/www.zmsh-semitech.com\/pl\/wp-json\/wp\/v2\/media\/1535"}],"wp:attachment":[{"href":"https:\/\/www.zmsh-semitech.com\/pl\/wp-json\/wp\/v2\/media?parent=1534"}],"wp:term":[{"taxonomy":"product_brand","embeddable":true,"href":"https:\/\/www.zmsh-semitech.com\/pl\/wp-json\/wp\/v2\/product_brand?post=1534"},{"taxonomy":"product_cat","embeddable":true,"href":"https:\/\/www.zmsh-semitech.com\/pl\/wp-json\/wp\/v2\/product_cat?post=1534"},{"taxonomy":"product_tag","embeddable":true,"href":"https:\/\/www.zmsh-semitech.com\/pl\/wp-json\/wp\/v2\/product_tag?post=1534"}],"curies":[{"name":"wp","href":"https:\/\/api.w.org\/{rel}","templated":true}]}}