{"id":2167,"date":"2026-04-14T02:28:42","date_gmt":"2026-04-14T02:28:42","guid":{"rendered":"https:\/\/www.zmsh-semitech.com\/?post_type=product&#038;p=2167"},"modified":"2026-04-14T02:28:45","modified_gmt":"2026-04-14T02:28:45","slug":"4-inch-4h-n-silicon-carbide-wafer","status":"publish","type":"product","link":"https:\/\/www.zmsh-semitech.com\/nl\/product\/4-inch-4h-n-silicon-carbide-wafer\/","title":{"rendered":"4 Inch 100mm 4H-N siliciumcarbide wafer"},"content":{"rendered":"<p data-start=\"161\" data-end=\"420\"><img fetchpriority=\"high\" decoding=\"async\" class=\"alignright wp-image-2171 size-medium\" src=\"https:\/\/www.zmsh-semitech.com\/wp-content\/uploads\/2026\/04\/4inch_silicon_carbide_wafers-300x300.webp\" alt=\"Siliciumcarbide wafer\" width=\"300\" height=\"300\" srcset=\"https:\/\/www.zmsh-semitech.com\/wp-content\/uploads\/2026\/04\/4inch_silicon_carbide_wafers-300x300.webp 300w, https:\/\/www.zmsh-semitech.com\/wp-content\/uploads\/2026\/04\/4inch_silicon_carbide_wafers-150x150.webp 150w, https:\/\/www.zmsh-semitech.com\/wp-content\/uploads\/2026\/04\/4inch_silicon_carbide_wafers-768x768.webp 768w, https:\/\/www.zmsh-semitech.com\/wp-content\/uploads\/2026\/04\/4inch_silicon_carbide_wafers-12x12.webp 12w, https:\/\/www.zmsh-semitech.com\/wp-content\/uploads\/2026\/04\/4inch_silicon_carbide_wafers-600x600.webp 600w, https:\/\/www.zmsh-semitech.com\/wp-content\/uploads\/2026\/04\/4inch_silicon_carbide_wafers-100x100.webp 100w, https:\/\/www.zmsh-semitech.com\/wp-content\/uploads\/2026\/04\/4inch_silicon_carbide_wafers.webp 800w\" sizes=\"(max-width: 300px) 100vw, 300px\" \/>De 4 inch 4H-N siliciumcarbide wafer is een geleidend SiC substraat ontworpen voor geavanceerde vermogenshalfgeleidertoepassingen. Het is gebaseerd op het 4H kristalpolytype, dat in de industrie algemeen erkend wordt voor zijn superieure elektrische en thermische prestaties.<\/p>\n<p data-start=\"422\" data-end=\"752\">Siliciumcarbide behoort tot de derde generatie halfgeleidermaterialen en biedt aanzienlijke voordelen ten opzichte van traditioneel silicium. De brede bandkloof, het hoge elektrische veld en het uitstekende thermische geleidingsvermogen maken het zeer geschikt voor apparaten die werken onder hoogspanning, hoge frequentie en hoge temperatuur.<\/p>\n<p data-start=\"754\" data-end=\"1163\">Deze wafer wordt vaak gebruikt voor de productie van voedingsapparaten zoals MOSFET's, Schottky-barri\u00e8redioden, JFET's en IGBT's. Deze apparaten zijn kritieke componenten in moderne energiesystemen, waar effici\u00ebntie, betrouwbaarheid en compactheid essentieel zijn. Deze apparaten zijn kritieke componenten in moderne energiesystemen, waar effici\u00ebntie, betrouwbaarheid en een compact ontwerp essentieel zijn. Het 4 inch formaat biedt een balans tussen kosteneffici\u00ebntie en opbrengst, waardoor het breed wordt toegepast in zowel onderzoeks- als industri\u00eble productieomgevingen.<\/p>\n<h2 data-section-id=\"1a3ueyz\" data-start=\"1170\" data-end=\"1187\">Specificaties<\/h2>\n<div class=\"TyagGW_tableContainer\">\n<div class=\"group TyagGW_tableWrapper flex flex-col-reverse w-fit\" tabindex=\"-1\">\n<table class=\"w-fit min-w-(--thread-content-width)\" data-start=\"1189\" data-end=\"1522\">\n<thead data-start=\"1189\" data-end=\"1210\">\n<tr data-start=\"1189\" data-end=\"1210\">\n<th class=\"\" data-start=\"1189\" data-end=\"1201\" data-col-size=\"sm\">Parameter<\/th>\n<th class=\"\" data-start=\"1201\" data-end=\"1210\" data-col-size=\"sm\">Waarde<\/th>\n<\/tr>\n<\/thead>\n<tbody data-start=\"1231\" data-end=\"1522\">\n<tr data-start=\"1231\" data-end=\"1258\">\n<td data-start=\"1231\" data-end=\"1242\" data-col-size=\"sm\">Diameter<\/td>\n<td data-col-size=\"sm\" data-start=\"1242\" data-end=\"1258\">100 \u00b1 0,5 mm<\/td>\n<\/tr>\n<tr data-start=\"1259\" data-end=\"1286\">\n<td data-start=\"1259\" data-end=\"1271\" data-col-size=\"sm\">Dikte<\/td>\n<td data-col-size=\"sm\" data-start=\"1271\" data-end=\"1286\">350 \u00b1 25 \u03bcm<\/td>\n<\/tr>\n<tr data-start=\"1287\" data-end=\"1304\">\n<td data-start=\"1287\" data-end=\"1298\" data-col-size=\"sm\">Polytype<\/td>\n<td data-col-size=\"sm\" data-start=\"1298\" data-end=\"1304\">4H<\/td>\n<\/tr>\n<tr data-start=\"1305\" data-end=\"1335\">\n<td data-start=\"1305\" data-end=\"1325\" data-col-size=\"sm\">Type geleidbaarheid<\/td>\n<td data-col-size=\"sm\" data-start=\"1325\" data-end=\"1335\">N-type<\/td>\n<\/tr>\n<tr data-start=\"1336\" data-end=\"1371\">\n<td data-start=\"1336\" data-end=\"1356\" data-col-size=\"sm\">Oppervlakteruwheid<\/td>\n<td data-col-size=\"sm\" data-start=\"1356\" data-end=\"1371\">Ra \u2264 0,2 nm<\/td>\n<\/tr>\n<tr data-start=\"1372\" data-end=\"1389\">\n<td data-start=\"1372\" data-end=\"1378\" data-col-size=\"sm\">TTV<\/td>\n<td data-col-size=\"sm\" data-start=\"1378\" data-end=\"1389\">\u2264 10 \u03bcm<\/td>\n<\/tr>\n<tr data-start=\"1390\" data-end=\"1408\">\n<td data-start=\"1390\" data-end=\"1397\" data-col-size=\"sm\">Warp<\/td>\n<td data-start=\"1397\" data-end=\"1408\" data-col-size=\"sm\">\u2264 30 \u03bcm<\/td>\n<\/tr>\n<tr data-start=\"1409\" data-end=\"1444\">\n<td data-start=\"1409\" data-end=\"1426\" data-col-size=\"sm\">Defectdichtheid<\/td>\n<td data-col-size=\"sm\" data-start=\"1426\" data-end=\"1444\">MPD &lt; 1 ea\/cm\u00b2<\/td>\n<\/tr>\n<tr data-start=\"1445\" data-end=\"1480\">\n<td data-start=\"1445\" data-end=\"1452\" data-col-size=\"sm\">Rand<\/td>\n<td data-start=\"1452\" data-end=\"1480\" data-col-size=\"sm\">45\u00b0 schuine kant, SEMI-standaard<\/td>\n<\/tr>\n<tr data-start=\"1481\" data-end=\"1522\">\n<td data-start=\"1481\" data-end=\"1489\" data-col-size=\"sm\">Rang<\/td>\n<td data-col-size=\"sm\" data-start=\"1489\" data-end=\"1522\">Productie \/ Onderzoek \/ Dummy<\/td>\n<\/tr>\n<\/tbody>\n<\/table>\n<\/div>\n<\/div>\n<p data-start=\"1524\" data-end=\"1670\">Deze parameters zorgen voor een hoge oppervlaktekwaliteit en maatvastheid, die essentieel zijn voor epitaxiale groei en fabricageprocessen.<\/p>\n<h2 data-section-id=\"1p4die8\" data-start=\"1677\" data-end=\"1704\">Materiaalkenmerken<\/h2>\n<p data-start=\"1706\" data-end=\"1943\">Siliciumcarbide heeft een brede bandkloof van ongeveer 3,26 eV, waardoor apparaten kunnen werken bij aanzienlijk hogere spanningen in vergelijking met silicium. Dit resulteert in een beter vermogen en lagere geleidingsverliezen.<img decoding=\"async\" class=\"size-medium wp-image-2170 alignright\" src=\"https:\/\/www.zmsh-semitech.com\/wp-content\/uploads\/2026\/04\/4inch_silicon_carbide_wafers2-300x300.webp\" alt=\"\" width=\"300\" height=\"300\" srcset=\"https:\/\/www.zmsh-semitech.com\/wp-content\/uploads\/2026\/04\/4inch_silicon_carbide_wafers2-300x300.webp 300w, https:\/\/www.zmsh-semitech.com\/wp-content\/uploads\/2026\/04\/4inch_silicon_carbide_wafers2-150x150.webp 150w, https:\/\/www.zmsh-semitech.com\/wp-content\/uploads\/2026\/04\/4inch_silicon_carbide_wafers2-768x768.webp 768w, https:\/\/www.zmsh-semitech.com\/wp-content\/uploads\/2026\/04\/4inch_silicon_carbide_wafers2-12x12.webp 12w, https:\/\/www.zmsh-semitech.com\/wp-content\/uploads\/2026\/04\/4inch_silicon_carbide_wafers2-600x600.webp 600w, https:\/\/www.zmsh-semitech.com\/wp-content\/uploads\/2026\/04\/4inch_silicon_carbide_wafers2-100x100.webp 100w, https:\/\/www.zmsh-semitech.com\/wp-content\/uploads\/2026\/04\/4inch_silicon_carbide_wafers2.webp 800w\" sizes=\"(max-width: 300px) 100vw, 300px\" \/><\/p>\n<p data-start=\"1945\" data-end=\"2159\">Een andere belangrijke eigenschap is het hoge elektrische doorslagveld, dat bijna tien keer groter kan zijn dan dat van silicium. Dit maakt dunnere apparaatstructuren en een hoger rendement in energieomzettingssystemen mogelijk.<\/p>\n<p data-start=\"2161\" data-end=\"2440\">Thermische geleidbaarheid is ook een belangrijk voordeel. SiC geleidt warmte ongeveer drie keer beter dan silicium, waardoor apparaten stabiele prestaties blijven leveren onder zware belasting. Dit vermindert de noodzaak voor complexe koelsystemen en verbetert de algehele betrouwbaarheid van het systeem.<\/p>\n<p data-start=\"2442\" data-end=\"2702\">Bovendien behoudt siliciumcarbide stabiele elektrische eigenschappen bij temperaturen boven 600 \u00b0C. Dit maakt het bijzonder geschikt voor toepassingen in ruwe omgevingen zoals voedingssystemen voor auto's, industri\u00eble aandrijvingen en elektronica voor de ruimtevaart.<\/p>\n<p data-start=\"2704\" data-end=\"2856\">Het materiaal biedt ook een hoge elektronenmobiliteit en een lage on-weerstand, wat bijdraagt aan hogere schakelsnelheden en minder energieverlies in voedingsapparaten.<\/p>\n<h2 data-section-id=\"1m1028d\" data-start=\"2863\" data-end=\"2887\">Beschikbare wafermaten<\/h2>\n<p data-start=\"2889\" data-end=\"2984\">Siliciumcarbide wafers zijn verkrijgbaar in verschillende diameters om te voldoen aan verschillende toepassingsbehoeften:<\/p>\n<div class=\"TyagGW_tableContainer\">\n<div class=\"group TyagGW_tableWrapper flex flex-col-reverse w-fit\" tabindex=\"-1\">\n<table class=\"w-fit min-w-(--thread-content-width)\" data-start=\"2986\" data-end=\"3227\">\n<thead data-start=\"2986\" data-end=\"3023\">\n<tr data-start=\"2986\" data-end=\"3023\">\n<th class=\"\" data-start=\"2986\" data-end=\"2993\" data-col-size=\"sm\">Maat<\/th>\n<th class=\"\" data-start=\"2993\" data-end=\"3004\" data-col-size=\"sm\">Diameter<\/th>\n<th class=\"\" data-start=\"3004\" data-end=\"3023\" data-col-size=\"sm\">Diktebereik<\/th>\n<\/tr>\n<\/thead>\n<tbody data-start=\"3061\" data-end=\"3227\">\n<tr data-start=\"3061\" data-end=\"3094\">\n<td data-start=\"3061\" data-end=\"3070\" data-col-size=\"sm\">2 inch<\/td>\n<td data-col-size=\"sm\" data-start=\"3070\" data-end=\"3080\">50,8 mm<\/td>\n<td data-col-size=\"sm\" data-start=\"3080\" data-end=\"3094\">330-350 \u03bcm<\/td>\n<\/tr>\n<tr data-start=\"3095\" data-end=\"3128\">\n<td data-start=\"3095\" data-end=\"3104\" data-col-size=\"sm\">3 inch<\/td>\n<td data-col-size=\"sm\" data-start=\"3104\" data-end=\"3114\">76,2 mm<\/td>\n<td data-col-size=\"sm\" data-start=\"3114\" data-end=\"3128\">350-500 \u03bcm<\/td>\n<\/tr>\n<tr data-start=\"3129\" data-end=\"3161\">\n<td data-start=\"3129\" data-end=\"3138\" data-col-size=\"sm\">4 inch<\/td>\n<td data-col-size=\"sm\" data-start=\"3138\" data-end=\"3147\">100 mm<\/td>\n<td data-col-size=\"sm\" data-start=\"3147\" data-end=\"3161\">350-500 \u03bcm<\/td>\n<\/tr>\n<tr data-start=\"3162\" data-end=\"3194\">\n<td data-start=\"3162\" data-end=\"3171\" data-col-size=\"sm\">6 inch<\/td>\n<td data-col-size=\"sm\" data-start=\"3171\" data-end=\"3180\">150 mm<\/td>\n<td data-col-size=\"sm\" data-start=\"3180\" data-end=\"3194\">350-500 \u03bcm<\/td>\n<\/tr>\n<tr data-start=\"3195\" data-end=\"3227\">\n<td data-start=\"3195\" data-end=\"3204\" data-col-size=\"sm\">8 inch<\/td>\n<td data-col-size=\"sm\" data-start=\"3204\" data-end=\"3213\">200 mm<\/td>\n<td data-col-size=\"sm\" data-start=\"3213\" data-end=\"3227\">350-500 \u03bcm<\/td>\n<\/tr>\n<\/tbody>\n<\/table>\n<\/div>\n<\/div>\n<p data-start=\"3229\" data-end=\"3350\">Gangbare types zijn onder meer geleidende 4H-N, semi-isolerende HPSI en andere gespecialiseerde varianten voor RF- en stroomtoepassingen.<\/p>\n<h2 data-section-id=\"mu966k\" data-start=\"3357\" data-end=\"3372\">Toepassingen<\/h2>\n<p data-start=\"3374\" data-end=\"3574\">In elektrische voertuigen worden SiC-wafers gebruikt in tractieomvormers, boordladers en DC-DC-omvormers. Ze verbeteren de energie-effici\u00ebntie, verminderen de warmteontwikkeling en maken compactere systeemontwerpen mogelijk.<img decoding=\"async\" class=\"size-medium wp-image-2169 alignright\" src=\"https:\/\/www.zmsh-semitech.com\/wp-content\/uploads\/2026\/04\/4inch_silicon_carbide_wafers4-300x300.webp\" alt=\"\" width=\"300\" height=\"300\" srcset=\"https:\/\/www.zmsh-semitech.com\/wp-content\/uploads\/2026\/04\/4inch_silicon_carbide_wafers4-300x300.webp 300w, https:\/\/www.zmsh-semitech.com\/wp-content\/uploads\/2026\/04\/4inch_silicon_carbide_wafers4-150x150.webp 150w, https:\/\/www.zmsh-semitech.com\/wp-content\/uploads\/2026\/04\/4inch_silicon_carbide_wafers4-768x768.webp 768w, https:\/\/www.zmsh-semitech.com\/wp-content\/uploads\/2026\/04\/4inch_silicon_carbide_wafers4-12x12.webp 12w, https:\/\/www.zmsh-semitech.com\/wp-content\/uploads\/2026\/04\/4inch_silicon_carbide_wafers4-600x600.webp 600w, https:\/\/www.zmsh-semitech.com\/wp-content\/uploads\/2026\/04\/4inch_silicon_carbide_wafers4-100x100.webp 100w, https:\/\/www.zmsh-semitech.com\/wp-content\/uploads\/2026\/04\/4inch_silicon_carbide_wafers4.webp 800w\" sizes=\"(max-width: 300px) 100vw, 300px\" \/><\/p>\n<p data-start=\"3576\" data-end=\"3764\">In systemen voor hernieuwbare energie worden SiC-apparaten toegepast in omvormers voor zonne-energie en windenergie. Hun hoge effici\u00ebntie draagt bij aan minder energieverlies en betere systeemprestaties.<\/p>\n<p data-start=\"3766\" data-end=\"3928\">Industri\u00eble systemen profiteren ook van SiC-technologie, vooral in krachtige motoraandrijvingen en automatiseringsapparatuur waar betrouwbaarheid en duurzaamheid van cruciaal belang zijn.<\/p>\n<p data-start=\"3930\" data-end=\"4111\">In elektriciteitsnetinfrastructuur wordt siliciumcarbide gebruikt in slimme netwerksystemen en hoogspanningstransmissieapparatuur om de energieomzettingseffici\u00ebntie te verbeteren en systeemverliezen te verminderen.<\/p>\n<p data-start=\"4113\" data-end=\"4266\">In luchtvaart- en defensietoepassingen wordt SiC gebruikt voor zeer betrouwbare elektronica die onder extreme temperatuur- en omgevingsomstandigheden moet werken.<\/p>\n<h2 data-section-id=\"19b7k0q\" data-start=\"4273\" data-end=\"4296\">Vergelijking Si vs SiC<\/h2>\n<div class=\"TyagGW_tableContainer\">\n<div class=\"group TyagGW_tableWrapper flex flex-col-reverse w-fit\" tabindex=\"-1\">\n<table class=\"w-fit min-w-(--thread-content-width)\" data-start=\"4298\" data-end=\"4557\">\n<thead data-start=\"4298\" data-end=\"4338\">\n<tr data-start=\"4298\" data-end=\"4338\">\n<th class=\"\" data-start=\"4298\" data-end=\"4309\" data-col-size=\"sm\">Eigendom<\/th>\n<th class=\"\" data-start=\"4309\" data-end=\"4319\" data-col-size=\"sm\">Silicium<\/th>\n<th class=\"\" data-start=\"4319\" data-end=\"4338\" data-col-size=\"sm\">Siliciumcarbide<\/th>\n<\/tr>\n<\/thead>\n<tbody data-start=\"4379\" data-end=\"4557\">\n<tr data-start=\"4379\" data-end=\"4410\">\n<td data-start=\"4379\" data-end=\"4389\" data-col-size=\"sm\">Bandkloof<\/td>\n<td data-col-size=\"sm\" data-start=\"4389\" data-end=\"4399\">1,12 eV<\/td>\n<td data-col-size=\"sm\" data-start=\"4399\" data-end=\"4410\">3,26 eV<\/td>\n<\/tr>\n<tr data-start=\"4411\" data-end=\"4443\">\n<td data-start=\"4411\" data-end=\"4429\" data-col-size=\"sm\">Uitsplitsing Veld<\/td>\n<td data-col-size=\"sm\" data-start=\"4429\" data-end=\"4435\">Laag<\/td>\n<td data-col-size=\"sm\" data-start=\"4435\" data-end=\"4443\">Hoog<\/td>\n<\/tr>\n<tr data-start=\"4444\" data-end=\"4486\">\n<td data-start=\"4444\" data-end=\"4467\" data-col-size=\"sm\">Thermische geleidbaarheid<\/td>\n<td data-col-size=\"sm\" data-start=\"4467\" data-end=\"4478\">Matig<\/td>\n<td data-col-size=\"sm\" data-start=\"4478\" data-end=\"4486\">Hoog<\/td>\n<\/tr>\n<tr data-start=\"4487\" data-end=\"4524\">\n<td data-start=\"4487\" data-end=\"4505\" data-col-size=\"sm\">Max. temperatuur<\/td>\n<td data-col-size=\"sm\" data-start=\"4505\" data-end=\"4514\">~150\u00b0C<\/td>\n<td data-col-size=\"sm\" data-start=\"4514\" data-end=\"4524\">&gt;600\u00b0C<\/td>\n<\/tr>\n<tr data-start=\"4525\" data-end=\"4557\">\n<td data-start=\"4525\" data-end=\"4538\" data-col-size=\"sm\">Effici\u00ebntie<\/td>\n<td data-col-size=\"sm\" data-start=\"4538\" data-end=\"4549\">Standaard<\/td>\n<td data-col-size=\"sm\" data-start=\"4549\" data-end=\"4557\">Hoog<\/td>\n<\/tr>\n<\/tbody>\n<\/table>\n<\/div>\n<\/div>\n<p data-start=\"4559\" data-end=\"4716\">Silicium blijft geschikt voor conventionele elektronica met een laag vermogen, terwijl siliciumcarbide steeds meer de voorkeur krijgt voor systemen met een hoog vermogen en een hoge effici\u00ebntie.<\/p>\n<h2 data-section-id=\"1hryhf7\" data-start=\"4723\" data-end=\"4729\">FAQ<\/h2>\n<p data-start=\"4731\" data-end=\"5020\"><strong>V: Wat is het verschil tussen silicium en siliciumcarbide wafers?<\/strong><br data-start=\"4800\" data-end=\"4803\" \/>Siliciumwafers worden veel gebruikt in ge\u00efntegreerde schakelingen en standaard elektronische apparaten. Siliciumcarbide wafers zijn ontworpen voor vermogenselektronica, waar hoge spanning, hoge temperatuur en hoge effici\u00ebntie vereist zijn.<\/p>\n<p data-start=\"5022\" data-end=\"5286\"><strong>V: Hoe verhoudt SiC zich tot GaN?<\/strong><br data-start=\"5055\" data-end=\"5058\" \/>SiC wordt meestal gebruikt in hoogspannings- en hoogvermogenstoepassingen zoals elektrische voertuigen en elektriciteitsnetten. GaN is meer geschikt voor hoogfrequente en lagere spanningstoepassingen, waaronder RF-systemen en snellaadapparaten.<\/p>\n<p data-start=\"5288\" data-end=\"5529\"><strong>V: Is siliciumcarbide een keramiek of een halfgeleider?<\/strong><br data-start=\"5339\" data-end=\"5342\" \/>Siliciumcarbide is zowel een keramiek als een halfgeleider. Het combineert een hoge mechanische sterkte met uitstekende elektrische eigenschappen, waardoor het geschikt is voor veeleisende elektronische toepassingen.<\/p>\n<p data-start=\"5551\" data-end=\"5953\">","protected":false},"excerpt":{"rendered":"<p>De 4 inch 4H-N siliciumcarbide wafer is een belangrijk materiaal voor moderne vermogenselektronica. De combinatie van elektrische effici\u00ebntie, thermische prestaties en betrouwbaarheid maakt het een essentieel substraat voor apparaten van de volgende generatie. Omdat industrie\u00ebn blijven vragen om hogere energie-effici\u00ebntie en systeemprestaties, worden SiC wafers steeds belangrijker in zowel commerci\u00eble als industri\u00eble toepassingen.<\/p>","protected":false},"featured_media":2168,"comment_status":"open","ping_status":"closed","template":"","meta":{"site-sidebar-layout":"default","site-content-layout":"","ast-site-content-layout":"default","site-content-style":"default","site-sidebar-style":"default","ast-global-header-display":"","ast-banner-title-visibility":"","ast-main-header-display":"","ast-hfb-above-header-display":"","ast-hfb-below-header-display":"","ast-hfb-mobile-header-display":"","site-post-title":"","ast-breadcrumbs-content":"","ast-featured-img":"","footer-sml-layout":"","ast-disable-related-posts":"","theme-transparent-header-meta":"default","adv-header-id-meta":"","stick-header-meta":"default","header-above-stick-meta":"","header-main-stick-meta":"","header-below-stick-meta":"","astra-migrate-meta-layouts":"set","ast-page-background-enabled":"default","ast-page-background-meta":{"desktop":{"background-color":"var(--ast-global-color-4)","background-image":"","background-repeat":"repeat","background-position":"center center","background-size":"auto","background-attachment":"scroll","background-type":"","background-media":"","overlay-type":"","overlay-color":"","overlay-opacity":"","overlay-gradient":""},"tablet":{"background-color":"","background-image":"","background-repeat":"repeat","background-position":"center center","background-size":"auto","background-attachment":"scroll","background-type":"","background-media":"","overlay-type":"","overlay-color":"","overlay-opacity":"","overlay-gradient":""},"mobile":{"background-color":"","background-image":"","background-repeat":"repeat","background-position":"center center","background-size":"auto","background-attachment":"scroll","background-type":"","background-media":"","overlay-type":"","overlay-color":"","overlay-opacity":"","overlay-gradient":""}},"ast-content-background-meta":{"desktop":{"background-color":"var(--ast-global-color-5)","background-image":"","background-repeat":"repeat","background-position":"center center","background-size":"auto","background-attachment":"scroll","background-type":"","background-media":"","overlay-type":"","overlay-color":"","overlay-opacity":"","overlay-gradient":""},"tablet":{"background-color":"var(--ast-global-color-5)","background-image":"","background-repeat":"repeat","background-position":"center center","background-size":"auto","background-attachment":"scroll","background-type":"","background-media":"","overlay-type":"","overlay-color":"","overlay-opacity":"","overlay-gradient":""},"mobile":{"background-color":"var(--ast-global-color-5)","background-image":"","background-repeat":"repeat","background-position":"center center","background-size":"auto","background-attachment":"scroll","background-type":"","background-media":"","overlay-type":"","overlay-color":"","overlay-opacity":"","overlay-gradient":""}}},"product_brand":[],"product_cat":[729],"product_tag":[930,929,935,931,932,934,933,928,927,692],"class_list":{"0":"post-2167","1":"product","2":"type-product","3":"status-publish","4":"has-post-thumbnail","6":"product_cat-wafer","7":"product_tag-4-inch-sic-wafer","8":"product_tag-4h-n-sic","9":"product_tag-ev-power-electronics-material","10":"product_tag-n-type-sic-wafer","11":"product_tag-power-semiconductor-material","12":"product_tag-schottky-diode-substrate","13":"product_tag-sic-mosfet-wafer","14":"product_tag-sic-substrate","15":"product_tag-silicon-carbide-wafer","16":"product_tag-wide-bandgap-semiconductor","17":"desktop-align-left","18":"tablet-align-left","19":"mobile-align-left","20":"ast-product-gallery-layout-horizontal-slider","21":"ast-product-tabs-layout-horizontal","23":"first","24":"instock","25":"shipping-taxable","26":"product-type-simple"},"_links":{"self":[{"href":"https:\/\/www.zmsh-semitech.com\/nl\/wp-json\/wp\/v2\/product\/2167","targetHints":{"allow":["GET"]}}],"collection":[{"href":"https:\/\/www.zmsh-semitech.com\/nl\/wp-json\/wp\/v2\/product"}],"about":[{"href":"https:\/\/www.zmsh-semitech.com\/nl\/wp-json\/wp\/v2\/types\/product"}],"replies":[{"embeddable":true,"href":"https:\/\/www.zmsh-semitech.com\/nl\/wp-json\/wp\/v2\/comments?post=2167"}],"version-history":[{"count":1,"href":"https:\/\/www.zmsh-semitech.com\/nl\/wp-json\/wp\/v2\/product\/2167\/revisions"}],"predecessor-version":[{"id":2172,"href":"https:\/\/www.zmsh-semitech.com\/nl\/wp-json\/wp\/v2\/product\/2167\/revisions\/2172"}],"wp:featuredmedia":[{"embeddable":true,"href":"https:\/\/www.zmsh-semitech.com\/nl\/wp-json\/wp\/v2\/media\/2168"}],"wp:attachment":[{"href":"https:\/\/www.zmsh-semitech.com\/nl\/wp-json\/wp\/v2\/media?parent=2167"}],"wp:term":[{"taxonomy":"product_brand","embeddable":true,"href":"https:\/\/www.zmsh-semitech.com\/nl\/wp-json\/wp\/v2\/product_brand?post=2167"},{"taxonomy":"product_cat","embeddable":true,"href":"https:\/\/www.zmsh-semitech.com\/nl\/wp-json\/wp\/v2\/product_cat?post=2167"},{"taxonomy":"product_tag","embeddable":true,"href":"https:\/\/www.zmsh-semitech.com\/nl\/wp-json\/wp\/v2\/product_tag?post=2167"}],"curies":[{"name":"wp","href":"https:\/\/api.w.org\/{rel}","templated":true}]}}