{"id":2149,"date":"2026-04-09T07:24:36","date_gmt":"2026-04-09T07:24:36","guid":{"rendered":"https:\/\/www.zmsh-semitech.com\/?post_type=product&#038;p=2149"},"modified":"2026-04-09T07:24:37","modified_gmt":"2026-04-09T07:24:37","slug":"hp-1201-automatic-wafer-dicing-machine-for-large-format-precision-cutting","status":"publish","type":"product","link":"https:\/\/www.zmsh-semitech.com\/nl\/product\/hp-1201-automatic-wafer-dicing-machine-for-large-format-precision-cutting\/","title":{"rendered":"HP-1201 Automatische Wafer Dicing Machine voor grootformaat precisiesnijden"},"content":{"rendered":"<p data-start=\"317\" data-end=\"680\"><img fetchpriority=\"high\" decoding=\"async\" class=\"size-medium wp-image-2151 alignright\" src=\"https:\/\/www.zmsh-semitech.com\/wp-content\/uploads\/2026\/04\/HP-1201-Automatic-Wafer-Substrate-Dicing-Machine-for-Large-Format-Precision-Cutting-300x300.png\" alt=\"\" width=\"300\" height=\"300\" srcset=\"https:\/\/www.zmsh-semitech.com\/wp-content\/uploads\/2026\/04\/HP-1201-Automatic-Wafer-Substrate-Dicing-Machine-for-Large-Format-Precision-Cutting-300x300.png 300w, https:\/\/www.zmsh-semitech.com\/wp-content\/uploads\/2026\/04\/HP-1201-Automatic-Wafer-Substrate-Dicing-Machine-for-Large-Format-Precision-Cutting-150x150.png 150w, https:\/\/www.zmsh-semitech.com\/wp-content\/uploads\/2026\/04\/HP-1201-Automatic-Wafer-Substrate-Dicing-Machine-for-Large-Format-Precision-Cutting-768x768.png 768w, https:\/\/www.zmsh-semitech.com\/wp-content\/uploads\/2026\/04\/HP-1201-Automatic-Wafer-Substrate-Dicing-Machine-for-Large-Format-Precision-Cutting-12x12.png 12w, https:\/\/www.zmsh-semitech.com\/wp-content\/uploads\/2026\/04\/HP-1201-Automatic-Wafer-Substrate-Dicing-Machine-for-Large-Format-Precision-Cutting-600x600.png 600w, https:\/\/www.zmsh-semitech.com\/wp-content\/uploads\/2026\/04\/HP-1201-Automatic-Wafer-Substrate-Dicing-Machine-for-Large-Format-Precision-Cutting-100x100.png 100w, https:\/\/www.zmsh-semitech.com\/wp-content\/uploads\/2026\/04\/HP-1201-Automatic-Wafer-Substrate-Dicing-Machine-for-Large-Format-Precision-Cutting.png 1000w\" sizes=\"(max-width: 300px) 100vw, 300px\" \/>De HP-1201 automatische ontkistingsmachine is een oplossing met hoge prestaties die specifiek ontworpen is voor substraten met groot formaat en toepassingen voor het snijden van meerdere stukken. Het systeem is ontworpen om te voldoen aan de evoluerende eisen van geavanceerde halfgeleiderverpakking en substraatverwerking en ondersteunt zowel wafer dicing (tot 12 inch) als werkstukken met een groot oppervlak tot 400 \u00d7 400 mm.<\/p>\n<p data-start=\"682\" data-end=\"977\">Met zijn robuuste portaalstructuur, tegengestelde configuratie met twee assen en aanpasbaar werkplatform levert de HP-1201 uitzonderlijke stijfheid, stabiliteit en verwerkingscapaciteit. Hij is bijzonder geschikt voor toepassingen met stripmaterialen, panelen met meerdere matrijzen en complexe werkstuklayouts.<\/p>\n<p data-start=\"979\" data-end=\"1181\">De machine integreert uiterst nauwkeurig uitlijnen, intelligente inspectie en flexibele bewerkingsmogelijkheden, waardoor het een ideale keuze is voor fabrikanten die zowel productiviteit als snijnauwkeurigheid zoeken.<\/p>\n<h2 data-section-id=\"1j5qwet\" data-start=\"1188\" data-end=\"1207\"><span role=\"text\">Belangrijkste kenmerken<\/span><\/h2>\n<h3 data-section-id=\"1lkyyr4\" data-start=\"1209\" data-end=\"1256\"><span role=\"text\">1. Ontworpen voor grootformaat substraten<\/span><\/h3>\n<p data-start=\"1257\" data-end=\"1364\">In tegenstelling tot conventionele dobbelsteensystemen is de HP-1201 geoptimaliseerd voor grote werkstukken en verpakkingssubstraten:<\/p>\n<ul data-start=\"1365\" data-end=\"1528\">\n<li data-section-id=\"122wrc4\" data-start=\"1365\" data-end=\"1420\">Ondersteunt tot 400 mm \u00d7 400 mm vierkante materialen<\/li>\n<li data-section-id=\"1w2sjk2\" data-start=\"1421\" data-end=\"1469\">Compatibel met 12-inch wafers en lager<\/li>\n<li data-section-id=\"bo18rw\" data-start=\"1470\" data-end=\"1528\">Ideaal voor verpakkingsprocessen op paneelniveau en geavanceerde verpakkingsprocessen<\/li>\n<\/ul>\n<p data-start=\"1530\" data-end=\"1619\">Dit maakt hem zeer geschikt voor zowel halfgeleider- als opkomende verpakkingstechnologie\u00ebn.<\/p>\n<h3 data-section-id=\"1gerb2u\" data-start=\"1626\" data-end=\"1683\"><span role=\"text\">2. Zeer effici\u00ebnt snijden van meerdere stukken<\/span><\/h3>\n<p data-start=\"1684\" data-end=\"1751\">Het systeem blinkt uit in toepassingen met meerdere stroken en batchverwerking:<\/p>\n<ul data-start=\"1752\" data-end=\"1953\">\n<li data-section-id=\"12ne451\" data-start=\"1752\" data-end=\"1810\">Ondersteunt gelijktijdige plaatsing van meerdere werkstukken<\/li>\n<li data-section-id=\"1ahonq2\" data-start=\"1811\" data-end=\"1889\">Voorbeeld: tot 5 stroken (250 mm \u00d7 70 mm) kunnen in \u00e9\u00e9n cyclus worden verwerkt.<\/li>\n<li data-section-id=\"91yitt\" data-start=\"1890\" data-end=\"1953\">Verbetert de doorvoer aanzienlijk en verkort de verwerkingstijd<\/li>\n<\/ul>\n<p data-start=\"1955\" data-end=\"2034\">Deze mogelijkheid is vooral waardevol voor productieomgevingen met hoge volumes.<\/p>\n<h3 data-section-id=\"pb7q73\" data-start=\"2041\" data-end=\"2096\"><span role=\"text\">3. Tegengesteld dubbelassig systeem voor productiviteit<\/span><\/h3>\n<p data-start=\"2097\" data-end=\"2177\">De HP-1201 heeft een structuur met twee assen met een asafstand van \u2264 22 mm:<\/p>\n<ul data-start=\"2178\" data-end=\"2320\">\n<li data-section-id=\"126smyd\" data-start=\"2178\" data-end=\"2231\">Maakt parallelle of sequenti\u00eble snijbewerkingen mogelijk<\/li>\n<li data-section-id=\"1phn8sk\" data-start=\"2232\" data-end=\"2264\">Vermindert de reisafstand bij stationair draaien<\/li>\n<li data-section-id=\"101lqcw\" data-start=\"2265\" data-end=\"2320\">Verhoogt de snijeffici\u00ebntie en de totale doorvoer<\/li>\n<\/ul>\n<p data-start=\"2322\" data-end=\"2440\">In combinatie met de snelle spindelrotatie (tot 60.000 tpm) zorgt het systeem voor een snelle en nauwkeurige materiaalscheiding.<\/p>\n<h3 data-section-id=\"w5e11x\" data-start=\"2447\" data-end=\"2497\"><span role=\"text\">4. Portaalstructuur voor superieure stabiliteit<\/span><\/h3>\n<p data-start=\"2498\" data-end=\"2547\">De machine is ontworpen met een hoog stijfheidsportaal:<\/p>\n<ul data-start=\"2548\" data-end=\"2716\">\n<li data-section-id=\"fbik\" data-start=\"2548\" data-end=\"2609\">Verbeterde structurele stabiliteit tijdens hoge snelheden<\/li>\n<li data-section-id=\"qf4dsg\" data-start=\"2610\" data-end=\"2661\">Minder trillingen voor nauwkeuriger snijden<\/li>\n<li data-section-id=\"8ypr2z\" data-start=\"2662\" data-end=\"2716\">Geschikt voor het nauwkeurig in blokjes snijden van brosse materialen<\/li>\n<\/ul>\n<p data-start=\"2718\" data-end=\"2797\">Dit zorgt voor consistente prestaties, zelfs onder veeleisende verwerkingsomstandigheden.<\/p>\n<h3 data-section-id=\"z6iv4c\" data-start=\"2804\" data-end=\"2855\"><span role=\"text\">5. Geavanceerd uitlijn- en inspectiesysteem<\/span><\/h3>\n<p data-start=\"2856\" data-end=\"2902\">Uitgerust met een dubbele microscoopconfiguratie:<\/p>\n<ul data-start=\"2903\" data-end=\"3050\">\n<li data-section-id=\"1upg1xh\" data-start=\"2903\" data-end=\"2952\">Maakt snelle en nauwkeurige automatische uitlijning mogelijk<\/li>\n<li data-section-id=\"7lt55p\" data-start=\"2953\" data-end=\"2997\">Ondersteunt inspectie van kerven met hoge resolutie<\/li>\n<li data-section-id=\"rql893\" data-start=\"2998\" data-end=\"3050\">Verbetert de snijconsistentie en vermindert defecten<\/li>\n<\/ul>\n<p data-start=\"3052\" data-end=\"3133\">Dit is essentieel voor het handhaven van krappe toleranties bij de productie van halfgeleiders.<\/p>\n<h3 data-section-id=\"ft5041\" data-start=\"3140\" data-end=\"3190\"><span role=\"text\">6. Optionele Sub-CT mes Dressing functie<\/span><\/h3>\n<p data-start=\"3191\" data-end=\"3283\">De optionele Sub-CT geassisteerde bladkleedfunctie helpt om het blad in optimale conditie te houden:<\/p>\n<ul data-start=\"3284\" data-end=\"3397\">\n<li data-section-id=\"1trj5ya\" data-start=\"3284\" data-end=\"3329\">Vermindert afbrokkelen van randen en oppervlaktedefecten<\/li>\n<li data-section-id=\"2vyx60\" data-start=\"3330\" data-end=\"3360\">Verlengt de levensduur van de bladen<\/li>\n<li data-section-id=\"1wk3sdx\" data-start=\"3361\" data-end=\"3397\">Verbetert de algehele snijkwaliteit<\/li>\n<\/ul>\n<h3 data-section-id=\"ngjugw\" data-start=\"3404\" data-end=\"3447\"><span role=\"text\">7. Optioneel diepkoelsysteem<\/span><\/h3>\n<p data-start=\"3448\" data-end=\"3503\">Een optioneel diep ingesneden koelwatersysteem is verkrijgbaar:<\/p>\n<ul data-start=\"3504\" data-end=\"3641\">\n<li data-section-id=\"wu3rr0\" data-start=\"3504\" data-end=\"3550\">Verbetert de koeleffici\u00ebntie tijdens het snijden<\/li>\n<li data-section-id=\"1e0lcc8\" data-start=\"3551\" data-end=\"3590\">Vermindert thermische schade aan materialen<\/li>\n<li data-section-id=\"rjj9u\" data-start=\"3591\" data-end=\"3641\">Verbetert oppervlaktekwaliteit en snijprecisie<\/li>\n<\/ul>\n<h2 data-section-id=\"id1bjs\" data-start=\"3648\" data-end=\"3679\"><span role=\"text\">Technische specificaties<\/span><\/h2>\n<div class=\"TyagGW_tableContainer\">\n<div class=\"group TyagGW_tableWrapper flex flex-col-reverse w-fit\" tabindex=\"-1\">\n<table class=\"w-fit min-w-(--thread-content-width)\" data-start=\"3681\" data-end=\"4410\">\n<thead data-start=\"3681\" data-end=\"3718\">\n<tr data-start=\"3681\" data-end=\"3718\">\n<th class=\"\" data-start=\"3681\" data-end=\"3697\" data-col-size=\"sm\">Parameter<\/th>\n<th class=\"\" data-start=\"3697\" data-end=\"3718\" data-col-size=\"sm\">Specificatie<\/th>\n<\/tr>\n<\/thead>\n<tbody data-start=\"3755\" data-end=\"4410\">\n<tr data-start=\"3755\" data-end=\"3781\">\n<td data-start=\"3755\" data-end=\"3771\" data-col-size=\"sm\">Spindelvermogen<\/td>\n<td data-start=\"3771\" data-end=\"3781\" data-col-size=\"sm\">1,8 kW<\/td>\n<\/tr>\n<tr data-start=\"3782\" data-end=\"3818\">\n<td data-start=\"3782\" data-end=\"3798\" data-col-size=\"sm\">Spindelsnelheid<\/td>\n<td data-start=\"3798\" data-end=\"3818\" data-col-size=\"sm\">6000 - 60000 tpm<\/td>\n<\/tr>\n<tr data-start=\"3819\" data-end=\"3845\">\n<td data-start=\"3819\" data-end=\"3835\" data-col-size=\"sm\">X-as verplaatsing<\/td>\n<td data-start=\"3835\" data-end=\"3845\" data-col-size=\"sm\">420 mm<\/td>\n<\/tr>\n<tr data-start=\"3846\" data-end=\"3880\">\n<td data-start=\"3846\" data-end=\"3861\" data-col-size=\"sm\">X-as Snelheid<\/td>\n<td data-start=\"3861\" data-end=\"3880\" data-col-size=\"sm\">0,1 - 1000 mm\/s<\/td>\n<\/tr>\n<tr data-start=\"3881\" data-end=\"3913\">\n<td data-start=\"3881\" data-end=\"3901\" data-col-size=\"sm\">Resolutie X-as<\/td>\n<td data-start=\"3901\" data-end=\"3913\" data-col-size=\"sm\">0,001 mm<\/td>\n<\/tr>\n<tr data-start=\"3914\" data-end=\"3939\">\n<td data-start=\"3914\" data-end=\"3929\" data-col-size=\"sm\">Y1\/Y2 Reizen<\/td>\n<td data-start=\"3929\" data-end=\"3939\" data-col-size=\"sm\">420 mm<\/td>\n<\/tr>\n<tr data-start=\"3940\" data-end=\"3973\">\n<td data-start=\"3940\" data-end=\"3960\" data-col-size=\"sm\">Resolutie Y-as<\/td>\n<td data-start=\"3960\" data-end=\"3973\" data-col-size=\"sm\">0,0001 mm<\/td>\n<\/tr>\n<tr data-start=\"3974\" data-end=\"4009\">\n<td data-start=\"3974\" data-end=\"3997\" data-col-size=\"sm\">Nauwkeurigheid positionering<\/td>\n<td data-start=\"3997\" data-end=\"4009\" data-col-size=\"sm\">0,002 mm<\/td>\n<\/tr>\n<tr data-start=\"4010\" data-end=\"4048\">\n<td data-start=\"4010\" data-end=\"4030\" data-col-size=\"sm\">Geaccumuleerde fout<\/td>\n<td data-start=\"4030\" data-end=\"4048\" data-col-size=\"sm\">0,003 \/ 400 mm<\/td>\n<\/tr>\n<tr data-start=\"4049\" data-end=\"4073\">\n<td data-start=\"4049\" data-end=\"4064\" data-col-size=\"sm\">Z1\/Z2 Reizen<\/td>\n<td data-start=\"4064\" data-end=\"4073\" data-col-size=\"sm\">13 mm<\/td>\n<\/tr>\n<tr data-start=\"4074\" data-end=\"4102\">\n<td data-start=\"4074\" data-end=\"4090\" data-col-size=\"sm\">Herhaalbaarheid<\/td>\n<td data-start=\"4090\" data-end=\"4102\" data-col-size=\"sm\">0,001 mm<\/td>\n<\/tr>\n<tr data-start=\"4103\" data-end=\"4133\">\n<td data-start=\"4103\" data-end=\"4120\" data-col-size=\"sm\">Theta-omwenteling<\/td>\n<td data-start=\"4120\" data-end=\"4133\" data-col-size=\"sm\">380\u00b0 \u00b1 5\u00b0<\/td>\n<\/tr>\n<tr data-start=\"4134\" data-end=\"4166\">\n<td data-start=\"4134\" data-end=\"4153\" data-col-size=\"sm\">Hoeknauwkeurigheid<\/td>\n<td data-start=\"4153\" data-end=\"4166\" data-col-size=\"sm\">1 boogseconde<\/td>\n<\/tr>\n<tr data-start=\"4167\" data-end=\"4220\">\n<td data-start=\"4167\" data-end=\"4194\" data-col-size=\"sm\">Microscoopvergroting<\/td>\n<td data-start=\"4194\" data-end=\"4220\" data-col-size=\"sm\">1,5\u00d7 (optioneel) \/ 0,8\u00d7<\/td>\n<\/tr>\n<tr data-start=\"4221\" data-end=\"4262\">\n<td data-start=\"4221\" data-end=\"4232\" data-col-size=\"sm\">Verlichting<\/td>\n<td data-start=\"4232\" data-end=\"4262\" data-col-size=\"sm\">Ringlicht + coaxiaal licht<\/td>\n<\/tr>\n<tr data-start=\"4263\" data-end=\"4298\">\n<td data-start=\"4263\" data-end=\"4287\" data-col-size=\"sm\">Max Werkstuk (Rond)<\/td>\n<td data-start=\"4287\" data-end=\"4298\" data-col-size=\"sm\">\u00d8300 mm<\/td>\n<\/tr>\n<tr data-start=\"4299\" data-end=\"4340\">\n<td data-start=\"4299\" data-end=\"4324\" data-col-size=\"sm\">Max. werkstuk (vierkant)<\/td>\n<td data-start=\"4324\" data-end=\"4340\" data-col-size=\"sm\">400 \u00d7 400 mm<\/td>\n<\/tr>\n<tr data-start=\"4341\" data-end=\"4389\">\n<td data-start=\"4341\" data-end=\"4364\" data-col-size=\"sm\">Machinegrootte (W\u00d7D\u00d7H)<\/td>\n<td data-start=\"4364\" data-end=\"4389\" data-col-size=\"sm\">1450 \u00d7 1250 \u00d7 1850 mm<\/td>\n<\/tr>\n<tr data-start=\"4390\" data-end=\"4410\">\n<td data-start=\"4390\" data-end=\"4399\" data-col-size=\"sm\">Gewicht<\/td>\n<td data-start=\"4399\" data-end=\"4410\" data-col-size=\"sm\">2000 kg<\/td>\n<\/tr>\n<\/tbody>\n<\/table>\n<\/div>\n<\/div>\n<h2 data-section-id=\"k0zlak\" data-start=\"4417\" data-end=\"4436\"><span role=\"text\">Toepassingen<\/span><\/h2>\n<p data-start=\"4438\" data-end=\"4562\">De HP-1201 wordt veel gebruikt in geavanceerde productieomgevingen waar zeer nauwkeurig snijden van grote of meerdere werkstukken vereist is:<\/p>\n<ul data-start=\"4564\" data-end=\"4795\">\n<li data-section-id=\"5cz68w\" data-start=\"4564\" data-end=\"4606\">Ontdoppen van halfgeleiderwafers (\u2264 12 inch)<\/li>\n<li data-section-id=\"vc4r2z\" data-start=\"4607\" data-end=\"4640\">Geavanceerde verpakkingssubstraten<\/li>\n<li data-section-id=\"c44nr\" data-start=\"4641\" data-end=\"4672\">Verpakking op panumniveau (PLP)<\/li>\n<li data-section-id=\"ar9gw\" data-start=\"4673\" data-end=\"4709\">LED en opto-elektronische materialen<\/li>\n<li data-section-id=\"1cw4nvq\" data-start=\"4710\" data-end=\"4748\">Keramische en harde brosse materialen<\/li>\n<li data-section-id=\"nh0qnc\" data-start=\"4749\" data-end=\"4795\">Multi-strip en batch snijtoepassingen<\/li>\n<\/ul>\n<p><img decoding=\"async\" class=\"wp-image-2150 size-large aligncenter\" src=\"https:\/\/www.zmsh-semitech.com\/wp-content\/uploads\/2026\/04\/APPLICATION2-1024x683.png\" alt=\"\" width=\"1024\" height=\"683\" srcset=\"https:\/\/www.zmsh-semitech.com\/wp-content\/uploads\/2026\/04\/APPLICATION2-1024x683.png 1024w, https:\/\/www.zmsh-semitech.com\/wp-content\/uploads\/2026\/04\/APPLICATION2-300x200.png 300w, https:\/\/www.zmsh-semitech.com\/wp-content\/uploads\/2026\/04\/APPLICATION2-768x512.png 768w, https:\/\/www.zmsh-semitech.com\/wp-content\/uploads\/2026\/04\/APPLICATION2-18x12.png 18w, https:\/\/www.zmsh-semitech.com\/wp-content\/uploads\/2026\/04\/APPLICATION2-600x400.png 600w, https:\/\/www.zmsh-semitech.com\/wp-content\/uploads\/2026\/04\/APPLICATION2.png 1536w\" sizes=\"(max-width: 1024px) 100vw, 1024px\" \/><\/p>\n<h2 data-section-id=\"p8uldy\" data-start=\"4802\" data-end=\"4824\"><span role=\"text\">Belangrijkste voordelen<\/span><\/h2>\n<h3 data-section-id=\"jjig1u\" data-start=\"4826\" data-end=\"4849\"><span role=\"text\">Hoge doorvoer<\/span><\/h3>\n<p data-start=\"4850\" data-end=\"4933\">De verwerking van meerdere stukken en het ontwerp met twee assen verhogen de productiviteit aanzienlijk.<\/p>\n<h3 data-section-id=\"1lkz33s\" data-start=\"4935\" data-end=\"4962\"><span role=\"text\">Flexibele verwerking<\/span><\/h3>\n<p data-start=\"4963\" data-end=\"5038\">Aanpasbare werktafel maakt verwerking van verschillende vormen en lay-outs mogelijk.<\/p>\n<h3 data-section-id=\"1s6s45v\" data-start=\"5040\" data-end=\"5069\"><span role=\"text\">Precisie en stabiliteit<\/span><\/h3>\n<p data-start=\"5070\" data-end=\"5156\">De portaalstructuur en het geavanceerde uitlijnsysteem garanderen een hoge nauwkeurigheid en herhaalbaarheid.<\/p>\n<h3 data-section-id=\"kl9wyi\" data-start=\"5158\" data-end=\"5181\"><span role=\"text\">Kosteneffici\u00ebntie<\/span><\/h3>\n<p data-start=\"5182\" data-end=\"5262\">Een kortere verwerkingstijd en een langere levensduur van de bladen verlagen de totale operationele kosten.<\/p>\n<h2 data-section-id=\"1nqqsko\" data-start=\"63\" data-end=\"102\"><span role=\"text\">Veelgestelde vragen (FAQ)<\/span><\/h2>\n<h3 data-section-id=\"1204f8i\" data-start=\"104\" data-end=\"177\"><span role=\"text\">1. Wat is de maximale werkstukgrootte die door de HP-1201 wordt ondersteund?<\/span><\/h3>\n<p data-start=\"178\" data-end=\"431\">De HP-1201 ondersteunt zowel wafersubstraten als substraten van groot formaat. Hij kan ronde wafers tot 12 inch (\u00d8300 mm) en vierkante werkstukken tot 400 \u00d7 400 mm verwerken. Dit maakt hem bijzonder geschikt voor geavanceerde verpakkingstoepassingen en toepassingen op paneelniveau.<\/p>\n<h3 data-section-id=\"xmgpor\" data-start=\"438\" data-end=\"521\"><span role=\"text\">2. Is de HP-1201 geschikt voor toepassingen waarbij meerdere stukken of stroken worden gesneden?<\/span><\/h3>\n<p data-start=\"522\" data-end=\"792\">Ja. De HP-1201 is specifiek geoptimaliseerd voor het snijden van meerdere stukken en stroken. Hij kan meerdere stroken in \u00e9\u00e9n cyclus verwerken, bijvoorbeeld tot 5 stroken van 250 mm \u00d7 70 mm, waardoor de verwerkingscapaciteit aanzienlijk wordt verbeterd en de verwerkingstijd bij batchproductie wordt verkort.<\/p>\n<h3 data-section-id=\"afviui\" data-start=\"799\" data-end=\"871\"><span role=\"text\">3. Hoe zorgt de machine voor snijprecisie en stabiliteit?<\/span><\/h3>\n<p data-start=\"872\" data-end=\"932\">De HP-1201 zorgt voor hoge precisie door een combinatie van:<\/p>\n<ul data-start=\"933\" data-end=\"1195\">\n<li data-section-id=\"333d9b\" data-start=\"933\" data-end=\"992\">Zeer stijve portaalstructuur voor stabiel gebruik<\/li>\n<li data-section-id=\"933urv\" data-start=\"993\" data-end=\"1061\">Systeem met dubbele microscoop voor nauwkeurige uitlijning en inspectie<\/li>\n<li data-section-id=\"119muuq\" data-start=\"1062\" data-end=\"1129\">Bewegingsbesturing met hoge resolutie (tot 0,0001 mm resolutie)<\/li>\n<li data-section-id=\"1kcuul9\" data-start=\"1130\" data-end=\"1195\">Configuratie met twee assen voor gebalanceerd en effici\u00ebnt zagen<\/li>\n<\/ul>\n<p data-start=\"1197\" data-end=\"1334\">Deze eigenschappen zorgen samen voor een consistente zaagkwaliteit, minimale verspaning en betrouwbare prestaties bij veeleisende toepassingen.<\/p>","protected":false},"excerpt":{"rendered":"<p>De HP-1201 automatische ontkistingsmachine is een oplossing met hoge prestaties die specifiek ontworpen is voor substraten met groot formaat en toepassingen voor het snijden van meerdere stukken. Het systeem is ontworpen om te voldoen aan de evoluerende eisen van geavanceerde halfgeleiderverpakking en substraatverwerking en ondersteunt zowel wafer dicing (tot 12 inch) als werkstukken met een groot oppervlak tot 400 \u00d7 400 mm.<\/p>","protected":false},"featured_media":2151,"comment_status":"open","ping_status":"closed","template":"","meta":{"site-sidebar-layout":"default","site-content-layout":"","ast-site-content-layout":"default","site-content-style":"default","site-sidebar-style":"default","ast-global-header-display":"","ast-banner-title-visibility":"","ast-main-header-display":"","ast-hfb-above-header-display":"","ast-hfb-below-header-display":"","ast-hfb-mobile-header-display":"","site-post-title":"","ast-breadcrumbs-content":"","ast-featured-img":"","footer-sml-layout":"","ast-disable-related-posts":"","theme-transparent-header-meta":"default","adv-header-id-meta":"","stick-header-meta":"default","header-above-stick-meta":"","header-main-stick-meta":"","header-below-stick-meta":"","astra-migrate-meta-layouts":"set","ast-page-background-enabled":"default","ast-page-background-meta":{"desktop":{"background-color":"var(--ast-global-color-4)","background-image":"","background-repeat":"repeat","background-position":"center center","background-size":"auto","background-attachment":"scroll","background-type":"","background-media":"","overlay-type":"","overlay-color":"","overlay-opacity":"","overlay-gradient":""},"tablet":{"background-color":"","background-image":"","background-repeat":"repeat","background-position":"center center","background-size":"auto","background-attachment":"scroll","background-type":"","background-media":"","overlay-type":"","overlay-color":"","overlay-opacity":"","overlay-gradient":""},"mobile":{"background-color":"","background-image":"","background-repeat":"repeat","background-position":"center center","background-size":"auto","background-attachment":"scroll","background-type":"","background-media":"","overlay-type":"","overlay-color":"","overlay-opacity":"","overlay-gradient":""}},"ast-content-background-meta":{"desktop":{"background-color":"var(--ast-global-color-5)","background-image":"","background-repeat":"repeat","background-position":"center center","background-size":"auto","background-attachment":"scroll","background-type":"","background-media":"","overlay-type":"","overlay-color":"","overlay-opacity":"","overlay-gradient":""},"tablet":{"background-color":"var(--ast-global-color-5)","background-image":"","background-repeat":"repeat","background-position":"center center","background-size":"auto","background-attachment":"scroll","background-type":"","background-media":"","overlay-type":"","overlay-color":"","overlay-opacity":"","overlay-gradient":""},"mobile":{"background-color":"var(--ast-global-color-5)","background-image":"","background-repeat":"repeat","background-position":"center center","background-size":"auto","background-attachment":"scroll","background-type":"","background-media":"","overlay-type":"","overlay-color":"","overlay-opacity":"","overlay-gradient":""}}},"product_brand":[],"product_cat":[878],"product_tag":[897,898,891,896,895,894,893,694,475,890,892,889],"class_list":{"0":"post-2149","1":"product","2":"type-product","3":"status-publish","4":"has-post-thumbnail","6":"product_cat-dicing-equipment","7":"product_tag-ceramic-substrate-machining","8":"product_tag-dual-spindle-dicing","9":"product_tag-ic-chip-singulation","10":"product_tag-led-chip-processing","11":"product_tag-mems-fabrication","12":"product_tag-multi-strip-cutting","13":"product_tag-panel-level-packaging","14":"product_tag-precision-microfabrication","15":"product_tag-semiconductor-manufacturing","16":"product_tag-silicon-wafer-processing","17":"product_tag-substrate-cutting","18":"product_tag-wafer-dicing","19":"desktop-align-left","20":"tablet-align-left","21":"mobile-align-left","22":"ast-product-gallery-layout-horizontal-slider","23":"ast-product-gallery-with-no-image","24":"ast-product-tabs-layout-horizontal","26":"first","27":"instock","28":"shipping-taxable","29":"product-type-simple"},"_links":{"self":[{"href":"https:\/\/www.zmsh-semitech.com\/nl\/wp-json\/wp\/v2\/product\/2149","targetHints":{"allow":["GET"]}}],"collection":[{"href":"https:\/\/www.zmsh-semitech.com\/nl\/wp-json\/wp\/v2\/product"}],"about":[{"href":"https:\/\/www.zmsh-semitech.com\/nl\/wp-json\/wp\/v2\/types\/product"}],"replies":[{"embeddable":true,"href":"https:\/\/www.zmsh-semitech.com\/nl\/wp-json\/wp\/v2\/comments?post=2149"}],"version-history":[{"count":2,"href":"https:\/\/www.zmsh-semitech.com\/nl\/wp-json\/wp\/v2\/product\/2149\/revisions"}],"predecessor-version":[{"id":2153,"href":"https:\/\/www.zmsh-semitech.com\/nl\/wp-json\/wp\/v2\/product\/2149\/revisions\/2153"}],"wp:featuredmedia":[{"embeddable":true,"href":"https:\/\/www.zmsh-semitech.com\/nl\/wp-json\/wp\/v2\/media\/2151"}],"wp:attachment":[{"href":"https:\/\/www.zmsh-semitech.com\/nl\/wp-json\/wp\/v2\/media?parent=2149"}],"wp:term":[{"taxonomy":"product_brand","embeddable":true,"href":"https:\/\/www.zmsh-semitech.com\/nl\/wp-json\/wp\/v2\/product_brand?post=2149"},{"taxonomy":"product_cat","embeddable":true,"href":"https:\/\/www.zmsh-semitech.com\/nl\/wp-json\/wp\/v2\/product_cat?post=2149"},{"taxonomy":"product_tag","embeddable":true,"href":"https:\/\/www.zmsh-semitech.com\/nl\/wp-json\/wp\/v2\/product_tag?post=2149"}],"curies":[{"name":"wp","href":"https:\/\/api.w.org\/{rel}","templated":true}]}}