{"id":2143,"date":"2026-04-09T07:00:47","date_gmt":"2026-04-09T07:00:47","guid":{"rendered":"https:\/\/www.zmsh-semitech.com\/?post_type=product&#038;p=2143"},"modified":"2026-04-09T07:03:21","modified_gmt":"2026-04-09T07:03:21","slug":"high-precision-12-inch-wafer-dicing-solution-for-advanced-semiconductor-processing","status":"publish","type":"product","link":"https:\/\/www.zmsh-semitech.com\/nl\/product\/high-precision-12-inch-wafer-dicing-solution-for-advanced-semiconductor-processing\/","title":{"rendered":"Zeer nauwkeurige 12-inch Wafer Dicing-oplossing voor geavanceerde halfgeleiderverwerking"},"content":{"rendered":"<p data-start=\"245\" data-end=\"627\"><img fetchpriority=\"high\" decoding=\"async\" class=\"size-medium wp-image-2144 alignright\" src=\"https:\/\/www.zmsh-semitech.com\/wp-content\/uploads\/2026\/04\/High-Precision-12-inch-Wafer-Dicing-Solution-for-Advanced-Semiconductor-Processing2-300x300.png\" alt=\"\" width=\"300\" height=\"300\" srcset=\"https:\/\/www.zmsh-semitech.com\/wp-content\/uploads\/2026\/04\/High-Precision-12-inch-Wafer-Dicing-Solution-for-Advanced-Semiconductor-Processing2-300x300.png 300w, https:\/\/www.zmsh-semitech.com\/wp-content\/uploads\/2026\/04\/High-Precision-12-inch-Wafer-Dicing-Solution-for-Advanced-Semiconductor-Processing2-150x150.png 150w, https:\/\/www.zmsh-semitech.com\/wp-content\/uploads\/2026\/04\/High-Precision-12-inch-Wafer-Dicing-Solution-for-Advanced-Semiconductor-Processing2-768x768.png 768w, https:\/\/www.zmsh-semitech.com\/wp-content\/uploads\/2026\/04\/High-Precision-12-inch-Wafer-Dicing-Solution-for-Advanced-Semiconductor-Processing2-12x12.png 12w, https:\/\/www.zmsh-semitech.com\/wp-content\/uploads\/2026\/04\/High-Precision-12-inch-Wafer-Dicing-Solution-for-Advanced-Semiconductor-Processing2-600x600.png 600w, https:\/\/www.zmsh-semitech.com\/wp-content\/uploads\/2026\/04\/High-Precision-12-inch-Wafer-Dicing-Solution-for-Advanced-Semiconductor-Processing2-100x100.png 100w, https:\/\/www.zmsh-semitech.com\/wp-content\/uploads\/2026\/04\/High-Precision-12-inch-Wafer-Dicing-Solution-for-Advanced-Semiconductor-Processing2.png 1000w\" sizes=\"(max-width: 300px) 100vw, 300px\" \/>De HP-1221 volautomatische wafer dicing machine is een zeer effici\u00ebnte, precisie ontworpen oplossing voor halfgeleider wafer singulatieprocessen. Dit systeem ondersteunt wafers tot 300 mm (12 inch) en integreert geavanceerde automatisering, snijtechnologie met twee assen en intelligente uitlijnsystemen om een superieure snijnauwkeurigheid, verwerkingscapaciteit en consistentie te leveren.<\/p>\n<p data-start=\"629\" data-end=\"943\">De HP-1221 is ontworpen voor moderne halfgeleiderproductieomgevingen en maakt een volledig geautomatiseerde workflow mogelijk, van het laden en uitlijnen van de wafer tot het nauwkeurig snijden in blokjes, gevolgd door ge\u00efntegreerd reinigen en drogen. Dit vermindert handmatige interventie aanzienlijk, verbetert de opbrengst en zorgt voor herhaalbare processtabiliteit.<\/p>\n<p data-start=\"945\" data-end=\"1134\">Met zijn compacte voetafdruk en robuuste constructie is de HP-1221 geschikt voor zowel hoogvolume productielijnen als gespecialiseerde toepassingen die een hoge precisie en betrouwbaarheid vereisen.<\/p>\n<h2 data-section-id=\"1j5qwet\" data-start=\"1141\" data-end=\"1160\"><span role=\"text\">Belangrijkste kenmerken<\/span><\/h2>\n<h3 data-section-id=\"9cqnah\" data-start=\"1162\" data-end=\"1223\"><span role=\"text\">1. Dubbele as tegengestelde structuur voor hoog rendement<\/span><\/h3>\n<p data-start=\"1224\" data-end=\"1549\">De machine maakt gebruik van een geavanceerde configuratie met twee tegengestelde spindels. Door de afstand tussen de twee spindels te verkleinen, minimaliseert het systeem de stationaire beweging en verbetert het de snijeffici\u00ebntie aanzienlijk. Dit ontwerp maakt continue werking mogelijk en verkort de cyclustijd, waardoor het ideaal is voor productieomgevingen met een hoge doorvoer.<\/p>\n<h3 data-section-id=\"eul68q\" data-start=\"1551\" data-end=\"1596\"><span role=\"text\">2. Volledig geautomatiseerd ge\u00efntegreerd proces<\/span><\/h3>\n<p data-start=\"1597\" data-end=\"1658\">De HP-1221 ondersteunt een volledig geautomatiseerd proces, inclusief:<\/p>\n<ul data-start=\"1659\" data-end=\"1796\">\n<li data-section-id=\"aswsbm\" data-start=\"1659\" data-end=\"1700\">Automatisch laden en ontladen van wafers<\/li>\n<li data-section-id=\"pbe6aq\" data-start=\"1701\" data-end=\"1729\">Uitlijning met hoge precisie<\/li>\n<li data-section-id=\"1mrcdix\" data-start=\"1730\" data-end=\"1761\">Gecontroleerde snijbewerking<\/li>\n<li data-section-id=\"n3oef2\" data-start=\"1762\" data-end=\"1796\">Ge\u00efntegreerd reinigen en drogen<\/li>\n<\/ul>\n<p data-start=\"1798\" data-end=\"1916\">Deze mate van automatisering verhoogt niet alleen de productiviteit, maar vermindert ook de afhankelijkheid van de operator en door mensen veroorzaakte fouten.<\/p>\n<h3 data-section-id=\"lxacqp\" data-start=\"1918\" data-end=\"1975\"><span role=\"text\">3. Uitlijn- en inspectiesysteem met hoge precisie<\/span><\/h3>\n<p data-start=\"1976\" data-end=\"2071\">Het systeem is uitgerust met een dubbele microscoopconfiguratie (hoge en lage vergroting):<\/p>\n<ul data-start=\"2072\" data-end=\"2185\">\n<li data-section-id=\"9rivzh\" data-start=\"2072\" data-end=\"2109\">Snel en nauwkeurig wafers uitlijnen<\/li>\n<li data-section-id=\"1dbri94\" data-start=\"2110\" data-end=\"2149\">Real-time snijpadverificatie<\/li>\n<li data-section-id=\"pu471d\" data-start=\"2150\" data-end=\"2185\">Inspectie van kerven met hoge resolutie<\/li>\n<\/ul>\n<p data-start=\"2187\" data-end=\"2332\">Deze eigenschap is cruciaal voor het handhaven van nauwe toleranties en het garanderen van een consistente snijkwaliteit, vooral voor geavanceerde halfgeleiderapparaten.<\/p>\n<h3 data-section-id=\"6vpx24\" data-start=\"2334\" data-end=\"2385\"><span role=\"text\">4. Sub-C\/T geassisteerde bladverzorgingsfunctie<\/span><\/h3>\n<p data-start=\"2386\" data-end=\"2506\">De ge\u00efntegreerde Sub-C\/T messenschoonmaakfunctie helpt om de messen tijdens het gebruik optimaal scherp te houden. Dit resulteert in:<\/p>\n<ul data-start=\"2507\" data-end=\"2605\">\n<li data-section-id=\"sjm708\" data-start=\"2507\" data-end=\"2543\">Verbeterde kwaliteit van het snijoppervlak<\/li>\n<li data-section-id=\"1iinss9\" data-start=\"2544\" data-end=\"2581\">Minder afschilfering en microscheurtjes<\/li>\n<li data-section-id=\"yt2sjr\" data-start=\"2582\" data-end=\"2605\">Langere levensduur van het blad<\/li>\n<\/ul>\n<p data-start=\"2607\" data-end=\"2688\">Uiteindelijk draagt dit bij aan lagere operationele kosten en een hogere productopbrengst.<\/p>\n<h3 data-section-id=\"ga4x9p\" data-start=\"2690\" data-end=\"2735\"><span role=\"text\">5. Optioneel reinigingspijpje met twee vloeistoffen<\/span><\/h3>\n<p data-start=\"2736\" data-end=\"2999\">Een optionele lucht-water sproeier met twee vloeistoffen kan ge\u00efnstalleerd worden bij het snijgebied om de reinigingsprestaties na het snijden te verbeteren. Dit zorgt voor een effectieve verwijdering van debris en deeltjes, waardoor de wafer schoner wordt en het risico op besmetting in downstreamprocessen afneemt.<\/p>\n<h2 data-section-id=\"id1bjs\" data-start=\"3006\" data-end=\"3037\"><span role=\"text\">Technische specificaties<\/span><\/h2>\n<div class=\"TyagGW_tableContainer\">\n<div class=\"group TyagGW_tableWrapper flex flex-col-reverse w-fit\" tabindex=\"-1\">\n<table class=\"w-fit min-w-(--thread-content-width)\" data-start=\"3039\" data-end=\"3439\">\n<thead data-start=\"3039\" data-end=\"3076\">\n<tr data-start=\"3039\" data-end=\"3076\">\n<th class=\"\" data-start=\"3039\" data-end=\"3055\" data-col-size=\"sm\">Parameter<\/th>\n<th class=\"\" data-start=\"3055\" data-end=\"3076\" data-col-size=\"md\">Specificatie<\/th>\n<\/tr>\n<\/thead>\n<tbody data-start=\"3113\" data-end=\"3439\">\n<tr data-start=\"3113\" data-end=\"3183\">\n<td data-start=\"3113\" data-end=\"3137\" data-col-size=\"sm\">Spindelvermogen\/snelheid<\/td>\n<td data-col-size=\"md\" data-start=\"3137\" data-end=\"3183\">1,8 kW \/ 2,2 kW (optioneel), 6000-60000 tpm<\/td>\n<\/tr>\n<tr data-start=\"3184\" data-end=\"3210\">\n<td data-start=\"3184\" data-end=\"3198\" data-col-size=\"sm\">Flensmaat<\/td>\n<td data-start=\"3198\" data-end=\"3210\" data-col-size=\"md\">2 inches<\/td>\n<\/tr>\n<tr data-start=\"3211\" data-end=\"3280\">\n<td data-start=\"3211\" data-end=\"3236\" data-col-size=\"sm\">Maximale werkstukgrootte<\/td>\n<td data-col-size=\"md\" data-start=\"3236\" data-end=\"3280\">Rond: \u00d8300 mm \/ Vierkant: 254 mm \u00d7 254 mm<\/td>\n<\/tr>\n<tr data-start=\"3281\" data-end=\"3374\">\n<td data-start=\"3281\" data-end=\"3308\" data-col-size=\"sm\">Microscoopconfiguratie<\/td>\n<td data-col-size=\"md\" data-start=\"3308\" data-end=\"3374\">Hoge vergroting: 7,5\u00d7 \/ Lage vergroting: 0,75\u00d7 (optioneel)<\/td>\n<\/tr>\n<tr data-start=\"3375\" data-end=\"3439\">\n<td data-start=\"3375\" data-end=\"3408\" data-col-size=\"sm\">Machine Afmetingen (B \u00d7 D \u00d7 H)<\/td>\n<td data-col-size=\"md\" data-start=\"3408\" data-end=\"3439\">1285 mm \u00d7 1590 mm \u00d7 1860 mm<\/td>\n<\/tr>\n<\/tbody>\n<\/table>\n<\/div>\n<\/div>\n<h2 data-section-id=\"k0zlak\" data-start=\"3446\" data-end=\"3465\"><span role=\"text\">Toepassingen<\/span><\/h2>\n<p data-start=\"3467\" data-end=\"3597\">De HP-1221 is ontworpen om te voldoen aan de hoge eisen van verschillende halfgeleider- en geavanceerde materiaaltoepassingen, waaronder:<\/p>\n<ul data-start=\"3599\" data-end=\"3832\">\n<li data-section-id=\"18mr094\" data-start=\"3599\" data-end=\"3653\">Silicium wafer dicing voor ge\u00efntegreerde schakelingen (IC's)<\/li>\n<li data-section-id=\"dejbgx\" data-start=\"3654\" data-end=\"3704\">Bewerking van wafers van voedingsapparaten (bijv. SiC, GaN)<\/li>\n<li data-section-id=\"haep52\" data-start=\"3705\" data-end=\"3732\">Fabricage van MEMS-apparaten<\/li>\n<li data-section-id=\"3caph5\" data-start=\"3733\" data-end=\"3773\">LED en opto-elektronische wafers snijden<\/li>\n<li data-section-id=\"d7piqk\" data-start=\"3774\" data-end=\"3832\">Geavanceerd verpakken en verpakkingsprocessen op waferniveau<\/li>\n<\/ul>\n<p data-start=\"3834\" data-end=\"3945\">De compatibiliteit met wafers tot 12 inch maakt het geschikt voor zowel volwassen als geavanceerde fabricageknooppunten.<\/p>\n<p data-start=\"3834\" data-end=\"3945\"><img decoding=\"async\" class=\"wp-image-2146 size-large aligncenter\" src=\"https:\/\/www.zmsh-semitech.com\/wp-content\/uploads\/2026\/04\/applications-1024x683.png\" alt=\"\" width=\"1024\" height=\"683\" srcset=\"https:\/\/www.zmsh-semitech.com\/wp-content\/uploads\/2026\/04\/applications-1024x683.png 1024w, https:\/\/www.zmsh-semitech.com\/wp-content\/uploads\/2026\/04\/applications-300x200.png 300w, https:\/\/www.zmsh-semitech.com\/wp-content\/uploads\/2026\/04\/applications-768x512.png 768w, https:\/\/www.zmsh-semitech.com\/wp-content\/uploads\/2026\/04\/applications-18x12.png 18w, https:\/\/www.zmsh-semitech.com\/wp-content\/uploads\/2026\/04\/applications-600x400.png 600w, https:\/\/www.zmsh-semitech.com\/wp-content\/uploads\/2026\/04\/applications.png 1536w\" sizes=\"(max-width: 1024px) 100vw, 1024px\" \/><\/p>\n<h2 data-section-id=\"dfn86d\" data-start=\"3952\" data-end=\"3981\"><span role=\"text\">Prestatievoordelen<\/span><\/h2>\n<h3 data-section-id=\"4ffxha\" data-start=\"3983\" data-end=\"4021\"><span role=\"text\">Verbeterde opbrengst en betrouwbaarheid<\/span><\/h3>\n<p data-start=\"4022\" data-end=\"4180\">Nauwkeurige uitlijning en stabiele spindelprestaties zorgen voor minimale randafbrokkeling en hoogwaardige snijoppervlakken, wat direct bijdraagt aan een hoger rendement van de machine.<\/p>\n<h3 data-section-id=\"jjig1u\" data-start=\"4182\" data-end=\"4205\"><span role=\"text\">Hoge doorvoer<\/span><\/h3>\n<p data-start=\"4206\" data-end=\"4360\">Het ontwerp met dubbele spindel en de kortere cyclustijd zorgen voor een snellere verwerking zonder afbreuk te doen aan de nauwkeurigheid, waardoor het systeem ideaal is voor grootschalige productie.<\/p>\n<h3 data-section-id=\"19co6zs\" data-start=\"4362\" data-end=\"4387\"><span role=\"text\">Processtabiliteit<\/span><\/h3>\n<p data-start=\"4388\" data-end=\"4552\">Ge\u00efntegreerde automatisering en intelligente besturingssystemen zorgen voor consistente prestaties gedurende lange productiecycli, waardoor de variabiliteit afneemt en de herhaalbaarheid verbetert.<\/p>\n<h3 data-section-id=\"kl9wyi\" data-start=\"4554\" data-end=\"4577\"><span role=\"text\">Kosteneffici\u00ebntie<\/span><\/h3>\n<p data-start=\"4578\" data-end=\"4719\">Functies zoals bladreiniging en effici\u00ebnte reiniging verminderen het verbruik van verbruiksartikelen en de onderhoudsfrequentie, waardoor de totale operationele kosten dalen.<\/p>\n<h2 data-section-id=\"1a9ho2z\" data-start=\"4726\" data-end=\"4751\"><span role=\"text\">Waarom kiezen voor HP-1221<\/span><\/h2>\n<p data-start=\"4753\" data-end=\"4851\">De HP-1221 onderscheidt zich als een betrouwbare en schaalbare wafer dicing oplossing voor fabrikanten die op zoek zijn naar:<\/p>\n<ul data-start=\"4852\" data-end=\"5032\">\n<li data-section-id=\"1ti9b6v\" data-start=\"4852\" data-end=\"4891\">Hoge precisie bij het samentrekken van wafers<\/li>\n<li data-section-id=\"1dl33s4\" data-start=\"4892\" data-end=\"4937\">Geautomatiseerde, operator-onafhankelijke processen<\/li>\n<li data-section-id=\"yvb4oy\" data-start=\"4938\" data-end=\"4979\">Compatibiliteit met geavanceerde materialen<\/li>\n<li data-section-id=\"w5xhf\" data-start=\"4980\" data-end=\"5032\">Kosteneffici\u00ebntie en stabiele prestaties op lange termijn<\/li>\n<\/ul>\n<p data-start=\"5034\" data-end=\"5181\">De combinatie van geavanceerde techniek, automatisering en gebruikersgericht ontwerp maakt het een waardevolle toevoeging aan elke productielijn voor halfgeleiders.<\/p>\n<h2 data-section-id=\"1nqqsko\" data-start=\"72\" data-end=\"111\"><span role=\"text\"><strong data-start=\"75\" data-end=\"111\">FAQ<\/strong><\/span><\/h2>\n<h3 data-section-id=\"qm5bkh\" data-start=\"113\" data-end=\"171\"><span role=\"text\"><strong data-start=\"117\" data-end=\"169\">1. Welke soorten wafers kan de HP-1221 verwerken?<\/strong><\/span><\/h3>\n<p data-start=\"172\" data-end=\"419\">De HP-1221 is ontworpen om een breed scala aan wafermaterialen te verwerken die gebruikt worden bij de productie van halfgeleiders en geavanceerde elektronica. Hieronder vallen silicium (Si), siliciumcarbide (SiC), galliumnitride (GaN) en andere samengestelde halfgeleidermaterialen.<\/p>\n<p data-start=\"421\" data-end=\"640\">Met zijn hoge spindelsnelheid (tot 60.000 tpm) en stabiele snijprestaties is het systeem in staat om zowel standaard als harde, brosse materialen te bewerken met behoud van een uitstekende randkwaliteit en minimale verspaning.<\/p>\n<h3 data-section-id=\"ojbbsf\" data-start=\"647\" data-end=\"723\"><span role=\"text\"><strong data-start=\"651\" data-end=\"721\">2. Hoe verbetert het dubbele spindelsysteem de productie-effici\u00ebntie?<\/strong><\/span><\/h3>\n<p data-start=\"724\" data-end=\"950\">De tegengestelde dubbele spindelstructuur vermindert niet-productieve bewegingen tijdens het werk aanzienlijk. Door de afstand tussen de snijassen te minimaliseren, kan het systeem snellere overgangen en continue snijbewerkingen uitvoeren.<\/p>\n<p data-start=\"952\" data-end=\"968\">Dit resulteert in:<\/p>\n<ul data-start=\"969\" data-end=\"1049\">\n<li data-section-id=\"37o5kr\" data-start=\"969\" data-end=\"992\">Kortere cyclustijden<\/li>\n<li data-section-id=\"r0gau3\" data-start=\"993\" data-end=\"1014\">Hogere doorvoer<\/li>\n<li data-section-id=\"38pfee\" data-start=\"1015\" data-end=\"1049\">Verbeterde benutting van apparatuur<\/li>\n<\/ul>\n<p data-start=\"1051\" data-end=\"1174\">Vergeleken met systemen met \u00e9\u00e9n as biedt de HP-1221 een effici\u00ebntere oplossing voor wafer dicing-toepassingen met hoge volumes.<\/p>\n<h3 data-section-id=\"1t8g62q\" data-start=\"1181\" data-end=\"1251\"><span role=\"text\"><strong data-start=\"1185\" data-end=\"1249\">3. Hoe zorgt de machine voor snijprecisie en -kwaliteit?<\/strong><\/span><\/h3>\n<p data-start=\"1252\" data-end=\"1343\">De HP-1221 integreert meerdere functies om precisie en consistentie te garanderen, waaronder:<\/p>\n<ul data-start=\"1344\" data-end=\"1622\">\n<li data-section-id=\"1tq730p\" data-start=\"1344\" data-end=\"1418\">Dubbel-microscoopsysteem voor nauwkeurige uitlijning en realtime inspectie<\/li>\n<li data-section-id=\"ks50qq\" data-start=\"1419\" data-end=\"1475\">Snelle, trillingsarme spindel voor stabiel zagen<\/li>\n<li data-section-id=\"f0nbeh\" data-start=\"1476\" data-end=\"1539\">Sub-C\/T mes dressing functie om het mes scherp te houden<\/li>\n<li data-section-id=\"1yz5992\" data-start=\"1540\" data-end=\"1622\">Optioneel reinigingssysteem met twee vloeistoffen om vuil te verwijderen en verontreiniging te voorkomen<\/li>\n<\/ul>\n<p data-start=\"1624\" data-end=\"1797\">Deze gecombineerde technologie\u00ebn zorgen voor strakke toleranties, zuivere kerflijnen en een hoge herhaalbaarheid, die essentieel zijn voor het behoud van de opbrengst bij de productie van halfgeleiders.<\/p>","protected":false},"excerpt":{"rendered":"<p>De HP-1221 volautomatische wafer dicing machine is een zeer effici\u00ebnte, precisie ontworpen oplossing voor halfgeleider wafer singulatieprocessen. Dit systeem ondersteunt wafers tot 300 mm (12 inch) en integreert geavanceerde automatisering, snijtechnologie met twee assen en intelligente uitlijnsystemen om een superieure snijnauwkeurigheid, verwerkingscapaciteit en consistentie te leveren.<\/p>","protected":false},"featured_media":2144,"comment_status":"open","ping_status":"closed","template":"","meta":{"site-sidebar-layout":"default","site-content-layout":"","ast-site-content-layout":"default","site-content-style":"default","site-sidebar-style":"default","ast-global-header-display":"","ast-banner-title-visibility":"","ast-main-header-display":"","ast-hfb-above-header-display":"","ast-hfb-below-header-display":"","ast-hfb-mobile-header-display":"","site-post-title":"","ast-breadcrumbs-content":"","ast-featured-img":"","footer-sml-layout":"","ast-disable-related-posts":"","theme-transparent-header-meta":"default","adv-header-id-meta":"","stick-header-meta":"default","header-above-stick-meta":"","header-main-stick-meta":"","header-below-stick-meta":"","astra-migrate-meta-layouts":"set","ast-page-background-enabled":"default","ast-page-background-meta":{"desktop":{"background-color":"var(--ast-global-color-4)","background-image":"","background-repeat":"repeat","background-position":"center center","background-size":"auto","background-attachment":"scroll","background-type":"","background-media":"","overlay-type":"","overlay-color":"","overlay-opacity":"","overlay-gradient":""},"tablet":{"background-color":"","background-image":"","background-repeat":"repeat","background-position":"center center","background-size":"auto","background-attachment":"scroll","background-type":"","background-media":"","overlay-type":"","overlay-color":"","overlay-opacity":"","overlay-gradient":""},"mobile":{"background-color":"","background-image":"","background-repeat":"repeat","background-position":"center center","background-size":"auto","background-attachment":"scroll","background-type":"","background-media":"","overlay-type":"","overlay-color":"","overlay-opacity":"","overlay-gradient":""}},"ast-content-background-meta":{"desktop":{"background-color":"var(--ast-global-color-5)","background-image":"","background-repeat":"repeat","background-position":"center center","background-size":"auto","background-attachment":"scroll","background-type":"","background-media":"","overlay-type":"","overlay-color":"","overlay-opacity":"","overlay-gradient":""},"tablet":{"background-color":"var(--ast-global-color-5)","background-image":"","background-repeat":"repeat","background-position":"center center","background-size":"auto","background-attachment":"scroll","background-type":"","background-media":"","overlay-type":"","overlay-color":"","overlay-opacity":"","overlay-gradient":""},"mobile":{"background-color":"var(--ast-global-color-5)","background-image":"","background-repeat":"repeat","background-position":"center center","background-size":"auto","background-attachment":"scroll","background-type":"","background-media":"","overlay-type":"","overlay-color":"","overlay-opacity":"","overlay-gradient":""}}},"product_brand":[],"product_cat":[878],"product_tag":[541,888,882,880,440,883,887,885,447,881,739,683,884,879,886],"class_list":{"0":"post-2143","1":"product","2":"type-product","3":"status-publish","4":"has-post-thumbnail","6":"product_cat-dicing-equipment","7":"product_tag-12-inch-wafer-cutting","8":"product_tag-blade-dicing-machine","9":"product_tag-dual-spindle-dicing-saw","10":"product_tag-fully-automatic-dicing-machine","11":"product_tag-gan-wafer-cutting","12":"product_tag-high-precision-wafer-dicing","13":"product_tag-ic-wafer-singulation","14":"product_tag-led-wafer-cutting","15":"product_tag-mems-wafer-dicing","16":"product_tag-semiconductor-dicing-equipment","17":"product_tag-semiconductor-manufacturing-equipment","18":"product_tag-sic-wafer-dicing","19":"product_tag-silicon-wafer-cutting","20":"product_tag-wafer-dicing-machine","21":"product_tag-wafer-level-packaging-dicing","22":"desktop-align-left","23":"tablet-align-left","24":"mobile-align-left","25":"ast-product-gallery-layout-horizontal-slider","26":"ast-product-tabs-layout-horizontal","28":"first","29":"instock","30":"shipping-taxable","31":"product-type-simple"},"_links":{"self":[{"href":"https:\/\/www.zmsh-semitech.com\/nl\/wp-json\/wp\/v2\/product\/2143","targetHints":{"allow":["GET"]}}],"collection":[{"href":"https:\/\/www.zmsh-semitech.com\/nl\/wp-json\/wp\/v2\/product"}],"about":[{"href":"https:\/\/www.zmsh-semitech.com\/nl\/wp-json\/wp\/v2\/types\/product"}],"replies":[{"embeddable":true,"href":"https:\/\/www.zmsh-semitech.com\/nl\/wp-json\/wp\/v2\/comments?post=2143"}],"version-history":[{"count":2,"href":"https:\/\/www.zmsh-semitech.com\/nl\/wp-json\/wp\/v2\/product\/2143\/revisions"}],"predecessor-version":[{"id":2148,"href":"https:\/\/www.zmsh-semitech.com\/nl\/wp-json\/wp\/v2\/product\/2143\/revisions\/2148"}],"wp:featuredmedia":[{"embeddable":true,"href":"https:\/\/www.zmsh-semitech.com\/nl\/wp-json\/wp\/v2\/media\/2144"}],"wp:attachment":[{"href":"https:\/\/www.zmsh-semitech.com\/nl\/wp-json\/wp\/v2\/media?parent=2143"}],"wp:term":[{"taxonomy":"product_brand","embeddable":true,"href":"https:\/\/www.zmsh-semitech.com\/nl\/wp-json\/wp\/v2\/product_brand?post=2143"},{"taxonomy":"product_cat","embeddable":true,"href":"https:\/\/www.zmsh-semitech.com\/nl\/wp-json\/wp\/v2\/product_cat?post=2143"},{"taxonomy":"product_tag","embeddable":true,"href":"https:\/\/www.zmsh-semitech.com\/nl\/wp-json\/wp\/v2\/product_tag?post=2143"}],"curies":[{"name":"wp","href":"https:\/\/api.w.org\/{rel}","templated":true}]}}