{"id":2354,"date":"2026-04-22T06:34:59","date_gmt":"2026-04-22T06:34:59","guid":{"rendered":"https:\/\/www.zmsh-semitech.com\/?post_type=product&#038;p=2354"},"modified":"2026-04-22T07:16:34","modified_gmt":"2026-04-22T07:16:34","slug":"ai300-medium-beam-high-temperature-ion-implantation-system-for-12-inch-wafer-processing","status":"publish","type":"product","link":"https:\/\/www.zmsh-semitech.com\/it\/product\/ai300-medium-beam-high-temperature-ion-implantation-system-for-12-inch-wafer-processing\/","title":{"rendered":"Sistema di impianto ionico ad alta temperatura Ai300 (fascio medio) per la lavorazione di wafer da 12 pollici"},"content":{"rendered":"<p data-start=\"228\" data-end=\"538\"><img fetchpriority=\"high\" decoding=\"async\" class=\"alignright wp-image-2357 size-medium\" src=\"https:\/\/www.zmsh-semitech.com\/wp-content\/uploads\/2026\/04\/AI300-300x300.png\" alt=\"Sistema di impianto ionico ad alta temperatura Ai300 (fascio medio) per la lavorazione di wafer da 12 pollici\" width=\"300\" height=\"300\" srcset=\"https:\/\/www.zmsh-semitech.com\/wp-content\/uploads\/2026\/04\/AI300-300x300.png 300w, https:\/\/www.zmsh-semitech.com\/wp-content\/uploads\/2026\/04\/AI300-150x150.png 150w, https:\/\/www.zmsh-semitech.com\/wp-content\/uploads\/2026\/04\/AI300-768x768.png 768w, https:\/\/www.zmsh-semitech.com\/wp-content\/uploads\/2026\/04\/AI300-12x12.png 12w, https:\/\/www.zmsh-semitech.com\/wp-content\/uploads\/2026\/04\/AI300-600x600.png 600w, https:\/\/www.zmsh-semitech.com\/wp-content\/uploads\/2026\/04\/AI300-100x100.png 100w, https:\/\/www.zmsh-semitech.com\/wp-content\/uploads\/2026\/04\/AI300.png 1000w\" sizes=\"(max-width: 300px) 100vw, 300px\" \/>Il sistema di impiantazione ionica ad alta temperatura Ai300 (Medium Beam) \u00e8 progettato per linee di produzione di wafer di silicio da 12 pollici. Si tratta di un implanter ionico a media corrente sviluppato per processi di drogaggio avanzati in applicazioni di semiconduttori a base di silicio e a largo bandgap, comprese le linee di processo SiC.<\/p>\n<p data-start=\"540\" data-end=\"872\">Il sistema supporta una gamma di energie da 5 keV a 300 keV, consentendo un impianto flessibile dalla formazione di giunzioni poco profonde alle applicazioni di drogaggio profondo. \u00c8 dotato di uno stadio per wafer riscaldato ad alta temperatura con una temperatura massima di 400\u00b0C, che consente una migliore attivazione del drogante e una riduzione del danno reticolare durante l'impianto.<\/p>\n<p data-start=\"874\" data-end=\"1076\">Grazie alle prestazioni stabili del fascio, al controllo di alta precisione e alla compatibilit\u00e0 con i processi di circuiti integrati su larga scala, il sistema Ai300 \u00e8 adatto agli ambienti avanzati di produzione dei semiconduttori.<\/p>\n<hr data-start=\"1078\" data-end=\"1081\" \/>\n<h2 data-section-id=\"1d7mrtu\" data-start=\"1083\" data-end=\"1094\">Caratteristiche<\/h2>\n<h3 data-section-id=\"1oge1av\" data-start=\"1096\" data-end=\"1135\">Capacit\u00e0 di impianto ad alta temperatura<\/h3>\n<p data-start=\"1136\" data-end=\"1272\">Dotato di uno stadio wafer riscaldato che supporta temperature fino a 400\u00b0C, migliorando la qualit\u00e0 dell'impianto e l'efficienza di attivazione del drogante.<\/p>\n<h3 data-section-id=\"ox5pwk\" data-start=\"1274\" data-end=\"1295\">Ampia gamma di energia<\/h3>\n<p data-start=\"1296\" data-end=\"1407\">L'intervallo di energia di 5-300 keV supporta processi di impiantazione sia superficiali che profondi per strutture di dispositivi avanzati.<\/p>\n<h3 data-section-id=\"1czdwpe\" data-start=\"1409\" data-end=\"1440\">Controllo del fascio ad alta precisione<\/h3>\n<p data-start=\"1441\" data-end=\"1574\">Fornisce un impianto di alta precisione con accuratezza angolare \u2264 0,1\u00b0, parallelismo del fascio \u2264 0,1\u00b0, uniformit\u00e0 \u2264 0,5% e ripetibilit\u00e0 \u2264 0,5%.<\/p>\n<h3 data-section-id=\"1q1uyu2\" data-start=\"1576\" data-end=\"1607\">Prestazioni ad alto rendimento<\/h3>\n<p data-start=\"1608\" data-end=\"1710\">Supporta una produttivit\u00e0 fino a \u2265 500 wafer all'ora, adatta alla produzione di semiconduttori in grandi volumi.<\/p>\n<h3 data-section-id=\"1h8myql\" data-start=\"1712\" data-end=\"1746\">Capacit\u00e0 di sorgente ionica avanzata<\/h3>\n<p data-start=\"1747\" data-end=\"1869\">Supporta pi\u00f9 elementi impiantati, tra cui C, B, P, N, He e Ar, soddisfacendo i diversi requisiti di processo dei semiconduttori.<\/p>\n<h3 data-section-id=\"1bq068l\" data-start=\"1871\" data-end=\"1900\">Compatibilit\u00e0 del processo LSI<\/h3>\n<p data-start=\"1901\" data-end=\"2010\">Completamente compatibile con i processi di produzione di circuiti integrati su larga scala e con la fabbricazione di dispositivi avanzati.<\/p>\n<p data-start=\"1901\" data-end=\"2010\"><img decoding=\"async\" class=\"alignnone size-medium wp-image-2368\" src=\"https:\/\/www.zmsh-semitech.com\/wp-content\/uploads\/2026\/04\/Annular-Implantation-1-267x300.webp\" alt=\"\" width=\"267\" height=\"300\" srcset=\"https:\/\/www.zmsh-semitech.com\/wp-content\/uploads\/2026\/04\/Annular-Implantation-1-267x300.webp 267w, https:\/\/www.zmsh-semitech.com\/wp-content\/uploads\/2026\/04\/Annular-Implantation-1-11x12.webp 11w, https:\/\/www.zmsh-semitech.com\/wp-content\/uploads\/2026\/04\/Annular-Implantation-1.webp 462w\" sizes=\"(max-width: 267px) 100vw, 267px\" \/> <img decoding=\"async\" class=\"alignnone size-medium wp-image-2369\" src=\"https:\/\/www.zmsh-semitech.com\/wp-content\/uploads\/2026\/04\/Quadrant-Implantation-1-291x300.webp\" alt=\"\" width=\"291\" height=\"300\" srcset=\"https:\/\/www.zmsh-semitech.com\/wp-content\/uploads\/2026\/04\/Quadrant-Implantation-1-291x300.webp 291w, https:\/\/www.zmsh-semitech.com\/wp-content\/uploads\/2026\/04\/Quadrant-Implantation-1-12x12.webp 12w, https:\/\/www.zmsh-semitech.com\/wp-content\/uploads\/2026\/04\/Quadrant-Implantation-1.webp 499w\" sizes=\"(max-width: 291px) 100vw, 291px\" \/><\/p>\n<hr data-start=\"2012\" data-end=\"2015\" \/>\n<h2 data-section-id=\"rkota4\" data-start=\"2017\" data-end=\"2038\">Specifiche principali<\/h2>\n<h3 data-section-id=\"rc5knr\" data-start=\"2040\" data-end=\"2062\">Parametri di processo<\/h3>\n<div class=\"TyagGW_tableContainer\">\n<div class=\"group TyagGW_tableWrapper flex flex-col-reverse w-fit\" tabindex=\"-1\">\n<table class=\"w-fit min-w-(--thread-content-width)\" data-start=\"2064\" data-end=\"2246\">\n<thead data-start=\"2064\" data-end=\"2088\">\n<tr data-start=\"2064\" data-end=\"2088\">\n<th class=\"\" data-start=\"2064\" data-end=\"2071\" data-col-size=\"sm\">Articolo<\/th>\n<th class=\"\" data-start=\"2071\" data-end=\"2088\" data-col-size=\"sm\">Specifiche<\/th>\n<\/tr>\n<\/thead>\n<tbody data-start=\"2113\" data-end=\"2246\">\n<tr data-start=\"2113\" data-end=\"2137\">\n<td data-start=\"2113\" data-end=\"2126\" data-col-size=\"sm\">Dimensione del wafer<\/td>\n<td data-col-size=\"sm\" data-start=\"2126\" data-end=\"2137\">12 pollici<\/td>\n<\/tr>\n<tr data-start=\"2138\" data-end=\"2166\">\n<td data-start=\"2138\" data-end=\"2153\" data-col-size=\"sm\">Gamma energetica<\/td>\n<td data-col-size=\"sm\" data-start=\"2153\" data-end=\"2166\">5-300 keV<\/td>\n<\/tr>\n<tr data-start=\"2167\" data-end=\"2210\">\n<td data-start=\"2167\" data-end=\"2188\" data-col-size=\"sm\">Elementi impiantati<\/td>\n<td data-col-size=\"sm\" data-start=\"2188\" data-end=\"2210\">C, B, P, N, He, Ar<\/td>\n<\/tr>\n<tr data-start=\"2211\" data-end=\"2246\">\n<td data-start=\"2211\" data-end=\"2224\" data-col-size=\"sm\">Intervallo di dose<\/td>\n<td data-col-size=\"sm\" data-start=\"2224\" data-end=\"2246\">1E11-1E16 ioni\/cm\u00b2<\/td>\n<\/tr>\n<\/tbody>\n<\/table>\n<\/div>\n<\/div>\n<h3 data-section-id=\"h0mtjp\" data-start=\"2253\" data-end=\"2273\">Prestazioni del fascio<\/h3>\n<div class=\"TyagGW_tableContainer\">\n<div class=\"group TyagGW_tableWrapper flex flex-col-reverse w-fit\" tabindex=\"-1\">\n<table class=\"w-fit min-w-(--thread-content-width)\" data-start=\"2275\" data-end=\"2429\">\n<thead data-start=\"2275\" data-end=\"2299\">\n<tr data-start=\"2275\" data-end=\"2299\">\n<th class=\"\" data-start=\"2275\" data-end=\"2282\" data-col-size=\"sm\">Articolo<\/th>\n<th class=\"\" data-start=\"2282\" data-end=\"2299\" data-col-size=\"md\">Specifiche<\/th>\n<\/tr>\n<\/thead>\n<tbody data-start=\"2324\" data-end=\"2429\">\n<tr data-start=\"2324\" data-end=\"2399\">\n<td data-start=\"2324\" data-end=\"2341\" data-col-size=\"sm\">Stabilit\u00e0 della trave<\/td>\n<td data-col-size=\"md\" data-start=\"2341\" data-end=\"2399\">\u2264 10% \/ ora (\u22641 interruzione del fascio o arco elettrico all'ora)<\/td>\n<\/tr>\n<tr data-start=\"2400\" data-end=\"2429\">\n<td data-start=\"2400\" data-end=\"2419\" data-col-size=\"sm\">Parallelismo del fascio<\/td>\n<td data-col-size=\"md\" data-start=\"2419\" data-end=\"2429\">\u2264 0.1\u00b0<\/td>\n<\/tr>\n<\/tbody>\n<\/table>\n<\/div>\n<\/div>\n<h3 data-section-id=\"ieoahx\" data-start=\"2436\" data-end=\"2461\">Accuratezza dell'impianto<\/h3>\n<div class=\"TyagGW_tableContainer\">\n<div class=\"group TyagGW_tableWrapper flex flex-col-reverse w-fit\" tabindex=\"-1\">\n<table class=\"w-fit min-w-(--thread-content-width)\" data-start=\"2463\" data-end=\"2653\">\n<thead data-start=\"2463\" data-end=\"2487\">\n<tr data-start=\"2463\" data-end=\"2487\">\n<th class=\"\" data-start=\"2463\" data-end=\"2470\" data-col-size=\"sm\">Articolo<\/th>\n<th class=\"\" data-start=\"2470\" data-end=\"2487\" data-col-size=\"sm\">Specifiche<\/th>\n<\/tr>\n<\/thead>\n<tbody data-start=\"2512\" data-end=\"2653\">\n<tr data-start=\"2512\" data-end=\"2544\">\n<td data-start=\"2512\" data-end=\"2534\" data-col-size=\"sm\">Gamma dell'angolo dell'impianto<\/td>\n<td data-col-size=\"sm\" data-start=\"2534\" data-end=\"2544\">0\u00b0-45\u00b0<\/td>\n<\/tr>\n<tr data-start=\"2545\" data-end=\"2572\">\n<td data-start=\"2545\" data-end=\"2562\" data-col-size=\"sm\">Precisione dell'angolo<\/td>\n<td data-col-size=\"sm\" data-start=\"2562\" data-end=\"2572\">\u2264 0.1\u00b0<\/td>\n<\/tr>\n<tr data-start=\"2573\" data-end=\"2621\">\n<td data-start=\"2573\" data-end=\"2591\" data-col-size=\"sm\">Uniformit\u00e0 (1\u03c3)<\/td>\n<td data-col-size=\"sm\" data-start=\"2591\" data-end=\"2621\">\u2264 0,5% (P+, 1E14, 100 keV)<\/td>\n<\/tr>\n<tr data-start=\"2622\" data-end=\"2653\">\n<td data-start=\"2622\" data-end=\"2643\" data-col-size=\"sm\">Ripetibilit\u00e0 (1\u03c3)<\/td>\n<td data-col-size=\"sm\" data-start=\"2643\" data-end=\"2653\">\u2264 0,5%<\/td>\n<\/tr>\n<\/tbody>\n<\/table>\n<\/div>\n<\/div>\n<h3 data-section-id=\"1i84h7f\" data-start=\"2660\" data-end=\"2682\">Prestazioni del sistema<\/h3>\n<div class=\"TyagGW_tableContainer\">\n<div class=\"group TyagGW_tableWrapper flex flex-col-reverse w-fit\" tabindex=\"-1\">\n<table class=\"w-fit min-w-(--thread-content-width)\" data-start=\"2684\" data-end=\"3000\">\n<thead data-start=\"2684\" data-end=\"2708\">\n<tr data-start=\"2684\" data-end=\"2708\">\n<th class=\"\" data-start=\"2684\" data-end=\"2691\" data-col-size=\"sm\">Articolo<\/th>\n<th class=\"\" data-start=\"2691\" data-end=\"2708\" data-col-size=\"md\">Specifiche<\/th>\n<\/tr>\n<\/thead>\n<tbody data-start=\"2733\" data-end=\"3000\">\n<tr data-start=\"2733\" data-end=\"2771\">\n<td data-start=\"2733\" data-end=\"2746\" data-col-size=\"sm\">Produttivit\u00e0<\/td>\n<td data-col-size=\"md\" data-start=\"2746\" data-end=\"2771\">\u2265 500 wafer all'ora<\/td>\n<\/tr>\n<tr data-start=\"2772\" data-end=\"2811\">\n<td data-start=\"2772\" data-end=\"2802\" data-col-size=\"sm\">Temperatura massima dell'impianto<\/td>\n<td data-col-size=\"md\" data-start=\"2802\" data-end=\"2811\">400\u00b0C<\/td>\n<\/tr>\n<tr data-start=\"2812\" data-end=\"2854\">\n<td data-start=\"2812\" data-end=\"2829\" data-col-size=\"sm\">Dimensioni dell'apparecchiatura<\/td>\n<td data-col-size=\"md\" data-start=\"2829\" data-end=\"2854\">6400 \u00d7 3640 \u00d7 3100 mm<\/td>\n<\/tr>\n<tr data-start=\"2855\" data-end=\"2883\">\n<td data-start=\"2855\" data-end=\"2870\" data-col-size=\"sm\">Livello di vuoto<\/td>\n<td data-col-size=\"md\" data-start=\"2870\" data-end=\"2883\">5E-7 Torr<\/td>\n<\/tr>\n<tr data-start=\"2884\" data-end=\"2915\">\n<td data-start=\"2884\" data-end=\"2900\" data-col-size=\"sm\">Perdita di raggi X<\/td>\n<td data-col-size=\"md\" data-start=\"2900\" data-end=\"2915\">\u2264 0,3 \u03bcSv\/h<\/td>\n<\/tr>\n<tr data-start=\"2916\" data-end=\"3000\">\n<td data-start=\"2916\" data-end=\"2932\" data-col-size=\"sm\">Modalit\u00e0 di scansione<\/td>\n<td data-col-size=\"md\" data-start=\"2932\" data-end=\"3000\">Scansione elettrostatica orizzontale + scansione meccanica verticale<\/td>\n<\/tr>\n<\/tbody>\n<\/table>\n<\/div>\n<\/div>\n<hr data-start=\"3002\" data-end=\"3005\" \/>\n<h2 data-section-id=\"1nd7jny\" data-start=\"3007\" data-end=\"3028\">Campi di applicazione<\/h2>\n<h3 data-section-id=\"1xxdh4v\" data-start=\"3030\" data-end=\"3062\">Lavorazione dei semiconduttori SiC<\/h3>\n<p data-start=\"3063\" data-end=\"3194\">Utilizzato nella fabbricazione di dispositivi in carburo di silicio, a supporto dei processi di impiantazione ad alta temperatura richiesti per i materiali ad ampio bandgap.<\/p>\n<h3 data-section-id=\"kkfbvw\" data-start=\"3196\" data-end=\"3241\">Produzione di semiconduttori a base di silicio<\/h3>\n<p data-start=\"3242\" data-end=\"3348\">Applicabile alle linee di produzione di wafer di silicio da 12 pollici per la fabbricazione di circuiti integrati CMOS e avanzati.<\/p>\n<h3 data-section-id=\"c3blgn\" data-start=\"3350\" data-end=\"3393\">Processi di impianto ad alta temperatura<\/h3>\n<p data-start=\"3394\" data-end=\"3511\">Supporta i processi di impiantazione che richiedono una temperatura elevata del wafer per ridurre i difetti e migliorare l'attivazione del drogante.<\/p>\n<h3 data-section-id=\"2m28ht\" data-start=\"3513\" data-end=\"3541\">Fabbricazione di dispositivi di potenza<\/h3>\n<p data-start=\"3542\" data-end=\"3646\">Adatto per i dispositivi a semiconduttore di potenza che richiedono un drogaggio preciso e un impianto ad alta energia.<\/p>\n<h3 data-section-id=\"10yv1en\" data-start=\"3648\" data-end=\"3690\">Produzione avanzata di circuiti integrati<\/h3>\n<p data-start=\"3691\" data-end=\"3777\">Supporta l'integrazione di processi LSI con requisiti di alta precisione e alta produttivit\u00e0.<\/p>\n<hr data-start=\"3779\" data-end=\"3782\" \/>\n<h2 data-section-id=\"1r8frcv\" data-start=\"3784\" data-end=\"3813\">Domande frequenti<\/h2>\n<h3 data-section-id=\"hl3b9g\" data-start=\"3815\" data-end=\"3867\">1. Quali dimensioni di wafer supporta il sistema Ai300?<\/h3>\n<p data-start=\"3868\" data-end=\"3981\">Il sistema \u00e8 progettato per wafer di silicio da 12 pollici ed \u00e8 adatto a linee di produzione di semiconduttori avanzate.<\/p>\n<h3 data-section-id=\"gygi37\" data-start=\"3983\" data-end=\"4063\">2. Qual \u00e8 il vantaggio principale della capacit\u00e0 di impianto ad alta temperatura?<\/h3>\n<p data-start=\"4064\" data-end=\"4211\">Il sistema supporta l'impiantazione fino a 400\u00b0C, il che contribuisce a ridurre i danni al reticolo, a migliorare l'attivazione del drogante e a migliorare le prestazioni complessive del dispositivo.<\/p>\n<h3 data-section-id=\"13ypcut\" data-start=\"4213\" data-end=\"4293\">3. Quale livello di precisione e di efficienza produttiva offre il sistema?<\/h3>\n<p data-start=\"4294\" data-end=\"4481\">Il sistema offre una precisione angolare di 0,1 gradi, un parallelismo del fascio di 0,1 gradi e un'uniformit\u00e0 e ripetibilit\u00e0 dello 0,5%, con una produttivit\u00e0 fino a 500 wafer all'ora.<\/p>","protected":false},"excerpt":{"rendered":"<p>Il sistema di impiantazione ionica ad alta temperatura Ai300 (Medium Beam) \u00e8 progettato per linee di produzione di wafer di silicio da 12 pollici. Si tratta di un implanter ionico a media corrente sviluppato per processi di drogaggio avanzati in applicazioni di semiconduttori a base di silicio e a largo bandgap, comprese le linee di processo SiC.<\/p>","protected":false},"featured_media":2357,"comment_status":"open","ping_status":"closed","template":"","meta":{"site-sidebar-layout":"default","site-content-layout":"","ast-site-content-layout":"default","site-content-style":"default","site-sidebar-style":"default","ast-global-header-display":"","ast-banner-title-visibility":"","ast-main-header-display":"","ast-hfb-above-header-display":"","ast-hfb-below-header-display":"","ast-hfb-mobile-header-display":"","site-post-title":"","ast-breadcrumbs-content":"","ast-featured-img":"","footer-sml-layout":"","ast-disable-related-posts":"","theme-transparent-header-meta":"default","adv-header-id-meta":"","stick-header-meta":"default","header-above-stick-meta":"","header-main-stick-meta":"","header-below-stick-meta":"","astra-migrate-meta-layouts":"set","ast-page-background-enabled":"default","ast-page-background-meta":{"desktop":{"background-color":"var(--ast-global-color-4)","background-image":"","background-repeat":"repeat","background-position":"center center","background-size":"auto","background-attachment":"scroll","background-type":"","background-media":"","overlay-type":"","overlay-color":"","overlay-opacity":"","overlay-gradient":""},"tablet":{"background-color":"","background-image":"","background-repeat":"repeat","background-position":"center center","background-size":"auto","background-attachment":"scroll","background-type":"","background-media":"","overlay-type":"","overlay-color":"","overlay-opacity":"","overlay-gradient":""},"mobile":{"background-color":"","background-image":"","background-repeat":"repeat","background-position":"center center","background-size":"auto","background-attachment":"scroll","background-type":"","background-media":"","overlay-type":"","overlay-color":"","overlay-opacity":"","overlay-gradient":""}},"ast-content-background-meta":{"desktop":{"background-color":"var(--ast-global-color-5)","background-image":"","background-repeat":"repeat","background-position":"center center","background-size":"auto","background-attachment":"scroll","background-type":"","background-media":"","overlay-type":"","overlay-color":"","overlay-opacity":"","overlay-gradient":""},"tablet":{"background-color":"var(--ast-global-color-5)","background-image":"","background-repeat":"repeat","background-position":"center center","background-size":"auto","background-attachment":"scroll","background-type":"","background-media":"","overlay-type":"","overlay-color":"","overlay-opacity":"","overlay-gradient":""},"mobile":{"background-color":"var(--ast-global-color-5)","background-image":"","background-repeat":"repeat","background-position":"center center","background-size":"auto","background-attachment":"scroll","background-type":"","background-media":"","overlay-type":"","overlay-color":"","overlay-opacity":"","overlay-gradient":""}}},"product_brand":[],"product_cat":[1177],"product_tag":[1160,1194,1178,1181,1186,1197,1196,1185,1195,1198],"class_list":{"0":"post-2354","1":"product","2":"type-product","3":"status-publish","4":"has-post-thumbnail","6":"product_cat-ion-implantation-equipment","7":"product_tag-12-inch-wafer-equipment","8":"product_tag-high-temperature-ion-implantation","9":"product_tag-ion-implantation-system","10":"product_tag-lsi-manufacturing-equipment","11":"product_tag-medium-beam-ion-implanter","12":"product_tag-power-semiconductor-processing","13":"product_tag-semiconductor-doping-machine","14":"product_tag-semiconductor-fabrication-equipment","15":"product_tag-sic-implantation-equipment","16":"product_tag-wide-bandgap-semiconductor-equipment","17":"desktop-align-left","18":"tablet-align-left","19":"mobile-align-left","20":"ast-product-gallery-layout-horizontal-slider","21":"ast-product-gallery-with-no-image","22":"ast-product-tabs-layout-horizontal","24":"first","25":"instock","26":"shipping-taxable","27":"product-type-simple"},"_links":{"self":[{"href":"https:\/\/www.zmsh-semitech.com\/it\/wp-json\/wp\/v2\/product\/2354","targetHints":{"allow":["GET"]}}],"collection":[{"href":"https:\/\/www.zmsh-semitech.com\/it\/wp-json\/wp\/v2\/product"}],"about":[{"href":"https:\/\/www.zmsh-semitech.com\/it\/wp-json\/wp\/v2\/types\/product"}],"replies":[{"embeddable":true,"href":"https:\/\/www.zmsh-semitech.com\/it\/wp-json\/wp\/v2\/comments?post=2354"}],"version-history":[{"count":5,"href":"https:\/\/www.zmsh-semitech.com\/it\/wp-json\/wp\/v2\/product\/2354\/revisions"}],"predecessor-version":[{"id":2370,"href":"https:\/\/www.zmsh-semitech.com\/it\/wp-json\/wp\/v2\/product\/2354\/revisions\/2370"}],"wp:featuredmedia":[{"embeddable":true,"href":"https:\/\/www.zmsh-semitech.com\/it\/wp-json\/wp\/v2\/media\/2357"}],"wp:attachment":[{"href":"https:\/\/www.zmsh-semitech.com\/it\/wp-json\/wp\/v2\/media?parent=2354"}],"wp:term":[{"taxonomy":"product_brand","embeddable":true,"href":"https:\/\/www.zmsh-semitech.com\/it\/wp-json\/wp\/v2\/product_brand?post=2354"},{"taxonomy":"product_cat","embeddable":true,"href":"https:\/\/www.zmsh-semitech.com\/it\/wp-json\/wp\/v2\/product_cat?post=2354"},{"taxonomy":"product_tag","embeddable":true,"href":"https:\/\/www.zmsh-semitech.com\/it\/wp-json\/wp\/v2\/product_tag?post=2354"}],"curies":[{"name":"wp","href":"https:\/\/api.w.org\/{rel}","templated":true}]}}