{"id":2342,"date":"2026-04-22T05:35:46","date_gmt":"2026-04-22T05:35:46","guid":{"rendered":"https:\/\/www.zmsh-semitech.com\/?post_type=product&#038;p=2342"},"modified":"2026-04-22T07:27:32","modified_gmt":"2026-04-22T07:27:32","slug":"high-efficiency-ai80hchigh-beam-ion-implantation-equipment-for-advanced-silicon-wafer-doping","status":"publish","type":"product","link":"https:\/\/www.zmsh-semitech.com\/it\/product\/high-efficiency-ai80hchigh-beam-ion-implantation-equipment-for-advanced-silicon-wafer-doping\/","title":{"rendered":"Apparecchiatura di impianto ionico Ai80HC (High Beam) ad alta efficienza per la drogatura avanzata dei wafer di silicio"},"content":{"rendered":"<p data-start=\"153\" data-end=\"528\"><img fetchpriority=\"high\" decoding=\"async\" class=\"alignright wp-image-2343 size-medium\" src=\"https:\/\/www.zmsh-semitech.com\/wp-content\/uploads\/2026\/04\/AI80HC-300x300.png\" alt=\"Apparecchiatura di impianto ionico Ai80HC (High Beam) ad alta efficienza per la drogatura avanzata dei wafer di silicio\" width=\"300\" height=\"300\" srcset=\"https:\/\/www.zmsh-semitech.com\/wp-content\/uploads\/2026\/04\/AI80HC-300x300.png 300w, https:\/\/www.zmsh-semitech.com\/wp-content\/uploads\/2026\/04\/AI80HC-150x150.png 150w, https:\/\/www.zmsh-semitech.com\/wp-content\/uploads\/2026\/04\/AI80HC-768x768.png 768w, https:\/\/www.zmsh-semitech.com\/wp-content\/uploads\/2026\/04\/AI80HC-12x12.png 12w, https:\/\/www.zmsh-semitech.com\/wp-content\/uploads\/2026\/04\/AI80HC-600x600.png 600w, https:\/\/www.zmsh-semitech.com\/wp-content\/uploads\/2026\/04\/AI80HC-100x100.png 100w, https:\/\/www.zmsh-semitech.com\/wp-content\/uploads\/2026\/04\/AI80HC.png 1000w\" sizes=\"(max-width: 300px) 100vw, 300px\" \/>L'apparecchiatura di impiantazione ionica Ai80HC (High Beam) \u00e8 un implanter ionico ad alta corrente progettato specificamente per le linee di produzione di semiconduttori con wafer di silicio da 12 pollici. \u00c8 stato progettato per processi di drogaggio di precisione avanzati nella moderna produzione di circuiti integrati, offrendo prestazioni stabili del fascio, elevata ripetibilit\u00e0 del processo ed eccellente accuratezza del controllo della dose.<\/p>\n<p data-start=\"530\" data-end=\"891\">Il sistema opera in un ampio intervallo di energia da 0,5 keV a 80 keV, consentendo condizioni di impianto flessibili per l'ingegnerizzazione di giunzioni sia superficiali che di media profondit\u00e0. Supporta diverse specie di impianto, tra cui \u00b9\u00b9B\u207a, \u2074\u2079BF\u2082\u207a, \u00b3\u00b9P\u207a, \u2077\u2075As\u207a, \u00b9\u2074N\u207a e \u00b9H\u207a, rendendolo adatto a un'ampia gamma di processi di fabbricazione di dispositivi CMOS e logici avanzati.<\/p>\n<p data-start=\"893\" data-end=\"1243\">Con una gamma di angoli di impiantazione da 0\u00b0 a 45\u00b0 e un'elevata precisione angolare di \u2264 0,1\u00b0, il sistema assicura un controllo preciso della distribuzione del drogante e dell'ingegneria del profilo della giunzione. Grazie al parallelismo del fascio di \u2264 0,3\u00b0 e all'uniformit\u00e0 di \u2264 1% (1\u03c3), Ai80HC (High Beam) offre una stabilit\u00e0 di processo costante da wafer a wafer e all'interno del wafer.<\/p>\n<p data-start=\"1245\" data-end=\"1496\">Progettato per ambienti di produzione ad alta efficienza, il sistema raggiunge una produttivit\u00e0 di \u2265 200 wafer all'ora (WPH) mantenendo una rigorosa stabilit\u00e0 di processo, rendendolo adatto alle linee di produzione di semiconduttori avanzati compatibili con gli LSI.<\/p>\n<h2 data-section-id=\"12rj9ab\" data-start=\"1101\" data-end=\"1126\">Architettura del sistema<\/h2>\n<p data-start=\"1128\" data-end=\"1199\">L'Ai80HC adotta un progetto di linea di fascio maturo e affidabile, composto da:<\/p>\n<ul data-start=\"1201\" data-end=\"1436\">\n<li data-section-id=\"1kfcth9\" data-start=\"1201\" data-end=\"1215\">Sorgente ionica<\/li>\n<li data-section-id=\"1r1hm7c\" data-start=\"1216\" data-end=\"1237\">Sistema di estrazione<\/li>\n<li data-section-id=\"1twz66q\" data-start=\"1238\" data-end=\"1255\">Analizzatore di massa<\/li>\n<li data-section-id=\"ywuuxz\" data-start=\"1256\" data-end=\"1280\">Sistema di lenti magnetiche<\/li>\n<li data-section-id=\"1s57tik\" data-start=\"1281\" data-end=\"1302\">Tubo di accelerazione<\/li>\n<li data-section-id=\"pg1cgy\" data-start=\"1303\" data-end=\"1336\">Sistema di scansione elettrostatica<\/li>\n<li data-section-id=\"1iwk7km\" data-start=\"1337\" data-end=\"1367\">Lente sagomatrice a fascio parallelo<\/li>\n<li data-section-id=\"1cur4hx\" data-start=\"1368\" data-end=\"1401\">Camera di processo (stazione finale)<\/li>\n<li data-section-id=\"qtlnqu\" data-start=\"1402\" data-end=\"1436\">Sistema a cassetta\/caricatore di wafer<\/li>\n<\/ul>\n<p data-start=\"1438\" data-end=\"1458\">\u00c8 dotato di:<\/p>\n<ul data-start=\"1459\" data-end=\"1572\">\n<li data-section-id=\"1jzaueb\" data-start=\"1459\" data-end=\"1494\">Stadio mandrino per wafer elettrostatico<\/li>\n<li data-section-id=\"1s8wavu\" data-start=\"1495\" data-end=\"1530\">Tecnologia della sorgente ionica a lunga durata<\/li>\n<li data-section-id=\"6mih95\" data-start=\"1531\" data-end=\"1572\">Sistema di manipolazione dei wafer completamente automatizzato<\/li>\n<\/ul>\n<p data-start=\"1574\" data-end=\"1686\">Questa architettura garantisce un'elevata stabilit\u00e0 del fascio, una riduzione dei tempi di inattivit\u00e0 per la manutenzione e una migliore ripetibilit\u00e0 del processo.<\/p>\n<p data-start=\"1574\" data-end=\"1686\"><img decoding=\"async\" class=\"aligncenter wp-image-2371 size-large\" src=\"https:\/\/www.zmsh-semitech.com\/wp-content\/uploads\/2026\/04\/rs-1024x388.png\" alt=\"\" width=\"1024\" height=\"388\" srcset=\"https:\/\/www.zmsh-semitech.com\/wp-content\/uploads\/2026\/04\/rs-1024x388.png 1024w, https:\/\/www.zmsh-semitech.com\/wp-content\/uploads\/2026\/04\/rs-300x114.png 300w, https:\/\/www.zmsh-semitech.com\/wp-content\/uploads\/2026\/04\/rs-768x291.png 768w, https:\/\/www.zmsh-semitech.com\/wp-content\/uploads\/2026\/04\/rs-18x7.png 18w, https:\/\/www.zmsh-semitech.com\/wp-content\/uploads\/2026\/04\/rs-600x227.png 600w, https:\/\/www.zmsh-semitech.com\/wp-content\/uploads\/2026\/04\/rs.png 1216w\" sizes=\"(max-width: 1024px) 100vw, 1024px\" \/><\/p>\n<h2 data-section-id=\"106914\" data-start=\"1693\" data-end=\"1727\">Caratteristiche tecniche principali<\/h2>\n<table>\n<thead>\n<tr>\n<th>Articolo<\/th>\n<th>Specifiche<\/th>\n<\/tr>\n<\/thead>\n<tbody>\n<tr>\n<td>Dimensione del wafer<\/td>\n<td>12 pollici<\/td>\n<\/tr>\n<tr>\n<td>Gamma energetica<\/td>\n<td>0,5 - 80 keV<\/td>\n<\/tr>\n<tr>\n<td>Elementi impiantati<\/td>\n<td>\u00b9\u00b9B\u207a, \u2074\u2079BF\u2082\u207a, \u00b3\u00b9P\u207a, \u2077\u2075As\u207a, \u00b9\u2074N\u207a, \u00b9H\u207a<\/td>\n<\/tr>\n<tr>\n<td>Angolo dell'impianto<\/td>\n<td>0\u00b0 - 45\u00b0<\/td>\n<\/tr>\n<tr>\n<td>Precisione dell'angolo<\/td>\n<td>\u2264 0.1\u00b0<\/td>\n<\/tr>\n<tr>\n<td>Intervallo di dose<\/td>\n<td>5E11 - 1E17 ioni\/cm\u00b2<\/td>\n<\/tr>\n<tr>\n<td>Stabilit\u00e0 della trave<\/td>\n<td>\u2264 10% \/ ora (entro 60 minuti; interruzione del fascio e arco elettrico \u2264 1 volta)<\/td>\n<\/tr>\n<tr>\n<td>Parallelismo del fascio<\/td>\n<td>\u2264 0.3\u00b0<\/td>\n<\/tr>\n<tr>\n<td>Portata (WPH)<\/td>\n<td>\u2265 200 wafer\/ora<\/td>\n<\/tr>\n<tr>\n<td>Uniformit\u00e0 (1\u03c3)<\/td>\n<td>\u2264 1%<\/td>\n<\/tr>\n<tr>\n<td>Ripetibilit\u00e0 (1\u03c3)<\/td>\n<td>\u2264 1%<\/td>\n<\/tr>\n<tr>\n<td>Compatibilit\u00e0 dei processi<\/td>\n<td>Compatibile con il processo LSI<\/td>\n<\/tr>\n<\/tbody>\n<\/table>\n<h2 data-section-id=\"yb78ly\" data-start=\"2475\" data-end=\"2506\">Caratteristiche e vantaggi principali<\/h2>\n<h3 data-section-id=\"13hha2k\" data-start=\"2508\" data-end=\"2541\">1. Sistema di controllo intelligente<\/h3>\n<p data-start=\"2542\" data-end=\"2706\">Dotato di una piattaforma software intelligente e visualizzata, che consente un funzionamento semplificato, una rapida diagnosi dei guasti e un'elevata stabilit\u00e0 del sistema durante la produzione.<\/p>\n<h3 data-section-id=\"1cy4f9q\" data-start=\"2713\" data-end=\"2740\">2. Sorgente ionica a lunga durata<\/h3>\n<p data-start=\"2741\" data-end=\"2863\">Adotta un design avanzato della sorgente ionica con una durata di vita di \u2265500 ore, riducendo significativamente i tempi di inattivit\u00e0 e i costi di manutenzione.<\/p>\n<h3 data-section-id=\"4euk5j\" data-start=\"2870\" data-end=\"2903\">3. Capacit\u00e0 di diagnostica del fascio<\/h3>\n<p data-start=\"2904\" data-end=\"2988\">Sistema integrato di misurazione del profilo del fascio 2D, in grado di monitorare con precisione:<\/p>\n<ul data-start=\"2989\" data-end=\"3019\">\n<li data-section-id=\"1ct5xfp\" data-start=\"2989\" data-end=\"3003\">Larghezza del fascio<\/li>\n<li data-section-id=\"1vm2uvw\" data-start=\"3004\" data-end=\"3019\">Altezza del fascio<\/li>\n<\/ul>\n<p data-start=\"3021\" data-end=\"3092\">Questo migliora l'accuratezza dell'impianto e aumenta la ripetibilit\u00e0 del processo.<\/p>\n<h3 data-section-id=\"qq9ajq\" data-start=\"3099\" data-end=\"3132\">4. Alta efficienza produttiva<\/h3>\n<p data-start=\"3133\" data-end=\"3310\">L'Ai80HC offre prestazioni di throughput superiori di oltre 1,5 volte rispetto ai sistemi convenzionali, rendendolo adatto agli ambienti di produzione di semiconduttori ad alto volume.<\/p>\n<h3 data-section-id=\"1h2ge5m\" data-start=\"3317\" data-end=\"3357\">5. Funzione implantare avanzata<\/h3>\n<p data-start=\"3358\" data-end=\"3429\">Supporta l'impiantazione ionica modellata, consentendo la distribuzione della dose in:<\/p>\n<ul data-start=\"3430\" data-end=\"3488\">\n<li data-section-id=\"fqh2r6\" data-start=\"3430\" data-end=\"3450\">Regioni circolari<\/li>\n<li data-section-id=\"1aoby05\" data-start=\"3451\" data-end=\"3488\">Segmentazione dei wafer basata sui quadranti<\/li>\n<\/ul>\n<p data-start=\"3490\" data-end=\"3502\">Questo permette:<\/p>\n<ul data-start=\"3503\" data-end=\"3617\">\n<li data-section-id=\"chxy3y\" data-start=\"3503\" data-end=\"3552\">Condizioni di processo multiple su un singolo wafer<\/li>\n<li data-section-id=\"z1xkzj\" data-start=\"3553\" data-end=\"3589\">Riduzione dei costi di sviluppo del processo<\/li>\n<li data-section-id=\"15uh0gh\" data-start=\"3590\" data-end=\"3617\">Miglioramento dell'efficienza della R&amp;S<\/li>\n<\/ul>\n<p data-start=\"3619\" data-end=\"3780\">Esempio: Un singolo wafer pu\u00f2 ricevere simultaneamente quattro diverse condizioni di impianto in quattro quadranti, accelerando notevolmente l'ottimizzazione del processo.<\/p>\n<h2 data-section-id=\"18zz1hm\" data-start=\"3787\" data-end=\"3810\">Applicazione<\/h2>\n<ul data-start=\"3812\" data-end=\"4005\">\n<li data-section-id=\"16inq9u\" data-start=\"3812\" data-end=\"3839\">Fabbricazione di dispositivi CMOS<\/li>\n<li data-section-id=\"xjegvm\" data-start=\"3840\" data-end=\"3875\">Produzione di circuiti integrati logici avanzati<\/li>\n<li data-section-id=\"1xlm3tz\" data-start=\"3876\" data-end=\"3906\">Drogaggio dei semiconduttori di potenza<\/li>\n<li data-section-id=\"1ursyu4\" data-start=\"3907\" data-end=\"3959\">Linee pilota di ricerca e sviluppo per semiconduttori<\/li>\n<li data-section-id=\"1k6v1m6\" data-start=\"3960\" data-end=\"4005\">Produzione di circuiti integrati al silicio<\/li>\n<\/ul>\n<h2 data-section-id=\"1idaiwr\" data-start=\"58\" data-end=\"95\">Domande frequenti (FAQ)<\/h2>\n<h3 data-section-id=\"squ7m7\" data-start=\"97\" data-end=\"166\">1. Per quali dimensioni di wafer \u00e8 progettato il sistema Ai80HC (High Beam)?<\/h3>\n<p data-start=\"167\" data-end=\"381\">Il sistema di impiantazione ionica Ai80HC (High Beam) \u00e8 progettato per linee di produzione di wafer di silicio da 12 pollici, ed \u00e8 quindi adatto alla produzione avanzata di semiconduttori e alla fabbricazione di circuiti integrati in grandi quantit\u00e0.<\/p>\n<h3 data-section-id=\"foelcb\" data-start=\"388\" data-end=\"458\">2. Qual \u00e8 il range energetico e la capacit\u00e0 di processo di questo sistema?<\/h3>\n<p data-start=\"459\" data-end=\"716\">Il sistema opera in un intervallo di energia compreso tra 0,5 keV e 80 keV, supportando l'impiantazione a bassa e media profondit\u00e0. \u00c8 compatibile con i processi LSI, compresa la formazione di giunzioni poco profonde e l'ingegnerizzazione di source\/drain in strutture di dispositivi avanzati.<\/p>\n<h3 data-section-id=\"jluc3f\" data-start=\"723\" data-end=\"792\">3. Quale livello di precisione e stabilit\u00e0 offre il sistema?<\/h3>\n<p data-start=\"793\" data-end=\"850\">Ai80HC (High Beam) garantisce un'elevata coerenza di processo con:<\/p>\n<ul data-start=\"851\" data-end=\"965\">\n<li data-section-id=\"8ldlzj\" data-start=\"851\" data-end=\"878\">Precisione dell'angolo \u2264 0,1\u00b0<\/li>\n<li data-section-id=\"nyztaj\" data-start=\"879\" data-end=\"905\">Uniformit\u00e0 (1\u03c3) \u2264 1%<\/li>\n<li data-section-id=\"ai4v3y\" data-start=\"906\" data-end=\"935\">Ripetibilit\u00e0 (1\u03c3) \u2264 1%<\/li>\n<li data-section-id=\"1hjdqzq\" data-start=\"936\" data-end=\"965\">Parallelismo del fascio \u2264 0,3\u00b0<\/li>\n<\/ul>\n<p data-start=\"967\" data-end=\"1069\">Queste specifiche garantiscono prestazioni stabili da wafer a wafer e una produzione di semiconduttori ad alto rendimento.<\/p>","protected":false},"excerpt":{"rendered":"<p>Il sistema di impiantazione ionica della serie Ai80HC (High Beam) \u00e8 un implanter ionico ad alta corrente progettato specificamente per linee di produzione di semiconduttori con wafer di silicio da 12 pollici. \u00c8 stato progettato per processi di drogaggio di precisione avanzati nella moderna produzione di circuiti integrati, offrendo prestazioni stabili del fascio, elevata ripetibilit\u00e0 del processo ed eccellente accuratezza del controllo della dose.<\/p>","protected":false},"featured_media":2343,"comment_status":"open","ping_status":"closed","template":"","meta":{"site-sidebar-layout":"default","site-content-layout":"","ast-site-content-layout":"default","site-content-style":"default","site-sidebar-style":"default","ast-global-header-display":"","ast-banner-title-visibility":"","ast-main-header-display":"","ast-hfb-above-header-display":"","ast-hfb-below-header-display":"","ast-hfb-mobile-header-display":"","site-post-title":"","ast-breadcrumbs-content":"","ast-featured-img":"","footer-sml-layout":"","ast-disable-related-posts":"","theme-transparent-header-meta":"default","adv-header-id-meta":"","stick-header-meta":"default","header-above-stick-meta":"","header-main-stick-meta":"","header-below-stick-meta":"","astra-migrate-meta-layouts":"set","ast-page-background-enabled":"default","ast-page-background-meta":{"desktop":{"background-color":"var(--ast-global-color-4)","background-image":"","background-repeat":"repeat","background-position":"center center","background-size":"auto","background-attachment":"scroll","background-type":"","background-media":"","overlay-type":"","overlay-color":"","overlay-opacity":"","overlay-gradient":""},"tablet":{"background-color":"","background-image":"","background-repeat":"repeat","background-position":"center center","background-size":"auto","background-attachment":"scroll","background-type":"","background-media":"","overlay-type":"","overlay-color":"","overlay-opacity":"","overlay-gradient":""},"mobile":{"background-color":"","background-image":"","background-repeat":"repeat","background-position":"center center","background-size":"auto","background-attachment":"scroll","background-type":"","background-media":"","overlay-type":"","overlay-color":"","overlay-opacity":"","overlay-gradient":""}},"ast-content-background-meta":{"desktop":{"background-color":"var(--ast-global-color-5)","background-image":"","background-repeat":"repeat","background-position":"center center","background-size":"auto","background-attachment":"scroll","background-type":"","background-media":"","overlay-type":"","overlay-color":"","overlay-opacity":"","overlay-gradient":""},"tablet":{"background-color":"var(--ast-global-color-5)","background-image":"","background-repeat":"repeat","background-position":"center center","background-size":"auto","background-attachment":"scroll","background-type":"","background-media":"","overlay-type":"","overlay-color":"","overlay-opacity":"","overlay-gradient":""},"mobile":{"background-color":"var(--ast-global-color-5)","background-image":"","background-repeat":"repeat","background-position":"center center","background-size":"auto","background-attachment":"scroll","background-type":"","background-media":"","overlay-type":"","overlay-color":"","overlay-opacity":"","overlay-gradient":""}}},"product_brand":[],"product_cat":[1177],"product_tag":[1160,1183,1179,1182,1178,1181,1180,1185,1184,890],"class_list":{"0":"post-2342","1":"product","2":"type-product","3":"status-publish","4":"has-post-thumbnail","6":"product_cat-ion-implantation-equipment","7":"product_tag-12-inch-wafer-equipment","8":"product_tag-cmos-process-equipment","9":"product_tag-high-current-ion-implanter","10":"product_tag-ion-implantation-machine","11":"product_tag-ion-implantation-system","12":"product_tag-lsi-manufacturing-equipment","13":"product_tag-semiconductor-doping-equipment","14":"product_tag-semiconductor-fabrication-equipment","15":"product_tag-shallow-junction-implantation","16":"product_tag-silicon-wafer-processing","17":"desktop-align-left","18":"tablet-align-left","19":"mobile-align-left","20":"ast-product-gallery-layout-horizontal-slider","21":"ast-product-gallery-with-no-image","22":"ast-product-tabs-layout-horizontal","24":"first","25":"instock","26":"shipping-taxable","27":"product-type-simple"},"_links":{"self":[{"href":"https:\/\/www.zmsh-semitech.com\/it\/wp-json\/wp\/v2\/product\/2342","targetHints":{"allow":["GET"]}}],"collection":[{"href":"https:\/\/www.zmsh-semitech.com\/it\/wp-json\/wp\/v2\/product"}],"about":[{"href":"https:\/\/www.zmsh-semitech.com\/it\/wp-json\/wp\/v2\/types\/product"}],"replies":[{"embeddable":true,"href":"https:\/\/www.zmsh-semitech.com\/it\/wp-json\/wp\/v2\/comments?post=2342"}],"version-history":[{"count":4,"href":"https:\/\/www.zmsh-semitech.com\/it\/wp-json\/wp\/v2\/product\/2342\/revisions"}],"predecessor-version":[{"id":2376,"href":"https:\/\/www.zmsh-semitech.com\/it\/wp-json\/wp\/v2\/product\/2342\/revisions\/2376"}],"wp:featuredmedia":[{"embeddable":true,"href":"https:\/\/www.zmsh-semitech.com\/it\/wp-json\/wp\/v2\/media\/2343"}],"wp:attachment":[{"href":"https:\/\/www.zmsh-semitech.com\/it\/wp-json\/wp\/v2\/media?parent=2342"}],"wp:term":[{"taxonomy":"product_brand","embeddable":true,"href":"https:\/\/www.zmsh-semitech.com\/it\/wp-json\/wp\/v2\/product_brand?post=2342"},{"taxonomy":"product_cat","embeddable":true,"href":"https:\/\/www.zmsh-semitech.com\/it\/wp-json\/wp\/v2\/product_cat?post=2342"},{"taxonomy":"product_tag","embeddable":true,"href":"https:\/\/www.zmsh-semitech.com\/it\/wp-json\/wp\/v2\/product_tag?post=2342"}],"curies":[{"name":"wp","href":"https:\/\/api.w.org\/{rel}","templated":true}]}}