{"id":2253,"date":"2026-04-15T05:46:37","date_gmt":"2026-04-15T05:46:37","guid":{"rendered":"https:\/\/www.zmsh-semitech.com\/?post_type=product&#038;p=2253"},"modified":"2026-04-20T01:22:42","modified_gmt":"2026-04-20T01:22:42","slug":"2-inch-quartz-wafer-dsp-ssp-polished-substrate-for-mems-semiconductor-optical-use","status":"publish","type":"product","link":"https:\/\/www.zmsh-semitech.com\/it\/product\/2-inch-quartz-wafer-dsp-ssp-polished-substrate-for-mems-semiconductor-optical-use\/","title":{"rendered":"Substrato di quarzo da 2 pollici DSP\/SSP lucidato per MEMS, semiconduttori e uso ottico"},"content":{"rendered":"<h2 data-section-id=\"1bovg99\" data-start=\"217\" data-end=\"240\"><strong data-start=\"220\" data-end=\"240\">Panoramica del prodotto<\/strong><\/h2>\n<p data-start=\"242\" data-end=\"689\"><img fetchpriority=\"high\" decoding=\"async\" class=\"alignleft wp-image-2132 size-medium\" src=\"https:\/\/www.fuyao-quartz.com\/wp-content\/uploads\/2026\/03\/2-Inch-Quartz-Glass-Wafer-DSP-SSP-Diameter-50.8mm22-300x300.jpg\" alt=\"Substrato di quarzo da 2 pollici DSP\/SSP lucidato per MEMS, semiconduttori e uso ottico\" width=\"300\" height=\"300\" \/>Il wafer di quarzo da 2 pollici \u00e8 un substrato per semiconduttori realizzato in biossido di silicio (SiO\u2082) di elevata purezza. Raggiunge una planarit\u00e0 di livello micron grazie a tecniche di lavorazione di precisione come il taglio CNC e la lucidatura laser. Questi wafer sono conformi agli standard SEMI e supportano la personalizzazione delle dimensioni e dello spessore (tolleranza di \u00b10,02 mm), rendendoli adatti all'optoelettronica, ai MEMS (Sistemi Micro-Elettro-Meccanici) e al packaging dei semiconduttori.<\/p>\n<p data-start=\"691\" data-end=\"1119\">Fuyao offre una produzione personalizzata per geometrie non standard, comprese forme libere, spessori graduati e trattamenti superficiali avanzati come rivestimenti antiriflesso (AR) e film idrofobici. Il controllo di qualit\u00e0 dell'intero processo garantisce una variazione totale dello spessore (TTV) &lt;0,005 mm e una rugosit\u00e0 superficiale Ra &lt;1,5 nm. Sono disponibili opzioni di prototipazione in piccoli lotti (minimo 10 unit\u00e0) e di consegna rapida per progetti sensibili ai tempi.<\/p>\n<h1 data-section-id=\"w7qc3s\" data-start=\"1126\" data-end=\"1146\"><strong data-start=\"1128\" data-end=\"1146\">Specifiche tecniche<\/strong><\/h1>\n<table class=\"w-fit min-w-(--thread-content-width)\" data-start=\"1148\" data-end=\"1633\">\n<thead data-start=\"1148\" data-end=\"1177\">\n<tr data-start=\"1148\" data-end=\"1177\">\n<th class=\"\" data-start=\"1148\" data-end=\"1160\" data-col-size=\"sm\">Parametro<\/th>\n<th class=\"\" data-start=\"1160\" data-end=\"1177\" data-col-size=\"sm\">Specifiche<\/th>\n<\/tr>\n<\/thead>\n<tbody data-start=\"1188\" data-end=\"1633\">\n<tr data-start=\"1188\" data-end=\"1219\">\n<td data-start=\"1188\" data-end=\"1199\" data-col-size=\"sm\">Diametro<\/td>\n<td data-col-size=\"sm\" data-start=\"1199\" data-end=\"1219\">2 pollici (50,8 mm)<\/td>\n<\/tr>\n<tr data-start=\"1220\" data-end=\"1257\">\n<td data-start=\"1220\" data-end=\"1238\" data-col-size=\"sm\">Gamma di spessore<\/td>\n<td data-col-size=\"sm\" data-start=\"1238\" data-end=\"1257\">0,1 mm - 1,0 mm<\/td>\n<\/tr>\n<tr data-start=\"1258\" data-end=\"1287\">\n<td data-start=\"1258\" data-end=\"1276\" data-col-size=\"sm\">Purezza dei materiali<\/td>\n<td data-col-size=\"sm\" data-start=\"1276\" data-end=\"1287\">\u226599.99%<\/td>\n<\/tr>\n<tr data-start=\"1288\" data-end=\"1322\">\n<td data-start=\"1288\" data-end=\"1313\" data-col-size=\"sm\">Rugosit\u00e0 superficiale (Ra)<\/td>\n<td data-col-size=\"sm\" data-start=\"1313\" data-end=\"1322\">\u22645 nm<\/td>\n<\/tr>\n<tr data-start=\"1323\" data-end=\"1361\">\n<td data-start=\"1323\" data-end=\"1351\" data-col-size=\"sm\">Variazione dello spessore totale<\/td>\n<td data-col-size=\"sm\" data-start=\"1351\" data-end=\"1361\">\u226410 \u03bcm<\/td>\n<\/tr>\n<tr data-start=\"1362\" data-end=\"1396\">\n<td data-start=\"1362\" data-end=\"1388\" data-col-size=\"sm\">Trasmittanza (@193 nm)<\/td>\n<td data-col-size=\"sm\" data-start=\"1388\" data-end=\"1396\">&gt;90%<\/td>\n<\/tr>\n<tr data-start=\"1397\" data-end=\"1449\">\n<td data-start=\"1397\" data-end=\"1432\" data-col-size=\"sm\">Coefficiente di espansione termica<\/td>\n<td data-col-size=\"sm\" data-start=\"1432\" data-end=\"1449\">~0.55\u00d710-\u2076\/\u00b0C<\/td>\n<\/tr>\n<tr data-start=\"1450\" data-end=\"1479\">\n<td data-start=\"1450\" data-end=\"1468\" data-col-size=\"sm\">Punto di addolcimento<\/td>\n<td data-col-size=\"sm\" data-start=\"1468\" data-end=\"1479\">~1665\u00b0C<\/td>\n<\/tr>\n<tr data-start=\"1480\" data-end=\"1515\">\n<td data-start=\"1480\" data-end=\"1492\" data-col-size=\"sm\">Imballaggio<\/td>\n<td data-col-size=\"sm\" data-start=\"1492\" data-end=\"1515\">Camera bianca a 100 livelli<\/td>\n<\/tr>\n<\/tbody>\n<\/table>\n<div class=\"TyagGW_tableContainer\">\n<div class=\"group TyagGW_tableWrapper flex flex-col-reverse w-fit\" tabindex=\"-1\"><strong style=\"font-size: 2em;\" data-start=\"1642\" data-end=\"1665\">Caratteristiche principali<\/strong><\/div>\n<\/div>\n<p data-start=\"1667\" data-end=\"1689\">1 Eccellenza ottica<\/p>\n<ul data-start=\"1690\" data-end=\"1956\">\n<li data-section-id=\"nemsbs\" data-start=\"1690\" data-end=\"1818\">\n<p data-start=\"1692\" data-end=\"1818\">Trasmittanza ad ampio spettro: &gt;90% nell'intervallo ultravioletto (185-3500 nm), con prestazioni superiori nell'UV a onde corte (185 nm).<img decoding=\"async\" class=\"size-medium wp-image-2133 alignright\" src=\"https:\/\/www.fuyao-quartz.com\/wp-content\/uploads\/2026\/03\/2-Inch-Quartz-Glass-Wafer-DSP-SSP-Diameter-50.8mm11-300x300.jpg\" alt=\"wafer di vetro al quarzo da 2 pollici dsp ssp diametro 50,8 mm\" width=\"300\" height=\"300\" \/><\/p>\n<\/li>\n<li data-section-id=\"1up6lta\" data-start=\"1819\" data-end=\"1956\">\n<p data-start=\"1821\" data-end=\"1956\">Bassa espansione termica: CTE ~0,52\u00d710-\u2076\/\u00b0C (5-35\u00b0C), pu\u00f2 sopportare temperature a lungo termine fino a 1100\u00b0C e un'esposizione a breve termine fino a 1450\u00b0C.<\/p>\n<\/li>\n<\/ul>\n<p data-start=\"1958\" data-end=\"1995\">2 Stabilit\u00e0 meccanica e chimica<\/p>\n<ul data-start=\"1996\" data-end=\"2190\">\n<li data-section-id=\"xr75lz\" data-start=\"1996\" data-end=\"2082\">\n<p data-start=\"1998\" data-end=\"2082\">Alta resistenza: Resistenza alla flessione 2-3 volte superiore al vetro standard, durezza Mohs 7.<\/p>\n<\/li>\n<li data-section-id=\"qdqhw0\" data-start=\"2083\" data-end=\"2190\">\n<p data-start=\"2085\" data-end=\"2190\">Resistenza alla corrosione: Resistenza agli acidi 30 volte superiore a quella della ceramica, adatta ad ambienti chimici difficili.<\/p>\n<\/li>\n<\/ul>\n<p data-start=\"2192\" data-end=\"2217\">3 Isolamento elettrico<\/p>\n<ul data-start=\"2218\" data-end=\"2332\">\n<li data-section-id=\"q09nlj\" data-start=\"2218\" data-end=\"2332\">\n<p data-start=\"2220\" data-end=\"2332\">Resistivit\u00e0 superiore a 10\u00b9\u2078 \u03a9-cm con bassa perdita dielettrica alle alte frequenze, ideale per circuiti RF e sensori.<\/p>\n<\/li>\n<\/ul>\n<h1 data-section-id=\"1suq60z\" data-start=\"2339\" data-end=\"2365\"><strong data-start=\"2341\" data-end=\"2365\">Applicazioni primarie<\/strong><\/h1>\n<p data-start=\"2367\" data-end=\"2398\">1 Produzione di semiconduttori<\/p>\n<ul data-start=\"2399\" data-end=\"2642\">\n<li data-section-id=\"ay8lkm\" data-start=\"2399\" data-end=\"2524\">\n<p data-start=\"2401\" data-end=\"2524\">Substrati per sensori di immagine CMOS e per il confezionamento di chip RFID, che supportano il wafer-level packaging (WLP) per una maggiore integrazione.<\/p>\n<\/li>\n<li data-section-id=\"mkidgm\" data-start=\"2525\" data-end=\"2642\">\n<p data-start=\"2527\" data-end=\"2642\">substrati per dispositivi MEMS (ad esempio, sensori di pressione, accelerometri) che garantiscono la stabilit\u00e0 strutturale dei microcomponenti.<\/p>\n<\/li>\n<\/ul>\n<p data-start=\"2644\" data-end=\"2670\">2 Sistemi optoelettronici<\/p>\n<ul data-start=\"2671\" data-end=\"2841\">\n<li data-section-id=\"105rzi4\" data-start=\"2671\" data-end=\"2769\">\n<p data-start=\"2673\" data-end=\"2769\">Finestre laser UV e accoppiatori di comunicazione in fibra ottica, sfruttando l'eccellente trasmissione UV.<\/p>\n<\/li>\n<li data-section-id=\"1e9auxg\" data-start=\"2770\" data-end=\"2841\">\n<p data-start=\"2772\" data-end=\"2841\">Finestre ottiche aerospaziali resistenti alle radiazioni e ai cicli termici.<\/p>\n<\/li>\n<\/ul>\n<p data-start=\"2843\" data-end=\"2867\">3 Medicina e ricerca<\/p>\n<ul data-start=\"2868\" data-end=\"3001\">\n<li data-section-id=\"kj96yb\" data-start=\"2868\" data-end=\"2939\">\n<p data-start=\"2870\" data-end=\"2939\">Componenti ottici ad alta temperatura per sistemi di imaging endoscopico.<\/p>\n<\/li>\n<li data-section-id=\"18y49e0\" data-start=\"2940\" data-end=\"3001\">\n<p data-start=\"2942\" data-end=\"3001\">Finestre di osservazione resistenti al calore per reattori di laboratorio.<\/p>\n<\/li>\n<\/ul>\n<p data-start=\"3003\" data-end=\"3039\">4 Piastre speciali per finestre al quarzo<\/p>\n<ul data-start=\"3040\" data-end=\"3372\">\n<li data-section-id=\"toaotg\" data-start=\"3040\" data-end=\"3102\">\n<p data-start=\"3042\" data-end=\"3102\">Superfici libere, aperture asimmetriche, spessore graduato.<\/p>\n<\/li>\n<li data-section-id=\"17bkuwy\" data-start=\"3103\" data-end=\"3156\">\n<p data-start=\"3105\" data-end=\"3156\">Finestre con taglio angolare per ridurre al minimo le perdite per riflessione.<\/p>\n<\/li>\n<li data-section-id=\"hue61i\" data-start=\"3157\" data-end=\"3211\">\n<p data-start=\"3159\" data-end=\"3211\">Finestre a foro passante per l'integrazione di pi\u00f9 sensori.<\/p>\n<\/li>\n<li data-section-id=\"hhfdk8\" data-start=\"3212\" data-end=\"3372\">\n<p data-start=\"3214\" data-end=\"3372\">Prototipazione rapida: 3-5 giorni per i campioni, piccoli lotti &lt;500 unit\u00e0, rivestimenti sotto vuoto opzionali (rivestimenti AR o riflettenti) per la ricerca e le applicazioni militari.<\/p>\n<\/li>\n<\/ul>\n<h1 data-section-id=\"1iusff4\" data-start=\"3379\" data-end=\"3388\"><strong data-start=\"3381\" data-end=\"3388\">FAQ<\/strong><\/h1>\n<p data-start=\"3390\" data-end=\"3791\"><strong>1 Perch\u00e9 scegliere i wafer di quarzo da 2 pollici?<\/strong><br data-start=\"3423\" data-end=\"3426\" \/>I wafer di quarzo da 2 pollici sono substrati per semiconduttori realizzati in biossido di silicio (SiO\u2082) di elevata purezza. Raggiungono una planarit\u00e0 di livello micron grazie al taglio CNC di precisione e alla lucidatura laser. Questi wafer supportano la personalizzazione delle dimensioni e dello spessore (\u00b10,02 mm) e sono conformi agli standard SEMI, rendendoli ideali per l'optoelettronica, i MEMS e il packaging dei semiconduttori.<\/p>\n<p data-start=\"3793\" data-end=\"4146\"><strong>2 Quali sono le applicazioni principali dei wafer di quarzo da 2 pollici?<\/strong><br data-start=\"3852\" data-end=\"3855\" \/>Sono utilizzati principalmente nella produzione di semiconduttori (sensori di immagine CMOS, confezionamento di chip RFID), finestre laser UV, accoppiatori per comunicazioni in fibra ottica e componenti ottici aerospaziali. I trattamenti superficiali personalizzati, come i rivestimenti antiriflesso, migliorano le prestazioni dei sistemi di alta precisione.<\/p>","protected":false},"excerpt":{"rendered":"<p>Il wafer di quarzo da 2 pollici \u00e8 un substrato per semiconduttori realizzato in biossido di silicio (SiO\u2082) di elevata purezza. Raggiunge una planarit\u00e0 di livello micron grazie a tecniche di lavorazione di precisione come il taglio CNC e la lucidatura laser. Questi wafer sono conformi agli standard SEMI e supportano la personalizzazione delle dimensioni e dello spessore (tolleranza di \u00b10,02 mm), rendendoli adatti all'optoelettronica, ai MEMS (Sistemi Micro-Elettro-Meccanici) e al packaging dei semiconduttori.<\/p>","protected":false},"featured_media":2272,"comment_status":"open","ping_status":"closed","template":"","meta":{"site-sidebar-layout":"default","site-content-layout":"","ast-site-content-layout":"default","site-content-style":"default","site-sidebar-style":"default","ast-global-header-display":"","ast-banner-title-visibility":"","ast-main-header-display":"","ast-hfb-above-header-display":"","ast-hfb-below-header-display":"","ast-hfb-mobile-header-display":"","site-post-title":"","ast-breadcrumbs-content":"","ast-featured-img":"","footer-sml-layout":"","ast-disable-related-posts":"","theme-transparent-header-meta":"default","adv-header-id-meta":"","stick-header-meta":"default","header-above-stick-meta":"","header-main-stick-meta":"","header-below-stick-meta":"","astra-migrate-meta-layouts":"set","ast-page-background-enabled":"default","ast-page-background-meta":{"desktop":{"background-color":"var(--ast-global-color-4)","background-image":"","background-repeat":"repeat","background-position":"center center","background-size":"auto","background-attachment":"scroll","background-type":"","background-media":"","overlay-type":"","overlay-color":"","overlay-opacity":"","overlay-gradient":""},"tablet":{"background-color":"","background-image":"","background-repeat":"repeat","background-position":"center center","background-size":"auto","background-attachment":"scroll","background-type":"","background-media":"","overlay-type":"","overlay-color":"","overlay-opacity":"","overlay-gradient":""},"mobile":{"background-color":"","background-image":"","background-repeat":"repeat","background-position":"center center","background-size":"auto","background-attachment":"scroll","background-type":"","background-media":"","overlay-type":"","overlay-color":"","overlay-opacity":"","overlay-gradient":""}},"ast-content-background-meta":{"desktop":{"background-color":"var(--ast-global-color-5)","background-image":"","background-repeat":"repeat","background-position":"center center","background-size":"auto","background-attachment":"scroll","background-type":"","background-media":"","overlay-type":"","overlay-color":"","overlay-opacity":"","overlay-gradient":""},"tablet":{"background-color":"var(--ast-global-color-5)","background-image":"","background-repeat":"repeat","background-position":"center center","background-size":"auto","background-attachment":"scroll","background-type":"","background-media":"","overlay-type":"","overlay-color":"","overlay-opacity":"","overlay-gradient":""},"mobile":{"background-color":"var(--ast-global-color-5)","background-image":"","background-repeat":"repeat","background-position":"center center","background-size":"auto","background-attachment":"scroll","background-type":"","background-media":"","overlay-type":"","overlay-color":"","overlay-opacity":"","overlay-gradient":""}}},"product_brand":[],"product_cat":[729],"product_tag":[1050,1051,1052,1053,1054,1055,1056,1057,1058,1059,1060,1061,1062,1063,1064,1065,1066,1067,1068,1069],"class_list":{"0":"post-2253","1":"product","2":"type-product","3":"status-publish","4":"has-post-thumbnail","6":"product_cat-wafer","7":"product_tag-2-inch-quartz-wafer","8":"product_tag-50-8mm-quartz-wafer","9":"product_tag-anti-reflective-coated-quartz","10":"product_tag-cmos-wafer","11":"product_tag-custom-quartz-wafer","12":"product_tag-dsp-quartz-wafer","13":"product_tag-fused-silica-wafer","14":"product_tag-high-purity-quartz-wafer","15":"product_tag-high-temperature-quartz-wafer","16":"product_tag-laboratory-quartz-window","17":"product_tag-mems-substrate","18":"product_tag-optical-quartz-wafer","19":"product_tag-precision-quartz-substrate","20":"product_tag-quartz-glass-wafer","21":"product_tag-quartz-wafer-for-photolithography","22":"product_tag-rfid-chip-wafer","23":"product_tag-semiconductor-quartz-wafer","24":"product_tag-ssp-quartz-wafer","25":"product_tag-thin-quartz-wafer","26":"product_tag-uv-quartz-wafer","27":"desktop-align-left","28":"tablet-align-left","29":"mobile-align-left","30":"ast-product-gallery-layout-horizontal-slider","31":"ast-product-tabs-layout-horizontal","33":"first","34":"instock","35":"shipping-taxable","36":"product-type-simple"},"_links":{"self":[{"href":"https:\/\/www.zmsh-semitech.com\/it\/wp-json\/wp\/v2\/product\/2253","targetHints":{"allow":["GET"]}}],"collection":[{"href":"https:\/\/www.zmsh-semitech.com\/it\/wp-json\/wp\/v2\/product"}],"about":[{"href":"https:\/\/www.zmsh-semitech.com\/it\/wp-json\/wp\/v2\/types\/product"}],"replies":[{"embeddable":true,"href":"https:\/\/www.zmsh-semitech.com\/it\/wp-json\/wp\/v2\/comments?post=2253"}],"version-history":[{"count":4,"href":"https:\/\/www.zmsh-semitech.com\/it\/wp-json\/wp\/v2\/product\/2253\/revisions"}],"predecessor-version":[{"id":2271,"href":"https:\/\/www.zmsh-semitech.com\/it\/wp-json\/wp\/v2\/product\/2253\/revisions\/2271"}],"wp:featuredmedia":[{"embeddable":true,"href":"https:\/\/www.zmsh-semitech.com\/it\/wp-json\/wp\/v2\/media\/2272"}],"wp:attachment":[{"href":"https:\/\/www.zmsh-semitech.com\/it\/wp-json\/wp\/v2\/media?parent=2253"}],"wp:term":[{"taxonomy":"product_brand","embeddable":true,"href":"https:\/\/www.zmsh-semitech.com\/it\/wp-json\/wp\/v2\/product_brand?post=2253"},{"taxonomy":"product_cat","embeddable":true,"href":"https:\/\/www.zmsh-semitech.com\/it\/wp-json\/wp\/v2\/product_cat?post=2253"},{"taxonomy":"product_tag","embeddable":true,"href":"https:\/\/www.zmsh-semitech.com\/it\/wp-json\/wp\/v2\/product_tag?post=2253"}],"curies":[{"name":"wp","href":"https:\/\/api.w.org\/{rel}","templated":true}]}}