{"id":2226,"date":"2026-04-15T03:41:10","date_gmt":"2026-04-15T03:41:10","guid":{"rendered":"https:\/\/www.zmsh-semitech.com\/?post_type=product&#038;p=2226"},"modified":"2026-04-15T04:01:00","modified_gmt":"2026-04-15T04:01:00","slug":"wp-301d-double-side-wafer-grinding-machine-for-6-inch-semiconductor-materials-and-precision-lapping","status":"publish","type":"product","link":"https:\/\/www.zmsh-semitech.com\/it\/product\/wp-301d-double-side-wafer-grinding-machine-for-6-inch-semiconductor-materials-and-precision-lapping\/","title":{"rendered":"Rettificatrice per wafer a doppio lato WP-301D per materiali a semiconduttore da 6 pollici e lappatura di precisione"},"content":{"rendered":"<p data-start=\"284\" data-end=\"683\"><img fetchpriority=\"high\" decoding=\"async\" class=\"alignright wp-image-2229\" src=\"https:\/\/www.zmsh-semitech.com\/wp-content\/uploads\/2026\/04\/WP-301D-Double-Side-Wafer-Grinding-Machine-for-6-Inch-Semiconductor-Materials-and-Precision-Lapping-1-300x300.png\" alt=\"Rettificatrice per wafer a doppio lato WP-301D per materiali a semiconduttore da 6 pollici e lappatura di precisione\" width=\"283\" height=\"283\" srcset=\"https:\/\/www.zmsh-semitech.com\/wp-content\/uploads\/2026\/04\/WP-301D-Double-Side-Wafer-Grinding-Machine-for-6-Inch-Semiconductor-Materials-and-Precision-Lapping-1-300x300.png 300w, https:\/\/www.zmsh-semitech.com\/wp-content\/uploads\/2026\/04\/WP-301D-Double-Side-Wafer-Grinding-Machine-for-6-Inch-Semiconductor-Materials-and-Precision-Lapping-1-150x150.png 150w, https:\/\/www.zmsh-semitech.com\/wp-content\/uploads\/2026\/04\/WP-301D-Double-Side-Wafer-Grinding-Machine-for-6-Inch-Semiconductor-Materials-and-Precision-Lapping-1-768x768.png 768w, https:\/\/www.zmsh-semitech.com\/wp-content\/uploads\/2026\/04\/WP-301D-Double-Side-Wafer-Grinding-Machine-for-6-Inch-Semiconductor-Materials-and-Precision-Lapping-1-12x12.png 12w, https:\/\/www.zmsh-semitech.com\/wp-content\/uploads\/2026\/04\/WP-301D-Double-Side-Wafer-Grinding-Machine-for-6-Inch-Semiconductor-Materials-and-Precision-Lapping-1-600x600.png 600w, https:\/\/www.zmsh-semitech.com\/wp-content\/uploads\/2026\/04\/WP-301D-Double-Side-Wafer-Grinding-Machine-for-6-Inch-Semiconductor-Materials-and-Precision-Lapping-1-100x100.png 100w, https:\/\/www.zmsh-semitech.com\/wp-content\/uploads\/2026\/04\/WP-301D-Double-Side-Wafer-Grinding-Machine-for-6-Inch-Semiconductor-Materials-and-Precision-Lapping-1.png 1000w\" sizes=\"(max-width: 283px) 100vw, 283px\" \/>La rettificatrice per wafer a doppio lato WP-301D \u00e8 un sistema ad alta precisione progettato per la rettifica e la lucidatura simultanea su due lati di wafer di semiconduttori e materiali fragili. Utilizzando un avanzato sistema di movimento a ingranaggi planetari, la macchina consente la rimozione uniforme del materiale su entrambe le superfici superiore e inferiore del wafer, migliorando significativamente la planarit\u00e0 e il parallelismo.<\/p>\n<p data-start=\"685\" data-end=\"996\">Progettato per wafer da 150 mm e inferiori, il WP-301D \u00e8 ampiamente utilizzato nella lavorazione di materiali semiconduttori composti come CdZnTe (CZT), HgCdTe (MCT), GaAs, InP e InSb. Questi materiali sono fondamentali in applicazioni quali il rilevamento a infrarossi, l'optoelettronica e i dispositivi ad alta frequenza.<\/p>\n<p data-start=\"998\" data-end=\"1200\">Grazie alla robusta struttura meccanica, al sistema di controllo di precisione e al design ottimizzato del mandrino, la WP-301D garantisce un'elevata efficienza, un'eccellente qualit\u00e0 superficiale e prestazioni stabili nella lavorazione dei lotti.<\/p>\n<hr data-start=\"1202\" data-end=\"1205\" \/>\n<h2 data-section-id=\"m7ukan\" data-start=\"1207\" data-end=\"1250\">Caratteristiche principali e vantaggi tecnici<\/h2>\n<h3 data-section-id=\"1ggl47b\" data-start=\"1252\" data-end=\"1296\">Elaborazione simultanea su due lati<\/h3>\n<p data-start=\"1297\" data-end=\"1372\">La macchina elabora contemporaneamente entrambi i lati del wafer, assicurando cos\u00ec un'ottima qualit\u00e0 di lavorazione:<\/p>\n<ul data-start=\"1373\" data-end=\"1463\">\n<li data-section-id=\"1i7ktds\" data-start=\"1373\" data-end=\"1406\">Migliore uniformit\u00e0 dello spessore<\/li>\n<li data-section-id=\"1da8f9g\" data-start=\"1407\" data-end=\"1429\">Migliore parallelismo<\/li>\n<li data-section-id=\"12e74mo\" data-start=\"1430\" data-end=\"1463\">Riduzione del tempo totale di elaborazione<\/li>\n<\/ul>\n<h3 data-section-id=\"2t7dsg\" data-start=\"1465\" data-end=\"1501\">Sistema di movimento a ingranaggi planetari<\/h3>\n<p data-start=\"1502\" data-end=\"1689\">Il sistema integrato di ingranaggi solari e anulari pu\u00f2 funzionare in modo sincrono o indipendente, consentendo un controllo flessibile del processo e percorsi di rettifica ottimizzati per diversi materiali.<\/p>\n<h3 data-section-id=\"dbg2ti\" data-start=\"1691\" data-end=\"1728\">Sistema di mandrini ad alta precisione<\/h3>\n<p data-start=\"1729\" data-end=\"1901\">Dotata di un mandrino incorporato ad alta precisione, la WP-301D garantisce una rotazione stabile e vibrazioni minime, essenziali per ottenere una qualit\u00e0 costante della superficie.<\/p>\n<h3 data-section-id=\"bbwmxj\" data-start=\"1903\" data-end=\"1944\">Sistema di controllo della pressione in tempo reale<\/h3>\n<p data-start=\"1945\" data-end=\"2030\">La macchina \u00e8 dotata di un avanzato sistema di controllo della pressione ad anello chiuso, che consente:<\/p>\n<ul data-start=\"2031\" data-end=\"2200\">\n<li data-section-id=\"5pkops\" data-start=\"2031\" data-end=\"2077\">Regolazione accurata della pressione (0,1 - 50 kg)<\/li>\n<li data-section-id=\"18clroc\" data-start=\"2078\" data-end=\"2200\">Monitoraggio in tempo reale e correzione automatica<br data-start=\"2125\" data-end=\"2128\" \/>Ci\u00f2 garantisce un'asportazione costante del materiale ed evita una lucidatura eccessiva.<\/li>\n<\/ul>\n<h3 data-section-id=\"mqy6u6\" data-start=\"2202\" data-end=\"2237\">Design della piastra superiore flottante<\/h3>\n<p data-start=\"2238\" data-end=\"2440\">La piastra superiore adotta una struttura di connessione flottante, che garantisce che rimanga parallela alla piastra inferiore durante la lavorazione. Ci\u00f2 migliora significativamente la planarit\u00e0 del wafer e riduce la variazione di spessore.<\/p>\n<h2 data-section-id=\"8lu2ky\" data-start=\"2447\" data-end=\"2477\">Specifiche tecniche<\/h2>\n<div class=\"TyagGW_tableContainer\">\n<div class=\"group TyagGW_tableWrapper flex flex-col-reverse w-fit\" tabindex=\"-1\">\n<table class=\"w-fit min-w-(--thread-content-width)\" data-start=\"2479\" data-end=\"2829\">\n<thead data-start=\"2479\" data-end=\"2503\">\n<tr data-start=\"2479\" data-end=\"2503\">\n<th class=\"\" data-start=\"2479\" data-end=\"2486\" data-col-size=\"sm\">Articolo<\/th>\n<th class=\"\" data-start=\"2486\" data-end=\"2503\" data-col-size=\"sm\">Specifiche<\/th>\n<\/tr>\n<\/thead>\n<tbody data-start=\"2527\" data-end=\"2829\">\n<tr data-start=\"2527\" data-end=\"2570\">\n<td data-start=\"2527\" data-end=\"2544\" data-col-size=\"sm\">Dimensioni del pezzo<\/td>\n<td data-start=\"2544\" data-end=\"2570\" data-col-size=\"sm\">Fino a \u00d8150 mm (6 pollici)<\/td>\n<\/tr>\n<tr data-start=\"2571\" data-end=\"2605\">\n<td data-start=\"2571\" data-end=\"2591\" data-col-size=\"sm\">Velocit\u00e0 della piastra inferiore<\/td>\n<td data-start=\"2591\" data-end=\"2605\" data-col-size=\"sm\">0 - 30 giri\/minuto<\/td>\n<\/tr>\n<tr data-start=\"2606\" data-end=\"2658\">\n<td data-start=\"2606\" data-end=\"2624\" data-col-size=\"sm\">Metodo di macinazione<\/td>\n<td data-start=\"2624\" data-end=\"2658\" data-col-size=\"sm\">Macinazione planetaria a doppio lato<\/td>\n<\/tr>\n<tr data-start=\"2659\" data-end=\"2683\">\n<td data-start=\"2659\" data-end=\"2678\" data-col-size=\"sm\">Quantit\u00e0 del vettore<\/td>\n<td data-start=\"2678\" data-end=\"2683\" data-col-size=\"sm\">5<\/td>\n<\/tr>\n<tr data-start=\"2684\" data-end=\"2716\">\n<td data-start=\"2684\" data-end=\"2701\" data-col-size=\"sm\">Intervallo di pressione<\/td>\n<td data-start=\"2701\" data-end=\"2716\" data-col-size=\"sm\">0,1 - 50 kg<\/td>\n<\/tr>\n<tr data-start=\"2717\" data-end=\"2753\">\n<td data-start=\"2717\" data-end=\"2734\" data-col-size=\"sm\">Materiale della piastra<\/td>\n<td data-start=\"2734\" data-end=\"2753\" data-col-size=\"sm\">Vetro \/ Ceramica<\/td>\n<\/tr>\n<tr data-start=\"2754\" data-end=\"2800\">\n<td data-start=\"2754\" data-end=\"2775\" data-col-size=\"sm\">Dimensioni della macchina<\/td>\n<td data-start=\"2775\" data-end=\"2800\" data-col-size=\"sm\">1572 \u00d7 1053 \u00d7 2533 mm<\/td>\n<\/tr>\n<tr data-start=\"2801\" data-end=\"2829\">\n<td data-start=\"2801\" data-end=\"2810\" data-col-size=\"sm\">Peso<\/td>\n<td data-start=\"2810\" data-end=\"2829\" data-col-size=\"sm\">Circa 2300 kg<\/td>\n<\/tr>\n<\/tbody>\n<\/table>\n<\/div>\n<\/div>\n<hr data-start=\"2831\" data-end=\"2834\" \/>\n<h2 data-section-id=\"13yq5fc\" data-start=\"2836\" data-end=\"2859\">Principio di funzionamento<\/h2>\n<p data-start=\"2903\" data-end=\"3050\">Il WP-301D funziona con un meccanismo di movimento planetario, in cui i wafer sono collocati all'interno di supporti posizionati tra la piastra superiore e quella inferiore.<\/p>\n<p data-start=\"3052\" data-end=\"3069\">Durante il funzionamento:<\/p>\n<ul data-start=\"3071\" data-end=\"3205\">\n<li data-section-id=\"307xpo\" data-start=\"3071\" data-end=\"3115\">La piastra inferiore ruota continuamente<\/li>\n<li data-section-id=\"155dzsx\" data-start=\"3116\" data-end=\"3156\">L'ingranaggio solare aziona i supporti<\/li>\n<li data-section-id=\"1h7nv9d\" data-start=\"3157\" data-end=\"3205\">La corona dentata controlla il movimento rotatorio<\/li>\n<\/ul>\n<p data-start=\"3207\" data-end=\"3357\">Questa combinazione crea un complesso movimento relativo tra il wafer e le piastre di lucidatura, garantendo una rimozione uniforme del materiale su entrambe le superfici.<\/p>\n<p data-start=\"3359\" data-end=\"3527\">Contemporaneamente, il sistema di controllo della pressione mantiene una forza costante, mentre la piastra superiore flottante si adatta dinamicamente per mantenere un contatto parallelo. Ci\u00f2 si traduce in:<\/p>\n<ul data-start=\"3529\" data-end=\"3598\">\n<li data-section-id=\"5m7g9e\" data-start=\"3529\" data-end=\"3546\">Elevata planarit\u00e0<\/li>\n<li data-section-id=\"1uescvu\" data-start=\"3547\" data-end=\"3568\">Spessore uniforme<\/li>\n<li data-section-id=\"19qiivl\" data-start=\"3569\" data-end=\"3598\">Danno minimo al sottosuolo<\/li>\n<\/ul>\n<hr data-start=\"3600\" data-end=\"3603\" \/>\n<h2 data-section-id=\"4t5b8m\" data-start=\"3605\" data-end=\"3623\"><img decoding=\"async\" class=\"size-medium wp-image-2176 alignright\" src=\"https:\/\/www.zmsh-semitech.com\/wp-content\/uploads\/2026\/04\/silicon_carbide_wafer_4inch_hpsi_350um_widely_used_for_ar_glasses3-300x300.webp\" alt=\"\" width=\"300\" height=\"300\" srcset=\"https:\/\/www.zmsh-semitech.com\/wp-content\/uploads\/2026\/04\/silicon_carbide_wafer_4inch_hpsi_350um_widely_used_for_ar_glasses3-300x300.webp 300w, https:\/\/www.zmsh-semitech.com\/wp-content\/uploads\/2026\/04\/silicon_carbide_wafer_4inch_hpsi_350um_widely_used_for_ar_glasses3-150x150.webp 150w, https:\/\/www.zmsh-semitech.com\/wp-content\/uploads\/2026\/04\/silicon_carbide_wafer_4inch_hpsi_350um_widely_used_for_ar_glasses3-768x768.webp 768w, https:\/\/www.zmsh-semitech.com\/wp-content\/uploads\/2026\/04\/silicon_carbide_wafer_4inch_hpsi_350um_widely_used_for_ar_glasses3-12x12.webp 12w, https:\/\/www.zmsh-semitech.com\/wp-content\/uploads\/2026\/04\/silicon_carbide_wafer_4inch_hpsi_350um_widely_used_for_ar_glasses3-600x600.webp 600w, https:\/\/www.zmsh-semitech.com\/wp-content\/uploads\/2026\/04\/silicon_carbide_wafer_4inch_hpsi_350um_widely_used_for_ar_glasses3-100x100.webp 100w, https:\/\/www.zmsh-semitech.com\/wp-content\/uploads\/2026\/04\/silicon_carbide_wafer_4inch_hpsi_350um_widely_used_for_ar_glasses3.webp 800w\" sizes=\"(max-width: 300px) 100vw, 300px\" \/>Applicazioni<\/h2>\n<p data-start=\"3625\" data-end=\"3684\">La rettificatrice a doppia faccia WP-301D \u00e8 ampiamente utilizzata in:<\/p>\n<ul data-start=\"3686\" data-end=\"3896\">\n<li data-section-id=\"lsdmsu\" data-start=\"3686\" data-end=\"3729\">Lavorazione dei wafer di semiconduttori composti<\/li>\n<li data-section-id=\"1re9cdn\" data-start=\"3730\" data-end=\"3763\">Materiali a infrarossi (CZT, MCT)<\/li>\n<li data-section-id=\"1kwz9qu\" data-start=\"3764\" data-end=\"3801\">Materiali III-V (GaAs, InP, InSb)<\/li>\n<li data-section-id=\"qagg2f\" data-start=\"3802\" data-end=\"3849\">Substrati ottici e componenti di precisione<\/li>\n<li data-section-id=\"ir3gdc\" data-start=\"3850\" data-end=\"3896\">Laboratori di ricerca e produzione di lotti<\/li>\n<\/ul>\n<p data-start=\"3898\" data-end=\"4021\">\u00c8 particolarmente adatto per materiali fragili da 6 pollici in gi\u00f9, dove la precisione e l'integrit\u00e0 della superficie sono fondamentali.<\/p>\n<hr data-start=\"4023\" data-end=\"4026\" \/>\n<h2 data-section-id=\"1116wfg\" data-start=\"4028\" data-end=\"4049\"><img decoding=\"async\" class=\"size-medium wp-image-2122 alignright\" src=\"https:\/\/www.zmsh-semitech.com\/wp-content\/uploads\/2026\/04\/Wafer-Back-Grinding-Machine-300x300.png\" alt=\"\" width=\"300\" height=\"300\" srcset=\"https:\/\/www.zmsh-semitech.com\/wp-content\/uploads\/2026\/04\/Wafer-Back-Grinding-Machine-300x300.png 300w, https:\/\/www.zmsh-semitech.com\/wp-content\/uploads\/2026\/04\/Wafer-Back-Grinding-Machine-150x150.png 150w, https:\/\/www.zmsh-semitech.com\/wp-content\/uploads\/2026\/04\/Wafer-Back-Grinding-Machine-768x768.png 768w, https:\/\/www.zmsh-semitech.com\/wp-content\/uploads\/2026\/04\/Wafer-Back-Grinding-Machine-12x12.png 12w, https:\/\/www.zmsh-semitech.com\/wp-content\/uploads\/2026\/04\/Wafer-Back-Grinding-Machine-600x600.png 600w, https:\/\/www.zmsh-semitech.com\/wp-content\/uploads\/2026\/04\/Wafer-Back-Grinding-Machine-100x100.png 100w, https:\/\/www.zmsh-semitech.com\/wp-content\/uploads\/2026\/04\/Wafer-Back-Grinding-Machine.png 1000w\" sizes=\"(max-width: 300px) 100vw, 300px\" \/>Vantaggi principali<\/h2>\n<ul data-start=\"4051\" data-end=\"4440\">\n<li data-section-id=\"1ar7oz7\" data-start=\"4051\" data-end=\"4131\">Alta efficienza<br data-start=\"4072\" data-end=\"4075\" \/>La lavorazione su due lati riduce il tempo totale di lavorazione<\/li>\n<li data-section-id=\"1wr2j5g\" data-start=\"4133\" data-end=\"4202\">Alta precisione<br data-start=\"4153\" data-end=\"4156\" \/>Assicura un'eccellente planarit\u00e0 e parallelismo<\/li>\n<li data-section-id=\"esn72i\" data-start=\"4204\" data-end=\"4283\">Stabilit\u00e0 del processo<br data-start=\"4227\" data-end=\"4230\" \/>Il controllo della pressione ad anello chiuso migliora l'uniformit\u00e0<\/li>\n<li data-section-id=\"1crbhdt\" data-start=\"4285\" data-end=\"4356\">Funzionamento flessibile<br data-start=\"4309\" data-end=\"4312\" \/>Controllo indipendente o sincronizzato degli ingranaggi<\/li>\n<li data-section-id=\"1hbjrp7\" data-start=\"4358\" data-end=\"4440\">Ottimizzato per materiali fragili<br data-start=\"4395\" data-end=\"4398\" \/>Riduce al minimo le sollecitazioni e previene le fessurazioni<\/li>\n<\/ul>\n<hr data-start=\"4442\" data-end=\"4445\" \/>\n<h2 data-section-id=\"w1cnyx\" data-start=\"4447\" data-end=\"4456\">FAQ<\/h2>\n<p data-start=\"4458\" data-end=\"4662\">D1: Qual \u00e8 il principale vantaggio della rettifica su due lati?<br data-start=\"4517\" data-end=\"4520\" \/>R: Consente la lavorazione simultanea di entrambe le superfici del wafer, migliorando la planarit\u00e0, il parallelismo e l'efficienza rispetto alla rettifica su un solo lato.<\/p>\n<p data-start=\"4664\" data-end=\"4820\">D2: Quali materiali possono essere lavorati?<br data-start=\"4704\" data-end=\"4707\" \/>R: La macchina \u00e8 adatta per CZT, MCT, GaAs, InP, InSb e altri materiali semiconduttori morbidi e fragili.<\/p>\n<p data-start=\"4822\" data-end=\"4924\">D3: Quali dimensioni di wafer supporta il WP-301D?<br data-start=\"4871\" data-end=\"4874\" \/>R: Supporta wafer fino a 150 mm (6 pollici).<\/p>","protected":false},"excerpt":{"rendered":"<p>La rettificatrice per wafer a doppio lato WP-301D \u00e8 un sistema ad alta precisione progettato per la rettifica e la lucidatura simultanea su due lati di wafer di semiconduttori e materiali fragili. Utilizzando un avanzato sistema di movimento a ingranaggi planetari, la macchina consente la rimozione uniforme del materiale su entrambe le superfici superiore e inferiore del wafer, migliorando significativamente la planarit\u00e0 e il parallelismo.<\/p>","protected":false},"featured_media":2229,"comment_status":"open","ping_status":"closed","template":"","meta":{"site-sidebar-layout":"default","site-content-layout":"","ast-site-content-layout":"default","site-content-style":"default","site-sidebar-style":"default","ast-global-header-display":"","ast-banner-title-visibility":"","ast-main-header-display":"","ast-hfb-above-header-display":"","ast-hfb-below-header-display":"","ast-hfb-mobile-header-display":"","site-post-title":"","ast-breadcrumbs-content":"","ast-featured-img":"","footer-sml-layout":"","ast-disable-related-posts":"","theme-transparent-header-meta":"default","adv-header-id-meta":"","stick-header-meta":"default","header-above-stick-meta":"","header-main-stick-meta":"","header-below-stick-meta":"","astra-migrate-meta-layouts":"set","ast-page-background-enabled":"default","ast-page-background-meta":{"desktop":{"background-color":"var(--ast-global-color-4)","background-image":"","background-repeat":"repeat","background-position":"center center","background-size":"auto","background-attachment":"scroll","background-type":"","background-media":"","overlay-type":"","overlay-color":"","overlay-opacity":"","overlay-gradient":""},"tablet":{"background-color":"","background-image":"","background-repeat":"repeat","background-position":"center center","background-size":"auto","background-attachment":"scroll","background-type":"","background-media":"","overlay-type":"","overlay-color":"","overlay-opacity":"","overlay-gradient":""},"mobile":{"background-color":"","background-image":"","background-repeat":"repeat","background-position":"center center","background-size":"auto","background-attachment":"scroll","background-type":"","background-media":"","overlay-type":"","overlay-color":"","overlay-opacity":"","overlay-gradient":""}},"ast-content-background-meta":{"desktop":{"background-color":"var(--ast-global-color-5)","background-image":"","background-repeat":"repeat","background-position":"center center","background-size":"auto","background-attachment":"scroll","background-type":"","background-media":"","overlay-type":"","overlay-color":"","overlay-opacity":"","overlay-gradient":""},"tablet":{"background-color":"var(--ast-global-color-5)","background-image":"","background-repeat":"repeat","background-position":"center center","background-size":"auto","background-attachment":"scroll","background-type":"","background-media":"","overlay-type":"","overlay-color":"","overlay-opacity":"","overlay-gradient":""},"mobile":{"background-color":"var(--ast-global-color-5)","background-image":"","background-repeat":"repeat","background-position":"center center","background-size":"auto","background-attachment":"scroll","background-type":"","background-media":"","overlay-type":"","overlay-color":"","overlay-opacity":"","overlay-gradient":""}}},"product_brand":[],"product_cat":[724],"product_tag":[1005,1017,1015,1012,1018,1016,1019,1014,1020,1013],"class_list":{"0":"post-2226","1":"product","2":"type-product","3":"status-publish","4":"has-post-thumbnail","6":"product_cat-grinding-machine","7":"product_tag-6-inch-wafer-grinding","8":"product_tag-czt-grinding-machine","9":"product_tag-double-side-polishing-machine","10":"product_tag-double-side-wafer-grinding-machine","11":"product_tag-gaas-wafer-polishing","12":"product_tag-planetary-lapping-system","13":"product_tag-precision-wafer-lapping","14":"product_tag-semiconductor-grinding-equipment","15":"product_tag-semiconductor-surface-grinding","16":"product_tag-wafer-lapping-machine","17":"desktop-align-left","18":"tablet-align-left","19":"mobile-align-left","20":"ast-product-gallery-layout-horizontal-slider","21":"ast-product-tabs-layout-horizontal","23":"first","24":"instock","25":"shipping-taxable","26":"product-type-simple"},"_links":{"self":[{"href":"https:\/\/www.zmsh-semitech.com\/it\/wp-json\/wp\/v2\/product\/2226","targetHints":{"allow":["GET"]}}],"collection":[{"href":"https:\/\/www.zmsh-semitech.com\/it\/wp-json\/wp\/v2\/product"}],"about":[{"href":"https:\/\/www.zmsh-semitech.com\/it\/wp-json\/wp\/v2\/types\/product"}],"replies":[{"embeddable":true,"href":"https:\/\/www.zmsh-semitech.com\/it\/wp-json\/wp\/v2\/comments?post=2226"}],"version-history":[{"count":5,"href":"https:\/\/www.zmsh-semitech.com\/it\/wp-json\/wp\/v2\/product\/2226\/revisions"}],"predecessor-version":[{"id":2233,"href":"https:\/\/www.zmsh-semitech.com\/it\/wp-json\/wp\/v2\/product\/2226\/revisions\/2233"}],"wp:featuredmedia":[{"embeddable":true,"href":"https:\/\/www.zmsh-semitech.com\/it\/wp-json\/wp\/v2\/media\/2229"}],"wp:attachment":[{"href":"https:\/\/www.zmsh-semitech.com\/it\/wp-json\/wp\/v2\/media?parent=2226"}],"wp:term":[{"taxonomy":"product_brand","embeddable":true,"href":"https:\/\/www.zmsh-semitech.com\/it\/wp-json\/wp\/v2\/product_brand?post=2226"},{"taxonomy":"product_cat","embeddable":true,"href":"https:\/\/www.zmsh-semitech.com\/it\/wp-json\/wp\/v2\/product_cat?post=2226"},{"taxonomy":"product_tag","embeddable":true,"href":"https:\/\/www.zmsh-semitech.com\/it\/wp-json\/wp\/v2\/product_tag?post=2226"}],"curies":[{"name":"wp","href":"https:\/\/api.w.org\/{rel}","templated":true}]}}