{"id":2173,"date":"2026-04-14T03:08:56","date_gmt":"2026-04-14T03:08:56","guid":{"rendered":"https:\/\/www.zmsh-semitech.com\/?post_type=product&#038;p=2173"},"modified":"2026-04-14T03:08:59","modified_gmt":"2026-04-14T03:08:59","slug":"4-inch-100mm-hpsi-silicon-carbide-wafer","status":"publish","type":"product","link":"https:\/\/www.zmsh-semitech.com\/it\/product\/4-inch-100mm-hpsi-silicon-carbide-wafer\/","title":{"rendered":"Wafer in carburo di silicio HPSI da 4 pollici e 100 mm"},"content":{"rendered":"<p data-start=\"202\" data-end=\"487\"><img fetchpriority=\"high\" decoding=\"async\" class=\"alignright wp-image-2177 size-medium\" src=\"https:\/\/www.zmsh-semitech.com\/wp-content\/uploads\/2026\/04\/silicon_carbide_wafer_4inch_hpsi_350um_widely_used_for_ar_glasses2-300x300.webp\" alt=\"Wafer in carburo di silicio HPSI da 4 pollici e 100 mm\" width=\"300\" height=\"300\" srcset=\"https:\/\/www.zmsh-semitech.com\/wp-content\/uploads\/2026\/04\/silicon_carbide_wafer_4inch_hpsi_350um_widely_used_for_ar_glasses2-300x300.webp 300w, https:\/\/www.zmsh-semitech.com\/wp-content\/uploads\/2026\/04\/silicon_carbide_wafer_4inch_hpsi_350um_widely_used_for_ar_glasses2-150x150.webp 150w, https:\/\/www.zmsh-semitech.com\/wp-content\/uploads\/2026\/04\/silicon_carbide_wafer_4inch_hpsi_350um_widely_used_for_ar_glasses2-768x768.webp 768w, https:\/\/www.zmsh-semitech.com\/wp-content\/uploads\/2026\/04\/silicon_carbide_wafer_4inch_hpsi_350um_widely_used_for_ar_glasses2-12x12.webp 12w, https:\/\/www.zmsh-semitech.com\/wp-content\/uploads\/2026\/04\/silicon_carbide_wafer_4inch_hpsi_350um_widely_used_for_ar_glasses2-600x600.webp 600w, https:\/\/www.zmsh-semitech.com\/wp-content\/uploads\/2026\/04\/silicon_carbide_wafer_4inch_hpsi_350um_widely_used_for_ar_glasses2-100x100.webp 100w, https:\/\/www.zmsh-semitech.com\/wp-content\/uploads\/2026\/04\/silicon_carbide_wafer_4inch_hpsi_350um_widely_used_for_ar_glasses2.webp 800w\" sizes=\"(max-width: 300px) 100vw, 300px\" \/>Il wafer da 4 pollici in carburo di silicio HPSI \u00e8 un substrato semi-isolante di elevata purezza progettato per applicazioni avanzate di RF, microonde e optoelettronica. HPSI \u00e8 un materiale semi-isolante di elevata purezza, caratterizzato da una resistivit\u00e0 estremamente elevata e da un eccellente isolamento elettrico.<\/p>\n<p data-start=\"489\" data-end=\"899\">Il carburo di silicio \u00e8 un semiconduttore ad ampio bandgap composto da silicio e carbonio. Rispetto ai wafer di silicio convenzionali, offre una conducibilit\u00e0 termica superiore, un campo elettrico di breakdown pi\u00f9 elevato e migliori prestazioni in condizioni operative estreme. In forma semi-isolante, il SiC riduce significativamente la conduzione parassita, rendendolo una piattaforma ideale per i dispositivi elettronici ad alta frequenza e ad alta potenza.<\/p>\n<p data-start=\"901\" data-end=\"1198\">Questo formato di wafer da 4 pollici \u00e8 ampiamente utilizzato sia nella ricerca che nella produzione industriale grazie al suo equilibrio tra costo, maturit\u00e0 e compatibilit\u00e0 di processo. \u00c8 particolarmente adatto per i dispositivi RF, i sistemi di comunicazione 5G, i moduli radar e le tecnologie ottiche emergenti come i componenti a guida d'onda AR.<\/p>\n<h2 data-section-id=\"1a3ueyz\" data-start=\"1205\" data-end=\"1222\">Specifiche tecniche<\/h2>\n<div class=\"TyagGW_tableContainer\">\n<div class=\"group TyagGW_tableWrapper flex flex-col-reverse w-fit\" tabindex=\"-1\">\n<table class=\"w-fit min-w-(--thread-content-width)\" data-start=\"1224\" data-end=\"1626\">\n<thead data-start=\"1224\" data-end=\"1245\">\n<tr data-start=\"1224\" data-end=\"1245\">\n<th class=\"\" data-start=\"1224\" data-end=\"1236\" data-col-size=\"sm\">Parametro<\/th>\n<th class=\"\" data-start=\"1236\" data-end=\"1245\" data-col-size=\"sm\">Valore<\/th>\n<\/tr>\n<\/thead>\n<tbody data-start=\"1266\" data-end=\"1626\">\n<tr data-start=\"1266\" data-end=\"1293\">\n<td data-start=\"1266\" data-end=\"1277\" data-col-size=\"sm\">Diametro<\/td>\n<td data-col-size=\"sm\" data-start=\"1277\" data-end=\"1293\">100 \u00b1 0,5 mm<\/td>\n<\/tr>\n<tr data-start=\"1294\" data-end=\"1316\">\n<td data-start=\"1294\" data-end=\"1306\" data-col-size=\"sm\">Spessore<\/td>\n<td data-col-size=\"sm\" data-start=\"1306\" data-end=\"1316\">350 \u03bcm<\/td>\n<\/tr>\n<tr data-start=\"1317\" data-end=\"1350\">\n<td data-start=\"1317\" data-end=\"1328\" data-col-size=\"sm\">Materiale<\/td>\n<td data-col-size=\"sm\" data-start=\"1328\" data-end=\"1350\">SiC a cristallo singolo<\/td>\n<\/tr>\n<tr data-start=\"1351\" data-end=\"1384\">\n<td data-start=\"1351\" data-end=\"1358\" data-col-size=\"sm\">Tipo<\/td>\n<td data-col-size=\"sm\" data-start=\"1358\" data-end=\"1384\">HPSI (semi-isolante)<\/td>\n<\/tr>\n<tr data-start=\"1385\" data-end=\"1423\">\n<td data-start=\"1385\" data-end=\"1399\" data-col-size=\"sm\">Resistivit\u00e0<\/td>\n<td data-col-size=\"sm\" data-start=\"1399\" data-end=\"1423\">Da \u22651E5 a \u22651E10 ohm-cm<\/td>\n<\/tr>\n<tr data-start=\"1424\" data-end=\"1463\">\n<td data-start=\"1424\" data-end=\"1444\" data-col-size=\"sm\">Ruvidit\u00e0 della superficie<\/td>\n<td data-col-size=\"sm\" data-start=\"1444\" data-end=\"1463\">CMP Ra \u2264 0,2 nm<\/td>\n<\/tr>\n<tr data-start=\"1464\" data-end=\"1481\">\n<td data-start=\"1464\" data-end=\"1470\" data-col-size=\"sm\">TTV<\/td>\n<td data-col-size=\"sm\" data-start=\"1470\" data-end=\"1481\">\u2264 10 \u03bcm<\/td>\n<\/tr>\n<tr data-start=\"1482\" data-end=\"1500\">\n<td data-start=\"1482\" data-end=\"1489\" data-col-size=\"sm\">Ordito<\/td>\n<td data-start=\"1489\" data-end=\"1500\" data-col-size=\"sm\">\u2264 30 \u03bcm<\/td>\n<\/tr>\n<tr data-start=\"1501\" data-end=\"1553\">\n<td data-start=\"1501\" data-end=\"1515\" data-col-size=\"sm\">Orientamento<\/td>\n<td data-col-size=\"sm\" data-start=\"1515\" data-end=\"1553\">Opzioni sull'asse  o fuori asse<\/td>\n<\/tr>\n<tr data-start=\"1554\" data-end=\"1584\">\n<td data-start=\"1554\" data-end=\"1561\" data-col-size=\"sm\">Bordo<\/td>\n<td data-col-size=\"sm\" data-start=\"1561\" data-end=\"1584\">Smusso standard SEMI<\/td>\n<\/tr>\n<tr data-start=\"1585\" data-end=\"1626\">\n<td data-start=\"1585\" data-end=\"1593\" data-col-size=\"sm\">Grado<\/td>\n<td data-start=\"1593\" data-end=\"1626\" data-col-size=\"sm\">Produzione \/ Ricerca \/ Manichino<\/td>\n<\/tr>\n<\/tbody>\n<\/table>\n<\/div>\n<\/div>\n<p data-start=\"1628\" data-end=\"1790\">Questi parametri assicurano un'elevata qualit\u00e0 superficiale, una bassa densit\u00e0 di difetti e propriet\u00e0 meccaniche stabili, necessarie per la crescita epitassiale e la fabbricazione di dispositivi di precisione.<\/p>\n<h2 data-section-id=\"1p4die8\" data-start=\"1797\" data-end=\"1824\">Caratteristiche del materiale<img decoding=\"async\" class=\"size-medium wp-image-2176 alignright\" src=\"https:\/\/www.zmsh-semitech.com\/wp-content\/uploads\/2026\/04\/silicon_carbide_wafer_4inch_hpsi_350um_widely_used_for_ar_glasses3-300x300.webp\" alt=\"\" width=\"300\" height=\"300\" srcset=\"https:\/\/www.zmsh-semitech.com\/wp-content\/uploads\/2026\/04\/silicon_carbide_wafer_4inch_hpsi_350um_widely_used_for_ar_glasses3-300x300.webp 300w, https:\/\/www.zmsh-semitech.com\/wp-content\/uploads\/2026\/04\/silicon_carbide_wafer_4inch_hpsi_350um_widely_used_for_ar_glasses3-150x150.webp 150w, https:\/\/www.zmsh-semitech.com\/wp-content\/uploads\/2026\/04\/silicon_carbide_wafer_4inch_hpsi_350um_widely_used_for_ar_glasses3-768x768.webp 768w, https:\/\/www.zmsh-semitech.com\/wp-content\/uploads\/2026\/04\/silicon_carbide_wafer_4inch_hpsi_350um_widely_used_for_ar_glasses3-12x12.webp 12w, https:\/\/www.zmsh-semitech.com\/wp-content\/uploads\/2026\/04\/silicon_carbide_wafer_4inch_hpsi_350um_widely_used_for_ar_glasses3-600x600.webp 600w, https:\/\/www.zmsh-semitech.com\/wp-content\/uploads\/2026\/04\/silicon_carbide_wafer_4inch_hpsi_350um_widely_used_for_ar_glasses3-100x100.webp 100w, https:\/\/www.zmsh-semitech.com\/wp-content\/uploads\/2026\/04\/silicon_carbide_wafer_4inch_hpsi_350um_widely_used_for_ar_glasses3.webp 800w\" sizes=\"(max-width: 300px) 100vw, 300px\" \/><\/h2>\n<p data-start=\"1826\" data-end=\"2024\">Il carburo di silicio \u00e8 uno dei pi\u00f9 importanti materiali semiconduttori di terza generazione. Il suo ampio bandgap consente ai dispositivi di funzionare a tensioni pi\u00f9 elevate con correnti di dispersione inferiori rispetto al silicio.<\/p>\n<p data-start=\"2026\" data-end=\"2253\">Per i wafer HPSI, la caratteristica che li contraddistingue \u00e8 la resistivit\u00e0 estremamente elevata. Questa propriet\u00e0 riduce al minimo il flusso di corrente indesiderato all'interno del substrato, un aspetto fondamentale per mantenere l'integrit\u00e0 del segnale nelle applicazioni RF e a microonde.<\/p>\n<p data-start=\"2255\" data-end=\"2478\">La conducibilit\u00e0 termica \u00e8 significativamente superiore a quella dei materiali semiconduttori tradizionali, consentendo un'efficiente dissipazione del calore durante il funzionamento ad alta potenza. Ci\u00f2 riduce lo stress termico e migliora l'affidabilit\u00e0 a lungo termine.<\/p>\n<p data-start=\"2480\" data-end=\"2761\">Il SiC presenta anche un elevato campo elettrico di ripartizione, che consente ai dispositivi di gestire tensioni elevate senza aumentare le dimensioni. Inoltre, il materiale mantiene prestazioni stabili in presenza di alte temperature, alte frequenze e radiazioni, rendendolo adatto ad ambienti difficili.<\/p>\n<h2 data-section-id=\"mu966k\" data-start=\"2768\" data-end=\"2783\">Applicazioni<\/h2>\n<p data-start=\"2785\" data-end=\"3075\"><strong data-start=\"2785\" data-end=\"2813\">Dispositivi RF e a microonde<\/strong><br data-start=\"2813\" data-end=\"2816\" \/>I wafer di carburo di silicio HPSI sono ampiamente utilizzati come substrati per amplificatori RF e circuiti ad alta frequenza. La loro elevata resistivit\u00e0 riduce le perdite parassite e migliora l'efficienza della trasmissione del segnale, rendendoli essenziali per l'elettronica di comunicazione avanzata.<\/p>\n<p data-start=\"3077\" data-end=\"3378\"><strong data-start=\"3077\" data-end=\"3112\">Infrastruttura di comunicazione 5G<\/strong><br data-start=\"3112\" data-end=\"3115\" \/>Nei sistemi 5G, i dispositivi operano a frequenze pi\u00f9 elevate e richiedono materiali con un eccellente isolamento elettrico. I wafer SiC HPSI supportano prestazioni stabili nelle stazioni base e nei moduli wireless, consentendo una maggiore efficienza di trasmissione dei dati e una minore perdita di energia.<\/p>\n<p data-start=\"3380\" data-end=\"3668\"><strong data-start=\"3380\" data-end=\"3414\">Occhiali AR e sistemi ottici<\/strong><br data-start=\"3414\" data-end=\"3417\" \/>Nei dispositivi di realt\u00e0 aumentata, i wafer SiC sono utilizzati nei componenti ottici e a guida d'onda. La loro stabilit\u00e0 strutturale e la compatibilit\u00e0 con le tecnologie di lavorazione di precisione favoriscono lo sviluppo di sistemi ottici compatti e ad alte prestazioni.<\/p>\n<p data-start=\"3670\" data-end=\"3939\"><strong data-start=\"3670\" data-end=\"3699\">Sistemi radar e di difesa<\/strong><br data-start=\"3699\" data-end=\"3702\" \/>I substrati SiC HPSI sono adatti per l'elettronica radar e di difesa che richiede alta potenza, alta frequenza e affidabilit\u00e0. Mantengono un funzionamento stabile in condizioni ambientali estreme, comprese le alte temperature e le radiazioni.<\/p>\n<p data-start=\"3941\" data-end=\"4136\"><strong data-start=\"3941\" data-end=\"3967\">Dispositivi optoelettronici<\/strong><br data-start=\"3967\" data-end=\"3970\" \/>Questi wafer sono utilizzati anche nei dispositivi optoelettronici e fotonici, dove l'isolamento elettrico e le prestazioni termiche sono fondamentali per l'efficienza e la stabilit\u00e0 del dispositivo.<\/p>\n<p data-start=\"3941\" data-end=\"4136\"><img decoding=\"async\" class=\"wp-image-2178 size-large aligncenter\" src=\"https:\/\/www.zmsh-semitech.com\/wp-content\/uploads\/2026\/04\/applications-1-1024x683.png\" alt=\"\" width=\"1024\" height=\"683\" srcset=\"https:\/\/www.zmsh-semitech.com\/wp-content\/uploads\/2026\/04\/applications-1-1024x683.png 1024w, https:\/\/www.zmsh-semitech.com\/wp-content\/uploads\/2026\/04\/applications-1-300x200.png 300w, https:\/\/www.zmsh-semitech.com\/wp-content\/uploads\/2026\/04\/applications-1-768x512.png 768w, https:\/\/www.zmsh-semitech.com\/wp-content\/uploads\/2026\/04\/applications-1-18x12.png 18w, https:\/\/www.zmsh-semitech.com\/wp-content\/uploads\/2026\/04\/applications-1-600x400.png 600w, https:\/\/www.zmsh-semitech.com\/wp-content\/uploads\/2026\/04\/applications-1.png 1536w\" sizes=\"(max-width: 1024px) 100vw, 1024px\" \/><\/p>\n<h2 data-section-id=\"105f916\" data-start=\"4143\" data-end=\"4162\">Gradi disponibili<\/h2>\n<p data-start=\"4164\" data-end=\"4275\">Grado di produzione<br data-start=\"4180\" data-end=\"4183\" \/>Utilizzato per la produzione di dispositivi commerciali con un rigoroso controllo di qualit\u00e0 e una bassa densit\u00e0 di difetti.<\/p>\n<p data-start=\"4277\" data-end=\"4365\">Grado di ricerca<br data-start=\"4291\" data-end=\"4294\" \/>Adatto per lo sviluppo di laboratorio, i test e l'ottimizzazione dei processi.<\/p>\n<p data-start=\"4367\" data-end=\"4455\">Grado fittizio<br data-start=\"4378\" data-end=\"4381\" \/>Applicato nella calibrazione delle apparecchiature, nei test di processo e nell'uso non funzionale.<\/p>\n<h2 data-section-id=\"19b7k0q\" data-start=\"4462\" data-end=\"4485\">Confronto Si vs SiC<\/h2>\n<div class=\"TyagGW_tableContainer\">\n<div class=\"group TyagGW_tableWrapper flex flex-col-reverse w-fit\" tabindex=\"-1\">\n<table class=\"w-fit min-w-(--thread-content-width)\" data-start=\"4487\" data-end=\"4792\">\n<thead data-start=\"4487\" data-end=\"4527\">\n<tr data-start=\"4487\" data-end=\"4527\">\n<th class=\"\" data-start=\"4487\" data-end=\"4498\" data-col-size=\"sm\">Propriet\u00e0<\/th>\n<th class=\"\" data-start=\"4498\" data-end=\"4508\" data-col-size=\"sm\">Silicio<\/th>\n<th class=\"\" data-start=\"4508\" data-end=\"4527\" data-col-size=\"sm\">Carburo di silicio<\/th>\n<\/tr>\n<\/thead>\n<tbody data-start=\"4568\" data-end=\"4792\">\n<tr data-start=\"4568\" data-end=\"4600\">\n<td data-start=\"4568\" data-end=\"4578\" data-col-size=\"sm\">Bandgap<\/td>\n<td data-col-size=\"sm\" data-start=\"4578\" data-end=\"4588\">1,12 eV<\/td>\n<td data-col-size=\"sm\" data-start=\"4588\" data-end=\"4600\">~3,26 eV<\/td>\n<\/tr>\n<tr data-start=\"4601\" data-end=\"4641\">\n<td data-start=\"4601\" data-end=\"4615\" data-col-size=\"sm\">Resistivit\u00e0<\/td>\n<td data-col-size=\"sm\" data-start=\"4615\" data-end=\"4621\">Basso<\/td>\n<td data-col-size=\"sm\" data-start=\"4621\" data-end=\"4641\">Molto alto (HPSI)<\/td>\n<\/tr>\n<tr data-start=\"4642\" data-end=\"4684\">\n<td data-start=\"4642\" data-end=\"4665\" data-col-size=\"sm\">Conduttivit\u00e0 termica<\/td>\n<td data-col-size=\"sm\" data-start=\"4665\" data-end=\"4676\">Moderato<\/td>\n<td data-col-size=\"sm\" data-start=\"4676\" data-end=\"4684\">Alto<\/td>\n<\/tr>\n<tr data-start=\"4685\" data-end=\"4731\">\n<td data-start=\"4685\" data-end=\"4708\" data-col-size=\"sm\">Capacit\u00e0 di frequenza<\/td>\n<td data-col-size=\"sm\" data-start=\"4708\" data-end=\"4718\">Limitato<\/td>\n<td data-col-size=\"sm\" data-start=\"4718\" data-end=\"4731\">Eccellente<\/td>\n<\/tr>\n<tr data-start=\"4732\" data-end=\"4792\">\n<td data-start=\"4732\" data-end=\"4752\" data-col-size=\"sm\">Focus sull'applicazione<\/td>\n<td data-col-size=\"sm\" data-start=\"4752\" data-end=\"4767\">Logica e IC<\/td>\n<td data-col-size=\"sm\" data-start=\"4767\" data-end=\"4792\">RF e alta frequenza<\/td>\n<\/tr>\n<\/tbody>\n<\/table>\n<\/div>\n<\/div>\n<p data-start=\"4794\" data-end=\"4938\">Il silicio rimane dominante nell'elettronica convenzionale, mentre il carburo di silicio \u00e8 sempre pi\u00f9 utilizzato nei sistemi ad alta frequenza e ad alte prestazioni.<\/p>\n<h2 data-section-id=\"1hryhf7\" data-start=\"4945\" data-end=\"4951\">FAQ<\/h2>\n<p data-start=\"4953\" data-end=\"5169\">D: Che cos'\u00e8 un wafer di carburo di silicio HPSI?<br data-start=\"4994\" data-end=\"4997\" \/>Un wafer HPSI \u00e8 un substrato semi-isolante di carburo di silicio ad alta purezza con resistivit\u00e0 elettrica molto elevata, progettato per applicazioni RF, a microonde e optoelettroniche.<\/p>\n<p data-start=\"5171\" data-end=\"5374\">D: Perch\u00e9 l'alta resistivit\u00e0 \u00e8 importante?<br data-start=\"5208\" data-end=\"5211\" \/>L'elevata resistivit\u00e0 riduce la conduzione parassita e l'interferenza del segnale, fattore critico per mantenere l'efficienza e l'integrit\u00e0 del segnale nei dispositivi ad alta frequenza.<\/p>\n<p data-start=\"5376\" data-end=\"5596\">D: Il carburo di silicio \u00e8 adatto alle applicazioni ottiche?<br data-start=\"5432\" data-end=\"5435\" \/>S\u00ec, il carburo di silicio pu\u00f2 essere utilizzato in alcune applicazioni ottiche e fotoniche grazie alla sua stabilit\u00e0 termica e alla compatibilit\u00e0 con i processi di fabbricazione avanzati.<\/p>","protected":false},"excerpt":{"rendered":"<p>Il wafer da 4 pollici in carburo di silicio HPSI \u00e8 un materiale fondamentale per i sistemi elettronici ad alta frequenza e di nuova generazione. La sua combinazione di elevata resistivit\u00e0, prestazioni termiche e stabilit\u00e0 strutturale lo rende una scelta ideale per i dispositivi RF, le infrastrutture di comunicazione e le tecnologie ottiche emergenti. Con la continua crescita della domanda di sistemi ad alta efficienza e ad alta frequenza, i substrati HPSI SiC stanno diventando sempre pi\u00f9 importanti nelle applicazioni avanzate dei semiconduttori.<\/p>","protected":false},"featured_media":2174,"comment_status":"open","ping_status":"closed","template":"","meta":{"site-sidebar-layout":"default","site-content-layout":"","ast-site-content-layout":"default","site-content-style":"default","site-sidebar-style":"default","ast-global-header-display":"","ast-banner-title-visibility":"","ast-main-header-display":"","ast-hfb-above-header-display":"","ast-hfb-below-header-display":"","ast-hfb-mobile-header-display":"","site-post-title":"","ast-breadcrumbs-content":"","ast-featured-img":"","footer-sml-layout":"","ast-disable-related-posts":"","theme-transparent-header-meta":"default","adv-header-id-meta":"","stick-header-meta":"default","header-above-stick-meta":"","header-main-stick-meta":"","header-below-stick-meta":"","astra-migrate-meta-layouts":"set","ast-page-background-enabled":"default","ast-page-background-meta":{"desktop":{"background-color":"var(--ast-global-color-4)","background-image":"","background-repeat":"repeat","background-position":"center center","background-size":"auto","background-attachment":"scroll","background-type":"","background-media":"","overlay-type":"","overlay-color":"","overlay-opacity":"","overlay-gradient":""},"tablet":{"background-color":"","background-image":"","background-repeat":"repeat","background-position":"center center","background-size":"auto","background-attachment":"scroll","background-type":"","background-media":"","overlay-type":"","overlay-color":"","overlay-opacity":"","overlay-gradient":""},"mobile":{"background-color":"","background-image":"","background-repeat":"repeat","background-position":"center center","background-size":"auto","background-attachment":"scroll","background-type":"","background-media":"","overlay-type":"","overlay-color":"","overlay-opacity":"","overlay-gradient":""}},"ast-content-background-meta":{"desktop":{"background-color":"var(--ast-global-color-5)","background-image":"","background-repeat":"repeat","background-position":"center center","background-size":"auto","background-attachment":"scroll","background-type":"","background-media":"","overlay-type":"","overlay-color":"","overlay-opacity":"","overlay-gradient":""},"tablet":{"background-color":"var(--ast-global-color-5)","background-image":"","background-repeat":"repeat","background-position":"center center","background-size":"auto","background-attachment":"scroll","background-type":"","background-media":"","overlay-type":"","overlay-color":"","overlay-opacity":"","overlay-gradient":""},"mobile":{"background-color":"var(--ast-global-color-5)","background-image":"","background-repeat":"repeat","background-position":"center center","background-size":"auto","background-attachment":"scroll","background-type":"","background-media":"","overlay-type":"","overlay-color":"","overlay-opacity":"","overlay-gradient":""}}},"product_brand":[],"product_cat":[729],"product_tag":[930,938,936,937,940,941,942,939,927,692],"class_list":{"0":"post-2173","1":"product","2":"type-product","3":"status-publish","4":"has-post-thumbnail","6":"product_cat-wafer","7":"product_tag-4-inch-sic-wafer","8":"product_tag-high-resistivity-sic","9":"product_tag-hpsi-silicon-carbide-wafer","10":"product_tag-semi-insulating-sic","11":"product_tag-sic-for-5g","12":"product_tag-sic-for-ar-glasses","13":"product_tag-sic-optical-substrate","14":"product_tag-sic-rf-substrate","15":"product_tag-silicon-carbide-wafer","16":"product_tag-wide-bandgap-semiconductor","17":"desktop-align-left","18":"tablet-align-left","19":"mobile-align-left","20":"ast-product-gallery-layout-horizontal-slider","21":"ast-product-tabs-layout-horizontal","23":"first","24":"instock","25":"shipping-taxable","26":"product-type-simple"},"_links":{"self":[{"href":"https:\/\/www.zmsh-semitech.com\/it\/wp-json\/wp\/v2\/product\/2173","targetHints":{"allow":["GET"]}}],"collection":[{"href":"https:\/\/www.zmsh-semitech.com\/it\/wp-json\/wp\/v2\/product"}],"about":[{"href":"https:\/\/www.zmsh-semitech.com\/it\/wp-json\/wp\/v2\/types\/product"}],"replies":[{"embeddable":true,"href":"https:\/\/www.zmsh-semitech.com\/it\/wp-json\/wp\/v2\/comments?post=2173"}],"version-history":[{"count":1,"href":"https:\/\/www.zmsh-semitech.com\/it\/wp-json\/wp\/v2\/product\/2173\/revisions"}],"predecessor-version":[{"id":2179,"href":"https:\/\/www.zmsh-semitech.com\/it\/wp-json\/wp\/v2\/product\/2173\/revisions\/2179"}],"wp:featuredmedia":[{"embeddable":true,"href":"https:\/\/www.zmsh-semitech.com\/it\/wp-json\/wp\/v2\/media\/2174"}],"wp:attachment":[{"href":"https:\/\/www.zmsh-semitech.com\/it\/wp-json\/wp\/v2\/media?parent=2173"}],"wp:term":[{"taxonomy":"product_brand","embeddable":true,"href":"https:\/\/www.zmsh-semitech.com\/it\/wp-json\/wp\/v2\/product_brand?post=2173"},{"taxonomy":"product_cat","embeddable":true,"href":"https:\/\/www.zmsh-semitech.com\/it\/wp-json\/wp\/v2\/product_cat?post=2173"},{"taxonomy":"product_tag","embeddable":true,"href":"https:\/\/www.zmsh-semitech.com\/it\/wp-json\/wp\/v2\/product_tag?post=2173"}],"curies":[{"name":"wp","href":"https:\/\/api.w.org\/{rel}","templated":true}]}}