{"id":2167,"date":"2026-04-14T02:28:42","date_gmt":"2026-04-14T02:28:42","guid":{"rendered":"https:\/\/www.zmsh-semitech.com\/?post_type=product&#038;p=2167"},"modified":"2026-04-14T02:28:45","modified_gmt":"2026-04-14T02:28:45","slug":"4-inch-4h-n-silicon-carbide-wafer","status":"publish","type":"product","link":"https:\/\/www.zmsh-semitech.com\/it\/product\/4-inch-4h-n-silicon-carbide-wafer\/","title":{"rendered":"Wafer in carburo di silicio da 4 pollici e 100 mm 4H-N"},"content":{"rendered":"<p data-start=\"161\" data-end=\"420\"><img fetchpriority=\"high\" decoding=\"async\" class=\"alignright wp-image-2171 size-medium\" src=\"https:\/\/www.zmsh-semitech.com\/wp-content\/uploads\/2026\/04\/4inch_silicon_carbide_wafers-300x300.webp\" alt=\"Wafer di carburo di silicio\" width=\"300\" height=\"300\" srcset=\"https:\/\/www.zmsh-semitech.com\/wp-content\/uploads\/2026\/04\/4inch_silicon_carbide_wafers-300x300.webp 300w, https:\/\/www.zmsh-semitech.com\/wp-content\/uploads\/2026\/04\/4inch_silicon_carbide_wafers-150x150.webp 150w, https:\/\/www.zmsh-semitech.com\/wp-content\/uploads\/2026\/04\/4inch_silicon_carbide_wafers-768x768.webp 768w, https:\/\/www.zmsh-semitech.com\/wp-content\/uploads\/2026\/04\/4inch_silicon_carbide_wafers-12x12.webp 12w, https:\/\/www.zmsh-semitech.com\/wp-content\/uploads\/2026\/04\/4inch_silicon_carbide_wafers-600x600.webp 600w, https:\/\/www.zmsh-semitech.com\/wp-content\/uploads\/2026\/04\/4inch_silicon_carbide_wafers-100x100.webp 100w, https:\/\/www.zmsh-semitech.com\/wp-content\/uploads\/2026\/04\/4inch_silicon_carbide_wafers.webp 800w\" sizes=\"(max-width: 300px) 100vw, 300px\" \/>Il wafer di carburo di silicio 4H-N da 4 pollici \u00e8 un substrato conduttivo di SiC progettato per applicazioni avanzate di semiconduttori di potenza. Si basa sul politipo di cristallo 4H, ampiamente riconosciuto nel settore per le sue prestazioni elettriche e termiche superiori.<\/p>\n<p data-start=\"422\" data-end=\"752\">Il carburo di silicio appartiene alla terza generazione di materiali semiconduttori e offre vantaggi significativi rispetto al silicio tradizionale. L'ampio bandgap, l'elevato campo elettrico di breakdown e l'eccellente conducibilit\u00e0 termica lo rendono particolarmente adatto ai dispositivi che operano in condizioni di alta tensione, alta frequenza e alta temperatura.<\/p>\n<p data-start=\"754\" data-end=\"1163\">Questo wafer \u00e8 comunemente utilizzato per la produzione di dispositivi di potenza come MOSFET, diodi a barriera Schottky, JFET e IGBT. Questi dispositivi sono componenti fondamentali nei moderni sistemi energetici, dove efficienza, affidabilit\u00e0 e design compatto sono essenziali. Il formato da 4 pollici offre un equilibrio tra efficienza dei costi e resa dei dispositivi, rendendolo ampiamente adottato sia nella ricerca che negli ambienti di produzione industriale.<\/p>\n<h2 data-section-id=\"1a3ueyz\" data-start=\"1170\" data-end=\"1187\">Specifiche tecniche<\/h2>\n<div class=\"TyagGW_tableContainer\">\n<div class=\"group TyagGW_tableWrapper flex flex-col-reverse w-fit\" tabindex=\"-1\">\n<table class=\"w-fit min-w-(--thread-content-width)\" data-start=\"1189\" data-end=\"1522\">\n<thead data-start=\"1189\" data-end=\"1210\">\n<tr data-start=\"1189\" data-end=\"1210\">\n<th class=\"\" data-start=\"1189\" data-end=\"1201\" data-col-size=\"sm\">Parametro<\/th>\n<th class=\"\" data-start=\"1201\" data-end=\"1210\" data-col-size=\"sm\">Valore<\/th>\n<\/tr>\n<\/thead>\n<tbody data-start=\"1231\" data-end=\"1522\">\n<tr data-start=\"1231\" data-end=\"1258\">\n<td data-start=\"1231\" data-end=\"1242\" data-col-size=\"sm\">Diametro<\/td>\n<td data-col-size=\"sm\" data-start=\"1242\" data-end=\"1258\">100 \u00b1 0,5 mm<\/td>\n<\/tr>\n<tr data-start=\"1259\" data-end=\"1286\">\n<td data-start=\"1259\" data-end=\"1271\" data-col-size=\"sm\">Spessore<\/td>\n<td data-col-size=\"sm\" data-start=\"1271\" data-end=\"1286\">350 \u00b1 25 \u03bcm<\/td>\n<\/tr>\n<tr data-start=\"1287\" data-end=\"1304\">\n<td data-start=\"1287\" data-end=\"1298\" data-col-size=\"sm\">Politipo<\/td>\n<td data-col-size=\"sm\" data-start=\"1298\" data-end=\"1304\">4H<\/td>\n<\/tr>\n<tr data-start=\"1305\" data-end=\"1335\">\n<td data-start=\"1305\" data-end=\"1325\" data-col-size=\"sm\">Tipo di conducibilit\u00e0<\/td>\n<td data-col-size=\"sm\" data-start=\"1325\" data-end=\"1335\">Tipo N<\/td>\n<\/tr>\n<tr data-start=\"1336\" data-end=\"1371\">\n<td data-start=\"1336\" data-end=\"1356\" data-col-size=\"sm\">Ruvidit\u00e0 della superficie<\/td>\n<td data-col-size=\"sm\" data-start=\"1356\" data-end=\"1371\">Ra \u2264 0,2 nm<\/td>\n<\/tr>\n<tr data-start=\"1372\" data-end=\"1389\">\n<td data-start=\"1372\" data-end=\"1378\" data-col-size=\"sm\">TTV<\/td>\n<td data-col-size=\"sm\" data-start=\"1378\" data-end=\"1389\">\u2264 10 \u03bcm<\/td>\n<\/tr>\n<tr data-start=\"1390\" data-end=\"1408\">\n<td data-start=\"1390\" data-end=\"1397\" data-col-size=\"sm\">Ordito<\/td>\n<td data-start=\"1397\" data-end=\"1408\" data-col-size=\"sm\">\u2264 30 \u03bcm<\/td>\n<\/tr>\n<tr data-start=\"1409\" data-end=\"1444\">\n<td data-start=\"1409\" data-end=\"1426\" data-col-size=\"sm\">Densit\u00e0 dei difetti<\/td>\n<td data-col-size=\"sm\" data-start=\"1426\" data-end=\"1444\">MPD &lt; 1 ea\/cm\u00b2<\/td>\n<\/tr>\n<tr data-start=\"1445\" data-end=\"1480\">\n<td data-start=\"1445\" data-end=\"1452\" data-col-size=\"sm\">Bordo<\/td>\n<td data-start=\"1452\" data-end=\"1480\" data-col-size=\"sm\">Smusso a 45\u00b0, standard SEMI<\/td>\n<\/tr>\n<tr data-start=\"1481\" data-end=\"1522\">\n<td data-start=\"1481\" data-end=\"1489\" data-col-size=\"sm\">Grado<\/td>\n<td data-col-size=\"sm\" data-start=\"1489\" data-end=\"1522\">Produzione \/ Ricerca \/ Manichino<\/td>\n<\/tr>\n<\/tbody>\n<\/table>\n<\/div>\n<\/div>\n<p data-start=\"1524\" data-end=\"1670\">Questi parametri garantiscono un'elevata qualit\u00e0 superficiale e stabilit\u00e0 dimensionale, essenziali per i processi di crescita epitassiale e di fabbricazione dei dispositivi.<\/p>\n<h2 data-section-id=\"1p4die8\" data-start=\"1677\" data-end=\"1704\">Caratteristiche del materiale<\/h2>\n<p data-start=\"1706\" data-end=\"1943\">Il carburo di silicio presenta un ampio bandgap di circa 3,26 eV, che consente ai dispositivi di funzionare a tensioni significativamente pi\u00f9 elevate rispetto al silicio. Ci\u00f2 si traduce in una migliore capacit\u00e0 di gestione della potenza e in una riduzione delle perdite di conduzione.<img decoding=\"async\" class=\"size-medium wp-image-2170 alignright\" src=\"https:\/\/www.zmsh-semitech.com\/wp-content\/uploads\/2026\/04\/4inch_silicon_carbide_wafers2-300x300.webp\" alt=\"\" width=\"300\" height=\"300\" srcset=\"https:\/\/www.zmsh-semitech.com\/wp-content\/uploads\/2026\/04\/4inch_silicon_carbide_wafers2-300x300.webp 300w, https:\/\/www.zmsh-semitech.com\/wp-content\/uploads\/2026\/04\/4inch_silicon_carbide_wafers2-150x150.webp 150w, https:\/\/www.zmsh-semitech.com\/wp-content\/uploads\/2026\/04\/4inch_silicon_carbide_wafers2-768x768.webp 768w, https:\/\/www.zmsh-semitech.com\/wp-content\/uploads\/2026\/04\/4inch_silicon_carbide_wafers2-12x12.webp 12w, https:\/\/www.zmsh-semitech.com\/wp-content\/uploads\/2026\/04\/4inch_silicon_carbide_wafers2-600x600.webp 600w, https:\/\/www.zmsh-semitech.com\/wp-content\/uploads\/2026\/04\/4inch_silicon_carbide_wafers2-100x100.webp 100w, https:\/\/www.zmsh-semitech.com\/wp-content\/uploads\/2026\/04\/4inch_silicon_carbide_wafers2.webp 800w\" sizes=\"(max-width: 300px) 100vw, 300px\" \/><\/p>\n<p data-start=\"1945\" data-end=\"2159\">Un'altra propriet\u00e0 importante \u00e8 l'elevato campo elettrico di ripartizione, che pu\u00f2 essere quasi dieci volte superiore a quello del silicio. Ci\u00f2 consente di realizzare strutture di dispositivi pi\u00f9 sottili e di ottenere una maggiore efficienza nei sistemi di conversione dell'energia.<\/p>\n<p data-start=\"2161\" data-end=\"2440\">Anche la conduttivit\u00e0 termica \u00e8 un vantaggio fondamentale. Il SiC conduce il calore in modo tre volte pi\u00f9 efficace del silicio, consentendo ai dispositivi di mantenere prestazioni stabili in condizioni di carico elevato. Ci\u00f2 riduce la necessit\u00e0 di sistemi di raffreddamento complessi e migliora l'affidabilit\u00e0 complessiva del sistema.<\/p>\n<p data-start=\"2442\" data-end=\"2702\">Inoltre, il carburo di silicio mantiene stabili le caratteristiche elettriche a temperature superiori ai 600\u00b0C. Ci\u00f2 lo rende particolarmente adatto ad applicazioni in ambienti difficili, come i sistemi di alimentazione automobilistici, gli azionamenti industriali e l'elettronica aerospaziale.<\/p>\n<p data-start=\"2704\" data-end=\"2856\">Il materiale offre anche un'elevata mobilit\u00e0 degli elettroni e una bassa resistenza di accensione, contribuendo a velocizzare la commutazione e a ridurre la perdita di energia nei dispositivi di potenza.<\/p>\n<h2 data-section-id=\"1m1028d\" data-start=\"2863\" data-end=\"2887\">Dimensioni dei wafer disponibili<\/h2>\n<p data-start=\"2889\" data-end=\"2984\">I wafer di carburo di silicio sono disponibili in diversi diametri per soddisfare le diverse esigenze applicative:<\/p>\n<div class=\"TyagGW_tableContainer\">\n<div class=\"group TyagGW_tableWrapper flex flex-col-reverse w-fit\" tabindex=\"-1\">\n<table class=\"w-fit min-w-(--thread-content-width)\" data-start=\"2986\" data-end=\"3227\">\n<thead data-start=\"2986\" data-end=\"3023\">\n<tr data-start=\"2986\" data-end=\"3023\">\n<th class=\"\" data-start=\"2986\" data-end=\"2993\" data-col-size=\"sm\">Dimensione<\/th>\n<th class=\"\" data-start=\"2993\" data-end=\"3004\" data-col-size=\"sm\">Diametro<\/th>\n<th class=\"\" data-start=\"3004\" data-end=\"3023\" data-col-size=\"sm\">Gamma di spessore<\/th>\n<\/tr>\n<\/thead>\n<tbody data-start=\"3061\" data-end=\"3227\">\n<tr data-start=\"3061\" data-end=\"3094\">\n<td data-start=\"3061\" data-end=\"3070\" data-col-size=\"sm\">2 pollici<\/td>\n<td data-col-size=\"sm\" data-start=\"3070\" data-end=\"3080\">50,8 mm<\/td>\n<td data-col-size=\"sm\" data-start=\"3080\" data-end=\"3094\">330-350 \u03bcm<\/td>\n<\/tr>\n<tr data-start=\"3095\" data-end=\"3128\">\n<td data-start=\"3095\" data-end=\"3104\" data-col-size=\"sm\">3 pollici<\/td>\n<td data-col-size=\"sm\" data-start=\"3104\" data-end=\"3114\">76,2 mm<\/td>\n<td data-col-size=\"sm\" data-start=\"3114\" data-end=\"3128\">350-500 \u03bcm<\/td>\n<\/tr>\n<tr data-start=\"3129\" data-end=\"3161\">\n<td data-start=\"3129\" data-end=\"3138\" data-col-size=\"sm\">4 pollici<\/td>\n<td data-col-size=\"sm\" data-start=\"3138\" data-end=\"3147\">100 mm<\/td>\n<td data-col-size=\"sm\" data-start=\"3147\" data-end=\"3161\">350-500 \u03bcm<\/td>\n<\/tr>\n<tr data-start=\"3162\" data-end=\"3194\">\n<td data-start=\"3162\" data-end=\"3171\" data-col-size=\"sm\">6 pollici<\/td>\n<td data-col-size=\"sm\" data-start=\"3171\" data-end=\"3180\">150 mm<\/td>\n<td data-col-size=\"sm\" data-start=\"3180\" data-end=\"3194\">350-500 \u03bcm<\/td>\n<\/tr>\n<tr data-start=\"3195\" data-end=\"3227\">\n<td data-start=\"3195\" data-end=\"3204\" data-col-size=\"sm\">8 pollici<\/td>\n<td data-col-size=\"sm\" data-start=\"3204\" data-end=\"3213\">200 mm<\/td>\n<td data-col-size=\"sm\" data-start=\"3213\" data-end=\"3227\">350-500 \u03bcm<\/td>\n<\/tr>\n<\/tbody>\n<\/table>\n<\/div>\n<\/div>\n<p data-start=\"3229\" data-end=\"3350\">I tipi pi\u00f9 comuni includono il conduttivo 4H-N, il semi-isolante HPSI e altre varianti specializzate per applicazioni RF e di potenza.<\/p>\n<h2 data-section-id=\"mu966k\" data-start=\"3357\" data-end=\"3372\">Applicazioni<\/h2>\n<p data-start=\"3374\" data-end=\"3574\">Nei veicoli elettrici, i wafer SiC sono utilizzati negli inverter di trazione, nei caricabatterie di bordo e nei convertitori DC-DC. Migliorano l'efficienza energetica, riducono la generazione di calore e consentono di progettare sistemi pi\u00f9 compatti.<img decoding=\"async\" class=\"size-medium wp-image-2169 alignright\" src=\"https:\/\/www.zmsh-semitech.com\/wp-content\/uploads\/2026\/04\/4inch_silicon_carbide_wafers4-300x300.webp\" alt=\"\" width=\"300\" height=\"300\" srcset=\"https:\/\/www.zmsh-semitech.com\/wp-content\/uploads\/2026\/04\/4inch_silicon_carbide_wafers4-300x300.webp 300w, https:\/\/www.zmsh-semitech.com\/wp-content\/uploads\/2026\/04\/4inch_silicon_carbide_wafers4-150x150.webp 150w, https:\/\/www.zmsh-semitech.com\/wp-content\/uploads\/2026\/04\/4inch_silicon_carbide_wafers4-768x768.webp 768w, https:\/\/www.zmsh-semitech.com\/wp-content\/uploads\/2026\/04\/4inch_silicon_carbide_wafers4-12x12.webp 12w, https:\/\/www.zmsh-semitech.com\/wp-content\/uploads\/2026\/04\/4inch_silicon_carbide_wafers4-600x600.webp 600w, https:\/\/www.zmsh-semitech.com\/wp-content\/uploads\/2026\/04\/4inch_silicon_carbide_wafers4-100x100.webp 100w, https:\/\/www.zmsh-semitech.com\/wp-content\/uploads\/2026\/04\/4inch_silicon_carbide_wafers4.webp 800w\" sizes=\"(max-width: 300px) 100vw, 300px\" \/><\/p>\n<p data-start=\"3576\" data-end=\"3764\">Nei sistemi di energia rinnovabile, i dispositivi SiC sono applicati negli inverter solari e nei convertitori eolici. La loro elevata efficienza contribuisce a ridurre le perdite di energia e a migliorare le prestazioni del sistema.<\/p>\n<p data-start=\"3766\" data-end=\"3928\">Anche i sistemi industriali beneficiano della tecnologia SiC, soprattutto negli azionamenti dei motori ad alta potenza e nelle apparecchiature di automazione, dove l'affidabilit\u00e0 e la durata sono fondamentali.<\/p>\n<p data-start=\"3930\" data-end=\"4111\">Nelle infrastrutture delle reti elettriche, il carburo di silicio viene utilizzato nei sistemi di smart grid e nelle apparecchiature di trasmissione ad alta tensione per migliorare l'efficienza di conversione dell'energia e ridurre le perdite del sistema.<\/p>\n<p data-start=\"4113\" data-end=\"4266\">Le applicazioni aerospaziali e della difesa utilizzano il SiC per l'elettronica ad alta affidabilit\u00e0 che deve funzionare in condizioni ambientali e di temperatura estreme.<\/p>\n<h2 data-section-id=\"19b7k0q\" data-start=\"4273\" data-end=\"4296\">Confronto Si vs SiC<\/h2>\n<div class=\"TyagGW_tableContainer\">\n<div class=\"group TyagGW_tableWrapper flex flex-col-reverse w-fit\" tabindex=\"-1\">\n<table class=\"w-fit min-w-(--thread-content-width)\" data-start=\"4298\" data-end=\"4557\">\n<thead data-start=\"4298\" data-end=\"4338\">\n<tr data-start=\"4298\" data-end=\"4338\">\n<th class=\"\" data-start=\"4298\" data-end=\"4309\" data-col-size=\"sm\">Propriet\u00e0<\/th>\n<th class=\"\" data-start=\"4309\" data-end=\"4319\" data-col-size=\"sm\">Silicio<\/th>\n<th class=\"\" data-start=\"4319\" data-end=\"4338\" data-col-size=\"sm\">Carburo di silicio<\/th>\n<\/tr>\n<\/thead>\n<tbody data-start=\"4379\" data-end=\"4557\">\n<tr data-start=\"4379\" data-end=\"4410\">\n<td data-start=\"4379\" data-end=\"4389\" data-col-size=\"sm\">Bandgap<\/td>\n<td data-col-size=\"sm\" data-start=\"4389\" data-end=\"4399\">1,12 eV<\/td>\n<td data-col-size=\"sm\" data-start=\"4399\" data-end=\"4410\">3,26 eV<\/td>\n<\/tr>\n<tr data-start=\"4411\" data-end=\"4443\">\n<td data-start=\"4411\" data-end=\"4429\" data-col-size=\"sm\">Campo di ripartizione<\/td>\n<td data-col-size=\"sm\" data-start=\"4429\" data-end=\"4435\">Basso<\/td>\n<td data-col-size=\"sm\" data-start=\"4435\" data-end=\"4443\">Alto<\/td>\n<\/tr>\n<tr data-start=\"4444\" data-end=\"4486\">\n<td data-start=\"4444\" data-end=\"4467\" data-col-size=\"sm\">Conduttivit\u00e0 termica<\/td>\n<td data-col-size=\"sm\" data-start=\"4467\" data-end=\"4478\">Moderato<\/td>\n<td data-col-size=\"sm\" data-start=\"4478\" data-end=\"4486\">Alto<\/td>\n<\/tr>\n<tr data-start=\"4487\" data-end=\"4524\">\n<td data-start=\"4487\" data-end=\"4505\" data-col-size=\"sm\">Temperatura massima<\/td>\n<td data-col-size=\"sm\" data-start=\"4505\" data-end=\"4514\">~150\u00b0C<\/td>\n<td data-col-size=\"sm\" data-start=\"4514\" data-end=\"4524\">&gt;600\u00b0C<\/td>\n<\/tr>\n<tr data-start=\"4525\" data-end=\"4557\">\n<td data-start=\"4525\" data-end=\"4538\" data-col-size=\"sm\">Efficienza<\/td>\n<td data-col-size=\"sm\" data-start=\"4538\" data-end=\"4549\">Standard<\/td>\n<td data-col-size=\"sm\" data-start=\"4549\" data-end=\"4557\">Alto<\/td>\n<\/tr>\n<\/tbody>\n<\/table>\n<\/div>\n<\/div>\n<p data-start=\"4559\" data-end=\"4716\">Il silicio rimane adatto per l'elettronica convenzionale e a bassa potenza, mentre il carburo di silicio \u00e8 sempre pi\u00f9 preferito per i sistemi ad alta potenza e ad alta efficienza.<\/p>\n<h2 data-section-id=\"1hryhf7\" data-start=\"4723\" data-end=\"4729\">FAQ<\/h2>\n<p data-start=\"4731\" data-end=\"5020\"><strong>D: Qual \u00e8 la differenza tra i wafer di silicio e di carburo di silicio?<\/strong><br data-start=\"4800\" data-end=\"4803\" \/>I wafer di silicio sono ampiamente utilizzati nei circuiti integrati e nei dispositivi elettronici standard. I wafer di carburo di silicio sono progettati per l'elettronica di potenza, dove sono richieste alta tensione, alta temperatura e alta efficienza.<\/p>\n<p data-start=\"5022\" data-end=\"5286\"><strong>D: Come si colloca il SiC rispetto al GaN?<\/strong><br data-start=\"5055\" data-end=\"5058\" \/>Il SiC \u00e8 tipicamente utilizzato in applicazioni ad alta tensione e ad alta potenza, come i veicoli elettrici e le reti elettriche. Il GaN \u00e8 pi\u00f9 adatto per applicazioni ad alta frequenza e a bassa tensione, come i sistemi RF e i dispositivi di ricarica rapida.<\/p>\n<p data-start=\"5288\" data-end=\"5529\"><strong>D: Il carburo di silicio \u00e8 una ceramica o un semiconduttore?<\/strong><br data-start=\"5339\" data-end=\"5342\" \/>Il carburo di silicio \u00e8 sia una ceramica che un semiconduttore. Combina un'elevata resistenza meccanica con eccellenti propriet\u00e0 elettriche, che lo rendono adatto alle applicazioni elettroniche pi\u00f9 esigenti.<\/p>\n<p data-start=\"5551\" data-end=\"5953\">","protected":false},"excerpt":{"rendered":"<p>Il wafer da 4 pollici 4H-N in carburo di silicio \u00e8 un materiale fondamentale per la moderna elettronica di potenza. La sua combinazione di efficienza elettrica, prestazioni termiche e affidabilit\u00e0 lo rende un substrato essenziale per i dispositivi di nuova generazione. Poich\u00e9 le industrie continuano a richiedere una maggiore efficienza energetica e prestazioni di sistema, i wafer SiC stanno diventando sempre pi\u00f9 importanti nelle applicazioni commerciali e industriali.<\/p>","protected":false},"featured_media":2168,"comment_status":"open","ping_status":"closed","template":"","meta":{"site-sidebar-layout":"default","site-content-layout":"","ast-site-content-layout":"default","site-content-style":"default","site-sidebar-style":"default","ast-global-header-display":"","ast-banner-title-visibility":"","ast-main-header-display":"","ast-hfb-above-header-display":"","ast-hfb-below-header-display":"","ast-hfb-mobile-header-display":"","site-post-title":"","ast-breadcrumbs-content":"","ast-featured-img":"","footer-sml-layout":"","ast-disable-related-posts":"","theme-transparent-header-meta":"default","adv-header-id-meta":"","stick-header-meta":"default","header-above-stick-meta":"","header-main-stick-meta":"","header-below-stick-meta":"","astra-migrate-meta-layouts":"set","ast-page-background-enabled":"default","ast-page-background-meta":{"desktop":{"background-color":"var(--ast-global-color-4)","background-image":"","background-repeat":"repeat","background-position":"center center","background-size":"auto","background-attachment":"scroll","background-type":"","background-media":"","overlay-type":"","overlay-color":"","overlay-opacity":"","overlay-gradient":""},"tablet":{"background-color":"","background-image":"","background-repeat":"repeat","background-position":"center center","background-size":"auto","background-attachment":"scroll","background-type":"","background-media":"","overlay-type":"","overlay-color":"","overlay-opacity":"","overlay-gradient":""},"mobile":{"background-color":"","background-image":"","background-repeat":"repeat","background-position":"center center","background-size":"auto","background-attachment":"scroll","background-type":"","background-media":"","overlay-type":"","overlay-color":"","overlay-opacity":"","overlay-gradient":""}},"ast-content-background-meta":{"desktop":{"background-color":"var(--ast-global-color-5)","background-image":"","background-repeat":"repeat","background-position":"center center","background-size":"auto","background-attachment":"scroll","background-type":"","background-media":"","overlay-type":"","overlay-color":"","overlay-opacity":"","overlay-gradient":""},"tablet":{"background-color":"var(--ast-global-color-5)","background-image":"","background-repeat":"repeat","background-position":"center center","background-size":"auto","background-attachment":"scroll","background-type":"","background-media":"","overlay-type":"","overlay-color":"","overlay-opacity":"","overlay-gradient":""},"mobile":{"background-color":"var(--ast-global-color-5)","background-image":"","background-repeat":"repeat","background-position":"center center","background-size":"auto","background-attachment":"scroll","background-type":"","background-media":"","overlay-type":"","overlay-color":"","overlay-opacity":"","overlay-gradient":""}}},"product_brand":[],"product_cat":[729],"product_tag":[930,929,935,931,932,934,933,928,927,692],"class_list":{"0":"post-2167","1":"product","2":"type-product","3":"status-publish","4":"has-post-thumbnail","6":"product_cat-wafer","7":"product_tag-4-inch-sic-wafer","8":"product_tag-4h-n-sic","9":"product_tag-ev-power-electronics-material","10":"product_tag-n-type-sic-wafer","11":"product_tag-power-semiconductor-material","12":"product_tag-schottky-diode-substrate","13":"product_tag-sic-mosfet-wafer","14":"product_tag-sic-substrate","15":"product_tag-silicon-carbide-wafer","16":"product_tag-wide-bandgap-semiconductor","17":"desktop-align-left","18":"tablet-align-left","19":"mobile-align-left","20":"ast-product-gallery-layout-horizontal-slider","21":"ast-product-tabs-layout-horizontal","23":"first","24":"instock","25":"shipping-taxable","26":"product-type-simple"},"_links":{"self":[{"href":"https:\/\/www.zmsh-semitech.com\/it\/wp-json\/wp\/v2\/product\/2167","targetHints":{"allow":["GET"]}}],"collection":[{"href":"https:\/\/www.zmsh-semitech.com\/it\/wp-json\/wp\/v2\/product"}],"about":[{"href":"https:\/\/www.zmsh-semitech.com\/it\/wp-json\/wp\/v2\/types\/product"}],"replies":[{"embeddable":true,"href":"https:\/\/www.zmsh-semitech.com\/it\/wp-json\/wp\/v2\/comments?post=2167"}],"version-history":[{"count":1,"href":"https:\/\/www.zmsh-semitech.com\/it\/wp-json\/wp\/v2\/product\/2167\/revisions"}],"predecessor-version":[{"id":2172,"href":"https:\/\/www.zmsh-semitech.com\/it\/wp-json\/wp\/v2\/product\/2167\/revisions\/2172"}],"wp:featuredmedia":[{"embeddable":true,"href":"https:\/\/www.zmsh-semitech.com\/it\/wp-json\/wp\/v2\/media\/2168"}],"wp:attachment":[{"href":"https:\/\/www.zmsh-semitech.com\/it\/wp-json\/wp\/v2\/media?parent=2167"}],"wp:term":[{"taxonomy":"product_brand","embeddable":true,"href":"https:\/\/www.zmsh-semitech.com\/it\/wp-json\/wp\/v2\/product_brand?post=2167"},{"taxonomy":"product_cat","embeddable":true,"href":"https:\/\/www.zmsh-semitech.com\/it\/wp-json\/wp\/v2\/product_cat?post=2167"},{"taxonomy":"product_tag","embeddable":true,"href":"https:\/\/www.zmsh-semitech.com\/it\/wp-json\/wp\/v2\/product_tag?post=2167"}],"curies":[{"name":"wp","href":"https:\/\/api.w.org\/{rel}","templated":true}]}}