{"id":2154,"date":"2026-04-09T07:52:50","date_gmt":"2026-04-09T07:52:50","guid":{"rendered":"https:\/\/www.zmsh-semitech.com\/?post_type=product&#038;p=2154"},"modified":"2026-04-09T09:41:00","modified_gmt":"2026-04-09T09:41:00","slug":"hp-8201-fully-automatic-8-inch-wafer-dicing-machine","status":"publish","type":"product","link":"https:\/\/www.zmsh-semitech.com\/it\/product\/hp-8201-fully-automatic-8-inch-wafer-dicing-machine\/","title":{"rendered":"HP-8201 Macchina per il taglio dei wafer da 8 pollici completamente automatica"},"content":{"rendered":"<p data-start=\"203\" data-end=\"763\"><img fetchpriority=\"high\" decoding=\"async\" class=\"size-medium wp-image-2157 alignright\" src=\"https:\/\/www.zmsh-semitech.com\/wp-content\/uploads\/2026\/04\/HP-8201-Fully-Automatic-8-Inch-Wafer-Dicing-Machine-1-300x300.png\" alt=\"\" width=\"300\" height=\"300\" srcset=\"https:\/\/www.zmsh-semitech.com\/wp-content\/uploads\/2026\/04\/HP-8201-Fully-Automatic-8-Inch-Wafer-Dicing-Machine-1-300x300.png 300w, https:\/\/www.zmsh-semitech.com\/wp-content\/uploads\/2026\/04\/HP-8201-Fully-Automatic-8-Inch-Wafer-Dicing-Machine-1-150x150.png 150w, https:\/\/www.zmsh-semitech.com\/wp-content\/uploads\/2026\/04\/HP-8201-Fully-Automatic-8-Inch-Wafer-Dicing-Machine-1-768x768.png 768w, https:\/\/www.zmsh-semitech.com\/wp-content\/uploads\/2026\/04\/HP-8201-Fully-Automatic-8-Inch-Wafer-Dicing-Machine-1-12x12.png 12w, https:\/\/www.zmsh-semitech.com\/wp-content\/uploads\/2026\/04\/HP-8201-Fully-Automatic-8-Inch-Wafer-Dicing-Machine-1-600x600.png 600w, https:\/\/www.zmsh-semitech.com\/wp-content\/uploads\/2026\/04\/HP-8201-Fully-Automatic-8-Inch-Wafer-Dicing-Machine-1-100x100.png 100w, https:\/\/www.zmsh-semitech.com\/wp-content\/uploads\/2026\/04\/HP-8201-Fully-Automatic-8-Inch-Wafer-Dicing-Machine-1.png 1000w\" sizes=\"(max-width: 300px) 100vw, 300px\" \/>HP-8201 \u00e8 una cubettatrice per wafer completamente automatica e ad alta efficienza, progettata per il taglio di precisione di semiconduttori e materiali cristallini. Progettato per accogliere wafer fino a 8 pollici di diametro, questo sistema di taglio avanzato supporta un'ampia gamma di materiali, tra cui silicio (Si), carburo di silicio (SiC), tantalato di litio (LT) e niobato di litio (LN). L'HP-8201 combina velocit\u00e0, precisione e automazione in un'unica piattaforma, offrendo una soluzione completa per gli ambienti di produzione ad alto volume e per le esigenze di lavorazione di wafer specializzati.<\/p>\n<p data-start=\"765\" data-end=\"1153\">La macchina integra tutte le fasi critiche in un unico flusso di lavoro automatizzato: carico e scarico dei wafer, allineamento preciso, taglio a cubetti, pulizia post-taglio ed essiccazione. Riducendo l'intervento manuale, garantisce un'elevata produttivit\u00e0 mantenendo una qualit\u00e0 costante, rendendola ideale per settori come la produzione di semiconduttori, dispositivi MEMS, optoelettronica e sensori avanzati.<\/p>\n<h3 data-section-id=\"1q9yu5h\" data-start=\"1160\" data-end=\"1197\"><span role=\"text\">Caratteristiche e vantaggi principali<\/span><\/h3>\n<ul data-start=\"1199\" data-end=\"2995\">\n<li data-section-id=\"57r6pe\" data-start=\"1199\" data-end=\"1499\">Struttura a doppio mandrino contrapposto: L'HP-8201 adotta un design a doppio mandrino con una distanza ridotta tra i mandrini, consentendo operazioni di taglio simultanee. Questa configurazione migliora significativamente l'efficienza produttiva e la produttivit\u00e0, rendendola adatta ad ambienti di produzione ad alto volume.<\/li>\n<li data-section-id=\"1qbjmd8\" data-start=\"1501\" data-end=\"1787\">Flusso di lavoro completamente automatizzato: La macchina offre un'automazione end-to-end che comprende la manipolazione dei wafer, l'allineamento, il taglio a cubetti e la pulizia\/asciugatura. Gli operatori possono ottenere una produzione continua con un coinvolgimento manuale minimo, riducendo i costi di manodopera e migliorando l'efficienza operativa complessiva.<\/li>\n<li data-section-id=\"499qor\" data-start=\"1789\" data-end=\"2157\">Sistema a doppio microscopio: Dotato di microscopi ad alto e basso ingrandimento, l'HP-8201 offre un preciso allineamento automatico dei wafer e un'accurata rilevazione dei segni delle lame. Inoltre, supporta la ravvivatura assistita Sub-C\/T delle lame, che garantisce condizioni costanti delle lame e prestazioni di taglio ottimali, con conseguente miglioramento della resa e della qualit\u00e0 della superficie.<\/li>\n<li data-section-id=\"1pvlp5f\" data-start=\"2159\" data-end=\"2466\">Ugello doppio acqua-gas opzionale: Per i wafer che richiedono una pulizia superiore dopo il dicing, \u00e8 possibile installare un doppio ugello acqua-gas opzionale. Questa funzione rimuove efficacemente detriti e particelle, riducendo il rischio di contaminazione e garantendo superfici di wafer di alta qualit\u00e0 per la lavorazione a valle.<\/li>\n<li data-section-id=\"1yt1cve\" data-start=\"2468\" data-end=\"2698\">Capacit\u00e0 di taglio avanzate: Il sistema pu\u00f2 essere configurato con opzioni di taglio ad anello e rifilatura dei bordi, offrendo flessibilit\u00e0 per geometrie di wafer speciali o applicazioni che richiedono una finitura di precisione dei bordi.<\/li>\n<li data-section-id=\"14hno35\" data-start=\"2700\" data-end=\"2995\">Versatilit\u00e0 dei materiali: HP-8201 \u00e8 compatibile con un'ampia gamma di materiali, compresi substrati fragili come Si, SiC, LT e LN. La sua adattabilit\u00e0 garantisce agli utenti la possibilit\u00e0 di lavorare diversi tipi di wafer senza dover cambiare macchina, il che \u00e8 essenziale per le linee di produzione diversificate.<\/li>\n<\/ul>\n<h3 data-section-id=\"1880me3\" data-start=\"3002\" data-end=\"3036\"><span role=\"text\">Specifiche tecniche<\/span><\/h3>\n<div class=\"TyagGW_tableContainer\">\n<div class=\"group TyagGW_tableWrapper flex flex-col-reverse w-fit\" tabindex=\"-1\">\n<table class=\"w-fit min-w-(--thread-content-width)\" data-start=\"3038\" data-end=\"3378\">\n<thead data-start=\"3038\" data-end=\"3067\">\n<tr data-start=\"3038\" data-end=\"3067\">\n<th class=\"\" data-start=\"3038\" data-end=\"3050\" data-col-size=\"sm\">Parametro<\/th>\n<th class=\"\" data-start=\"3050\" data-end=\"3067\" data-col-size=\"md\">Specifiche<\/th>\n<\/tr>\n<\/thead>\n<tbody data-start=\"3098\" data-end=\"3378\">\n<tr data-start=\"3098\" data-end=\"3167\">\n<td data-start=\"3098\" data-end=\"3122\" data-col-size=\"sm\">Potenza e velocit\u00e0 del mandrino<\/td>\n<td data-col-size=\"md\" data-start=\"3122\" data-end=\"3167\">1,8kW \/ 2,2kW (opzionale) \/ 6000-60000 giri\/min.<\/td>\n<\/tr>\n<tr data-start=\"3168\" data-end=\"3188\">\n<td data-start=\"3168\" data-end=\"3182\" data-col-size=\"sm\">Dimensione della flangia<\/td>\n<td data-col-size=\"md\" data-start=\"3182\" data-end=\"3188\">2\u2033<\/td>\n<\/tr>\n<tr data-start=\"3189\" data-end=\"3235\">\n<td data-start=\"3189\" data-end=\"3214\" data-col-size=\"sm\">Dimensione massima del pezzo da lavorare<\/td>\n<td data-col-size=\"md\" data-start=\"3214\" data-end=\"3235\">Circolare: \u00f8200 mm<\/td>\n<\/tr>\n<tr data-start=\"3236\" data-end=\"3323\">\n<td data-start=\"3236\" data-end=\"3257\" data-col-size=\"sm\">Configurazione dell'obiettivo<\/td>\n<td data-col-size=\"md\" data-start=\"3257\" data-end=\"3323\">Ingrandimento alto: 7,5\u00d7 \/ Basso ingrandimento: 0,75\u00d7 (opzionale)<\/td>\n<\/tr>\n<tr data-start=\"3324\" data-end=\"3378\">\n<td data-start=\"3324\" data-end=\"3353\" data-col-size=\"sm\">Dimensioni della macchina (L\u00d7P\u00d7H)<\/td>\n<td data-col-size=\"md\" data-start=\"3353\" data-end=\"3378\">1190 \u00d7 1150 \u00d7 1850 mm<\/td>\n<\/tr>\n<\/tbody>\n<\/table>\n<\/div>\n<\/div>\n<h3 data-section-id=\"xdxar3\" data-start=\"3385\" data-end=\"3407\"><span role=\"text\">Applicazioni<\/span><\/h3>\n<p data-start=\"3409\" data-end=\"3545\">L'HP-8201 \u00e8 stato progettato per soddisfare le esigenze della moderna lavorazione dei semiconduttori e dei materiali cristallini. Le applicazioni tipiche includono:<\/p>\n<ol data-start=\"3547\" data-end=\"4222\">\n<li data-section-id=\"5ewhyp\" data-start=\"3547\" data-end=\"3678\">Taglio di wafer di semiconduttori: Taglio di wafer di silicio e SiC per circuiti integrati, dispositivi di potenza e componenti MEMS.<\/li>\n<li data-section-id=\"vngdi7\" data-start=\"3679\" data-end=\"3824\">Dispositivi optoelettronici: Taglio di precisione di wafer LT e LN utilizzati per modulatori ottici, dispositivi acustici e componenti piezoelettrici.<\/li>\n<li data-section-id=\"13045vh\" data-start=\"3825\" data-end=\"3955\">Rifilatura dei bordi e taglio ad anello: Lavorazione specializzata per wafer che richiedono forme personalizzate o difetti ridotti dei bordi.<\/li>\n<li data-section-id=\"14a93cw\" data-start=\"3956\" data-end=\"4083\">Produzione di grandi volumi: Produzione automatizzata e continua con elevata ripetibilit\u00e0 e minimo intervento dell'operatore.<\/li>\n<li data-section-id=\"kp3x5v\" data-start=\"4084\" data-end=\"4222\">Ricerca e sviluppo: Lavorazione flessibile per wafer sperimentali o applicazioni di alta precisione in volumi ridotti in laboratori avanzati.<\/li>\n<\/ol>\n<h3 data-section-id=\"14nwj98\" data-start=\"4229\" data-end=\"4258\"><span role=\"text\"><img decoding=\"async\" class=\"size-medium wp-image-2122 alignright\" src=\"https:\/\/www.zmsh-semitech.com\/wp-content\/uploads\/2026\/04\/Wafer-Back-Grinding-Machine-300x300.png\" alt=\"\" width=\"300\" height=\"300\" srcset=\"https:\/\/www.zmsh-semitech.com\/wp-content\/uploads\/2026\/04\/Wafer-Back-Grinding-Machine-300x300.png 300w, https:\/\/www.zmsh-semitech.com\/wp-content\/uploads\/2026\/04\/Wafer-Back-Grinding-Machine-150x150.png 150w, https:\/\/www.zmsh-semitech.com\/wp-content\/uploads\/2026\/04\/Wafer-Back-Grinding-Machine-768x768.png 768w, https:\/\/www.zmsh-semitech.com\/wp-content\/uploads\/2026\/04\/Wafer-Back-Grinding-Machine-12x12.png 12w, https:\/\/www.zmsh-semitech.com\/wp-content\/uploads\/2026\/04\/Wafer-Back-Grinding-Machine-600x600.png 600w, https:\/\/www.zmsh-semitech.com\/wp-content\/uploads\/2026\/04\/Wafer-Back-Grinding-Machine-100x100.png 100w, https:\/\/www.zmsh-semitech.com\/wp-content\/uploads\/2026\/04\/Wafer-Back-Grinding-Machine.png 1000w\" sizes=\"(max-width: 300px) 100vw, 300px\" \/>Perch\u00e9 scegliere HP-8201?<\/span><\/h3>\n<ul data-start=\"4260\" data-end=\"4941\">\n<li data-section-id=\"9bxm8z\" data-start=\"4260\" data-end=\"4392\">Efficienza migliorata: I doppi mandrini contrapposti e la distanza ridotta tra i mandrini consentono una produzione pi\u00f9 rapida e tagli pi\u00f9 precisi.<\/li>\n<li data-section-id=\"1obg754\" data-start=\"4393\" data-end=\"4533\">Precisione superiore: Il sistema a doppio microscopio garantisce l'accuratezza dell'allineamento e il rilevamento preciso dei segni della lama per una qualit\u00e0 costante del wafer.<\/li>\n<li data-section-id=\"1lrcp5y\" data-start=\"4534\" data-end=\"4659\">Versatile e flessibile: Supporta un'ampia variet\u00e0 di materiali e moduli opzionali per la rifilatura dei bordi e il taglio ad anello.<\/li>\n<li data-section-id=\"i1ymyp\" data-start=\"4660\" data-end=\"4799\">Pulizia e asciugatura integrate: Riduce le fasi di post-elaborazione e garantisce superfici pulite dei wafer, fondamentali per una produzione ad alto rendimento.<\/li>\n<li data-section-id=\"1baebkj\" data-start=\"4800\" data-end=\"4941\">Automazione affidabile: Il caricamento, il taglio e la pulizia completamente automatizzati riducono al minimo gli errori umani e migliorano l'affidabilit\u00e0 generale della produzione.<\/li>\n<\/ul>\n<p data-start=\"4943\" data-end=\"5191\">L'HP-8201 \u00e8 una soluzione completa per le operazioni di taglio dei wafer, che combina velocit\u00e0, precisione e versatilit\u00e0. \u00c8 stata progettata per i produttori che desiderano ottimizzare l'efficienza produttiva mantenendo i pi\u00f9 elevati standard di qualit\u00e0 dei wafer.<\/p>\n<h3 data-section-id=\"1vvukxy\" data-start=\"70\" data-end=\"128\"><span role=\"text\">FAQ\u00a0<\/span><\/h3>\n<p data-start=\"130\" data-end=\"313\">1. Quali materiali pu\u00f2 trattare l'HP-8201?<br data-start=\"176\" data-end=\"179\" \/>Supporta wafer fino a 8 pollici, inclusi Si, SiC, LT e LN, adatti a semiconduttori, MEMS e dispositivi optoelettronici.<\/p>\n<p data-start=\"315\" data-end=\"494\">2. Come si garantisce l'alta precisione?<br data-start=\"352\" data-end=\"355\" \/>Doppio mandrino, doppio microscopio e ravvivatura assistita delle lame Sub-C\/T garantiscono un allineamento accurato, un taglio preciso e una qualit\u00e0 costante.<\/p>\n<p data-start=\"496\" data-end=\"735\">3. Quali funzioni di automazione e opzionali sono disponibili?<br data-start=\"555\" data-end=\"558\" \/>L'automazione completa comprende il caricamento, l'allineamento, la cubettatura, la pulizia e l'asciugatura. La rifilatura dei bordi, il taglio ad anello e la pulizia a doppio ugello, opzionali, aumentano la flessibilit\u00e0 e l'efficienza.<\/p>","protected":false},"excerpt":{"rendered":"<p>HP-8201 \u00e8 una cubettatrice per wafer completamente automatica e ad alta efficienza, progettata per il taglio di precisione di semiconduttori e materiali cristallini. Progettato per accogliere wafer fino a 8 pollici di diametro, questo sistema di taglio avanzato supporta un'ampia gamma di materiali, tra cui silicio (Si), carburo di silicio (SiC), tantalato di litio (LT) e niobato di litio (LN).<\/p>","protected":false},"featured_media":2155,"comment_status":"open","ping_status":"closed","template":"","meta":{"site-sidebar-layout":"default","site-content-layout":"","ast-site-content-layout":"default","site-content-style":"default","site-sidebar-style":"default","ast-global-header-display":"","ast-banner-title-visibility":"","ast-main-header-display":"","ast-hfb-above-header-display":"","ast-hfb-below-header-display":"","ast-hfb-mobile-header-display":"","site-post-title":"","ast-breadcrumbs-content":"","ast-featured-img":"","footer-sml-layout":"","ast-disable-related-posts":"","theme-transparent-header-meta":"default","adv-header-id-meta":"","stick-header-meta":"default","header-above-stick-meta":"","header-main-stick-meta":"","header-below-stick-meta":"","astra-migrate-meta-layouts":"set","ast-page-background-enabled":"default","ast-page-background-meta":{"desktop":{"background-color":"var(--ast-global-color-4)","background-image":"","background-repeat":"repeat","background-position":"center center","background-size":"auto","background-attachment":"scroll","background-type":"","background-media":"","overlay-type":"","overlay-color":"","overlay-opacity":"","overlay-gradient":""},"tablet":{"background-color":"","background-image":"","background-repeat":"repeat","background-position":"center center","background-size":"auto","background-attachment":"scroll","background-type":"","background-media":"","overlay-type":"","overlay-color":"","overlay-opacity":"","overlay-gradient":""},"mobile":{"background-color":"","background-image":"","background-repeat":"repeat","background-position":"center center","background-size":"auto","background-attachment":"scroll","background-type":"","background-media":"","overlay-type":"","overlay-color":"","overlay-opacity":"","overlay-gradient":""}},"ast-content-background-meta":{"desktop":{"background-color":"var(--ast-global-color-5)","background-image":"","background-repeat":"repeat","background-position":"center center","background-size":"auto","background-attachment":"scroll","background-type":"","background-media":"","overlay-type":"","overlay-color":"","overlay-opacity":"","overlay-gradient":""},"tablet":{"background-color":"var(--ast-global-color-5)","background-image":"","background-repeat":"repeat","background-position":"center center","background-size":"auto","background-attachment":"scroll","background-type":"","background-media":"","overlay-type":"","overlay-color":"","overlay-opacity":"","overlay-gradient":""},"mobile":{"background-color":"var(--ast-global-color-5)","background-image":"","background-repeat":"repeat","background-position":"center center","background-size":"auto","background-attachment":"scroll","background-type":"","background-media":"","overlay-type":"","overlay-color":"","overlay-opacity":"","overlay-gradient":""}}},"product_brand":[],"product_cat":[878],"product_tag":[901,485,907,906,909,900,749,556,899,905,904,913,628,910,912,902,903,908,879,911],"class_list":{"0":"post-2154","1":"product","2":"type-product","3":"status-publish","4":"has-post-thumbnail","6":"product_cat-dicing-equipment","7":"product_tag-8-inch-wafers","8":"product_tag-automated-wafer-handling","9":"product_tag-dual-microscope","10":"product_tag-dual-spindle","11":"product_tag-edge-trimming","12":"product_tag-fully-automatic","13":"product_tag-high-throughput","14":"product_tag-high-precision-cutting","15":"product_tag-hp-8201","16":"product_tag-ln-wafers","17":"product_tag-lt-wafers","18":"product_tag-mems","19":"product_tag-optoelectronics","20":"product_tag-ring-cutting","21":"product_tag-semiconductor-processing","22":"product_tag-si-wafers","23":"product_tag-sic-wafers","24":"product_tag-sub-c-t-blade-dressing","25":"product_tag-wafer-dicing-machine","26":"product_tag-water-gas-dual-nozzle","27":"desktop-align-left","28":"tablet-align-left","29":"mobile-align-left","30":"ast-product-gallery-layout-horizontal-slider","31":"ast-product-gallery-with-no-image","32":"ast-product-tabs-layout-horizontal","34":"first","35":"instock","36":"shipping-taxable","37":"product-type-simple"},"_links":{"self":[{"href":"https:\/\/www.zmsh-semitech.com\/it\/wp-json\/wp\/v2\/product\/2154","targetHints":{"allow":["GET"]}}],"collection":[{"href":"https:\/\/www.zmsh-semitech.com\/it\/wp-json\/wp\/v2\/product"}],"about":[{"href":"https:\/\/www.zmsh-semitech.com\/it\/wp-json\/wp\/v2\/types\/product"}],"replies":[{"embeddable":true,"href":"https:\/\/www.zmsh-semitech.com\/it\/wp-json\/wp\/v2\/comments?post=2154"}],"version-history":[{"count":4,"href":"https:\/\/www.zmsh-semitech.com\/it\/wp-json\/wp\/v2\/product\/2154\/revisions"}],"predecessor-version":[{"id":2160,"href":"https:\/\/www.zmsh-semitech.com\/it\/wp-json\/wp\/v2\/product\/2154\/revisions\/2160"}],"wp:featuredmedia":[{"embeddable":true,"href":"https:\/\/www.zmsh-semitech.com\/it\/wp-json\/wp\/v2\/media\/2155"}],"wp:attachment":[{"href":"https:\/\/www.zmsh-semitech.com\/it\/wp-json\/wp\/v2\/media?parent=2154"}],"wp:term":[{"taxonomy":"product_brand","embeddable":true,"href":"https:\/\/www.zmsh-semitech.com\/it\/wp-json\/wp\/v2\/product_brand?post=2154"},{"taxonomy":"product_cat","embeddable":true,"href":"https:\/\/www.zmsh-semitech.com\/it\/wp-json\/wp\/v2\/product_cat?post=2154"},{"taxonomy":"product_tag","embeddable":true,"href":"https:\/\/www.zmsh-semitech.com\/it\/wp-json\/wp\/v2\/product_tag?post=2154"}],"curies":[{"name":"wp","href":"https:\/\/api.w.org\/{rel}","templated":true}]}}