{"id":2149,"date":"2026-04-09T07:24:36","date_gmt":"2026-04-09T07:24:36","guid":{"rendered":"https:\/\/www.zmsh-semitech.com\/?post_type=product&#038;p=2149"},"modified":"2026-04-09T07:24:37","modified_gmt":"2026-04-09T07:24:37","slug":"hp-1201-automatic-wafer-dicing-machine-for-large-format-precision-cutting","status":"publish","type":"product","link":"https:\/\/www.zmsh-semitech.com\/it\/product\/hp-1201-automatic-wafer-dicing-machine-for-large-format-precision-cutting\/","title":{"rendered":"HP-1201 Macchina automatica per il taglio di precisione dei wafer di grandi dimensioni"},"content":{"rendered":"<p data-start=\"317\" data-end=\"680\"><img fetchpriority=\"high\" decoding=\"async\" class=\"size-medium wp-image-2151 alignright\" src=\"https:\/\/www.zmsh-semitech.com\/wp-content\/uploads\/2026\/04\/HP-1201-Automatic-Wafer-Substrate-Dicing-Machine-for-Large-Format-Precision-Cutting-300x300.png\" alt=\"\" width=\"300\" height=\"300\" srcset=\"https:\/\/www.zmsh-semitech.com\/wp-content\/uploads\/2026\/04\/HP-1201-Automatic-Wafer-Substrate-Dicing-Machine-for-Large-Format-Precision-Cutting-300x300.png 300w, https:\/\/www.zmsh-semitech.com\/wp-content\/uploads\/2026\/04\/HP-1201-Automatic-Wafer-Substrate-Dicing-Machine-for-Large-Format-Precision-Cutting-150x150.png 150w, https:\/\/www.zmsh-semitech.com\/wp-content\/uploads\/2026\/04\/HP-1201-Automatic-Wafer-Substrate-Dicing-Machine-for-Large-Format-Precision-Cutting-768x768.png 768w, https:\/\/www.zmsh-semitech.com\/wp-content\/uploads\/2026\/04\/HP-1201-Automatic-Wafer-Substrate-Dicing-Machine-for-Large-Format-Precision-Cutting-12x12.png 12w, https:\/\/www.zmsh-semitech.com\/wp-content\/uploads\/2026\/04\/HP-1201-Automatic-Wafer-Substrate-Dicing-Machine-for-Large-Format-Precision-Cutting-600x600.png 600w, https:\/\/www.zmsh-semitech.com\/wp-content\/uploads\/2026\/04\/HP-1201-Automatic-Wafer-Substrate-Dicing-Machine-for-Large-Format-Precision-Cutting-100x100.png 100w, https:\/\/www.zmsh-semitech.com\/wp-content\/uploads\/2026\/04\/HP-1201-Automatic-Wafer-Substrate-Dicing-Machine-for-Large-Format-Precision-Cutting.png 1000w\" sizes=\"(max-width: 300px) 100vw, 300px\" \/>La cubettatrice automatica HP-1201 \u00e8 una soluzione ad alte prestazioni progettata specificamente per substrati di grande formato e applicazioni di taglio di pi\u00f9 pezzi. Progettato per soddisfare le esigenze in continua evoluzione del confezionamento dei semiconduttori e della lavorazione dei substrati, il sistema supporta sia la cubettatura di wafer (fino a 12 pollici) che di pezzi di grandi dimensioni fino a 400 \u00d7 400 mm.<\/p>\n<p data-start=\"682\" data-end=\"977\">Grazie alla sua robusta struttura a portale, alla configurazione a doppio mandrino contrapposto e alla piattaforma di lavoro personalizzabile, la HP-1201 offre rigidit\u00e0, stabilit\u00e0 e produttivit\u00e0 eccezionali. \u00c8 particolarmente adatta per applicazioni che prevedono l'uso di materiali in striscia, pannelli a pi\u00f9 stampi e layout di pezzi complessi.<\/p>\n<p data-start=\"979\" data-end=\"1181\">La macchina integra l'allineamento ad alta precisione, l'ispezione intelligente e le capacit\u00e0 di lavorazione flessibili, rappresentando la scelta ideale per i produttori che cercano produttivit\u00e0 e precisione di taglio.<\/p>\n<h2 data-section-id=\"1j5qwet\" data-start=\"1188\" data-end=\"1207\"><span role=\"text\">Caratteristiche principali<\/span><\/h2>\n<h3 data-section-id=\"1lkyyr4\" data-start=\"1209\" data-end=\"1256\"><span role=\"text\">1. Progettato per substrati di grande formato<\/span><\/h3>\n<p data-start=\"1257\" data-end=\"1364\">A differenza dei sistemi di cubettatura convenzionali, l'HP-1201 \u00e8 ottimizzato per pezzi di grandi dimensioni e substrati di imballaggio:<\/p>\n<ul data-start=\"1365\" data-end=\"1528\">\n<li data-section-id=\"122wrc4\" data-start=\"1365\" data-end=\"1420\">Supporta materiali quadrati fino a 400 mm \u00d7 400 mm<\/li>\n<li data-section-id=\"1w2sjk2\" data-start=\"1421\" data-end=\"1469\">Compatibile con wafer da 12 pollici e inferiori<\/li>\n<li data-section-id=\"bo18rw\" data-start=\"1470\" data-end=\"1528\">Ideale per i processi di confezionamento a livello di pannello e avanzati<\/li>\n<\/ul>\n<p data-start=\"1530\" data-end=\"1619\">Questo lo rende altamente adattabile sia ai semiconduttori che alle tecnologie di packaging emergenti.<\/p>\n<h3 data-section-id=\"1gerb2u\" data-start=\"1626\" data-end=\"1683\"><span role=\"text\">2. Capacit\u00e0 di taglio multipezzo ad alta efficienza<\/span><\/h3>\n<p data-start=\"1684\" data-end=\"1751\">Il sistema eccelle nelle applicazioni di elaborazione multi-strip e batch:<\/p>\n<ul data-start=\"1752\" data-end=\"1953\">\n<li data-section-id=\"12ne451\" data-start=\"1752\" data-end=\"1810\">Supporta il posizionamento simultaneo di pi\u00f9 pezzi<\/li>\n<li data-section-id=\"1ahonq2\" data-start=\"1811\" data-end=\"1889\">Esempio: \u00e8 possibile lavorare fino a 5 strisce (250 mm \u00d7 70 mm) in un ciclo.<\/li>\n<li data-section-id=\"91yitt\" data-start=\"1890\" data-end=\"1953\">Migliora significativamente la produttivit\u00e0 e riduce i tempi di movimentazione<\/li>\n<\/ul>\n<p data-start=\"1955\" data-end=\"2034\">Questa capacit\u00e0 \u00e8 particolarmente preziosa per gli ambienti di produzione ad alto volume.<\/p>\n<h3 data-section-id=\"pb7q73\" data-start=\"2041\" data-end=\"2096\"><span role=\"text\">3. Sistema a doppio mandrino contrapposto per la produttivit\u00e0<\/span><\/h3>\n<p data-start=\"2097\" data-end=\"2177\">L'HP-1201 presenta una struttura a doppio mandrino con una distanza tra i mandrini di \u2264 22 mm:<\/p>\n<ul data-start=\"2178\" data-end=\"2320\">\n<li data-section-id=\"126smyd\" data-start=\"2178\" data-end=\"2231\">Consente operazioni di taglio parallele o sequenziali<\/li>\n<li data-section-id=\"1phn8sk\" data-start=\"2232\" data-end=\"2264\">Riduce la distanza di viaggio al minimo<\/li>\n<li data-section-id=\"101lqcw\" data-start=\"2265\" data-end=\"2320\">Aumenta l'efficienza di taglio e la produttivit\u00e0 complessiva<\/li>\n<\/ul>\n<p data-start=\"2322\" data-end=\"2440\">In combinazione con la rotazione ad alta velocit\u00e0 del mandrino (fino a 60.000 giri\/min), il sistema garantisce una separazione rapida e precisa del materiale.<\/p>\n<h3 data-section-id=\"w5e11x\" data-start=\"2447\" data-end=\"2497\"><span role=\"text\">4. Struttura a portale per una maggiore stabilit\u00e0<\/span><\/h3>\n<p data-start=\"2498\" data-end=\"2547\">La macchina adotta un design a portale ad alta rigidit\u00e0:<\/p>\n<ul data-start=\"2548\" data-end=\"2716\">\n<li data-section-id=\"fbik\" data-start=\"2548\" data-end=\"2609\">Maggiore stabilit\u00e0 strutturale durante il funzionamento ad alta velocit\u00e0<\/li>\n<li data-section-id=\"qf4dsg\" data-start=\"2610\" data-end=\"2661\">Vibrazioni ridotte per una maggiore precisione di taglio<\/li>\n<li data-section-id=\"8ypr2z\" data-start=\"2662\" data-end=\"2716\">Adatto per la cubettatura di precisione di materiali fragili<\/li>\n<\/ul>\n<p data-start=\"2718\" data-end=\"2797\">Questo garantisce prestazioni costanti anche in condizioni di lavorazione difficili.<\/p>\n<h3 data-section-id=\"z6iv4c\" data-start=\"2804\" data-end=\"2855\"><span role=\"text\">5. Sistema avanzato di allineamento e ispezione<\/span><\/h3>\n<p data-start=\"2856\" data-end=\"2902\">Dotato di una configurazione a doppio microscopio:<\/p>\n<ul data-start=\"2903\" data-end=\"3050\">\n<li data-section-id=\"1upg1xh\" data-start=\"2903\" data-end=\"2952\">Consente un allineamento automatico rapido e preciso<\/li>\n<li data-section-id=\"7lt55p\" data-start=\"2953\" data-end=\"2997\">Supporta l'ispezione dei cordoli ad alta risoluzione<\/li>\n<li data-section-id=\"rql893\" data-start=\"2998\" data-end=\"3050\">Migliora la consistenza del taglio e riduce i difetti<\/li>\n<\/ul>\n<p data-start=\"3052\" data-end=\"3133\">Si tratta di un aspetto critico per il mantenimento di tolleranze ristrette nella produzione di semiconduttori.<\/p>\n<h3 data-section-id=\"ft5041\" data-start=\"3140\" data-end=\"3190\"><span role=\"text\">6. Funzione opzionale di medicazione della lama sub-CT<\/span><\/h3>\n<p data-start=\"3191\" data-end=\"3283\">La funzione opzionale di ravvivatura assistita Sub-CT aiuta a mantenere le condizioni ottimali della lama:<\/p>\n<ul data-start=\"3284\" data-end=\"3397\">\n<li data-section-id=\"1trj5ya\" data-start=\"3284\" data-end=\"3329\">Riduce la scheggiatura dei bordi e i difetti di superficie<\/li>\n<li data-section-id=\"2vyx60\" data-start=\"3330\" data-end=\"3360\">Prolunga la durata delle lame<\/li>\n<li data-section-id=\"1wk3sdx\" data-start=\"3361\" data-end=\"3397\">Migliora la qualit\u00e0 complessiva del taglio<\/li>\n<\/ul>\n<h3 data-section-id=\"ngjugw\" data-start=\"3404\" data-end=\"3447\"><span role=\"text\">7. Sistema di raffreddamento a taglio profondo opzionale<\/span><\/h3>\n<p data-start=\"3448\" data-end=\"3503\">\u00c8 disponibile un sistema opzionale di raffreddamento dell'acqua in profondit\u00e0:<\/p>\n<ul data-start=\"3504\" data-end=\"3641\">\n<li data-section-id=\"wu3rr0\" data-start=\"3504\" data-end=\"3550\">Migliora l'efficienza del raffreddamento durante il taglio<\/li>\n<li data-section-id=\"1e0lcc8\" data-start=\"3551\" data-end=\"3590\">Riduce i danni termici ai materiali<\/li>\n<li data-section-id=\"rjj9u\" data-start=\"3591\" data-end=\"3641\">Migliora la qualit\u00e0 della superficie e la precisione di taglio<\/li>\n<\/ul>\n<h2 data-section-id=\"id1bjs\" data-start=\"3648\" data-end=\"3679\"><span role=\"text\">Specifiche tecniche<\/span><\/h2>\n<div class=\"TyagGW_tableContainer\">\n<div class=\"group TyagGW_tableWrapper flex flex-col-reverse w-fit\" tabindex=\"-1\">\n<table class=\"w-fit min-w-(--thread-content-width)\" data-start=\"3681\" data-end=\"4410\">\n<thead data-start=\"3681\" data-end=\"3718\">\n<tr data-start=\"3681\" data-end=\"3718\">\n<th class=\"\" data-start=\"3681\" data-end=\"3697\" data-col-size=\"sm\">Parametro<\/th>\n<th class=\"\" data-start=\"3697\" data-end=\"3718\" data-col-size=\"sm\">Specifiche<\/th>\n<\/tr>\n<\/thead>\n<tbody data-start=\"3755\" data-end=\"4410\">\n<tr data-start=\"3755\" data-end=\"3781\">\n<td data-start=\"3755\" data-end=\"3771\" data-col-size=\"sm\">Potenza del mandrino<\/td>\n<td data-start=\"3771\" data-end=\"3781\" data-col-size=\"sm\">1,8 kW<\/td>\n<\/tr>\n<tr data-start=\"3782\" data-end=\"3818\">\n<td data-start=\"3782\" data-end=\"3798\" data-col-size=\"sm\">Velocit\u00e0 del mandrino<\/td>\n<td data-start=\"3798\" data-end=\"3818\" data-col-size=\"sm\">6000 - 60000 giri\/min.<\/td>\n<\/tr>\n<tr data-start=\"3819\" data-end=\"3845\">\n<td data-start=\"3819\" data-end=\"3835\" data-col-size=\"sm\">Corsa dell'asse X<\/td>\n<td data-start=\"3835\" data-end=\"3845\" data-col-size=\"sm\">420 mm<\/td>\n<\/tr>\n<tr data-start=\"3846\" data-end=\"3880\">\n<td data-start=\"3846\" data-end=\"3861\" data-col-size=\"sm\">Asse X Velocit\u00e0<\/td>\n<td data-start=\"3861\" data-end=\"3880\" data-col-size=\"sm\">0,1 - 1000 mm\/s<\/td>\n<\/tr>\n<tr data-start=\"3881\" data-end=\"3913\">\n<td data-start=\"3881\" data-end=\"3901\" data-col-size=\"sm\">Risoluzione dell'asse X<\/td>\n<td data-start=\"3901\" data-end=\"3913\" data-col-size=\"sm\">0,001 mm<\/td>\n<\/tr>\n<tr data-start=\"3914\" data-end=\"3939\">\n<td data-start=\"3914\" data-end=\"3929\" data-col-size=\"sm\">Viaggio Y1\/Y2<\/td>\n<td data-start=\"3929\" data-end=\"3939\" data-col-size=\"sm\">420 mm<\/td>\n<\/tr>\n<tr data-start=\"3940\" data-end=\"3973\">\n<td data-start=\"3940\" data-end=\"3960\" data-col-size=\"sm\">Risoluzione dell'asse Y<\/td>\n<td data-start=\"3960\" data-end=\"3973\" data-col-size=\"sm\">0,0001 mm<\/td>\n<\/tr>\n<tr data-start=\"3974\" data-end=\"4009\">\n<td data-start=\"3974\" data-end=\"3997\" data-col-size=\"sm\">Precisione di posizionamento<\/td>\n<td data-start=\"3997\" data-end=\"4009\" data-col-size=\"sm\">0,002 mm<\/td>\n<\/tr>\n<tr data-start=\"4010\" data-end=\"4048\">\n<td data-start=\"4010\" data-end=\"4030\" data-col-size=\"sm\">Errore accumulato<\/td>\n<td data-start=\"4030\" data-end=\"4048\" data-col-size=\"sm\">0,003 \/ 400 mm<\/td>\n<\/tr>\n<tr data-start=\"4049\" data-end=\"4073\">\n<td data-start=\"4049\" data-end=\"4064\" data-col-size=\"sm\">Viaggio Z1\/Z2<\/td>\n<td data-start=\"4064\" data-end=\"4073\" data-col-size=\"sm\">13 mm<\/td>\n<\/tr>\n<tr data-start=\"4074\" data-end=\"4102\">\n<td data-start=\"4074\" data-end=\"4090\" data-col-size=\"sm\">Ripetibilit\u00e0<\/td>\n<td data-start=\"4090\" data-end=\"4102\" data-col-size=\"sm\">0,001 mm<\/td>\n<\/tr>\n<tr data-start=\"4103\" data-end=\"4133\">\n<td data-start=\"4103\" data-end=\"4120\" data-col-size=\"sm\">Rotazione Theta<\/td>\n<td data-start=\"4120\" data-end=\"4133\" data-col-size=\"sm\">380\u00b0 \u00b1 5\u00b0<\/td>\n<\/tr>\n<tr data-start=\"4134\" data-end=\"4166\">\n<td data-start=\"4134\" data-end=\"4153\" data-col-size=\"sm\">Precisione angolare<\/td>\n<td data-start=\"4153\" data-end=\"4166\" data-col-size=\"sm\">1 arco-sec<\/td>\n<\/tr>\n<tr data-start=\"4167\" data-end=\"4220\">\n<td data-start=\"4167\" data-end=\"4194\" data-col-size=\"sm\">Ingrandimento del microscopio<\/td>\n<td data-start=\"4194\" data-end=\"4220\" data-col-size=\"sm\">1,5\u00d7 (opzionale) \/ 0,8\u00d7<\/td>\n<\/tr>\n<tr data-start=\"4221\" data-end=\"4262\">\n<td data-start=\"4221\" data-end=\"4232\" data-col-size=\"sm\">Illuminazione<\/td>\n<td data-start=\"4232\" data-end=\"4262\" data-col-size=\"sm\">Luce anulare + luce coassiale<\/td>\n<\/tr>\n<tr data-start=\"4263\" data-end=\"4298\">\n<td data-start=\"4263\" data-end=\"4287\" data-col-size=\"sm\">Pezzo massimo (rotondo)<\/td>\n<td data-start=\"4287\" data-end=\"4298\" data-col-size=\"sm\">\u00d8300 mm<\/td>\n<\/tr>\n<tr data-start=\"4299\" data-end=\"4340\">\n<td data-start=\"4299\" data-end=\"4324\" data-col-size=\"sm\">Pezzo massimo (quadrato)<\/td>\n<td data-start=\"4324\" data-end=\"4340\" data-col-size=\"sm\">400 \u00d7 400 mm<\/td>\n<\/tr>\n<tr data-start=\"4341\" data-end=\"4389\">\n<td data-start=\"4341\" data-end=\"4364\" data-col-size=\"sm\">Dimensioni della macchina (L\u00d7P\u00d7H)<\/td>\n<td data-start=\"4364\" data-end=\"4389\" data-col-size=\"sm\">1450 \u00d7 1250 \u00d7 1850 mm<\/td>\n<\/tr>\n<tr data-start=\"4390\" data-end=\"4410\">\n<td data-start=\"4390\" data-end=\"4399\" data-col-size=\"sm\">Peso<\/td>\n<td data-start=\"4399\" data-end=\"4410\" data-col-size=\"sm\">2000 kg<\/td>\n<\/tr>\n<\/tbody>\n<\/table>\n<\/div>\n<\/div>\n<h2 data-section-id=\"k0zlak\" data-start=\"4417\" data-end=\"4436\"><span role=\"text\">Applicazioni<\/span><\/h2>\n<p data-start=\"4438\" data-end=\"4562\">L'HP-1201 \u00e8 ampiamente utilizzato nei settori produttivi avanzati che richiedono la cubettatura di alta precisione di pezzi di grandi dimensioni o multipli:<\/p>\n<ul data-start=\"4564\" data-end=\"4795\">\n<li data-section-id=\"5cz68w\" data-start=\"4564\" data-end=\"4606\">Taglio di wafer di semiconduttori (\u2264 12 pollici)<\/li>\n<li data-section-id=\"vc4r2z\" data-start=\"4607\" data-end=\"4640\">Substrati di imballaggio avanzati<\/li>\n<li data-section-id=\"c44nr\" data-start=\"4641\" data-end=\"4672\">Confezionamento a livello di pannello (PLP)<\/li>\n<li data-section-id=\"ar9gw\" data-start=\"4673\" data-end=\"4709\">Materiali per LED e optoelettronici<\/li>\n<li data-section-id=\"1cw4nvq\" data-start=\"4710\" data-end=\"4748\">Ceramica e materiali duri e fragili<\/li>\n<li data-section-id=\"nh0qnc\" data-start=\"4749\" data-end=\"4795\">Applicazioni di taglio multistrato e in lotti<\/li>\n<\/ul>\n<p><img decoding=\"async\" class=\"wp-image-2150 size-large aligncenter\" src=\"https:\/\/www.zmsh-semitech.com\/wp-content\/uploads\/2026\/04\/APPLICATION2-1024x683.png\" alt=\"\" width=\"1024\" height=\"683\" srcset=\"https:\/\/www.zmsh-semitech.com\/wp-content\/uploads\/2026\/04\/APPLICATION2-1024x683.png 1024w, https:\/\/www.zmsh-semitech.com\/wp-content\/uploads\/2026\/04\/APPLICATION2-300x200.png 300w, https:\/\/www.zmsh-semitech.com\/wp-content\/uploads\/2026\/04\/APPLICATION2-768x512.png 768w, https:\/\/www.zmsh-semitech.com\/wp-content\/uploads\/2026\/04\/APPLICATION2-18x12.png 18w, https:\/\/www.zmsh-semitech.com\/wp-content\/uploads\/2026\/04\/APPLICATION2-600x400.png 600w, https:\/\/www.zmsh-semitech.com\/wp-content\/uploads\/2026\/04\/APPLICATION2.png 1536w\" sizes=\"(max-width: 1024px) 100vw, 1024px\" \/><\/p>\n<h2 data-section-id=\"p8uldy\" data-start=\"4802\" data-end=\"4824\"><span role=\"text\">Vantaggi principali<\/span><\/h2>\n<h3 data-section-id=\"jjig1u\" data-start=\"4826\" data-end=\"4849\"><span role=\"text\">Alta produttivit\u00e0<\/span><\/h3>\n<p data-start=\"4850\" data-end=\"4933\">La lavorazione di pi\u00f9 pezzi e il design a doppio mandrino aumentano notevolmente la produttivit\u00e0.<\/p>\n<h3 data-section-id=\"1lkz33s\" data-start=\"4935\" data-end=\"4962\"><span role=\"text\">Elaborazione flessibile<\/span><\/h3>\n<p data-start=\"4963\" data-end=\"5038\">Il tavolo di lavoro personalizzabile consente la lavorazione di varie forme e layout.<\/p>\n<h3 data-section-id=\"1s6s45v\" data-start=\"5040\" data-end=\"5069\"><span role=\"text\">Precisione e stabilit\u00e0<\/span><\/h3>\n<p data-start=\"5070\" data-end=\"5156\">La struttura a portale e il sistema di allineamento avanzato garantiscono un'elevata precisione e ripetibilit\u00e0.<\/p>\n<h3 data-section-id=\"kl9wyi\" data-start=\"5158\" data-end=\"5181\"><span role=\"text\">Efficienza dei costi<\/span><\/h3>\n<p data-start=\"5182\" data-end=\"5262\">La riduzione dei tempi di lavorazione e la maggiore durata delle lame riducono i costi operativi complessivi.<\/p>\n<h2 data-section-id=\"1nqqsko\" data-start=\"63\" data-end=\"102\"><span role=\"text\">Domande frequenti (FAQ)<\/span><\/h2>\n<h3 data-section-id=\"1204f8i\" data-start=\"104\" data-end=\"177\"><span role=\"text\">1. Qual \u00e8 la dimensione massima del pezzo supportata dall'HP-1201?<\/span><\/h3>\n<p data-start=\"178\" data-end=\"431\">L'HP-1201 supporta sia wafer che substrati di grande formato. Pu\u00f2 lavorare wafer rotondi fino a 12 pollici (\u00d8300 mm) e pezzi quadrati fino a 400 \u00d7 400 mm. Ci\u00f2 la rende particolarmente adatta per applicazioni di packaging avanzato e a livello di pannello.<\/p>\n<h3 data-section-id=\"xmgpor\" data-start=\"438\" data-end=\"521\"><span role=\"text\">2. L'HP-1201 \u00e8 adatto per applicazioni di taglio di pi\u00f9 pezzi o di strisce?<\/span><\/h3>\n<p data-start=\"522\" data-end=\"792\">S\u00ec. L'HP-1201 \u00e8 specificamente ottimizzato per il taglio di pi\u00f9 pezzi e strisce. \u00c8 in grado di lavorare pi\u00f9 strisce in un unico ciclo, ad esempio fino a 5 pezzi di strisce da 250 mm \u00d7 70 mm, migliorando notevolmente la produttivit\u00e0 e riducendo i tempi di gestione nella produzione in lotti.<\/p>\n<h3 data-section-id=\"afviui\" data-start=\"799\" data-end=\"871\"><span role=\"text\">3. In che modo la macchina garantisce la precisione e la stabilit\u00e0 del taglio?<\/span><\/h3>\n<p data-start=\"872\" data-end=\"932\">L'HP-1201 garantisce un'elevata precisione grazie alla combinazione di:<\/p>\n<ul data-start=\"933\" data-end=\"1195\">\n<li data-section-id=\"333d9b\" data-start=\"933\" data-end=\"992\">Struttura a portale ad alta rigidit\u00e0 per un funzionamento stabile<\/li>\n<li data-section-id=\"933urv\" data-start=\"993\" data-end=\"1061\">Sistema a doppio microscopio per un allineamento e un'ispezione accurati<\/li>\n<li data-section-id=\"119muuq\" data-start=\"1062\" data-end=\"1129\">Controllo del movimento ad alta risoluzione (risoluzione fino a 0,0001 mm)<\/li>\n<li data-section-id=\"1kcuul9\" data-start=\"1130\" data-end=\"1195\">Configurazione a doppio mandrino per un taglio equilibrato ed efficiente<\/li>\n<\/ul>\n<p data-start=\"1197\" data-end=\"1334\">Queste caratteristiche lavorano insieme per offrire una qualit\u00e0 di taglio costante, una scheggiatura minima e prestazioni affidabili nelle applicazioni pi\u00f9 impegnative.<\/p>","protected":false},"excerpt":{"rendered":"<p>La cubettatrice automatica HP-1201 \u00e8 una soluzione ad alte prestazioni progettata specificamente per substrati di grande formato e applicazioni di taglio di pi\u00f9 pezzi. Progettato per soddisfare le esigenze in continua evoluzione del confezionamento dei semiconduttori e della lavorazione dei substrati, il sistema supporta sia la cubettatura di wafer (fino a 12 pollici) che di pezzi di grandi dimensioni fino a 400 \u00d7 400 mm.<\/p>","protected":false},"featured_media":2151,"comment_status":"open","ping_status":"closed","template":"","meta":{"site-sidebar-layout":"default","site-content-layout":"","ast-site-content-layout":"default","site-content-style":"default","site-sidebar-style":"default","ast-global-header-display":"","ast-banner-title-visibility":"","ast-main-header-display":"","ast-hfb-above-header-display":"","ast-hfb-below-header-display":"","ast-hfb-mobile-header-display":"","site-post-title":"","ast-breadcrumbs-content":"","ast-featured-img":"","footer-sml-layout":"","ast-disable-related-posts":"","theme-transparent-header-meta":"default","adv-header-id-meta":"","stick-header-meta":"default","header-above-stick-meta":"","header-main-stick-meta":"","header-below-stick-meta":"","astra-migrate-meta-layouts":"set","ast-page-background-enabled":"default","ast-page-background-meta":{"desktop":{"background-color":"var(--ast-global-color-4)","background-image":"","background-repeat":"repeat","background-position":"center center","background-size":"auto","background-attachment":"scroll","background-type":"","background-media":"","overlay-type":"","overlay-color":"","overlay-opacity":"","overlay-gradient":""},"tablet":{"background-color":"","background-image":"","background-repeat":"repeat","background-position":"center center","background-size":"auto","background-attachment":"scroll","background-type":"","background-media":"","overlay-type":"","overlay-color":"","overlay-opacity":"","overlay-gradient":""},"mobile":{"background-color":"","background-image":"","background-repeat":"repeat","background-position":"center center","background-size":"auto","background-attachment":"scroll","background-type":"","background-media":"","overlay-type":"","overlay-color":"","overlay-opacity":"","overlay-gradient":""}},"ast-content-background-meta":{"desktop":{"background-color":"var(--ast-global-color-5)","background-image":"","background-repeat":"repeat","background-position":"center center","background-size":"auto","background-attachment":"scroll","background-type":"","background-media":"","overlay-type":"","overlay-color":"","overlay-opacity":"","overlay-gradient":""},"tablet":{"background-color":"var(--ast-global-color-5)","background-image":"","background-repeat":"repeat","background-position":"center center","background-size":"auto","background-attachment":"scroll","background-type":"","background-media":"","overlay-type":"","overlay-color":"","overlay-opacity":"","overlay-gradient":""},"mobile":{"background-color":"var(--ast-global-color-5)","background-image":"","background-repeat":"repeat","background-position":"center center","background-size":"auto","background-attachment":"scroll","background-type":"","background-media":"","overlay-type":"","overlay-color":"","overlay-opacity":"","overlay-gradient":""}}},"product_brand":[],"product_cat":[878],"product_tag":[897,898,891,896,895,894,893,694,475,890,892,889],"class_list":{"0":"post-2149","1":"product","2":"type-product","3":"status-publish","4":"has-post-thumbnail","6":"product_cat-dicing-equipment","7":"product_tag-ceramic-substrate-machining","8":"product_tag-dual-spindle-dicing","9":"product_tag-ic-chip-singulation","10":"product_tag-led-chip-processing","11":"product_tag-mems-fabrication","12":"product_tag-multi-strip-cutting","13":"product_tag-panel-level-packaging","14":"product_tag-precision-microfabrication","15":"product_tag-semiconductor-manufacturing","16":"product_tag-silicon-wafer-processing","17":"product_tag-substrate-cutting","18":"product_tag-wafer-dicing","19":"desktop-align-left","20":"tablet-align-left","21":"mobile-align-left","22":"ast-product-gallery-layout-horizontal-slider","23":"ast-product-gallery-with-no-image","24":"ast-product-tabs-layout-horizontal","26":"first","27":"instock","28":"shipping-taxable","29":"product-type-simple"},"_links":{"self":[{"href":"https:\/\/www.zmsh-semitech.com\/it\/wp-json\/wp\/v2\/product\/2149","targetHints":{"allow":["GET"]}}],"collection":[{"href":"https:\/\/www.zmsh-semitech.com\/it\/wp-json\/wp\/v2\/product"}],"about":[{"href":"https:\/\/www.zmsh-semitech.com\/it\/wp-json\/wp\/v2\/types\/product"}],"replies":[{"embeddable":true,"href":"https:\/\/www.zmsh-semitech.com\/it\/wp-json\/wp\/v2\/comments?post=2149"}],"version-history":[{"count":2,"href":"https:\/\/www.zmsh-semitech.com\/it\/wp-json\/wp\/v2\/product\/2149\/revisions"}],"predecessor-version":[{"id":2153,"href":"https:\/\/www.zmsh-semitech.com\/it\/wp-json\/wp\/v2\/product\/2149\/revisions\/2153"}],"wp:featuredmedia":[{"embeddable":true,"href":"https:\/\/www.zmsh-semitech.com\/it\/wp-json\/wp\/v2\/media\/2151"}],"wp:attachment":[{"href":"https:\/\/www.zmsh-semitech.com\/it\/wp-json\/wp\/v2\/media?parent=2149"}],"wp:term":[{"taxonomy":"product_brand","embeddable":true,"href":"https:\/\/www.zmsh-semitech.com\/it\/wp-json\/wp\/v2\/product_brand?post=2149"},{"taxonomy":"product_cat","embeddable":true,"href":"https:\/\/www.zmsh-semitech.com\/it\/wp-json\/wp\/v2\/product_cat?post=2149"},{"taxonomy":"product_tag","embeddable":true,"href":"https:\/\/www.zmsh-semitech.com\/it\/wp-json\/wp\/v2\/product_tag?post=2149"}],"curies":[{"name":"wp","href":"https:\/\/api.w.org\/{rel}","templated":true}]}}