{"id":1981,"date":"2026-03-23T06:13:43","date_gmt":"2026-03-23T06:13:43","guid":{"rendered":"https:\/\/www.zmsh-semitech.com\/?post_type=product&#038;p=1981"},"modified":"2026-03-23T06:18:04","modified_gmt":"2026-03-23T06:18:04","slug":"sic-raw-material-synthesis-furnace","status":"publish","type":"product","link":"https:\/\/www.zmsh-semitech.com\/it\/product\/sic-raw-material-synthesis-furnace\/","title":{"rendered":"Forno di sintesi della materia prima SiC da 50 kg Preparazione dei cristalli di carburo di silicio di elevata purezza"},"content":{"rendered":"<p data-start=\"240\" data-end=\"569\"><img fetchpriority=\"high\" decoding=\"async\" class=\"size-medium wp-image-1989 alignleft\" src=\"https:\/\/www.zmsh-semitech.com\/wp-content\/uploads\/2026\/03\/Sic-raw-material-synthesis-furnace5-300x220.jpg\" alt=\"\" width=\"300\" height=\"220\" srcset=\"https:\/\/www.zmsh-semitech.com\/wp-content\/uploads\/2026\/03\/Sic-raw-material-synthesis-furnace5-300x220.jpg 300w, https:\/\/www.zmsh-semitech.com\/wp-content\/uploads\/2026\/03\/Sic-raw-material-synthesis-furnace5-16x12.jpg 16w, https:\/\/www.zmsh-semitech.com\/wp-content\/uploads\/2026\/03\/Sic-raw-material-synthesis-furnace5-600x439.jpg 600w, https:\/\/www.zmsh-semitech.com\/wp-content\/uploads\/2026\/03\/Sic-raw-material-synthesis-furnace5.jpg 680w\" sizes=\"(max-width: 300px) 100vw, 300px\" \/>Il forno di sintesi per materie prime SiC da 50 kg \u00e8 un forno specializzato ad alta temperatura progettato per produrre materie prime di carburo di silicio (SiC) di elevata purezza. Essendo un materiale ceramico e semiconduttore di importanza cruciale, il SiC viene ampiamente applicato in<span style=\"font-size: 16px;\">n elettronica di potenza, dispositivi ad alta temperatura, materiali resistenti all'usura e componenti ottici.<\/span><\/p>\n<p data-start=\"571\" data-end=\"987\">Questo forno converte il silicio (Si) e il carbonio (C) in SiC attraverso una reazione chimica controllata ad alta temperatura, diventando cos\u00ec un elemento essenziale nella catena di produzione del carburo di silicio. Il suo design garantisce un'elevata purezza, un funzionamento stabile e prestazioni costanti, consentendo ai produttori di soddisfare i severi requisiti delle applicazioni avanzate di semiconduttori e ceramiche ad alte prestazioni.<\/p>\n<h2 data-section-id=\"52xoay\" data-start=\"994\" data-end=\"1017\"><span role=\"text\"><strong data-start=\"997\" data-end=\"1015\">Vantaggi principali<\/strong><\/span><\/h2>\n<ul data-start=\"1018\" data-end=\"1891\">\n<li data-section-id=\"wafd1l\" data-start=\"1018\" data-end=\"1134\"><strong data-start=\"1020\" data-end=\"1050\">Capacit\u00e0 ad alta temperatura:<\/strong> Fornisce temperature di forno fino a 2400\u00b0C, adatte per una sintesi efficiente di SiC.<\/li>\n<li data-section-id=\"qvgm69\" data-start=\"1135\" data-end=\"1250\"><strong data-start=\"1137\" data-end=\"1160\">Uscita ad alta purezza:<\/strong> Utilizza materie prime di elevata purezza e controllo dell'atmosfera inerte per produrre SiC ultrapuro.<\/li>\n<li data-section-id=\"11v9t45\" data-start=\"1251\" data-end=\"1360\"><strong data-start=\"1253\" data-end=\"1276\">Prestazioni stabili:<\/strong> La struttura robusta garantisce un funzionamento affidabile per una produzione continua a lungo termine.<\/li>\n<li data-section-id=\"caa80i\" data-start=\"1361\" data-end=\"1457\"><strong data-start=\"1363\" data-end=\"1385\">Bassa contaminazione:<\/strong> L'atmosfera inerte e i materiali puliti riducono al minimo l'incorporazione di impurit\u00e0.<\/li>\n<li data-section-id=\"ka169f\" data-start=\"1458\" data-end=\"1599\"><strong data-start=\"1460\" data-end=\"1487\">Grande capacit\u00e0 di carico:<\/strong> Supporta fino a 50 kg di materia prima, migliorando la produttivit\u00e0 e la compatibilit\u00e0 con pi\u00f9 forni a cristallo.<\/li>\n<li data-section-id=\"1afhg2w\" data-start=\"1600\" data-end=\"1765\"><strong data-start=\"1602\" data-end=\"1624\">Controllo di precisione:<\/strong> Regolazione avanzata della temperatura e della pressione, con doppia misurazione opzionale della temperatura e monitoraggio a infrarossi per l'ottimizzazione del processo.<\/li>\n<li data-section-id=\"i89isr\" data-start=\"1766\" data-end=\"1891\"><strong data-start=\"1768\" data-end=\"1795\">Configurazione flessibile:<\/strong> Il design modulare consente l'installazione affiancata per risparmiare spazio e ottimizzare l'utilizzo dell'impianto.<\/li>\n<\/ul>\n<h2 data-section-id=\"10oaxfc\" data-start=\"1898\" data-end=\"1931\"><span role=\"text\"><strong data-start=\"1901\" data-end=\"1929\">Specifiche tecniche<\/strong><\/span><\/h2>\n<div class=\"TyagGW_tableContainer\">\n<div class=\"group TyagGW_tableWrapper flex flex-col-reverse w-fit\" tabindex=\"-1\">\n<table class=\"w-fit min-w-(--thread-content-width)\" data-start=\"1933\" data-end=\"2723\">\n<thead data-start=\"1933\" data-end=\"1960\">\n<tr data-start=\"1933\" data-end=\"1960\">\n<th class=\"\" data-start=\"1933\" data-end=\"1943\" data-col-size=\"sm\">Caratteristica<\/th>\n<th class=\"\" data-start=\"1943\" data-end=\"1960\" data-col-size=\"md\">Specifiche<\/th>\n<\/tr>\n<\/thead>\n<tbody data-start=\"1989\" data-end=\"2723\">\n<tr data-start=\"1989\" data-end=\"2046\">\n<td data-start=\"1989\" data-end=\"2010\" data-col-size=\"sm\">Dimensioni (L\u00d7L\u00d7H)<\/td>\n<td data-col-size=\"md\" data-start=\"2010\" data-end=\"2046\">4000\u00d73400\u00d74300 mm (personalizzabile)<\/td>\n<\/tr>\n<tr data-start=\"2047\" data-end=\"2085\">\n<td data-start=\"2047\" data-end=\"2074\" data-col-size=\"sm\">Diametro della camera del forno<\/td>\n<td data-col-size=\"md\" data-start=\"2074\" data-end=\"2085\">1100 mm<\/td>\n<\/tr>\n<tr data-start=\"2086\" data-end=\"2114\">\n<td data-start=\"2086\" data-end=\"2105\" data-col-size=\"sm\">Capacit\u00e0 di carico<\/td>\n<td data-col-size=\"md\" data-start=\"2105\" data-end=\"2114\">50 kg<\/td>\n<\/tr>\n<tr data-start=\"2115\" data-end=\"2183\">\n<td data-start=\"2115\" data-end=\"2133\" data-col-size=\"sm\">Il vuoto definitivo<\/td>\n<td data-col-size=\"md\" data-start=\"2133\" data-end=\"2183\">10-\u00b2 Pa (2 ore dopo l'avvio della pompa molecolare)<\/td>\n<\/tr>\n<tr data-start=\"2184\" data-end=\"2244\">\n<td data-start=\"2184\" data-end=\"2213\" data-col-size=\"sm\">Velocit\u00e0 di salita della pressione della camera<\/td>\n<td data-col-size=\"md\" data-start=\"2213\" data-end=\"2244\">\u226410 Pa\/h (post-calcificazione)<\/td>\n<\/tr>\n<tr data-start=\"2245\" data-end=\"2285\">\n<td data-start=\"2245\" data-end=\"2274\" data-col-size=\"sm\">Corsa del coperchio del forno inferiore<\/td>\n<td data-col-size=\"md\" data-start=\"2274\" data-end=\"2285\">1500 mm<\/td>\n<\/tr>\n<tr data-start=\"2286\" data-end=\"2324\">\n<td data-start=\"2286\" data-end=\"2303\" data-col-size=\"sm\">Metodo di riscaldamento<\/td>\n<td data-start=\"2303\" data-end=\"2324\" data-col-size=\"md\">Riscaldamento a induzione<\/td>\n<\/tr>\n<tr data-start=\"2325\" data-end=\"2357\">\n<td data-start=\"2325\" data-end=\"2347\" data-col-size=\"sm\">Temperatura massima<\/td>\n<td data-start=\"2347\" data-end=\"2357\" data-col-size=\"md\">2400\u00b0C<\/td>\n<\/tr>\n<tr data-start=\"2358\" data-end=\"2392\">\n<td data-start=\"2358\" data-end=\"2381\" data-col-size=\"sm\">Alimentazione di riscaldamento<\/td>\n<td data-start=\"2381\" data-end=\"2392\" data-col-size=\"md\">2\u00d740 kW<\/td>\n<\/tr>\n<tr data-start=\"2393\" data-end=\"2454\">\n<td data-start=\"2393\" data-end=\"2419\" data-col-size=\"sm\">Misura della temperatura<\/td>\n<td data-col-size=\"md\" data-start=\"2419\" data-end=\"2454\">Termometro a infrarossi a doppio colore<\/td>\n<\/tr>\n<tr data-start=\"2455\" data-end=\"2489\">\n<td data-start=\"2455\" data-end=\"2475\" data-col-size=\"sm\">Intervallo di temperatura<\/td>\n<td data-col-size=\"md\" data-start=\"2475\" data-end=\"2489\">900-3000\u00b0C<\/td>\n<\/tr>\n<tr data-start=\"2490\" data-end=\"2529\">\n<td data-start=\"2490\" data-end=\"2521\" data-col-size=\"sm\">Precisione del controllo della temperatura<\/td>\n<td data-col-size=\"md\" data-start=\"2521\" data-end=\"2529\">\u00b11\u00b0C<\/td>\n<\/tr>\n<tr data-start=\"2530\" data-end=\"2569\">\n<td data-start=\"2530\" data-end=\"2555\" data-col-size=\"sm\">Gamma di controllo della pressione<\/td>\n<td data-col-size=\"md\" data-start=\"2555\" data-end=\"2569\">1-700 mbar<\/td>\n<\/tr>\n<tr data-start=\"2570\" data-end=\"2631\">\n<td data-start=\"2570\" data-end=\"2598\" data-col-size=\"sm\">Precisione del controllo della pressione<\/td>\n<td data-col-size=\"md\" data-start=\"2598\" data-end=\"2631\">1-5 mbar (a seconda della gamma)<\/td>\n<\/tr>\n<tr data-start=\"2632\" data-end=\"2723\">\n<td data-start=\"2632\" data-end=\"2649\" data-col-size=\"sm\">Metodo di caricamento<\/td>\n<td data-col-size=\"md\" data-start=\"2649\" data-end=\"2723\">Carico ridotto; carrello elevatore opzionale per lo scarico e doppio punto di temperatura<\/td>\n<\/tr>\n<\/tbody>\n<\/table>\n<\/div>\n<\/div>\n<h2 data-section-id=\"13tlhcf\" data-start=\"2730\" data-end=\"2756\"><span role=\"text\"><strong data-start=\"2733\" data-end=\"2754\">Vantaggi del design<\/strong><\/span><\/h2>\n<ol data-start=\"2757\" data-end=\"3517\">\n<li data-section-id=\"7ymlfh\" data-start=\"2757\" data-end=\"2882\">Il caricamento ad alta capacit\u00e0 consente a un singolo forno di alimentare pi\u00f9 forni a cristallo lungo, migliorando l'efficienza produttiva.<\/li>\n<li data-section-id=\"y3ubiu\" data-start=\"2883\" data-end=\"2982\">La doppia alimentazione con frequenza identica garantisce un controllo preciso del gradiente di temperatura assiale.<\/li>\n<li data-section-id=\"7q7579\" data-start=\"2983\" data-end=\"3103\">La misurazione della temperatura superiore e inferiore a infrarossi facilita il monitoraggio della temperatura in tempo reale e il debug del processo.<\/li>\n<li data-section-id=\"3k74b3\" data-start=\"3104\" data-end=\"3219\">L'elevata precisione nel controllo di vuoto, pressione e temperatura garantisce la sintesi di materie prime SiC ultra-pure.<\/li>\n<li data-section-id=\"1voekay\" data-start=\"3220\" data-end=\"3316\">Sistema di carico\/scarico sicuro e affidabile, dotato in opzione di un carrello elevatore per lo scarico.<\/li>\n<li data-section-id=\"p45f8k\" data-start=\"3317\" data-end=\"3417\">Le valvole a farfalla di alta precisione e i regolatori di portata massica mantengono stabile l'atmosfera del processo.<\/li>\n<li data-section-id=\"4p07o1\" data-start=\"3418\" data-end=\"3517\">Il design modulare consente la disposizione fianco a fianco, ottimizzando lo spazio e l'utilizzo dell'impianto.<\/li>\n<\/ol>\n<p><img decoding=\"async\" class=\"wp-image-1991 size-full aligncenter\" src=\"https:\/\/www.zmsh-semitech.com\/wp-content\/uploads\/2026\/03\/Sic-raw-material-synthesis-furnace6.png\" alt=\"\" width=\"680\" height=\"352\" srcset=\"https:\/\/www.zmsh-semitech.com\/wp-content\/uploads\/2026\/03\/Sic-raw-material-synthesis-furnace6.png 680w, https:\/\/www.zmsh-semitech.com\/wp-content\/uploads\/2026\/03\/Sic-raw-material-synthesis-furnace6-300x155.png 300w, https:\/\/www.zmsh-semitech.com\/wp-content\/uploads\/2026\/03\/Sic-raw-material-synthesis-furnace6-18x9.png 18w, https:\/\/www.zmsh-semitech.com\/wp-content\/uploads\/2026\/03\/Sic-raw-material-synthesis-furnace6-600x311.png 600w\" sizes=\"(max-width: 680px) 100vw, 680px\" \/><\/p>\n<h2 data-section-id=\"1imsgo3\" data-start=\"3524\" data-end=\"3558\"><span role=\"text\"><strong data-start=\"3527\" data-end=\"3556\">Applicazioni e vantaggi<\/strong><\/span><\/h2>\n<p data-start=\"3559\" data-end=\"3737\">Il forno di sintesi per materie prime SiC produce in modo efficiente carburo di silicio di elevata purezza, raggiungendo una purezza del 99,999% o superiore. La materia prima SiC sintetizzata \u00e8 ideale per:<\/p>\n<ul data-start=\"3738\" data-end=\"4228\">\n<li data-section-id=\"1fodfy7\" data-start=\"3738\" data-end=\"3850\"><strong data-start=\"3740\" data-end=\"3766\">Crescita a cristallo singolo:<\/strong> Produzione di cristalli SiC di alta qualit\u00e0 per dispositivi di potenza come MOSFET e diodi.<\/li>\n<li data-section-id=\"be6ua8\" data-start=\"3851\" data-end=\"3955\"><strong data-start=\"3853\" data-end=\"3875\">Elettronica di potenza:<\/strong> Consente di realizzare dispositivi ad alta tensione, a bassa perdita e ad alta frequenza.<\/li>\n<li data-section-id=\"2a320o\" data-start=\"3956\" data-end=\"4083\"><strong data-start=\"3958\" data-end=\"3994\">Automotive ed energie rinnovabili:<\/strong> Miglioramento dei veicoli elettrici, degli inverter solari e di altre applicazioni ad alte prestazioni.<\/li>\n<li data-section-id=\"1kgacmz\" data-start=\"4084\" data-end=\"4228\"><strong data-start=\"4086\" data-end=\"4128\">Ceramica avanzata e dispositivi ottici:<\/strong> Espansione delle applicazioni del SiC al di l\u00e0 dei semiconduttori, in ceramiche industriali e componenti ottici.<\/li>\n<\/ul>\n<h2 data-section-id=\"tdegxz\" data-start=\"4235\" data-end=\"4257\"><span role=\"text\"><strong data-start=\"4238\" data-end=\"4255\">Servizi ZMSH<\/strong><\/span><\/h2>\n<p data-start=\"4258\" data-end=\"4725\">ZMSH fornisce un supporto completo al processo, dalla progettazione e produzione del forno all'assistenza post-vendita. Questo include la personalizzazione delle apparecchiature, l'ottimizzazione dei processi e la formazione tecnica. Grazie alla tecnologia avanzata e alla vasta esperienza nel settore, ZMSH garantisce un funzionamento stabile e ad alta efficienza con un basso consumo energetico e offre un'assistenza tecnica rapida e 24 ore su 24 per aiutare i clienti a ottenere una produzione su larga scala di materie prime di carburo di silicio di elevata purezza.<\/p>\n<h2 data-section-id=\"1uqg4yw\" data-start=\"4732\" data-end=\"4773\"><span role=\"text\"><strong data-start=\"4735\" data-end=\"4771\">Domande frequenti (FAQ)<\/strong><\/span><\/h2>\n<p data-start=\"4774\" data-end=\"5024\"><strong data-start=\"4774\" data-end=\"4842\">D1: Qual \u00e8 lo scopo di un forno per la sintesi di materie prime SiC?<\/strong><br data-start=\"4842\" data-end=\"4845\" \/>R: Viene utilizzato per produrre materie prime di carburo di silicio (SiC) di elevata purezza attraverso reazioni chimiche ad alta temperatura, essenziali per semiconduttori, ceramiche e componenti ottici.<\/p>\n<p data-start=\"5026\" data-end=\"5265\"><strong data-start=\"5026\" data-end=\"5104\">D2: Perch\u00e9 un forno di sintesi SiC \u00e8 importante per la produzione di semiconduttori?<\/strong><br data-start=\"5104\" data-end=\"5107\" \/>R: Consente la produzione di SiC ultrapuro, fondamentale per la crescita di cristalli di SiC di alta qualit\u00e0 utilizzati nell'elettronica di potenza e nei dispositivi ad alta frequenza.<\/p>\n<p data-start=\"5267\" data-end=\"5449\"><strong data-start=\"5267\" data-end=\"5327\">D3: Qual \u00e8 la capacit\u00e0 massima di carico del forno?<\/strong><br data-start=\"5327\" data-end=\"5330\" \/>R: La capacit\u00e0 di carico standard \u00e8 di 50 kg e consente una produzione su larga scala e l'alimentazione di pi\u00f9 forni per cristalli.<\/p>\n<p data-start=\"5451\" data-end=\"5708\"><strong data-start=\"5451\" data-end=\"5526\">D4: Quali sono le precisioni di controllo della temperatura e della pressione del forno?<\/strong><br data-start=\"5526\" data-end=\"5529\" \/>A: La precisione del controllo della temperatura \u00e8 di \u00b11\u00b0C. La precisione del controllo della pressione varia da \u00b10,1 mbar a \u00b10,5 mbar a seconda dell'intervallo di pressione, garantendo una sintesi stabile di SiC di elevata purezza.<\/p>","protected":false},"excerpt":{"rendered":"<p>Il forno di sintesi per materie prime SiC da 50 kg \u00e8 un forno specializzato ad alta temperatura progettato per produrre materie prime di carburo di silicio (SiC) di elevata purezza. Come materiale ceramico e semiconduttore di importanza cruciale, il SiC \u00e8 ampiamente applicato nell'elettronica di potenza, nei dispositivi ad alta temperatura, nei materiali resistenti all'usura e nei componenti ottici.<\/p>","protected":false},"featured_media":1984,"comment_status":"open","ping_status":"closed","template":"","meta":{"site-sidebar-layout":"default","site-content-layout":"","ast-site-content-layout":"default","site-content-style":"default","site-sidebar-style":"default","ast-global-header-display":"","ast-banner-title-visibility":"","ast-main-header-display":"","ast-hfb-above-header-display":"","ast-hfb-below-header-display":"","ast-hfb-mobile-header-display":"","site-post-title":"","ast-breadcrumbs-content":"","ast-featured-img":"","footer-sml-layout":"","ast-disable-related-posts":"","theme-transparent-header-meta":"default","adv-header-id-meta":"","stick-header-meta":"default","header-above-stick-meta":"","header-main-stick-meta":"","header-below-stick-meta":"","astra-migrate-meta-layouts":"set","ast-page-background-enabled":"default","ast-page-background-meta":{"desktop":{"background-color":"var(--ast-global-color-4)","background-image":"","background-repeat":"repeat","background-position":"center center","background-size":"auto","background-attachment":"scroll","background-type":"","background-media":"","overlay-type":"","overlay-color":"","overlay-opacity":"","overlay-gradient":""},"tablet":{"background-color":"","background-image":"","background-repeat":"repeat","background-position":"center center","background-size":"auto","background-attachment":"scroll","background-type":"","background-media":"","overlay-type":"","overlay-color":"","overlay-opacity":"","overlay-gradient":""},"mobile":{"background-color":"","background-image":"","background-repeat":"repeat","background-position":"center center","background-size":"auto","background-attachment":"scroll","background-type":"","background-media":"","overlay-type":"","overlay-color":"","overlay-opacity":"","overlay-gradient":""}},"ast-content-background-meta":{"desktop":{"background-color":"var(--ast-global-color-5)","background-image":"","background-repeat":"repeat","background-position":"center center","background-size":"auto","background-attachment":"scroll","background-type":"","background-media":"","overlay-type":"","overlay-color":"","overlay-opacity":"","overlay-gradient":""},"tablet":{"background-color":"var(--ast-global-color-5)","background-image":"","background-repeat":"repeat","background-position":"center center","background-size":"auto","background-attachment":"scroll","background-type":"","background-media":"","overlay-type":"","overlay-color":"","overlay-opacity":"","overlay-gradient":""},"mobile":{"background-color":"var(--ast-global-color-5)","background-image":"","background-repeat":"repeat","background-position":"center center","background-size":"auto","background-attachment":"scroll","background-type":"","background-media":"","overlay-type":"","overlay-color":"","overlay-opacity":"","overlay-gradient":""}}},"product_brand":[],"product_cat":[15],"product_tag":[489,504,506,492,496,500,499,505,498,495,507,494,493,501,490,503,491,486,502,497,508],"class_list":{"0":"post-1981","1":"product","2":"type-product","3":"status-publish","4":"has-post-thumbnail","6":"product_cat-crystal-growth-furnace","7":"product_tag-50kg-sic-raw-material-synthesis-furnace","8":"product_tag-crystal-growth","9":"product_tag-furnace-automation","10":"product_tag-high-purity-sic","11":"product_tag-high-temperature-devices","12":"product_tag-high-temperature-furnace","13":"product_tag-induction-heating-furnace","14":"product_tag-industrial-sic-production","15":"product_tag-optical-devices","16":"product_tag-power-electronics","17":"product_tag-pressure-control","18":"product_tag-semiconductor-materials","19":"product_tag-sic-crystal-preparation","20":"product_tag-sic-powder-production","21":"product_tag-sic-raw-material-furnace","22":"product_tag-sic-single-crystal","23":"product_tag-silicon-carbide-synthesis-furnace","24":"product_tag-temperature-control","25":"product_tag-ultra-pure-sic","26":"product_tag-wear-resistant-materials","27":"product_tag-zmsh-equipment","28":"desktop-align-left","29":"tablet-align-left","30":"mobile-align-left","31":"ast-product-gallery-layout-horizontal-slider","32":"ast-product-tabs-layout-horizontal","34":"first","35":"instock","36":"shipping-taxable","37":"product-type-simple"},"_links":{"self":[{"href":"https:\/\/www.zmsh-semitech.com\/it\/wp-json\/wp\/v2\/product\/1981","targetHints":{"allow":["GET"]}}],"collection":[{"href":"https:\/\/www.zmsh-semitech.com\/it\/wp-json\/wp\/v2\/product"}],"about":[{"href":"https:\/\/www.zmsh-semitech.com\/it\/wp-json\/wp\/v2\/types\/product"}],"replies":[{"embeddable":true,"href":"https:\/\/www.zmsh-semitech.com\/it\/wp-json\/wp\/v2\/comments?post=1981"}],"version-history":[{"count":3,"href":"https:\/\/www.zmsh-semitech.com\/it\/wp-json\/wp\/v2\/product\/1981\/revisions"}],"predecessor-version":[{"id":1992,"href":"https:\/\/www.zmsh-semitech.com\/it\/wp-json\/wp\/v2\/product\/1981\/revisions\/1992"}],"wp:featuredmedia":[{"embeddable":true,"href":"https:\/\/www.zmsh-semitech.com\/it\/wp-json\/wp\/v2\/media\/1984"}],"wp:attachment":[{"href":"https:\/\/www.zmsh-semitech.com\/it\/wp-json\/wp\/v2\/media?parent=1981"}],"wp:term":[{"taxonomy":"product_brand","embeddable":true,"href":"https:\/\/www.zmsh-semitech.com\/it\/wp-json\/wp\/v2\/product_brand?post=1981"},{"taxonomy":"product_cat","embeddable":true,"href":"https:\/\/www.zmsh-semitech.com\/it\/wp-json\/wp\/v2\/product_cat?post=1981"},{"taxonomy":"product_tag","embeddable":true,"href":"https:\/\/www.zmsh-semitech.com\/it\/wp-json\/wp\/v2\/product_tag?post=1981"}],"curies":[{"name":"wp","href":"https:\/\/api.w.org\/{rel}","templated":true}]}}