{"id":1968,"date":"2026-03-23T06:01:20","date_gmt":"2026-03-23T06:01:20","guid":{"rendered":"https:\/\/www.zmsh-semitech.com\/?post_type=product&#038;p=1968"},"modified":"2026-03-23T06:03:52","modified_gmt":"2026-03-23T06:03:52","slug":"lpcvd-oxidation-furnace","status":"publish","type":"product","link":"https:\/\/www.zmsh-semitech.com\/it\/product\/lpcvd-oxidation-furnace\/","title":{"rendered":"Forno di ossidazione LPCVD da 6\/8\/12 pollici Deposizione a film sottile ad alta uniformit\u00e0 per la produzione avanzata di semiconduttori"},"content":{"rendered":"<p data-start=\"295\" data-end=\"716\">Il forno di ossidazione LPCVD da 6\/8\/12 pollici \u00e8 uno strumento all'avanguardia per la produzione di semiconduttori, progettato per la deposizione precisa e uniforme di film sottili. \u00c8 ampiamente utilizzato per la produzione di strati di polisilicio, nitruro di silicio e ossido di silicio di alta qualit\u00e0 su wafer, garantendo prestazioni costanti per semiconduttori di potenza, substrati avanzati e altre applicazioni di alta precisione.<\/p>\n<p data-start=\"718\" data-end=\"1176\">Questa apparecchiatura combina una tecnologia avanzata di deposizione a bassa pressione, un controllo intelligente della temperatura e un design di processo ultra-pulito per ottenere un'eccezionale uniformit\u00e0 del film sottile e un'elevata produttivit\u00e0. La configurazione verticale del reattore consente un'efficiente lavorazione in batch, mentre il processo di deposizione termica evita i danni indotti dal plasma, rendendolo ideale per processi critici come la formazione del dielettrico del gate, gli strati di compensazione delle sollecitazioni e gli ossidi protettivi.<\/p>\n<p data-start=\"718\" data-end=\"1176\"><img fetchpriority=\"high\" decoding=\"async\" class=\"alignnone wp-image-1978 size-full aligncenter\" src=\"https:\/\/www.zmsh-semitech.com\/wp-content\/uploads\/2026\/03\/20250422163156_56112.png\" alt=\"\" width=\"680\" height=\"382\" srcset=\"https:\/\/www.zmsh-semitech.com\/wp-content\/uploads\/2026\/03\/20250422163156_56112.png 680w, https:\/\/www.zmsh-semitech.com\/wp-content\/uploads\/2026\/03\/20250422163156_56112-300x169.png 300w, https:\/\/www.zmsh-semitech.com\/wp-content\/uploads\/2026\/03\/20250422163156_56112-18x10.png 18w, https:\/\/www.zmsh-semitech.com\/wp-content\/uploads\/2026\/03\/20250422163156_56112-600x337.png 600w\" sizes=\"(max-width: 680px) 100vw, 680px\" \/><\/p>\n<p data-start=\"718\" data-end=\"1176\">\n<h2 data-section-id=\"52xoay\" data-start=\"1183\" data-end=\"1206\"><span role=\"text\"><strong data-start=\"1186\" data-end=\"1204\">Vantaggi principali<\/strong><\/span><\/h2>\n<ul data-start=\"1207\" data-end=\"2119\">\n<li data-section-id=\"5aaqq\" data-start=\"1207\" data-end=\"1402\"><strong data-start=\"1209\" data-end=\"1250\">Deposizione di film sottili ad alta uniformit\u00e0:<\/strong> L'ambiente a bassa pressione (0,1-10 Torr) garantisce un'uniformit\u00e0 da wafer a wafer e all'interno del wafer di \u00b11,5%, fondamentale per la fabbricazione di dispositivi ad alte prestazioni.<\/li>\n<li data-section-id=\"1gd7krr\" data-start=\"1403\" data-end=\"1564\"><strong data-start=\"1405\" data-end=\"1433\">Progettazione del reattore verticale:<\/strong> Gestisce 150-200 wafer per lotto, migliorando la produttivit\u00e0 e l'efficienza produttiva per la produzione di semiconduttori su scala industriale.<\/li>\n<li data-section-id=\"k1g5ie\" data-start=\"1565\" data-end=\"1716\"><strong data-start=\"1567\" data-end=\"1610\">Processo di deposizione termica (500-900\u00b0C):<\/strong> Offre una deposizione delicata e priva di plasma per proteggere i substrati sensibili e mantenere un'elevata qualit\u00e0 del film.<\/li>\n<li data-section-id=\"15vtswb\" data-start=\"1717\" data-end=\"1844\"><strong data-start=\"1719\" data-end=\"1755\">Controllo intelligente della temperatura:<\/strong> Monitoraggio e regolazione in tempo reale con precisione di \u00b11\u00b0C per risultati stabili e ripetibili.<\/li>\n<li data-section-id=\"5qswig\" data-start=\"1845\" data-end=\"1966\"><strong data-start=\"1847\" data-end=\"1879\">Camera di processo ultra-pulita:<\/strong> Riduce al minimo la contaminazione da particelle, supportando SiC e altri materiali avanzati per wafer.<\/li>\n<li data-section-id=\"13dmie4\" data-start=\"1967\" data-end=\"2119\"><strong data-start=\"1969\" data-end=\"2000\">Configurazione personalizzabile:<\/strong> Il design flessibile si adatta a vari requisiti di processo, tra cui l'ossidazione a secco o a umido e le diverse dimensioni dei wafer.<\/li>\n<\/ul>\n<h2 data-section-id=\"10oaxfc\" data-start=\"2126\" data-end=\"2159\"><span role=\"text\"><strong data-start=\"2129\" data-end=\"2157\">Specifiche tecniche<\/strong><\/span><\/h2>\n<div class=\"TyagGW_tableContainer\">\n<div class=\"group TyagGW_tableWrapper flex flex-col-reverse w-fit\" tabindex=\"-1\">\n<table class=\"w-fit min-w-(--thread-content-width)\" data-start=\"2161\" data-end=\"2686\">\n<thead data-start=\"2161\" data-end=\"2188\">\n<tr data-start=\"2161\" data-end=\"2188\">\n<th class=\"\" data-start=\"2161\" data-end=\"2171\" data-col-size=\"sm\">Caratteristica<\/th>\n<th class=\"\" data-start=\"2171\" data-end=\"2188\" data-col-size=\"md\">Specifiche<\/th>\n<\/tr>\n<\/thead>\n<tbody data-start=\"2217\" data-end=\"2686\">\n<tr data-start=\"2217\" data-end=\"2245\">\n<td data-start=\"2217\" data-end=\"2230\" data-col-size=\"sm\">Dimensione del wafer<\/td>\n<td data-col-size=\"md\" data-start=\"2230\" data-end=\"2245\">6\/8\/12 Pollici<\/td>\n<\/tr>\n<tr data-start=\"2246\" data-end=\"2316\">\n<td data-start=\"2246\" data-end=\"2269\" data-col-size=\"sm\">Materiali compatibili<\/td>\n<td data-col-size=\"md\" data-start=\"2269\" data-end=\"2316\">Polisilicio, nitruro di silicio, ossido di silicio<\/td>\n<\/tr>\n<tr data-start=\"2317\" data-end=\"2372\">\n<td data-start=\"2317\" data-end=\"2334\" data-col-size=\"sm\">Tipo di ossidazione<\/td>\n<td data-col-size=\"md\" data-start=\"2334\" data-end=\"2372\">Ossigeno secco \/ Ossigeno umido (DCE, HCL)<\/td>\n<\/tr>\n<tr data-start=\"2373\" data-end=\"2416\">\n<td data-start=\"2373\" data-end=\"2401\" data-col-size=\"sm\">Intervallo di temperatura di processo<\/td>\n<td data-col-size=\"md\" data-start=\"2401\" data-end=\"2416\">500\u00b0C-900\u00b0C<\/td>\n<\/tr>\n<tr data-start=\"2417\" data-end=\"2456\">\n<td data-start=\"2417\" data-end=\"2445\" data-col-size=\"sm\">Zona a temperatura costante<\/td>\n<td data-col-size=\"md\" data-start=\"2445\" data-end=\"2456\">\u2265800 mm<\/td>\n<\/tr>\n<tr data-start=\"2457\" data-end=\"2496\">\n<td data-start=\"2457\" data-end=\"2488\" data-col-size=\"sm\">Precisione del controllo della temperatura<\/td>\n<td data-col-size=\"md\" data-start=\"2488\" data-end=\"2496\">\u00b11\u00b0C<\/td>\n<\/tr>\n<tr data-start=\"2497\" data-end=\"2573\">\n<td data-start=\"2497\" data-end=\"2516\" data-col-size=\"sm\">Controllo delle particelle<\/td>\n<td data-col-size=\"md\" data-start=\"2516\" data-end=\"2573\">0,32\u03bcm), 0,32\u03bcm), 0,226\u03bcm)<\/td>\n<\/tr>\n<tr data-start=\"2574\" data-end=\"2608\">\n<td data-start=\"2574\" data-end=\"2591\" data-col-size=\"sm\">Spessore del film<\/td>\n<td data-col-size=\"md\" data-start=\"2591\" data-end=\"2608\">NIT1500 \u00b150 \u00c5<\/td>\n<\/tr>\n<tr data-start=\"2609\" data-end=\"2686\">\n<td data-start=\"2609\" data-end=\"2622\" data-col-size=\"sm\">Uniformit\u00e0<\/td>\n<td data-start=\"2622\" data-end=\"2686\" data-col-size=\"md\">All'interno del wafer &lt;2,5%, da wafer a wafer &lt;2,5%, da lotto a lotto &lt;2%<\/td>\n<\/tr>\n<\/tbody>\n<\/table>\n<\/div>\n<\/div>\n<h2 data-section-id=\"5mln0p\" data-start=\"2693\" data-end=\"2718\"><span role=\"text\"><strong data-start=\"2696\" data-end=\"2716\">Caratteristiche del prodotto<\/strong><\/span><\/h2>\n<ul data-start=\"2719\" data-end=\"3240\">\n<li data-section-id=\"1npssef\" data-start=\"2719\" data-end=\"2795\">La manipolazione automatizzata dei wafer garantisce un'elevata sicurezza ed efficienza operativa.<\/li>\n<li data-section-id=\"1viv597\" data-start=\"2796\" data-end=\"2893\">La camera di processo ultra-pulita riduce il rischio di contaminazione e mantiene costante la qualit\u00e0 del film.<\/li>\n<li data-section-id=\"h2e7ah\" data-start=\"2894\" data-end=\"2970\">L'uniformit\u00e0 superiore dello spessore del film supporta la produzione di nodi avanzati.<\/li>\n<li data-section-id=\"i9qs80\" data-start=\"2971\" data-end=\"3065\">Il controllo intelligente della temperatura e della pressione in tempo reale consente regolazioni precise del processo.<\/li>\n<li data-section-id=\"1vojhz5\" data-start=\"3066\" data-end=\"3155\">Il supporto per wafer in SiC riduce l'attrito e la generazione di particelle, prolungando la durata del wafer.<\/li>\n<li data-section-id=\"1efwava\" data-start=\"3156\" data-end=\"3240\">Il design modulare consente la personalizzazione per diverse applicazioni ed esigenze di processo.<\/li>\n<\/ul>\n<h2 data-section-id=\"1s7c0bk\" data-start=\"3247\" data-end=\"3284\"><span role=\"text\"><strong data-start=\"3250\" data-end=\"3282\">Principio del processo di deposizione<img decoding=\"async\" class=\"size-medium wp-image-1972 alignleft\" src=\"https:\/\/www.zmsh-semitech.com\/wp-content\/uploads\/2026\/03\/LPCVD-deposition-principle-300x246.png\" alt=\"\" width=\"300\" height=\"246\" srcset=\"https:\/\/www.zmsh-semitech.com\/wp-content\/uploads\/2026\/03\/LPCVD-deposition-principle-300x246.png 300w, https:\/\/www.zmsh-semitech.com\/wp-content\/uploads\/2026\/03\/LPCVD-deposition-principle-15x12.png 15w, https:\/\/www.zmsh-semitech.com\/wp-content\/uploads\/2026\/03\/LPCVD-deposition-principle-600x492.png 600w, https:\/\/www.zmsh-semitech.com\/wp-content\/uploads\/2026\/03\/LPCVD-deposition-principle.png 680w\" sizes=\"(max-width: 300px) 100vw, 300px\" \/><\/strong><\/span><\/h2>\n<ol data-start=\"3285\" data-end=\"3910\">\n<li data-section-id=\"1jepk0v\" data-start=\"3285\" data-end=\"3400\"><strong data-start=\"3288\" data-end=\"3309\">Introduzione al gas:<\/strong> I gas reagenti vengono introdotti nel tubo in condizioni di bassa pressione (0,25-1 Torr).<\/li>\n<li data-section-id=\"bjphum\" data-start=\"3401\" data-end=\"3506\"><strong data-start=\"3404\" data-end=\"3426\">Diffusione superficiale:<\/strong> Le molecole si diffondono liberamente sulla superficie del wafer, garantendo una copertura uniforme.<\/li>\n<li data-section-id=\"yyrb2x\" data-start=\"3507\" data-end=\"3591\"><strong data-start=\"3510\" data-end=\"3525\">Assorbimento:<\/strong> I reagenti aderiscono alla superficie del wafer prima della reazione chimica.<\/li>\n<li data-section-id=\"17r2njo\" data-start=\"3592\" data-end=\"3696\"><strong data-start=\"3595\" data-end=\"3617\">Reazione chimica:<\/strong> La decomposizione termica forma il film sottile desiderato direttamente sul substrato.<\/li>\n<li data-section-id=\"joswp0\" data-start=\"3697\" data-end=\"3802\"><strong data-start=\"3700\" data-end=\"3722\">Rimozione dei sottoprodotti:<\/strong> I gas non reattivi vengono evacuati per mantenere la purezza e prevenire le interferenze.<\/li>\n<li data-section-id=\"1nf7uqd\" data-start=\"3803\" data-end=\"3910\"><strong data-start=\"3806\" data-end=\"3825\">Formazione del film:<\/strong> I prodotti di reazione si accumulano gradualmente, formando uno strato di pellicola sottile uniforme e stabile.<\/li>\n<\/ol>\n<h2 data-section-id=\"3f2aoc\" data-start=\"3917\" data-end=\"3938\"><span role=\"text\"><strong data-start=\"3920\" data-end=\"3936\">Applicazioni<\/strong><\/span><\/h2>\n<ul data-start=\"3939\" data-end=\"4341\">\n<li data-section-id=\"88axke\" data-start=\"3939\" data-end=\"4064\"><strong data-start=\"3941\" data-end=\"3967\">Strato di ossido schermante:<\/strong> Protegge i wafer di silicio dalla contaminazione e riduce la canalizzazione degli ioni durante i processi di drogaggio.<\/li>\n<\/ul>\n<p><img decoding=\"async\" class=\"wp-image-1973 size-full aligncenter\" src=\"https:\/\/www.zmsh-semitech.com\/wp-content\/uploads\/2026\/03\/application-of-oxidation-process1.png\" alt=\"\" width=\"671\" height=\"273\" srcset=\"https:\/\/www.zmsh-semitech.com\/wp-content\/uploads\/2026\/03\/application-of-oxidation-process1.png 671w, https:\/\/www.zmsh-semitech.com\/wp-content\/uploads\/2026\/03\/application-of-oxidation-process1-300x122.png 300w, https:\/\/www.zmsh-semitech.com\/wp-content\/uploads\/2026\/03\/application-of-oxidation-process1-18x7.png 18w, https:\/\/www.zmsh-semitech.com\/wp-content\/uploads\/2026\/03\/application-of-oxidation-process1-600x244.png 600w\" sizes=\"(max-width: 671px) 100vw, 671px\" \/><\/p>\n<ul data-start=\"3939\" data-end=\"4341\">\n<li data-section-id=\"1o3mmvz\" data-start=\"4065\" data-end=\"4204\"><strong data-start=\"4067\" data-end=\"4087\">Strato di ossido di tampone:<\/strong> Agisce come cuscinetto di tensione tra gli strati di silicio e nitruro di silicio, impedendo la fessurazione del wafer e migliorando la resa.<\/li>\n<\/ul>\n<p><img loading=\"lazy\" decoding=\"async\" class=\"wp-image-1974 size-full aligncenter\" src=\"https:\/\/www.zmsh-semitech.com\/wp-content\/uploads\/2026\/03\/application-of-oxidation-process2.png\" alt=\"\" width=\"602\" height=\"307\" srcset=\"https:\/\/www.zmsh-semitech.com\/wp-content\/uploads\/2026\/03\/application-of-oxidation-process2.png 602w, https:\/\/www.zmsh-semitech.com\/wp-content\/uploads\/2026\/03\/application-of-oxidation-process2-300x153.png 300w, https:\/\/www.zmsh-semitech.com\/wp-content\/uploads\/2026\/03\/application-of-oxidation-process2-18x9.png 18w, https:\/\/www.zmsh-semitech.com\/wp-content\/uploads\/2026\/03\/application-of-oxidation-process2-600x306.png 600w\" sizes=\"(max-width: 602px) 100vw, 602px\" \/><\/p>\n<ul data-start=\"3939\" data-end=\"4341\">\n<li data-section-id=\"10l973e\" data-start=\"4205\" data-end=\"4341\"><strong data-start=\"4207\" data-end=\"4228\">Strato di ossido di gate:<\/strong> Fornisce lo strato dielettrico nelle strutture MOS, assicurando una precisa conduzione della corrente e un controllo degli effetti di campo.<\/li>\n<\/ul>\n<p><img loading=\"lazy\" decoding=\"async\" class=\"wp-image-1975 size-full aligncenter\" src=\"https:\/\/www.zmsh-semitech.com\/wp-content\/uploads\/2026\/03\/application-of-oxidation-process3.png\" alt=\"\" width=\"680\" height=\"297\" srcset=\"https:\/\/www.zmsh-semitech.com\/wp-content\/uploads\/2026\/03\/application-of-oxidation-process3.png 680w, https:\/\/www.zmsh-semitech.com\/wp-content\/uploads\/2026\/03\/application-of-oxidation-process3-300x131.png 300w, https:\/\/www.zmsh-semitech.com\/wp-content\/uploads\/2026\/03\/application-of-oxidation-process3-18x8.png 18w, https:\/\/www.zmsh-semitech.com\/wp-content\/uploads\/2026\/03\/application-of-oxidation-process3-600x262.png 600w\" sizes=\"(max-width: 680px) 100vw, 680px\" \/><\/p>\n<h2 data-section-id=\"19sbner\" data-start=\"4348\" data-end=\"4378\"><span role=\"text\"><strong data-start=\"4351\" data-end=\"4376\">Configurazioni del sistema<\/strong><\/span><\/h2>\n<ul data-start=\"4379\" data-end=\"4685\">\n<li data-section-id=\"29z8e\" data-start=\"4379\" data-end=\"4496\"><strong data-start=\"4381\" data-end=\"4400\">LPCVD verticale:<\/strong> I gas di processo fluiscono dall'alto verso il basso, ottenendo una deposizione uniforme su tutti i wafer di un lotto.<\/li>\n<\/ul>\n<p><img loading=\"lazy\" decoding=\"async\" class=\"size-medium wp-image-1976 aligncenter\" src=\"https:\/\/www.zmsh-semitech.com\/wp-content\/uploads\/2026\/03\/Vertical-LPCVD-Systems-300x280.png\" alt=\"\" width=\"300\" height=\"280\" srcset=\"https:\/\/www.zmsh-semitech.com\/wp-content\/uploads\/2026\/03\/Vertical-LPCVD-Systems-300x280.png 300w, https:\/\/www.zmsh-semitech.com\/wp-content\/uploads\/2026\/03\/Vertical-LPCVD-Systems-13x12.png 13w, https:\/\/www.zmsh-semitech.com\/wp-content\/uploads\/2026\/03\/Vertical-LPCVD-Systems-600x560.png 600w, https:\/\/www.zmsh-semitech.com\/wp-content\/uploads\/2026\/03\/Vertical-LPCVD-Systems.png 680w\" sizes=\"(max-width: 300px) 100vw, 300px\" \/><\/p>\n<ul data-start=\"4379\" data-end=\"4685\">\n<li data-section-id=\"1dvx71j\" data-start=\"4497\" data-end=\"4685\"><strong data-start=\"4499\" data-end=\"4520\">LPCVD orizzontale:<\/strong> I gas fluiscono lungo la lunghezza dei substrati, adatti per una produzione continua e ad alto volume, anche se lo spessore di deposizione pu\u00f2 variare leggermente vicino al lato di ingresso.<\/li>\n<\/ul>\n<p><img loading=\"lazy\" decoding=\"async\" class=\"wp-image-1977 size-full aligncenter\" src=\"https:\/\/www.zmsh-semitech.com\/wp-content\/uploads\/2026\/03\/Horizontal-LPCVD-Systems.png\" alt=\"\" width=\"680\" height=\"361\" srcset=\"https:\/\/www.zmsh-semitech.com\/wp-content\/uploads\/2026\/03\/Horizontal-LPCVD-Systems.png 680w, https:\/\/www.zmsh-semitech.com\/wp-content\/uploads\/2026\/03\/Horizontal-LPCVD-Systems-300x159.png 300w, https:\/\/www.zmsh-semitech.com\/wp-content\/uploads\/2026\/03\/Horizontal-LPCVD-Systems-18x10.png 18w, https:\/\/www.zmsh-semitech.com\/wp-content\/uploads\/2026\/03\/Horizontal-LPCVD-Systems-600x319.png 600w\" sizes=\"(max-width: 680px) 100vw, 680px\" \/><\/p>\n<h2 data-section-id=\"4co5vj\" data-start=\"4692\" data-end=\"4727\"><span role=\"text\"><strong data-start=\"4695\" data-end=\"4725\">Domande frequenti<\/strong><\/span><\/h2>\n<p data-start=\"4728\" data-end=\"5009\"><strong data-start=\"4728\" data-end=\"4769\">D1: Per cosa viene utilizzato principalmente l'LPCVD?<\/strong><br data-start=\"4769\" data-end=\"4772\" \/>R: LPCVD \u00e8 un processo di deposizione di film sottili a bassa pressione ampiamente utilizzato nella produzione di semiconduttori per la deposizione di polisilicio, nitruro di silicio e ossido di silicio, che consente di ottenere film uniformi e di alta qualit\u00e0 per la fabbricazione di dispositivi avanzati.<\/p>\n<p data-start=\"5011\" data-end=\"5252\"><strong data-start=\"5011\" data-end=\"5052\">D2: In che modo LPCVD si differenzia da PECVD?<\/strong><br data-start=\"5052\" data-end=\"5055\" \/>R: L'LPCVD si basa sull'attivazione termica a bassa pressione per produrre film di elevata purezza, mentre il PECVD utilizza il plasma a temperature pi\u00f9 basse per una deposizione pi\u00f9 rapida, spesso con una qualit\u00e0 del film leggermente inferiore.<\/p>\n<p data-start=\"50\" data-end=\"348\"><strong data-start=\"50\" data-end=\"138\">D3: Quali dimensioni e materiali dei wafer sono compatibili con questo forno di ossidazione LPCVD?<\/strong><br data-start=\"138\" data-end=\"141\" \/>R: Questo forno supporta wafer da 6, 8 e 12 pollici ed \u00e8 compatibile con wafer di polisilicio, nitruro di silicio, ossido di silicio e SiC, offrendo flessibilit\u00e0 per varie applicazioni di semiconduttori.<\/p>\n<p data-start=\"350\" data-end=\"673\"><strong data-start=\"350\" data-end=\"427\">D4: Il forno di ossidazione LPCVD pu\u00f2 essere personalizzato per processi specifici?<\/strong><br data-start=\"427\" data-end=\"430\" \/>R: S\u00ec, il sistema offre configurazioni modulari, tra cui zone a temperatura regolabile, controllo del flusso di gas e modalit\u00e0 di ossidazione (a secco o a umido), che consentono di soddisfare diversi requisiti di processo sia per la ricerca che per la produzione su scala industriale.<\/p>","protected":false},"excerpt":{"rendered":"<p>Il forno di ossidazione LPCVD (Low Pressure Chemical Vapor Deposition) da 6\/8\/12 pollici \u00e8 uno strumento all'avanguardia per la produzione di semiconduttori, progettato per una deposizione precisa e uniforme di film sottili. \u00c8 ampiamente utilizzato per la produzione di strati di polisilicio, nitruro di silicio e ossido di silicio di alta qualit\u00e0 su wafer, garantendo prestazioni costanti per semiconduttori di potenza, substrati avanzati e altre applicazioni di alta precisione.<\/p>","protected":false},"featured_media":1969,"comment_status":"open","ping_status":"closed","template":"","meta":{"site-sidebar-layout":"default","site-content-layout":"","ast-site-content-layout":"default","site-content-style":"default","site-sidebar-style":"default","ast-global-header-display":"","ast-banner-title-visibility":"","ast-main-header-display":"","ast-hfb-above-header-display":"","ast-hfb-below-header-display":"","ast-hfb-mobile-header-display":"","site-post-title":"","ast-breadcrumbs-content":"","ast-featured-img":"","footer-sml-layout":"","ast-disable-related-posts":"","theme-transparent-header-meta":"default","adv-header-id-meta":"","stick-header-meta":"default","header-above-stick-meta":"","header-main-stick-meta":"","header-below-stick-meta":"","astra-migrate-meta-layouts":"set","ast-page-background-enabled":"default","ast-page-background-meta":{"desktop":{"background-color":"var(--ast-global-color-4)","background-image":"","background-repeat":"repeat","background-position":"center center","background-size":"auto","background-attachment":"scroll","background-type":"","background-media":"","overlay-type":"","overlay-color":"","overlay-opacity":"","overlay-gradient":""},"tablet":{"background-color":"","background-image":"","background-repeat":"repeat","background-position":"center center","background-size":"auto","background-attachment":"scroll","background-type":"","background-media":"","overlay-type":"","overlay-color":"","overlay-opacity":"","overlay-gradient":""},"mobile":{"background-color":"","background-image":"","background-repeat":"repeat","background-position":"center center","background-size":"auto","background-attachment":"scroll","background-type":"","background-media":"","overlay-type":"","overlay-color":"","overlay-opacity":"","overlay-gradient":""}},"ast-content-background-meta":{"desktop":{"background-color":"var(--ast-global-color-5)","background-image":"","background-repeat":"repeat","background-position":"center center","background-size":"auto","background-attachment":"scroll","background-type":"","background-media":"","overlay-type":"","overlay-color":"","overlay-opacity":"","overlay-gradient":""},"tablet":{"background-color":"var(--ast-global-color-5)","background-image":"","background-repeat":"repeat","background-position":"center center","background-size":"auto","background-attachment":"scroll","background-type":"","background-media":"","overlay-type":"","overlay-color":"","overlay-opacity":"","overlay-gradient":""},"mobile":{"background-color":"var(--ast-global-color-5)","background-image":"","background-repeat":"repeat","background-position":"center center","background-size":"auto","background-attachment":"scroll","background-type":"","background-media":"","overlay-type":"","overlay-color":"","overlay-opacity":"","overlay-gradient":""}}},"product_brand":[],"product_cat":[15],"product_tag":[468,485,488,480,484,479,476,469,477,470,481,472,110,475,482,102,473,474,486,471,487,478,483],"class_list":{"0":"post-1968","1":"product","2":"type-product","3":"status-publish","4":"has-post-thumbnail","6":"product_cat-crystal-growth-furnace","7":"product_tag-6-8-12-inch-lpcvd-oxidation-furnace","8":"product_tag-automated-wafer-handling","9":"product_tag-customizable-lpcvd","10":"product_tag-gate-oxide","11":"product_tag-high-uniformity-thin-film","12":"product_tag-horizontal-lpcvd","13":"product_tag-low-pressure-chemical-vapor-deposition","14":"product_tag-lpcvd","15":"product_tag-lpcvd-vs-pecvd","16":"product_tag-oxygen-furnace","17":"product_tag-pad-oxide","18":"product_tag-polysilicon","19":"product_tag-semiconductor-equipment","20":"product_tag-semiconductor-manufacturing","21":"product_tag-shielding-oxide","22":"product_tag-sic-wafer","23":"product_tag-silicon-nitride","24":"product_tag-silicon-oxide","25":"product_tag-temperature-control","26":"product_tag-thin-film-deposition","27":"product_tag-ultra-clean-chamber","28":"product_tag-vertical-lpcvd","29":"product_tag-wafer-processing","30":"desktop-align-left","31":"tablet-align-left","32":"mobile-align-left","33":"ast-product-gallery-layout-horizontal-slider","34":"ast-product-tabs-layout-horizontal","36":"first","37":"instock","38":"shipping-taxable","39":"product-type-simple"},"_links":{"self":[{"href":"https:\/\/www.zmsh-semitech.com\/it\/wp-json\/wp\/v2\/product\/1968","targetHints":{"allow":["GET"]}}],"collection":[{"href":"https:\/\/www.zmsh-semitech.com\/it\/wp-json\/wp\/v2\/product"}],"about":[{"href":"https:\/\/www.zmsh-semitech.com\/it\/wp-json\/wp\/v2\/types\/product"}],"replies":[{"embeddable":true,"href":"https:\/\/www.zmsh-semitech.com\/it\/wp-json\/wp\/v2\/comments?post=1968"}],"version-history":[{"count":3,"href":"https:\/\/www.zmsh-semitech.com\/it\/wp-json\/wp\/v2\/product\/1968\/revisions"}],"predecessor-version":[{"id":1999,"href":"https:\/\/www.zmsh-semitech.com\/it\/wp-json\/wp\/v2\/product\/1968\/revisions\/1999"}],"wp:featuredmedia":[{"embeddable":true,"href":"https:\/\/www.zmsh-semitech.com\/it\/wp-json\/wp\/v2\/media\/1969"}],"wp:attachment":[{"href":"https:\/\/www.zmsh-semitech.com\/it\/wp-json\/wp\/v2\/media?parent=1968"}],"wp:term":[{"taxonomy":"product_brand","embeddable":true,"href":"https:\/\/www.zmsh-semitech.com\/it\/wp-json\/wp\/v2\/product_brand?post=1968"},{"taxonomy":"product_cat","embeddable":true,"href":"https:\/\/www.zmsh-semitech.com\/it\/wp-json\/wp\/v2\/product_cat?post=1968"},{"taxonomy":"product_tag","embeddable":true,"href":"https:\/\/www.zmsh-semitech.com\/it\/wp-json\/wp\/v2\/product_tag?post=1968"}],"curies":[{"name":"wp","href":"https:\/\/api.w.org\/{rel}","templated":true}]}}