{"id":1753,"date":"2026-01-23T02:18:28","date_gmt":"2026-01-23T02:18:28","guid":{"rendered":"https:\/\/www.zmsh-semitech.com\/?post_type=product&#038;p=1753"},"modified":"2026-01-23T02:18:28","modified_gmt":"2026-01-23T02:18:28","slug":"sapphire-crystal-growth-furnace-for-80-400-kg-crystals-using-the-kyropoulos-ky-method","status":"publish","type":"product","link":"https:\/\/www.zmsh-semitech.com\/it\/product\/sapphire-crystal-growth-furnace-for-80-400-kg-crystals-using-the-kyropoulos-ky-method\/","title":{"rendered":"Forno per la crescita di cristalli di zaffiro da 80-400 kg con il metodo Kyropoulos (KY)"},"content":{"rendered":"<h2 data-start=\"286\" data-end=\"309\">Panoramica del prodotto<img fetchpriority=\"high\" decoding=\"async\" class=\"size-medium wp-image-1757 alignright\" src=\"https:\/\/www.zmsh-semitech.com\/wp-content\/uploads\/2026\/01\/pl203679978-sapphire_crystal_growth_furnace_80_400kg_by_the_kyropoulos_method_ky5-300x300.jpg\" alt=\"\" width=\"300\" height=\"300\" srcset=\"https:\/\/www.zmsh-semitech.com\/wp-content\/uploads\/2026\/01\/pl203679978-sapphire_crystal_growth_furnace_80_400kg_by_the_kyropoulos_method_ky5-300x300.jpg 300w, https:\/\/www.zmsh-semitech.com\/wp-content\/uploads\/2026\/01\/pl203679978-sapphire_crystal_growth_furnace_80_400kg_by_the_kyropoulos_method_ky5-150x150.jpg 150w, https:\/\/www.zmsh-semitech.com\/wp-content\/uploads\/2026\/01\/pl203679978-sapphire_crystal_growth_furnace_80_400kg_by_the_kyropoulos_method_ky5-100x100.jpg 100w, https:\/\/www.zmsh-semitech.com\/wp-content\/uploads\/2026\/01\/pl203679978-sapphire_crystal_growth_furnace_80_400kg_by_the_kyropoulos_method_ky5.jpg 540w\" sizes=\"(max-width: 300px) 100vw, 300px\" \/><\/h2>\n<p data-start=\"311\" data-end=\"563\">Il forno per la crescita di cristalli di zaffiro ZMSH KY \u00e8 un sistema di crescita di cristalli ad alta temperatura progettato per la produzione di cristalli singoli di zaffiro di grandi dimensioni, in grado di supportare pesi di cristallo da 80 kg a 400 kg utilizzando il metodo di crescita Kyropoulos (KY).<\/p>\n<p data-start=\"565\" data-end=\"963\">Il forno \u00e8 ottimizzato per la solidificazione controllata dello zaffiro in condizioni di basso stress termico. Grazie alla combinazione di un design stabile del campo termico, di una precisa regolazione della temperatura e di un controllo dell'atmosfera gassosa e del vuoto ultraelevato, il sistema consente la crescita di cristalli singoli di zaffiro di alta qualit\u00e0 e a bassa difettosit\u00e0, adatti per semiconduttori, applicazioni ottiche e industriali avanzate.<\/p>\n<p data-start=\"965\" data-end=\"1187\">Rispetto ai sistemi di crescita Czochralski (CZ) convenzionali, il metodo KY riduce significativamente lo stress interno e la densit\u00e0 di dislocazioni, rendendolo pi\u00f9 adatto alla produzione di cristalli di zaffiro di grande diametro e spessore.<\/p>\n<h2 data-start=\"1194\" data-end=\"1229\">Tecnologia di crescita Kyropoulos<\/h2>\n<p data-start=\"1231\" data-end=\"1402\">Il metodo Kyropoulos consente ai cristalli di zaffiro di crescere lentamente all'interno della colata, con una trazione meccanica minima. Il cristallo rimane in gran parte sostenuto dalla galleggiabilit\u00e0, consentendo cos\u00ec di ottenere un'ottima qualit\u00e0 di vita:<\/p>\n<ul data-start=\"1404\" data-end=\"1504\">\n<li data-start=\"1404\" data-end=\"1431\">\n<p data-start=\"1406\" data-end=\"1431\">Gradienti termici pi\u00f9 bassi<\/p>\n<\/li>\n<li data-start=\"1432\" data-end=\"1461\">\n<p data-start=\"1434\" data-end=\"1461\">Riduzione delle sollecitazioni meccaniche<\/p>\n<\/li>\n<li data-start=\"1462\" data-end=\"1504\">\n<p data-start=\"1464\" data-end=\"1504\">Migliore uniformit\u00e0 strutturale del cristallo<\/p>\n<\/li>\n<\/ul>\n<p data-start=\"1506\" data-end=\"1646\">Questo approccio di crescita \u00e8 particolarmente efficace per produrre boules di zaffiro di grandi dimensioni e spessore con propriet\u00e0 ottiche e meccaniche stabili.<\/p>\n<h2 data-start=\"1653\" data-end=\"1685\">Capacit\u00e0 di crescita dei cristalli<\/h2>\n<ul data-start=\"1687\" data-end=\"1836\">\n<li data-start=\"1687\" data-end=\"1724\">\n<p data-start=\"1689\" data-end=\"1724\">Gamma di peso del cristallo: 80-400 kg<\/p>\n<\/li>\n<li data-start=\"1725\" data-end=\"1758\">\n<p data-start=\"1727\" data-end=\"1758\">Diametro del cristallo: 10-500 mm<\/p>\n<\/li>\n<li data-start=\"1759\" data-end=\"1793\">\n<p data-start=\"1761\" data-end=\"1793\">Spessore del cristallo: 50-300 mm<\/p>\n<\/li>\n<li data-start=\"1794\" data-end=\"1836\">\n<p data-start=\"1796\" data-end=\"1836\">Velocit\u00e0 di crescita: 0,1-5 mm\/h (regolabile)<\/p>\n<\/li>\n<\/ul>\n<p data-start=\"1838\" data-end=\"1968\">La configurazione del forno pu\u00f2 essere personalizzata per soddisfare gli obiettivi specifici di dimensione dei cristalli e i requisiti a valle dei wafer o dei componenti.<\/p>\n<h2 data-start=\"1975\" data-end=\"2006\">Vantaggi tecnici chiave<\/h2>\n<h3 data-start=\"2008\" data-end=\"2044\">Controllo del campo termico stabile<\/h3>\n<p data-start=\"2045\" data-end=\"2272\"><img decoding=\"async\" class=\"size-medium wp-image-1756 alignleft\" src=\"https:\/\/www.zmsh-semitech.com\/wp-content\/uploads\/2026\/01\/pl203679971-sapphire_crystal_growth_furnace_80_400kg_by_the_kyropoulos_method_ky4-300x300.jpg\" alt=\"\" width=\"300\" height=\"300\" srcset=\"https:\/\/www.zmsh-semitech.com\/wp-content\/uploads\/2026\/01\/pl203679971-sapphire_crystal_growth_furnace_80_400kg_by_the_kyropoulos_method_ky4-300x300.jpg 300w, https:\/\/www.zmsh-semitech.com\/wp-content\/uploads\/2026\/01\/pl203679971-sapphire_crystal_growth_furnace_80_400kg_by_the_kyropoulos_method_ky4-150x150.jpg 150w, https:\/\/www.zmsh-semitech.com\/wp-content\/uploads\/2026\/01\/pl203679971-sapphire_crystal_growth_furnace_80_400kg_by_the_kyropoulos_method_ky4-100x100.jpg 100w, https:\/\/www.zmsh-semitech.com\/wp-content\/uploads\/2026\/01\/pl203679971-sapphire_crystal_growth_furnace_80_400kg_by_the_kyropoulos_method_ky4.jpg 540w\" sizes=\"(max-width: 300px) 100vw, 300px\" \/>Il forno impiega un design del campo termico ben bilanciato con una regolazione della temperatura di alta precisione. La stabilit\u00e0 della temperatura all'interno della zona di crescita aiuta a sopprimere lo stress termico, a ridurre al minimo il rischio di incrinature e a migliorare la resa dei cristalli.<\/p>\n<h3 data-start=\"2274\" data-end=\"2312\">Ambiente di crescita ad alta purezza<\/h3>\n<p data-start=\"2313\" data-end=\"2505\">Il funzionamento sotto vuoto spinto (\u22641\u00d710-\u2076 Pa) e l'atmosfera controllata di gas argon\/idrogeno garantiscono bassi livelli di contaminazione e condizioni di fusione stabili per lunghi cicli di crescita.<\/p>\n<h3 data-start=\"2507\" data-end=\"2549\">Processo di crescita dei cristalli senza contatto<\/h3>\n<p data-start=\"2550\" data-end=\"2700\">Il metodo KY riduce al minimo l'interazione meccanica tra il cristallo seme e il sistema di estrazione, riducendo il rischio di contaminazione e di difetti strutturali.<\/p>\n<h3 data-start=\"2702\" data-end=\"2736\">Design industriale scalabile<\/h3>\n<p data-start=\"2737\" data-end=\"2900\">Il sistema supporta la crescita di cristalli di zaffiro su media e grande scala e pu\u00f2 essere adattato a cristalli di dimensioni diverse grazie alla configurazione modulare del forno.<\/p>\n<h2 data-start=\"2907\" data-end=\"2934\">Applicazioni tipiche<\/h2>\n<ul data-start=\"2936\" data-end=\"3162\">\n<li data-start=\"2936\" data-end=\"2988\">\n<p data-start=\"2938\" data-end=\"2988\">Substrati di zaffiro per la lavorazione dei semiconduttori<\/p>\n<\/li>\n<li data-start=\"2989\" data-end=\"3029\">\n<p data-start=\"2991\" data-end=\"3029\">Finestre ottiche e componenti laser<\/p>\n<\/li>\n<li data-start=\"3030\" data-end=\"3066\">\n<p data-start=\"3032\" data-end=\"3066\">Materiali per LED e optoelettronici<\/p>\n<\/li>\n<li data-start=\"3067\" data-end=\"3116\">\n<p data-start=\"3069\" data-end=\"3116\">Sistemi ottici a infrarossi e ad alta temperatura<\/p>\n<\/li>\n<li data-start=\"3117\" data-end=\"3162\">\n<p data-start=\"3119\" data-end=\"3162\">Finestre protettive per ambienti difficili<\/p>\n<\/li>\n<\/ul>\n<h2 data-start=\"3169\" data-end=\"3200\">Specifiche tecniche<\/h2>\n<h3 data-start=\"3202\" data-end=\"3236\">Parametri generali del forno<\/h3>\n<div class=\"TyagGW_tableContainer\">\n<div class=\"group TyagGW_tableWrapper flex flex-col-reverse w-fit\" tabindex=\"-1\">\n<table class=\"w-fit min-w-(--thread-content-width)\" data-start=\"3238\" data-end=\"3788\">\n<thead data-start=\"3238\" data-end=\"3262\">\n<tr data-start=\"3238\" data-end=\"3262\">\n<th data-start=\"3238\" data-end=\"3245\" data-col-size=\"sm\">Articolo<\/th>\n<th data-start=\"3245\" data-end=\"3262\" data-col-size=\"sm\">Specifiche<\/th>\n<\/tr>\n<\/thead>\n<tbody data-start=\"3288\" data-end=\"3788\">\n<tr data-start=\"3288\" data-end=\"3323\">\n<td data-start=\"3288\" data-end=\"3304\" data-col-size=\"sm\">Metodo di crescita<\/td>\n<td data-start=\"3304\" data-end=\"3323\" data-col-size=\"sm\">Kyropoulos (KY)<\/td>\n<\/tr>\n<tr data-start=\"3324\" data-end=\"3360\">\n<td data-start=\"3324\" data-end=\"3347\" data-col-size=\"sm\">Gamma di peso del cristallo<\/td>\n<td data-start=\"3347\" data-end=\"3360\" data-col-size=\"sm\">80-400 kg<\/td>\n<\/tr>\n<tr data-start=\"3361\" data-end=\"3399\">\n<td data-start=\"3361\" data-end=\"3386\" data-col-size=\"sm\">Gamma del diametro del cristallo<\/td>\n<td data-start=\"3386\" data-end=\"3399\" data-col-size=\"sm\">10-500 mm<\/td>\n<\/tr>\n<tr data-start=\"3400\" data-end=\"3439\">\n<td data-start=\"3400\" data-end=\"3426\" data-col-size=\"sm\">Gamma di spessore del cristallo<\/td>\n<td data-start=\"3426\" data-end=\"3439\" data-col-size=\"sm\">50-300 mm<\/td>\n<\/tr>\n<tr data-start=\"3440\" data-end=\"3468\">\n<td data-start=\"3440\" data-end=\"3454\" data-col-size=\"sm\">Tasso di crescita<\/td>\n<td data-start=\"3454\" data-end=\"3468\" data-col-size=\"sm\">0,1-5 mm\/h<\/td>\n<\/tr>\n<tr data-start=\"3469\" data-end=\"3512\">\n<td data-start=\"3469\" data-end=\"3497\" data-col-size=\"sm\">Intervallo di temperatura di riscaldamento<\/td>\n<td data-start=\"3497\" data-end=\"3512\" data-col-size=\"sm\">2000-2200\u00b0C<\/td>\n<\/tr>\n<tr data-start=\"3513\" data-end=\"3569\">\n<td data-start=\"3513\" data-end=\"3530\" data-col-size=\"sm\">Sistema di riscaldamento<\/td>\n<td data-start=\"3530\" data-end=\"3569\" data-col-size=\"sm\">Riscaldamento a resistenza ad alta temperatura<\/td>\n<\/tr>\n<tr data-start=\"3570\" data-end=\"3605\">\n<td data-start=\"3570\" data-end=\"3586\" data-col-size=\"sm\">Tipo di crogiolo<\/td>\n<td data-start=\"3586\" data-end=\"3605\" data-col-size=\"sm\">Crogiolo di quarzo<\/td>\n<\/tr>\n<tr data-start=\"3606\" data-end=\"3651\">\n<td data-start=\"3606\" data-end=\"3623\" data-col-size=\"sm\">Atmosfera gassosa<\/td>\n<td data-start=\"3623\" data-end=\"3651\" data-col-size=\"sm\">Miscela argon\/idrogeno<\/td>\n<\/tr>\n<tr data-start=\"3652\" data-end=\"3683\">\n<td data-start=\"3652\" data-end=\"3667\" data-col-size=\"sm\">Livello di vuoto<\/td>\n<td data-start=\"3667\" data-end=\"3683\" data-col-size=\"sm\">\u22641 \u00d7 10-\u2076 Pa<\/td>\n<\/tr>\n<tr data-start=\"3684\" data-end=\"3737\">\n<td data-start=\"3684\" data-end=\"3705\" data-col-size=\"sm\">Dimensioni del forno<\/td>\n<td data-start=\"3705\" data-end=\"3737\" data-col-size=\"sm\">Circa 1200 \u00d7 800 \u00d7 1500 mm<\/td>\n<\/tr>\n<tr data-start=\"3738\" data-end=\"3788\">\n<td data-start=\"3738\" data-end=\"3753\" data-col-size=\"sm\">Alimentazione<\/td>\n<td data-start=\"3753\" data-end=\"3788\" data-col-size=\"sm\">Sistema industriale ad alta potenza in corrente alternata<\/td>\n<\/tr>\n<\/tbody>\n<\/table>\n<\/div>\n<\/div>\n<h2 data-start=\"3795\" data-end=\"3842\">Qualit\u00e0 dei cristalli e prestazioni dei materiali<\/h2>\n<p data-start=\"3844\" data-end=\"3906\">I cristalli di zaffiro cresciuti con il forno ZMSH KY mostrano:<\/p>\n<ul data-start=\"3908\" data-end=\"4080\">\n<li data-start=\"3908\" data-end=\"3966\">\n<p data-start=\"3910\" data-end=\"3966\">Elevata trasparenza ottica in un'ampia gamma spettrale<\/p>\n<\/li>\n<li data-start=\"3967\" data-end=\"4024\">\n<p data-start=\"3969\" data-end=\"4024\">Bassa densit\u00e0 di dislocazioni e struttura cristallina uniforme<\/p>\n<\/li>\n<li data-start=\"4025\" data-end=\"4080\">\n<p data-start=\"4027\" data-end=\"4080\">Eccellente stabilit\u00e0 termica e resistenza meccanica<\/p>\n<\/li>\n<\/ul>\n<p data-start=\"4082\" data-end=\"4215\">Queste propriet\u00e0 rendono i cristalli adatti ad applicazioni ottiche ed elettroniche ad alte prestazioni che richiedono affidabilit\u00e0 a lungo termine.<\/p>\n<h2 data-start=\"4222\" data-end=\"4251\">Affidabilit\u00e0 industriale<\/h2>\n<p data-start=\"4253\" data-end=\"4502\">Il forno \u00e8 progettato per cicli di crescita di lunga durata e per un funzionamento industriale continuo. La robusta struttura meccanica, i sistemi di controllo stabili e l'affidabile gestione del vuoto e del gas assicurano prestazioni costanti in diversi cicli di produzione.<\/p>\n<h2 data-start=\"4509\" data-end=\"4541\">Servizi di ingegneria ZMSH<\/h2>\n<p data-start=\"4543\" data-end=\"4600\">ZMSH fornisce un'assistenza tecnica completa, che comprende:<\/p>\n<ul data-start=\"4602\" data-end=\"4820\">\n<li data-start=\"4602\" data-end=\"4684\">\n<p data-start=\"4604\" data-end=\"4684\">Configurazione personalizzata del forno in base alle dimensioni del cristallo e alla capacit\u00e0 di produzione<\/p>\n<\/li>\n<li data-start=\"4685\" data-end=\"4727\">\n<p data-start=\"4687\" data-end=\"4727\">Installazione e messa in servizio in loco<\/p>\n<\/li>\n<li data-start=\"4728\" data-end=\"4770\">\n<p data-start=\"4730\" data-end=\"4770\">Formazione degli operatori e guida al processo<\/p>\n<\/li>\n<li data-start=\"4771\" data-end=\"4820\">\n<p data-start=\"4773\" data-end=\"4820\">Manutenzione a lungo termine e assistenza post-vendita<\/p>\n<\/li>\n<\/ul>\n<p data-start=\"4822\" data-end=\"4963\">Il nostro team di ingegneri lavora a stretto contatto con i clienti per ottimizzare i processi di crescita dello zaffiro e garantire prestazioni di produzione stabili e ripetibili.<\/p>\n<h2 data-start=\"4970\" data-end=\"4980\">FAQ<img decoding=\"async\" class=\"size-medium wp-image-1755 alignright\" src=\"https:\/\/www.zmsh-semitech.com\/wp-content\/uploads\/2026\/01\/pl203679970-sapphire_crystal_growth_furnace_80_400kg_by_the_kyropoulos_method_ky-300x300.jpg\" alt=\"\" width=\"300\" height=\"300\" srcset=\"https:\/\/www.zmsh-semitech.com\/wp-content\/uploads\/2026\/01\/pl203679970-sapphire_crystal_growth_furnace_80_400kg_by_the_kyropoulos_method_ky-300x300.jpg 300w, https:\/\/www.zmsh-semitech.com\/wp-content\/uploads\/2026\/01\/pl203679970-sapphire_crystal_growth_furnace_80_400kg_by_the_kyropoulos_method_ky-150x150.jpg 150w, https:\/\/www.zmsh-semitech.com\/wp-content\/uploads\/2026\/01\/pl203679970-sapphire_crystal_growth_furnace_80_400kg_by_the_kyropoulos_method_ky-100x100.jpg 100w, https:\/\/www.zmsh-semitech.com\/wp-content\/uploads\/2026\/01\/pl203679970-sapphire_crystal_growth_furnace_80_400kg_by_the_kyropoulos_method_ky.jpg 540w\" sizes=\"(max-width: 300px) 100vw, 300px\" \/><\/h2>\n<p data-start=\"4982\" data-end=\"5259\">D1: Quali vantaggi offre il metodo KY rispetto al metodo CZ?<br data-start=\"5059\" data-end=\"5062\" \/>R: Il metodo KY produce un minore stress termico e una ridotta densit\u00e0 di dislocazioni, rendendolo pi\u00f9 adatto alla crescita di cristalli di zaffiro di grande diametro e spessore rispetto ai processi CZ convenzionali.<\/p>\n<p data-start=\"5266\" data-end=\"5487\">D2: Quali dimensioni di cristallo si possono produrre con questo forno?<br data-start=\"5327\" data-end=\"5330\" \/>R: Il sistema supporta la crescita di cristalli di zaffiro da 80 kg a 400 kg, con diametri fino a 500 mm e spessori fino a 300 mm, a seconda della configurazione.<\/p>\n<p data-start=\"5494\" data-end=\"5746\">D3: Il forno \u00e8 adatto alla produzione di zaffiro su scala industriale?<br data-start=\"5567\" data-end=\"5570\" \/>R: S\u00ec. Il forno \u00e8 progettato per il funzionamento industriale, con un controllo termico stabile, sistemi di vuoto e gas affidabili e una qualit\u00e0 costante dei cristalli in lunghi cicli di crescita.<\/p>","protected":false},"excerpt":{"rendered":"<p>Forno per la crescita di cristalli di zaffiro progettato per la produzione di boule di grande diametro con un controllo termico stabile per cristalli di zaffiro ottici e LED.<\/p>","protected":false},"featured_media":1754,"comment_status":"open","ping_status":"closed","template":"","meta":{"site-sidebar-layout":"default","site-content-layout":"","ast-site-content-layout":"default","site-content-style":"default","site-sidebar-style":"default","ast-global-header-display":"","ast-banner-title-visibility":"","ast-main-header-display":"","ast-hfb-above-header-display":"","ast-hfb-below-header-display":"","ast-hfb-mobile-header-display":"","site-post-title":"","ast-breadcrumbs-content":"","ast-featured-img":"","footer-sml-layout":"","ast-disable-related-posts":"","theme-transparent-header-meta":"default","adv-header-id-meta":"","stick-header-meta":"default","header-above-stick-meta":"","header-main-stick-meta":"","header-below-stick-meta":"","astra-migrate-meta-layouts":"set","ast-page-background-enabled":"default","ast-page-background-meta":{"desktop":{"background-color":"var(--ast-global-color-4)","background-image":"","background-repeat":"repeat","background-position":"center center","background-size":"auto","background-attachment":"scroll","background-type":"","background-media":"","overlay-type":"","overlay-color":"","overlay-opacity":"","overlay-gradient":""},"tablet":{"background-color":"","background-image":"","background-repeat":"repeat","background-position":"center center","background-size":"auto","background-attachment":"scroll","background-type":"","background-media":"","overlay-type":"","overlay-color":"","overlay-opacity":"","overlay-gradient":""},"mobile":{"background-color":"","background-image":"","background-repeat":"repeat","background-position":"center center","background-size":"auto","background-attachment":"scroll","background-type":"","background-media":"","overlay-type":"","overlay-color":"","overlay-opacity":"","overlay-gradient":""}},"ast-content-background-meta":{"desktop":{"background-color":"var(--ast-global-color-5)","background-image":"","background-repeat":"repeat","background-position":"center center","background-size":"auto","background-attachment":"scroll","background-type":"","background-media":"","overlay-type":"","overlay-color":"","overlay-opacity":"","overlay-gradient":""},"tablet":{"background-color":"var(--ast-global-color-5)","background-image":"","background-repeat":"repeat","background-position":"center center","background-size":"auto","background-attachment":"scroll","background-type":"","background-media":"","overlay-type":"","overlay-color":"","overlay-opacity":"","overlay-gradient":""},"mobile":{"background-color":"var(--ast-global-color-5)","background-image":"","background-repeat":"repeat","background-position":"center center","background-size":"auto","background-attachment":"scroll","background-type":"","background-media":"","overlay-type":"","overlay-color":"","overlay-opacity":"","overlay-gradient":""}}},"product_brand":[],"product_cat":[15],"product_tag":[149,150,152,154,153,151],"class_list":{"0":"post-1753","1":"product","2":"type-product","3":"status-publish","4":"has-post-thumbnail","6":"product_cat-crystal-growth-furnace","7":"product_tag-ky-sapphire-growth-furnace","8":"product_tag-kyropoulos-sapphire-furnace","9":"product_tag-large-diameter-sapphire-crystal-furnace","10":"product_tag-optical-grade-sapphire-growth","11":"product_tag-sapphire-boule-growth-furnace","12":"product_tag-sapphire-crystal-growth-equipment","13":"desktop-align-left","14":"tablet-align-left","15":"mobile-align-left","16":"ast-product-gallery-layout-horizontal-slider","17":"ast-product-tabs-layout-horizontal","19":"first","20":"instock","21":"shipping-taxable","22":"product-type-simple"},"_links":{"self":[{"href":"https:\/\/www.zmsh-semitech.com\/it\/wp-json\/wp\/v2\/product\/1753","targetHints":{"allow":["GET"]}}],"collection":[{"href":"https:\/\/www.zmsh-semitech.com\/it\/wp-json\/wp\/v2\/product"}],"about":[{"href":"https:\/\/www.zmsh-semitech.com\/it\/wp-json\/wp\/v2\/types\/product"}],"replies":[{"embeddable":true,"href":"https:\/\/www.zmsh-semitech.com\/it\/wp-json\/wp\/v2\/comments?post=1753"}],"version-history":[{"count":2,"href":"https:\/\/www.zmsh-semitech.com\/it\/wp-json\/wp\/v2\/product\/1753\/revisions"}],"predecessor-version":[{"id":1759,"href":"https:\/\/www.zmsh-semitech.com\/it\/wp-json\/wp\/v2\/product\/1753\/revisions\/1759"}],"wp:featuredmedia":[{"embeddable":true,"href":"https:\/\/www.zmsh-semitech.com\/it\/wp-json\/wp\/v2\/media\/1754"}],"wp:attachment":[{"href":"https:\/\/www.zmsh-semitech.com\/it\/wp-json\/wp\/v2\/media?parent=1753"}],"wp:term":[{"taxonomy":"product_brand","embeddable":true,"href":"https:\/\/www.zmsh-semitech.com\/it\/wp-json\/wp\/v2\/product_brand?post=1753"},{"taxonomy":"product_cat","embeddable":true,"href":"https:\/\/www.zmsh-semitech.com\/it\/wp-json\/wp\/v2\/product_cat?post=1753"},{"taxonomy":"product_tag","embeddable":true,"href":"https:\/\/www.zmsh-semitech.com\/it\/wp-json\/wp\/v2\/product_tag?post=1753"}],"curies":[{"name":"wp","href":"https:\/\/api.w.org\/{rel}","templated":true}]}}